{"id":1491,"date":"2015-06-29T16:39:25","date_gmt":"2015-06-29T19:39:25","guid":{"rendered":"http:\/\/minasgramados.com.br\/Loja\/?page_id=1491"},"modified":"2015-06-29T16:39:25","modified_gmt":"2015-06-29T19:39:25","slug":"empresa","status":"publish","type":"page","link":"https:\/\/minasgramados.com.br\/Loja\/empresa\/","title":{"rendered":"Empresa"},"content":{"rendered":"<p><strong>A MINAS GRAMADOS SOLU\u00c7\u00d5ES AMBIENTAIS LTDA,<\/strong> est\u00e1 localizada no munic\u00edpio de Betim Grande BH \u2013 MG e a mais de 13 anos vem distribuindo gramas e executando projetos paisag\u00edsticos de jardins e solu\u00e7\u00f5es ambientais utilizando tamb\u00e9m de m\u00e9todos como hidrossemeadura com o objetivo de recuperar o meio ambiente, comercializando mudas de gramas, plantas, sementes e v\u00e1rios produtos na \u00e1rea para atender nossos clientes de toda a Minas Gerais e do Brasil, estamos juntamente em parceria com outros grandes produtores de grande reconhecimento no mercado nacional e mineiro de plantas, gramas,sementes,adubos e m\u00e3o de obra, oferecemos seguran\u00e7a, qualidade e bons pre\u00e7os em nossos produtos e servi\u00e7os sempre, Temos como objetivo atender as necessidades de nossos clientes. Transportamos at\u00e9 ao cliente conforme o seu pedido. Temos as melhores condi\u00e7\u00f5es de transporte at\u00e9 o destino. A finalidade de nossa empresa \u00e9 atend\u00ea-los cada vez mais e cada vez melhor.<\/p>\n<p><strong>MISS\u00c3O:<\/strong> Busca solu\u00e7\u00f5es inovadoras e eficazes para atender seus clientes, para que trabalhando deste modo a Minas Gramados possa continuar sua trajet\u00f3ria de lutas e conquistas, priorizando a satisfa\u00e7\u00e3o e a fidelidade de seus atuais clientes, buscando sempre novas parcerias.<\/p>\n<p><strong>VIS\u00c3O<\/strong>: Nossa meta \u00e9 abrir espa\u00e7o em todas as \u00e1reas relacionadas com a natureza, consultorias, fundamenta\u00e7\u00e3o de v\u00e1rios projetos, visando a adapta\u00e7\u00e3o e exig\u00eancias do mercado.<\/p>\n<p><strong>FILOSOFIA<\/strong>: Dif\u00edcil encontrar algu\u00e9m hoje que n\u00e3o goste de entrar em contato com o verde e desfrutar de um ambiente calmo e harm\u00f4nico. Nossa filosofia \u00e9 aliar a t\u00e9cnica a sensibilidade e procurar reconstruir um cen\u00e1rio natural.<\/p>\n<p><strong>COMPRA SEGURA:<\/strong><\/p>\n<p>Temos um especial compromisso com voc\u00ea, nosso cliente, quanto \u00e0 seguran\u00e7a e privacidade de seus dados. O respeito ao cliente e o sigilo de suas informa\u00e7\u00f5es s\u00e3o muito importante para n\u00f3s.<\/p>\n<p>CRIPTOGRAFIA:<\/p>\n<p>Todas as informa\u00e7\u00f5es que passam pelo nosso processo de compra s\u00e3o automaticamente codificadas por um sistema tecnol\u00f3gico especifico. Assim, seus dados pessoais, a forma de pagamento escolhida e toda e qualquer outra informa\u00e7\u00e3o fornecida no processo de compra \u00e9 codificada antes de ser <strong>transmitida.<\/strong><\/p>\n<p><strong>CERTIFICA\u00c7\u00c3O:<\/strong><\/p>\n<p><strong>A<\/strong> Minas Gramados possui toda documenta\u00e7\u00e3o vigente do ramo agr\u00edcola,RENASEM, assim como certifica\u00e7\u00e3o de todos os produtos produzidos e comercializados, e certifica\u00e7\u00e3o no SISCOMEX para importa\u00e7\u00e3o e exporta\u00e7\u00e3o, assim o cliente realiza uma compra segura e com garantia de qualidade.<\/p>\n<p><strong>POLITICA DE PRIVACIDADE:<\/strong><\/p>\n<p>A seguran\u00e7a de dados \u00e9 certificada pela Hostgator, autoridade mundial em seguran\u00e7a de sistema, o que garante que todo cliente pode fornecer tranquilamente seus dados no processo de compra.<\/p>\n<p>A Minas Gramados n\u00e3o comercializara suas informa\u00e7\u00f5es pessoais. Tais informa\u00e7\u00f5es poder\u00e3o, entretanto, ser agrupadas conforme determinados crit\u00e9rios e utilizadas como estat\u00edsticas gen\u00e9ricas objetivando um melhor entendimento do perfil do consumidor.<\/p>\n<p><strong>D\u00daVIDAS OU SUGEST\u00d5ES:<\/strong><\/p>\n<p>Caso tenha qualquer duvida ou sugest\u00e3o sobre a nossa pol\u00edtica de privacidade ou sobre qualquer outro aspecto do nosso processo de compra, n\u00e3o deixe de nos contatar.<\/p>\n<p><strong>RESPONS\u00c1BILIDADE AMBIENTAL.<\/strong><\/p>\n<p>A Minas preocupa-se com o meio ambiente praticando e incentivando a\u00e7\u00f5es de recupera\u00e7\u00e3o e preserva\u00e7\u00e3o ambiental afim de materializar a manuten\u00e7\u00e3o dos ecossistemas e recursos naturais remanescentes. Orientada a um desenvolvimento auto-sustent\u00e1vel.<\/p>\n<p>A situa\u00e7\u00e3o do meio ambiente no globo nos desafia a preservar os recursos naturais e, ao mesmo tempo, possibilitar um desenvolvimento social justo, permitindo que as sociedades humanas atinjam uma melhor qualidade de vida em todos os aspectos.<\/p>\n<p>As \u00e1reas degradadas s\u00e3o o resultado da a\u00e7\u00e3o do homem sobre os recursos naturais sem a ado\u00e7\u00e3o de medidas de car\u00e1ter preventivo alterando o meio ambiente de tal forma que o mesmo torna-se incapaz de se regenerar, requerendo a interven\u00e7\u00e3o humana.<\/p>\n<p>A recupera\u00e7\u00e3o se d\u00e1 atrav\u00e9s da defini\u00e7\u00e3o de um plano que englobe aspectos ambientais e est\u00e9ticos, de acordo com a destina\u00e7\u00e3o que se deseja para esta determinada \u00e1rea, permitindo assim um novo equil\u00edbrio ecol\u00f3gico.<\/p>\n<p><strong>POL\u00cdTICA DE ENTREGAS:<\/strong><\/p>\n<p>A Nossa loja trabalha com os correios e transportadoras por isso nosso prazo de entrega via correios pode variar de 3 a 14 e de 14 a 30 dias conforme disponibilidade da mercadoria em nosso estoque, n\u00e3o seguimos exatamente o prazo de entrega da Bcash, Pagseguro dentre outros; procuramos entregar o mais r\u00e1pido poss\u00edvele, informamos que caso n\u00e3o aceite nossa politica de venda e entregas, n\u00e3o compre em nossa loja, pois trabalhamos conforme nossa politica, e pedimos compreens\u00e3o de nossos clientes.<\/p>\n<p><strong>SISTEMA DE ACOMPANHAMENTO DA ENTREGA POR RASTREAMENTO PELO O CLIENTE.<\/strong><\/p>\n<p>A Minas Gramados disponibiliza em sua loja virtual e por e-mails para todos os seus clientes o rastreamento dos produtos adquirido por seus clientes, oferecendo informa\u00e7\u00f5es e suporte em todo processo de entrega at\u00e9 o produto chegar ao seu destino final.<\/p>\n","protected":false},"excerpt":{"rendered":"<p>A MINAS GRAMADOS SOLU\u00c7\u00d5ES AMBIENTAIS LTDA, est\u00e1 localizada no munic\u00edpio de Betim Grande BH \u2013 MG e a mais de 13 anos vem distribuindo gramas e executando projetos paisag\u00edsticos de jardins e solu\u00e7\u00f5es ambientais utilizando tamb\u00e9m de m\u00e9todos como hidrossemeadura&hellip;<\/p>\n","protected":false},"author":325,"featured_media":0,"parent":0,"menu_order":0,"comment_status":"open","ping_status":"open","template":"","meta":{"_joinchat":[],"footnotes":""},"class_list":["post-1491","page","type-page","status-publish","hentry","entry","no-media"],"yoast_head":"<!-- This site is optimized with the Yoast SEO plugin v27.3 - https:\/\/yoast.com\/product\/yoast-seo-wordpress\/ -->\n<title>Empresa - Minas Gramados - Paisagismo e Hidrossemeadura.<\/title>\n<meta name=\"robots\" content=\"index, follow, max-snippet:-1, max-image-preview:large, max-video-preview:-1\" \/>\n<link rel=\"canonical\" href=\"https:\/\/minasgramados.com.br\/Loja\/empresa\/\" \/>\n<meta name=\"twitter:card\" content=\"summary_large_image\" \/>\n<meta name=\"twitter:title\" content=\"Empresa - Minas Gramados - Paisagismo e Hidrossemeadura.\" \/>\n<meta name=\"twitter:description\" content=\"A MINAS GRAMADOS SOLU\u00c7\u00d5ES AMBIENTAIS LTDA, est\u00e1 localizada no munic\u00edpio de Betim Grande BH \u2013 MG e a mais de 13 anos vem distribuindo gramas e executando projetos paisag\u00edsticos de jardins e solu\u00e7\u00f5es ambientais utilizando tamb\u00e9m de m\u00e9todos como hidrossemeadura&hellip;\" \/>\n<meta name=\"twitter:label1\" content=\"Est. tempo de leitura\" \/>\n\t<meta name=\"twitter:data1\" content=\"4 minutos\" \/>\n<script type=\"application\/ld+json\" class=\"yoast-schema-graph\">{\"@context\":\"https:\\\/\\\/schema.org\",\"@graph\":[{\"@type\":\"WebPage\",\"@id\":\"https:\\\/\\\/minasgramados.com.br\\\/Loja\\\/empresa\\\/\",\"url\":\"https:\\\/\\\/minasgramados.com.br\\\/Loja\\\/empresa\\\/\",\"name\":\"Empresa - Minas Gramados - Paisagismo e Hidrossemeadura.\",\"isPartOf\":{\"@id\":\"https:\\\/\\\/minasgramados.com.br\\\/Loja\\\/#website\"},\"datePublished\":\"2015-06-29T19:39:25+00:00\",\"breadcrumb\":{\"@id\":\"https:\\\/\\\/minasgramados.com.br\\\/Loja\\\/empresa\\\/#breadcrumb\"},\"inLanguage\":\"pt-BR\",\"potentialAction\":[{\"@type\":\"ReadAction\",\"target\":[\"https:\\\/\\\/minasgramados.com.br\\\/Loja\\\/empresa\\\/\"]}]},{\"@type\":\"BreadcrumbList\",\"@id\":\"https:\\\/\\\/minasgramados.com.br\\\/Loja\\\/empresa\\\/#breadcrumb\",\"itemListElement\":[{\"@type\":\"ListItem\",\"position\":1,\"name\":\"In\u00edcio\",\"item\":\"https:\\\/\\\/minasgramados.com.br\\\/Loja\\\/\"},{\"@type\":\"ListItem\",\"position\":2,\"name\":\"Empresa\"}]},{\"@type\":\"WebSite\",\"@id\":\"https:\\\/\\\/minasgramados.com.br\\\/Loja\\\/#website\",\"url\":\"https:\\\/\\\/minasgramados.com.br\\\/Loja\\\/\",\"name\":\"Minas Gramados - Paisagismo e Hidrossemeadura.\",\"description\":\"Distribuidora de Gramas adubos sementes em Betim e no Brasil.\",\"publisher\":{\"@id\":\"https:\\\/\\\/minasgramados.com.br\\\/Loja\\\/#organization\"},\"potentialAction\":[{\"@type\":\"SearchAction\",\"target\":{\"@type\":\"EntryPoint\",\"urlTemplate\":\"https:\\\/\\\/minasgramados.com.br\\\/Loja\\\/?s={search_term_string}\"},\"query-input\":{\"@type\":\"PropertyValueSpecification\",\"valueRequired\":true,\"valueName\":\"search_term_string\"}}],\"inLanguage\":\"pt-BR\"},{\"@type\":\"Organization\",\"@id\":\"https:\\\/\\\/minasgramados.com.br\\\/Loja\\\/#organization\",\"name\":\"Minas Gramados - Paisagismo e Hidrossemeadura.\",\"url\":\"https:\\\/\\\/minasgramados.com.br\\\/Loja\\\/\",\"logo\":{\"@type\":\"ImageObject\",\"inLanguage\":\"pt-BR\",\"@id\":\"https:\\\/\\\/minasgramados.com.br\\\/Loja\\\/#\\\/schema\\\/logo\\\/image\\\/\",\"url\":\"https:\\\/\\\/minasgramados.com.br\\\/Loja\\\/wp-content\\\/uploads\\\/2018\\\/06\\\/gramados-original-1.gif\",\"contentUrl\":\"https:\\\/\\\/minasgramados.com.br\\\/Loja\\\/wp-content\\\/uploads\\\/2018\\\/06\\\/gramados-original-1.gif\",\"width\":600,\"height\":300,\"caption\":\"Minas Gramados - Paisagismo e Hidrossemeadura.\"},\"image\":{\"@id\":\"https:\\\/\\\/minasgramados.com.br\\\/Loja\\\/#\\\/schema\\\/logo\\\/image\\\/\"}}]}<\/script>\n<!-- \/ Yoast SEO plugin. -->","yoast_head_json":{"title":"Empresa - Minas Gramados - Paisagismo e Hidrossemeadura.","robots":{"index":"index","follow":"follow","max-snippet":"max-snippet:-1","max-image-preview":"max-image-preview:large","max-video-preview":"max-video-preview:-1"},"canonical":"https:\/\/minasgramados.com.br\/Loja\/empresa\/","twitter_card":"summary_large_image","twitter_title":"Empresa - Minas Gramados - Paisagismo e Hidrossemeadura.","twitter_description":"A MINAS GRAMADOS SOLU\u00c7\u00d5ES AMBIENTAIS LTDA, est\u00e1 localizada no munic\u00edpio de Betim Grande BH \u2013 MG e a mais de 13 anos vem distribuindo gramas e executando projetos paisag\u00edsticos de jardins e solu\u00e7\u00f5es ambientais utilizando tamb\u00e9m de m\u00e9todos como hidrossemeadura&hellip;","twitter_misc":{"Est. tempo de leitura":"4 minutos"},"schema":{"@context":"https:\/\/schema.org","@graph":[{"@type":"WebPage","@id":"https:\/\/minasgramados.com.br\/Loja\/empresa\/","url":"https:\/\/minasgramados.com.br\/Loja\/empresa\/","name":"Empresa - Minas Gramados - Paisagismo e Hidrossemeadura.","isPartOf":{"@id":"https:\/\/minasgramados.com.br\/Loja\/#website"},"datePublished":"2015-06-29T19:39:25+00:00","breadcrumb":{"@id":"https:\/\/minasgramados.com.br\/Loja\/empresa\/#breadcrumb"},"inLanguage":"pt-BR","potentialAction":[{"@type":"ReadAction","target":["https:\/\/minasgramados.com.br\/Loja\/empresa\/"]}]},{"@type":"BreadcrumbList","@id":"https:\/\/minasgramados.com.br\/Loja\/empresa\/#breadcrumb","itemListElement":[{"@type":"ListItem","position":1,"name":"In\u00edcio","item":"https:\/\/minasgramados.com.br\/Loja\/"},{"@type":"ListItem","position":2,"name":"Empresa"}]},{"@type":"WebSite","@id":"https:\/\/minasgramados.com.br\/Loja\/#website","url":"https:\/\/minasgramados.com.br\/Loja\/","name":"Minas Gramados - Paisagismo e Hidrossemeadura.","description":"Distribuidora de Gramas adubos sementes em Betim e no Brasil.","publisher":{"@id":"https:\/\/minasgramados.com.br\/Loja\/#organization"},"potentialAction":[{"@type":"SearchAction","target":{"@type":"EntryPoint","urlTemplate":"https:\/\/minasgramados.com.br\/Loja\/?s={search_term_string}"},"query-input":{"@type":"PropertyValueSpecification","valueRequired":true,"valueName":"search_term_string"}}],"inLanguage":"pt-BR"},{"@type":"Organization","@id":"https:\/\/minasgramados.com.br\/Loja\/#organization","name":"Minas Gramados - Paisagismo e Hidrossemeadura.","url":"https:\/\/minasgramados.com.br\/Loja\/","logo":{"@type":"ImageObject","inLanguage":"pt-BR","@id":"https:\/\/minasgramados.com.br\/Loja\/#\/schema\/logo\/image\/","url":"https:\/\/minasgramados.com.br\/Loja\/wp-content\/uploads\/2018\/06\/gramados-original-1.gif","contentUrl":"https:\/\/minasgramados.com.br\/Loja\/wp-content\/uploads\/2018\/06\/gramados-original-1.gif","width":600,"height":300,"caption":"Minas Gramados - Paisagismo e Hidrossemeadura."},"image":{"@id":"https:\/\/minasgramados.com.br\/Loja\/#\/schema\/logo\/image\/"}}]}},"_links":{"self":[{"href":"https:\/\/minasgramados.com.br\/Loja\/wp-json\/wp\/v2\/pages\/1491","targetHints":{"allow":["GET"]}}],"collection":[{"href":"https:\/\/minasgramados.com.br\/Loja\/wp-json\/wp\/v2\/pages"}],"about":[{"href":"https:\/\/minasgramados.com.br\/Loja\/wp-json\/wp\/v2\/types\/page"}],"author":[{"embeddable":true,"href":"https:\/\/minasgramados.com.br\/Loja\/wp-json\/wp\/v2\/users\/325"}],"replies":[{"embeddable":true,"href":"https:\/\/minasgramados.com.br\/Loja\/wp-json\/wp\/v2\/comments?post=1491"}],"version-history":[{"count":0,"href":"https:\/\/minasgramados.com.br\/Loja\/wp-json\/wp\/v2\/pages\/1491\/revisions"}],"wp:attachment":[{"href":"https:\/\/minasgramados.com.br\/Loja\/wp-json\/wp\/v2\/media?parent=1491"}],"curies":[{"name":"wp","href":"https:\/\/api.w.org\/{rel}","templated":true}]}}