{"id":1304,"date":"2015-06-21T18:48:38","date_gmt":"2015-06-21T21:48:38","guid":{"rendered":"http:\/\/minasgramados.com.br\/Loja\/?post_type=product&#038;p=1304"},"modified":"2023-04-17T17:39:25","modified_gmt":"2023-04-17T20:39:25","slug":"sementes-sansao-do-campo","status":"publish","type":"product","link":"https:\/\/minasgramados.com.br\/Loja\/produto\/sementes-sansao-do-campo\/","title":{"rendered":"Sementes Sans\u00e3o do Campo (01 KG)"},"content":{"rendered":"<p style=\"text-align: justify;\"><strong>SEMENTES SANS\u00c3O DO CAMPO:<\/strong> S\u00e3o \u00a0Sementes limpas, beneficiadas (sem casca), passaram por processo mec\u00e2nico e qu\u00edmico, viabilizando-as para o plantio e proporcionando maior \u00edndice de germina\u00e7\u00e3o n\u00e3o havendo necessidade de realiza\u00e7\u00e3o de quebra de dorm\u00eancia. A foto ao lado mostra o aspecto das mesmas.<\/p>\n<p style=\"text-align: justify;\">\u00a0<strong>Forma de Plantio:<\/strong> Plante as esp\u00e9cies em fileiras com o espa\u00e7amento de 10 a 15 cm, assim o fechamento da cerca ser\u00e1 total.<\/p>\n<p style=\"text-align: justify;\"><strong>Embalagem:<\/strong> As sementes v\u00e3o em embalagens hermeticamente fechadas a prova de choque t\u00e9rmico, as quais podem ser estocadas por at\u00e9 10 meses sem perda significante de poder germinativo.<\/p>\n<p style=\"text-align: justify;\"><strong>Quantidade M\u00e9dia de Sementes por 01 kg:<\/strong>\u00a0 22.000<\/p>\n<p style=\"text-align: justify;\"><strong>N\u00ba De mudas que Rende 01 kg:<\/strong> 8.000 Mudas<\/p>\n<p style=\"text-align: justify;\"><strong>\u00c1rea de cobertura:<\/strong> Ela cobre 800 metros lineares por kg com espa\u00e7amento de 10 cm por planta.<\/p>\n<p style=\"text-align: justify;\"><strong>INFORMA\u00c7\u00d5ES PRELIMINARES:<\/strong><\/p>\n<p style=\"text-align: justify;\">A cerca viva de Sans\u00e3o do campo (Mimosa caesalpineafolia) \u00e9 indicada para cercar s\u00edtios, grandes fazendas, ind\u00fastrias, loteamentos, col\u00e9gios e \u00e1reas urbanas. O espa\u00e7amento deve ser de 10 cent\u00edmetros entre plantas, ela fica adulta de 12 a 15 meses.<\/p>\n<p style=\"text-align: justify;\">Tem flores branquinhas 8 meses por ano. Os espinhos s\u00e3o abundantes e se assemelham aos da roseira. Os troncos ficam bem grossos. O fechamento f\u00edsico \u00e9 total e pequenos animais n\u00e3o passam. Sua estrutura tem efeito de um muro, com 3 metros de altura, por 50 cent\u00edmetros de largura, visualmente fica indevass\u00e1vel, desde o ch\u00e3o.<\/p>\n<p style=\"text-align: justify;\">A vida \u00fatil ultrapassa 50 anos e a planta n\u00e3o e t\u00f3xica. E muito resistente ao fogo, mas sendo vitima de inc\u00eandio, rebrota imediatamente e refaz-se em menos de 1 ano. Funciona tamb\u00e9m como excelente quebra vento.<\/p>\n<p style=\"text-align: justify;\">Desafia gado nelore e cavalos violentos e representa uma solu\u00e7\u00e3o definitiva, porque nunca mais se fala em cerca. E o aspecto paisag\u00edstico encanta os visitantes e valoriza as propriedades, ao mesmo tempo em que proporciona muita seguran\u00e7a.<\/p>\n<p style=\"text-align: justify;\">Essa esp\u00e9cie forma uma cortina verde com mais de 300 espinhos por m\u00b2 na na face da cerca, por cada metro quadrado e ramos entrela\u00e7ados, o que representa um desestimulo a qualquer tentativa de pessoas mal intencionadas, dando mais privacidade e prote\u00e7\u00e3o aos moradores. Ela tamb\u00e9m \u00e9 utilizada nas divis\u00f5es internas de fazendas, formando piquetes. Neste caso, porem, usa-se podar para permitir a vis\u00e3o entre as \u00e1reas internas.<\/p>\n<p style=\"text-align: justify;\">No uso dessa planta como anti-ru\u00eddo e p\u00f3, quanto maior for o n\u00edvel desses elementos, mais larga deve ser as cercas vivas, chegando a formar uma cortina espessa com 2-3 m de altura.<\/p>\n<p style=\"text-align: justify;\"><strong>ATEN\u00c7\u00c3O:<\/strong> Antes de fazer sua compra em nossa loja favor nos consultar a disponibilidade da mesma.<\/p>\n","protected":false},"excerpt":{"rendered":"<p style=\"text-align: justify;\">SEMENTES SANS\u00c3O DO CAMPO: S\u00e3o Sementes limpas, beneficiadas (sem casca), passaram por processo mec\u00e2nico e qu\u00edmico, viabilizando-as para o plantio e proporcionando maior \u00edndice de germina\u00e7\u00e3o n\u00e3o havendo necessidade de realiza\u00e7\u00e3o de quebra de dorm\u00eancia. A foto ao lado mostra o aspecto das mesmas.<span style=\"color: #ff0000;\">(Consulte &#8211; nos o estoque, nem sempre temos esse produto)<\/span><\/p>\n","protected":false},"featured_media":1305,"template":"","meta":{"_joinchat":[]},"product_brand":[],"product_cat":[28,15],"product_tag":[],"class_list":{"0":"post-1304","1":"product","2":"type-product","3":"status-publish","4":"has-post-thumbnail","6":"product_cat-gramas-e-sementes","7":"product_cat-jardinagem","8":"entry","9":"has-media","11":"first","12":"onbackorder","13":"sale","14":"shipping-taxable","15":"purchasable","16":"product-type-simple","17":"col","18":"wpex-woo-entry","19":"span_1_of_4"},"yoast_head":"<!-- This site is optimized with the Yoast SEO plugin v27.3 - https:\/\/yoast.com\/product\/yoast-seo-wordpress\/ -->\n<title>Sementes Sans\u00e3o do Campo - Minas Gramados -Sans\u00e3o do campo BH<\/title>\n<meta name=\"description\" content=\"Sans\u00e3o do campo sementes limpas beneficiadas passaram por processo mec\u00e2nico e qu\u00edmico, viabilizando-as para o plantio e proporcionando maior germina\u00e7\u00e3o.\" \/>\n<meta name=\"robots\" content=\"index, follow, max-snippet:-1, max-image-preview:large, max-video-preview:-1\" \/>\n<link rel=\"canonical\" href=\"https:\/\/minasgramados.com.br\/Loja\/produto\/sementes-sansao-do-campo\/\" \/>\n<meta name=\"twitter:card\" content=\"summary_large_image\" \/>\n<meta name=\"twitter:title\" content=\"Sementes Sans\u00e3o do Campo - Minas Gramados -Sans\u00e3o do campo BH\" \/>\n<meta name=\"twitter:description\" content=\"Sans\u00e3o do campo sementes limpas beneficiadas passaram por processo mec\u00e2nico e qu\u00edmico, viabilizando-as para o plantio e proporcionando maior germina\u00e7\u00e3o.\" \/>\n<meta name=\"twitter:image\" content=\"https:\/\/minasgramados.com.br\/Loja\/wp-content\/uploads\/2015\/06\/Sansao-do-campo-com-flor.jpg\" \/>\n<meta name=\"twitter:label1\" content=\"Est. tempo de leitura\" \/>\n\t<meta name=\"twitter:data1\" content=\"2 minutos\" \/>\n<script type=\"application\/ld+json\" class=\"yoast-schema-graph\">{\"@context\":\"https:\\\/\\\/schema.org\",\"@graph\":[{\"@type\":\"WebPage\",\"@id\":\"https:\\\/\\\/minasgramados.com.br\\\/Loja\\\/produto\\\/sementes-sansao-do-campo\\\/\",\"url\":\"https:\\\/\\\/minasgramados.com.br\\\/Loja\\\/produto\\\/sementes-sansao-do-campo\\\/\",\"name\":\"Sementes Sans\u00e3o do Campo - Minas Gramados -Sans\u00e3o do campo BH\",\"isPartOf\":{\"@id\":\"https:\\\/\\\/minasgramados.com.br\\\/Loja\\\/#website\"},\"primaryImageOfPage\":{\"@id\":\"https:\\\/\\\/minasgramados.com.br\\\/Loja\\\/produto\\\/sementes-sansao-do-campo\\\/#primaryimage\"},\"image\":{\"@id\":\"https:\\\/\\\/minasgramados.com.br\\\/Loja\\\/produto\\\/sementes-sansao-do-campo\\\/#primaryimage\"},\"thumbnailUrl\":\"https:\\\/\\\/minasgramados.com.br\\\/Loja\\\/wp-content\\\/uploads\\\/2015\\\/06\\\/Sansao-do-campo-com-flor.jpg\",\"datePublished\":\"2015-06-21T21:48:38+00:00\",\"dateModified\":\"2023-04-17T20:39:25+00:00\",\"description\":\"Sans\u00e3o do campo sementes limpas beneficiadas passaram por processo mec\u00e2nico e qu\u00edmico, viabilizando-as para o plantio e proporcionando maior germina\u00e7\u00e3o.\",\"breadcrumb\":{\"@id\":\"https:\\\/\\\/minasgramados.com.br\\\/Loja\\\/produto\\\/sementes-sansao-do-campo\\\/#breadcrumb\"},\"inLanguage\":\"pt-BR\",\"potentialAction\":[{\"@type\":\"ReadAction\",\"target\":[\"https:\\\/\\\/minasgramados.com.br\\\/Loja\\\/produto\\\/sementes-sansao-do-campo\\\/\"]}]},{\"@type\":\"ImageObject\",\"inLanguage\":\"pt-BR\",\"@id\":\"https:\\\/\\\/minasgramados.com.br\\\/Loja\\\/produto\\\/sementes-sansao-do-campo\\\/#primaryimage\",\"url\":\"https:\\\/\\\/minasgramados.com.br\\\/Loja\\\/wp-content\\\/uploads\\\/2015\\\/06\\\/Sansao-do-campo-com-flor.jpg\",\"contentUrl\":\"https:\\\/\\\/minasgramados.com.br\\\/Loja\\\/wp-content\\\/uploads\\\/2015\\\/06\\\/Sansao-do-campo-com-flor.jpg\",\"width\":800,\"height\":508},{\"@type\":\"BreadcrumbList\",\"@id\":\"https:\\\/\\\/minasgramados.com.br\\\/Loja\\\/produto\\\/sementes-sansao-do-campo\\\/#breadcrumb\",\"itemListElement\":[{\"@type\":\"ListItem\",\"position\":1,\"name\":\"In\u00edcio\",\"item\":\"https:\\\/\\\/minasgramados.com.br\\\/Loja\\\/\"},{\"@type\":\"ListItem\",\"position\":2,\"name\":\"Loja\",\"item\":\"https:\\\/\\\/minasgramados.com.br\\\/Loja\\\/loja-modelo-03\\\/\"},{\"@type\":\"ListItem\",\"position\":3,\"name\":\"Sementes Sans\u00e3o do Campo (01 KG)\"}]},{\"@type\":\"WebSite\",\"@id\":\"https:\\\/\\\/minasgramados.com.br\\\/Loja\\\/#website\",\"url\":\"https:\\\/\\\/minasgramados.com.br\\\/Loja\\\/\",\"name\":\"Minas Gramados - Paisagismo e Hidrossemeadura.\",\"description\":\"Distribuidora de Gramas adubos sementes em Betim e no Brasil.\",\"publisher\":{\"@id\":\"https:\\\/\\\/minasgramados.com.br\\\/Loja\\\/#organization\"},\"potentialAction\":[{\"@type\":\"SearchAction\",\"target\":{\"@type\":\"EntryPoint\",\"urlTemplate\":\"https:\\\/\\\/minasgramados.com.br\\\/Loja\\\/?s={search_term_string}\"},\"query-input\":{\"@type\":\"PropertyValueSpecification\",\"valueRequired\":true,\"valueName\":\"search_term_string\"}}],\"inLanguage\":\"pt-BR\"},{\"@type\":\"Organization\",\"@id\":\"https:\\\/\\\/minasgramados.com.br\\\/Loja\\\/#organization\",\"name\":\"Minas Gramados - Paisagismo e Hidrossemeadura.\",\"url\":\"https:\\\/\\\/minasgramados.com.br\\\/Loja\\\/\",\"logo\":{\"@type\":\"ImageObject\",\"inLanguage\":\"pt-BR\",\"@id\":\"https:\\\/\\\/minasgramados.com.br\\\/Loja\\\/#\\\/schema\\\/logo\\\/image\\\/\",\"url\":\"https:\\\/\\\/minasgramados.com.br\\\/Loja\\\/wp-content\\\/uploads\\\/2018\\\/06\\\/gramados-original-1.gif\",\"contentUrl\":\"https:\\\/\\\/minasgramados.com.br\\\/Loja\\\/wp-content\\\/uploads\\\/2018\\\/06\\\/gramados-original-1.gif\",\"width\":600,\"height\":300,\"caption\":\"Minas Gramados - Paisagismo e Hidrossemeadura.\"},\"image\":{\"@id\":\"https:\\\/\\\/minasgramados.com.br\\\/Loja\\\/#\\\/schema\\\/logo\\\/image\\\/\"}}]}<\/script>\n<!-- \/ Yoast SEO plugin. -->","yoast_head_json":{"title":"Sementes Sans\u00e3o do Campo - Minas Gramados -Sans\u00e3o do campo BH","description":"Sans\u00e3o do campo sementes limpas beneficiadas passaram por processo mec\u00e2nico e qu\u00edmico, viabilizando-as para o plantio e proporcionando maior germina\u00e7\u00e3o.","robots":{"index":"index","follow":"follow","max-snippet":"max-snippet:-1","max-image-preview":"max-image-preview:large","max-video-preview":"max-video-preview:-1"},"canonical":"https:\/\/minasgramados.com.br\/Loja\/produto\/sementes-sansao-do-campo\/","twitter_card":"summary_large_image","twitter_title":"Sementes Sans\u00e3o do Campo - Minas Gramados -Sans\u00e3o do campo BH","twitter_description":"Sans\u00e3o do campo sementes limpas beneficiadas passaram por processo mec\u00e2nico e qu\u00edmico, viabilizando-as para o plantio e proporcionando maior germina\u00e7\u00e3o.","twitter_image":"https:\/\/minasgramados.com.br\/Loja\/wp-content\/uploads\/2015\/06\/Sansao-do-campo-com-flor.jpg","twitter_misc":{"Est. tempo de leitura":"2 minutos"},"schema":{"@context":"https:\/\/schema.org","@graph":[{"@type":"WebPage","@id":"https:\/\/minasgramados.com.br\/Loja\/produto\/sementes-sansao-do-campo\/","url":"https:\/\/minasgramados.com.br\/Loja\/produto\/sementes-sansao-do-campo\/","name":"Sementes Sans\u00e3o do Campo - Minas Gramados -Sans\u00e3o do campo BH","isPartOf":{"@id":"https:\/\/minasgramados.com.br\/Loja\/#website"},"primaryImageOfPage":{"@id":"https:\/\/minasgramados.com.br\/Loja\/produto\/sementes-sansao-do-campo\/#primaryimage"},"image":{"@id":"https:\/\/minasgramados.com.br\/Loja\/produto\/sementes-sansao-do-campo\/#primaryimage"},"thumbnailUrl":"https:\/\/minasgramados.com.br\/Loja\/wp-content\/uploads\/2015\/06\/Sansao-do-campo-com-flor.jpg","datePublished":"2015-06-21T21:48:38+00:00","dateModified":"2023-04-17T20:39:25+00:00","description":"Sans\u00e3o do campo sementes limpas beneficiadas passaram por processo mec\u00e2nico e qu\u00edmico, viabilizando-as para o plantio e proporcionando maior germina\u00e7\u00e3o.","breadcrumb":{"@id":"https:\/\/minasgramados.com.br\/Loja\/produto\/sementes-sansao-do-campo\/#breadcrumb"},"inLanguage":"pt-BR","potentialAction":[{"@type":"ReadAction","target":["https:\/\/minasgramados.com.br\/Loja\/produto\/sementes-sansao-do-campo\/"]}]},{"@type":"ImageObject","inLanguage":"pt-BR","@id":"https:\/\/minasgramados.com.br\/Loja\/produto\/sementes-sansao-do-campo\/#primaryimage","url":"https:\/\/minasgramados.com.br\/Loja\/wp-content\/uploads\/2015\/06\/Sansao-do-campo-com-flor.jpg","contentUrl":"https:\/\/minasgramados.com.br\/Loja\/wp-content\/uploads\/2015\/06\/Sansao-do-campo-com-flor.jpg","width":800,"height":508},{"@type":"BreadcrumbList","@id":"https:\/\/minasgramados.com.br\/Loja\/produto\/sementes-sansao-do-campo\/#breadcrumb","itemListElement":[{"@type":"ListItem","position":1,"name":"In\u00edcio","item":"https:\/\/minasgramados.com.br\/Loja\/"},{"@type":"ListItem","position":2,"name":"Loja","item":"https:\/\/minasgramados.com.br\/Loja\/loja-modelo-03\/"},{"@type":"ListItem","position":3,"name":"Sementes Sans\u00e3o do Campo (01 KG)"}]},{"@type":"WebSite","@id":"https:\/\/minasgramados.com.br\/Loja\/#website","url":"https:\/\/minasgramados.com.br\/Loja\/","name":"Minas Gramados - Paisagismo e Hidrossemeadura.","description":"Distribuidora de Gramas adubos sementes em Betim e no Brasil.","publisher":{"@id":"https:\/\/minasgramados.com.br\/Loja\/#organization"},"potentialAction":[{"@type":"SearchAction","target":{"@type":"EntryPoint","urlTemplate":"https:\/\/minasgramados.com.br\/Loja\/?s={search_term_string}"},"query-input":{"@type":"PropertyValueSpecification","valueRequired":true,"valueName":"search_term_string"}}],"inLanguage":"pt-BR"},{"@type":"Organization","@id":"https:\/\/minasgramados.com.br\/Loja\/#organization","name":"Minas Gramados - Paisagismo e Hidrossemeadura.","url":"https:\/\/minasgramados.com.br\/Loja\/","logo":{"@type":"ImageObject","inLanguage":"pt-BR","@id":"https:\/\/minasgramados.com.br\/Loja\/#\/schema\/logo\/image\/","url":"https:\/\/minasgramados.com.br\/Loja\/wp-content\/uploads\/2018\/06\/gramados-original-1.gif","contentUrl":"https:\/\/minasgramados.com.br\/Loja\/wp-content\/uploads\/2018\/06\/gramados-original-1.gif","width":600,"height":300,"caption":"Minas Gramados - Paisagismo e Hidrossemeadura."},"image":{"@id":"https:\/\/minasgramados.com.br\/Loja\/#\/schema\/logo\/image\/"}}]}},"_links":{"self":[{"href":"https:\/\/minasgramados.com.br\/Loja\/wp-json\/wp\/v2\/product\/1304","targetHints":{"allow":["GET"]}}],"collection":[{"href":"https:\/\/minasgramados.com.br\/Loja\/wp-json\/wp\/v2\/product"}],"about":[{"href":"https:\/\/minasgramados.com.br\/Loja\/wp-json\/wp\/v2\/types\/product"}],"wp:featuredmedia":[{"embeddable":true,"href":"https:\/\/minasgramados.com.br\/Loja\/wp-json\/wp\/v2\/media\/1305"}],"wp:attachment":[{"href":"https:\/\/minasgramados.com.br\/Loja\/wp-json\/wp\/v2\/media?parent=1304"}],"wp:term":[{"taxonomy":"product_brand","embeddable":true,"href":"https:\/\/minasgramados.com.br\/Loja\/wp-json\/wp\/v2\/product_brand?post=1304"},{"taxonomy":"product_cat","embeddable":true,"href":"https:\/\/minasgramados.com.br\/Loja\/wp-json\/wp\/v2\/product_cat?post=1304"},{"taxonomy":"product_tag","embeddable":true,"href":"https:\/\/minasgramados.com.br\/Loja\/wp-json\/wp\/v2\/product_tag?post=1304"}],"curies":[{"name":"wp","href":"https:\/\/api.w.org\/{rel}","templated":true}]}}