{"id":1309,"date":"2015-06-21T19:34:49","date_gmt":"2015-06-21T19:34:49","guid":{"rendered":"http:\/\/minasgramados.com.br\/Loja\/?post_type=product&#038;p=1309"},"modified":"2020-11-30T11:54:54","modified_gmt":"2020-11-30T14:54:54","slug":"semente-grama-amendoim","status":"publish","type":"product","link":"https:\/\/minasgramados.com.br\/Loja\/produto\/semente-grama-amendoim\/","title":{"rendered":"Sementes Grama Amendoim (01 KG)"},"content":{"rendered":"<p style=\"text-align: justify\">Sementes de Grama Amedoim ou AMENDOIM FORRAGEIRO (Arachis pintoi) sementes tratadas <strong>(Pacotes 01 KG)<\/strong><\/p>\n<p style=\"text-align: justify\">As sementes s\u00e3o incrustadas o que lhes garante alto poder germinativo e elevada fitossanidade.<\/p>\n<p style=\"text-align: justify\">As Sementes de Grama Amedoin ou \u00a0AMEDOIM FORRAGEIRO (Arachis pintoi) \u00e9 indicado para cobertura de solos em culturas perenes como pomares, com o objetivo de controlar eros\u00f5es, jardins, competir com as ervas daninhas e fixar nitrog\u00eanio atmosf\u00e9rico, al\u00e9m de servir como forrageira rica em prote\u00edna bruta e muito palat\u00e1vel.<\/p>\n<p style=\"text-align: justify\">Trata-se uma leguminosa muito ornamental com alto potencial para fixa\u00e7\u00e3o de nitrog\u00eanio do ar, chegando a 150 kg\/ha\/ano;<\/p>\n<p style=\"text-align: justify\">As Sementes de Grama Amendoim ou AMENDOIM FORRAGEIRO (Arachis Pintoi) cultivar Amarillo, \u00e9 uma leguminosa de h\u00e1bito rasteiro que se propaga por sementes ou estol\u00f5es, possui flores amarelo ouro, origin\u00e1rio da Am\u00e9rica do Sul e desenvolvido pelo CIAT (Centro Internacional de Agricultura Tropical) na Col\u00f4mbia.<\/p>\n<p style=\"text-align: justify\">Apresenta razo\u00e1vel resist\u00eancia \u00e0 seca e ao frio e prefere solos de m\u00e9dia a boa fertilidade. \u00c9 muito recomendado para cons\u00f3rcio com gram\u00edneas dominadoras e controle de ervas daninhas.<\/p>\n<p style=\"text-align: justify\">RECOMENDA\u00c7\u00c3O:Recomenda-se de 8 kg\/ha de sementes quando em plantio solteiro ou 12kg\/ha para plantios a lan\u00e7o.<\/p>\n<p style=\"text-align: justify\">RENDIMENTO:Um pacote de 500g rende at\u00e9 625m\u00b2 para plantio em cova ou 416m\u00b2 para plantio a lan\u00e7o.<\/p>\n<p style=\"text-align: justify\">QUANTIDADE DE SEMENTES POR KG: Aproximadamente 3.675 Sementes.<\/p>\n<p style=\"text-align: justify\">ESPA\u00c7AMENTO RECOMENDADO: 40 x 35 cm (fechamento r\u00e1pido) ou 40 x 40 cm, a cobertura total ocorrer\u00e1 em aproximadamente 3 meses.<\/p>\n<p style=\"text-align: justify\">TEMPO DE FORMA\u00c7\u00c3O DA FORRAGEM: 120 dias.<\/p>\n<p style=\"text-align: justify\">ATEN\u00c7\u00c3O: Disponibilizamos essa sementes no per\u00edodo dos Meses de JULHO A JANEIRO, \u00e9poca de sua colheita e comercializa\u00e7\u00e3o,favor nos consultar a disponibilidade da mesma.<\/p>\n","protected":false},"excerpt":{"rendered":"<p style=\"text-align: justify\">Sementes de Grama Amendoim ou \u00a0AMEDOIM FORRAGEIRO (Arachis pintoi) \u00e9 indicado para cobertura de solos em culturas perenes como pomares, com o objetivo de controlar eros\u00f5es, jardins, competir com as ervas daninhas e fixar nitrog\u00eanio atmosf\u00e9rico, al\u00e9m de servir como forrageira rica em prote\u00edna bruta e muito palat\u00e1vel.\u00a0<span style=\"color: #ff0000\">Obs: Sementes sobre encomenda nem sempre temos ela em estoque consulte nosso SAC e tire suas d\u00favidas.<\/span><\/p>\n","protected":false},"featured_media":1911,"template":"","meta":{"_joinchat":[]},"product_brand":[],"product_cat":[28,15],"product_tag":[],"class_list":{"0":"post-1309","1":"product","2":"type-product","3":"status-publish","4":"has-post-thumbnail","6":"product_cat-gramas-e-sementes","7":"product_cat-jardinagem","8":"entry","9":"has-media","11":"first","12":"outofstock","13":"sale","14":"shipping-taxable","15":"purchasable","16":"product-type-simple","17":"col","18":"wpex-woo-entry","19":"span_1_of_4"},"yoast_head":"<!-- This site is optimized with the Yoast SEO plugin v27.3 - https:\/\/yoast.com\/product\/yoast-seo-wordpress\/ -->\n<title>Sementes de Grama Amendoim-Minas Gramados-Sementes<\/title>\n<meta name=\"description\" content=\"As Sementes de Grama Amendoim ou AMEDOIM FORRAGEIRO (Arachis pintoi) Serve cobertura de solos, culturas pomares,controla eros\u00f5es, jardins, e como forrageira\" \/>\n<meta name=\"robots\" content=\"index, follow, max-snippet:-1, max-image-preview:large, max-video-preview:-1\" \/>\n<link rel=\"canonical\" href=\"https:\/\/minasgramados.com.br\/Loja\/produto\/semente-grama-amendoim\/\" \/>\n<meta name=\"twitter:card\" content=\"summary_large_image\" \/>\n<meta name=\"twitter:title\" content=\"Sementes de Grama Amendoim-Minas Gramados-Sementes\" \/>\n<meta name=\"twitter:description\" content=\"As Sementes de Grama Amendoim ou AMEDOIM FORRAGEIRO (Arachis pintoi) Serve cobertura de solos, culturas pomares,controla eros\u00f5es, jardins, e como forrageira\" \/>\n<meta name=\"twitter:image\" content=\"https:\/\/minasgramados.com.br\/Loja\/wp-content\/uploads\/2015\/06\/Semente-grama-amendoim-Out-2016.jpg\" \/>\n<meta name=\"twitter:label1\" content=\"Est. tempo de leitura\" \/>\n\t<meta name=\"twitter:data1\" content=\"1 minuto\" \/>\n<script type=\"application\/ld+json\" class=\"yoast-schema-graph\">{\"@context\":\"https:\\\/\\\/schema.org\",\"@graph\":[{\"@type\":\"WebPage\",\"@id\":\"https:\\\/\\\/minasgramados.com.br\\\/Loja\\\/produto\\\/semente-grama-amendoim\\\/\",\"url\":\"https:\\\/\\\/minasgramados.com.br\\\/Loja\\\/produto\\\/semente-grama-amendoim\\\/\",\"name\":\"Sementes de Grama Amendoim-Minas Gramados-Sementes\",\"isPartOf\":{\"@id\":\"https:\\\/\\\/minasgramados.com.br\\\/Loja\\\/#website\"},\"primaryImageOfPage\":{\"@id\":\"https:\\\/\\\/minasgramados.com.br\\\/Loja\\\/produto\\\/semente-grama-amendoim\\\/#primaryimage\"},\"image\":{\"@id\":\"https:\\\/\\\/minasgramados.com.br\\\/Loja\\\/produto\\\/semente-grama-amendoim\\\/#primaryimage\"},\"thumbnailUrl\":\"https:\\\/\\\/minasgramados.com.br\\\/Loja\\\/wp-content\\\/uploads\\\/2015\\\/06\\\/Semente-grama-amendoim-Out-2016.jpg\",\"datePublished\":\"2015-06-21T19:34:49+00:00\",\"dateModified\":\"2020-11-30T14:54:54+00:00\",\"description\":\"As Sementes de Grama Amendoim ou AMEDOIM FORRAGEIRO (Arachis pintoi) Serve cobertura de solos, culturas pomares,controla eros\u00f5es, jardins, e como forrageira\",\"breadcrumb\":{\"@id\":\"https:\\\/\\\/minasgramados.com.br\\\/Loja\\\/produto\\\/semente-grama-amendoim\\\/#breadcrumb\"},\"inLanguage\":\"pt-BR\",\"potentialAction\":[{\"@type\":\"ReadAction\",\"target\":[\"https:\\\/\\\/minasgramados.com.br\\\/Loja\\\/produto\\\/semente-grama-amendoim\\\/\"]}]},{\"@type\":\"ImageObject\",\"inLanguage\":\"pt-BR\",\"@id\":\"https:\\\/\\\/minasgramados.com.br\\\/Loja\\\/produto\\\/semente-grama-amendoim\\\/#primaryimage\",\"url\":\"https:\\\/\\\/minasgramados.com.br\\\/Loja\\\/wp-content\\\/uploads\\\/2015\\\/06\\\/Semente-grama-amendoim-Out-2016.jpg\",\"contentUrl\":\"https:\\\/\\\/minasgramados.com.br\\\/Loja\\\/wp-content\\\/uploads\\\/2015\\\/06\\\/Semente-grama-amendoim-Out-2016.jpg\",\"width\":598,\"height\":488},{\"@type\":\"BreadcrumbList\",\"@id\":\"https:\\\/\\\/minasgramados.com.br\\\/Loja\\\/produto\\\/semente-grama-amendoim\\\/#breadcrumb\",\"itemListElement\":[{\"@type\":\"ListItem\",\"position\":1,\"name\":\"In\u00edcio\",\"item\":\"https:\\\/\\\/minasgramados.com.br\\\/Loja\\\/\"},{\"@type\":\"ListItem\",\"position\":2,\"name\":\"Loja\",\"item\":\"https:\\\/\\\/minasgramados.com.br\\\/Loja\\\/loja-modelo-03\\\/\"},{\"@type\":\"ListItem\",\"position\":3,\"name\":\"Sementes Grama Amendoim (01 KG)\"}]},{\"@type\":\"WebSite\",\"@id\":\"https:\\\/\\\/minasgramados.com.br\\\/Loja\\\/#website\",\"url\":\"https:\\\/\\\/minasgramados.com.br\\\/Loja\\\/\",\"name\":\"Minas Gramados - Paisagismo e Hidrossemeadura.\",\"description\":\"Distribuidora de Gramas adubos sementes em Betim e no Brasil.\",\"publisher\":{\"@id\":\"https:\\\/\\\/minasgramados.com.br\\\/Loja\\\/#organization\"},\"potentialAction\":[{\"@type\":\"SearchAction\",\"target\":{\"@type\":\"EntryPoint\",\"urlTemplate\":\"https:\\\/\\\/minasgramados.com.br\\\/Loja\\\/?s={search_term_string}\"},\"query-input\":{\"@type\":\"PropertyValueSpecification\",\"valueRequired\":true,\"valueName\":\"search_term_string\"}}],\"inLanguage\":\"pt-BR\"},{\"@type\":\"Organization\",\"@id\":\"https:\\\/\\\/minasgramados.com.br\\\/Loja\\\/#organization\",\"name\":\"Minas Gramados - Paisagismo e Hidrossemeadura.\",\"url\":\"https:\\\/\\\/minasgramados.com.br\\\/Loja\\\/\",\"logo\":{\"@type\":\"ImageObject\",\"inLanguage\":\"pt-BR\",\"@id\":\"https:\\\/\\\/minasgramados.com.br\\\/Loja\\\/#\\\/schema\\\/logo\\\/image\\\/\",\"url\":\"https:\\\/\\\/minasgramados.com.br\\\/Loja\\\/wp-content\\\/uploads\\\/2018\\\/06\\\/gramados-original-1.gif\",\"contentUrl\":\"https:\\\/\\\/minasgramados.com.br\\\/Loja\\\/wp-content\\\/uploads\\\/2018\\\/06\\\/gramados-original-1.gif\",\"width\":600,\"height\":300,\"caption\":\"Minas Gramados - Paisagismo e Hidrossemeadura.\"},\"image\":{\"@id\":\"https:\\\/\\\/minasgramados.com.br\\\/Loja\\\/#\\\/schema\\\/logo\\\/image\\\/\"}}]}<\/script>\n<!-- \/ Yoast SEO plugin. -->","yoast_head_json":{"title":"Sementes de Grama Amendoim-Minas Gramados-Sementes","description":"As Sementes de Grama Amendoim ou AMEDOIM FORRAGEIRO (Arachis pintoi) Serve cobertura de solos, culturas pomares,controla eros\u00f5es, jardins, e como forrageira","robots":{"index":"index","follow":"follow","max-snippet":"max-snippet:-1","max-image-preview":"max-image-preview:large","max-video-preview":"max-video-preview:-1"},"canonical":"https:\/\/minasgramados.com.br\/Loja\/produto\/semente-grama-amendoim\/","twitter_card":"summary_large_image","twitter_title":"Sementes de Grama Amendoim-Minas Gramados-Sementes","twitter_description":"As Sementes de Grama Amendoim ou AMEDOIM FORRAGEIRO (Arachis pintoi) Serve cobertura de solos, culturas pomares,controla eros\u00f5es, jardins, e como forrageira","twitter_image":"https:\/\/minasgramados.com.br\/Loja\/wp-content\/uploads\/2015\/06\/Semente-grama-amendoim-Out-2016.jpg","twitter_misc":{"Est. tempo de leitura":"1 minuto"},"schema":{"@context":"https:\/\/schema.org","@graph":[{"@type":"WebPage","@id":"https:\/\/minasgramados.com.br\/Loja\/produto\/semente-grama-amendoim\/","url":"https:\/\/minasgramados.com.br\/Loja\/produto\/semente-grama-amendoim\/","name":"Sementes de Grama Amendoim-Minas Gramados-Sementes","isPartOf":{"@id":"https:\/\/minasgramados.com.br\/Loja\/#website"},"primaryImageOfPage":{"@id":"https:\/\/minasgramados.com.br\/Loja\/produto\/semente-grama-amendoim\/#primaryimage"},"image":{"@id":"https:\/\/minasgramados.com.br\/Loja\/produto\/semente-grama-amendoim\/#primaryimage"},"thumbnailUrl":"https:\/\/minasgramados.com.br\/Loja\/wp-content\/uploads\/2015\/06\/Semente-grama-amendoim-Out-2016.jpg","datePublished":"2015-06-21T19:34:49+00:00","dateModified":"2020-11-30T14:54:54+00:00","description":"As Sementes de Grama Amendoim ou AMEDOIM FORRAGEIRO (Arachis pintoi) Serve cobertura de solos, culturas pomares,controla eros\u00f5es, jardins, e como forrageira","breadcrumb":{"@id":"https:\/\/minasgramados.com.br\/Loja\/produto\/semente-grama-amendoim\/#breadcrumb"},"inLanguage":"pt-BR","potentialAction":[{"@type":"ReadAction","target":["https:\/\/minasgramados.com.br\/Loja\/produto\/semente-grama-amendoim\/"]}]},{"@type":"ImageObject","inLanguage":"pt-BR","@id":"https:\/\/minasgramados.com.br\/Loja\/produto\/semente-grama-amendoim\/#primaryimage","url":"https:\/\/minasgramados.com.br\/Loja\/wp-content\/uploads\/2015\/06\/Semente-grama-amendoim-Out-2016.jpg","contentUrl":"https:\/\/minasgramados.com.br\/Loja\/wp-content\/uploads\/2015\/06\/Semente-grama-amendoim-Out-2016.jpg","width":598,"height":488},{"@type":"BreadcrumbList","@id":"https:\/\/minasgramados.com.br\/Loja\/produto\/semente-grama-amendoim\/#breadcrumb","itemListElement":[{"@type":"ListItem","position":1,"name":"In\u00edcio","item":"https:\/\/minasgramados.com.br\/Loja\/"},{"@type":"ListItem","position":2,"name":"Loja","item":"https:\/\/minasgramados.com.br\/Loja\/loja-modelo-03\/"},{"@type":"ListItem","position":3,"name":"Sementes Grama Amendoim (01 KG)"}]},{"@type":"WebSite","@id":"https:\/\/minasgramados.com.br\/Loja\/#website","url":"https:\/\/minasgramados.com.br\/Loja\/","name":"Minas Gramados - Paisagismo e Hidrossemeadura.","description":"Distribuidora de Gramas adubos sementes em Betim e no Brasil.","publisher":{"@id":"https:\/\/minasgramados.com.br\/Loja\/#organization"},"potentialAction":[{"@type":"SearchAction","target":{"@type":"EntryPoint","urlTemplate":"https:\/\/minasgramados.com.br\/Loja\/?s={search_term_string}"},"query-input":{"@type":"PropertyValueSpecification","valueRequired":true,"valueName":"search_term_string"}}],"inLanguage":"pt-BR"},{"@type":"Organization","@id":"https:\/\/minasgramados.com.br\/Loja\/#organization","name":"Minas Gramados - Paisagismo e Hidrossemeadura.","url":"https:\/\/minasgramados.com.br\/Loja\/","logo":{"@type":"ImageObject","inLanguage":"pt-BR","@id":"https:\/\/minasgramados.com.br\/Loja\/#\/schema\/logo\/image\/","url":"https:\/\/minasgramados.com.br\/Loja\/wp-content\/uploads\/2018\/06\/gramados-original-1.gif","contentUrl":"https:\/\/minasgramados.com.br\/Loja\/wp-content\/uploads\/2018\/06\/gramados-original-1.gif","width":600,"height":300,"caption":"Minas Gramados - Paisagismo e Hidrossemeadura."},"image":{"@id":"https:\/\/minasgramados.com.br\/Loja\/#\/schema\/logo\/image\/"}}]}},"_links":{"self":[{"href":"https:\/\/minasgramados.com.br\/Loja\/wp-json\/wp\/v2\/product\/1309","targetHints":{"allow":["GET"]}}],"collection":[{"href":"https:\/\/minasgramados.com.br\/Loja\/wp-json\/wp\/v2\/product"}],"about":[{"href":"https:\/\/minasgramados.com.br\/Loja\/wp-json\/wp\/v2\/types\/product"}],"wp:featuredmedia":[{"embeddable":true,"href":"https:\/\/minasgramados.com.br\/Loja\/wp-json\/wp\/v2\/media\/1911"}],"wp:attachment":[{"href":"https:\/\/minasgramados.com.br\/Loja\/wp-json\/wp\/v2\/media?parent=1309"}],"wp:term":[{"taxonomy":"product_brand","embeddable":true,"href":"https:\/\/minasgramados.com.br\/Loja\/wp-json\/wp\/v2\/product_brand?post=1309"},{"taxonomy":"product_cat","embeddable":true,"href":"https:\/\/minasgramados.com.br\/Loja\/wp-json\/wp\/v2\/product_cat?post=1309"},{"taxonomy":"product_tag","embeddable":true,"href":"https:\/\/minasgramados.com.br\/Loja\/wp-json\/wp\/v2\/product_tag?post=1309"}],"curies":[{"name":"wp","href":"https:\/\/api.w.org\/{rel}","templated":true}]}}