{"id":1320,"date":"2015-06-21T22:34:32","date_gmt":"2015-06-22T01:34:32","guid":{"rendered":"http:\/\/minasgramados.com.br\/Loja\/?post_type=product&#038;p=1320"},"modified":"2025-08-01T10:03:03","modified_gmt":"2025-08-01T13:03:03","slug":"grama-esmerada-retirar-na-fazenda","status":"publish","type":"product","link":"https:\/\/minasgramados.com.br\/Loja\/produto\/grama-esmerada-retirar-na-fazenda\/","title":{"rendered":"Grama Esmeralda(Retirar na Fazenda)"},"content":{"rendered":"<p style=\"text-align: justify;\">A Grama esmeralda \u00e9 muito utilizada no paisagismo e em campos\u00a0 esportivos, e tamb\u00e9m para conten\u00e7\u00e3o de taludes; a Esmeralda \u00e9 uma Zoyzia h\u00edbrida de semente n\u00e3o vi\u00e1vel. Caracteriza-se por ter folhas estreitas de cor verde forte, levemente azulado que forma um gramado denso e bonito. \u00c9 extremamente resistente \u00e0 seca e ao pisoteio. Grama de crescimento lento que exige baixa frequ\u00eancia de corte, sendo, portanto, uma grama de baixo custo de manuten\u00e7\u00e3o.<\/p>\n<p style=\"text-align: justify;\">APLICA\u00c7\u00c3O: Grama indicada para paisagismo, mas com boa performance na \u00e1rea esportiva, a Esmeralda \u00e9 uma grama de crescimento lento altamente resistente a seca e ao pisoteio.<\/p>\n<p style=\"text-align: justify;\">CARACTER\u00cdSTICAS: Grama de clima quente. Adapta-se bem a \u00e1reas ensolaradas e semi-sombreadas. Grama r\u00fastica que adapta-se a solos pobres. Crescimento lento, por\u00e9m abundante, de pouca manuten\u00e7\u00e3o.<\/p>\n<p style=\"text-align: justify;\">RESIST\u00caNCIA A SECAS: A esmeralda tem excelente resist\u00eancia a secas. Entra em estado de dorm\u00eancia, prote\u00e7\u00e3o ao stress de altas temperaturas podendo at\u00e9 ficar na cor marrom amarelado, recupera-se facilmente deste estado ap\u00f3s normaliza\u00e7\u00e3o de chuvas ou irriga\u00e7\u00e3o.<\/p>\n<p style=\"text-align: justify;\">TOLER\u00c2NCIA A PISOTEIO: Excelente toler\u00e2ncia ao pisoteio. Ap\u00f3s o dano sua recupera\u00e7\u00e3o \u00e9 r\u00e1pida nos meses quentes.<\/p>\n<p style=\"text-align: justify;\">RESIST\u00caNCIA: A ervas Daninhas Boa resist\u00eancia quando propriamente mantida. Um gramado denso competir\u00e1 eficientemente contra a presen\u00e7a de in\u00e7os. Tolera aplica\u00e7\u00f5es de herbicidas seletivos. Toler\u00e2ncia a Insetos: A Esmeralda demonstra excelente toler\u00e2ncia a insetos em geral.<\/p>\n<p style=\"text-align: justify;\">OBS: O Pre\u00e7o acima \u00c9 SEM FRETE e s\u00f3 \u00e9 valido para cargas de no m\u00ednimo de <strong>500M\u00b2<\/strong> para ser retirado em nossas fazendas\u00a0pr\u00f3ximo de BH.<\/p>\n<p style=\"text-align: justify;\">GRAMAS EM MG: S\u00f3 atendemos os estados de MG caso o cliente queira pode retirar conosco em nossa fazenda aqui pr\u00f3ximo de BH.<\/p>\n<p style=\"text-align: justify;\">Fa\u00e7a o Download do Manual de plantio e tratos em nosso site em www.minasgramados.com.br<\/p>\n","protected":false},"excerpt":{"rendered":"<p style=\"text-align: justify;\">GRAMA\u00a0RETIRAR &#8211; (Na Fazenda\u00a0M\u00ednimo de 500M2)<\/p>\n<p style=\"text-align: justify;\">ATEN\u00c7\u00c3O: A OFERTA DI\u00c1RIA \u00e9 aquela v\u00e1lida para todos os clientes que precisam de grama para seu im\u00f3vel e tenha frete pr\u00f3prio, entrar em contato com o nosso SAC para comprar e podendo pagar <strong>R$: 10.90<\/strong> o m2. <span style=\"color: #ff0000;\">OBS: O valor informado acima\u00a0 \u00e9 para pedido minimo de <strong>500m2<\/strong>, sendo que para entregas dentro de BH e outros estados consulte nosso SAC e tire suas d\u00favidas. <\/span><\/p>\n","protected":false},"featured_media":1317,"template":"","meta":{"_joinchat":[]},"product_brand":[],"product_cat":[28,15],"product_tag":[],"class_list":{"0":"post-1320","1":"product","2":"type-product","3":"status-publish","4":"has-post-thumbnail","6":"product_cat-gramas-e-sementes","7":"product_cat-jardinagem","8":"product_shipping_class-transportadora","9":"entry","10":"has-media","12":"first","13":"outofstock","14":"sale","15":"shipping-taxable","16":"purchasable","17":"product-type-simple","18":"col","19":"wpex-woo-entry","20":"span_1_of_4"},"yoast_head":"<!-- This site is optimized with the Yoast SEO plugin v27.3 - https:\/\/yoast.com\/product\/yoast-seo-wordpress\/ -->\n<title>Grama Esmeralda - Grama esmeralda SP-Grama esmeralda Betim<\/title>\n<meta name=\"description\" content=\"A Grama esmeralda \u00e9 muito utilizada no paisagismo e em campos esportivos, e tamb\u00e9m para conten\u00e7\u00e3o de taludes; a Esmeralda \u00e9 uma Zoyzia h\u00edbrida de semente.\" \/>\n<meta name=\"robots\" content=\"index, follow, max-snippet:-1, max-image-preview:large, max-video-preview:-1\" \/>\n<link rel=\"canonical\" href=\"https:\/\/minasgramados.com.br\/Loja\/produto\/grama-esmerada-retirar-na-fazenda\/\" \/>\n<meta name=\"twitter:card\" content=\"summary_large_image\" \/>\n<meta name=\"twitter:title\" content=\"Grama Esmeralda - Grama esmeralda SP-Grama esmeralda Betim\" \/>\n<meta name=\"twitter:description\" content=\"A Grama esmeralda \u00e9 muito utilizada no paisagismo e em campos esportivos, e tamb\u00e9m para conten\u00e7\u00e3o de taludes; a Esmeralda \u00e9 uma Zoyzia h\u00edbrida de semente.\" \/>\n<meta name=\"twitter:image\" content=\"https:\/\/minasgramados.com.br\/Loja\/wp-content\/uploads\/2015\/06\/Esmeralda-imperial-em-tapetes.jpg\" \/>\n<meta name=\"twitter:label1\" content=\"Est. tempo de leitura\" \/>\n\t<meta name=\"twitter:data1\" content=\"2 minutos\" \/>\n<script type=\"application\/ld+json\" class=\"yoast-schema-graph\">{\"@context\":\"https:\\\/\\\/schema.org\",\"@graph\":[{\"@type\":\"WebPage\",\"@id\":\"https:\\\/\\\/minasgramados.com.br\\\/Loja\\\/produto\\\/grama-esmerada-retirar-na-fazenda\\\/\",\"url\":\"https:\\\/\\\/minasgramados.com.br\\\/Loja\\\/produto\\\/grama-esmerada-retirar-na-fazenda\\\/\",\"name\":\"Grama Esmeralda - Grama esmeralda SP-Grama esmeralda Betim\",\"isPartOf\":{\"@id\":\"https:\\\/\\\/minasgramados.com.br\\\/Loja\\\/#website\"},\"primaryImageOfPage\":{\"@id\":\"https:\\\/\\\/minasgramados.com.br\\\/Loja\\\/produto\\\/grama-esmerada-retirar-na-fazenda\\\/#primaryimage\"},\"image\":{\"@id\":\"https:\\\/\\\/minasgramados.com.br\\\/Loja\\\/produto\\\/grama-esmerada-retirar-na-fazenda\\\/#primaryimage\"},\"thumbnailUrl\":\"https:\\\/\\\/minasgramados.com.br\\\/Loja\\\/wp-content\\\/uploads\\\/2015\\\/06\\\/Esmeralda-imperial-em-tapetes.jpg\",\"datePublished\":\"2015-06-22T01:34:32+00:00\",\"dateModified\":\"2025-08-01T13:03:03+00:00\",\"description\":\"A Grama esmeralda \u00e9 muito utilizada no paisagismo e em campos esportivos, e tamb\u00e9m para conten\u00e7\u00e3o de taludes; a Esmeralda \u00e9 uma Zoyzia h\u00edbrida de semente.\",\"breadcrumb\":{\"@id\":\"https:\\\/\\\/minasgramados.com.br\\\/Loja\\\/produto\\\/grama-esmerada-retirar-na-fazenda\\\/#breadcrumb\"},\"inLanguage\":\"pt-BR\",\"potentialAction\":[{\"@type\":\"ReadAction\",\"target\":[\"https:\\\/\\\/minasgramados.com.br\\\/Loja\\\/produto\\\/grama-esmerada-retirar-na-fazenda\\\/\"]}]},{\"@type\":\"ImageObject\",\"inLanguage\":\"pt-BR\",\"@id\":\"https:\\\/\\\/minasgramados.com.br\\\/Loja\\\/produto\\\/grama-esmerada-retirar-na-fazenda\\\/#primaryimage\",\"url\":\"https:\\\/\\\/minasgramados.com.br\\\/Loja\\\/wp-content\\\/uploads\\\/2015\\\/06\\\/Esmeralda-imperial-em-tapetes.jpg\",\"contentUrl\":\"https:\\\/\\\/minasgramados.com.br\\\/Loja\\\/wp-content\\\/uploads\\\/2015\\\/06\\\/Esmeralda-imperial-em-tapetes.jpg\",\"width\":759,\"height\":600},{\"@type\":\"BreadcrumbList\",\"@id\":\"https:\\\/\\\/minasgramados.com.br\\\/Loja\\\/produto\\\/grama-esmerada-retirar-na-fazenda\\\/#breadcrumb\",\"itemListElement\":[{\"@type\":\"ListItem\",\"position\":1,\"name\":\"In\u00edcio\",\"item\":\"https:\\\/\\\/minasgramados.com.br\\\/Loja\\\/\"},{\"@type\":\"ListItem\",\"position\":2,\"name\":\"Loja\",\"item\":\"https:\\\/\\\/minasgramados.com.br\\\/Loja\\\/loja-modelo-03\\\/\"},{\"@type\":\"ListItem\",\"position\":3,\"name\":\"Grama Esmeralda(Retirar na Fazenda)\"}]},{\"@type\":\"WebSite\",\"@id\":\"https:\\\/\\\/minasgramados.com.br\\\/Loja\\\/#website\",\"url\":\"https:\\\/\\\/minasgramados.com.br\\\/Loja\\\/\",\"name\":\"Minas Gramados - Paisagismo e Hidrossemeadura.\",\"description\":\"Distribuidora de Gramas adubos sementes em Betim e no Brasil.\",\"publisher\":{\"@id\":\"https:\\\/\\\/minasgramados.com.br\\\/Loja\\\/#organization\"},\"potentialAction\":[{\"@type\":\"SearchAction\",\"target\":{\"@type\":\"EntryPoint\",\"urlTemplate\":\"https:\\\/\\\/minasgramados.com.br\\\/Loja\\\/?s={search_term_string}\"},\"query-input\":{\"@type\":\"PropertyValueSpecification\",\"valueRequired\":true,\"valueName\":\"search_term_string\"}}],\"inLanguage\":\"pt-BR\"},{\"@type\":\"Organization\",\"@id\":\"https:\\\/\\\/minasgramados.com.br\\\/Loja\\\/#organization\",\"name\":\"Minas Gramados - Paisagismo e Hidrossemeadura.\",\"url\":\"https:\\\/\\\/minasgramados.com.br\\\/Loja\\\/\",\"logo\":{\"@type\":\"ImageObject\",\"inLanguage\":\"pt-BR\",\"@id\":\"https:\\\/\\\/minasgramados.com.br\\\/Loja\\\/#\\\/schema\\\/logo\\\/image\\\/\",\"url\":\"https:\\\/\\\/minasgramados.com.br\\\/Loja\\\/wp-content\\\/uploads\\\/2018\\\/06\\\/gramados-original-1.gif\",\"contentUrl\":\"https:\\\/\\\/minasgramados.com.br\\\/Loja\\\/wp-content\\\/uploads\\\/2018\\\/06\\\/gramados-original-1.gif\",\"width\":600,\"height\":300,\"caption\":\"Minas Gramados - Paisagismo e Hidrossemeadura.\"},\"image\":{\"@id\":\"https:\\\/\\\/minasgramados.com.br\\\/Loja\\\/#\\\/schema\\\/logo\\\/image\\\/\"}}]}<\/script>\n<!-- \/ Yoast SEO plugin. -->","yoast_head_json":{"title":"Grama Esmeralda - Grama esmeralda SP-Grama esmeralda Betim","description":"A Grama esmeralda \u00e9 muito utilizada no paisagismo e em campos esportivos, e tamb\u00e9m para conten\u00e7\u00e3o de taludes; a Esmeralda \u00e9 uma Zoyzia h\u00edbrida de semente.","robots":{"index":"index","follow":"follow","max-snippet":"max-snippet:-1","max-image-preview":"max-image-preview:large","max-video-preview":"max-video-preview:-1"},"canonical":"https:\/\/minasgramados.com.br\/Loja\/produto\/grama-esmerada-retirar-na-fazenda\/","twitter_card":"summary_large_image","twitter_title":"Grama Esmeralda - Grama esmeralda SP-Grama esmeralda Betim","twitter_description":"A Grama esmeralda \u00e9 muito utilizada no paisagismo e em campos esportivos, e tamb\u00e9m para conten\u00e7\u00e3o de taludes; a Esmeralda \u00e9 uma Zoyzia h\u00edbrida de semente.","twitter_image":"https:\/\/minasgramados.com.br\/Loja\/wp-content\/uploads\/2015\/06\/Esmeralda-imperial-em-tapetes.jpg","twitter_misc":{"Est. tempo de leitura":"2 minutos"},"schema":{"@context":"https:\/\/schema.org","@graph":[{"@type":"WebPage","@id":"https:\/\/minasgramados.com.br\/Loja\/produto\/grama-esmerada-retirar-na-fazenda\/","url":"https:\/\/minasgramados.com.br\/Loja\/produto\/grama-esmerada-retirar-na-fazenda\/","name":"Grama Esmeralda - Grama esmeralda SP-Grama esmeralda Betim","isPartOf":{"@id":"https:\/\/minasgramados.com.br\/Loja\/#website"},"primaryImageOfPage":{"@id":"https:\/\/minasgramados.com.br\/Loja\/produto\/grama-esmerada-retirar-na-fazenda\/#primaryimage"},"image":{"@id":"https:\/\/minasgramados.com.br\/Loja\/produto\/grama-esmerada-retirar-na-fazenda\/#primaryimage"},"thumbnailUrl":"https:\/\/minasgramados.com.br\/Loja\/wp-content\/uploads\/2015\/06\/Esmeralda-imperial-em-tapetes.jpg","datePublished":"2015-06-22T01:34:32+00:00","dateModified":"2025-08-01T13:03:03+00:00","description":"A Grama esmeralda \u00e9 muito utilizada no paisagismo e em campos esportivos, e tamb\u00e9m para conten\u00e7\u00e3o de taludes; a Esmeralda \u00e9 uma Zoyzia h\u00edbrida de semente.","breadcrumb":{"@id":"https:\/\/minasgramados.com.br\/Loja\/produto\/grama-esmerada-retirar-na-fazenda\/#breadcrumb"},"inLanguage":"pt-BR","potentialAction":[{"@type":"ReadAction","target":["https:\/\/minasgramados.com.br\/Loja\/produto\/grama-esmerada-retirar-na-fazenda\/"]}]},{"@type":"ImageObject","inLanguage":"pt-BR","@id":"https:\/\/minasgramados.com.br\/Loja\/produto\/grama-esmerada-retirar-na-fazenda\/#primaryimage","url":"https:\/\/minasgramados.com.br\/Loja\/wp-content\/uploads\/2015\/06\/Esmeralda-imperial-em-tapetes.jpg","contentUrl":"https:\/\/minasgramados.com.br\/Loja\/wp-content\/uploads\/2015\/06\/Esmeralda-imperial-em-tapetes.jpg","width":759,"height":600},{"@type":"BreadcrumbList","@id":"https:\/\/minasgramados.com.br\/Loja\/produto\/grama-esmerada-retirar-na-fazenda\/#breadcrumb","itemListElement":[{"@type":"ListItem","position":1,"name":"In\u00edcio","item":"https:\/\/minasgramados.com.br\/Loja\/"},{"@type":"ListItem","position":2,"name":"Loja","item":"https:\/\/minasgramados.com.br\/Loja\/loja-modelo-03\/"},{"@type":"ListItem","position":3,"name":"Grama Esmeralda(Retirar na Fazenda)"}]},{"@type":"WebSite","@id":"https:\/\/minasgramados.com.br\/Loja\/#website","url":"https:\/\/minasgramados.com.br\/Loja\/","name":"Minas Gramados - Paisagismo e Hidrossemeadura.","description":"Distribuidora de Gramas adubos sementes em Betim e no Brasil.","publisher":{"@id":"https:\/\/minasgramados.com.br\/Loja\/#organization"},"potentialAction":[{"@type":"SearchAction","target":{"@type":"EntryPoint","urlTemplate":"https:\/\/minasgramados.com.br\/Loja\/?s={search_term_string}"},"query-input":{"@type":"PropertyValueSpecification","valueRequired":true,"valueName":"search_term_string"}}],"inLanguage":"pt-BR"},{"@type":"Organization","@id":"https:\/\/minasgramados.com.br\/Loja\/#organization","name":"Minas Gramados - Paisagismo e Hidrossemeadura.","url":"https:\/\/minasgramados.com.br\/Loja\/","logo":{"@type":"ImageObject","inLanguage":"pt-BR","@id":"https:\/\/minasgramados.com.br\/Loja\/#\/schema\/logo\/image\/","url":"https:\/\/minasgramados.com.br\/Loja\/wp-content\/uploads\/2018\/06\/gramados-original-1.gif","contentUrl":"https:\/\/minasgramados.com.br\/Loja\/wp-content\/uploads\/2018\/06\/gramados-original-1.gif","width":600,"height":300,"caption":"Minas Gramados - Paisagismo e Hidrossemeadura."},"image":{"@id":"https:\/\/minasgramados.com.br\/Loja\/#\/schema\/logo\/image\/"}}]}},"_links":{"self":[{"href":"https:\/\/minasgramados.com.br\/Loja\/wp-json\/wp\/v2\/product\/1320","targetHints":{"allow":["GET"]}}],"collection":[{"href":"https:\/\/minasgramados.com.br\/Loja\/wp-json\/wp\/v2\/product"}],"about":[{"href":"https:\/\/minasgramados.com.br\/Loja\/wp-json\/wp\/v2\/types\/product"}],"wp:featuredmedia":[{"embeddable":true,"href":"https:\/\/minasgramados.com.br\/Loja\/wp-json\/wp\/v2\/media\/1317"}],"wp:attachment":[{"href":"https:\/\/minasgramados.com.br\/Loja\/wp-json\/wp\/v2\/media?parent=1320"}],"wp:term":[{"taxonomy":"product_brand","embeddable":true,"href":"https:\/\/minasgramados.com.br\/Loja\/wp-json\/wp\/v2\/product_brand?post=1320"},{"taxonomy":"product_cat","embeddable":true,"href":"https:\/\/minasgramados.com.br\/Loja\/wp-json\/wp\/v2\/product_cat?post=1320"},{"taxonomy":"product_tag","embeddable":true,"href":"https:\/\/minasgramados.com.br\/Loja\/wp-json\/wp\/v2\/product_tag?post=1320"}],"curies":[{"name":"wp","href":"https:\/\/api.w.org\/{rel}","templated":true}]}}