{"id":1324,"date":"2015-06-21T23:17:03","date_gmt":"2015-06-22T02:17:03","guid":{"rendered":"http:\/\/minasgramados.com.br\/Loja\/?post_type=product&#038;p=1324"},"modified":"2025-07-23T21:10:10","modified_gmt":"2025-07-24T00:10:10","slug":"grama-esmeralda-varejo-minimo-de100m%c2%b2","status":"publish","type":"product","link":"https:\/\/minasgramados.com.br\/Loja\/produto\/grama-esmeralda-varejo-minimo-de100m%c2%b2\/","title":{"rendered":"Grama Esmeralda (A partir de 100m\u00b2)"},"content":{"rendered":"<p style=\"text-align: justify;\">A Grama esmeralda \u00e9 muito utilizada no paisagismo e em campos\u00a0 esportivos, e tamb\u00e9m para conten\u00e7\u00e3o de taludes; a esmeralda \u00e9 uma Zoyzia h\u00edbrida de semente n\u00e3o vi\u00e1vel. Caracteriza-se por ter folhas estreitas de cor verde forte, levemente azulado que forma um gramado denso e bonito. \u00c9 extremamente resistente \u00e0 seca e ao pisoteio. Grama de crescimento lento que exige baixa frequ\u00eancia de corte, sendo, portanto, uma grama de baixo custo de manuten\u00e7\u00e3o.<\/p>\n<p style=\"text-align: justify;\"><strong>APLICA\u00c7\u00c3O:<\/strong> Grama indicada para paisagismo, mas com boa performance na \u00e1rea esportiva, a Esmeralda \u00e9 uma grama de crescimento lento altamente resistente a seca e ao pisoteio.<\/p>\n<p style=\"text-align: justify;\"><strong>CARACTER\u00cdSTICAS:<\/strong> Grama de clima quente. Adapta-se bem a \u00e1reas ensolaradas e semi-sombreadas. Grama r\u00fastica que adapta-se a solos pobres. Crescimento lento, por\u00e9m abundante, de pouca manuten\u00e7\u00e3o.<\/p>\n<p style=\"text-align: justify;\"><strong>RESIST\u00caNCIA A SECAS:<\/strong> A esmeralda tem excelente resist\u00eancia a secas. Entra em estado de dorm\u00eancia, prote\u00e7\u00e3o ao stress de altas temperaturas podendo at\u00e9 ficar na cor marrom amarelado, recupera-se facilmente deste estado ap\u00f3s normaliza\u00e7\u00e3o de chuvas ou irriga\u00e7\u00e3o.<\/p>\n<p style=\"text-align: justify;\"><strong>TOLER\u00c2NCIA A PISOTEIO:<\/strong> Excelente toler\u00e2ncia ao pisoteio. Ap\u00f3s o dano sua recupera\u00e7\u00e3o \u00e9 r\u00e1pida nos meses quentes.<\/p>\n<p style=\"text-align: justify;\"><strong>RESIST\u00caNCIA:<\/strong> A ervas Daninhas Boa resist\u00eancia quando propriamente mantida. Um gramado denso competir\u00e1 eficientemente contra a presen\u00e7a de in\u00e7os. Tolera aplica\u00e7\u00f5es de herbicidas seletivos. Toler\u00e2ncia a Insetos: A Esmeralda demonstra excelente toler\u00e2ncia a insetos em geral.<\/p>\n<p style=\"text-align: justify;\"><strong>OBS:\u00a0<\/strong>O Pre\u00e7o acima s\u00f3 \u00e9 valido para cargas de no m\u00ednimo <strong>100M\u00b2<\/strong>\u00a0 E o frete\u00a0 \u00e9 FOB .<\/p>\n<p><strong>*M\u00c3O DE OBRA: <\/strong>Contratando\u00a0 nossa m\u00e3o de obra voc\u00ea tem o descarregamento por nossa conta mais o plantio e todo o suporte necess\u00e1rio, valor cobrado a parte.<\/p>\n<p><strong>*SEM M\u00c3O DE OBRA:<\/strong> Necess\u00e1rio contratar m\u00e3o de obra a parte, onde o descarregamento e todo o suporte por conta do cliente, n\u00e3o aceitamos <strong>reclama\u00e7\u00f5es<\/strong> ap\u00f3s o descarregamento da grama.<\/p>\n<p><strong>*Estados atendidos:<\/strong> S\u00f3 atendemos os estados de MG e SP\u00a0 caso o cliente queira pode retirar conosco em nossa fazenda aqui pr\u00f3ximo de <strong>BH<\/strong> ou em <strong>SP<\/strong>.<\/p>\n","protected":false},"excerpt":{"rendered":"<p style=\"text-align: justify;\"><strong>GRAMA ESMERALDA &#8211; Zoisa Jap\u00f4nica:<\/strong> Nosso varejo \u00e9 de 100 M\u00b2 + frete\u00a0 abaixo dessa metragem retirada em BH)<\/p>\n<p style=\"text-align: justify;\"><strong>ATEN\u00c7\u00c3O:<\/strong> Veja nossos pre\u00e7os abaixo conforme a metragem que for comprar, e produto comercializado somente por telefone.<\/p>\n<p>* GRAMA ESMERALDA.<\/p>\n<p>* 100 A 300 M2&#8230;&#8230;&#8230;&#8230;&#8230;R$ 13,90 M2<br \/>\n* DE 301 A 499 M2&#8230;&#8230;..R$ 13,70 M2<br \/>\n* ABAIXO 100 M2&#8230;&#8230;&#8230;..R$ 15,50 M2<br \/>\n* DE 500 M2 ACIMA&#8230;&#8230;R$ 13,50 M2 RETIRA EM BH<br \/>\n* DE 500 M2 ACIMA&#8230;&#8230;R$ 10,95 M2 RETIRA NA FAZENDA<\/p>\n<p>* FRETE: FOB<\/p>\n<p><strong>*OBS:<\/strong> PARA RETIRADA E TER O VALOR MENOR, MINIMO DE 500m2, Retirar em 7 Lagoas ou na Pampulha em BH -MG.<\/p>\n<p><strong>* Pedido m\u00ednimo:<\/strong> 100 M2 S\/NF. (Pre\u00e7os Sujeito a altera\u00e7\u00e3o). Duvidas\u00a0 e disponibilidade consulte nosso SAC.<\/p>\n<p>&nbsp;<\/p>\n","protected":false},"featured_media":1325,"template":"","meta":{"_joinchat":[]},"product_brand":[],"product_cat":[28,15],"product_tag":[],"class_list":{"0":"post-1324","1":"product","2":"type-product","3":"status-publish","4":"has-post-thumbnail","6":"product_cat-gramas-e-sementes","7":"product_cat-jardinagem","8":"product_shipping_class-transportadora","9":"entry","10":"has-media","12":"first","13":"outofstock","14":"sale","15":"shipping-taxable","16":"purchasable","17":"product-type-simple","18":"col","19":"wpex-woo-entry","20":"span_1_of_4"},"yoast_head":"<!-- This site is optimized with the Yoast SEO plugin v27.4 - https:\/\/yoast.com\/product\/yoast-seo-wordpress\/ -->\n<title>Grama Esmeralda-Minas Gramados-Grama esmeralda igarap\u00e9<\/title>\n<meta name=\"description\" content=\"A Grama esmeralda \u00e9 muito utilizada no paisagismo em campos esportivos, e tamb\u00e9m para conten\u00e7\u00e3o de taludes, resistente e de f\u00e1cil manuten\u00e7\u00e3o.\" \/>\n<meta name=\"robots\" content=\"index, follow, max-snippet:-1, max-image-preview:large, max-video-preview:-1\" \/>\n<link rel=\"canonical\" href=\"https:\/\/minasgramados.com.br\/Loja\/produto\/grama-esmeralda-varejo-minimo-de100m\u00b2\/\" \/>\n<meta name=\"twitter:card\" content=\"summary_large_image\" \/>\n<meta name=\"twitter:title\" content=\"Grama Esmeralda-Minas Gramados-Grama esmeralda igarap\u00e9\" \/>\n<meta name=\"twitter:description\" content=\"A Grama esmeralda \u00e9 muito utilizada no paisagismo em campos esportivos, e tamb\u00e9m para conten\u00e7\u00e3o de taludes, resistente e de f\u00e1cil manuten\u00e7\u00e3o.\" \/>\n<meta name=\"twitter:image\" content=\"https:\/\/minasgramados.com.br\/Loja\/wp-content\/uploads\/2015\/06\/tapete_grama_esmerada-medidas-2015.jpg\" \/>\n<meta name=\"twitter:label1\" content=\"Est. tempo de leitura\" \/>\n\t<meta name=\"twitter:data1\" content=\"2 minutos\" \/>\n<script type=\"application\/ld+json\" class=\"yoast-schema-graph\">{\"@context\":\"https:\\\/\\\/schema.org\",\"@graph\":[{\"@type\":\"WebPage\",\"@id\":\"https:\\\/\\\/minasgramados.com.br\\\/Loja\\\/produto\\\/grama-esmeralda-varejo-minimo-de100m%c2%b2\\\/\",\"url\":\"https:\\\/\\\/minasgramados.com.br\\\/Loja\\\/produto\\\/grama-esmeralda-varejo-minimo-de100m%c2%b2\\\/\",\"name\":\"Grama Esmeralda-Minas Gramados-Grama esmeralda igarap\u00e9\",\"isPartOf\":{\"@id\":\"https:\\\/\\\/minasgramados.com.br\\\/Loja\\\/#website\"},\"primaryImageOfPage\":{\"@id\":\"https:\\\/\\\/minasgramados.com.br\\\/Loja\\\/produto\\\/grama-esmeralda-varejo-minimo-de100m%c2%b2\\\/#primaryimage\"},\"image\":{\"@id\":\"https:\\\/\\\/minasgramados.com.br\\\/Loja\\\/produto\\\/grama-esmeralda-varejo-minimo-de100m%c2%b2\\\/#primaryimage\"},\"thumbnailUrl\":\"https:\\\/\\\/minasgramados.com.br\\\/Loja\\\/wp-content\\\/uploads\\\/2015\\\/06\\\/tapete_grama_esmerada-medidas-2015.jpg\",\"datePublished\":\"2015-06-22T02:17:03+00:00\",\"dateModified\":\"2025-07-24T00:10:10+00:00\",\"description\":\"A Grama esmeralda \u00e9 muito utilizada no paisagismo em campos esportivos, e tamb\u00e9m para conten\u00e7\u00e3o de taludes, resistente e de f\u00e1cil manuten\u00e7\u00e3o.\",\"breadcrumb\":{\"@id\":\"https:\\\/\\\/minasgramados.com.br\\\/Loja\\\/produto\\\/grama-esmeralda-varejo-minimo-de100m%c2%b2\\\/#breadcrumb\"},\"inLanguage\":\"pt-BR\",\"potentialAction\":[{\"@type\":\"ReadAction\",\"target\":[\"https:\\\/\\\/minasgramados.com.br\\\/Loja\\\/produto\\\/grama-esmeralda-varejo-minimo-de100m%c2%b2\\\/\"]}]},{\"@type\":\"ImageObject\",\"inLanguage\":\"pt-BR\",\"@id\":\"https:\\\/\\\/minasgramados.com.br\\\/Loja\\\/produto\\\/grama-esmeralda-varejo-minimo-de100m%c2%b2\\\/#primaryimage\",\"url\":\"https:\\\/\\\/minasgramados.com.br\\\/Loja\\\/wp-content\\\/uploads\\\/2015\\\/06\\\/tapete_grama_esmerada-medidas-2015.jpg\",\"contentUrl\":\"https:\\\/\\\/minasgramados.com.br\\\/Loja\\\/wp-content\\\/uploads\\\/2015\\\/06\\\/tapete_grama_esmerada-medidas-2015.jpg\",\"width\":765,\"height\":600,\"caption\":\"?????????????????\"},{\"@type\":\"BreadcrumbList\",\"@id\":\"https:\\\/\\\/minasgramados.com.br\\\/Loja\\\/produto\\\/grama-esmeralda-varejo-minimo-de100m%c2%b2\\\/#breadcrumb\",\"itemListElement\":[{\"@type\":\"ListItem\",\"position\":1,\"name\":\"In\u00edcio\",\"item\":\"https:\\\/\\\/minasgramados.com.br\\\/Loja\\\/\"},{\"@type\":\"ListItem\",\"position\":2,\"name\":\"Loja\",\"item\":\"https:\\\/\\\/minasgramados.com.br\\\/Loja\\\/loja-modelo-03\\\/\"},{\"@type\":\"ListItem\",\"position\":3,\"name\":\"Grama Esmeralda (A partir de 100m\u00b2)\"}]},{\"@type\":\"WebSite\",\"@id\":\"https:\\\/\\\/minasgramados.com.br\\\/Loja\\\/#website\",\"url\":\"https:\\\/\\\/minasgramados.com.br\\\/Loja\\\/\",\"name\":\"Minas Gramados - Paisagismo e Hidrossemeadura.\",\"description\":\"Distribuidora de Gramas adubos sementes em Betim e no Brasil.\",\"publisher\":{\"@id\":\"https:\\\/\\\/minasgramados.com.br\\\/Loja\\\/#organization\"},\"potentialAction\":[{\"@type\":\"SearchAction\",\"target\":{\"@type\":\"EntryPoint\",\"urlTemplate\":\"https:\\\/\\\/minasgramados.com.br\\\/Loja\\\/?s={search_term_string}\"},\"query-input\":{\"@type\":\"PropertyValueSpecification\",\"valueRequired\":true,\"valueName\":\"search_term_string\"}}],\"inLanguage\":\"pt-BR\"},{\"@type\":\"Organization\",\"@id\":\"https:\\\/\\\/minasgramados.com.br\\\/Loja\\\/#organization\",\"name\":\"Minas Gramados - Paisagismo e Hidrossemeadura.\",\"url\":\"https:\\\/\\\/minasgramados.com.br\\\/Loja\\\/\",\"logo\":{\"@type\":\"ImageObject\",\"inLanguage\":\"pt-BR\",\"@id\":\"https:\\\/\\\/minasgramados.com.br\\\/Loja\\\/#\\\/schema\\\/logo\\\/image\\\/\",\"url\":\"https:\\\/\\\/minasgramados.com.br\\\/Loja\\\/wp-content\\\/uploads\\\/2018\\\/06\\\/gramados-original-1.gif\",\"contentUrl\":\"https:\\\/\\\/minasgramados.com.br\\\/Loja\\\/wp-content\\\/uploads\\\/2018\\\/06\\\/gramados-original-1.gif\",\"width\":600,\"height\":300,\"caption\":\"Minas Gramados - Paisagismo e Hidrossemeadura.\"},\"image\":{\"@id\":\"https:\\\/\\\/minasgramados.com.br\\\/Loja\\\/#\\\/schema\\\/logo\\\/image\\\/\"}}]}<\/script>\n<!-- \/ Yoast SEO plugin. -->","yoast_head_json":{"title":"Grama Esmeralda-Minas Gramados-Grama esmeralda igarap\u00e9","description":"A Grama esmeralda \u00e9 muito utilizada no paisagismo em campos esportivos, e tamb\u00e9m para conten\u00e7\u00e3o de taludes, resistente e de f\u00e1cil manuten\u00e7\u00e3o.","robots":{"index":"index","follow":"follow","max-snippet":"max-snippet:-1","max-image-preview":"max-image-preview:large","max-video-preview":"max-video-preview:-1"},"canonical":"https:\/\/minasgramados.com.br\/Loja\/produto\/grama-esmeralda-varejo-minimo-de100m\u00b2\/","twitter_card":"summary_large_image","twitter_title":"Grama Esmeralda-Minas Gramados-Grama esmeralda igarap\u00e9","twitter_description":"A Grama esmeralda \u00e9 muito utilizada no paisagismo em campos esportivos, e tamb\u00e9m para conten\u00e7\u00e3o de taludes, resistente e de f\u00e1cil manuten\u00e7\u00e3o.","twitter_image":"https:\/\/minasgramados.com.br\/Loja\/wp-content\/uploads\/2015\/06\/tapete_grama_esmerada-medidas-2015.jpg","twitter_misc":{"Est. tempo de leitura":"2 minutos"},"schema":{"@context":"https:\/\/schema.org","@graph":[{"@type":"WebPage","@id":"https:\/\/minasgramados.com.br\/Loja\/produto\/grama-esmeralda-varejo-minimo-de100m%c2%b2\/","url":"https:\/\/minasgramados.com.br\/Loja\/produto\/grama-esmeralda-varejo-minimo-de100m%c2%b2\/","name":"Grama Esmeralda-Minas Gramados-Grama esmeralda igarap\u00e9","isPartOf":{"@id":"https:\/\/minasgramados.com.br\/Loja\/#website"},"primaryImageOfPage":{"@id":"https:\/\/minasgramados.com.br\/Loja\/produto\/grama-esmeralda-varejo-minimo-de100m%c2%b2\/#primaryimage"},"image":{"@id":"https:\/\/minasgramados.com.br\/Loja\/produto\/grama-esmeralda-varejo-minimo-de100m%c2%b2\/#primaryimage"},"thumbnailUrl":"https:\/\/minasgramados.com.br\/Loja\/wp-content\/uploads\/2015\/06\/tapete_grama_esmerada-medidas-2015.jpg","datePublished":"2015-06-22T02:17:03+00:00","dateModified":"2025-07-24T00:10:10+00:00","description":"A Grama esmeralda \u00e9 muito utilizada no paisagismo em campos esportivos, e tamb\u00e9m para conten\u00e7\u00e3o de taludes, resistente e de f\u00e1cil manuten\u00e7\u00e3o.","breadcrumb":{"@id":"https:\/\/minasgramados.com.br\/Loja\/produto\/grama-esmeralda-varejo-minimo-de100m%c2%b2\/#breadcrumb"},"inLanguage":"pt-BR","potentialAction":[{"@type":"ReadAction","target":["https:\/\/minasgramados.com.br\/Loja\/produto\/grama-esmeralda-varejo-minimo-de100m%c2%b2\/"]}]},{"@type":"ImageObject","inLanguage":"pt-BR","@id":"https:\/\/minasgramados.com.br\/Loja\/produto\/grama-esmeralda-varejo-minimo-de100m%c2%b2\/#primaryimage","url":"https:\/\/minasgramados.com.br\/Loja\/wp-content\/uploads\/2015\/06\/tapete_grama_esmerada-medidas-2015.jpg","contentUrl":"https:\/\/minasgramados.com.br\/Loja\/wp-content\/uploads\/2015\/06\/tapete_grama_esmerada-medidas-2015.jpg","width":765,"height":600,"caption":"?????????????????"},{"@type":"BreadcrumbList","@id":"https:\/\/minasgramados.com.br\/Loja\/produto\/grama-esmeralda-varejo-minimo-de100m%c2%b2\/#breadcrumb","itemListElement":[{"@type":"ListItem","position":1,"name":"In\u00edcio","item":"https:\/\/minasgramados.com.br\/Loja\/"},{"@type":"ListItem","position":2,"name":"Loja","item":"https:\/\/minasgramados.com.br\/Loja\/loja-modelo-03\/"},{"@type":"ListItem","position":3,"name":"Grama Esmeralda (A partir de 100m\u00b2)"}]},{"@type":"WebSite","@id":"https:\/\/minasgramados.com.br\/Loja\/#website","url":"https:\/\/minasgramados.com.br\/Loja\/","name":"Minas Gramados - Paisagismo e Hidrossemeadura.","description":"Distribuidora de Gramas adubos sementes em Betim e no Brasil.","publisher":{"@id":"https:\/\/minasgramados.com.br\/Loja\/#organization"},"potentialAction":[{"@type":"SearchAction","target":{"@type":"EntryPoint","urlTemplate":"https:\/\/minasgramados.com.br\/Loja\/?s={search_term_string}"},"query-input":{"@type":"PropertyValueSpecification","valueRequired":true,"valueName":"search_term_string"}}],"inLanguage":"pt-BR"},{"@type":"Organization","@id":"https:\/\/minasgramados.com.br\/Loja\/#organization","name":"Minas Gramados - Paisagismo e Hidrossemeadura.","url":"https:\/\/minasgramados.com.br\/Loja\/","logo":{"@type":"ImageObject","inLanguage":"pt-BR","@id":"https:\/\/minasgramados.com.br\/Loja\/#\/schema\/logo\/image\/","url":"https:\/\/minasgramados.com.br\/Loja\/wp-content\/uploads\/2018\/06\/gramados-original-1.gif","contentUrl":"https:\/\/minasgramados.com.br\/Loja\/wp-content\/uploads\/2018\/06\/gramados-original-1.gif","width":600,"height":300,"caption":"Minas Gramados - Paisagismo e Hidrossemeadura."},"image":{"@id":"https:\/\/minasgramados.com.br\/Loja\/#\/schema\/logo\/image\/"}}]}},"_links":{"self":[{"href":"https:\/\/minasgramados.com.br\/Loja\/wp-json\/wp\/v2\/product\/1324","targetHints":{"allow":["GET"]}}],"collection":[{"href":"https:\/\/minasgramados.com.br\/Loja\/wp-json\/wp\/v2\/product"}],"about":[{"href":"https:\/\/minasgramados.com.br\/Loja\/wp-json\/wp\/v2\/types\/product"}],"wp:featuredmedia":[{"embeddable":true,"href":"https:\/\/minasgramados.com.br\/Loja\/wp-json\/wp\/v2\/media\/1325"}],"wp:attachment":[{"href":"https:\/\/minasgramados.com.br\/Loja\/wp-json\/wp\/v2\/media?parent=1324"}],"wp:term":[{"taxonomy":"product_brand","embeddable":true,"href":"https:\/\/minasgramados.com.br\/Loja\/wp-json\/wp\/v2\/product_brand?post=1324"},{"taxonomy":"product_cat","embeddable":true,"href":"https:\/\/minasgramados.com.br\/Loja\/wp-json\/wp\/v2\/product_cat?post=1324"},{"taxonomy":"product_tag","embeddable":true,"href":"https:\/\/minasgramados.com.br\/Loja\/wp-json\/wp\/v2\/product_tag?post=1324"}],"curies":[{"name":"wp","href":"https:\/\/api.w.org\/{rel}","templated":true}]}}