{"id":1327,"date":"2015-06-22T00:24:36","date_gmt":"2015-06-22T03:24:36","guid":{"rendered":"http:\/\/minasgramados.com.br\/Loja\/?post_type=product&#038;p=1327"},"modified":"2025-08-01T10:10:49","modified_gmt":"2025-08-01T13:10:49","slug":"grama-sao-carlos-pluscarga-800m%c2%b2","status":"publish","type":"product","link":"https:\/\/minasgramados.com.br\/Loja\/produto\/grama-sao-carlos-pluscarga-800m%c2%b2\/","title":{"rendered":"Grama S\u00e3o Carlos Plus(Cargas 500M\u00b2)"},"content":{"rendered":"<p style=\"text-align: justify;\">A <strong>Grama S\u00e3o Carlos Plus<\/strong> (Axonopus compressus)\u00a0\u00e9 uma planta rasteira, de origem brasileira, \u00e9 tamb\u00e9m conhecida como Curitibana. A Grama S\u00e3o Carlos Plus possui folhas longas, lisas, cor verde intenso, estol\u00f5es rastejantes e boa rusticidade.<\/p>\n<p style=\"text-align: justify;\"><strong>DIFERENCIAL DA S\u00c3O CARLOS TRADICIONAL:<\/strong> Como diferenciais da Grama S\u00e3o Carlos tradicional \u00e9 que ela possui todas as caracter\u00edsticas descritas acima, a Grama S\u00e3o Carlos Plus possui as seguintes caracter\u00edsticas:<\/p>\n<p style=\"text-align: justify;\"><strong>SISTEMA RADICULAR:<\/strong> Ele \u00e9 mais intenso, o que ocasiona maior resist\u00eancia do tapete no manuseio e plantio, evitando quebras no tapete.<\/p>\n<p style=\"text-align: justify;\"><strong>APLICA\u00c7\u00c3O:<\/strong> A Grama Axonopus Compressus (S\u00e3o Carlos Plus) confere beleza ao projeto paisag\u00edstico,e tem como indica\u00e7\u00f5es para forma\u00e7\u00e3o de jardins, \u00e1reas industriais, resid\u00eancias e casas de campos.<\/p>\n<p style=\"text-align: justify;\"><strong>CARACTER\u00cdSTICAS:<\/strong> A Grama S\u00e3o Carlos Plus reage muito bem principalmente em regi\u00f5es de clima frio, pois tem \u00f3tima toler\u00e2ncia a baixas temperaturas. Adapta-se bem tanto em \u00e1reas ensolaradas como semi-ensolaradas, formando um tapete bem denso.<\/p>\n<p style=\"text-align: justify;\"><strong>RESIST\u00caNCIA A SECAS:<\/strong> A Grama S\u00e3o Carlos Plus apresenta baixa resist\u00eancia a secas, mantendo-se melhor quando em gramados sadios e com vigor. Sua recupera\u00e7\u00e3o a danos \u00e9 lenta e gradativa.<\/p>\n<p style=\"text-align: justify;\"><strong>TOLER\u00c2NCIA A PISOTEIO:<\/strong> Apresenta menor toler\u00e2ncia ao uso intenso por pisoteio, N\u00e3o sendo, portanto recomendada para uso em campos esportivos de alta performance.<\/p>\n<p style=\"text-align: justify;\"><strong>RESIST\u00caNCIA:<\/strong> A Ervas Daninhas Quando propriamente mantida, forma um gramado denso, impedindo o surgimento de ervas daninhas. Toler\u00e2ncia a Insetos: Razo\u00e1vel toler\u00e2ncia a insetos, com r\u00e1pida recupera\u00e7\u00e3o a danos foliares ap\u00f3s tratamento de controle.<\/p>\n<p style=\"text-align: justify;\"><strong>ESTABELECIMENTO:<\/strong> \u00c9 uma h\u00edbrida nativa (sementes est\u00e9reis) de r\u00e1pido estabelecimento por placas (leivas).<\/p>\n<p style=\"text-align: justify;\"><strong>OBS:<\/strong> O Pre\u00e7o acima j\u00e1 est\u00e1 com frete e s\u00f3 \u00e9 valido para cargas de no m\u00ednimo de 840M\u00b2 para dentro de BH e grande BH onde n\u00e3o exceda 50KM acima disso consulte nosso SAC e tire suas d\u00favidas.<\/p>\n<p style=\"text-align: justify;\"><strong>GRAMAS FORA DE MG:<\/strong> S\u00f3 atendemos os estados de <strong>MG E SP.<\/strong> <strong>(<\/strong>O Valor acima\u00a0 \u00e9 para <strong>CARGAS<\/strong> a partir\u00a0 de<strong>\u00a0500M2)<\/strong><\/p>\n","protected":false},"excerpt":{"rendered":"<p style=\"text-align: justify;\">A Grama S\u00e3o Carlos Plus \u00e9 uma planta rasteira, de origem brasileira, \u00e9 tamb\u00e9m conhecida como curitibana. A Grama S\u00e3o Carlos Plus possui folhas longas, lisas, cor verde intenso, estol\u00f5es rastejantes e boa rusticidade. <span style=\"color: #ff0000;\"><strong>OBS:<\/strong> A Grama S\u00e3o Carlos pedido somente por encomenda, e o valor informado acima\u00a0 \u00e9 para pedidos minimo de<strong> 500m2<\/strong> e o <strong>pre\u00e7os pode haver altera\u00e7\u00e3o sem aviso pr\u00e9vio<\/strong>,\u00a0 e o frete \u00e9 FOB, d\u00favidas consulte nosso SAC e tire suas d\u00favidas.<\/span><\/p>\n","protected":false},"featured_media":1328,"template":"","meta":{"_joinchat":[]},"product_brand":[],"product_cat":[28,15],"product_tag":[],"class_list":{"0":"post-1327","1":"product","2":"type-product","3":"status-publish","4":"has-post-thumbnail","6":"product_cat-gramas-e-sementes","7":"product_cat-jardinagem","8":"product_shipping_class-transportadora","9":"entry","10":"has-media","12":"first","13":"outofstock","14":"sale","15":"shipping-taxable","16":"purchasable","17":"product-type-simple","18":"col","19":"wpex-woo-entry","20":"span_1_of_4"},"yoast_head":"<!-- This site is optimized with the Yoast SEO plugin v27.3 - https:\/\/yoast.com\/product\/yoast-seo-wordpress\/ -->\n<title>Grama S\u00e3o Carlos-Grama S\u00e3o Carlos Betim-Grama S\u00e3o Carlos BH<\/title>\n<meta name=\"description\" content=\"A Grama S\u00e3o Carlos Plus \u00e9 uma planta rasteira, de origem brasileira, \u00e9 tamb\u00e9m conhecida como Curitibana, ideal para \u00e1reas sombreadas.\" \/>\n<meta name=\"robots\" content=\"index, follow, max-snippet:-1, max-image-preview:large, max-video-preview:-1\" \/>\n<link rel=\"canonical\" href=\"https:\/\/minasgramados.com.br\/Loja\/produto\/grama-sao-carlos-pluscarga-800m\u00b2\/\" \/>\n<meta name=\"twitter:card\" content=\"summary_large_image\" \/>\n<meta name=\"twitter:title\" content=\"Grama S\u00e3o Carlos-Grama S\u00e3o Carlos Betim-Grama S\u00e3o Carlos BH\" \/>\n<meta name=\"twitter:description\" content=\"A Grama S\u00e3o Carlos Plus \u00e9 uma planta rasteira, de origem brasileira, \u00e9 tamb\u00e9m conhecida como Curitibana, ideal para \u00e1reas sombreadas.\" \/>\n<meta name=\"twitter:image\" content=\"https:\/\/minasgramados.com.br\/Loja\/wp-content\/uploads\/2015\/06\/Grama-s\u00e3o-carlos.jpg\" \/>\n<meta name=\"twitter:label1\" content=\"Est. tempo de leitura\" \/>\n\t<meta name=\"twitter:data1\" content=\"2 minutos\" \/>\n<script type=\"application\/ld+json\" class=\"yoast-schema-graph\">{\"@context\":\"https:\\\/\\\/schema.org\",\"@graph\":[{\"@type\":\"WebPage\",\"@id\":\"https:\\\/\\\/minasgramados.com.br\\\/Loja\\\/produto\\\/grama-sao-carlos-pluscarga-800m%c2%b2\\\/\",\"url\":\"https:\\\/\\\/minasgramados.com.br\\\/Loja\\\/produto\\\/grama-sao-carlos-pluscarga-800m%c2%b2\\\/\",\"name\":\"Grama S\u00e3o Carlos-Grama S\u00e3o Carlos Betim-Grama S\u00e3o Carlos BH\",\"isPartOf\":{\"@id\":\"https:\\\/\\\/minasgramados.com.br\\\/Loja\\\/#website\"},\"primaryImageOfPage\":{\"@id\":\"https:\\\/\\\/minasgramados.com.br\\\/Loja\\\/produto\\\/grama-sao-carlos-pluscarga-800m%c2%b2\\\/#primaryimage\"},\"image\":{\"@id\":\"https:\\\/\\\/minasgramados.com.br\\\/Loja\\\/produto\\\/grama-sao-carlos-pluscarga-800m%c2%b2\\\/#primaryimage\"},\"thumbnailUrl\":\"https:\\\/\\\/minasgramados.com.br\\\/Loja\\\/wp-content\\\/uploads\\\/2015\\\/06\\\/Grama-s\u00e3o-carlos.jpg\",\"datePublished\":\"2015-06-22T03:24:36+00:00\",\"dateModified\":\"2025-08-01T13:10:49+00:00\",\"description\":\"A Grama S\u00e3o Carlos Plus \u00e9 uma planta rasteira, de origem brasileira, \u00e9 tamb\u00e9m conhecida como Curitibana, ideal para \u00e1reas sombreadas.\",\"breadcrumb\":{\"@id\":\"https:\\\/\\\/minasgramados.com.br\\\/Loja\\\/produto\\\/grama-sao-carlos-pluscarga-800m%c2%b2\\\/#breadcrumb\"},\"inLanguage\":\"pt-BR\",\"potentialAction\":[{\"@type\":\"ReadAction\",\"target\":[\"https:\\\/\\\/minasgramados.com.br\\\/Loja\\\/produto\\\/grama-sao-carlos-pluscarga-800m%c2%b2\\\/\"]}]},{\"@type\":\"ImageObject\",\"inLanguage\":\"pt-BR\",\"@id\":\"https:\\\/\\\/minasgramados.com.br\\\/Loja\\\/produto\\\/grama-sao-carlos-pluscarga-800m%c2%b2\\\/#primaryimage\",\"url\":\"https:\\\/\\\/minasgramados.com.br\\\/Loja\\\/wp-content\\\/uploads\\\/2015\\\/06\\\/Grama-s\u00e3o-carlos.jpg\",\"contentUrl\":\"https:\\\/\\\/minasgramados.com.br\\\/Loja\\\/wp-content\\\/uploads\\\/2015\\\/06\\\/Grama-s\u00e3o-carlos.jpg\",\"width\":800,\"height\":600},{\"@type\":\"BreadcrumbList\",\"@id\":\"https:\\\/\\\/minasgramados.com.br\\\/Loja\\\/produto\\\/grama-sao-carlos-pluscarga-800m%c2%b2\\\/#breadcrumb\",\"itemListElement\":[{\"@type\":\"ListItem\",\"position\":1,\"name\":\"In\u00edcio\",\"item\":\"https:\\\/\\\/minasgramados.com.br\\\/Loja\\\/\"},{\"@type\":\"ListItem\",\"position\":2,\"name\":\"Loja\",\"item\":\"https:\\\/\\\/minasgramados.com.br\\\/Loja\\\/loja-modelo-03\\\/\"},{\"@type\":\"ListItem\",\"position\":3,\"name\":\"Grama S\u00e3o Carlos Plus(Cargas 500M\u00b2)\"}]},{\"@type\":\"WebSite\",\"@id\":\"https:\\\/\\\/minasgramados.com.br\\\/Loja\\\/#website\",\"url\":\"https:\\\/\\\/minasgramados.com.br\\\/Loja\\\/\",\"name\":\"Minas Gramados - Paisagismo e Hidrossemeadura.\",\"description\":\"Distribuidora de Gramas adubos sementes em Betim e no Brasil.\",\"publisher\":{\"@id\":\"https:\\\/\\\/minasgramados.com.br\\\/Loja\\\/#organization\"},\"potentialAction\":[{\"@type\":\"SearchAction\",\"target\":{\"@type\":\"EntryPoint\",\"urlTemplate\":\"https:\\\/\\\/minasgramados.com.br\\\/Loja\\\/?s={search_term_string}\"},\"query-input\":{\"@type\":\"PropertyValueSpecification\",\"valueRequired\":true,\"valueName\":\"search_term_string\"}}],\"inLanguage\":\"pt-BR\"},{\"@type\":\"Organization\",\"@id\":\"https:\\\/\\\/minasgramados.com.br\\\/Loja\\\/#organization\",\"name\":\"Minas Gramados - Paisagismo e Hidrossemeadura.\",\"url\":\"https:\\\/\\\/minasgramados.com.br\\\/Loja\\\/\",\"logo\":{\"@type\":\"ImageObject\",\"inLanguage\":\"pt-BR\",\"@id\":\"https:\\\/\\\/minasgramados.com.br\\\/Loja\\\/#\\\/schema\\\/logo\\\/image\\\/\",\"url\":\"https:\\\/\\\/minasgramados.com.br\\\/Loja\\\/wp-content\\\/uploads\\\/2018\\\/06\\\/gramados-original-1.gif\",\"contentUrl\":\"https:\\\/\\\/minasgramados.com.br\\\/Loja\\\/wp-content\\\/uploads\\\/2018\\\/06\\\/gramados-original-1.gif\",\"width\":600,\"height\":300,\"caption\":\"Minas Gramados - Paisagismo e Hidrossemeadura.\"},\"image\":{\"@id\":\"https:\\\/\\\/minasgramados.com.br\\\/Loja\\\/#\\\/schema\\\/logo\\\/image\\\/\"}}]}<\/script>\n<!-- \/ Yoast SEO plugin. -->","yoast_head_json":{"title":"Grama S\u00e3o Carlos-Grama S\u00e3o Carlos Betim-Grama S\u00e3o Carlos BH","description":"A Grama S\u00e3o Carlos Plus \u00e9 uma planta rasteira, de origem brasileira, \u00e9 tamb\u00e9m conhecida como Curitibana, ideal para \u00e1reas sombreadas.","robots":{"index":"index","follow":"follow","max-snippet":"max-snippet:-1","max-image-preview":"max-image-preview:large","max-video-preview":"max-video-preview:-1"},"canonical":"https:\/\/minasgramados.com.br\/Loja\/produto\/grama-sao-carlos-pluscarga-800m\u00b2\/","twitter_card":"summary_large_image","twitter_title":"Grama S\u00e3o Carlos-Grama S\u00e3o Carlos Betim-Grama S\u00e3o Carlos BH","twitter_description":"A Grama S\u00e3o Carlos Plus \u00e9 uma planta rasteira, de origem brasileira, \u00e9 tamb\u00e9m conhecida como Curitibana, ideal para \u00e1reas sombreadas.","twitter_image":"https:\/\/minasgramados.com.br\/Loja\/wp-content\/uploads\/2015\/06\/Grama-s\u00e3o-carlos.jpg","twitter_misc":{"Est. tempo de leitura":"2 minutos"},"schema":{"@context":"https:\/\/schema.org","@graph":[{"@type":"WebPage","@id":"https:\/\/minasgramados.com.br\/Loja\/produto\/grama-sao-carlos-pluscarga-800m%c2%b2\/","url":"https:\/\/minasgramados.com.br\/Loja\/produto\/grama-sao-carlos-pluscarga-800m%c2%b2\/","name":"Grama S\u00e3o Carlos-Grama S\u00e3o Carlos Betim-Grama S\u00e3o Carlos BH","isPartOf":{"@id":"https:\/\/minasgramados.com.br\/Loja\/#website"},"primaryImageOfPage":{"@id":"https:\/\/minasgramados.com.br\/Loja\/produto\/grama-sao-carlos-pluscarga-800m%c2%b2\/#primaryimage"},"image":{"@id":"https:\/\/minasgramados.com.br\/Loja\/produto\/grama-sao-carlos-pluscarga-800m%c2%b2\/#primaryimage"},"thumbnailUrl":"https:\/\/minasgramados.com.br\/Loja\/wp-content\/uploads\/2015\/06\/Grama-s\u00e3o-carlos.jpg","datePublished":"2015-06-22T03:24:36+00:00","dateModified":"2025-08-01T13:10:49+00:00","description":"A Grama S\u00e3o Carlos Plus \u00e9 uma planta rasteira, de origem brasileira, \u00e9 tamb\u00e9m conhecida como Curitibana, ideal para \u00e1reas sombreadas.","breadcrumb":{"@id":"https:\/\/minasgramados.com.br\/Loja\/produto\/grama-sao-carlos-pluscarga-800m%c2%b2\/#breadcrumb"},"inLanguage":"pt-BR","potentialAction":[{"@type":"ReadAction","target":["https:\/\/minasgramados.com.br\/Loja\/produto\/grama-sao-carlos-pluscarga-800m%c2%b2\/"]}]},{"@type":"ImageObject","inLanguage":"pt-BR","@id":"https:\/\/minasgramados.com.br\/Loja\/produto\/grama-sao-carlos-pluscarga-800m%c2%b2\/#primaryimage","url":"https:\/\/minasgramados.com.br\/Loja\/wp-content\/uploads\/2015\/06\/Grama-s\u00e3o-carlos.jpg","contentUrl":"https:\/\/minasgramados.com.br\/Loja\/wp-content\/uploads\/2015\/06\/Grama-s\u00e3o-carlos.jpg","width":800,"height":600},{"@type":"BreadcrumbList","@id":"https:\/\/minasgramados.com.br\/Loja\/produto\/grama-sao-carlos-pluscarga-800m%c2%b2\/#breadcrumb","itemListElement":[{"@type":"ListItem","position":1,"name":"In\u00edcio","item":"https:\/\/minasgramados.com.br\/Loja\/"},{"@type":"ListItem","position":2,"name":"Loja","item":"https:\/\/minasgramados.com.br\/Loja\/loja-modelo-03\/"},{"@type":"ListItem","position":3,"name":"Grama S\u00e3o Carlos Plus(Cargas 500M\u00b2)"}]},{"@type":"WebSite","@id":"https:\/\/minasgramados.com.br\/Loja\/#website","url":"https:\/\/minasgramados.com.br\/Loja\/","name":"Minas Gramados - Paisagismo e Hidrossemeadura.","description":"Distribuidora de Gramas adubos sementes em Betim e no Brasil.","publisher":{"@id":"https:\/\/minasgramados.com.br\/Loja\/#organization"},"potentialAction":[{"@type":"SearchAction","target":{"@type":"EntryPoint","urlTemplate":"https:\/\/minasgramados.com.br\/Loja\/?s={search_term_string}"},"query-input":{"@type":"PropertyValueSpecification","valueRequired":true,"valueName":"search_term_string"}}],"inLanguage":"pt-BR"},{"@type":"Organization","@id":"https:\/\/minasgramados.com.br\/Loja\/#organization","name":"Minas Gramados - Paisagismo e Hidrossemeadura.","url":"https:\/\/minasgramados.com.br\/Loja\/","logo":{"@type":"ImageObject","inLanguage":"pt-BR","@id":"https:\/\/minasgramados.com.br\/Loja\/#\/schema\/logo\/image\/","url":"https:\/\/minasgramados.com.br\/Loja\/wp-content\/uploads\/2018\/06\/gramados-original-1.gif","contentUrl":"https:\/\/minasgramados.com.br\/Loja\/wp-content\/uploads\/2018\/06\/gramados-original-1.gif","width":600,"height":300,"caption":"Minas Gramados - Paisagismo e Hidrossemeadura."},"image":{"@id":"https:\/\/minasgramados.com.br\/Loja\/#\/schema\/logo\/image\/"}}]}},"_links":{"self":[{"href":"https:\/\/minasgramados.com.br\/Loja\/wp-json\/wp\/v2\/product\/1327","targetHints":{"allow":["GET"]}}],"collection":[{"href":"https:\/\/minasgramados.com.br\/Loja\/wp-json\/wp\/v2\/product"}],"about":[{"href":"https:\/\/minasgramados.com.br\/Loja\/wp-json\/wp\/v2\/types\/product"}],"wp:featuredmedia":[{"embeddable":true,"href":"https:\/\/minasgramados.com.br\/Loja\/wp-json\/wp\/v2\/media\/1328"}],"wp:attachment":[{"href":"https:\/\/minasgramados.com.br\/Loja\/wp-json\/wp\/v2\/media?parent=1327"}],"wp:term":[{"taxonomy":"product_brand","embeddable":true,"href":"https:\/\/minasgramados.com.br\/Loja\/wp-json\/wp\/v2\/product_brand?post=1327"},{"taxonomy":"product_cat","embeddable":true,"href":"https:\/\/minasgramados.com.br\/Loja\/wp-json\/wp\/v2\/product_cat?post=1327"},{"taxonomy":"product_tag","embeddable":true,"href":"https:\/\/minasgramados.com.br\/Loja\/wp-json\/wp\/v2\/product_tag?post=1327"}],"curies":[{"name":"wp","href":"https:\/\/api.w.org\/{rel}","templated":true}]}}