{"id":1332,"date":"2015-06-22T00:41:44","date_gmt":"2015-06-22T00:41:44","guid":{"rendered":"http:\/\/minasgramados.com.br\/Loja\/?post_type=product&#038;p=1332"},"modified":"2025-07-23T20:53:50","modified_gmt":"2025-07-23T23:53:50","slug":"semente-de-grama-batatais","status":"publish","type":"product","link":"https:\/\/minasgramados.com.br\/Loja\/produto\/semente-de-grama-batatais\/","title":{"rendered":"Semente de Grama Batatais"},"content":{"rendered":"<p style=\"text-align: justify;\"><strong>SEMENTE DE GRAMA BATATAIS:<\/strong> \u00c9 uma planta herb\u00e1cea de 15 a 30 cm de altura de folhas lineares, muito pilosas e alongadas; planta muito r\u00fastica e que se adapta bem a grandes \u00e1reas verdes, de solos secos e inf\u00e9rteis. Em rela\u00e7\u00e3o \u00e0s outras gramas, sua apar\u00eancia \u00e9 mais grosseira. Deve ser plantada a sol pleno pois n\u00e3o resiste \u00e0 sombra. Quando colocada em locais sombreados, come\u00e7a a perder as folhas e deixar o solo descoberto at\u00e9 que a grama desapare\u00e7a totalmente. Produz grande quantidade de massa verde o que contribui muito para seu desenvolvimento em solos pobres. Seu crescimento no ver\u00e3o \u00e9 abundante o que torna a manuten\u00e7\u00e3o um pouco mais cara que outros tipos de grama. \u00c9 apresentada em placas irregulares retiradas com enxada no local de produ\u00e7\u00e3o o que faz com que seu plantio seja mais demorado e menos uniforme, assim como seu fechamento. Devido \u00e0 isso \u00e9 muito suscept\u00edvel \u00e0 infesta\u00e7\u00e3o de ervas daninhas na \u00e9poca de pegamento. \u00c9 muito utilizada para controle de taludes e a\u00e7udes devido ao seu baixo custo de implanta\u00e7\u00e3o.<\/p>\n<p style=\"text-align: justify;\"><strong>GRAMA BATATAIS &#8211; Nome Cient\u00edfico:<\/strong> Paspalum notatum Fl\u00fcegge &#8211; Fam\u00edlia Gramineae<\/p>\n<p style=\"text-align: justify;\"><strong>PRINCIPAIS VANTAGENS:<\/strong><\/p>\n<p style=\"text-align: justify;\">Grande rusticidade<br \/>\nBaixo custo<br \/>\nResist\u00eancia \u00e0 seca<br \/>\nAdapta-se \u00e0 solos pobres<\/p>\n<p style=\"text-align: justify;\"><strong>DESVANTAGENS:<\/strong><\/p>\n<p style=\"text-align: justify;\">Crescimento (Menor Intervalo de Corte)<br \/>\nSuscept\u00edvel \u00e0 incid\u00eancia de pragas<br \/>\nApresenta\u00e7\u00e3o para o plantio<\/p>\n<p style=\"text-align: justify;\"><strong>INDICA\u00c7\u00d5ES PRINCIPAIS:<\/strong><\/p>\n<p style=\"text-align: justify;\">\u00c9 muito utilizado na conten\u00e7\u00e3o de eros\u00f5es, taludes, \u00e1reas industriais, laterais e canteiros centrais de rodovias, etc&#8230;<\/p>\n<p style=\"text-align: justify;\"><strong>CUIDADOS ESPECIAIS:<\/strong><\/p>\n<p style=\"text-align: justify;\">Inicialmente sua manuten\u00e7\u00e3o ser\u00e1 mais complicada, por ela n\u00e3o ser isenta de pragas.<br \/>\nEla deve ser molhada durante os vinte primeiros dias de plantada<\/p>\n<p><strong>RENDIMENTO POR M2:<\/strong> De 100 M2 cada KG de semente<\/p>\n<p><strong>OBS:<\/strong> S\u00e3o semente selecionadas, m\u00e1ximo de 80% pureza.<\/p>\n<p>VEJA VALORES ABAIXO NO VAREJO E ATACADO.<\/p>\n<p>. Compras de \u00a001 a 20 KG &#8211; R$: 159,00<\/p>\n<p>. Compras de\u00a0 21 a 200 KG &#8211; R$: 155,00<\/p>\n<p>. Compras de\u00a0 201 ou mais KG &#8211; R$: 145,00<\/p>\n<p><strong>OBS:<\/strong> Valores <strong>ACIMA<\/strong> com nota fiscal <strong>SEM NOTA<\/strong> desconto de <strong>2,5%.<\/strong><\/p>\n<p><strong>ATEN\u00c7\u00c3O:<\/strong> Fa\u00e7a seu pedido do Manual de plantio para garantir o sucesso no seu plantio<\/p>\n","protected":false},"excerpt":{"rendered":"<p style=\"text-align: justify;\">SEMENTE DE GRAMA BATATAIS: \u00c9 uma planta herb\u00e1cea de 15 a 30 cm de altura de folhas lineares, muito pilosas e alongadas. Planta muito r\u00fastica se adapta bem a grandes \u00e1reas verdes, de solos secos e inf\u00e9rteis.<\/p>\n<p style=\"text-align: justify;\"><span style=\"color: #ff0000;\">(OBS) Sementes sujeito a indisponibilidade,\u00a0 consulte nosso SAC sobre\u00a0 disponibilidade e fa\u00e7a os seus pedidos.<\/span><\/p>\n","protected":false},"featured_media":1913,"template":"","meta":{"_joinchat":[]},"product_brand":[],"product_cat":[28,15],"product_tag":[],"class_list":{"0":"post-1332","1":"product","2":"type-product","3":"status-publish","4":"has-post-thumbnail","6":"product_cat-gramas-e-sementes","7":"product_cat-jardinagem","8":"entry","9":"has-media","11":"first","12":"outofstock","13":"sale","14":"shipping-taxable","15":"purchasable","16":"product-type-simple","17":"col","18":"wpex-woo-entry","19":"span_1_of_4"},"yoast_head":"<!-- This site is optimized with the Yoast SEO plugin v27.3 - https:\/\/yoast.com\/product\/yoast-seo-wordpress\/ -->\n<title>Semente de Grama Batatais -Sementes Grama batatais BH<\/title>\n<meta name=\"description\" content=\"Semente de Grama batatais que \u00e9 uma planta herb\u00e1cea de 15 a 30 cm de altura de folhas lineares, muito pilosas e alongadas e muito r\u00fastica.\" \/>\n<meta name=\"robots\" content=\"index, follow, max-snippet:-1, max-image-preview:large, max-video-preview:-1\" \/>\n<link rel=\"canonical\" href=\"https:\/\/minasgramados.com.br\/Loja\/produto\/semente-de-grama-batatais\/\" \/>\n<meta name=\"twitter:card\" content=\"summary_large_image\" \/>\n<meta name=\"twitter:title\" content=\"Semente de Grama Batatais -Sementes Grama batatais BH\" \/>\n<meta name=\"twitter:description\" content=\"Semente de Grama batatais que \u00e9 uma planta herb\u00e1cea de 15 a 30 cm de altura de folhas lineares, muito pilosas e alongadas e muito r\u00fastica.\" \/>\n<meta name=\"twitter:image\" content=\"https:\/\/minasgramados.com.br\/Loja\/wp-content\/uploads\/2015\/06\/Semente-grama-Batatais-Out-2016.jpg\" \/>\n<meta name=\"twitter:label1\" content=\"Est. tempo de leitura\" \/>\n\t<meta name=\"twitter:data1\" content=\"3 minutos\" \/>\n<script type=\"application\/ld+json\" class=\"yoast-schema-graph\">{\"@context\":\"https:\\\/\\\/schema.org\",\"@graph\":[{\"@type\":\"WebPage\",\"@id\":\"https:\\\/\\\/minasgramados.com.br\\\/Loja\\\/produto\\\/semente-de-grama-batatais\\\/\",\"url\":\"https:\\\/\\\/minasgramados.com.br\\\/Loja\\\/produto\\\/semente-de-grama-batatais\\\/\",\"name\":\"Semente de Grama Batatais -Sementes Grama batatais BH\",\"isPartOf\":{\"@id\":\"https:\\\/\\\/minasgramados.com.br\\\/Loja\\\/#website\"},\"primaryImageOfPage\":{\"@id\":\"https:\\\/\\\/minasgramados.com.br\\\/Loja\\\/produto\\\/semente-de-grama-batatais\\\/#primaryimage\"},\"image\":{\"@id\":\"https:\\\/\\\/minasgramados.com.br\\\/Loja\\\/produto\\\/semente-de-grama-batatais\\\/#primaryimage\"},\"thumbnailUrl\":\"https:\\\/\\\/minasgramados.com.br\\\/Loja\\\/wp-content\\\/uploads\\\/2015\\\/06\\\/Semente-grama-Batatais-Out-2016.jpg\",\"datePublished\":\"2015-06-22T00:41:44+00:00\",\"dateModified\":\"2025-07-23T23:53:50+00:00\",\"description\":\"Semente de Grama batatais que \u00e9 uma planta herb\u00e1cea de 15 a 30 cm de altura de folhas lineares, muito pilosas e alongadas e muito r\u00fastica.\",\"breadcrumb\":{\"@id\":\"https:\\\/\\\/minasgramados.com.br\\\/Loja\\\/produto\\\/semente-de-grama-batatais\\\/#breadcrumb\"},\"inLanguage\":\"pt-BR\",\"potentialAction\":[{\"@type\":\"ReadAction\",\"target\":[\"https:\\\/\\\/minasgramados.com.br\\\/Loja\\\/produto\\\/semente-de-grama-batatais\\\/\"]}]},{\"@type\":\"ImageObject\",\"inLanguage\":\"pt-BR\",\"@id\":\"https:\\\/\\\/minasgramados.com.br\\\/Loja\\\/produto\\\/semente-de-grama-batatais\\\/#primaryimage\",\"url\":\"https:\\\/\\\/minasgramados.com.br\\\/Loja\\\/wp-content\\\/uploads\\\/2015\\\/06\\\/Semente-grama-Batatais-Out-2016.jpg\",\"contentUrl\":\"https:\\\/\\\/minasgramados.com.br\\\/Loja\\\/wp-content\\\/uploads\\\/2015\\\/06\\\/Semente-grama-Batatais-Out-2016.jpg\",\"width\":598,\"height\":488},{\"@type\":\"BreadcrumbList\",\"@id\":\"https:\\\/\\\/minasgramados.com.br\\\/Loja\\\/produto\\\/semente-de-grama-batatais\\\/#breadcrumb\",\"itemListElement\":[{\"@type\":\"ListItem\",\"position\":1,\"name\":\"In\u00edcio\",\"item\":\"https:\\\/\\\/minasgramados.com.br\\\/Loja\\\/\"},{\"@type\":\"ListItem\",\"position\":2,\"name\":\"Loja\",\"item\":\"https:\\\/\\\/minasgramados.com.br\\\/Loja\\\/loja-modelo-03\\\/\"},{\"@type\":\"ListItem\",\"position\":3,\"name\":\"Semente de Grama Batatais\"}]},{\"@type\":\"WebSite\",\"@id\":\"https:\\\/\\\/minasgramados.com.br\\\/Loja\\\/#website\",\"url\":\"https:\\\/\\\/minasgramados.com.br\\\/Loja\\\/\",\"name\":\"Minas Gramados - Paisagismo e Hidrossemeadura.\",\"description\":\"Distribuidora de Gramas adubos sementes em Betim e no Brasil.\",\"publisher\":{\"@id\":\"https:\\\/\\\/minasgramados.com.br\\\/Loja\\\/#organization\"},\"potentialAction\":[{\"@type\":\"SearchAction\",\"target\":{\"@type\":\"EntryPoint\",\"urlTemplate\":\"https:\\\/\\\/minasgramados.com.br\\\/Loja\\\/?s={search_term_string}\"},\"query-input\":{\"@type\":\"PropertyValueSpecification\",\"valueRequired\":true,\"valueName\":\"search_term_string\"}}],\"inLanguage\":\"pt-BR\"},{\"@type\":\"Organization\",\"@id\":\"https:\\\/\\\/minasgramados.com.br\\\/Loja\\\/#organization\",\"name\":\"Minas Gramados - Paisagismo e Hidrossemeadura.\",\"url\":\"https:\\\/\\\/minasgramados.com.br\\\/Loja\\\/\",\"logo\":{\"@type\":\"ImageObject\",\"inLanguage\":\"pt-BR\",\"@id\":\"https:\\\/\\\/minasgramados.com.br\\\/Loja\\\/#\\\/schema\\\/logo\\\/image\\\/\",\"url\":\"https:\\\/\\\/minasgramados.com.br\\\/Loja\\\/wp-content\\\/uploads\\\/2018\\\/06\\\/gramados-original-1.gif\",\"contentUrl\":\"https:\\\/\\\/minasgramados.com.br\\\/Loja\\\/wp-content\\\/uploads\\\/2018\\\/06\\\/gramados-original-1.gif\",\"width\":600,\"height\":300,\"caption\":\"Minas Gramados - Paisagismo e Hidrossemeadura.\"},\"image\":{\"@id\":\"https:\\\/\\\/minasgramados.com.br\\\/Loja\\\/#\\\/schema\\\/logo\\\/image\\\/\"}}]}<\/script>\n<!-- \/ Yoast SEO plugin. -->","yoast_head_json":{"title":"Semente de Grama Batatais -Sementes Grama batatais BH","description":"Semente de Grama batatais que \u00e9 uma planta herb\u00e1cea de 15 a 30 cm de altura de folhas lineares, muito pilosas e alongadas e muito r\u00fastica.","robots":{"index":"index","follow":"follow","max-snippet":"max-snippet:-1","max-image-preview":"max-image-preview:large","max-video-preview":"max-video-preview:-1"},"canonical":"https:\/\/minasgramados.com.br\/Loja\/produto\/semente-de-grama-batatais\/","twitter_card":"summary_large_image","twitter_title":"Semente de Grama Batatais -Sementes Grama batatais BH","twitter_description":"Semente de Grama batatais que \u00e9 uma planta herb\u00e1cea de 15 a 30 cm de altura de folhas lineares, muito pilosas e alongadas e muito r\u00fastica.","twitter_image":"https:\/\/minasgramados.com.br\/Loja\/wp-content\/uploads\/2015\/06\/Semente-grama-Batatais-Out-2016.jpg","twitter_misc":{"Est. tempo de leitura":"3 minutos"},"schema":{"@context":"https:\/\/schema.org","@graph":[{"@type":"WebPage","@id":"https:\/\/minasgramados.com.br\/Loja\/produto\/semente-de-grama-batatais\/","url":"https:\/\/minasgramados.com.br\/Loja\/produto\/semente-de-grama-batatais\/","name":"Semente de Grama Batatais -Sementes Grama batatais BH","isPartOf":{"@id":"https:\/\/minasgramados.com.br\/Loja\/#website"},"primaryImageOfPage":{"@id":"https:\/\/minasgramados.com.br\/Loja\/produto\/semente-de-grama-batatais\/#primaryimage"},"image":{"@id":"https:\/\/minasgramados.com.br\/Loja\/produto\/semente-de-grama-batatais\/#primaryimage"},"thumbnailUrl":"https:\/\/minasgramados.com.br\/Loja\/wp-content\/uploads\/2015\/06\/Semente-grama-Batatais-Out-2016.jpg","datePublished":"2015-06-22T00:41:44+00:00","dateModified":"2025-07-23T23:53:50+00:00","description":"Semente de Grama batatais que \u00e9 uma planta herb\u00e1cea de 15 a 30 cm de altura de folhas lineares, muito pilosas e alongadas e muito r\u00fastica.","breadcrumb":{"@id":"https:\/\/minasgramados.com.br\/Loja\/produto\/semente-de-grama-batatais\/#breadcrumb"},"inLanguage":"pt-BR","potentialAction":[{"@type":"ReadAction","target":["https:\/\/minasgramados.com.br\/Loja\/produto\/semente-de-grama-batatais\/"]}]},{"@type":"ImageObject","inLanguage":"pt-BR","@id":"https:\/\/minasgramados.com.br\/Loja\/produto\/semente-de-grama-batatais\/#primaryimage","url":"https:\/\/minasgramados.com.br\/Loja\/wp-content\/uploads\/2015\/06\/Semente-grama-Batatais-Out-2016.jpg","contentUrl":"https:\/\/minasgramados.com.br\/Loja\/wp-content\/uploads\/2015\/06\/Semente-grama-Batatais-Out-2016.jpg","width":598,"height":488},{"@type":"BreadcrumbList","@id":"https:\/\/minasgramados.com.br\/Loja\/produto\/semente-de-grama-batatais\/#breadcrumb","itemListElement":[{"@type":"ListItem","position":1,"name":"In\u00edcio","item":"https:\/\/minasgramados.com.br\/Loja\/"},{"@type":"ListItem","position":2,"name":"Loja","item":"https:\/\/minasgramados.com.br\/Loja\/loja-modelo-03\/"},{"@type":"ListItem","position":3,"name":"Semente de Grama Batatais"}]},{"@type":"WebSite","@id":"https:\/\/minasgramados.com.br\/Loja\/#website","url":"https:\/\/minasgramados.com.br\/Loja\/","name":"Minas Gramados - Paisagismo e Hidrossemeadura.","description":"Distribuidora de Gramas adubos sementes em Betim e no Brasil.","publisher":{"@id":"https:\/\/minasgramados.com.br\/Loja\/#organization"},"potentialAction":[{"@type":"SearchAction","target":{"@type":"EntryPoint","urlTemplate":"https:\/\/minasgramados.com.br\/Loja\/?s={search_term_string}"},"query-input":{"@type":"PropertyValueSpecification","valueRequired":true,"valueName":"search_term_string"}}],"inLanguage":"pt-BR"},{"@type":"Organization","@id":"https:\/\/minasgramados.com.br\/Loja\/#organization","name":"Minas Gramados - Paisagismo e Hidrossemeadura.","url":"https:\/\/minasgramados.com.br\/Loja\/","logo":{"@type":"ImageObject","inLanguage":"pt-BR","@id":"https:\/\/minasgramados.com.br\/Loja\/#\/schema\/logo\/image\/","url":"https:\/\/minasgramados.com.br\/Loja\/wp-content\/uploads\/2018\/06\/gramados-original-1.gif","contentUrl":"https:\/\/minasgramados.com.br\/Loja\/wp-content\/uploads\/2018\/06\/gramados-original-1.gif","width":600,"height":300,"caption":"Minas Gramados - Paisagismo e Hidrossemeadura."},"image":{"@id":"https:\/\/minasgramados.com.br\/Loja\/#\/schema\/logo\/image\/"}}]}},"_links":{"self":[{"href":"https:\/\/minasgramados.com.br\/Loja\/wp-json\/wp\/v2\/product\/1332","targetHints":{"allow":["GET"]}}],"collection":[{"href":"https:\/\/minasgramados.com.br\/Loja\/wp-json\/wp\/v2\/product"}],"about":[{"href":"https:\/\/minasgramados.com.br\/Loja\/wp-json\/wp\/v2\/types\/product"}],"wp:featuredmedia":[{"embeddable":true,"href":"https:\/\/minasgramados.com.br\/Loja\/wp-json\/wp\/v2\/media\/1913"}],"wp:attachment":[{"href":"https:\/\/minasgramados.com.br\/Loja\/wp-json\/wp\/v2\/media?parent=1332"}],"wp:term":[{"taxonomy":"product_brand","embeddable":true,"href":"https:\/\/minasgramados.com.br\/Loja\/wp-json\/wp\/v2\/product_brand?post=1332"},{"taxonomy":"product_cat","embeddable":true,"href":"https:\/\/minasgramados.com.br\/Loja\/wp-json\/wp\/v2\/product_cat?post=1332"},{"taxonomy":"product_tag","embeddable":true,"href":"https:\/\/minasgramados.com.br\/Loja\/wp-json\/wp\/v2\/product_tag?post=1332"}],"curies":[{"name":"wp","href":"https:\/\/api.w.org\/{rel}","templated":true}]}}