{"id":1337,"date":"2015-06-22T00:57:53","date_gmt":"2015-06-22T03:57:53","guid":{"rendered":"http:\/\/minasgramados.com.br\/Loja\/?post_type=product&#038;p=1337"},"modified":"2023-10-31T09:32:15","modified_gmt":"2023-10-31T12:32:15","slug":"semente-de-grama-sao-carlos","status":"publish","type":"product","link":"https:\/\/minasgramados.com.br\/Loja\/produto\/semente-de-grama-sao-carlos\/","title":{"rendered":"Semente de Grama S\u00e3o Carlos.(01kg)"},"content":{"rendered":"<p style=\"text-align: justify;\">SEMENTE DE GRAMA S\u00c3O CARLOS: \u00c9 uma\u00a0gram\u00ednea rasteira, de origem Brasileira, com 10-20 cm de altura. Possui folhas lisas, perenes e lineares. De forma\u00e7\u00e3o muito densa e de um tom de verde muito ornamental, essa grama se adapta a locais de meia sombra ou a sol pleno. Tolera tamb\u00e9m locais \u00famidos e frios. Apresenta pouca resist\u00eancia \u00e0 seca, n\u00e3o sendo ent\u00e3o muito recomendada para \u00e1reas r\u00fasticas e sem irriga\u00e7\u00e3o.Deve ser plantada em solos f\u00e9rteis pois n\u00e3o se desenvolve bem em solos pobres como outros tipos de grama. Para manter um bom aspecto a grama deve ser cortada frequentemente a fim de que n\u00e3o forme muita massa verde. Em certas regi\u00f5es tem se notado muitos problemas de car\u00e1ter fitossanit\u00e1rio, o que torna seu plantio arriscado pois a grama nunca atingir\u00e1 o n\u00edvel adequado. Apresenta alta resist\u00eancia ao pisoteio. Sua apresenta\u00e7\u00e3o \u00e9 em rolos de 0.5 m2 facilitando o plantio e sua forma\u00e7\u00e3o. Seu custo \u00e9 o maior dentre as gramas apresentadas.<\/p>\n<p>GRAMA S\u00c3O CARLOS: Nome Cient\u00edfico: Axonopus compressus Beauv .<\/p>\n<p>PRINCIPAIS VANTAGENS:<\/p>\n<p>Ambienta\u00e7\u00e3o em \u00e1reas ensolaradas e semi-sombreadas.<br \/>\nCrescimento pouco intenso<br \/>\nResistente a pragas e ervas daninhas.<br \/>\nForma gramado denso<\/p>\n<p>DESVANTAGENS:<\/p>\n<p>N\u00e3o se adapta a solos pobres e regi\u00f5es secas<br \/>\nPode apresentar doen\u00e7as e pragas dependendo da Regi\u00e3o<br \/>\nManuten\u00e7\u00e3o alta para manter o gramado bonito (Pequeno intervalo de corte)<\/p>\n<p>INDICA\u00c7\u00d5ES PRINCIPAIS:<\/p>\n<p>Jardins, \u00e1reas industriais,resid\u00eancias e casas de campo.<\/p>\n<p>CARACTER\u00cdSTICAS:<\/p>\n<p>Folhas largas, lisas e sem pelos; cor verde intenso, estol\u00f5es abundantes.<\/p>\n<p>CUIDADOS ESPECIAIS:<\/p>\n<p>Irrigar nas \u00e9pocas de estiagem. Cortar sempre que altura for maior 2-3cm.<\/p>\n<p>RENDIMENTO POR M2: De 250 a 350M2 por cada KG de semente.<\/p>\n<p>OBS: Valor referente a embalagem com 01 KG de semente; pre\u00e7os sujeitos a altera\u00e7\u00f5es sem aviso pr\u00e9vio, antes de comprar consulte nosso estoque.<\/p>\n<p>Fa\u00e7a o Download do Manual de plantio e tratos em nosso site em www.minasgramados.com.br<\/p>\n","protected":false},"excerpt":{"rendered":"<p style=\"text-align: justify;\">SEMENTE DE GRAMA S\u00c3O CARLOS: \u00c9 uma\u00a0gram\u00ednea rasteira de origem Brasileira, com 10 a 20 cm de altura e\u00a0que possui folhas lisas, perenes e lineares, indicada\u00a0para \u00e1reas semi sombreada. De forma\u00e7\u00e3o muito densa e de um tom de verde muito ornamental, essa grama se adapta a locais de meia sombra ou a sol pleno. <span style=\"color: #ff0000;\">(Sujeito a indisponibilidade antes de comprar por aqui consulte-nos o estoque)<\/span><\/p>\n","protected":false},"featured_media":1334,"template":"","meta":{"_joinchat":[]},"product_brand":[],"product_cat":[28,15],"product_tag":[],"class_list":{"0":"post-1337","1":"product","2":"type-product","3":"status-publish","4":"has-post-thumbnail","6":"product_cat-gramas-e-sementes","7":"product_cat-jardinagem","8":"entry","9":"has-media","11":"first","12":"outofstock","13":"sale","14":"shipping-taxable","15":"purchasable","16":"product-type-simple","17":"col","18":"wpex-woo-entry","19":"span_1_of_4"},"yoast_head":"<!-- This site is optimized with the Yoast SEO plugin v27.3 - https:\/\/yoast.com\/product\/yoast-seo-wordpress\/ -->\n<title>Semente de Grama S\u00e3o Carlos - Grama S\u00e3o Carlos BH<\/title>\n<meta name=\"description\" content=\"SEMENTE GRAMA S\u00c3O CARLOS: \u00c9 uma planta rasteira, de origem Brasileira, com 10-20 cm de altura, possui folhas lisas, e lineares e ornamental.\" \/>\n<meta name=\"robots\" content=\"index, follow, max-snippet:-1, max-image-preview:large, max-video-preview:-1\" \/>\n<link rel=\"canonical\" href=\"https:\/\/minasgramados.com.br\/Loja\/produto\/semente-de-grama-sao-carlos\/\" \/>\n<meta name=\"twitter:card\" content=\"summary_large_image\" \/>\n<meta name=\"twitter:title\" content=\"Semente de Grama S\u00e3o Carlos - Grama S\u00e3o Carlos BH\" \/>\n<meta name=\"twitter:description\" content=\"SEMENTE GRAMA S\u00c3O CARLOS: \u00c9 uma planta rasteira, de origem Brasileira, com 10-20 cm de altura, possui folhas lisas, e lineares e ornamental.\" \/>\n<meta name=\"twitter:image\" content=\"https:\/\/minasgramados.com.br\/Loja\/wp-content\/uploads\/2015\/06\/Grama-Batatais-nascendo.jpg\" \/>\n<meta name=\"twitter:label1\" content=\"Est. tempo de leitura\" \/>\n\t<meta name=\"twitter:data1\" content=\"2 minutos\" \/>\n<script type=\"application\/ld+json\" class=\"yoast-schema-graph\">{\"@context\":\"https:\\\/\\\/schema.org\",\"@graph\":[{\"@type\":\"WebPage\",\"@id\":\"https:\\\/\\\/minasgramados.com.br\\\/Loja\\\/produto\\\/semente-de-grama-sao-carlos\\\/\",\"url\":\"https:\\\/\\\/minasgramados.com.br\\\/Loja\\\/produto\\\/semente-de-grama-sao-carlos\\\/\",\"name\":\"Semente de Grama S\u00e3o Carlos - Grama S\u00e3o Carlos BH\",\"isPartOf\":{\"@id\":\"https:\\\/\\\/minasgramados.com.br\\\/Loja\\\/#website\"},\"primaryImageOfPage\":{\"@id\":\"https:\\\/\\\/minasgramados.com.br\\\/Loja\\\/produto\\\/semente-de-grama-sao-carlos\\\/#primaryimage\"},\"image\":{\"@id\":\"https:\\\/\\\/minasgramados.com.br\\\/Loja\\\/produto\\\/semente-de-grama-sao-carlos\\\/#primaryimage\"},\"thumbnailUrl\":\"https:\\\/\\\/minasgramados.com.br\\\/Loja\\\/wp-content\\\/uploads\\\/2015\\\/06\\\/Grama-Batatais-nascendo.jpg\",\"datePublished\":\"2015-06-22T03:57:53+00:00\",\"dateModified\":\"2023-10-31T12:32:15+00:00\",\"description\":\"SEMENTE GRAMA S\u00c3O CARLOS: \u00c9 uma planta rasteira, de origem Brasileira, com 10-20 cm de altura, possui folhas lisas, e lineares e ornamental.\",\"breadcrumb\":{\"@id\":\"https:\\\/\\\/minasgramados.com.br\\\/Loja\\\/produto\\\/semente-de-grama-sao-carlos\\\/#breadcrumb\"},\"inLanguage\":\"pt-BR\",\"potentialAction\":[{\"@type\":\"ReadAction\",\"target\":[\"https:\\\/\\\/minasgramados.com.br\\\/Loja\\\/produto\\\/semente-de-grama-sao-carlos\\\/\"]}]},{\"@type\":\"ImageObject\",\"inLanguage\":\"pt-BR\",\"@id\":\"https:\\\/\\\/minasgramados.com.br\\\/Loja\\\/produto\\\/semente-de-grama-sao-carlos\\\/#primaryimage\",\"url\":\"https:\\\/\\\/minasgramados.com.br\\\/Loja\\\/wp-content\\\/uploads\\\/2015\\\/06\\\/Grama-Batatais-nascendo.jpg\",\"contentUrl\":\"https:\\\/\\\/minasgramados.com.br\\\/Loja\\\/wp-content\\\/uploads\\\/2015\\\/06\\\/Grama-Batatais-nascendo.jpg\",\"width\":800,\"height\":544},{\"@type\":\"BreadcrumbList\",\"@id\":\"https:\\\/\\\/minasgramados.com.br\\\/Loja\\\/produto\\\/semente-de-grama-sao-carlos\\\/#breadcrumb\",\"itemListElement\":[{\"@type\":\"ListItem\",\"position\":1,\"name\":\"In\u00edcio\",\"item\":\"https:\\\/\\\/minasgramados.com.br\\\/Loja\\\/\"},{\"@type\":\"ListItem\",\"position\":2,\"name\":\"Loja\",\"item\":\"https:\\\/\\\/minasgramados.com.br\\\/Loja\\\/loja-modelo-03\\\/\"},{\"@type\":\"ListItem\",\"position\":3,\"name\":\"Semente de Grama S\u00e3o Carlos.(01kg)\"}]},{\"@type\":\"WebSite\",\"@id\":\"https:\\\/\\\/minasgramados.com.br\\\/Loja\\\/#website\",\"url\":\"https:\\\/\\\/minasgramados.com.br\\\/Loja\\\/\",\"name\":\"Minas Gramados - Paisagismo e Hidrossemeadura.\",\"description\":\"Distribuidora de Gramas adubos sementes em Betim e no Brasil.\",\"publisher\":{\"@id\":\"https:\\\/\\\/minasgramados.com.br\\\/Loja\\\/#organization\"},\"potentialAction\":[{\"@type\":\"SearchAction\",\"target\":{\"@type\":\"EntryPoint\",\"urlTemplate\":\"https:\\\/\\\/minasgramados.com.br\\\/Loja\\\/?s={search_term_string}\"},\"query-input\":{\"@type\":\"PropertyValueSpecification\",\"valueRequired\":true,\"valueName\":\"search_term_string\"}}],\"inLanguage\":\"pt-BR\"},{\"@type\":\"Organization\",\"@id\":\"https:\\\/\\\/minasgramados.com.br\\\/Loja\\\/#organization\",\"name\":\"Minas Gramados - Paisagismo e Hidrossemeadura.\",\"url\":\"https:\\\/\\\/minasgramados.com.br\\\/Loja\\\/\",\"logo\":{\"@type\":\"ImageObject\",\"inLanguage\":\"pt-BR\",\"@id\":\"https:\\\/\\\/minasgramados.com.br\\\/Loja\\\/#\\\/schema\\\/logo\\\/image\\\/\",\"url\":\"https:\\\/\\\/minasgramados.com.br\\\/Loja\\\/wp-content\\\/uploads\\\/2018\\\/06\\\/gramados-original-1.gif\",\"contentUrl\":\"https:\\\/\\\/minasgramados.com.br\\\/Loja\\\/wp-content\\\/uploads\\\/2018\\\/06\\\/gramados-original-1.gif\",\"width\":600,\"height\":300,\"caption\":\"Minas Gramados - Paisagismo e Hidrossemeadura.\"},\"image\":{\"@id\":\"https:\\\/\\\/minasgramados.com.br\\\/Loja\\\/#\\\/schema\\\/logo\\\/image\\\/\"}}]}<\/script>\n<!-- \/ Yoast SEO plugin. -->","yoast_head_json":{"title":"Semente de Grama S\u00e3o Carlos - Grama S\u00e3o Carlos BH","description":"SEMENTE GRAMA S\u00c3O CARLOS: \u00c9 uma planta rasteira, de origem Brasileira, com 10-20 cm de altura, possui folhas lisas, e lineares e ornamental.","robots":{"index":"index","follow":"follow","max-snippet":"max-snippet:-1","max-image-preview":"max-image-preview:large","max-video-preview":"max-video-preview:-1"},"canonical":"https:\/\/minasgramados.com.br\/Loja\/produto\/semente-de-grama-sao-carlos\/","twitter_card":"summary_large_image","twitter_title":"Semente de Grama S\u00e3o Carlos - Grama S\u00e3o Carlos BH","twitter_description":"SEMENTE GRAMA S\u00c3O CARLOS: \u00c9 uma planta rasteira, de origem Brasileira, com 10-20 cm de altura, possui folhas lisas, e lineares e ornamental.","twitter_image":"https:\/\/minasgramados.com.br\/Loja\/wp-content\/uploads\/2015\/06\/Grama-Batatais-nascendo.jpg","twitter_misc":{"Est. tempo de leitura":"2 minutos"},"schema":{"@context":"https:\/\/schema.org","@graph":[{"@type":"WebPage","@id":"https:\/\/minasgramados.com.br\/Loja\/produto\/semente-de-grama-sao-carlos\/","url":"https:\/\/minasgramados.com.br\/Loja\/produto\/semente-de-grama-sao-carlos\/","name":"Semente de Grama S\u00e3o Carlos - Grama S\u00e3o Carlos BH","isPartOf":{"@id":"https:\/\/minasgramados.com.br\/Loja\/#website"},"primaryImageOfPage":{"@id":"https:\/\/minasgramados.com.br\/Loja\/produto\/semente-de-grama-sao-carlos\/#primaryimage"},"image":{"@id":"https:\/\/minasgramados.com.br\/Loja\/produto\/semente-de-grama-sao-carlos\/#primaryimage"},"thumbnailUrl":"https:\/\/minasgramados.com.br\/Loja\/wp-content\/uploads\/2015\/06\/Grama-Batatais-nascendo.jpg","datePublished":"2015-06-22T03:57:53+00:00","dateModified":"2023-10-31T12:32:15+00:00","description":"SEMENTE GRAMA S\u00c3O CARLOS: \u00c9 uma planta rasteira, de origem Brasileira, com 10-20 cm de altura, possui folhas lisas, e lineares e ornamental.","breadcrumb":{"@id":"https:\/\/minasgramados.com.br\/Loja\/produto\/semente-de-grama-sao-carlos\/#breadcrumb"},"inLanguage":"pt-BR","potentialAction":[{"@type":"ReadAction","target":["https:\/\/minasgramados.com.br\/Loja\/produto\/semente-de-grama-sao-carlos\/"]}]},{"@type":"ImageObject","inLanguage":"pt-BR","@id":"https:\/\/minasgramados.com.br\/Loja\/produto\/semente-de-grama-sao-carlos\/#primaryimage","url":"https:\/\/minasgramados.com.br\/Loja\/wp-content\/uploads\/2015\/06\/Grama-Batatais-nascendo.jpg","contentUrl":"https:\/\/minasgramados.com.br\/Loja\/wp-content\/uploads\/2015\/06\/Grama-Batatais-nascendo.jpg","width":800,"height":544},{"@type":"BreadcrumbList","@id":"https:\/\/minasgramados.com.br\/Loja\/produto\/semente-de-grama-sao-carlos\/#breadcrumb","itemListElement":[{"@type":"ListItem","position":1,"name":"In\u00edcio","item":"https:\/\/minasgramados.com.br\/Loja\/"},{"@type":"ListItem","position":2,"name":"Loja","item":"https:\/\/minasgramados.com.br\/Loja\/loja-modelo-03\/"},{"@type":"ListItem","position":3,"name":"Semente de Grama S\u00e3o Carlos.(01kg)"}]},{"@type":"WebSite","@id":"https:\/\/minasgramados.com.br\/Loja\/#website","url":"https:\/\/minasgramados.com.br\/Loja\/","name":"Minas Gramados - Paisagismo e Hidrossemeadura.","description":"Distribuidora de Gramas adubos sementes em Betim e no Brasil.","publisher":{"@id":"https:\/\/minasgramados.com.br\/Loja\/#organization"},"potentialAction":[{"@type":"SearchAction","target":{"@type":"EntryPoint","urlTemplate":"https:\/\/minasgramados.com.br\/Loja\/?s={search_term_string}"},"query-input":{"@type":"PropertyValueSpecification","valueRequired":true,"valueName":"search_term_string"}}],"inLanguage":"pt-BR"},{"@type":"Organization","@id":"https:\/\/minasgramados.com.br\/Loja\/#organization","name":"Minas Gramados - Paisagismo e Hidrossemeadura.","url":"https:\/\/minasgramados.com.br\/Loja\/","logo":{"@type":"ImageObject","inLanguage":"pt-BR","@id":"https:\/\/minasgramados.com.br\/Loja\/#\/schema\/logo\/image\/","url":"https:\/\/minasgramados.com.br\/Loja\/wp-content\/uploads\/2018\/06\/gramados-original-1.gif","contentUrl":"https:\/\/minasgramados.com.br\/Loja\/wp-content\/uploads\/2018\/06\/gramados-original-1.gif","width":600,"height":300,"caption":"Minas Gramados - Paisagismo e Hidrossemeadura."},"image":{"@id":"https:\/\/minasgramados.com.br\/Loja\/#\/schema\/logo\/image\/"}}]}},"_links":{"self":[{"href":"https:\/\/minasgramados.com.br\/Loja\/wp-json\/wp\/v2\/product\/1337","targetHints":{"allow":["GET"]}}],"collection":[{"href":"https:\/\/minasgramados.com.br\/Loja\/wp-json\/wp\/v2\/product"}],"about":[{"href":"https:\/\/minasgramados.com.br\/Loja\/wp-json\/wp\/v2\/types\/product"}],"wp:featuredmedia":[{"embeddable":true,"href":"https:\/\/minasgramados.com.br\/Loja\/wp-json\/wp\/v2\/media\/1334"}],"wp:attachment":[{"href":"https:\/\/minasgramados.com.br\/Loja\/wp-json\/wp\/v2\/media?parent=1337"}],"wp:term":[{"taxonomy":"product_brand","embeddable":true,"href":"https:\/\/minasgramados.com.br\/Loja\/wp-json\/wp\/v2\/product_brand?post=1337"},{"taxonomy":"product_cat","embeddable":true,"href":"https:\/\/minasgramados.com.br\/Loja\/wp-json\/wp\/v2\/product_cat?post=1337"},{"taxonomy":"product_tag","embeddable":true,"href":"https:\/\/minasgramados.com.br\/Loja\/wp-json\/wp\/v2\/product_tag?post=1337"}],"curies":[{"name":"wp","href":"https:\/\/api.w.org\/{rel}","templated":true}]}}