{"id":1339,"date":"2015-06-22T01:09:33","date_gmt":"2015-06-22T04:09:33","guid":{"rendered":"http:\/\/minasgramados.com.br\/Loja\/?post_type=product&#038;p=1339"},"modified":"2021-12-08T11:35:33","modified_gmt":"2021-12-08T14:35:33","slug":"semente-grama-bermuda-esmeraldinha","status":"publish","type":"product","link":"https:\/\/minasgramados.com.br\/Loja\/produto\/semente-grama-bermuda-esmeraldinha\/","title":{"rendered":"Semente de Grama Bermuda"},"content":{"rendered":"<p style=\"text-align: justify\">SEMENTES DE GRAMA BERMUDA-(Esmeraldinha) com alto \u00edndice germinativo<br \/>\nNome Cient\u00edfico-(Cynodon dactylon) &#8211; tamb\u00e9m conhecida como grama-seda grass.<\/p>\n<p style=\"text-align: justify\">CARACTER\u00cdSTICAS:<\/p>\n<p style=\"text-align: justify\">A GRAMA BERMUDA-(Esmeraldinha): \u00c9 caracterizada por folhas estreitas, crescimento r\u00e1pido, cor verde viva e o mais curioso \u00e9 que \u00a0apesar de ser muito macia, regenera-se rapidamente quando submetida a maus tratos. H\u00e1bito de crescimento rasteiro, por\u00e9m dever\u00e1 ser podada 12 a 14 vezes por ano para ser mantida com porte baixo. Deve ser cortada sempre que sua altura for superior a 2 cm. Para se manter vi\u00e7osa, necessita de suplementa\u00e7\u00e3o anual de mat\u00e9ria org\u00e2nica. Deve ser cortada e adubada pelo menos 2 (duas) vezes por ano, quando irrigada mais vezes,as suas podas aumentam.<\/p>\n<p style=\"text-align: justify\">UTILIZA\u00c7\u00c3O:<\/p>\n<p style=\"text-align: justify\">A grama Bermuda(Esmeraldinha) tem alta resist\u00eancia ao pisoteio, \u00e9 indicada para todo o tipo de &#8220;playgrounds&#8221;, campos de futebol, polo, t\u00eanis, golfe, jardins nobres, etc. Macia, \u00e9 resistente a pragas, pisoteio e seca, tem alto poder de regenera\u00e7\u00e3o.<\/p>\n<p style=\"text-align: justify\">\u00c9POCA DE PLANTIO:<\/p>\n<p style=\"text-align: justify\">Regi\u00e3o Sul: Agosto a Janeiro<br \/>\nDemais regi\u00f5es:Todo ano, desde que a temperatura e a umidade sejam favor\u00e1veis \u00e0 germina\u00e7\u00e3o.<\/p>\n<p style=\"text-align: justify\">RENDIMENTO:\u00a0De 250 a 350m\u00b2 por KG de semente.<br \/>\nOrigem: EUA<br \/>\nIRRIGA\u00c7\u00c3O\u00a0E GERMINA\u00c7\u00c3O: Irrigar uma vez por dia preferencialmente no inicio da manh\u00e3 ou fim da tarde e sua germina\u00e7\u00e3o se d\u00e1 entre 07 a 34 dias; e essa varia\u00e7\u00e3o \u00e9 devido os per\u00edodos clim\u00e1ticos da regi\u00e3o.<\/p>\n<p style=\"text-align: justify\">Fa\u00e7a o Download do Manual de plantio e tratos em nosso site em www.minasgramados.com.br<\/p>\n","protected":false},"excerpt":{"rendered":"<p style=\"text-align: justify\">SEMENTE DE\u00a0 GRAMA BERMUDA: Que \u00e9 uma gram\u00ednea caracterizada por folhas estreitas, crescimento r\u00e1pido, cor verde viva e o mais curioso \u00e9 que apesar de ser muito macia, regenera-se r\u00e1pido quando submetida a maus tratos. <span style=\"color: #ff0000\">(Sujeito a indisponibilidade antes de compra-la por aqui consulte-nos o estoque)<\/span><\/p>\n","protected":false},"featured_media":1340,"template":"","meta":{"_joinchat":[]},"product_brand":[],"product_cat":[28,15],"product_tag":[],"class_list":{"0":"post-1339","1":"product","2":"type-product","3":"status-publish","4":"has-post-thumbnail","6":"product_cat-gramas-e-sementes","7":"product_cat-jardinagem","8":"entry","9":"has-media","11":"first","12":"outofstock","13":"sale","14":"shipping-taxable","15":"purchasable","16":"product-type-simple","17":"col","18":"wpex-woo-entry","19":"span_1_of_4"},"yoast_head":"<!-- This site is optimized with the Yoast SEO plugin v27.3 - https:\/\/yoast.com\/product\/yoast-seo-wordpress\/ -->\n<title>Semente de Grama Bermuda - Semente Grama Bermuda BH<\/title>\n<meta name=\"description\" content=\"SEMENTE DE GRAMA BERMUDA: \u00c9 caracterizada por folhas estreitas, crescimento r\u00e1pido, cor verde viva e o mais curioso \u00e9 que \u00e9 muito macia, regenera-se r\u00e1pido.\" \/>\n<meta name=\"robots\" content=\"index, follow, max-snippet:-1, max-image-preview:large, max-video-preview:-1\" \/>\n<link rel=\"canonical\" href=\"https:\/\/minasgramados.com.br\/Loja\/produto\/semente-grama-bermuda-esmeraldinha\/\" \/>\n<meta name=\"twitter:card\" content=\"summary_large_image\" \/>\n<meta name=\"twitter:title\" content=\"Semente de Grama Bermuda - Semente Grama Bermuda BH\" \/>\n<meta name=\"twitter:description\" content=\"SEMENTE DE GRAMA BERMUDA: \u00c9 caracterizada por folhas estreitas, crescimento r\u00e1pido, cor verde viva e o mais curioso \u00e9 que \u00e9 muito macia, regenera-se r\u00e1pido.\" \/>\n<meta name=\"twitter:image\" content=\"https:\/\/minasgramados.com.br\/Loja\/wp-content\/uploads\/2015\/06\/Grama-Bermuda-sementes.jpg\" \/>\n<meta name=\"twitter:label1\" content=\"Est. tempo de leitura\" \/>\n\t<meta name=\"twitter:data1\" content=\"1 minuto\" \/>\n<script type=\"application\/ld+json\" class=\"yoast-schema-graph\">{\"@context\":\"https:\\\/\\\/schema.org\",\"@graph\":[{\"@type\":\"WebPage\",\"@id\":\"https:\\\/\\\/minasgramados.com.br\\\/Loja\\\/produto\\\/semente-grama-bermuda-esmeraldinha\\\/\",\"url\":\"https:\\\/\\\/minasgramados.com.br\\\/Loja\\\/produto\\\/semente-grama-bermuda-esmeraldinha\\\/\",\"name\":\"Semente de Grama Bermuda - Semente Grama Bermuda BH\",\"isPartOf\":{\"@id\":\"https:\\\/\\\/minasgramados.com.br\\\/Loja\\\/#website\"},\"primaryImageOfPage\":{\"@id\":\"https:\\\/\\\/minasgramados.com.br\\\/Loja\\\/produto\\\/semente-grama-bermuda-esmeraldinha\\\/#primaryimage\"},\"image\":{\"@id\":\"https:\\\/\\\/minasgramados.com.br\\\/Loja\\\/produto\\\/semente-grama-bermuda-esmeraldinha\\\/#primaryimage\"},\"thumbnailUrl\":\"https:\\\/\\\/minasgramados.com.br\\\/Loja\\\/wp-content\\\/uploads\\\/2015\\\/06\\\/Grama-Bermuda-sementes.jpg\",\"datePublished\":\"2015-06-22T04:09:33+00:00\",\"dateModified\":\"2021-12-08T14:35:33+00:00\",\"description\":\"SEMENTE DE GRAMA BERMUDA: \u00c9 caracterizada por folhas estreitas, crescimento r\u00e1pido, cor verde viva e o mais curioso \u00e9 que \u00e9 muito macia, regenera-se r\u00e1pido.\",\"breadcrumb\":{\"@id\":\"https:\\\/\\\/minasgramados.com.br\\\/Loja\\\/produto\\\/semente-grama-bermuda-esmeraldinha\\\/#breadcrumb\"},\"inLanguage\":\"pt-BR\",\"potentialAction\":[{\"@type\":\"ReadAction\",\"target\":[\"https:\\\/\\\/minasgramados.com.br\\\/Loja\\\/produto\\\/semente-grama-bermuda-esmeraldinha\\\/\"]}]},{\"@type\":\"ImageObject\",\"inLanguage\":\"pt-BR\",\"@id\":\"https:\\\/\\\/minasgramados.com.br\\\/Loja\\\/produto\\\/semente-grama-bermuda-esmeraldinha\\\/#primaryimage\",\"url\":\"https:\\\/\\\/minasgramados.com.br\\\/Loja\\\/wp-content\\\/uploads\\\/2015\\\/06\\\/Grama-Bermuda-sementes.jpg\",\"contentUrl\":\"https:\\\/\\\/minasgramados.com.br\\\/Loja\\\/wp-content\\\/uploads\\\/2015\\\/06\\\/Grama-Bermuda-sementes.jpg\",\"width\":800,\"height\":456},{\"@type\":\"BreadcrumbList\",\"@id\":\"https:\\\/\\\/minasgramados.com.br\\\/Loja\\\/produto\\\/semente-grama-bermuda-esmeraldinha\\\/#breadcrumb\",\"itemListElement\":[{\"@type\":\"ListItem\",\"position\":1,\"name\":\"In\u00edcio\",\"item\":\"https:\\\/\\\/minasgramados.com.br\\\/Loja\\\/\"},{\"@type\":\"ListItem\",\"position\":2,\"name\":\"Loja\",\"item\":\"https:\\\/\\\/minasgramados.com.br\\\/Loja\\\/loja-modelo-03\\\/\"},{\"@type\":\"ListItem\",\"position\":3,\"name\":\"Semente de Grama Bermuda\"}]},{\"@type\":\"WebSite\",\"@id\":\"https:\\\/\\\/minasgramados.com.br\\\/Loja\\\/#website\",\"url\":\"https:\\\/\\\/minasgramados.com.br\\\/Loja\\\/\",\"name\":\"Minas Gramados - Paisagismo e Hidrossemeadura.\",\"description\":\"Distribuidora de Gramas adubos sementes em Betim e no Brasil.\",\"publisher\":{\"@id\":\"https:\\\/\\\/minasgramados.com.br\\\/Loja\\\/#organization\"},\"potentialAction\":[{\"@type\":\"SearchAction\",\"target\":{\"@type\":\"EntryPoint\",\"urlTemplate\":\"https:\\\/\\\/minasgramados.com.br\\\/Loja\\\/?s={search_term_string}\"},\"query-input\":{\"@type\":\"PropertyValueSpecification\",\"valueRequired\":true,\"valueName\":\"search_term_string\"}}],\"inLanguage\":\"pt-BR\"},{\"@type\":\"Organization\",\"@id\":\"https:\\\/\\\/minasgramados.com.br\\\/Loja\\\/#organization\",\"name\":\"Minas Gramados - Paisagismo e Hidrossemeadura.\",\"url\":\"https:\\\/\\\/minasgramados.com.br\\\/Loja\\\/\",\"logo\":{\"@type\":\"ImageObject\",\"inLanguage\":\"pt-BR\",\"@id\":\"https:\\\/\\\/minasgramados.com.br\\\/Loja\\\/#\\\/schema\\\/logo\\\/image\\\/\",\"url\":\"https:\\\/\\\/minasgramados.com.br\\\/Loja\\\/wp-content\\\/uploads\\\/2018\\\/06\\\/gramados-original-1.gif\",\"contentUrl\":\"https:\\\/\\\/minasgramados.com.br\\\/Loja\\\/wp-content\\\/uploads\\\/2018\\\/06\\\/gramados-original-1.gif\",\"width\":600,\"height\":300,\"caption\":\"Minas Gramados - Paisagismo e Hidrossemeadura.\"},\"image\":{\"@id\":\"https:\\\/\\\/minasgramados.com.br\\\/Loja\\\/#\\\/schema\\\/logo\\\/image\\\/\"}}]}<\/script>\n<!-- \/ Yoast SEO plugin. -->","yoast_head_json":{"title":"Semente de Grama Bermuda - Semente Grama Bermuda BH","description":"SEMENTE DE GRAMA BERMUDA: \u00c9 caracterizada por folhas estreitas, crescimento r\u00e1pido, cor verde viva e o mais curioso \u00e9 que \u00e9 muito macia, regenera-se r\u00e1pido.","robots":{"index":"index","follow":"follow","max-snippet":"max-snippet:-1","max-image-preview":"max-image-preview:large","max-video-preview":"max-video-preview:-1"},"canonical":"https:\/\/minasgramados.com.br\/Loja\/produto\/semente-grama-bermuda-esmeraldinha\/","twitter_card":"summary_large_image","twitter_title":"Semente de Grama Bermuda - Semente Grama Bermuda BH","twitter_description":"SEMENTE DE GRAMA BERMUDA: \u00c9 caracterizada por folhas estreitas, crescimento r\u00e1pido, cor verde viva e o mais curioso \u00e9 que \u00e9 muito macia, regenera-se r\u00e1pido.","twitter_image":"https:\/\/minasgramados.com.br\/Loja\/wp-content\/uploads\/2015\/06\/Grama-Bermuda-sementes.jpg","twitter_misc":{"Est. tempo de leitura":"1 minuto"},"schema":{"@context":"https:\/\/schema.org","@graph":[{"@type":"WebPage","@id":"https:\/\/minasgramados.com.br\/Loja\/produto\/semente-grama-bermuda-esmeraldinha\/","url":"https:\/\/minasgramados.com.br\/Loja\/produto\/semente-grama-bermuda-esmeraldinha\/","name":"Semente de Grama Bermuda - Semente Grama Bermuda BH","isPartOf":{"@id":"https:\/\/minasgramados.com.br\/Loja\/#website"},"primaryImageOfPage":{"@id":"https:\/\/minasgramados.com.br\/Loja\/produto\/semente-grama-bermuda-esmeraldinha\/#primaryimage"},"image":{"@id":"https:\/\/minasgramados.com.br\/Loja\/produto\/semente-grama-bermuda-esmeraldinha\/#primaryimage"},"thumbnailUrl":"https:\/\/minasgramados.com.br\/Loja\/wp-content\/uploads\/2015\/06\/Grama-Bermuda-sementes.jpg","datePublished":"2015-06-22T04:09:33+00:00","dateModified":"2021-12-08T14:35:33+00:00","description":"SEMENTE DE GRAMA BERMUDA: \u00c9 caracterizada por folhas estreitas, crescimento r\u00e1pido, cor verde viva e o mais curioso \u00e9 que \u00e9 muito macia, regenera-se r\u00e1pido.","breadcrumb":{"@id":"https:\/\/minasgramados.com.br\/Loja\/produto\/semente-grama-bermuda-esmeraldinha\/#breadcrumb"},"inLanguage":"pt-BR","potentialAction":[{"@type":"ReadAction","target":["https:\/\/minasgramados.com.br\/Loja\/produto\/semente-grama-bermuda-esmeraldinha\/"]}]},{"@type":"ImageObject","inLanguage":"pt-BR","@id":"https:\/\/minasgramados.com.br\/Loja\/produto\/semente-grama-bermuda-esmeraldinha\/#primaryimage","url":"https:\/\/minasgramados.com.br\/Loja\/wp-content\/uploads\/2015\/06\/Grama-Bermuda-sementes.jpg","contentUrl":"https:\/\/minasgramados.com.br\/Loja\/wp-content\/uploads\/2015\/06\/Grama-Bermuda-sementes.jpg","width":800,"height":456},{"@type":"BreadcrumbList","@id":"https:\/\/minasgramados.com.br\/Loja\/produto\/semente-grama-bermuda-esmeraldinha\/#breadcrumb","itemListElement":[{"@type":"ListItem","position":1,"name":"In\u00edcio","item":"https:\/\/minasgramados.com.br\/Loja\/"},{"@type":"ListItem","position":2,"name":"Loja","item":"https:\/\/minasgramados.com.br\/Loja\/loja-modelo-03\/"},{"@type":"ListItem","position":3,"name":"Semente de Grama Bermuda"}]},{"@type":"WebSite","@id":"https:\/\/minasgramados.com.br\/Loja\/#website","url":"https:\/\/minasgramados.com.br\/Loja\/","name":"Minas Gramados - Paisagismo e Hidrossemeadura.","description":"Distribuidora de Gramas adubos sementes em Betim e no Brasil.","publisher":{"@id":"https:\/\/minasgramados.com.br\/Loja\/#organization"},"potentialAction":[{"@type":"SearchAction","target":{"@type":"EntryPoint","urlTemplate":"https:\/\/minasgramados.com.br\/Loja\/?s={search_term_string}"},"query-input":{"@type":"PropertyValueSpecification","valueRequired":true,"valueName":"search_term_string"}}],"inLanguage":"pt-BR"},{"@type":"Organization","@id":"https:\/\/minasgramados.com.br\/Loja\/#organization","name":"Minas Gramados - Paisagismo e Hidrossemeadura.","url":"https:\/\/minasgramados.com.br\/Loja\/","logo":{"@type":"ImageObject","inLanguage":"pt-BR","@id":"https:\/\/minasgramados.com.br\/Loja\/#\/schema\/logo\/image\/","url":"https:\/\/minasgramados.com.br\/Loja\/wp-content\/uploads\/2018\/06\/gramados-original-1.gif","contentUrl":"https:\/\/minasgramados.com.br\/Loja\/wp-content\/uploads\/2018\/06\/gramados-original-1.gif","width":600,"height":300,"caption":"Minas Gramados - Paisagismo e Hidrossemeadura."},"image":{"@id":"https:\/\/minasgramados.com.br\/Loja\/#\/schema\/logo\/image\/"}}]}},"_links":{"self":[{"href":"https:\/\/minasgramados.com.br\/Loja\/wp-json\/wp\/v2\/product\/1339","targetHints":{"allow":["GET"]}}],"collection":[{"href":"https:\/\/minasgramados.com.br\/Loja\/wp-json\/wp\/v2\/product"}],"about":[{"href":"https:\/\/minasgramados.com.br\/Loja\/wp-json\/wp\/v2\/types\/product"}],"wp:featuredmedia":[{"embeddable":true,"href":"https:\/\/minasgramados.com.br\/Loja\/wp-json\/wp\/v2\/media\/1340"}],"wp:attachment":[{"href":"https:\/\/minasgramados.com.br\/Loja\/wp-json\/wp\/v2\/media?parent=1339"}],"wp:term":[{"taxonomy":"product_brand","embeddable":true,"href":"https:\/\/minasgramados.com.br\/Loja\/wp-json\/wp\/v2\/product_brand?post=1339"},{"taxonomy":"product_cat","embeddable":true,"href":"https:\/\/minasgramados.com.br\/Loja\/wp-json\/wp\/v2\/product_cat?post=1339"},{"taxonomy":"product_tag","embeddable":true,"href":"https:\/\/minasgramados.com.br\/Loja\/wp-json\/wp\/v2\/product_tag?post=1339"}],"curies":[{"name":"wp","href":"https:\/\/api.w.org\/{rel}","templated":true}]}}