{"id":1348,"date":"2015-06-22T01:53:32","date_gmt":"2015-06-22T04:53:32","guid":{"rendered":"http:\/\/minasgramados.com.br\/Loja\/?post_type=product&#038;p=1348"},"modified":"2022-12-27T13:31:04","modified_gmt":"2022-12-27T16:31:04","slug":"fibromulch-para-hidrossemeadura","status":"publish","type":"product","link":"https:\/\/minasgramados.com.br\/Loja\/produto\/fibromulch-para-hidrossemeadura\/","title":{"rendered":"Celomulch para Hidro. (Fardos 65 KG)"},"content":{"rendered":"<h4>CELOMULCH\u00a0 (FIBROSO) PARA REVEGETA\u00c7\u00c3O. (Fardos m\u00e9dio de 65KG)<\/h4>\n<p>O Celomulch ou ( Fibrocelulose) \u00e9 um adesivo rico de fibras vegetais para misturar na mat\u00e9ria org\u00e2nica, formando uma manta sobre o solo; e o resultado deste m\u00e9todo de aplica\u00e7\u00e3o \u00e9 o fechamento r\u00e1pido da vegeta\u00e7\u00e3o e o desenvolvimento exuberante e vigoroso.<\/p>\n<p>COMPOSI\u00c7\u00c3O DO CELOMULCH : Ele \u00e9 formado de 100% de fibrocelulose um Substrato\u00a0 adesivo org\u00e2nico.<\/p>\n<p>OBS: Nosso Celomulch fibroso n\u00e3o precisa acrescentar nenhum tipo de cola fixadora; e ele tem uma grande fonte de carbono org\u00e2nico.<\/p>\n<p>CALCULO DO CELOMULCH PARA APLICA\u00c7\u00c3O.<\/p>\n<p>CELOMULCH : S\u00e3o 3.000 KG para cada 10.000 M2<\/p>\n<p>CALCULO: 0,30 X \u00c1REA.<\/p>\n<p>QUANTIDADES PARA ENTREGA: Caminh\u00e3o Truck at\u00e9 160 fardos mais ou menos 12 toneladas , na Carreta uns 240 fardo mais ou menos 19 toneladas, e sem ser para exporta\u00e7\u00e3o chegamos a carregar 280 fardo em torno de 22 toneladas, entregamos em Minas Gerais , S\u00e3o Paulo e todos os estado do Brasil consulte-nos.<\/p>\n<p>PAGAMENTOS: 50% de entrada, e os 50% do restante no cart\u00e3o de cr\u00e9dito em at\u00e9 12x com pequeno juros,(Mandamos o Link e voc\u00ea parcela do seu jeito).<\/p>\n<p>OBS: Entregas m\u00ednima de 10 toneladas dentro de MG e outros estados favor consulte nosso SAC.<\/p>\n","protected":false},"excerpt":{"rendered":"<p style=\"text-align: justify;\">CELOMULCH: Ele\u00a0\u00e9 formado de 100% de Fibrocelulose, um adesivo rico de fibras vegetais org\u00e2nico; e o resultado deste m\u00e9todo de aplica\u00e7\u00e3o \u00e9 o fechamento r\u00e1pido da vegeta\u00e7\u00e3o e o desenvolvimento exuberante e vigoroso.<\/p>\n<p>* CONDI\u00c7\u00d5ES COMERCIAIS ABAIXO.<\/p>\n<p>* Celomulch\u00a0 varejo R$ 4,50 \/ Atacado R$ 4,30 kg<\/p>\n<p>*Pedido M\u00ednimo 150 Fardos = R$ 4,50 kg<\/p>\n<p>*FRETE: Fob &#8211; Conforme a localidade de entrega.<\/p>\n<p style=\"text-align: justify;\"><span style=\"color: #ff0000;\">Obs: Esse produto \u00e9 sobre encomenda com pedido m\u00ednimo para\u00a0 10 Toneladas, pedidos\u00a0 por telefone \u00a0e mediante ordem de compra.<\/span><\/p>\n","protected":false},"featured_media":1349,"template":"","meta":{"_joinchat":[]},"product_brand":[],"product_cat":[37,9],"product_tag":[],"class_list":{"0":"post-1348","1":"product","2":"type-product","3":"status-publish","4":"has-post-thumbnail","6":"product_cat-fibramulch-e-fixa-gel-ag-60","7":"product_cat-hidrossemeadura","8":"product_shipping_class-transportadora","9":"entry","10":"has-media","12":"first","13":"outofstock","14":"sale","15":"shipping-taxable","16":"purchasable","17":"product-type-simple","18":"col","19":"wpex-woo-entry","20":"span_1_of_4"},"yoast_head":"<!-- This site is optimized with the Yoast SEO plugin v27.4 - https:\/\/yoast.com\/product\/yoast-seo-wordpress\/ -->\n<title>Celomulch \/ Revegeta\u00e7\u00e3o - Minas Gramados - Mulch BH<\/title>\n<meta name=\"description\" content=\"O Celomulch \u00e9 um composto rico em fibras e mat\u00e9ria org\u00e2nica, formando uma manta sobre o solo, veja em nosso site mais sobre o celomulch para revegeta\u00e7\u00e3o.\" \/>\n<meta name=\"robots\" content=\"index, follow, max-snippet:-1, max-image-preview:large, max-video-preview:-1\" \/>\n<link rel=\"canonical\" href=\"https:\/\/minasgramados.com.br\/Loja\/produto\/fibromulch-para-hidrossemeadura\/\" \/>\n<meta name=\"twitter:card\" content=\"summary_large_image\" \/>\n<meta name=\"twitter:title\" content=\"Celomulch \/ Revegeta\u00e7\u00e3o - Minas Gramados - Mulch BH\" \/>\n<meta name=\"twitter:description\" content=\"O Celomulch \u00e9 um composto rico em fibras e mat\u00e9ria org\u00e2nica, formando uma manta sobre o solo, veja em nosso site mais sobre o celomulch para revegeta\u00e7\u00e3o.\" \/>\n<meta name=\"twitter:image\" content=\"https:\/\/minasgramados.com.br\/Loja\/wp-content\/uploads\/2015\/06\/Fibromulch-aplicado-germinando-2015.jpg\" \/>\n<meta name=\"twitter:label1\" content=\"Est. tempo de leitura\" \/>\n\t<meta name=\"twitter:data1\" content=\"2 minutos\" \/>\n<script type=\"application\/ld+json\" class=\"yoast-schema-graph\">{\"@context\":\"https:\\\/\\\/schema.org\",\"@graph\":[{\"@type\":\"WebPage\",\"@id\":\"https:\\\/\\\/minasgramados.com.br\\\/Loja\\\/produto\\\/fibromulch-para-hidrossemeadura\\\/\",\"url\":\"https:\\\/\\\/minasgramados.com.br\\\/Loja\\\/produto\\\/fibromulch-para-hidrossemeadura\\\/\",\"name\":\"Celomulch \\\/ Revegeta\u00e7\u00e3o - Minas Gramados - Mulch BH\",\"isPartOf\":{\"@id\":\"https:\\\/\\\/minasgramados.com.br\\\/Loja\\\/#website\"},\"primaryImageOfPage\":{\"@id\":\"https:\\\/\\\/minasgramados.com.br\\\/Loja\\\/produto\\\/fibromulch-para-hidrossemeadura\\\/#primaryimage\"},\"image\":{\"@id\":\"https:\\\/\\\/minasgramados.com.br\\\/Loja\\\/produto\\\/fibromulch-para-hidrossemeadura\\\/#primaryimage\"},\"thumbnailUrl\":\"https:\\\/\\\/minasgramados.com.br\\\/Loja\\\/wp-content\\\/uploads\\\/2015\\\/06\\\/Fibromulch-aplicado-germinando-2015.jpg\",\"datePublished\":\"2015-06-22T04:53:32+00:00\",\"dateModified\":\"2022-12-27T16:31:04+00:00\",\"description\":\"O Celomulch \u00e9 um composto rico em fibras e mat\u00e9ria org\u00e2nica, formando uma manta sobre o solo, veja em nosso site mais sobre o celomulch para revegeta\u00e7\u00e3o.\",\"breadcrumb\":{\"@id\":\"https:\\\/\\\/minasgramados.com.br\\\/Loja\\\/produto\\\/fibromulch-para-hidrossemeadura\\\/#breadcrumb\"},\"inLanguage\":\"pt-BR\",\"potentialAction\":[{\"@type\":\"ReadAction\",\"target\":[\"https:\\\/\\\/minasgramados.com.br\\\/Loja\\\/produto\\\/fibromulch-para-hidrossemeadura\\\/\"]}]},{\"@type\":\"ImageObject\",\"inLanguage\":\"pt-BR\",\"@id\":\"https:\\\/\\\/minasgramados.com.br\\\/Loja\\\/produto\\\/fibromulch-para-hidrossemeadura\\\/#primaryimage\",\"url\":\"https:\\\/\\\/minasgramados.com.br\\\/Loja\\\/wp-content\\\/uploads\\\/2015\\\/06\\\/Fibromulch-aplicado-germinando-2015.jpg\",\"contentUrl\":\"https:\\\/\\\/minasgramados.com.br\\\/Loja\\\/wp-content\\\/uploads\\\/2015\\\/06\\\/Fibromulch-aplicado-germinando-2015.jpg\",\"width\":800,\"height\":600,\"caption\":\"Fibromulch aplicado germinando-2015\"},{\"@type\":\"BreadcrumbList\",\"@id\":\"https:\\\/\\\/minasgramados.com.br\\\/Loja\\\/produto\\\/fibromulch-para-hidrossemeadura\\\/#breadcrumb\",\"itemListElement\":[{\"@type\":\"ListItem\",\"position\":1,\"name\":\"In\u00edcio\",\"item\":\"https:\\\/\\\/minasgramados.com.br\\\/Loja\\\/\"},{\"@type\":\"ListItem\",\"position\":2,\"name\":\"Loja\",\"item\":\"https:\\\/\\\/minasgramados.com.br\\\/Loja\\\/loja-modelo-03\\\/\"},{\"@type\":\"ListItem\",\"position\":3,\"name\":\"Celomulch para Hidro. (Fardos 65 KG)\"}]},{\"@type\":\"WebSite\",\"@id\":\"https:\\\/\\\/minasgramados.com.br\\\/Loja\\\/#website\",\"url\":\"https:\\\/\\\/minasgramados.com.br\\\/Loja\\\/\",\"name\":\"Minas Gramados - Paisagismo e Hidrossemeadura.\",\"description\":\"Distribuidora de Gramas adubos sementes em Betim e no Brasil.\",\"publisher\":{\"@id\":\"https:\\\/\\\/minasgramados.com.br\\\/Loja\\\/#organization\"},\"potentialAction\":[{\"@type\":\"SearchAction\",\"target\":{\"@type\":\"EntryPoint\",\"urlTemplate\":\"https:\\\/\\\/minasgramados.com.br\\\/Loja\\\/?s={search_term_string}\"},\"query-input\":{\"@type\":\"PropertyValueSpecification\",\"valueRequired\":true,\"valueName\":\"search_term_string\"}}],\"inLanguage\":\"pt-BR\"},{\"@type\":\"Organization\",\"@id\":\"https:\\\/\\\/minasgramados.com.br\\\/Loja\\\/#organization\",\"name\":\"Minas Gramados - Paisagismo e Hidrossemeadura.\",\"url\":\"https:\\\/\\\/minasgramados.com.br\\\/Loja\\\/\",\"logo\":{\"@type\":\"ImageObject\",\"inLanguage\":\"pt-BR\",\"@id\":\"https:\\\/\\\/minasgramados.com.br\\\/Loja\\\/#\\\/schema\\\/logo\\\/image\\\/\",\"url\":\"https:\\\/\\\/minasgramados.com.br\\\/Loja\\\/wp-content\\\/uploads\\\/2018\\\/06\\\/gramados-original-1.gif\",\"contentUrl\":\"https:\\\/\\\/minasgramados.com.br\\\/Loja\\\/wp-content\\\/uploads\\\/2018\\\/06\\\/gramados-original-1.gif\",\"width\":600,\"height\":300,\"caption\":\"Minas Gramados - Paisagismo e Hidrossemeadura.\"},\"image\":{\"@id\":\"https:\\\/\\\/minasgramados.com.br\\\/Loja\\\/#\\\/schema\\\/logo\\\/image\\\/\"}}]}<\/script>\n<!-- \/ Yoast SEO plugin. -->","yoast_head_json":{"title":"Celomulch \/ Revegeta\u00e7\u00e3o - Minas Gramados - Mulch BH","description":"O Celomulch \u00e9 um composto rico em fibras e mat\u00e9ria org\u00e2nica, formando uma manta sobre o solo, veja em nosso site mais sobre o celomulch para revegeta\u00e7\u00e3o.","robots":{"index":"index","follow":"follow","max-snippet":"max-snippet:-1","max-image-preview":"max-image-preview:large","max-video-preview":"max-video-preview:-1"},"canonical":"https:\/\/minasgramados.com.br\/Loja\/produto\/fibromulch-para-hidrossemeadura\/","twitter_card":"summary_large_image","twitter_title":"Celomulch \/ Revegeta\u00e7\u00e3o - Minas Gramados - Mulch BH","twitter_description":"O Celomulch \u00e9 um composto rico em fibras e mat\u00e9ria org\u00e2nica, formando uma manta sobre o solo, veja em nosso site mais sobre o celomulch para revegeta\u00e7\u00e3o.","twitter_image":"https:\/\/minasgramados.com.br\/Loja\/wp-content\/uploads\/2015\/06\/Fibromulch-aplicado-germinando-2015.jpg","twitter_misc":{"Est. tempo de leitura":"2 minutos"},"schema":{"@context":"https:\/\/schema.org","@graph":[{"@type":"WebPage","@id":"https:\/\/minasgramados.com.br\/Loja\/produto\/fibromulch-para-hidrossemeadura\/","url":"https:\/\/minasgramados.com.br\/Loja\/produto\/fibromulch-para-hidrossemeadura\/","name":"Celomulch \/ Revegeta\u00e7\u00e3o - Minas Gramados - Mulch BH","isPartOf":{"@id":"https:\/\/minasgramados.com.br\/Loja\/#website"},"primaryImageOfPage":{"@id":"https:\/\/minasgramados.com.br\/Loja\/produto\/fibromulch-para-hidrossemeadura\/#primaryimage"},"image":{"@id":"https:\/\/minasgramados.com.br\/Loja\/produto\/fibromulch-para-hidrossemeadura\/#primaryimage"},"thumbnailUrl":"https:\/\/minasgramados.com.br\/Loja\/wp-content\/uploads\/2015\/06\/Fibromulch-aplicado-germinando-2015.jpg","datePublished":"2015-06-22T04:53:32+00:00","dateModified":"2022-12-27T16:31:04+00:00","description":"O Celomulch \u00e9 um composto rico em fibras e mat\u00e9ria org\u00e2nica, formando uma manta sobre o solo, veja em nosso site mais sobre o celomulch para revegeta\u00e7\u00e3o.","breadcrumb":{"@id":"https:\/\/minasgramados.com.br\/Loja\/produto\/fibromulch-para-hidrossemeadura\/#breadcrumb"},"inLanguage":"pt-BR","potentialAction":[{"@type":"ReadAction","target":["https:\/\/minasgramados.com.br\/Loja\/produto\/fibromulch-para-hidrossemeadura\/"]}]},{"@type":"ImageObject","inLanguage":"pt-BR","@id":"https:\/\/minasgramados.com.br\/Loja\/produto\/fibromulch-para-hidrossemeadura\/#primaryimage","url":"https:\/\/minasgramados.com.br\/Loja\/wp-content\/uploads\/2015\/06\/Fibromulch-aplicado-germinando-2015.jpg","contentUrl":"https:\/\/minasgramados.com.br\/Loja\/wp-content\/uploads\/2015\/06\/Fibromulch-aplicado-germinando-2015.jpg","width":800,"height":600,"caption":"Fibromulch aplicado germinando-2015"},{"@type":"BreadcrumbList","@id":"https:\/\/minasgramados.com.br\/Loja\/produto\/fibromulch-para-hidrossemeadura\/#breadcrumb","itemListElement":[{"@type":"ListItem","position":1,"name":"In\u00edcio","item":"https:\/\/minasgramados.com.br\/Loja\/"},{"@type":"ListItem","position":2,"name":"Loja","item":"https:\/\/minasgramados.com.br\/Loja\/loja-modelo-03\/"},{"@type":"ListItem","position":3,"name":"Celomulch para Hidro. (Fardos 65 KG)"}]},{"@type":"WebSite","@id":"https:\/\/minasgramados.com.br\/Loja\/#website","url":"https:\/\/minasgramados.com.br\/Loja\/","name":"Minas Gramados - Paisagismo e Hidrossemeadura.","description":"Distribuidora de Gramas adubos sementes em Betim e no Brasil.","publisher":{"@id":"https:\/\/minasgramados.com.br\/Loja\/#organization"},"potentialAction":[{"@type":"SearchAction","target":{"@type":"EntryPoint","urlTemplate":"https:\/\/minasgramados.com.br\/Loja\/?s={search_term_string}"},"query-input":{"@type":"PropertyValueSpecification","valueRequired":true,"valueName":"search_term_string"}}],"inLanguage":"pt-BR"},{"@type":"Organization","@id":"https:\/\/minasgramados.com.br\/Loja\/#organization","name":"Minas Gramados - Paisagismo e Hidrossemeadura.","url":"https:\/\/minasgramados.com.br\/Loja\/","logo":{"@type":"ImageObject","inLanguage":"pt-BR","@id":"https:\/\/minasgramados.com.br\/Loja\/#\/schema\/logo\/image\/","url":"https:\/\/minasgramados.com.br\/Loja\/wp-content\/uploads\/2018\/06\/gramados-original-1.gif","contentUrl":"https:\/\/minasgramados.com.br\/Loja\/wp-content\/uploads\/2018\/06\/gramados-original-1.gif","width":600,"height":300,"caption":"Minas Gramados - Paisagismo e Hidrossemeadura."},"image":{"@id":"https:\/\/minasgramados.com.br\/Loja\/#\/schema\/logo\/image\/"}}]}},"_links":{"self":[{"href":"https:\/\/minasgramados.com.br\/Loja\/wp-json\/wp\/v2\/product\/1348","targetHints":{"allow":["GET"]}}],"collection":[{"href":"https:\/\/minasgramados.com.br\/Loja\/wp-json\/wp\/v2\/product"}],"about":[{"href":"https:\/\/minasgramados.com.br\/Loja\/wp-json\/wp\/v2\/types\/product"}],"wp:featuredmedia":[{"embeddable":true,"href":"https:\/\/minasgramados.com.br\/Loja\/wp-json\/wp\/v2\/media\/1349"}],"wp:attachment":[{"href":"https:\/\/minasgramados.com.br\/Loja\/wp-json\/wp\/v2\/media?parent=1348"}],"wp:term":[{"taxonomy":"product_brand","embeddable":true,"href":"https:\/\/minasgramados.com.br\/Loja\/wp-json\/wp\/v2\/product_brand?post=1348"},{"taxonomy":"product_cat","embeddable":true,"href":"https:\/\/minasgramados.com.br\/Loja\/wp-json\/wp\/v2\/product_cat?post=1348"},{"taxonomy":"product_tag","embeddable":true,"href":"https:\/\/minasgramados.com.br\/Loja\/wp-json\/wp\/v2\/product_tag?post=1348"}],"curies":[{"name":"wp","href":"https:\/\/api.w.org\/{rel}","templated":true}]}}