{"id":1355,"date":"2015-06-23T21:24:45","date_gmt":"2015-06-24T00:24:45","guid":{"rendered":"http:\/\/minasgramados.com.br\/Loja\/?post_type=product&#038;p=1355"},"modified":"2023-01-18T13:33:39","modified_gmt":"2023-01-18T16:33:39","slug":"bioretentores-d20-com-2-metros","status":"publish","type":"product","link":"https:\/\/minasgramados.com.br\/Loja\/produto\/bioretentores-d20-com-2-metros\/","title":{"rendered":"Biorretentores D20 &#8211; Fibra Palha (Com 2 Metros)"},"content":{"rendered":"<div class=\"ProductDescriptionContainer\">\n<p><strong>BIORRETENTORES DE SEDIMENTOS FIBRA DE PALHA<\/strong><\/p>\n<p>O Bioretentor foi desenvolvido para reter sedimentos absorver vazamentos reduzir a velocidade de escoamento superficial em taludes dentre outros e tem sido muito utilizado em obras de engenharia com sucesso.<\/p>\n<p><strong>CARACTER\u00cdSTICAS T\u00c9CNICAS:<\/strong><\/p>\n<p><strong>\u00c9 DRENANTE:<\/strong> As fibras vegetais ret\u00e9m sedimentos, mas permitem a passagem da \u00e1gua, n\u00e3o colmatam. O Biorretentor pode ser usado parcialmente como dreno profundo.<\/p>\n<p><strong>\u00c9 LEVE:\u00a0<\/strong>Tem baixa densidade, sendo esta, no Bioretentor de fibra vegetal igual a 100Kg\/m3, de f\u00e1cil manuseio, que permite transporte manual para locais de dif\u00edcil acesso.<\/p>\n<p><strong>RET\u00c9M UMIDADE:<\/strong> Tem grande capacidade de absorver e reter umidade. Absorve cerca de cinco vezes o seu peso em \u00e1gua. O Bioretentor t\u00edpico, com di\u00e2metro de 40cm e comprimento de 2,00m absorve at\u00e9 100 litros de \u00e1gua e pesa 30kg.<\/p>\n<p><strong>\u00c9 FLEX\u00cdVEL:<\/strong> Facilmente mold\u00e1vel no local onde ser\u00e1 aplicado, permitindo dobras e curvas. Quando prensado, reduz parcialmente o volume.<\/p>\n<p>Os Bioretentores s\u00e3o fabricados com di\u00e2metros tamb\u00e9m de 20 e 30cm somente por encomenda. O comprimento padr\u00e3o \u00e9 de 2,00M, mas pode ir at\u00e9 6m sem perda das caracter\u00edsticas t\u00e9cnicas.<\/p>\n<p><strong>BIORRETENTOR &#8211; D40<\/strong><\/p>\n<p>Biorretentor \u2013 fibra de coco\/ palha \u2013 di\u00e2metro 200 mm \u2013 com tubo de polipropileno<\/p>\n<p>Composi\u00e7\u00e3o&#8230;&#8230;&#8230;&#8230;&#8230;&#8230;&#8230;&#8230;&#8230;&#8230;&#8230;&#8230;&#8230;&#8230;&#8230;&#8230;&#8230;&#8230;.100% fibra de coco<br \/>\nComprimento (m)&#8230;&#8230;&#8230;&#8230;&#8230;&#8230;&#8230;&#8230;&#8230;&#8230;&#8230;&#8230;&#8230;&#8230;&#8230;..at\u00e9 6<br \/>\nDi\u00e2metro (mm)&#8230;&#8230;&#8230;&#8230;&#8230;&#8230;&#8230;&#8230;&#8230;&#8230;&#8230;&#8230;&#8230;&#8230;&#8230;&#8230;..200 + 10% \u2013 zero<br \/>\nRevestimento&#8230;&#8230;&#8230;&#8230;&#8230;&#8230;&#8230;&#8230;&#8230;&#8230;&#8230;&#8230;&#8230;&#8230;&#8230;&#8230;&#8230;..tubo polipropileno<br \/>\nPeso por metro linear (kg)&#8230;&#8230;&#8230;&#8230;&#8230;&#8230;&#8230;&#8230;&#8230;&#8230;..4<br \/>\nVolume (litros por \/m)&#8230;&#8230;&#8230;&#8230;&#8230;&#8230;&#8230;&#8230;&#8230;&#8230;&#8230;&#8230;&#8230;35<br \/>\nResistencia a tra\u00e7\u00e3o long. (kgf\/m)&#8230;&#8230;&#8230;&#8230;&#8230;&#8230;..120<br \/>\nResistencia a tra\u00e7\u00e3o transv. (kgf\/m)&#8230;&#8230;&#8230;&#8230;&#8230;&#8230;55<br \/>\nCompress\u00e3o (kgf\/m)&#8230;&#8230;&#8230;&#8230;&#8230;&#8230;&#8230;&#8230;&#8230;&#8230;&#8230;&#8230;&#8230;..1500<br \/>\nDeforma\u00e7\u00e3o (mm)&#8230;&#8230;&#8230;&#8230;&#8230;&#8230;&#8230;&#8230;&#8230;&#8230;&#8230;&#8230;&#8230;&#8230;&#8230;.60<\/p>\n<p><strong>ATEN\u00c7\u00c3O:<\/strong> Nossas vendas em nossa loja Fisica \u00e9 somente para Rolos de 2,40M Lineares e Di\u00e2metros de 20 e 30 cm,d\u00favidas entrar em contato com o nosso SAC para tirar suas d\u00favidas.<\/p>\n<\/div>\n","protected":false},"excerpt":{"rendered":"<p><strong>BIORETENTORES DE SEDIMENTOS<\/strong><\/p>\n<p>O Bioretentor foi desenvolvido para reter sedimentos absorver vazamentos reduzir a velocidade de escoamento superficial em taludes dentre outros e tem sido muito utilizado em obras de engenharia com sucesso.(O Pre\u00e7o acima s\u00e3o para compras de no m\u00ednimo 100 Rolos com 2 metros lineares).<\/p>\n","protected":false},"featured_media":2610,"template":"","meta":{"_joinchat":[]},"product_brand":[],"product_cat":[9,10],"product_tag":[],"class_list":{"0":"post-1355","1":"product","2":"type-product","3":"status-publish","4":"has-post-thumbnail","6":"product_cat-hidrossemeadura","7":"product_cat-mantas-grampos-e-retentores","8":"product_shipping_class-transportadora","9":"entry","10":"has-media","12":"first","13":"outofstock","14":"sale","15":"shipping-taxable","16":"purchasable","17":"product-type-simple","18":"col","19":"wpex-woo-entry","20":"span_1_of_4"},"yoast_head":"<!-- This site is optimized with the Yoast SEO plugin v27.3 - https:\/\/yoast.com\/product\/yoast-seo-wordpress\/ -->\n<title>Biorretentores D20 - Fibra Palha (Com 2 Metros) - Minas Gramados - Paisagismo e Hidrossemeadura.<\/title>\n<meta name=\"robots\" content=\"index, follow, max-snippet:-1, max-image-preview:large, max-video-preview:-1\" \/>\n<link rel=\"canonical\" href=\"https:\/\/minasgramados.com.br\/Loja\/produto\/bioretentores-d20-com-2-metros\/\" \/>\n<meta name=\"twitter:card\" content=\"summary_large_image\" \/>\n<meta name=\"twitter:title\" content=\"Biorretentores D20 - Fibra Palha (Com 2 Metros) - Minas Gramados - Paisagismo e Hidrossemeadura.\" \/>\n<meta name=\"twitter:description\" content=\"BIORETENTORES DE SEDIMENTOS  O Bioretentor foi desenvolvido para reter sedimentos absorver vazamentos reduzir a velocidade de escoamento superficial em taludes dentre outros e tem sido muito utilizado em obras de engenharia com sucesso.(O Pre\u00e7o acima s\u00e3o para compras de no m\u00ednimo 100 Rolos com 2 metros lineares).\" \/>\n<meta name=\"twitter:image\" content=\"https:\/\/minasgramados.com.br\/Loja\/wp-content\/uploads\/2018\/10\/bio-retentor1__36154_zoom.jpg\" \/>\n<meta name=\"twitter:label1\" content=\"Est. tempo de leitura\" \/>\n\t<meta name=\"twitter:data1\" content=\"1 minuto\" \/>\n<script type=\"application\/ld+json\" class=\"yoast-schema-graph\">{\"@context\":\"https:\\\/\\\/schema.org\",\"@graph\":[{\"@type\":\"WebPage\",\"@id\":\"https:\\\/\\\/minasgramados.com.br\\\/Loja\\\/produto\\\/bioretentores-d20-com-2-metros\\\/\",\"url\":\"https:\\\/\\\/minasgramados.com.br\\\/Loja\\\/produto\\\/bioretentores-d20-com-2-metros\\\/\",\"name\":\"Biorretentores D20 - Fibra Palha (Com 2 Metros) - Minas Gramados - Paisagismo e Hidrossemeadura.\",\"isPartOf\":{\"@id\":\"https:\\\/\\\/minasgramados.com.br\\\/Loja\\\/#website\"},\"primaryImageOfPage\":{\"@id\":\"https:\\\/\\\/minasgramados.com.br\\\/Loja\\\/produto\\\/bioretentores-d20-com-2-metros\\\/#primaryimage\"},\"image\":{\"@id\":\"https:\\\/\\\/minasgramados.com.br\\\/Loja\\\/produto\\\/bioretentores-d20-com-2-metros\\\/#primaryimage\"},\"thumbnailUrl\":\"https:\\\/\\\/minasgramados.com.br\\\/Loja\\\/wp-content\\\/uploads\\\/2018\\\/10\\\/bio-retentor1__36154_zoom.jpg\",\"datePublished\":\"2015-06-24T00:24:45+00:00\",\"dateModified\":\"2023-01-18T16:33:39+00:00\",\"breadcrumb\":{\"@id\":\"https:\\\/\\\/minasgramados.com.br\\\/Loja\\\/produto\\\/bioretentores-d20-com-2-metros\\\/#breadcrumb\"},\"inLanguage\":\"pt-BR\",\"potentialAction\":[{\"@type\":\"ReadAction\",\"target\":[\"https:\\\/\\\/minasgramados.com.br\\\/Loja\\\/produto\\\/bioretentores-d20-com-2-metros\\\/\"]}]},{\"@type\":\"ImageObject\",\"inLanguage\":\"pt-BR\",\"@id\":\"https:\\\/\\\/minasgramados.com.br\\\/Loja\\\/produto\\\/bioretentores-d20-com-2-metros\\\/#primaryimage\",\"url\":\"https:\\\/\\\/minasgramados.com.br\\\/Loja\\\/wp-content\\\/uploads\\\/2018\\\/10\\\/bio-retentor1__36154_zoom.jpg\",\"contentUrl\":\"https:\\\/\\\/minasgramados.com.br\\\/Loja\\\/wp-content\\\/uploads\\\/2018\\\/10\\\/bio-retentor1__36154_zoom.jpg\",\"width\":800,\"height\":600},{\"@type\":\"BreadcrumbList\",\"@id\":\"https:\\\/\\\/minasgramados.com.br\\\/Loja\\\/produto\\\/bioretentores-d20-com-2-metros\\\/#breadcrumb\",\"itemListElement\":[{\"@type\":\"ListItem\",\"position\":1,\"name\":\"In\u00edcio\",\"item\":\"https:\\\/\\\/minasgramados.com.br\\\/Loja\\\/\"},{\"@type\":\"ListItem\",\"position\":2,\"name\":\"Loja\",\"item\":\"https:\\\/\\\/minasgramados.com.br\\\/Loja\\\/loja-modelo-03\\\/\"},{\"@type\":\"ListItem\",\"position\":3,\"name\":\"Biorretentores D20 &#8211; Fibra Palha (Com 2 Metros)\"}]},{\"@type\":\"WebSite\",\"@id\":\"https:\\\/\\\/minasgramados.com.br\\\/Loja\\\/#website\",\"url\":\"https:\\\/\\\/minasgramados.com.br\\\/Loja\\\/\",\"name\":\"Minas Gramados - Paisagismo e Hidrossemeadura.\",\"description\":\"Distribuidora de Gramas adubos sementes em Betim e no Brasil.\",\"publisher\":{\"@id\":\"https:\\\/\\\/minasgramados.com.br\\\/Loja\\\/#organization\"},\"potentialAction\":[{\"@type\":\"SearchAction\",\"target\":{\"@type\":\"EntryPoint\",\"urlTemplate\":\"https:\\\/\\\/minasgramados.com.br\\\/Loja\\\/?s={search_term_string}\"},\"query-input\":{\"@type\":\"PropertyValueSpecification\",\"valueRequired\":true,\"valueName\":\"search_term_string\"}}],\"inLanguage\":\"pt-BR\"},{\"@type\":\"Organization\",\"@id\":\"https:\\\/\\\/minasgramados.com.br\\\/Loja\\\/#organization\",\"name\":\"Minas Gramados - Paisagismo e Hidrossemeadura.\",\"url\":\"https:\\\/\\\/minasgramados.com.br\\\/Loja\\\/\",\"logo\":{\"@type\":\"ImageObject\",\"inLanguage\":\"pt-BR\",\"@id\":\"https:\\\/\\\/minasgramados.com.br\\\/Loja\\\/#\\\/schema\\\/logo\\\/image\\\/\",\"url\":\"https:\\\/\\\/minasgramados.com.br\\\/Loja\\\/wp-content\\\/uploads\\\/2018\\\/06\\\/gramados-original-1.gif\",\"contentUrl\":\"https:\\\/\\\/minasgramados.com.br\\\/Loja\\\/wp-content\\\/uploads\\\/2018\\\/06\\\/gramados-original-1.gif\",\"width\":600,\"height\":300,\"caption\":\"Minas Gramados - Paisagismo e Hidrossemeadura.\"},\"image\":{\"@id\":\"https:\\\/\\\/minasgramados.com.br\\\/Loja\\\/#\\\/schema\\\/logo\\\/image\\\/\"}}]}<\/script>\n<!-- \/ Yoast SEO plugin. -->","yoast_head_json":{"title":"Biorretentores D20 - Fibra Palha (Com 2 Metros) - Minas Gramados - Paisagismo e Hidrossemeadura.","robots":{"index":"index","follow":"follow","max-snippet":"max-snippet:-1","max-image-preview":"max-image-preview:large","max-video-preview":"max-video-preview:-1"},"canonical":"https:\/\/minasgramados.com.br\/Loja\/produto\/bioretentores-d20-com-2-metros\/","twitter_card":"summary_large_image","twitter_title":"Biorretentores D20 - Fibra Palha (Com 2 Metros) - Minas Gramados - Paisagismo e Hidrossemeadura.","twitter_description":"BIORETENTORES DE SEDIMENTOS  O Bioretentor foi desenvolvido para reter sedimentos absorver vazamentos reduzir a velocidade de escoamento superficial em taludes dentre outros e tem sido muito utilizado em obras de engenharia com sucesso.(O Pre\u00e7o acima s\u00e3o para compras de no m\u00ednimo 100 Rolos com 2 metros lineares).","twitter_image":"https:\/\/minasgramados.com.br\/Loja\/wp-content\/uploads\/2018\/10\/bio-retentor1__36154_zoom.jpg","twitter_misc":{"Est. tempo de leitura":"1 minuto"},"schema":{"@context":"https:\/\/schema.org","@graph":[{"@type":"WebPage","@id":"https:\/\/minasgramados.com.br\/Loja\/produto\/bioretentores-d20-com-2-metros\/","url":"https:\/\/minasgramados.com.br\/Loja\/produto\/bioretentores-d20-com-2-metros\/","name":"Biorretentores D20 - Fibra Palha (Com 2 Metros) - Minas Gramados - Paisagismo e Hidrossemeadura.","isPartOf":{"@id":"https:\/\/minasgramados.com.br\/Loja\/#website"},"primaryImageOfPage":{"@id":"https:\/\/minasgramados.com.br\/Loja\/produto\/bioretentores-d20-com-2-metros\/#primaryimage"},"image":{"@id":"https:\/\/minasgramados.com.br\/Loja\/produto\/bioretentores-d20-com-2-metros\/#primaryimage"},"thumbnailUrl":"https:\/\/minasgramados.com.br\/Loja\/wp-content\/uploads\/2018\/10\/bio-retentor1__36154_zoom.jpg","datePublished":"2015-06-24T00:24:45+00:00","dateModified":"2023-01-18T16:33:39+00:00","breadcrumb":{"@id":"https:\/\/minasgramados.com.br\/Loja\/produto\/bioretentores-d20-com-2-metros\/#breadcrumb"},"inLanguage":"pt-BR","potentialAction":[{"@type":"ReadAction","target":["https:\/\/minasgramados.com.br\/Loja\/produto\/bioretentores-d20-com-2-metros\/"]}]},{"@type":"ImageObject","inLanguage":"pt-BR","@id":"https:\/\/minasgramados.com.br\/Loja\/produto\/bioretentores-d20-com-2-metros\/#primaryimage","url":"https:\/\/minasgramados.com.br\/Loja\/wp-content\/uploads\/2018\/10\/bio-retentor1__36154_zoom.jpg","contentUrl":"https:\/\/minasgramados.com.br\/Loja\/wp-content\/uploads\/2018\/10\/bio-retentor1__36154_zoom.jpg","width":800,"height":600},{"@type":"BreadcrumbList","@id":"https:\/\/minasgramados.com.br\/Loja\/produto\/bioretentores-d20-com-2-metros\/#breadcrumb","itemListElement":[{"@type":"ListItem","position":1,"name":"In\u00edcio","item":"https:\/\/minasgramados.com.br\/Loja\/"},{"@type":"ListItem","position":2,"name":"Loja","item":"https:\/\/minasgramados.com.br\/Loja\/loja-modelo-03\/"},{"@type":"ListItem","position":3,"name":"Biorretentores D20 &#8211; Fibra Palha (Com 2 Metros)"}]},{"@type":"WebSite","@id":"https:\/\/minasgramados.com.br\/Loja\/#website","url":"https:\/\/minasgramados.com.br\/Loja\/","name":"Minas Gramados - Paisagismo e Hidrossemeadura.","description":"Distribuidora de Gramas adubos sementes em Betim e no Brasil.","publisher":{"@id":"https:\/\/minasgramados.com.br\/Loja\/#organization"},"potentialAction":[{"@type":"SearchAction","target":{"@type":"EntryPoint","urlTemplate":"https:\/\/minasgramados.com.br\/Loja\/?s={search_term_string}"},"query-input":{"@type":"PropertyValueSpecification","valueRequired":true,"valueName":"search_term_string"}}],"inLanguage":"pt-BR"},{"@type":"Organization","@id":"https:\/\/minasgramados.com.br\/Loja\/#organization","name":"Minas Gramados - Paisagismo e Hidrossemeadura.","url":"https:\/\/minasgramados.com.br\/Loja\/","logo":{"@type":"ImageObject","inLanguage":"pt-BR","@id":"https:\/\/minasgramados.com.br\/Loja\/#\/schema\/logo\/image\/","url":"https:\/\/minasgramados.com.br\/Loja\/wp-content\/uploads\/2018\/06\/gramados-original-1.gif","contentUrl":"https:\/\/minasgramados.com.br\/Loja\/wp-content\/uploads\/2018\/06\/gramados-original-1.gif","width":600,"height":300,"caption":"Minas Gramados - Paisagismo e Hidrossemeadura."},"image":{"@id":"https:\/\/minasgramados.com.br\/Loja\/#\/schema\/logo\/image\/"}}]}},"_links":{"self":[{"href":"https:\/\/minasgramados.com.br\/Loja\/wp-json\/wp\/v2\/product\/1355","targetHints":{"allow":["GET"]}}],"collection":[{"href":"https:\/\/minasgramados.com.br\/Loja\/wp-json\/wp\/v2\/product"}],"about":[{"href":"https:\/\/minasgramados.com.br\/Loja\/wp-json\/wp\/v2\/types\/product"}],"wp:featuredmedia":[{"embeddable":true,"href":"https:\/\/minasgramados.com.br\/Loja\/wp-json\/wp\/v2\/media\/2610"}],"wp:attachment":[{"href":"https:\/\/minasgramados.com.br\/Loja\/wp-json\/wp\/v2\/media?parent=1355"}],"wp:term":[{"taxonomy":"product_brand","embeddable":true,"href":"https:\/\/minasgramados.com.br\/Loja\/wp-json\/wp\/v2\/product_brand?post=1355"},{"taxonomy":"product_cat","embeddable":true,"href":"https:\/\/minasgramados.com.br\/Loja\/wp-json\/wp\/v2\/product_cat?post=1355"},{"taxonomy":"product_tag","embeddable":true,"href":"https:\/\/minasgramados.com.br\/Loja\/wp-json\/wp\/v2\/product_tag?post=1355"}],"curies":[{"name":"wp","href":"https:\/\/api.w.org\/{rel}","templated":true}]}}