{"id":1363,"date":"2015-06-23T23:51:59","date_gmt":"2015-06-23T23:51:59","guid":{"rendered":"http:\/\/minasgramados.com.br\/Loja\/?post_type=product&#038;p=1363"},"modified":"2025-07-23T20:48:33","modified_gmt":"2025-07-23T23:48:33","slug":"mix-de-sementes-para-hidrossemeadura","status":"publish","type":"product","link":"https:\/\/minasgramados.com.br\/Loja\/produto\/mix-de-sementes-para-hidrossemeadura\/","title":{"rendered":"Mix de Sementes p\/ Hidrossemeadura."},"content":{"rendered":"<p>MIX DE SEMENTES PARA HIDROSSEMEDURA E PASTAGENS (KG)<\/p>\n<p>A MINAS GRAMADOS oferece hoje um dos melhores Coquet\u00e9is ou Mix de sementes para Hidrossemeadura e pastagens dentro dos padr\u00f5es de qualidade com os VCS exigidos pelo o minist\u00e9rio da agricultura,garantindo aos nossos clientes excelentes sementes, com alto poder de germina\u00e7\u00e3o,o nosso coquetel trata se da mistura de 7 a 10 esp\u00e9cies de sementes entre sementes de Pastagens,Leguminosas e forrageiras com qualidade e fator decisivo para qualquer plantio principalmente na Hidrossemeadura(ap\u00f3s aplicadas e germinadas as sementes, com o passar do tempo em per\u00edodos de secas as suas podas ou ressecamento as sementes umas substitui as outras n\u00e3o deixando aquele aspecto de falhas onde se confundem visualmente). Este coquetel ou mix visa a cobertura ainda mais r\u00e1pida do solo, vai formando ao longo do per\u00edodo e se sobrepondo umas as outras e eliminando gradativamente a medida que v\u00e3o se desenvolvendo assumindo e cobrindo toda a \u00e1rea exposta sem vegeta\u00e7\u00e3o, proporcionando um aspecto visual excelente e eliminando o grandes problema de eros\u00f5es das \u00e1reas degradadas pelo o Brasil.<\/p>\n<p>DESCRI\u00c7\u00c3O DA MISTURA DO NOSSO MIX.<\/p>\n<p>Composi\u00e7\u00e3o do nosso coquetel (MIX) de sementes: Ele \u00e9 formulado com forrageiras e Leguminosas;e sua composi\u00e7\u00e3o leva: BRAQUI\u00c1RIA , NABO FORRAGEIRO, AVEIA PRETA,\u00a0 \u00a0MOMBA\u00c7A, FEIJ\u00c3O GUANDU ,CAPIM GORDURA,OCROLEUCA,MILHETO E AZEV\u00c9M( Caso o cliente queira podemos substituir algumas sementes das quais ele precisa mais pode haver altera\u00e7\u00e3o no valor do kg).<\/p>\n<p>OBS.: Nosso Coquetel(MIX)de Sementes j\u00e1 \u00e9 completo n\u00e3o precisa acrescentar nenhum tipo de semente diferente,s\u00f3 se o cliente quiser modificar algumas esp\u00e9cies delas.<\/p>\n<p>CALCULO DO COQUETEL(MIX)SEMENTES PARA APLICA\u00c7\u00c3O.<\/p>\n<p>Coquetel(MIX)de sementes: S\u00e3o 35 KG para cada 1.000 M2<\/p>\n<p>CALCULO: 0,35 X \u00c1rea.<\/p>\n<p>ATEN\u00c7\u00c3O: Venda m\u00ednima de 40 kg entregamos para BH e outras cidades e estados, mandamos via correios; ou transportador,\u00a0consulte nosso SAC e tire suas d\u00favidas.<\/p>\n","protected":false},"excerpt":{"rendered":"<p>A MINAS GRAMADOS oferece hoje um dos melhores Mix\u00a0 de sementes para Hidrossemeadura e pastagens dentro dos padr\u00f5es de qualidade exigidos pelo o minist\u00e9rio da agricultura, sementes com alto poder de germina\u00e7\u00e3o . <span style=\"color: #ff0000;\"><strong>(Obs.) <\/strong><\/span>Pre\u00e7os meramente ilustrativos com aumento sem aviso pr\u00e9vio, D\u00favidas consulte nosso SAC<strong>.<\/strong><\/p>\n<p><span style=\"color: #ff0000;\"><strong>(Obs.):<\/strong> Consulte-nos sobre o estoque pois sua venda \u00e9 somente por telefone \u00a0e via ordem de compra.\u00a0 \u00a0 \u00a0 \u00a0 \u00a0 \u00a0 \u00a0 \u00a0 \u00a0 \u00a0 \u00a0 \u00a0 \u00a0 \u00a0 \u00a0 \u00a0 \u00a0 \u00a0 \u00a0 \u00a0 \u00a0 \u00a0 \u00a0 \u00a0 \u00a0 \u00a0\u00a0<\/span><\/p>\n","protected":false},"featured_media":1364,"template":"","meta":{"_joinchat":[]},"product_brand":[],"product_cat":[9,38],"product_tag":[],"class_list":{"0":"post-1363","1":"product","2":"type-product","3":"status-publish","4":"has-post-thumbnail","6":"product_cat-hidrossemeadura","7":"product_cat-sementes-e-mudas-para-hidrossemeadura","8":"entry","9":"has-media","11":"first","12":"outofstock","13":"sale","14":"featured","15":"shipping-taxable","16":"purchasable","17":"product-type-simple","18":"col","19":"wpex-woo-entry","20":"span_1_of_4"},"yoast_head":"<!-- This site is optimized with the Yoast SEO plugin v27.3 - https:\/\/yoast.com\/product\/yoast-seo-wordpress\/ -->\n<title>Mix de Sementes para Hidro - Minas Gramados - Sementes BH<\/title>\n<meta name=\"description\" content=\"Sementes para Hidrossemeadura e pastagens com os padr\u00f5es de qualidade exigidos pelo o minist\u00e9rio da agricultura, com alto poder de germina\u00e7\u00e3o\" \/>\n<meta name=\"robots\" content=\"index, follow, max-snippet:-1, max-image-preview:large, max-video-preview:-1\" \/>\n<link rel=\"canonical\" href=\"https:\/\/minasgramados.com.br\/Loja\/produto\/mix-de-sementes-para-hidrossemeadura\/\" \/>\n<meta name=\"twitter:card\" content=\"summary_large_image\" \/>\n<meta name=\"twitter:title\" content=\"Mix de Sementes para Hidro - Minas Gramados - Sementes BH\" \/>\n<meta name=\"twitter:description\" content=\"Sementes para Hidrossemeadura e pastagens com os padr\u00f5es de qualidade exigidos pelo o minist\u00e9rio da agricultura, com alto poder de germina\u00e7\u00e3o\" \/>\n<meta name=\"twitter:image\" content=\"https:\/\/minasgramados.com.br\/Loja\/wp-content\/uploads\/2015\/06\/Mix-de-sementes.jpg\" \/>\n<meta name=\"twitter:label1\" content=\"Est. tempo de leitura\" \/>\n\t<meta name=\"twitter:data1\" content=\"2 minutos\" \/>\n<script type=\"application\/ld+json\" class=\"yoast-schema-graph\">{\"@context\":\"https:\\\/\\\/schema.org\",\"@graph\":[{\"@type\":\"WebPage\",\"@id\":\"https:\\\/\\\/minasgramados.com.br\\\/Loja\\\/produto\\\/mix-de-sementes-para-hidrossemeadura\\\/\",\"url\":\"https:\\\/\\\/minasgramados.com.br\\\/Loja\\\/produto\\\/mix-de-sementes-para-hidrossemeadura\\\/\",\"name\":\"Mix de Sementes para Hidro - Minas Gramados - Sementes BH\",\"isPartOf\":{\"@id\":\"https:\\\/\\\/minasgramados.com.br\\\/Loja\\\/#website\"},\"primaryImageOfPage\":{\"@id\":\"https:\\\/\\\/minasgramados.com.br\\\/Loja\\\/produto\\\/mix-de-sementes-para-hidrossemeadura\\\/#primaryimage\"},\"image\":{\"@id\":\"https:\\\/\\\/minasgramados.com.br\\\/Loja\\\/produto\\\/mix-de-sementes-para-hidrossemeadura\\\/#primaryimage\"},\"thumbnailUrl\":\"https:\\\/\\\/minasgramados.com.br\\\/Loja\\\/wp-content\\\/uploads\\\/2015\\\/06\\\/Mix-de-sementes.jpg\",\"datePublished\":\"2015-06-23T23:51:59+00:00\",\"dateModified\":\"2025-07-23T23:48:33+00:00\",\"description\":\"Sementes para Hidrossemeadura e pastagens com os padr\u00f5es de qualidade exigidos pelo o minist\u00e9rio da agricultura, com alto poder de germina\u00e7\u00e3o\",\"breadcrumb\":{\"@id\":\"https:\\\/\\\/minasgramados.com.br\\\/Loja\\\/produto\\\/mix-de-sementes-para-hidrossemeadura\\\/#breadcrumb\"},\"inLanguage\":\"pt-BR\",\"potentialAction\":[{\"@type\":\"ReadAction\",\"target\":[\"https:\\\/\\\/minasgramados.com.br\\\/Loja\\\/produto\\\/mix-de-sementes-para-hidrossemeadura\\\/\"]}]},{\"@type\":\"ImageObject\",\"inLanguage\":\"pt-BR\",\"@id\":\"https:\\\/\\\/minasgramados.com.br\\\/Loja\\\/produto\\\/mix-de-sementes-para-hidrossemeadura\\\/#primaryimage\",\"url\":\"https:\\\/\\\/minasgramados.com.br\\\/Loja\\\/wp-content\\\/uploads\\\/2015\\\/06\\\/Mix-de-sementes.jpg\",\"contentUrl\":\"https:\\\/\\\/minasgramados.com.br\\\/Loja\\\/wp-content\\\/uploads\\\/2015\\\/06\\\/Mix-de-sementes.jpg\",\"width\":1024,\"height\":768},{\"@type\":\"BreadcrumbList\",\"@id\":\"https:\\\/\\\/minasgramados.com.br\\\/Loja\\\/produto\\\/mix-de-sementes-para-hidrossemeadura\\\/#breadcrumb\",\"itemListElement\":[{\"@type\":\"ListItem\",\"position\":1,\"name\":\"In\u00edcio\",\"item\":\"https:\\\/\\\/minasgramados.com.br\\\/Loja\\\/\"},{\"@type\":\"ListItem\",\"position\":2,\"name\":\"Loja\",\"item\":\"https:\\\/\\\/minasgramados.com.br\\\/Loja\\\/loja-modelo-03\\\/\"},{\"@type\":\"ListItem\",\"position\":3,\"name\":\"Mix de Sementes p\\\/ Hidrossemeadura.\"}]},{\"@type\":\"WebSite\",\"@id\":\"https:\\\/\\\/minasgramados.com.br\\\/Loja\\\/#website\",\"url\":\"https:\\\/\\\/minasgramados.com.br\\\/Loja\\\/\",\"name\":\"Minas Gramados - Paisagismo e Hidrossemeadura.\",\"description\":\"Distribuidora de Gramas adubos sementes em Betim e no Brasil.\",\"publisher\":{\"@id\":\"https:\\\/\\\/minasgramados.com.br\\\/Loja\\\/#organization\"},\"potentialAction\":[{\"@type\":\"SearchAction\",\"target\":{\"@type\":\"EntryPoint\",\"urlTemplate\":\"https:\\\/\\\/minasgramados.com.br\\\/Loja\\\/?s={search_term_string}\"},\"query-input\":{\"@type\":\"PropertyValueSpecification\",\"valueRequired\":true,\"valueName\":\"search_term_string\"}}],\"inLanguage\":\"pt-BR\"},{\"@type\":\"Organization\",\"@id\":\"https:\\\/\\\/minasgramados.com.br\\\/Loja\\\/#organization\",\"name\":\"Minas Gramados - Paisagismo e Hidrossemeadura.\",\"url\":\"https:\\\/\\\/minasgramados.com.br\\\/Loja\\\/\",\"logo\":{\"@type\":\"ImageObject\",\"inLanguage\":\"pt-BR\",\"@id\":\"https:\\\/\\\/minasgramados.com.br\\\/Loja\\\/#\\\/schema\\\/logo\\\/image\\\/\",\"url\":\"https:\\\/\\\/minasgramados.com.br\\\/Loja\\\/wp-content\\\/uploads\\\/2018\\\/06\\\/gramados-original-1.gif\",\"contentUrl\":\"https:\\\/\\\/minasgramados.com.br\\\/Loja\\\/wp-content\\\/uploads\\\/2018\\\/06\\\/gramados-original-1.gif\",\"width\":600,\"height\":300,\"caption\":\"Minas Gramados - Paisagismo e Hidrossemeadura.\"},\"image\":{\"@id\":\"https:\\\/\\\/minasgramados.com.br\\\/Loja\\\/#\\\/schema\\\/logo\\\/image\\\/\"}}]}<\/script>\n<!-- \/ Yoast SEO plugin. -->","yoast_head_json":{"title":"Mix de Sementes para Hidro - Minas Gramados - Sementes BH","description":"Sementes para Hidrossemeadura e pastagens com os padr\u00f5es de qualidade exigidos pelo o minist\u00e9rio da agricultura, com alto poder de germina\u00e7\u00e3o","robots":{"index":"index","follow":"follow","max-snippet":"max-snippet:-1","max-image-preview":"max-image-preview:large","max-video-preview":"max-video-preview:-1"},"canonical":"https:\/\/minasgramados.com.br\/Loja\/produto\/mix-de-sementes-para-hidrossemeadura\/","twitter_card":"summary_large_image","twitter_title":"Mix de Sementes para Hidro - Minas Gramados - Sementes BH","twitter_description":"Sementes para Hidrossemeadura e pastagens com os padr\u00f5es de qualidade exigidos pelo o minist\u00e9rio da agricultura, com alto poder de germina\u00e7\u00e3o","twitter_image":"https:\/\/minasgramados.com.br\/Loja\/wp-content\/uploads\/2015\/06\/Mix-de-sementes.jpg","twitter_misc":{"Est. tempo de leitura":"2 minutos"},"schema":{"@context":"https:\/\/schema.org","@graph":[{"@type":"WebPage","@id":"https:\/\/minasgramados.com.br\/Loja\/produto\/mix-de-sementes-para-hidrossemeadura\/","url":"https:\/\/minasgramados.com.br\/Loja\/produto\/mix-de-sementes-para-hidrossemeadura\/","name":"Mix de Sementes para Hidro - Minas Gramados - Sementes BH","isPartOf":{"@id":"https:\/\/minasgramados.com.br\/Loja\/#website"},"primaryImageOfPage":{"@id":"https:\/\/minasgramados.com.br\/Loja\/produto\/mix-de-sementes-para-hidrossemeadura\/#primaryimage"},"image":{"@id":"https:\/\/minasgramados.com.br\/Loja\/produto\/mix-de-sementes-para-hidrossemeadura\/#primaryimage"},"thumbnailUrl":"https:\/\/minasgramados.com.br\/Loja\/wp-content\/uploads\/2015\/06\/Mix-de-sementes.jpg","datePublished":"2015-06-23T23:51:59+00:00","dateModified":"2025-07-23T23:48:33+00:00","description":"Sementes para Hidrossemeadura e pastagens com os padr\u00f5es de qualidade exigidos pelo o minist\u00e9rio da agricultura, com alto poder de germina\u00e7\u00e3o","breadcrumb":{"@id":"https:\/\/minasgramados.com.br\/Loja\/produto\/mix-de-sementes-para-hidrossemeadura\/#breadcrumb"},"inLanguage":"pt-BR","potentialAction":[{"@type":"ReadAction","target":["https:\/\/minasgramados.com.br\/Loja\/produto\/mix-de-sementes-para-hidrossemeadura\/"]}]},{"@type":"ImageObject","inLanguage":"pt-BR","@id":"https:\/\/minasgramados.com.br\/Loja\/produto\/mix-de-sementes-para-hidrossemeadura\/#primaryimage","url":"https:\/\/minasgramados.com.br\/Loja\/wp-content\/uploads\/2015\/06\/Mix-de-sementes.jpg","contentUrl":"https:\/\/minasgramados.com.br\/Loja\/wp-content\/uploads\/2015\/06\/Mix-de-sementes.jpg","width":1024,"height":768},{"@type":"BreadcrumbList","@id":"https:\/\/minasgramados.com.br\/Loja\/produto\/mix-de-sementes-para-hidrossemeadura\/#breadcrumb","itemListElement":[{"@type":"ListItem","position":1,"name":"In\u00edcio","item":"https:\/\/minasgramados.com.br\/Loja\/"},{"@type":"ListItem","position":2,"name":"Loja","item":"https:\/\/minasgramados.com.br\/Loja\/loja-modelo-03\/"},{"@type":"ListItem","position":3,"name":"Mix de Sementes p\/ Hidrossemeadura."}]},{"@type":"WebSite","@id":"https:\/\/minasgramados.com.br\/Loja\/#website","url":"https:\/\/minasgramados.com.br\/Loja\/","name":"Minas Gramados - Paisagismo e Hidrossemeadura.","description":"Distribuidora de Gramas adubos sementes em Betim e no Brasil.","publisher":{"@id":"https:\/\/minasgramados.com.br\/Loja\/#organization"},"potentialAction":[{"@type":"SearchAction","target":{"@type":"EntryPoint","urlTemplate":"https:\/\/minasgramados.com.br\/Loja\/?s={search_term_string}"},"query-input":{"@type":"PropertyValueSpecification","valueRequired":true,"valueName":"search_term_string"}}],"inLanguage":"pt-BR"},{"@type":"Organization","@id":"https:\/\/minasgramados.com.br\/Loja\/#organization","name":"Minas Gramados - Paisagismo e Hidrossemeadura.","url":"https:\/\/minasgramados.com.br\/Loja\/","logo":{"@type":"ImageObject","inLanguage":"pt-BR","@id":"https:\/\/minasgramados.com.br\/Loja\/#\/schema\/logo\/image\/","url":"https:\/\/minasgramados.com.br\/Loja\/wp-content\/uploads\/2018\/06\/gramados-original-1.gif","contentUrl":"https:\/\/minasgramados.com.br\/Loja\/wp-content\/uploads\/2018\/06\/gramados-original-1.gif","width":600,"height":300,"caption":"Minas Gramados - Paisagismo e Hidrossemeadura."},"image":{"@id":"https:\/\/minasgramados.com.br\/Loja\/#\/schema\/logo\/image\/"}}]}},"_links":{"self":[{"href":"https:\/\/minasgramados.com.br\/Loja\/wp-json\/wp\/v2\/product\/1363","targetHints":{"allow":["GET"]}}],"collection":[{"href":"https:\/\/minasgramados.com.br\/Loja\/wp-json\/wp\/v2\/product"}],"about":[{"href":"https:\/\/minasgramados.com.br\/Loja\/wp-json\/wp\/v2\/types\/product"}],"wp:featuredmedia":[{"embeddable":true,"href":"https:\/\/minasgramados.com.br\/Loja\/wp-json\/wp\/v2\/media\/1364"}],"wp:attachment":[{"href":"https:\/\/minasgramados.com.br\/Loja\/wp-json\/wp\/v2\/media?parent=1363"}],"wp:term":[{"taxonomy":"product_brand","embeddable":true,"href":"https:\/\/minasgramados.com.br\/Loja\/wp-json\/wp\/v2\/product_brand?post=1363"},{"taxonomy":"product_cat","embeddable":true,"href":"https:\/\/minasgramados.com.br\/Loja\/wp-json\/wp\/v2\/product_cat?post=1363"},{"taxonomy":"product_tag","embeddable":true,"href":"https:\/\/minasgramados.com.br\/Loja\/wp-json\/wp\/v2\/product_tag?post=1363"}],"curies":[{"name":"wp","href":"https:\/\/api.w.org\/{rel}","templated":true}]}}