{"id":1368,"date":"2015-06-24T15:00:05","date_gmt":"2015-06-24T15:00:05","guid":{"rendered":"http:\/\/minasgramados.com.br\/Loja\/?post_type=product&#038;p=1368"},"modified":"2025-08-06T08:35:47","modified_gmt":"2025-08-06T11:35:47","slug":"biomanta-trimensional-bh-manta-tridimensinal-betim-manta-tridimensional-mg","status":"publish","type":"product","link":"https:\/\/minasgramados.com.br\/Loja\/produto\/biomanta-trimensional-bh-manta-tridimensinal-betim-manta-tridimensional-mg\/","title":{"rendered":"Manta Vegetal Redemax 300 Grs.(Pre\u00e7o Varejo)"},"content":{"rendered":"<p style=\"text-align: justify;\">Manta vegetal ou biomantas s\u00e3o anti erosivas e fabricadas industrialmente a partir de fibras 100% de coco, entrela\u00e7adas e incorporadas em redes de polipropileno nos dois lados e uma terceira malha est\u00e1vel \u00e0 a\u00e7\u00e3o dos raios ultravioleta, por meio de costura longitudinal por processo industrial, com fios resistentes de polipropileno, com espa\u00e7amento de 5 cm entre os fios e de 6 cm entre os pontos, formando uma trama que confere alta resist\u00eancia e longevidade ao produto. Fornecido com 2,40m de largura e 41,7 m de comprimento, enrolado em bobina com 0,50 m de di\u00e2metro, embalado por filme pl\u00e1stico.<\/p>\n<p style=\"text-align: justify;\">APLICA\u00c7\u00d5ES:<\/p>\n<p style=\"text-align: justify;\">Projetos especiais para mitigar grandes dist\u00farbios ambientais, projetos de bioengenharia, prote\u00e7\u00e3o de margens de cursos d&#8217;\u00e1gua e reservat\u00f3rios hidr\u00e1ulicos, rodovias, ferrovias, aeroportos, polidutos, drenagens de alto fluxo, minera\u00e7\u00f5es, \u00e1reas pantanosas, brejos, taludes de corte e aterro de qualquer inclina\u00e7\u00e3o, solos com grande suscetibilidade \u00e0 eros\u00e3o, prote\u00e7\u00e3o de aterro sanit\u00e1rio e res\u00edduos industriais.<\/p>\n<p style=\"text-align: justify;\">Especifica\u00e7\u00f5es t\u00e9cnicas da Biomanta Redemax fibra de Coco de 300G\/m\u00b2 com 01 tela de polipropileno e 01 malha georefor\u00e7adora:<\/p>\n<p style=\"text-align: justify;\">Composi\u00e7\u00e3o\/Matriz&#8230;&#8230;&#8230;&#8230;&#8230;&#8230;&#8230;&#8230;&#8230;&#8230;&#8230;&#8230;&#8230;&#8230;&#8230;&#8230;&#8230;.100% Fibra de Coco<br \/>\nComprimento (m)&#8230;&#8230;&#8230;&#8230;&#8230;&#8230;&#8230;&#8230;&#8230;&#8230;&#8230;&#8230;&#8230;&#8230;&#8230;&#8230;&#8230;&#8230;.41,70<br \/>\nlargura (m)&#8230;&#8230;&#8230;&#8230;&#8230;&#8230;&#8230;&#8230;&#8230;&#8230;&#8230;&#8230;&#8230;&#8230;&#8230;&#8230;&#8230;&#8230;&#8230;&#8230;&#8230;.2,40<br \/>\n\u00c1rea da bobina (m2)&#8230;&#8230;&#8230;&#8230;&#8230;&#8230;&#8230;&#8230;&#8230;&#8230;&#8230;&#8230;&#8230;&#8230;&#8230;&#8230;&#8230;100<br \/>\nGramatura composi\u00e7\u00e3o (gm2)&#8230;&#8230;&#8230;&#8230;&#8230;&#8230;&#8230;&#8230;&#8230;&#8230;&#8230;&#8230;..300<br \/>\nPeso da bobina (kg)&#8230;&#8230;&#8230;&#8230;&#8230;&#8230;&#8230;&#8230;&#8230;&#8230;&#8230;&#8230;&#8230;&#8230;&#8230;&#8230;&#8230;..40<br \/>\nLongevidade composi\u00e7\u00e3o (meses)&#8230;&#8230;&#8230;&#8230;&#8230;&#8230;&#8230;&#8230;&#8230;&#8230;..12 a 30<br \/>\nResistencia a tra\u00e7\u00e3o (kgf\/m)&#8230;&#8230;&#8230;&#8230;&#8230;&#8230;&#8230;&#8230;&#8230;&#8230;&#8230;&#8230;&#8230;.690<br \/>\nDiametro da bobina (m)&#8230;&#8230;&#8230;&#8230;&#8230;&#8230;&#8230;&#8230;&#8230;&#8230;&#8230;&#8230;&#8230;&#8230;&#8230;.0,50<br \/>\nEspa\u00e7amento entre linhas (mm)&#8230;&#8230;&#8230;&#8230;&#8230;&#8230;&#8230;&#8230;&#8230;&#8230;&#8230;&#8230;5,0<br \/>\nComprimento do ponto (mm)&#8230;&#8230;&#8230;&#8230;&#8230;&#8230;&#8230;&#8230;&#8230;&#8230;&#8230;&#8230;&#8230;6,00<br \/>\nInclina\u00e7\u00e3o m\u00e1xima talude(H:V)&#8230;&#8230;&#8230;&#8230;&#8230;&#8230;&#8230;&#8230;&#8230;&#8230;&#8230;&#8230;1:2<br \/>\nSuscetibilidade a eros\u00e3o&#8230;&#8230;&#8230;&#8230;&#8230;&#8230;&#8230;&#8230;&#8230;&#8230;&#8230;&#8230;&#8230;&#8230;&#8230;.M\u00e9dia\/Alta<\/p>\n<p style=\"text-align: justify;\"><strong>ATEN\u00c7\u00c3O:<\/strong> As vendas m\u00ednimas dessa manta \u00e9 de 1.500M\u00b2 que equivale a 15 Bobinas,e o frete \u00e9 FOB, d\u00favidas entre em contato com o nosso SAC.<\/p>\n","protected":false},"excerpt":{"rendered":"<p style=\"text-align: justify;\">As Biomantas ou mantas vegetais anti erosivas s\u00e3o fabricadas de fibras vegetais, aqui estamos falando da (Manta fibra de Coco Tridimensional de 3 telas). <span style=\"color: #ff0000;\">(Obs): Acima o valor \u00e9 para compras no varejo, Outros valores segue abaixo, Pedido m\u00ednimo de 1.500 M2, e\u00a0 o\u00a0 FRETE \u00e9 FOB, e os pre\u00e7os est\u00e3o sujeitos a ALTERA\u00c7\u00c3O SEM AVISO PREVIO.<\/span><\/p>\n<p style=\"text-align: justify;\">*VALORES ABAIXO NO VAREJO E ATACADO.<br \/>\n. Compras de 1.500 a 10.000 M2.<br \/>\n. R$: 13,30 M2 = S\/NF e R$ 13,99 M2=C\/NF.<br \/>\n. Compras de 11.100 a 50.000 M2.<br \/>\n. R$: 13,10 M2 = S\/NF e R$ 13,70 M=C\/NF.<br \/>\n. Compras de 51.000 ou mais o M2.<br \/>\n. R$: 13,00 M2 = S\/NF e R$ 13,40 M2=C\/NF.<br \/>\n*Valores ACIMA j\u00e1 com DESCONTO aproveite.<\/p>\n","protected":false},"featured_media":1764,"template":"","meta":{"_joinchat":[]},"product_brand":[],"product_cat":[9,10],"product_tag":[],"class_list":{"0":"post-1368","1":"product","2":"type-product","3":"status-publish","4":"has-post-thumbnail","6":"product_cat-hidrossemeadura","7":"product_cat-mantas-grampos-e-retentores","8":"product_shipping_class-transportadora","9":"entry","10":"has-media","12":"first","13":"outofstock","14":"sale","15":"featured","16":"shipping-taxable","17":"purchasable","18":"product-type-simple","19":"col","20":"wpex-woo-entry","21":"span_1_of_4"},"yoast_head":"<!-- This site is optimized with the Yoast SEO plugin v27.4 - https:\/\/yoast.com\/product\/yoast-seo-wordpress\/ -->\n<title>Manta Vegetal Tridimensional - Biomantas BH Minas Gerais<\/title>\n<meta name=\"description\" content=\"Biomanta Redemax: Elas s\u00e3o anti erosivas e fabricadas de fibras 100% de coco e em redes de polipropileno nos dois lados e uma 3\u00aa malha.\" \/>\n<meta name=\"robots\" content=\"index, follow, max-snippet:-1, max-image-preview:large, max-video-preview:-1\" \/>\n<link rel=\"canonical\" href=\"https:\/\/minasgramados.com.br\/Loja\/produto\/biomanta-trimensional-bh-manta-tridimensinal-betim-manta-tridimensional-mg\/\" \/>\n<meta name=\"twitter:card\" content=\"summary_large_image\" \/>\n<meta name=\"twitter:title\" content=\"Manta Vegetal Tridimensional - Biomantas BH Minas Gerais\" \/>\n<meta name=\"twitter:description\" content=\"Biomanta Redemax: Elas s\u00e3o anti erosivas e fabricadas de fibras 100% de coco e em redes de polipropileno nos dois lados e uma 3\u00aa malha.\" \/>\n<meta name=\"twitter:image\" content=\"https:\/\/minasgramados.com.br\/Loja\/wp-content\/uploads\/2015\/06\/Manta-Redemax-2016.jpg\" \/>\n<meta name=\"twitter:label1\" content=\"Est. tempo de leitura\" \/>\n\t<meta name=\"twitter:data1\" content=\"2 minutos\" \/>\n<script type=\"application\/ld+json\" class=\"yoast-schema-graph\">{\"@context\":\"https:\\\/\\\/schema.org\",\"@graph\":[{\"@type\":\"WebPage\",\"@id\":\"https:\\\/\\\/minasgramados.com.br\\\/Loja\\\/produto\\\/biomanta-trimensional-bh-manta-tridimensinal-betim-manta-tridimensional-mg\\\/\",\"url\":\"https:\\\/\\\/minasgramados.com.br\\\/Loja\\\/produto\\\/biomanta-trimensional-bh-manta-tridimensinal-betim-manta-tridimensional-mg\\\/\",\"name\":\"Manta Vegetal Tridimensional - Biomantas BH Minas Gerais\",\"isPartOf\":{\"@id\":\"https:\\\/\\\/minasgramados.com.br\\\/Loja\\\/#website\"},\"primaryImageOfPage\":{\"@id\":\"https:\\\/\\\/minasgramados.com.br\\\/Loja\\\/produto\\\/biomanta-trimensional-bh-manta-tridimensinal-betim-manta-tridimensional-mg\\\/#primaryimage\"},\"image\":{\"@id\":\"https:\\\/\\\/minasgramados.com.br\\\/Loja\\\/produto\\\/biomanta-trimensional-bh-manta-tridimensinal-betim-manta-tridimensional-mg\\\/#primaryimage\"},\"thumbnailUrl\":\"https:\\\/\\\/minasgramados.com.br\\\/Loja\\\/wp-content\\\/uploads\\\/2015\\\/06\\\/Manta-Redemax-2016.jpg\",\"datePublished\":\"2015-06-24T15:00:05+00:00\",\"dateModified\":\"2025-08-06T11:35:47+00:00\",\"description\":\"Biomanta Redemax: Elas s\u00e3o anti erosivas e fabricadas de fibras 100% de coco e em redes de polipropileno nos dois lados e uma 3\u00aa malha.\",\"breadcrumb\":{\"@id\":\"https:\\\/\\\/minasgramados.com.br\\\/Loja\\\/produto\\\/biomanta-trimensional-bh-manta-tridimensinal-betim-manta-tridimensional-mg\\\/#breadcrumb\"},\"inLanguage\":\"pt-BR\",\"potentialAction\":[{\"@type\":\"ReadAction\",\"target\":[\"https:\\\/\\\/minasgramados.com.br\\\/Loja\\\/produto\\\/biomanta-trimensional-bh-manta-tridimensinal-betim-manta-tridimensional-mg\\\/\"]}]},{\"@type\":\"ImageObject\",\"inLanguage\":\"pt-BR\",\"@id\":\"https:\\\/\\\/minasgramados.com.br\\\/Loja\\\/produto\\\/biomanta-trimensional-bh-manta-tridimensinal-betim-manta-tridimensional-mg\\\/#primaryimage\",\"url\":\"https:\\\/\\\/minasgramados.com.br\\\/Loja\\\/wp-content\\\/uploads\\\/2015\\\/06\\\/Manta-Redemax-2016.jpg\",\"contentUrl\":\"https:\\\/\\\/minasgramados.com.br\\\/Loja\\\/wp-content\\\/uploads\\\/2015\\\/06\\\/Manta-Redemax-2016.jpg\",\"width\":738,\"height\":516},{\"@type\":\"BreadcrumbList\",\"@id\":\"https:\\\/\\\/minasgramados.com.br\\\/Loja\\\/produto\\\/biomanta-trimensional-bh-manta-tridimensinal-betim-manta-tridimensional-mg\\\/#breadcrumb\",\"itemListElement\":[{\"@type\":\"ListItem\",\"position\":1,\"name\":\"In\u00edcio\",\"item\":\"https:\\\/\\\/minasgramados.com.br\\\/Loja\\\/\"},{\"@type\":\"ListItem\",\"position\":2,\"name\":\"Loja\",\"item\":\"https:\\\/\\\/minasgramados.com.br\\\/Loja\\\/loja-modelo-03\\\/\"},{\"@type\":\"ListItem\",\"position\":3,\"name\":\"Manta Vegetal Redemax 300 Grs.(Pre\u00e7o Varejo)\"}]},{\"@type\":\"WebSite\",\"@id\":\"https:\\\/\\\/minasgramados.com.br\\\/Loja\\\/#website\",\"url\":\"https:\\\/\\\/minasgramados.com.br\\\/Loja\\\/\",\"name\":\"Minas Gramados - Paisagismo e Hidrossemeadura.\",\"description\":\"Distribuidora de Gramas adubos sementes em Betim e no Brasil.\",\"publisher\":{\"@id\":\"https:\\\/\\\/minasgramados.com.br\\\/Loja\\\/#organization\"},\"potentialAction\":[{\"@type\":\"SearchAction\",\"target\":{\"@type\":\"EntryPoint\",\"urlTemplate\":\"https:\\\/\\\/minasgramados.com.br\\\/Loja\\\/?s={search_term_string}\"},\"query-input\":{\"@type\":\"PropertyValueSpecification\",\"valueRequired\":true,\"valueName\":\"search_term_string\"}}],\"inLanguage\":\"pt-BR\"},{\"@type\":\"Organization\",\"@id\":\"https:\\\/\\\/minasgramados.com.br\\\/Loja\\\/#organization\",\"name\":\"Minas Gramados - Paisagismo e Hidrossemeadura.\",\"url\":\"https:\\\/\\\/minasgramados.com.br\\\/Loja\\\/\",\"logo\":{\"@type\":\"ImageObject\",\"inLanguage\":\"pt-BR\",\"@id\":\"https:\\\/\\\/minasgramados.com.br\\\/Loja\\\/#\\\/schema\\\/logo\\\/image\\\/\",\"url\":\"https:\\\/\\\/minasgramados.com.br\\\/Loja\\\/wp-content\\\/uploads\\\/2018\\\/06\\\/gramados-original-1.gif\",\"contentUrl\":\"https:\\\/\\\/minasgramados.com.br\\\/Loja\\\/wp-content\\\/uploads\\\/2018\\\/06\\\/gramados-original-1.gif\",\"width\":600,\"height\":300,\"caption\":\"Minas Gramados - Paisagismo e Hidrossemeadura.\"},\"image\":{\"@id\":\"https:\\\/\\\/minasgramados.com.br\\\/Loja\\\/#\\\/schema\\\/logo\\\/image\\\/\"}}]}<\/script>\n<!-- \/ Yoast SEO plugin. -->","yoast_head_json":{"title":"Manta Vegetal Tridimensional - Biomantas BH Minas Gerais","description":"Biomanta Redemax: Elas s\u00e3o anti erosivas e fabricadas de fibras 100% de coco e em redes de polipropileno nos dois lados e uma 3\u00aa malha.","robots":{"index":"index","follow":"follow","max-snippet":"max-snippet:-1","max-image-preview":"max-image-preview:large","max-video-preview":"max-video-preview:-1"},"canonical":"https:\/\/minasgramados.com.br\/Loja\/produto\/biomanta-trimensional-bh-manta-tridimensinal-betim-manta-tridimensional-mg\/","twitter_card":"summary_large_image","twitter_title":"Manta Vegetal Tridimensional - Biomantas BH Minas Gerais","twitter_description":"Biomanta Redemax: Elas s\u00e3o anti erosivas e fabricadas de fibras 100% de coco e em redes de polipropileno nos dois lados e uma 3\u00aa malha.","twitter_image":"https:\/\/minasgramados.com.br\/Loja\/wp-content\/uploads\/2015\/06\/Manta-Redemax-2016.jpg","twitter_misc":{"Est. tempo de leitura":"2 minutos"},"schema":{"@context":"https:\/\/schema.org","@graph":[{"@type":"WebPage","@id":"https:\/\/minasgramados.com.br\/Loja\/produto\/biomanta-trimensional-bh-manta-tridimensinal-betim-manta-tridimensional-mg\/","url":"https:\/\/minasgramados.com.br\/Loja\/produto\/biomanta-trimensional-bh-manta-tridimensinal-betim-manta-tridimensional-mg\/","name":"Manta Vegetal Tridimensional - Biomantas BH Minas Gerais","isPartOf":{"@id":"https:\/\/minasgramados.com.br\/Loja\/#website"},"primaryImageOfPage":{"@id":"https:\/\/minasgramados.com.br\/Loja\/produto\/biomanta-trimensional-bh-manta-tridimensinal-betim-manta-tridimensional-mg\/#primaryimage"},"image":{"@id":"https:\/\/minasgramados.com.br\/Loja\/produto\/biomanta-trimensional-bh-manta-tridimensinal-betim-manta-tridimensional-mg\/#primaryimage"},"thumbnailUrl":"https:\/\/minasgramados.com.br\/Loja\/wp-content\/uploads\/2015\/06\/Manta-Redemax-2016.jpg","datePublished":"2015-06-24T15:00:05+00:00","dateModified":"2025-08-06T11:35:47+00:00","description":"Biomanta Redemax: Elas s\u00e3o anti erosivas e fabricadas de fibras 100% de coco e em redes de polipropileno nos dois lados e uma 3\u00aa malha.","breadcrumb":{"@id":"https:\/\/minasgramados.com.br\/Loja\/produto\/biomanta-trimensional-bh-manta-tridimensinal-betim-manta-tridimensional-mg\/#breadcrumb"},"inLanguage":"pt-BR","potentialAction":[{"@type":"ReadAction","target":["https:\/\/minasgramados.com.br\/Loja\/produto\/biomanta-trimensional-bh-manta-tridimensinal-betim-manta-tridimensional-mg\/"]}]},{"@type":"ImageObject","inLanguage":"pt-BR","@id":"https:\/\/minasgramados.com.br\/Loja\/produto\/biomanta-trimensional-bh-manta-tridimensinal-betim-manta-tridimensional-mg\/#primaryimage","url":"https:\/\/minasgramados.com.br\/Loja\/wp-content\/uploads\/2015\/06\/Manta-Redemax-2016.jpg","contentUrl":"https:\/\/minasgramados.com.br\/Loja\/wp-content\/uploads\/2015\/06\/Manta-Redemax-2016.jpg","width":738,"height":516},{"@type":"BreadcrumbList","@id":"https:\/\/minasgramados.com.br\/Loja\/produto\/biomanta-trimensional-bh-manta-tridimensinal-betim-manta-tridimensional-mg\/#breadcrumb","itemListElement":[{"@type":"ListItem","position":1,"name":"In\u00edcio","item":"https:\/\/minasgramados.com.br\/Loja\/"},{"@type":"ListItem","position":2,"name":"Loja","item":"https:\/\/minasgramados.com.br\/Loja\/loja-modelo-03\/"},{"@type":"ListItem","position":3,"name":"Manta Vegetal Redemax 300 Grs.(Pre\u00e7o Varejo)"}]},{"@type":"WebSite","@id":"https:\/\/minasgramados.com.br\/Loja\/#website","url":"https:\/\/minasgramados.com.br\/Loja\/","name":"Minas Gramados - Paisagismo e Hidrossemeadura.","description":"Distribuidora de Gramas adubos sementes em Betim e no Brasil.","publisher":{"@id":"https:\/\/minasgramados.com.br\/Loja\/#organization"},"potentialAction":[{"@type":"SearchAction","target":{"@type":"EntryPoint","urlTemplate":"https:\/\/minasgramados.com.br\/Loja\/?s={search_term_string}"},"query-input":{"@type":"PropertyValueSpecification","valueRequired":true,"valueName":"search_term_string"}}],"inLanguage":"pt-BR"},{"@type":"Organization","@id":"https:\/\/minasgramados.com.br\/Loja\/#organization","name":"Minas Gramados - Paisagismo e Hidrossemeadura.","url":"https:\/\/minasgramados.com.br\/Loja\/","logo":{"@type":"ImageObject","inLanguage":"pt-BR","@id":"https:\/\/minasgramados.com.br\/Loja\/#\/schema\/logo\/image\/","url":"https:\/\/minasgramados.com.br\/Loja\/wp-content\/uploads\/2018\/06\/gramados-original-1.gif","contentUrl":"https:\/\/minasgramados.com.br\/Loja\/wp-content\/uploads\/2018\/06\/gramados-original-1.gif","width":600,"height":300,"caption":"Minas Gramados - Paisagismo e Hidrossemeadura."},"image":{"@id":"https:\/\/minasgramados.com.br\/Loja\/#\/schema\/logo\/image\/"}}]}},"_links":{"self":[{"href":"https:\/\/minasgramados.com.br\/Loja\/wp-json\/wp\/v2\/product\/1368","targetHints":{"allow":["GET"]}}],"collection":[{"href":"https:\/\/minasgramados.com.br\/Loja\/wp-json\/wp\/v2\/product"}],"about":[{"href":"https:\/\/minasgramados.com.br\/Loja\/wp-json\/wp\/v2\/types\/product"}],"wp:featuredmedia":[{"embeddable":true,"href":"https:\/\/minasgramados.com.br\/Loja\/wp-json\/wp\/v2\/media\/1764"}],"wp:attachment":[{"href":"https:\/\/minasgramados.com.br\/Loja\/wp-json\/wp\/v2\/media?parent=1368"}],"wp:term":[{"taxonomy":"product_brand","embeddable":true,"href":"https:\/\/minasgramados.com.br\/Loja\/wp-json\/wp\/v2\/product_brand?post=1368"},{"taxonomy":"product_cat","embeddable":true,"href":"https:\/\/minasgramados.com.br\/Loja\/wp-json\/wp\/v2\/product_cat?post=1368"},{"taxonomy":"product_tag","embeddable":true,"href":"https:\/\/minasgramados.com.br\/Loja\/wp-json\/wp\/v2\/product_tag?post=1368"}],"curies":[{"name":"wp","href":"https:\/\/api.w.org\/{rel}","templated":true}]}}