{"id":1379,"date":"2015-06-24T15:37:01","date_gmt":"2015-06-24T18:37:01","guid":{"rendered":"http:\/\/minasgramados.com.br\/Loja\/?post_type=product&#038;p=1379"},"modified":"2025-08-05T12:58:35","modified_gmt":"2025-08-05T15:58:35","slug":"biomanta-de-coco-de-300gm2","status":"publish","type":"product","link":"https:\/\/minasgramados.com.br\/Loja\/produto\/biomanta-de-coco-de-300gm2\/","title":{"rendered":"Manta Vegetal 300 Grs (Rolo 100m\u00b2 no Varejo)"},"content":{"rendered":"<p style=\"text-align: justify;\">\u00a0As Nossas Biomantas ou Mantas vegetais, como dito acima s\u00e3o feitas de Fibra de Coco, tela de polipropileno preenchida com fibras de coco entrela\u00e7adas costuradas longitudinalmente com fios foto degrad\u00e1veis resultando em uma manta da face e ou dupla-face, que permite apenas a passagem de luz e malha da tela suficiente para permitir a passagem da vegeta\u00e7\u00e3o quando germinada. Alta resist\u00eancia e fixa\u00e7\u00e3o de materiais permitem que a biomanta seja utilizada em situa\u00e7\u00f5es de extrema complexidade. Ela \u00e9 ideal para projetos, como para \u00e1reas degradadas, aeroportos, rodovias, ferrovias, beira de estradas e etc.<\/p>\n<p style=\"text-align: justify;\">APLICA\u00c7\u00d5ES:<\/p>\n<p style=\"text-align: justify;\">Projetos especiais como projetos residenciais, industriais, minera\u00e7\u00f5es, projetos ligado aos pequenos e grandes projetos paisag\u00edsticos, taludes de porte m\u00e9dio a grande, podendo se usado em locais com inclina\u00e7\u00e3o, do tipo canais de vaz\u00e3o m\u00e9dia a alta, margens de cursos d\u2019\u00e1gua e \u00e1reas sujeitas a constantes eros\u00f5es.<\/p>\n<p style=\"text-align: justify;\">Especifica\u00e7\u00f5es t\u00e9cnicas da Biomanta fibra de coco de 300g\/m\u00b2 com 01 tela de polipropileno:<\/p>\n<p style=\"text-align: justify;\">Composi\u00e7\u00e3o\/Matriz&#8230;&#8230;&#8230;&#8230;&#8230;&#8230;&#8230;&#8230;&#8230;&#8230;&#8230;&#8230;&#8230;&#8230;&#8230;..100% Fibra de Coco<br \/>\nComprimento (m)&#8230;&#8230;&#8230;&#8230;&#8230;&#8230;&#8230;&#8230;&#8230;&#8230;&#8230;&#8230;&#8230;&#8230;&#8230;&#8230;..41,70<br \/>\nlargura (m)&#8230;&#8230;&#8230;&#8230;&#8230;&#8230;&#8230;&#8230;&#8230;&#8230;&#8230;&#8230;&#8230;&#8230;&#8230;&#8230;&#8230;&#8230;&#8230;..2,40<br \/>\n\u00c1rea da bobina (m2)&#8230;&#8230;&#8230;&#8230;&#8230;&#8230;&#8230;&#8230;&#8230;&#8230;&#8230;&#8230;&#8230;&#8230;&#8230;.100<br \/>\nGramatura composi\u00e7\u00e3o (gm2)&#8230;&#8230;&#8230;&#8230;&#8230;&#8230;&#8230;&#8230;&#8230;&#8230;&#8230;300<br \/>\nPeso da bobina (kg)&#8230;&#8230;&#8230;&#8230;&#8230;&#8230;&#8230;&#8230;&#8230;&#8230;&#8230;&#8230;&#8230;&#8230;&#8230;&#8230;35<br \/>\nLongevidade composi\u00e7\u00e3o (meses)&#8230;&#8230;&#8230;&#8230;&#8230;&#8230;&#8230;&#8230;&#8230;..24 a 36<br \/>\nResist\u00eancia a tra\u00e7\u00e3o (kgf\/m)&#8230;&#8230;&#8230;&#8230;&#8230;&#8230;&#8230;&#8230;&#8230;&#8230;&#8230;..60<br \/>\nDi\u00e2metro da bobina (m)&#8230;&#8230;&#8230;&#8230;&#8230;&#8230;&#8230;&#8230;&#8230;&#8230;&#8230;&#8230;&#8230;.0,35<br \/>\nEspa\u00e7amento entre linhas (mm)&#8230;&#8230;&#8230;&#8230;&#8230;&#8230;&#8230;&#8230;&#8230;&#8230;50<br \/>\nComprimento do ponto (mm)&#8230;&#8230;&#8230;&#8230;&#8230;&#8230;&#8230;&#8230;&#8230;&#8230;&#8230;.40<br \/>\nInclina\u00e7\u00e3o m\u00e1xima talude(H:V)&#8230;&#8230;&#8230;&#8230;&#8230;&#8230;&#8230;&#8230;&#8230;&#8230;1.2<br \/>\nSuscetibilidade a eros\u00e3o&#8230;&#8230;&#8230;&#8230;&#8230;&#8230;&#8230;&#8230;&#8230;&#8230;&#8230;&#8230;&#8230;.M\u00e9dia\/Alta<\/p>\n<p style=\"text-align: justify;\">ATEN\u00c7\u00c3O: A Vendas em nossa loja F\u00edsica \u00e9 para metragens m\u00ednimas de 100M\u00b2 que equivale a 01 bobina de 100M2 e quando temos em estoque, d\u00favidas entre em contato com o nosso SAC.<\/p>\n","protected":false},"excerpt":{"rendered":"<p style=\"text-align: justify;\">Manta vegetal ou biomantas anti erosivas e fabricadas industrialmente a partir de fibras vegetais,aqui estamos falando da(Manta fibra Coco ).<span style=\"color: #ff0000;\">(Obs): Acima o valor \u00e9 para compras no varejo, O Valor de R$ 640,00 para rolos de 100M2,Outros valores segue abaixo, Pedido m\u00ednimo 600 M2, e mais o\u00a0 FRETE \u00e9 FOB e os pre\u00e7os est\u00e3o sujeitos a ALTERA\u00c7\u00c3O SEM AVISO PREVIO.<\/span><\/p>\n<p>*VALORES ABAIXO NO VAREJO E ATACADO.<br \/>\n. Compras de 100 a 2.000 M2.<br \/>\n. R$: 5,99 M2 = S\/NF e R$ 6,40 M2=C\/NF.<br \/>\n. Compras de 2.100 a 5.000 M2.<br \/>\n. R$: 5,70 M2 = S\/NF e R$ 6,00 M=C\/NF.<br \/>\n. Compras de 5.100 a 50.000 M2.<br \/>\n. R$: 5,00 M2 = S\/NF e R$ 5,50 M2=C\/NF.<br \/>\n. Compras de 51.000 ou mais o M2.<br \/>\n. R$: 4,95 M2 = S\/NF e R$ 5,30 M2=C\/NF.<br \/>\n*Valores ACIMA j\u00e1 com DESCONTO aproveite.<\/p>\n","protected":false},"featured_media":1380,"template":"","meta":{"_joinchat":[]},"product_brand":[],"product_cat":[9,10],"product_tag":[],"class_list":{"0":"post-1379","1":"product","2":"type-product","3":"status-publish","4":"has-post-thumbnail","6":"product_cat-hidrossemeadura","7":"product_cat-mantas-grampos-e-retentores","8":"product_shipping_class-transportadora","9":"entry","10":"has-media","12":"first","13":"outofstock","14":"sale","15":"shipping-taxable","16":"purchasable","17":"product-type-simple","18":"col","19":"wpex-woo-entry","20":"span_1_of_4"},"yoast_head":"<!-- This site is optimized with the Yoast SEO plugin v27.3 - https:\/\/yoast.com\/product\/yoast-seo-wordpress\/ -->\n<title>Manta Vegetal-Biomanta Betim- Biomanta BH- Manta fibra coco SP<\/title>\n<meta name=\"description\" content=\"Manta vegetal ou biomantas, s\u00e3o anti erosivas e fabricadas industrialmente a partir de fibras vegetais, e apresenta melhor custo beneficio.\" \/>\n<meta name=\"robots\" content=\"index, follow, max-snippet:-1, max-image-preview:large, max-video-preview:-1\" \/>\n<link rel=\"canonical\" href=\"https:\/\/minasgramados.com.br\/Loja\/produto\/biomanta-de-coco-de-300gm2\/\" \/>\n<meta name=\"twitter:card\" content=\"summary_large_image\" \/>\n<meta name=\"twitter:title\" content=\"Manta Vegetal-Biomanta Betim- Biomanta BH- Manta fibra coco SP\" \/>\n<meta name=\"twitter:description\" content=\"Manta vegetal ou biomantas, s\u00e3o anti erosivas e fabricadas industrialmente a partir de fibras vegetais, e apresenta melhor custo beneficio.\" \/>\n<meta name=\"twitter:image\" content=\"https:\/\/minasgramados.com.br\/Loja\/wp-content\/uploads\/2015\/06\/Manta_vegetal_rolo_aberto__35885_zoom.jpg\" \/>\n<meta name=\"twitter:label1\" content=\"Est. tempo de leitura\" \/>\n\t<meta name=\"twitter:data1\" content=\"2 minutos\" \/>\n<script type=\"application\/ld+json\" class=\"yoast-schema-graph\">{\"@context\":\"https:\\\/\\\/schema.org\",\"@graph\":[{\"@type\":\"WebPage\",\"@id\":\"https:\\\/\\\/minasgramados.com.br\\\/Loja\\\/produto\\\/biomanta-de-coco-de-300gm2\\\/\",\"url\":\"https:\\\/\\\/minasgramados.com.br\\\/Loja\\\/produto\\\/biomanta-de-coco-de-300gm2\\\/\",\"name\":\"Manta Vegetal-Biomanta Betim- Biomanta BH- Manta fibra coco SP\",\"isPartOf\":{\"@id\":\"https:\\\/\\\/minasgramados.com.br\\\/Loja\\\/#website\"},\"primaryImageOfPage\":{\"@id\":\"https:\\\/\\\/minasgramados.com.br\\\/Loja\\\/produto\\\/biomanta-de-coco-de-300gm2\\\/#primaryimage\"},\"image\":{\"@id\":\"https:\\\/\\\/minasgramados.com.br\\\/Loja\\\/produto\\\/biomanta-de-coco-de-300gm2\\\/#primaryimage\"},\"thumbnailUrl\":\"https:\\\/\\\/minasgramados.com.br\\\/Loja\\\/wp-content\\\/uploads\\\/2015\\\/06\\\/Manta_vegetal_rolo_aberto__35885_zoom.jpg\",\"datePublished\":\"2015-06-24T18:37:01+00:00\",\"dateModified\":\"2025-08-05T15:58:35+00:00\",\"description\":\"Manta vegetal ou biomantas, s\u00e3o anti erosivas e fabricadas industrialmente a partir de fibras vegetais, e apresenta melhor custo beneficio.\",\"breadcrumb\":{\"@id\":\"https:\\\/\\\/minasgramados.com.br\\\/Loja\\\/produto\\\/biomanta-de-coco-de-300gm2\\\/#breadcrumb\"},\"inLanguage\":\"pt-BR\",\"potentialAction\":[{\"@type\":\"ReadAction\",\"target\":[\"https:\\\/\\\/minasgramados.com.br\\\/Loja\\\/produto\\\/biomanta-de-coco-de-300gm2\\\/\"]}]},{\"@type\":\"ImageObject\",\"inLanguage\":\"pt-BR\",\"@id\":\"https:\\\/\\\/minasgramados.com.br\\\/Loja\\\/produto\\\/biomanta-de-coco-de-300gm2\\\/#primaryimage\",\"url\":\"https:\\\/\\\/minasgramados.com.br\\\/Loja\\\/wp-content\\\/uploads\\\/2015\\\/06\\\/Manta_vegetal_rolo_aberto__35885_zoom.jpg\",\"contentUrl\":\"https:\\\/\\\/minasgramados.com.br\\\/Loja\\\/wp-content\\\/uploads\\\/2015\\\/06\\\/Manta_vegetal_rolo_aberto__35885_zoom.jpg\",\"width\":796,\"height\":600,\"caption\":\"????????????????????????????????????????????????????????????\"},{\"@type\":\"BreadcrumbList\",\"@id\":\"https:\\\/\\\/minasgramados.com.br\\\/Loja\\\/produto\\\/biomanta-de-coco-de-300gm2\\\/#breadcrumb\",\"itemListElement\":[{\"@type\":\"ListItem\",\"position\":1,\"name\":\"In\u00edcio\",\"item\":\"https:\\\/\\\/minasgramados.com.br\\\/Loja\\\/\"},{\"@type\":\"ListItem\",\"position\":2,\"name\":\"Loja\",\"item\":\"https:\\\/\\\/minasgramados.com.br\\\/Loja\\\/loja-modelo-03\\\/\"},{\"@type\":\"ListItem\",\"position\":3,\"name\":\"Manta Vegetal 300 Grs (Rolo 100m\u00b2 no Varejo)\"}]},{\"@type\":\"WebSite\",\"@id\":\"https:\\\/\\\/minasgramados.com.br\\\/Loja\\\/#website\",\"url\":\"https:\\\/\\\/minasgramados.com.br\\\/Loja\\\/\",\"name\":\"Minas Gramados - Paisagismo e Hidrossemeadura.\",\"description\":\"Distribuidora de Gramas adubos sementes em Betim e no Brasil.\",\"publisher\":{\"@id\":\"https:\\\/\\\/minasgramados.com.br\\\/Loja\\\/#organization\"},\"potentialAction\":[{\"@type\":\"SearchAction\",\"target\":{\"@type\":\"EntryPoint\",\"urlTemplate\":\"https:\\\/\\\/minasgramados.com.br\\\/Loja\\\/?s={search_term_string}\"},\"query-input\":{\"@type\":\"PropertyValueSpecification\",\"valueRequired\":true,\"valueName\":\"search_term_string\"}}],\"inLanguage\":\"pt-BR\"},{\"@type\":\"Organization\",\"@id\":\"https:\\\/\\\/minasgramados.com.br\\\/Loja\\\/#organization\",\"name\":\"Minas Gramados - Paisagismo e Hidrossemeadura.\",\"url\":\"https:\\\/\\\/minasgramados.com.br\\\/Loja\\\/\",\"logo\":{\"@type\":\"ImageObject\",\"inLanguage\":\"pt-BR\",\"@id\":\"https:\\\/\\\/minasgramados.com.br\\\/Loja\\\/#\\\/schema\\\/logo\\\/image\\\/\",\"url\":\"https:\\\/\\\/minasgramados.com.br\\\/Loja\\\/wp-content\\\/uploads\\\/2018\\\/06\\\/gramados-original-1.gif\",\"contentUrl\":\"https:\\\/\\\/minasgramados.com.br\\\/Loja\\\/wp-content\\\/uploads\\\/2018\\\/06\\\/gramados-original-1.gif\",\"width\":600,\"height\":300,\"caption\":\"Minas Gramados - Paisagismo e Hidrossemeadura.\"},\"image\":{\"@id\":\"https:\\\/\\\/minasgramados.com.br\\\/Loja\\\/#\\\/schema\\\/logo\\\/image\\\/\"}}]}<\/script>\n<!-- \/ Yoast SEO plugin. -->","yoast_head_json":{"title":"Manta Vegetal-Biomanta Betim- Biomanta BH- Manta fibra coco SP","description":"Manta vegetal ou biomantas, s\u00e3o anti erosivas e fabricadas industrialmente a partir de fibras vegetais, e apresenta melhor custo beneficio.","robots":{"index":"index","follow":"follow","max-snippet":"max-snippet:-1","max-image-preview":"max-image-preview:large","max-video-preview":"max-video-preview:-1"},"canonical":"https:\/\/minasgramados.com.br\/Loja\/produto\/biomanta-de-coco-de-300gm2\/","twitter_card":"summary_large_image","twitter_title":"Manta Vegetal-Biomanta Betim- Biomanta BH- Manta fibra coco SP","twitter_description":"Manta vegetal ou biomantas, s\u00e3o anti erosivas e fabricadas industrialmente a partir de fibras vegetais, e apresenta melhor custo beneficio.","twitter_image":"https:\/\/minasgramados.com.br\/Loja\/wp-content\/uploads\/2015\/06\/Manta_vegetal_rolo_aberto__35885_zoom.jpg","twitter_misc":{"Est. tempo de leitura":"2 minutos"},"schema":{"@context":"https:\/\/schema.org","@graph":[{"@type":"WebPage","@id":"https:\/\/minasgramados.com.br\/Loja\/produto\/biomanta-de-coco-de-300gm2\/","url":"https:\/\/minasgramados.com.br\/Loja\/produto\/biomanta-de-coco-de-300gm2\/","name":"Manta Vegetal-Biomanta Betim- Biomanta BH- Manta fibra coco SP","isPartOf":{"@id":"https:\/\/minasgramados.com.br\/Loja\/#website"},"primaryImageOfPage":{"@id":"https:\/\/minasgramados.com.br\/Loja\/produto\/biomanta-de-coco-de-300gm2\/#primaryimage"},"image":{"@id":"https:\/\/minasgramados.com.br\/Loja\/produto\/biomanta-de-coco-de-300gm2\/#primaryimage"},"thumbnailUrl":"https:\/\/minasgramados.com.br\/Loja\/wp-content\/uploads\/2015\/06\/Manta_vegetal_rolo_aberto__35885_zoom.jpg","datePublished":"2015-06-24T18:37:01+00:00","dateModified":"2025-08-05T15:58:35+00:00","description":"Manta vegetal ou biomantas, s\u00e3o anti erosivas e fabricadas industrialmente a partir de fibras vegetais, e apresenta melhor custo beneficio.","breadcrumb":{"@id":"https:\/\/minasgramados.com.br\/Loja\/produto\/biomanta-de-coco-de-300gm2\/#breadcrumb"},"inLanguage":"pt-BR","potentialAction":[{"@type":"ReadAction","target":["https:\/\/minasgramados.com.br\/Loja\/produto\/biomanta-de-coco-de-300gm2\/"]}]},{"@type":"ImageObject","inLanguage":"pt-BR","@id":"https:\/\/minasgramados.com.br\/Loja\/produto\/biomanta-de-coco-de-300gm2\/#primaryimage","url":"https:\/\/minasgramados.com.br\/Loja\/wp-content\/uploads\/2015\/06\/Manta_vegetal_rolo_aberto__35885_zoom.jpg","contentUrl":"https:\/\/minasgramados.com.br\/Loja\/wp-content\/uploads\/2015\/06\/Manta_vegetal_rolo_aberto__35885_zoom.jpg","width":796,"height":600,"caption":"????????????????????????????????????????????????????????????"},{"@type":"BreadcrumbList","@id":"https:\/\/minasgramados.com.br\/Loja\/produto\/biomanta-de-coco-de-300gm2\/#breadcrumb","itemListElement":[{"@type":"ListItem","position":1,"name":"In\u00edcio","item":"https:\/\/minasgramados.com.br\/Loja\/"},{"@type":"ListItem","position":2,"name":"Loja","item":"https:\/\/minasgramados.com.br\/Loja\/loja-modelo-03\/"},{"@type":"ListItem","position":3,"name":"Manta Vegetal 300 Grs (Rolo 100m\u00b2 no Varejo)"}]},{"@type":"WebSite","@id":"https:\/\/minasgramados.com.br\/Loja\/#website","url":"https:\/\/minasgramados.com.br\/Loja\/","name":"Minas Gramados - Paisagismo e Hidrossemeadura.","description":"Distribuidora de Gramas adubos sementes em Betim e no Brasil.","publisher":{"@id":"https:\/\/minasgramados.com.br\/Loja\/#organization"},"potentialAction":[{"@type":"SearchAction","target":{"@type":"EntryPoint","urlTemplate":"https:\/\/minasgramados.com.br\/Loja\/?s={search_term_string}"},"query-input":{"@type":"PropertyValueSpecification","valueRequired":true,"valueName":"search_term_string"}}],"inLanguage":"pt-BR"},{"@type":"Organization","@id":"https:\/\/minasgramados.com.br\/Loja\/#organization","name":"Minas Gramados - Paisagismo e Hidrossemeadura.","url":"https:\/\/minasgramados.com.br\/Loja\/","logo":{"@type":"ImageObject","inLanguage":"pt-BR","@id":"https:\/\/minasgramados.com.br\/Loja\/#\/schema\/logo\/image\/","url":"https:\/\/minasgramados.com.br\/Loja\/wp-content\/uploads\/2018\/06\/gramados-original-1.gif","contentUrl":"https:\/\/minasgramados.com.br\/Loja\/wp-content\/uploads\/2018\/06\/gramados-original-1.gif","width":600,"height":300,"caption":"Minas Gramados - Paisagismo e Hidrossemeadura."},"image":{"@id":"https:\/\/minasgramados.com.br\/Loja\/#\/schema\/logo\/image\/"}}]}},"_links":{"self":[{"href":"https:\/\/minasgramados.com.br\/Loja\/wp-json\/wp\/v2\/product\/1379","targetHints":{"allow":["GET"]}}],"collection":[{"href":"https:\/\/minasgramados.com.br\/Loja\/wp-json\/wp\/v2\/product"}],"about":[{"href":"https:\/\/minasgramados.com.br\/Loja\/wp-json\/wp\/v2\/types\/product"}],"wp:featuredmedia":[{"embeddable":true,"href":"https:\/\/minasgramados.com.br\/Loja\/wp-json\/wp\/v2\/media\/1380"}],"wp:attachment":[{"href":"https:\/\/minasgramados.com.br\/Loja\/wp-json\/wp\/v2\/media?parent=1379"}],"wp:term":[{"taxonomy":"product_brand","embeddable":true,"href":"https:\/\/minasgramados.com.br\/Loja\/wp-json\/wp\/v2\/product_brand?post=1379"},{"taxonomy":"product_cat","embeddable":true,"href":"https:\/\/minasgramados.com.br\/Loja\/wp-json\/wp\/v2\/product_cat?post=1379"},{"taxonomy":"product_tag","embeddable":true,"href":"https:\/\/minasgramados.com.br\/Loja\/wp-json\/wp\/v2\/product_tag?post=1379"}],"curies":[{"name":"wp","href":"https:\/\/api.w.org\/{rel}","templated":true}]}}