{"id":1383,"date":"2015-06-24T16:02:20","date_gmt":"2015-06-24T19:02:20","guid":{"rendered":"http:\/\/minasgramados.com.br\/Loja\/?post_type=product&#038;p=1383"},"modified":"2022-05-16T11:31:58","modified_gmt":"2022-05-16T14:31:58","slug":"grama-sintetica-de-12mm","status":"publish","type":"product","link":"https:\/\/minasgramados.com.br\/Loja\/produto\/grama-sintetica-de-12mm\/","title":{"rendered":"Grama Sint\u00e9tica de 12MM"},"content":{"rendered":"<p>Grama sint\u00e9tica de 12mm: Recomendada para uso residencial e comercial, garantindo prote\u00e7\u00e3o, decora\u00e7\u00e3o e seguran\u00e7a nos playgrounds resistente e dur\u00e1vel prote\u00e7\u00e3o contra raios ultravioleta (a grama sint\u00e9tica n\u00e3o perde a cor);baixa abrasividade (macia ao toque, n\u00e3o ret\u00e9m sujeira e n\u00e3o queima);\u00fanica com prote\u00e7\u00e3o \u201cmicrofresh\u00ae\u201d (prote\u00e7\u00e3o antif\u00fangica e antibactericida capaz de combater a prolifera\u00e7\u00e3o de micro-organismos indesejados e poss\u00edveis odores);Prote\u00e7\u00e3o antichama (n\u00e3o espalha o fogo);<\/p>\n<p>Especifica\u00e7\u00f5es t\u00e9cnicas da grama sint\u00e9tica 12mm da Minas Gramados:<\/p>\n<p>Produto&#8230;&#8230;&#8230;&#8230;&#8230;&#8230;&#8230;&#8230;&#8230;&#8230;&#8230;&#8230;&#8230;&#8230;&#8230;&#8230;&#8230;&#8230;..Monofilamento PE<br \/>\nPol\u00edmero&#8230;&#8230;&#8230;&#8230;&#8230;&#8230;&#8230;&#8230;&#8230;&#8230;&#8230;&#8230;&#8230;&#8230;&#8230;&#8230;&#8230;&#8230;100% polietileno<br \/>\nT\u00edtulo (dtex)&#8230;&#8230;&#8230;&#8230;&#8230;&#8230;&#8230;&#8230;&#8230;&#8230;&#8230;&#8230;&#8230;&#8230;&#8230;&#8230;2800<br \/>\ncor&#8230;&#8230;&#8230;&#8230;&#8230;&#8230;&#8230;&#8230;&#8230;&#8230;&#8230;&#8230;&#8230;&#8230;&#8230;&#8230;&#8230;&#8230;&#8230;&#8230;&#8230;.Green SLC<br \/>\nComposi\u00e7\u00e3o da base prim\u00e1ria&#8230;&#8230;&#8230;&#8230;&#8230;.100%polipropileno<br \/>\nRevestimento da base&#8230;&#8230;&#8230;&#8230;&#8230;&#8230;&#8230;&#8230;&#8230;&#8230;..l\u00e1tex estireno\/butadieno<br \/>\nAltura da grama na superficie (mm)&#8230;&#8230;&#8230;..12<br \/>\npontos\/dm&#8230;&#8230;&#8230;&#8230;&#8230;&#8230;&#8230;&#8230;&#8230;&#8230;&#8230;&#8230;&#8230;&#8230;&#8230;&#8230;&#8230;&#8230;&#8230;32<br \/>\nPontos\/m\u00b2&#8230;&#8230;&#8230;&#8230;&#8230;&#8230;&#8230;&#8230;&#8230;&#8230;&#8230;&#8230;&#8230;&#8230;&#8230;&#8230;&#8230;&#8230;.80000<br \/>\nDist\u00e2ncia entre carreiras (mm)&#8230;&#8230;&#8230;&#8230;&#8230;&#8230;&#8230;.5<br \/>\nQuantidade de polietileno\u00a0\u00a0\u00a0 (g\/m\u00b2)&#8230;&#8230;&#8230;&#8230;&#8230;318(+\/-5%)<br \/>\nPeso Total\u00a0\u00a0\u00a0 (kg\/m\u00b2)&#8230;&#8230;&#8230;&#8230;&#8230;&#8230;&#8230;&#8230;&#8230;&#8230;&#8230;&#8230;&#8230;.1,224<br \/>\nTodos os valores publicados s\u00e3o indicativos<\/p>\n<p>&nbsp;<\/p>\n<p>A garantia para a Grama Sint\u00e9tica de 12mm \u00e9 de 06 meses a 01 anos contra defeitos de fabrica\u00e7\u00e3o<\/p>\n<p>ATEN\u00c7\u00c3O: Nossa venda minima dessa grama \u00e9 para metragens a partir de 20m2 , os pedidos maiores ser\u00e3o enviados para a fabrica fabricar e as entregas pode demorar de 05 a 10 dias, d\u00favidas entrar em contato com o nosso SAC para tirar suas d\u00favidas.<\/p>\n","protected":false},"excerpt":{"rendered":"<p style=\"text-align: justify\">Grama sint\u00e9tica de 12mm: Nossa venda minima dessa grama \u00e9 de 20m2 , os pedidos maiores s\u00e3o enviados para a fabrica e as entregas pode demorar de 05 a 10 dias, d\u00favidas entrar em contato com o nosso SAC para tirar suas d\u00favidas.<span style=\"color: #ff0000\">(Obs):<\/span> <span style=\"color: #ff0000\">O Valor acima \u00e9 para compras a partir de 50m\u00b2, abaixo segue valores para respectivas quantidades , consultar- nos o estoque e o prazo de entrega e condi\u00e7\u00f5es comerciais por telefone ou por e-mail.<\/span><\/p>\n","protected":false},"featured_media":2036,"template":"","meta":{"_joinchat":[]},"product_brand":[],"product_cat":[17,39],"product_tag":[],"class_list":{"0":"post-1383","1":"product","2":"type-product","3":"status-publish","4":"has-post-thumbnail","6":"product_cat-gramas-sinteticas","7":"product_cat-sintetica-de-12mm","8":"product_shipping_class-transportadora","9":"entry","10":"has-media","12":"first","13":"outofstock","14":"sale","15":"shipping-taxable","16":"purchasable","17":"product-type-simple","18":"col","19":"wpex-woo-entry","20":"span_1_of_4"},"yoast_head":"<!-- This site is optimized with the Yoast SEO plugin v27.3 - https:\/\/yoast.com\/product\/yoast-seo-wordpress\/ -->\n<title>Grama Sint\u00e9tica de 12MM - Minas Gramados - Grama sint\u00e9tica 12mm<\/title>\n<meta name=\"description\" content=\"Grama sint\u00e9tica de 12mm ecomendada para uso residencial e comercial, garantindo prote\u00e7\u00e3o, decora\u00e7\u00e3o e seguran\u00e7a nos playgrounds resistente e dur\u00e1vel.\" \/>\n<meta name=\"robots\" content=\"index, follow, max-snippet:-1, max-image-preview:large, max-video-preview:-1\" \/>\n<link rel=\"canonical\" href=\"https:\/\/minasgramados.com.br\/Loja\/produto\/grama-sintetica-de-12mm\/\" \/>\n<meta name=\"twitter:card\" content=\"summary_large_image\" \/>\n<meta name=\"twitter:title\" content=\"Grama Sint\u00e9tica de 12MM - Minas Gramados - Grama sint\u00e9tica 12mm\" \/>\n<meta name=\"twitter:description\" content=\"Grama sint\u00e9tica de 12mm ecomendada para uso residencial e comercial, garantindo prote\u00e7\u00e3o, decora\u00e7\u00e3o e seguran\u00e7a nos playgrounds resistente e dur\u00e1vel.\" \/>\n<meta name=\"twitter:image\" content=\"https:\/\/minasgramados.com.br\/Loja\/wp-content\/uploads\/2015\/06\/grama-artificial-12mm.jpg\" \/>\n<meta name=\"twitter:label1\" content=\"Est. tempo de leitura\" \/>\n\t<meta name=\"twitter:data1\" content=\"1 minuto\" \/>\n<script type=\"application\/ld+json\" class=\"yoast-schema-graph\">{\"@context\":\"https:\\\/\\\/schema.org\",\"@graph\":[{\"@type\":\"WebPage\",\"@id\":\"https:\\\/\\\/minasgramados.com.br\\\/Loja\\\/produto\\\/grama-sintetica-de-12mm\\\/\",\"url\":\"https:\\\/\\\/minasgramados.com.br\\\/Loja\\\/produto\\\/grama-sintetica-de-12mm\\\/\",\"name\":\"Grama Sint\u00e9tica de 12MM - Minas Gramados - Grama sint\u00e9tica 12mm\",\"isPartOf\":{\"@id\":\"https:\\\/\\\/minasgramados.com.br\\\/Loja\\\/#website\"},\"primaryImageOfPage\":{\"@id\":\"https:\\\/\\\/minasgramados.com.br\\\/Loja\\\/produto\\\/grama-sintetica-de-12mm\\\/#primaryimage\"},\"image\":{\"@id\":\"https:\\\/\\\/minasgramados.com.br\\\/Loja\\\/produto\\\/grama-sintetica-de-12mm\\\/#primaryimage\"},\"thumbnailUrl\":\"https:\\\/\\\/minasgramados.com.br\\\/Loja\\\/wp-content\\\/uploads\\\/2015\\\/06\\\/grama-artificial-12mm.jpg\",\"datePublished\":\"2015-06-24T19:02:20+00:00\",\"dateModified\":\"2022-05-16T14:31:58+00:00\",\"description\":\"Grama sint\u00e9tica de 12mm ecomendada para uso residencial e comercial, garantindo prote\u00e7\u00e3o, decora\u00e7\u00e3o e seguran\u00e7a nos playgrounds resistente e dur\u00e1vel.\",\"breadcrumb\":{\"@id\":\"https:\\\/\\\/minasgramados.com.br\\\/Loja\\\/produto\\\/grama-sintetica-de-12mm\\\/#breadcrumb\"},\"inLanguage\":\"pt-BR\",\"potentialAction\":[{\"@type\":\"ReadAction\",\"target\":[\"https:\\\/\\\/minasgramados.com.br\\\/Loja\\\/produto\\\/grama-sintetica-de-12mm\\\/\"]}]},{\"@type\":\"ImageObject\",\"inLanguage\":\"pt-BR\",\"@id\":\"https:\\\/\\\/minasgramados.com.br\\\/Loja\\\/produto\\\/grama-sintetica-de-12mm\\\/#primaryimage\",\"url\":\"https:\\\/\\\/minasgramados.com.br\\\/Loja\\\/wp-content\\\/uploads\\\/2015\\\/06\\\/grama-artificial-12mm.jpg\",\"contentUrl\":\"https:\\\/\\\/minasgramados.com.br\\\/Loja\\\/wp-content\\\/uploads\\\/2015\\\/06\\\/grama-artificial-12mm.jpg\",\"width\":753,\"height\":510},{\"@type\":\"BreadcrumbList\",\"@id\":\"https:\\\/\\\/minasgramados.com.br\\\/Loja\\\/produto\\\/grama-sintetica-de-12mm\\\/#breadcrumb\",\"itemListElement\":[{\"@type\":\"ListItem\",\"position\":1,\"name\":\"In\u00edcio\",\"item\":\"https:\\\/\\\/minasgramados.com.br\\\/Loja\\\/\"},{\"@type\":\"ListItem\",\"position\":2,\"name\":\"Loja\",\"item\":\"https:\\\/\\\/minasgramados.com.br\\\/Loja\\\/loja-modelo-03\\\/\"},{\"@type\":\"ListItem\",\"position\":3,\"name\":\"Grama Sint\u00e9tica de 12MM\"}]},{\"@type\":\"WebSite\",\"@id\":\"https:\\\/\\\/minasgramados.com.br\\\/Loja\\\/#website\",\"url\":\"https:\\\/\\\/minasgramados.com.br\\\/Loja\\\/\",\"name\":\"Minas Gramados - Paisagismo e Hidrossemeadura.\",\"description\":\"Distribuidora de Gramas adubos sementes em Betim e no Brasil.\",\"publisher\":{\"@id\":\"https:\\\/\\\/minasgramados.com.br\\\/Loja\\\/#organization\"},\"potentialAction\":[{\"@type\":\"SearchAction\",\"target\":{\"@type\":\"EntryPoint\",\"urlTemplate\":\"https:\\\/\\\/minasgramados.com.br\\\/Loja\\\/?s={search_term_string}\"},\"query-input\":{\"@type\":\"PropertyValueSpecification\",\"valueRequired\":true,\"valueName\":\"search_term_string\"}}],\"inLanguage\":\"pt-BR\"},{\"@type\":\"Organization\",\"@id\":\"https:\\\/\\\/minasgramados.com.br\\\/Loja\\\/#organization\",\"name\":\"Minas Gramados - Paisagismo e Hidrossemeadura.\",\"url\":\"https:\\\/\\\/minasgramados.com.br\\\/Loja\\\/\",\"logo\":{\"@type\":\"ImageObject\",\"inLanguage\":\"pt-BR\",\"@id\":\"https:\\\/\\\/minasgramados.com.br\\\/Loja\\\/#\\\/schema\\\/logo\\\/image\\\/\",\"url\":\"https:\\\/\\\/minasgramados.com.br\\\/Loja\\\/wp-content\\\/uploads\\\/2018\\\/06\\\/gramados-original-1.gif\",\"contentUrl\":\"https:\\\/\\\/minasgramados.com.br\\\/Loja\\\/wp-content\\\/uploads\\\/2018\\\/06\\\/gramados-original-1.gif\",\"width\":600,\"height\":300,\"caption\":\"Minas Gramados - Paisagismo e Hidrossemeadura.\"},\"image\":{\"@id\":\"https:\\\/\\\/minasgramados.com.br\\\/Loja\\\/#\\\/schema\\\/logo\\\/image\\\/\"}}]}<\/script>\n<!-- \/ Yoast SEO plugin. -->","yoast_head_json":{"title":"Grama Sint\u00e9tica de 12MM - Minas Gramados - Grama sint\u00e9tica 12mm","description":"Grama sint\u00e9tica de 12mm ecomendada para uso residencial e comercial, garantindo prote\u00e7\u00e3o, decora\u00e7\u00e3o e seguran\u00e7a nos playgrounds resistente e dur\u00e1vel.","robots":{"index":"index","follow":"follow","max-snippet":"max-snippet:-1","max-image-preview":"max-image-preview:large","max-video-preview":"max-video-preview:-1"},"canonical":"https:\/\/minasgramados.com.br\/Loja\/produto\/grama-sintetica-de-12mm\/","twitter_card":"summary_large_image","twitter_title":"Grama Sint\u00e9tica de 12MM - Minas Gramados - Grama sint\u00e9tica 12mm","twitter_description":"Grama sint\u00e9tica de 12mm ecomendada para uso residencial e comercial, garantindo prote\u00e7\u00e3o, decora\u00e7\u00e3o e seguran\u00e7a nos playgrounds resistente e dur\u00e1vel.","twitter_image":"https:\/\/minasgramados.com.br\/Loja\/wp-content\/uploads\/2015\/06\/grama-artificial-12mm.jpg","twitter_misc":{"Est. tempo de leitura":"1 minuto"},"schema":{"@context":"https:\/\/schema.org","@graph":[{"@type":"WebPage","@id":"https:\/\/minasgramados.com.br\/Loja\/produto\/grama-sintetica-de-12mm\/","url":"https:\/\/minasgramados.com.br\/Loja\/produto\/grama-sintetica-de-12mm\/","name":"Grama Sint\u00e9tica de 12MM - Minas Gramados - Grama sint\u00e9tica 12mm","isPartOf":{"@id":"https:\/\/minasgramados.com.br\/Loja\/#website"},"primaryImageOfPage":{"@id":"https:\/\/minasgramados.com.br\/Loja\/produto\/grama-sintetica-de-12mm\/#primaryimage"},"image":{"@id":"https:\/\/minasgramados.com.br\/Loja\/produto\/grama-sintetica-de-12mm\/#primaryimage"},"thumbnailUrl":"https:\/\/minasgramados.com.br\/Loja\/wp-content\/uploads\/2015\/06\/grama-artificial-12mm.jpg","datePublished":"2015-06-24T19:02:20+00:00","dateModified":"2022-05-16T14:31:58+00:00","description":"Grama sint\u00e9tica de 12mm ecomendada para uso residencial e comercial, garantindo prote\u00e7\u00e3o, decora\u00e7\u00e3o e seguran\u00e7a nos playgrounds resistente e dur\u00e1vel.","breadcrumb":{"@id":"https:\/\/minasgramados.com.br\/Loja\/produto\/grama-sintetica-de-12mm\/#breadcrumb"},"inLanguage":"pt-BR","potentialAction":[{"@type":"ReadAction","target":["https:\/\/minasgramados.com.br\/Loja\/produto\/grama-sintetica-de-12mm\/"]}]},{"@type":"ImageObject","inLanguage":"pt-BR","@id":"https:\/\/minasgramados.com.br\/Loja\/produto\/grama-sintetica-de-12mm\/#primaryimage","url":"https:\/\/minasgramados.com.br\/Loja\/wp-content\/uploads\/2015\/06\/grama-artificial-12mm.jpg","contentUrl":"https:\/\/minasgramados.com.br\/Loja\/wp-content\/uploads\/2015\/06\/grama-artificial-12mm.jpg","width":753,"height":510},{"@type":"BreadcrumbList","@id":"https:\/\/minasgramados.com.br\/Loja\/produto\/grama-sintetica-de-12mm\/#breadcrumb","itemListElement":[{"@type":"ListItem","position":1,"name":"In\u00edcio","item":"https:\/\/minasgramados.com.br\/Loja\/"},{"@type":"ListItem","position":2,"name":"Loja","item":"https:\/\/minasgramados.com.br\/Loja\/loja-modelo-03\/"},{"@type":"ListItem","position":3,"name":"Grama Sint\u00e9tica de 12MM"}]},{"@type":"WebSite","@id":"https:\/\/minasgramados.com.br\/Loja\/#website","url":"https:\/\/minasgramados.com.br\/Loja\/","name":"Minas Gramados - Paisagismo e Hidrossemeadura.","description":"Distribuidora de Gramas adubos sementes em Betim e no Brasil.","publisher":{"@id":"https:\/\/minasgramados.com.br\/Loja\/#organization"},"potentialAction":[{"@type":"SearchAction","target":{"@type":"EntryPoint","urlTemplate":"https:\/\/minasgramados.com.br\/Loja\/?s={search_term_string}"},"query-input":{"@type":"PropertyValueSpecification","valueRequired":true,"valueName":"search_term_string"}}],"inLanguage":"pt-BR"},{"@type":"Organization","@id":"https:\/\/minasgramados.com.br\/Loja\/#organization","name":"Minas Gramados - Paisagismo e Hidrossemeadura.","url":"https:\/\/minasgramados.com.br\/Loja\/","logo":{"@type":"ImageObject","inLanguage":"pt-BR","@id":"https:\/\/minasgramados.com.br\/Loja\/#\/schema\/logo\/image\/","url":"https:\/\/minasgramados.com.br\/Loja\/wp-content\/uploads\/2018\/06\/gramados-original-1.gif","contentUrl":"https:\/\/minasgramados.com.br\/Loja\/wp-content\/uploads\/2018\/06\/gramados-original-1.gif","width":600,"height":300,"caption":"Minas Gramados - Paisagismo e Hidrossemeadura."},"image":{"@id":"https:\/\/minasgramados.com.br\/Loja\/#\/schema\/logo\/image\/"}}]}},"_links":{"self":[{"href":"https:\/\/minasgramados.com.br\/Loja\/wp-json\/wp\/v2\/product\/1383","targetHints":{"allow":["GET"]}}],"collection":[{"href":"https:\/\/minasgramados.com.br\/Loja\/wp-json\/wp\/v2\/product"}],"about":[{"href":"https:\/\/minasgramados.com.br\/Loja\/wp-json\/wp\/v2\/types\/product"}],"wp:featuredmedia":[{"embeddable":true,"href":"https:\/\/minasgramados.com.br\/Loja\/wp-json\/wp\/v2\/media\/2036"}],"wp:attachment":[{"href":"https:\/\/minasgramados.com.br\/Loja\/wp-json\/wp\/v2\/media?parent=1383"}],"wp:term":[{"taxonomy":"product_brand","embeddable":true,"href":"https:\/\/minasgramados.com.br\/Loja\/wp-json\/wp\/v2\/product_brand?post=1383"},{"taxonomy":"product_cat","embeddable":true,"href":"https:\/\/minasgramados.com.br\/Loja\/wp-json\/wp\/v2\/product_cat?post=1383"},{"taxonomy":"product_tag","embeddable":true,"href":"https:\/\/minasgramados.com.br\/Loja\/wp-json\/wp\/v2\/product_tag?post=1383"}],"curies":[{"name":"wp","href":"https:\/\/api.w.org\/{rel}","templated":true}]}}