{"id":1399,"date":"2015-06-25T13:54:52","date_gmt":"2015-06-25T16:54:52","guid":{"rendered":"http:\/\/minasgramados.com.br\/Loja\/?post_type=product&#038;p=1399"},"modified":"2022-05-16T11:37:14","modified_gmt":"2022-05-16T14:37:14","slug":"grama-sintetica-esportiva-bicolor-de-20mm","status":"publish","type":"product","link":"https:\/\/minasgramados.com.br\/Loja\/produto\/grama-sintetica-esportiva-bicolor-de-20mm\/","title":{"rendered":"Grama Sint\u00e9tica Garden Bicolor de 20mm"},"content":{"rendered":"<p style=\"text-align: justify\">Grama Sint\u00e9tica Delta Bicolor de 30mm: \u00danica grama sint\u00e9tica cuja apar\u00eancia se aproxima muito da grama natural com fios bi colores d\u00e3o vida e projetam ao seu espa\u00e7o uma beleza comparada \u00e0 dos gramados naturais recomendada para uso residencial e comercial prote\u00e7\u00e3o, decora\u00e7\u00e3o e seguran\u00e7a, resistente e dur\u00e1vel prote\u00e7\u00e3o contra raios ultravioleta (A grama sint\u00e9tica n\u00e3o perde a cor); baixa abrasividade (Macia ao toque, n\u00e3o ret\u00e9m sujeira e n\u00e3o queima);\u00fanica com prote\u00e7\u00e3o \u201cmicrofresh\u00ae\u201d (prote\u00e7\u00e3o antif\u00fangica e antibactericida capaz de combater a prolifera\u00e7\u00e3o de micro organismos indesej\u00e1veis e poss\u00edveis odores);Prote\u00e7\u00e3o antichama (n\u00e3o espalha o fogo).<\/p>\n<p style=\"text-align: justify\">Especifica\u00e7\u00f5es t\u00e9cnicas da Grama sint\u00e9tica Delta Bicolor de 30mm da Minas Gramados:<\/p>\n<p style=\"text-align: justify\">Pol\u00edmero&#8230;&#8230;&#8230;&#8230;&#8230;&#8230;&#8230;&#8230;&#8230;&#8230;&#8230;&#8230;&#8230;&#8230;&#8230;..100% polietileno<br \/>\nT\u00edtulo (dtex)&#8230;&#8230;&#8230;&#8230;&#8230;&#8230;&#8230;&#8230;&#8230;&#8230;&#8230;&#8230;&#8230;&#8230;7000<br \/>\nCor&#8230;&#8230;&#8230;&#8230;&#8230;&#8230;&#8230;&#8230;&#8230;&#8230;&#8230;&#8230;&#8230;&#8230;&#8230;&#8230;&#8230;&#8230;&#8230;3x Verde Claro + 3x Verde Escuro<br \/>\nN\u00famero de filamento&#8230;&#8230;&#8230;&#8230;&#8230;&#8230;&#8230;&#8230;&#8230;..6<br \/>\nespessura por filamento (\u00b5)&#8230;&#8230;&#8230;&#8230;&#8230;&#8230;.1<br \/>\nSe\u00e7\u00e3o transversal&#8230;&#8230;&#8230;&#8230;&#8230;&#8230;&#8230;&#8230;&#8230;&#8230;&#8230;..C-chape<br \/>\nTor\u00e7\u00e3o\u00a0\u00a0\u00a0 (T\/m)&#8230;&#8230;&#8230;&#8230;&#8230;&#8230;&#8230;&#8230;&#8230;&#8230;&#8230;&#8230;&#8230;25 Z<br \/>\nResist\u00eancia a tra\u00e7\u00e3o(N)&#8230;&#8230;&#8230;&#8230;&#8230;&#8230;&#8230;&#8230;..192 N<br \/>\nComposi\u00e7\u00e3o da base prim\u00e1ria&#8230;&#8230;&#8230;&#8230;&#8230;..100%polipropileno<br \/>\nComposi\u00e7\u00e3o da super base&#8230;&#8230;&#8230;&#8230;&#8230;&#8230;&#8230;100% poli\u00e9ster<br \/>\nComposi\u00e7\u00e3o da base dupla&#8230;&#8230;&#8230;&#8230;&#8230;&#8230;&#8230;n\u00e3o h\u00e1<br \/>\nRevestimento da base&#8230;&#8230;&#8230;&#8230;&#8230;&#8230;&#8230;&#8230;&#8230;..l\u00e1tex estireno\/butadieno<br \/>\nAltura da grama na superficie (mm)&#8230;&#8230;&#8230;.30<br \/>\npontos\/dm&#8230;&#8230;&#8230;&#8230;&#8230;&#8230;&#8230;&#8230;&#8230;&#8230;&#8230;&#8230;&#8230;&#8230;&#8230;&#8230;18<br \/>\nPontos\/m\u00b2&#8230;&#8230;&#8230;&#8230;&#8230;&#8230;&#8230;&#8230;&#8230;&#8230;&#8230;&#8230;&#8230;&#8230;&#8230;&#8230;11392<br \/>\nDist\u00e2ncia entre carreiras (mm)&#8230;&#8230;&#8230;&#8230;&#8230;.15,8<br \/>\nQuantidade de polietileno(g\/m\u00b2)&#8230;&#8230;&#8230;&#8230;.630(+\/-5%)<br \/>\nPeso Total(kg\/m\u00b2)&#8230;&#8230;&#8230;&#8230;&#8230;&#8230;&#8230;&#8230;&#8230;&#8230;&#8230;.2,308<br \/>\nTodos os valores publicados s\u00e3o indicativos<\/p>\n<p>*PROMO\u00c7\u00d5ES ABAIXO CONFORME METRAGEM ESCOLHIDA:<\/p>\n<p>Material vem em rolos com 2 metros l\u00edneares ( Rolos com 25 e 80M2 )<\/p>\n<p>Pre\u00e7o sint\u00e9tica a partir de 30m2\u2026\u2026..\u2026\u2026\u2026\u2026\u2026. R$ 78,00 \u00e0 vista. Obs: Frete \u00e9 a parte<br \/>\nPre\u00e7o sint\u00e9tica a partir 50m2\u2026\u2026\u2026\u2026\u2026\u2026\u2026\u2026\u2026\u2026. R$ 76,00 \u00e0 vista. Obs: Frete \u00e9 a parte<br \/>\nPre\u00e7o sint\u00e9tica a partir 100m2\u2026\u2026\u2026\u2026\u2026\u2026\u2026\u2026.\u2026. R$ 73,00 \u00e0 vista. Obs: Frete \u00e9 a parte<br \/>\nPre\u00e7o sint\u00e9tica para 150m2 ou mais\u2026\u2026\u2026\u2026\u2026\u2026 R$ 70,00 \u00e0 vista. Obs: Frete \u00e9 a parte<\/p>\n<p style=\"text-align: justify\">A garantia para a Grama Sint\u00e9tica de 30mm \u00e9 de at\u00e9 06 meses a 02 anos por defeitos de fabrica\u00e7\u00e3o<\/p>\n<p style=\"text-align: justify\">ATEN\u00c7\u00c3O: Nossa venda minima dessa grama \u00e9 de 20m2 , os pedidos maiores s\u00e3o enviados para a fabrica fabricar e as entregas pode demorar de 05 a 10 dias, d\u00favidas entrar em contato com o nosso SAC para tirar suas d\u00favidas.(Obs): O Valor acima \u00e9 para compras no varejo, abaixo segue valores promocionais para atacado, consultar- nos o estoque e o prazo de entrega e condi\u00e7\u00f5es comerciais por telefone ou por e-mail.)<\/p>\n","protected":false},"excerpt":{"rendered":"<p style=\"text-align: justify\">Grama Sint\u00e9tica Delta Bicolor de 30mm: \u00danica grama sint\u00e9tica cuja apar\u00eancia se aproxima muito da grama natural com fios bi colores d\u00e3o vida e projetam ao seu espa\u00e7o uma beleza comparada \u00e0 dos gramados naturais recomendada para uso residencial e comercial. ATEN\u00c7\u00c3O: Nossa venda minima dessa grama \u00e9 para metragens a partir de 20m2 , os pedidos maiores ser\u00e3o enviados para a fabrica fabricar e as entregas pode demorar de 05 a 10 dias, d\u00favidas entrar em contato com o nosso SAC para tirar suas d\u00favidas.\u00a0<span style=\"color: #ff0000\">(Obs): O Valor acima \u00e9 para compras no varejo, abaixo segue valores promocionais para atacado, consultar- nos o estoque e o prazo de entrega e condi\u00e7\u00f5es comerciais por telefone ou por e-mail.\u00a0<\/span><\/p>\n","protected":false},"featured_media":2056,"template":"","meta":{"_joinchat":[]},"product_brand":[],"product_cat":[17,40],"product_tag":[],"class_list":{"0":"post-1399","1":"product","2":"type-product","3":"status-publish","4":"has-post-thumbnail","6":"product_cat-gramas-sinteticas","7":"product_cat-sintetica-de-30mm","8":"product_shipping_class-transportadora","9":"entry","10":"has-media","12":"first","13":"outofstock","14":"sale","15":"shipping-taxable","16":"purchasable","17":"product-type-simple","18":"col","19":"wpex-woo-entry","20":"span_1_of_4"},"yoast_head":"<!-- This site is optimized with the Yoast SEO plugin v27.3 - https:\/\/yoast.com\/product\/yoast-seo-wordpress\/ -->\n<title>Grama Sint\u00e9tica Esportiva Bicolor de 30mm - Minas Gramados - Grama sint\u00e9tica bicolor 30 mm BH<\/title>\n<meta name=\"description\" content=\"Grama Sint\u00e9tica de 12mm Colorida: Recomendada para uso residencial e comercial garantindo prote\u00e7\u00e3o,decora\u00e7\u00e3o e seguran\u00e7a nos playgrounds resistente e bonita\" \/>\n<meta name=\"robots\" content=\"index, follow, max-snippet:-1, max-image-preview:large, max-video-preview:-1\" \/>\n<link rel=\"canonical\" href=\"https:\/\/minasgramados.com.br\/Loja\/produto\/grama-sintetica-esportiva-bicolor-de-20mm\/\" \/>\n<meta name=\"twitter:card\" content=\"summary_large_image\" \/>\n<meta name=\"twitter:title\" content=\"Grama Sint\u00e9tica Esportiva Bicolor de 30mm - Minas Gramados - Grama sint\u00e9tica bicolor 30 mm BH\" \/>\n<meta name=\"twitter:description\" content=\"Grama Sint\u00e9tica de 12mm Colorida: Recomendada para uso residencial e comercial garantindo prote\u00e7\u00e3o,decora\u00e7\u00e3o e seguran\u00e7a nos playgrounds resistente e bonita\" \/>\n<meta name=\"twitter:image\" content=\"https:\/\/minasgramados.com.br\/Loja\/wp-content\/uploads\/2015\/06\/Grama-sintetica-bicolo-30mm-jardim-2017.jpg\" \/>\n<meta name=\"twitter:label1\" content=\"Est. tempo de leitura\" \/>\n\t<meta name=\"twitter:data1\" content=\"2 minutos\" \/>\n<script type=\"application\/ld+json\" class=\"yoast-schema-graph\">{\"@context\":\"https:\\\/\\\/schema.org\",\"@graph\":[{\"@type\":\"WebPage\",\"@id\":\"https:\\\/\\\/minasgramados.com.br\\\/Loja\\\/produto\\\/grama-sintetica-esportiva-bicolor-de-20mm\\\/\",\"url\":\"https:\\\/\\\/minasgramados.com.br\\\/Loja\\\/produto\\\/grama-sintetica-esportiva-bicolor-de-20mm\\\/\",\"name\":\"Grama Sint\u00e9tica Esportiva Bicolor de 30mm - Minas Gramados - Grama sint\u00e9tica bicolor 30 mm BH\",\"isPartOf\":{\"@id\":\"https:\\\/\\\/minasgramados.com.br\\\/Loja\\\/#website\"},\"primaryImageOfPage\":{\"@id\":\"https:\\\/\\\/minasgramados.com.br\\\/Loja\\\/produto\\\/grama-sintetica-esportiva-bicolor-de-20mm\\\/#primaryimage\"},\"image\":{\"@id\":\"https:\\\/\\\/minasgramados.com.br\\\/Loja\\\/produto\\\/grama-sintetica-esportiva-bicolor-de-20mm\\\/#primaryimage\"},\"thumbnailUrl\":\"https:\\\/\\\/minasgramados.com.br\\\/Loja\\\/wp-content\\\/uploads\\\/2015\\\/06\\\/Grama-sintetica-bicolo-30mm-jardim-2017.jpg\",\"datePublished\":\"2015-06-25T16:54:52+00:00\",\"dateModified\":\"2022-05-16T14:37:14+00:00\",\"description\":\"Grama Sint\u00e9tica de 12mm Colorida: Recomendada para uso residencial e comercial garantindo prote\u00e7\u00e3o,decora\u00e7\u00e3o e seguran\u00e7a nos playgrounds resistente e bonita\",\"breadcrumb\":{\"@id\":\"https:\\\/\\\/minasgramados.com.br\\\/Loja\\\/produto\\\/grama-sintetica-esportiva-bicolor-de-20mm\\\/#breadcrumb\"},\"inLanguage\":\"pt-BR\",\"potentialAction\":[{\"@type\":\"ReadAction\",\"target\":[\"https:\\\/\\\/minasgramados.com.br\\\/Loja\\\/produto\\\/grama-sintetica-esportiva-bicolor-de-20mm\\\/\"]}]},{\"@type\":\"ImageObject\",\"inLanguage\":\"pt-BR\",\"@id\":\"https:\\\/\\\/minasgramados.com.br\\\/Loja\\\/produto\\\/grama-sintetica-esportiva-bicolor-de-20mm\\\/#primaryimage\",\"url\":\"https:\\\/\\\/minasgramados.com.br\\\/Loja\\\/wp-content\\\/uploads\\\/2015\\\/06\\\/Grama-sintetica-bicolo-30mm-jardim-2017.jpg\",\"contentUrl\":\"https:\\\/\\\/minasgramados.com.br\\\/Loja\\\/wp-content\\\/uploads\\\/2015\\\/06\\\/Grama-sintetica-bicolo-30mm-jardim-2017.jpg\",\"width\":800,\"height\":511},{\"@type\":\"BreadcrumbList\",\"@id\":\"https:\\\/\\\/minasgramados.com.br\\\/Loja\\\/produto\\\/grama-sintetica-esportiva-bicolor-de-20mm\\\/#breadcrumb\",\"itemListElement\":[{\"@type\":\"ListItem\",\"position\":1,\"name\":\"In\u00edcio\",\"item\":\"https:\\\/\\\/minasgramados.com.br\\\/Loja\\\/\"},{\"@type\":\"ListItem\",\"position\":2,\"name\":\"Loja\",\"item\":\"https:\\\/\\\/minasgramados.com.br\\\/Loja\\\/loja-modelo-03\\\/\"},{\"@type\":\"ListItem\",\"position\":3,\"name\":\"Grama Sint\u00e9tica Garden Bicolor de 20mm\"}]},{\"@type\":\"WebSite\",\"@id\":\"https:\\\/\\\/minasgramados.com.br\\\/Loja\\\/#website\",\"url\":\"https:\\\/\\\/minasgramados.com.br\\\/Loja\\\/\",\"name\":\"Minas Gramados - Paisagismo e Hidrossemeadura.\",\"description\":\"Distribuidora de Gramas adubos sementes em Betim e no Brasil.\",\"publisher\":{\"@id\":\"https:\\\/\\\/minasgramados.com.br\\\/Loja\\\/#organization\"},\"potentialAction\":[{\"@type\":\"SearchAction\",\"target\":{\"@type\":\"EntryPoint\",\"urlTemplate\":\"https:\\\/\\\/minasgramados.com.br\\\/Loja\\\/?s={search_term_string}\"},\"query-input\":{\"@type\":\"PropertyValueSpecification\",\"valueRequired\":true,\"valueName\":\"search_term_string\"}}],\"inLanguage\":\"pt-BR\"},{\"@type\":\"Organization\",\"@id\":\"https:\\\/\\\/minasgramados.com.br\\\/Loja\\\/#organization\",\"name\":\"Minas Gramados - Paisagismo e Hidrossemeadura.\",\"url\":\"https:\\\/\\\/minasgramados.com.br\\\/Loja\\\/\",\"logo\":{\"@type\":\"ImageObject\",\"inLanguage\":\"pt-BR\",\"@id\":\"https:\\\/\\\/minasgramados.com.br\\\/Loja\\\/#\\\/schema\\\/logo\\\/image\\\/\",\"url\":\"https:\\\/\\\/minasgramados.com.br\\\/Loja\\\/wp-content\\\/uploads\\\/2018\\\/06\\\/gramados-original-1.gif\",\"contentUrl\":\"https:\\\/\\\/minasgramados.com.br\\\/Loja\\\/wp-content\\\/uploads\\\/2018\\\/06\\\/gramados-original-1.gif\",\"width\":600,\"height\":300,\"caption\":\"Minas Gramados - Paisagismo e Hidrossemeadura.\"},\"image\":{\"@id\":\"https:\\\/\\\/minasgramados.com.br\\\/Loja\\\/#\\\/schema\\\/logo\\\/image\\\/\"}}]}<\/script>\n<!-- \/ Yoast SEO plugin. -->","yoast_head_json":{"title":"Grama Sint\u00e9tica Esportiva Bicolor de 30mm - Minas Gramados - Grama sint\u00e9tica bicolor 30 mm BH","description":"Grama Sint\u00e9tica de 12mm Colorida: Recomendada para uso residencial e comercial garantindo prote\u00e7\u00e3o,decora\u00e7\u00e3o e seguran\u00e7a nos playgrounds resistente e bonita","robots":{"index":"index","follow":"follow","max-snippet":"max-snippet:-1","max-image-preview":"max-image-preview:large","max-video-preview":"max-video-preview:-1"},"canonical":"https:\/\/minasgramados.com.br\/Loja\/produto\/grama-sintetica-esportiva-bicolor-de-20mm\/","twitter_card":"summary_large_image","twitter_title":"Grama Sint\u00e9tica Esportiva Bicolor de 30mm - Minas Gramados - Grama sint\u00e9tica bicolor 30 mm BH","twitter_description":"Grama Sint\u00e9tica de 12mm Colorida: Recomendada para uso residencial e comercial garantindo prote\u00e7\u00e3o,decora\u00e7\u00e3o e seguran\u00e7a nos playgrounds resistente e bonita","twitter_image":"https:\/\/minasgramados.com.br\/Loja\/wp-content\/uploads\/2015\/06\/Grama-sintetica-bicolo-30mm-jardim-2017.jpg","twitter_misc":{"Est. tempo de leitura":"2 minutos"},"schema":{"@context":"https:\/\/schema.org","@graph":[{"@type":"WebPage","@id":"https:\/\/minasgramados.com.br\/Loja\/produto\/grama-sintetica-esportiva-bicolor-de-20mm\/","url":"https:\/\/minasgramados.com.br\/Loja\/produto\/grama-sintetica-esportiva-bicolor-de-20mm\/","name":"Grama Sint\u00e9tica Esportiva Bicolor de 30mm - Minas Gramados - Grama sint\u00e9tica bicolor 30 mm BH","isPartOf":{"@id":"https:\/\/minasgramados.com.br\/Loja\/#website"},"primaryImageOfPage":{"@id":"https:\/\/minasgramados.com.br\/Loja\/produto\/grama-sintetica-esportiva-bicolor-de-20mm\/#primaryimage"},"image":{"@id":"https:\/\/minasgramados.com.br\/Loja\/produto\/grama-sintetica-esportiva-bicolor-de-20mm\/#primaryimage"},"thumbnailUrl":"https:\/\/minasgramados.com.br\/Loja\/wp-content\/uploads\/2015\/06\/Grama-sintetica-bicolo-30mm-jardim-2017.jpg","datePublished":"2015-06-25T16:54:52+00:00","dateModified":"2022-05-16T14:37:14+00:00","description":"Grama Sint\u00e9tica de 12mm Colorida: Recomendada para uso residencial e comercial garantindo prote\u00e7\u00e3o,decora\u00e7\u00e3o e seguran\u00e7a nos playgrounds resistente e bonita","breadcrumb":{"@id":"https:\/\/minasgramados.com.br\/Loja\/produto\/grama-sintetica-esportiva-bicolor-de-20mm\/#breadcrumb"},"inLanguage":"pt-BR","potentialAction":[{"@type":"ReadAction","target":["https:\/\/minasgramados.com.br\/Loja\/produto\/grama-sintetica-esportiva-bicolor-de-20mm\/"]}]},{"@type":"ImageObject","inLanguage":"pt-BR","@id":"https:\/\/minasgramados.com.br\/Loja\/produto\/grama-sintetica-esportiva-bicolor-de-20mm\/#primaryimage","url":"https:\/\/minasgramados.com.br\/Loja\/wp-content\/uploads\/2015\/06\/Grama-sintetica-bicolo-30mm-jardim-2017.jpg","contentUrl":"https:\/\/minasgramados.com.br\/Loja\/wp-content\/uploads\/2015\/06\/Grama-sintetica-bicolo-30mm-jardim-2017.jpg","width":800,"height":511},{"@type":"BreadcrumbList","@id":"https:\/\/minasgramados.com.br\/Loja\/produto\/grama-sintetica-esportiva-bicolor-de-20mm\/#breadcrumb","itemListElement":[{"@type":"ListItem","position":1,"name":"In\u00edcio","item":"https:\/\/minasgramados.com.br\/Loja\/"},{"@type":"ListItem","position":2,"name":"Loja","item":"https:\/\/minasgramados.com.br\/Loja\/loja-modelo-03\/"},{"@type":"ListItem","position":3,"name":"Grama Sint\u00e9tica Garden Bicolor de 20mm"}]},{"@type":"WebSite","@id":"https:\/\/minasgramados.com.br\/Loja\/#website","url":"https:\/\/minasgramados.com.br\/Loja\/","name":"Minas Gramados - Paisagismo e Hidrossemeadura.","description":"Distribuidora de Gramas adubos sementes em Betim e no Brasil.","publisher":{"@id":"https:\/\/minasgramados.com.br\/Loja\/#organization"},"potentialAction":[{"@type":"SearchAction","target":{"@type":"EntryPoint","urlTemplate":"https:\/\/minasgramados.com.br\/Loja\/?s={search_term_string}"},"query-input":{"@type":"PropertyValueSpecification","valueRequired":true,"valueName":"search_term_string"}}],"inLanguage":"pt-BR"},{"@type":"Organization","@id":"https:\/\/minasgramados.com.br\/Loja\/#organization","name":"Minas Gramados - Paisagismo e Hidrossemeadura.","url":"https:\/\/minasgramados.com.br\/Loja\/","logo":{"@type":"ImageObject","inLanguage":"pt-BR","@id":"https:\/\/minasgramados.com.br\/Loja\/#\/schema\/logo\/image\/","url":"https:\/\/minasgramados.com.br\/Loja\/wp-content\/uploads\/2018\/06\/gramados-original-1.gif","contentUrl":"https:\/\/minasgramados.com.br\/Loja\/wp-content\/uploads\/2018\/06\/gramados-original-1.gif","width":600,"height":300,"caption":"Minas Gramados - Paisagismo e Hidrossemeadura."},"image":{"@id":"https:\/\/minasgramados.com.br\/Loja\/#\/schema\/logo\/image\/"}}]}},"_links":{"self":[{"href":"https:\/\/minasgramados.com.br\/Loja\/wp-json\/wp\/v2\/product\/1399","targetHints":{"allow":["GET"]}}],"collection":[{"href":"https:\/\/minasgramados.com.br\/Loja\/wp-json\/wp\/v2\/product"}],"about":[{"href":"https:\/\/minasgramados.com.br\/Loja\/wp-json\/wp\/v2\/types\/product"}],"wp:featuredmedia":[{"embeddable":true,"href":"https:\/\/minasgramados.com.br\/Loja\/wp-json\/wp\/v2\/media\/2056"}],"wp:attachment":[{"href":"https:\/\/minasgramados.com.br\/Loja\/wp-json\/wp\/v2\/media?parent=1399"}],"wp:term":[{"taxonomy":"product_brand","embeddable":true,"href":"https:\/\/minasgramados.com.br\/Loja\/wp-json\/wp\/v2\/product_brand?post=1399"},{"taxonomy":"product_cat","embeddable":true,"href":"https:\/\/minasgramados.com.br\/Loja\/wp-json\/wp\/v2\/product_cat?post=1399"},{"taxonomy":"product_tag","embeddable":true,"href":"https:\/\/minasgramados.com.br\/Loja\/wp-json\/wp\/v2\/product_tag?post=1399"}],"curies":[{"name":"wp","href":"https:\/\/api.w.org\/{rel}","templated":true}]}}