{"id":1405,"date":"2015-06-25T14:23:28","date_gmt":"2015-06-25T17:23:28","guid":{"rendered":"http:\/\/minasgramados.com.br\/Loja\/?post_type=product&#038;p=1405"},"modified":"2022-03-28T12:04:57","modified_gmt":"2022-03-28T15:04:57","slug":"grama-sintetica-decorativa-de-30mm","status":"publish","type":"product","link":"https:\/\/minasgramados.com.br\/Loja\/produto\/grama-sintetica-decorativa-de-30mm\/","title":{"rendered":"Grama Sint\u00e9tica Esportiva 50mm Fibrilada"},"content":{"rendered":"<p style=\"text-align: justify\">Desenvolvidas para projetos com melhor custo\/benef\u00edcio, as gramas sint\u00e9ticas fibriladas da categoria advanced, atendem todas as caracter\u00edsticas de um campo profissional. Este tipo de campo artificial n\u00e3o exige muita manuten\u00e7\u00e3o, devido a maior reten\u00e7\u00e3o de borracha no gramado agregado a alta durabilidade.<\/p>\n<p style=\"text-align: justify\">Especifica\u00e7\u00f5es t\u00e9cnicas da grama sint\u00e9tica 50mm da Minas Gramados:<\/p>\n<p style=\"text-align: justify\"><b>Material:\u00a0<\/b>100% Polietileno Importado<br \/>\n<b>Altura do Fio:\u00a0<\/b>50 mm<br \/>\n<b>Detex:\u00a0<\/b>8.800<br \/>\n<b>Base:\u00a0<\/b>Dupla com l\u00e1tex especial verde<br \/>\n<b>Cor:\u00a0<\/b>Verde<br \/>\n<b>Medida dos rolos:\u00a0<\/b>3,75m x 25m.<\/p>\n<p style=\"text-align: justify\">Valor acima \u00e9 por m\u00b2.<\/p>\n","protected":false},"excerpt":{"rendered":"<p style=\"text-align: justify\">Grama sint\u00e9tica 50mm Fibrilada desenvolvidas para projetos com melhor custo\/benef\u00edcio. D\u00favidas entrar em contato com o nosso SAC .<\/p>\n<p style=\"text-align: justify\"><span style=\"color: #ff0000\">(Obs): O valor acima esta sujeito a altera\u00e7\u00f5es, consulte estoque, frete e condi\u00e7\u00f5es comerciais por telefone ou por e-mail.<\/span><\/p>\n","protected":false},"featured_media":2720,"template":"","meta":{"_joinchat":[]},"product_brand":[],"product_cat":[17,40],"product_tag":[],"class_list":{"0":"post-1405","1":"product","2":"type-product","3":"status-publish","4":"has-post-thumbnail","6":"product_cat-gramas-sinteticas","7":"product_cat-sintetica-de-30mm","8":"product_shipping_class-transportadora","9":"entry","10":"has-media","12":"first","13":"outofstock","14":"sale","15":"shipping-taxable","16":"purchasable","17":"product-type-simple","18":"col","19":"wpex-woo-entry","20":"span_1_of_4"},"yoast_head":"<!-- This site is optimized with the Yoast SEO plugin v27.3 - https:\/\/yoast.com\/product\/yoast-seo-wordpress\/ -->\n<title>Grama Sint\u00e9tica decorativa de 30mm - Minas Gramados - Grama sint\u00e9tica decorativa BH<\/title>\n<meta name=\"description\" content=\"Grama Sint\u00e9tica de 30mm: \u00danica grama sint\u00e9tica desenvolvida para trazer praticidade para toda fam\u00edlia e conforto aos animais dom\u00e9sticos, al\u00e9m de ser macio.\" \/>\n<meta name=\"robots\" content=\"index, follow, max-snippet:-1, max-image-preview:large, max-video-preview:-1\" \/>\n<link rel=\"canonical\" href=\"https:\/\/minasgramados.com.br\/Loja\/produto\/grama-sintetica-decorativa-de-30mm\/\" \/>\n<meta name=\"twitter:card\" content=\"summary_large_image\" \/>\n<meta name=\"twitter:title\" content=\"Grama Sint\u00e9tica decorativa de 30mm - Minas Gramados - Grama sint\u00e9tica decorativa BH\" \/>\n<meta name=\"twitter:description\" content=\"Grama Sint\u00e9tica de 30mm: \u00danica grama sint\u00e9tica desenvolvida para trazer praticidade para toda fam\u00edlia e conforto aos animais dom\u00e9sticos, al\u00e9m de ser macio.\" \/>\n<meta name=\"twitter:image\" content=\"https:\/\/minasgramados.com.br\/Loja\/wp-content\/uploads\/2015\/06\/Grama-50mm-fibrilada.png\" \/>\n<script type=\"application\/ld+json\" class=\"yoast-schema-graph\">{\"@context\":\"https:\\\/\\\/schema.org\",\"@graph\":[{\"@type\":\"WebPage\",\"@id\":\"https:\\\/\\\/minasgramados.com.br\\\/Loja\\\/produto\\\/grama-sintetica-decorativa-de-30mm\\\/\",\"url\":\"https:\\\/\\\/minasgramados.com.br\\\/Loja\\\/produto\\\/grama-sintetica-decorativa-de-30mm\\\/\",\"name\":\"Grama Sint\u00e9tica decorativa de 30mm - Minas Gramados - Grama sint\u00e9tica decorativa BH\",\"isPartOf\":{\"@id\":\"https:\\\/\\\/minasgramados.com.br\\\/Loja\\\/#website\"},\"primaryImageOfPage\":{\"@id\":\"https:\\\/\\\/minasgramados.com.br\\\/Loja\\\/produto\\\/grama-sintetica-decorativa-de-30mm\\\/#primaryimage\"},\"image\":{\"@id\":\"https:\\\/\\\/minasgramados.com.br\\\/Loja\\\/produto\\\/grama-sintetica-decorativa-de-30mm\\\/#primaryimage\"},\"thumbnailUrl\":\"https:\\\/\\\/minasgramados.com.br\\\/Loja\\\/wp-content\\\/uploads\\\/2015\\\/06\\\/Grama-50mm-fibrilada.png\",\"datePublished\":\"2015-06-25T17:23:28+00:00\",\"dateModified\":\"2022-03-28T15:04:57+00:00\",\"description\":\"Grama Sint\u00e9tica de 30mm: \u00danica grama sint\u00e9tica desenvolvida para trazer praticidade para toda fam\u00edlia e conforto aos animais dom\u00e9sticos, al\u00e9m de ser macio.\",\"breadcrumb\":{\"@id\":\"https:\\\/\\\/minasgramados.com.br\\\/Loja\\\/produto\\\/grama-sintetica-decorativa-de-30mm\\\/#breadcrumb\"},\"inLanguage\":\"pt-BR\",\"potentialAction\":[{\"@type\":\"ReadAction\",\"target\":[\"https:\\\/\\\/minasgramados.com.br\\\/Loja\\\/produto\\\/grama-sintetica-decorativa-de-30mm\\\/\"]}]},{\"@type\":\"ImageObject\",\"inLanguage\":\"pt-BR\",\"@id\":\"https:\\\/\\\/minasgramados.com.br\\\/Loja\\\/produto\\\/grama-sintetica-decorativa-de-30mm\\\/#primaryimage\",\"url\":\"https:\\\/\\\/minasgramados.com.br\\\/Loja\\\/wp-content\\\/uploads\\\/2015\\\/06\\\/Grama-50mm-fibrilada.png\",\"contentUrl\":\"https:\\\/\\\/minasgramados.com.br\\\/Loja\\\/wp-content\\\/uploads\\\/2015\\\/06\\\/Grama-50mm-fibrilada.png\",\"width\":555,\"height\":506},{\"@type\":\"BreadcrumbList\",\"@id\":\"https:\\\/\\\/minasgramados.com.br\\\/Loja\\\/produto\\\/grama-sintetica-decorativa-de-30mm\\\/#breadcrumb\",\"itemListElement\":[{\"@type\":\"ListItem\",\"position\":1,\"name\":\"In\u00edcio\",\"item\":\"https:\\\/\\\/minasgramados.com.br\\\/Loja\\\/\"},{\"@type\":\"ListItem\",\"position\":2,\"name\":\"Loja\",\"item\":\"https:\\\/\\\/minasgramados.com.br\\\/Loja\\\/loja-modelo-03\\\/\"},{\"@type\":\"ListItem\",\"position\":3,\"name\":\"Grama Sint\u00e9tica Esportiva 50mm Fibrilada\"}]},{\"@type\":\"WebSite\",\"@id\":\"https:\\\/\\\/minasgramados.com.br\\\/Loja\\\/#website\",\"url\":\"https:\\\/\\\/minasgramados.com.br\\\/Loja\\\/\",\"name\":\"Minas Gramados - Paisagismo e Hidrossemeadura.\",\"description\":\"Distribuidora de Gramas adubos sementes em Betim e no Brasil.\",\"publisher\":{\"@id\":\"https:\\\/\\\/minasgramados.com.br\\\/Loja\\\/#organization\"},\"potentialAction\":[{\"@type\":\"SearchAction\",\"target\":{\"@type\":\"EntryPoint\",\"urlTemplate\":\"https:\\\/\\\/minasgramados.com.br\\\/Loja\\\/?s={search_term_string}\"},\"query-input\":{\"@type\":\"PropertyValueSpecification\",\"valueRequired\":true,\"valueName\":\"search_term_string\"}}],\"inLanguage\":\"pt-BR\"},{\"@type\":\"Organization\",\"@id\":\"https:\\\/\\\/minasgramados.com.br\\\/Loja\\\/#organization\",\"name\":\"Minas Gramados - Paisagismo e Hidrossemeadura.\",\"url\":\"https:\\\/\\\/minasgramados.com.br\\\/Loja\\\/\",\"logo\":{\"@type\":\"ImageObject\",\"inLanguage\":\"pt-BR\",\"@id\":\"https:\\\/\\\/minasgramados.com.br\\\/Loja\\\/#\\\/schema\\\/logo\\\/image\\\/\",\"url\":\"https:\\\/\\\/minasgramados.com.br\\\/Loja\\\/wp-content\\\/uploads\\\/2018\\\/06\\\/gramados-original-1.gif\",\"contentUrl\":\"https:\\\/\\\/minasgramados.com.br\\\/Loja\\\/wp-content\\\/uploads\\\/2018\\\/06\\\/gramados-original-1.gif\",\"width\":600,\"height\":300,\"caption\":\"Minas Gramados - Paisagismo e Hidrossemeadura.\"},\"image\":{\"@id\":\"https:\\\/\\\/minasgramados.com.br\\\/Loja\\\/#\\\/schema\\\/logo\\\/image\\\/\"}}]}<\/script>\n<!-- \/ Yoast SEO plugin. -->","yoast_head_json":{"title":"Grama Sint\u00e9tica decorativa de 30mm - Minas Gramados - Grama sint\u00e9tica decorativa BH","description":"Grama Sint\u00e9tica de 30mm: \u00danica grama sint\u00e9tica desenvolvida para trazer praticidade para toda fam\u00edlia e conforto aos animais dom\u00e9sticos, al\u00e9m de ser macio.","robots":{"index":"index","follow":"follow","max-snippet":"max-snippet:-1","max-image-preview":"max-image-preview:large","max-video-preview":"max-video-preview:-1"},"canonical":"https:\/\/minasgramados.com.br\/Loja\/produto\/grama-sintetica-decorativa-de-30mm\/","twitter_card":"summary_large_image","twitter_title":"Grama Sint\u00e9tica decorativa de 30mm - Minas Gramados - Grama sint\u00e9tica decorativa BH","twitter_description":"Grama Sint\u00e9tica de 30mm: \u00danica grama sint\u00e9tica desenvolvida para trazer praticidade para toda fam\u00edlia e conforto aos animais dom\u00e9sticos, al\u00e9m de ser macio.","twitter_image":"https:\/\/minasgramados.com.br\/Loja\/wp-content\/uploads\/2015\/06\/Grama-50mm-fibrilada.png","schema":{"@context":"https:\/\/schema.org","@graph":[{"@type":"WebPage","@id":"https:\/\/minasgramados.com.br\/Loja\/produto\/grama-sintetica-decorativa-de-30mm\/","url":"https:\/\/minasgramados.com.br\/Loja\/produto\/grama-sintetica-decorativa-de-30mm\/","name":"Grama Sint\u00e9tica decorativa de 30mm - Minas Gramados - Grama sint\u00e9tica decorativa BH","isPartOf":{"@id":"https:\/\/minasgramados.com.br\/Loja\/#website"},"primaryImageOfPage":{"@id":"https:\/\/minasgramados.com.br\/Loja\/produto\/grama-sintetica-decorativa-de-30mm\/#primaryimage"},"image":{"@id":"https:\/\/minasgramados.com.br\/Loja\/produto\/grama-sintetica-decorativa-de-30mm\/#primaryimage"},"thumbnailUrl":"https:\/\/minasgramados.com.br\/Loja\/wp-content\/uploads\/2015\/06\/Grama-50mm-fibrilada.png","datePublished":"2015-06-25T17:23:28+00:00","dateModified":"2022-03-28T15:04:57+00:00","description":"Grama Sint\u00e9tica de 30mm: \u00danica grama sint\u00e9tica desenvolvida para trazer praticidade para toda fam\u00edlia e conforto aos animais dom\u00e9sticos, al\u00e9m de ser macio.","breadcrumb":{"@id":"https:\/\/minasgramados.com.br\/Loja\/produto\/grama-sintetica-decorativa-de-30mm\/#breadcrumb"},"inLanguage":"pt-BR","potentialAction":[{"@type":"ReadAction","target":["https:\/\/minasgramados.com.br\/Loja\/produto\/grama-sintetica-decorativa-de-30mm\/"]}]},{"@type":"ImageObject","inLanguage":"pt-BR","@id":"https:\/\/minasgramados.com.br\/Loja\/produto\/grama-sintetica-decorativa-de-30mm\/#primaryimage","url":"https:\/\/minasgramados.com.br\/Loja\/wp-content\/uploads\/2015\/06\/Grama-50mm-fibrilada.png","contentUrl":"https:\/\/minasgramados.com.br\/Loja\/wp-content\/uploads\/2015\/06\/Grama-50mm-fibrilada.png","width":555,"height":506},{"@type":"BreadcrumbList","@id":"https:\/\/minasgramados.com.br\/Loja\/produto\/grama-sintetica-decorativa-de-30mm\/#breadcrumb","itemListElement":[{"@type":"ListItem","position":1,"name":"In\u00edcio","item":"https:\/\/minasgramados.com.br\/Loja\/"},{"@type":"ListItem","position":2,"name":"Loja","item":"https:\/\/minasgramados.com.br\/Loja\/loja-modelo-03\/"},{"@type":"ListItem","position":3,"name":"Grama Sint\u00e9tica Esportiva 50mm Fibrilada"}]},{"@type":"WebSite","@id":"https:\/\/minasgramados.com.br\/Loja\/#website","url":"https:\/\/minasgramados.com.br\/Loja\/","name":"Minas Gramados - Paisagismo e Hidrossemeadura.","description":"Distribuidora de Gramas adubos sementes em Betim e no Brasil.","publisher":{"@id":"https:\/\/minasgramados.com.br\/Loja\/#organization"},"potentialAction":[{"@type":"SearchAction","target":{"@type":"EntryPoint","urlTemplate":"https:\/\/minasgramados.com.br\/Loja\/?s={search_term_string}"},"query-input":{"@type":"PropertyValueSpecification","valueRequired":true,"valueName":"search_term_string"}}],"inLanguage":"pt-BR"},{"@type":"Organization","@id":"https:\/\/minasgramados.com.br\/Loja\/#organization","name":"Minas Gramados - Paisagismo e Hidrossemeadura.","url":"https:\/\/minasgramados.com.br\/Loja\/","logo":{"@type":"ImageObject","inLanguage":"pt-BR","@id":"https:\/\/minasgramados.com.br\/Loja\/#\/schema\/logo\/image\/","url":"https:\/\/minasgramados.com.br\/Loja\/wp-content\/uploads\/2018\/06\/gramados-original-1.gif","contentUrl":"https:\/\/minasgramados.com.br\/Loja\/wp-content\/uploads\/2018\/06\/gramados-original-1.gif","width":600,"height":300,"caption":"Minas Gramados - Paisagismo e Hidrossemeadura."},"image":{"@id":"https:\/\/minasgramados.com.br\/Loja\/#\/schema\/logo\/image\/"}}]}},"_links":{"self":[{"href":"https:\/\/minasgramados.com.br\/Loja\/wp-json\/wp\/v2\/product\/1405","targetHints":{"allow":["GET"]}}],"collection":[{"href":"https:\/\/minasgramados.com.br\/Loja\/wp-json\/wp\/v2\/product"}],"about":[{"href":"https:\/\/minasgramados.com.br\/Loja\/wp-json\/wp\/v2\/types\/product"}],"wp:featuredmedia":[{"embeddable":true,"href":"https:\/\/minasgramados.com.br\/Loja\/wp-json\/wp\/v2\/media\/2720"}],"wp:attachment":[{"href":"https:\/\/minasgramados.com.br\/Loja\/wp-json\/wp\/v2\/media?parent=1405"}],"wp:term":[{"taxonomy":"product_brand","embeddable":true,"href":"https:\/\/minasgramados.com.br\/Loja\/wp-json\/wp\/v2\/product_brand?post=1405"},{"taxonomy":"product_cat","embeddable":true,"href":"https:\/\/minasgramados.com.br\/Loja\/wp-json\/wp\/v2\/product_cat?post=1405"},{"taxonomy":"product_tag","embeddable":true,"href":"https:\/\/minasgramados.com.br\/Loja\/wp-json\/wp\/v2\/product_tag?post=1405"}],"curies":[{"name":"wp","href":"https:\/\/api.w.org\/{rel}","templated":true}]}}