{"id":1566,"date":"2015-10-17T16:18:04","date_gmt":"2015-10-17T19:18:04","guid":{"rendered":"http:\/\/minasgramados.com.br\/Loja\/?post_type=product&#038;p=1566"},"modified":"2022-06-17T15:45:00","modified_gmt":"2022-06-17T18:45:00","slug":"adubo-npk-4-14-8","status":"publish","type":"product","link":"https:\/\/minasgramados.com.br\/Loja\/produto\/adubo-npk-4-14-8\/","title":{"rendered":"Adubo NPK 4.14.8 em p\u00f3 -50 KG"},"content":{"rendered":"<p style=\"text-align: justify\">NPK 4-14-8 (4 partes de nitrog\u00eanio, 14 partes de f\u00f3sforo e 8 partes de pot\u00e1ssio), para esp\u00e9cies que produzem flores e frutos. Ex. hibisco, azal\u00e9ias, violetas, c\u00edtricos como a laranjeira, hortali\u00e7as (legumes), etc. Al\u00e9m disso, segundo a maioria dos fabricantes, esta formula\u00e7\u00e3o \u00e9 ideal para ser aplicada no momento do plantio dos vegetais, no preparo do solo, pois o alto teor de f\u00f3sforo proporciona uma melhor forma\u00e7\u00e3o e desenvolvimento das ra\u00edzes e estrutura das plantas.<\/p>\n<p style=\"text-align: justify\">As plantas retiram do solo a maior parte de seus nutrientes. E ao longo de sua vida, cada uma delas necessitam de diferentes tipos de ?alimento?, por\u00e9m o NPK \u00e9 um adubo mineral, sintetizado pela industria.<\/p>\n<p style=\"text-align: justify\">E seu uso facilita a aduba\u00e7\u00e3o, por conter os nutrientes que as plantas mais necessitam para um crescimentos saud\u00e1vel. Descubra o que \u00e9 o NPK:<\/p>\n<p style=\"text-align: justify\">(N) Nitrog\u00eanio- \u00e9 respons\u00e1vel pela forma\u00e7\u00e3o e crescimento da parte verde das plantas(caule e folhas).(P) Fosforo- garante o surgimento de flores e frutos.(K) Pot\u00e1ssio- respons\u00e1vel pela forma\u00e7\u00e3o de ra\u00edzes, fortifica a planta, para combater pragas e doen\u00e7as, e resistir \u00e1 varia\u00e7\u00f5es de clima, at\u00e9 a seca.<\/p>\n<p style=\"text-align: justify\">Para saber qual dos 3 tipos se encaixa nas necessidades de suas plantas, siga uma regra simples.<\/p>\n<p style=\"text-align: justify\">Para as palmeiras, pinheiros, folhagens, cactos, suculentas, gramas e todas as outras plantas que n\u00e3o tem flores ou frutos, deve ser utilizado o adubo NPK 10-10-10.Para as arvores frut\u00edferas ou esp\u00e9cies que apresentam flores, o apropriado \u00e9 o NPK 04-14-08.E finalmente o NPK 25-25-25 \u00e9 recomendado para o uso em plantas cultivadas em hidroponia.<\/p>\n<p style=\"text-align: justify\">Com esta dica voc\u00ea ver\u00e1 que suas plantas iram responder melhor as aduba\u00e7\u00f5es realizadas daqui por diante. E lembre-se que o correto \u00e9 realizar a aduba\u00e7\u00e3o a cada 3 meses noOutono\/Inverno; E todo m\u00eas na Primavera\/ver\u00e3o.<\/p>\n<p style=\"text-align: justify\">Na propor\u00e7\u00e3o de 2 colheres de sopa, para cada 10 quilos de terra. Instale o adubo NPK afastado das ra\u00edzes da planta, para que n\u00e3o as queime. Para plantas cultivadas em vaso deposite o mais pr\u00f3ximo do vaso que puder; E plantas cultivadas no solo, coloque o adubo a 20 cm de dist\u00e2ncia das ra\u00edzes.<\/p>\n<p>OUTROS PRODUTOS:<\/p>\n<p>NPK 04.14.08 em p\u00f3 saco 50 kg\u00a0 _R$<\/p>\n<p>NPK 04.14.08 em gr\u00e3o saco 50 kg\u00a0 _R$<\/p>\n<p>NPK 10.10.10 saco 50 kg\u00a0 _R$<\/p>\n<p>NPK 20.05.20 saco 50 kg\u00a0 _R$<\/p>\n<p>NPK 20.00.20 saco 50 kg\u00a0 _R$<\/p>\n<p>NPK 04.30.16 + Zn saco 50 kg\u00a0 _R$<\/p>\n<p>NPK 04.30.10 + Zn saco 50 kg\u00a0 _R$<\/p>\n<p>NPK 06.30.06 saco 50 kg\u00a0 _R$<\/p>\n<p>NPK 08.28.16 + Zn saco 50 kg\u00a0 _R$<\/p>\n<p>NPK 12.06.12 saco 50 kg\u00a0 _R$<\/p>\n<p>NPK 30.00.20 saco 50 kg\u00a0 _R$<\/p>\n<p>OBS:<\/p>\n<p><b>A venda m\u00ednima s\u00e3o de\u00a0 10 Sacos, podendo ser somente de um produto ou de\u00a0v\u00e1rios.<\/b><\/p>\n<p>&nbsp;<\/p>\n","protected":false},"excerpt":{"rendered":"<p>NPK 4-14-8 (4 partes de nitrog\u00eanio, 14 partes de f\u00f3sforo e 8 partes de pot\u00e1ssio), para esp\u00e9cies que produzem flores e frutos.<\/p>\n<p>CONSULTE ABAIXO A LISTA DOS DEMAIS NPK&#8217;s QUE VENDEMOS.<\/p>\n<p><span style=\"color: #ff0000\">(Obs): A venda \u00e9 somente por telefone ou e-mail\u00a0 via ordem de compra.<\/span><\/p>\n","protected":false},"featured_media":1567,"template":"","meta":{"_joinchat":[]},"product_brand":[],"product_cat":[14,23],"product_tag":[],"class_list":{"0":"post-1566","1":"product","2":"type-product","3":"status-publish","4":"has-post-thumbnail","6":"product_cat-produtos-agropecuarios","7":"product_cat-fertilizantes-diversos","8":"product_shipping_class-transportadora","9":"entry","10":"has-media","12":"first","13":"outofstock","14":"sale","15":"shipping-taxable","16":"purchasable","17":"product-type-simple","18":"col","19":"wpex-woo-entry","20":"span_1_of_4"},"yoast_head":"<!-- This site is optimized with the Yoast SEO plugin v27.3 - https:\/\/yoast.com\/product\/yoast-seo-wordpress\/ -->\n<title>Adubo NPK 4.14.8 em p\u00f3 -50 KG - Minas Gramados - Paisagismo e Hidrossemeadura.<\/title>\n<meta name=\"robots\" content=\"index, follow, max-snippet:-1, max-image-preview:large, max-video-preview:-1\" \/>\n<link rel=\"canonical\" href=\"https:\/\/minasgramados.com.br\/Loja\/produto\/adubo-npk-4-14-8\/\" \/>\n<meta name=\"twitter:card\" content=\"summary_large_image\" \/>\n<meta name=\"twitter:title\" content=\"Adubo NPK 4.14.8 em p\u00f3 -50 KG - Minas Gramados - Paisagismo e Hidrossemeadura.\" \/>\n<meta name=\"twitter:description\" content=\"NPK 4-14-8 (4 partes de nitrog\u00eanio, 14 partes de f\u00f3sforo e 8 partes de pot\u00e1ssio), para esp\u00e9cies que produzem flores e frutos.  CONSULTE ABAIXO A LISTA DOS DEMAIS NPK&#039;s QUE VENDEMOS.  (Obs): A venda \u00e9 somente por telefone ou e-mail\u00a0 via ordem de compra.\" \/>\n<meta name=\"twitter:image\" content=\"https:\/\/minasgramados.com.br\/Loja\/wp-content\/uploads\/2015\/10\/Adubos-Npk-descri\u00e7\u00e3o..jpg\" \/>\n<meta name=\"twitter:label1\" content=\"Est. tempo de leitura\" \/>\n\t<meta name=\"twitter:data1\" content=\"2 minutos\" \/>\n<script type=\"application\/ld+json\" class=\"yoast-schema-graph\">{\"@context\":\"https:\\\/\\\/schema.org\",\"@graph\":[{\"@type\":\"WebPage\",\"@id\":\"https:\\\/\\\/minasgramados.com.br\\\/Loja\\\/produto\\\/adubo-npk-4-14-8\\\/\",\"url\":\"https:\\\/\\\/minasgramados.com.br\\\/Loja\\\/produto\\\/adubo-npk-4-14-8\\\/\",\"name\":\"Adubo NPK 4.14.8 em p\u00f3 -50 KG - Minas Gramados - Paisagismo e Hidrossemeadura.\",\"isPartOf\":{\"@id\":\"https:\\\/\\\/minasgramados.com.br\\\/Loja\\\/#website\"},\"primaryImageOfPage\":{\"@id\":\"https:\\\/\\\/minasgramados.com.br\\\/Loja\\\/produto\\\/adubo-npk-4-14-8\\\/#primaryimage\"},\"image\":{\"@id\":\"https:\\\/\\\/minasgramados.com.br\\\/Loja\\\/produto\\\/adubo-npk-4-14-8\\\/#primaryimage\"},\"thumbnailUrl\":\"https:\\\/\\\/minasgramados.com.br\\\/Loja\\\/wp-content\\\/uploads\\\/2015\\\/10\\\/Adubos-Npk-descri\u00e7\u00e3o..jpg\",\"datePublished\":\"2015-10-17T19:18:04+00:00\",\"dateModified\":\"2022-06-17T18:45:00+00:00\",\"breadcrumb\":{\"@id\":\"https:\\\/\\\/minasgramados.com.br\\\/Loja\\\/produto\\\/adubo-npk-4-14-8\\\/#breadcrumb\"},\"inLanguage\":\"pt-BR\",\"potentialAction\":[{\"@type\":\"ReadAction\",\"target\":[\"https:\\\/\\\/minasgramados.com.br\\\/Loja\\\/produto\\\/adubo-npk-4-14-8\\\/\"]}]},{\"@type\":\"ImageObject\",\"inLanguage\":\"pt-BR\",\"@id\":\"https:\\\/\\\/minasgramados.com.br\\\/Loja\\\/produto\\\/adubo-npk-4-14-8\\\/#primaryimage\",\"url\":\"https:\\\/\\\/minasgramados.com.br\\\/Loja\\\/wp-content\\\/uploads\\\/2015\\\/10\\\/Adubos-Npk-descri\u00e7\u00e3o..jpg\",\"contentUrl\":\"https:\\\/\\\/minasgramados.com.br\\\/Loja\\\/wp-content\\\/uploads\\\/2015\\\/10\\\/Adubos-Npk-descri\u00e7\u00e3o..jpg\",\"width\":638,\"height\":479},{\"@type\":\"BreadcrumbList\",\"@id\":\"https:\\\/\\\/minasgramados.com.br\\\/Loja\\\/produto\\\/adubo-npk-4-14-8\\\/#breadcrumb\",\"itemListElement\":[{\"@type\":\"ListItem\",\"position\":1,\"name\":\"In\u00edcio\",\"item\":\"https:\\\/\\\/minasgramados.com.br\\\/Loja\\\/\"},{\"@type\":\"ListItem\",\"position\":2,\"name\":\"Loja\",\"item\":\"https:\\\/\\\/minasgramados.com.br\\\/Loja\\\/loja-modelo-03\\\/\"},{\"@type\":\"ListItem\",\"position\":3,\"name\":\"Adubo NPK 4.14.8 em p\u00f3 -50 KG\"}]},{\"@type\":\"WebSite\",\"@id\":\"https:\\\/\\\/minasgramados.com.br\\\/Loja\\\/#website\",\"url\":\"https:\\\/\\\/minasgramados.com.br\\\/Loja\\\/\",\"name\":\"Minas Gramados - Paisagismo e Hidrossemeadura.\",\"description\":\"Distribuidora de Gramas adubos sementes em Betim e no Brasil.\",\"publisher\":{\"@id\":\"https:\\\/\\\/minasgramados.com.br\\\/Loja\\\/#organization\"},\"potentialAction\":[{\"@type\":\"SearchAction\",\"target\":{\"@type\":\"EntryPoint\",\"urlTemplate\":\"https:\\\/\\\/minasgramados.com.br\\\/Loja\\\/?s={search_term_string}\"},\"query-input\":{\"@type\":\"PropertyValueSpecification\",\"valueRequired\":true,\"valueName\":\"search_term_string\"}}],\"inLanguage\":\"pt-BR\"},{\"@type\":\"Organization\",\"@id\":\"https:\\\/\\\/minasgramados.com.br\\\/Loja\\\/#organization\",\"name\":\"Minas Gramados - Paisagismo e Hidrossemeadura.\",\"url\":\"https:\\\/\\\/minasgramados.com.br\\\/Loja\\\/\",\"logo\":{\"@type\":\"ImageObject\",\"inLanguage\":\"pt-BR\",\"@id\":\"https:\\\/\\\/minasgramados.com.br\\\/Loja\\\/#\\\/schema\\\/logo\\\/image\\\/\",\"url\":\"https:\\\/\\\/minasgramados.com.br\\\/Loja\\\/wp-content\\\/uploads\\\/2018\\\/06\\\/gramados-original-1.gif\",\"contentUrl\":\"https:\\\/\\\/minasgramados.com.br\\\/Loja\\\/wp-content\\\/uploads\\\/2018\\\/06\\\/gramados-original-1.gif\",\"width\":600,\"height\":300,\"caption\":\"Minas Gramados - Paisagismo e Hidrossemeadura.\"},\"image\":{\"@id\":\"https:\\\/\\\/minasgramados.com.br\\\/Loja\\\/#\\\/schema\\\/logo\\\/image\\\/\"}}]}<\/script>\n<!-- \/ Yoast SEO plugin. -->","yoast_head_json":{"title":"Adubo NPK 4.14.8 em p\u00f3 -50 KG - Minas Gramados - Paisagismo e Hidrossemeadura.","robots":{"index":"index","follow":"follow","max-snippet":"max-snippet:-1","max-image-preview":"max-image-preview:large","max-video-preview":"max-video-preview:-1"},"canonical":"https:\/\/minasgramados.com.br\/Loja\/produto\/adubo-npk-4-14-8\/","twitter_card":"summary_large_image","twitter_title":"Adubo NPK 4.14.8 em p\u00f3 -50 KG - Minas Gramados - Paisagismo e Hidrossemeadura.","twitter_description":"NPK 4-14-8 (4 partes de nitrog\u00eanio, 14 partes de f\u00f3sforo e 8 partes de pot\u00e1ssio), para esp\u00e9cies que produzem flores e frutos.  CONSULTE ABAIXO A LISTA DOS DEMAIS NPK's QUE VENDEMOS.  (Obs): A venda \u00e9 somente por telefone ou e-mail\u00a0 via ordem de compra.","twitter_image":"https:\/\/minasgramados.com.br\/Loja\/wp-content\/uploads\/2015\/10\/Adubos-Npk-descri\u00e7\u00e3o..jpg","twitter_misc":{"Est. tempo de leitura":"2 minutos"},"schema":{"@context":"https:\/\/schema.org","@graph":[{"@type":"WebPage","@id":"https:\/\/minasgramados.com.br\/Loja\/produto\/adubo-npk-4-14-8\/","url":"https:\/\/minasgramados.com.br\/Loja\/produto\/adubo-npk-4-14-8\/","name":"Adubo NPK 4.14.8 em p\u00f3 -50 KG - Minas Gramados - Paisagismo e Hidrossemeadura.","isPartOf":{"@id":"https:\/\/minasgramados.com.br\/Loja\/#website"},"primaryImageOfPage":{"@id":"https:\/\/minasgramados.com.br\/Loja\/produto\/adubo-npk-4-14-8\/#primaryimage"},"image":{"@id":"https:\/\/minasgramados.com.br\/Loja\/produto\/adubo-npk-4-14-8\/#primaryimage"},"thumbnailUrl":"https:\/\/minasgramados.com.br\/Loja\/wp-content\/uploads\/2015\/10\/Adubos-Npk-descri\u00e7\u00e3o..jpg","datePublished":"2015-10-17T19:18:04+00:00","dateModified":"2022-06-17T18:45:00+00:00","breadcrumb":{"@id":"https:\/\/minasgramados.com.br\/Loja\/produto\/adubo-npk-4-14-8\/#breadcrumb"},"inLanguage":"pt-BR","potentialAction":[{"@type":"ReadAction","target":["https:\/\/minasgramados.com.br\/Loja\/produto\/adubo-npk-4-14-8\/"]}]},{"@type":"ImageObject","inLanguage":"pt-BR","@id":"https:\/\/minasgramados.com.br\/Loja\/produto\/adubo-npk-4-14-8\/#primaryimage","url":"https:\/\/minasgramados.com.br\/Loja\/wp-content\/uploads\/2015\/10\/Adubos-Npk-descri\u00e7\u00e3o..jpg","contentUrl":"https:\/\/minasgramados.com.br\/Loja\/wp-content\/uploads\/2015\/10\/Adubos-Npk-descri\u00e7\u00e3o..jpg","width":638,"height":479},{"@type":"BreadcrumbList","@id":"https:\/\/minasgramados.com.br\/Loja\/produto\/adubo-npk-4-14-8\/#breadcrumb","itemListElement":[{"@type":"ListItem","position":1,"name":"In\u00edcio","item":"https:\/\/minasgramados.com.br\/Loja\/"},{"@type":"ListItem","position":2,"name":"Loja","item":"https:\/\/minasgramados.com.br\/Loja\/loja-modelo-03\/"},{"@type":"ListItem","position":3,"name":"Adubo NPK 4.14.8 em p\u00f3 -50 KG"}]},{"@type":"WebSite","@id":"https:\/\/minasgramados.com.br\/Loja\/#website","url":"https:\/\/minasgramados.com.br\/Loja\/","name":"Minas Gramados - Paisagismo e Hidrossemeadura.","description":"Distribuidora de Gramas adubos sementes em Betim e no Brasil.","publisher":{"@id":"https:\/\/minasgramados.com.br\/Loja\/#organization"},"potentialAction":[{"@type":"SearchAction","target":{"@type":"EntryPoint","urlTemplate":"https:\/\/minasgramados.com.br\/Loja\/?s={search_term_string}"},"query-input":{"@type":"PropertyValueSpecification","valueRequired":true,"valueName":"search_term_string"}}],"inLanguage":"pt-BR"},{"@type":"Organization","@id":"https:\/\/minasgramados.com.br\/Loja\/#organization","name":"Minas Gramados - Paisagismo e Hidrossemeadura.","url":"https:\/\/minasgramados.com.br\/Loja\/","logo":{"@type":"ImageObject","inLanguage":"pt-BR","@id":"https:\/\/minasgramados.com.br\/Loja\/#\/schema\/logo\/image\/","url":"https:\/\/minasgramados.com.br\/Loja\/wp-content\/uploads\/2018\/06\/gramados-original-1.gif","contentUrl":"https:\/\/minasgramados.com.br\/Loja\/wp-content\/uploads\/2018\/06\/gramados-original-1.gif","width":600,"height":300,"caption":"Minas Gramados - Paisagismo e Hidrossemeadura."},"image":{"@id":"https:\/\/minasgramados.com.br\/Loja\/#\/schema\/logo\/image\/"}}]}},"_links":{"self":[{"href":"https:\/\/minasgramados.com.br\/Loja\/wp-json\/wp\/v2\/product\/1566","targetHints":{"allow":["GET"]}}],"collection":[{"href":"https:\/\/minasgramados.com.br\/Loja\/wp-json\/wp\/v2\/product"}],"about":[{"href":"https:\/\/minasgramados.com.br\/Loja\/wp-json\/wp\/v2\/types\/product"}],"wp:featuredmedia":[{"embeddable":true,"href":"https:\/\/minasgramados.com.br\/Loja\/wp-json\/wp\/v2\/media\/1567"}],"wp:attachment":[{"href":"https:\/\/minasgramados.com.br\/Loja\/wp-json\/wp\/v2\/media?parent=1566"}],"wp:term":[{"taxonomy":"product_brand","embeddable":true,"href":"https:\/\/minasgramados.com.br\/Loja\/wp-json\/wp\/v2\/product_brand?post=1566"},{"taxonomy":"product_cat","embeddable":true,"href":"https:\/\/minasgramados.com.br\/Loja\/wp-json\/wp\/v2\/product_cat?post=1566"},{"taxonomy":"product_tag","embeddable":true,"href":"https:\/\/minasgramados.com.br\/Loja\/wp-json\/wp\/v2\/product_tag?post=1566"}],"curies":[{"name":"wp","href":"https:\/\/api.w.org\/{rel}","templated":true}]}}