{"id":1572,"date":"2015-10-18T11:47:27","date_gmt":"2015-10-18T14:47:27","guid":{"rendered":"http:\/\/minasgramados.com.br\/Loja\/?post_type=product&#038;p=1572"},"modified":"2025-07-23T20:42:19","modified_gmt":"2025-07-23T23:42:19","slug":"fosfato-natural-reativo-fosfato-bh-fosfato-betim-fosfato-reativo-fosfato-natural-fosfato-mg","status":"publish","type":"product","link":"https:\/\/minasgramados.com.br\/Loja\/produto\/fosfato-natural-reativo-fosfato-bh-fosfato-betim-fosfato-reativo-fosfato-natural-fosfato-mg\/","title":{"rendered":"Fosfato Natural Reativo Arax\u00e1 &#8211; (Pre\u00e7o tonelada)"},"content":{"rendered":"<p style=\"text-align: justify;\">O que \u00e9 o Fosfato Natural Reativo?<\/p>\n<p style=\"text-align: justify;\">\u00c9 um fosfato de origem sedimentar e org\u00e2nico, formado pela deposi\u00e7\u00e3o e posterior decomposi\u00e7\u00e3o de restos de animais marinhos, sendo muito utilizado\u00a0na agricultura e na corre\u00e7\u00e3o de solo como fornecedor de fosforo e c\u00e1lcio em \u00e1reas para implanta\u00e7\u00e3o de culturas diversas.<\/p>\n<p style=\"text-align: justify;\">Vantagens:<\/p>\n<p style=\"text-align: justify;\">Possui elevada superf\u00edcie espec\u00edfica, macio e poroso, conferindo maior contato com a solu\u00e7\u00e3o do solo e permitindo a libera\u00e7\u00e3o do f\u00f3sforo \u00e0s plantas com maior intensidade. Esse efeito caracteriza a alta reatividade do produto;<br \/>\nFornece f\u00f3sforo e c\u00e1lcio em grandes quantidades \u00e0s culturas;<br \/>\nLibera\u00e7\u00e3o gradual e progressiva do f\u00f3sforo &#8211; efeito residual;<br \/>\nProporciona menor fixa\u00e7\u00e3o do f\u00f3sforo pelo solo;<br \/>\nN\u00e3o empedra;<br \/>\nProduto farelado, f\u00e1cil manuseio e uniformidade na aplica\u00e7\u00e3o;<br \/>\nAlta densidade diminui a perda por deriva;<br \/>\nN\u00e3o h\u00e1 incompatibilidade com outros produtos;<br \/>\nPode ser utilizado em diversas formula\u00e7\u00f5es;<br \/>\nAlto teor de f\u00f3sforo;<br \/>\nContribui para a corre\u00e7\u00e3o da acidez do solo.<\/p>\n<p>O Fosfato Natural Reativo que temos ele cont\u00e9m 12% de Fosf\u00f3ro.<\/p>\n<p>FOSFATAGEM:<\/p>\n<p style=\"text-align: justify;\">T\u00e9cnica utilizada para elevar os teores de f\u00f3sforo do solo visando recupera\u00e7\u00e3o e constru\u00e7\u00e3o da sua fertilidade. Recomenda-se que seja feita atrav\u00e9s da aplica\u00e7\u00e3o a lan\u00e7o em \u00e1rea total, tendo sua efici\u00eancia aumentada quando incorporado ao solo. Ap\u00f3s a fosfatagem, \u00e9 realizada a aduba\u00e7\u00e3o de manuten\u00e7\u00e3o de forma a suprir as demais necessidades da cultura.<\/p>\n<p style=\"text-align: justify;\">Somos representante, trabalhamos direto com a fabrica (origem do frete)Produto ficam em MG, com carregamento a granel, e quantidade minima de 50 toneladas, menos do que isso a consultar, mas n\u00e3o ser\u00e1 menos do que 30 toneladas, produto de\u00a0 \u00f3tima qualidade, sem manipula\u00e7\u00e3o, adultera\u00e7\u00e3o ou contamina\u00e7\u00e3o.<\/p>\n","protected":false},"excerpt":{"rendered":"<p style=\"text-align: justify;\"><strong>Fosfato Natural Reativo:<\/strong> \u00c9 um produto de origem sedimentar e org\u00e2nico, formado pela deposi\u00e7\u00e3o e posterior decomposi\u00e7\u00e3o de restos de animais marinhos, sendo muito utilizado na agricultura e na corre\u00e7\u00e3o de solos. (PRE\u00c7O TONELADA: <strong>R$ 699,90<\/strong> e PRE\u00c7O BAG 1000 kg: <strong>R$ 799,90<\/strong> e o frete e Fob).<\/p>\n<p style=\"text-align: justify;\"><span style=\"color: #ff0000;\"><strong>(Obs.):<\/strong> Produto sobre encomenda, pedidos m\u00ednimos de 10 toneladas; E pre\u00e7o sujeito a altera\u00e7\u00f5es sem aviso pr\u00e9vio; e os pedidos somente por telefone \u00a0e via ordem de compra.<\/span><\/p>\n<p><span style=\"color: #ff0000;\"><strong>(ATEN\u00c7\u00c3O): N\u00c3O ATENDEMOS VAREJO FAVOR NAO INSISTIR.<\/strong><\/span><\/p>\n","protected":false},"featured_media":1573,"template":"","meta":{"_joinchat":[]},"product_brand":[],"product_cat":[14,23],"product_tag":[],"class_list":{"0":"post-1572","1":"product","2":"type-product","3":"status-publish","4":"has-post-thumbnail","6":"product_cat-produtos-agropecuarios","7":"product_cat-fertilizantes-diversos","8":"product_shipping_class-transportadora","9":"entry","10":"has-media","12":"first","13":"outofstock","14":"sale","15":"shipping-taxable","16":"purchasable","17":"product-type-simple","18":"col","19":"wpex-woo-entry","20":"span_1_of_4"},"yoast_head":"<!-- This site is optimized with the Yoast SEO plugin v27.3 - https:\/\/yoast.com\/product\/yoast-seo-wordpress\/ -->\n<title>Fosfato Natural Reativo Arax\u00e1 - (Pre\u00e7o tonelada) - Minas Gramados - Paisagismo e Hidrossemeadura.<\/title>\n<meta name=\"description\" content=\"O Fosfato natural fornece f\u00f3sforo e c\u00e1lcio em grandes quantidades \u00e0s culturas;Libera\u00e7\u00e3o gradual e progressiva do f\u00f3sforo - efeito residual;\" \/>\n<meta name=\"robots\" content=\"index, follow, max-snippet:-1, max-image-preview:large, max-video-preview:-1\" \/>\n<link rel=\"canonical\" href=\"https:\/\/minasgramados.com.br\/Loja\/produto\/fosfato-natural-reativo-fosfato-bh-fosfato-betim-fosfato-reativo-fosfato-natural-fosfato-mg\/\" \/>\n<meta name=\"twitter:card\" content=\"summary_large_image\" \/>\n<meta name=\"twitter:title\" content=\"Fosfato Natural Reativo Arax\u00e1 - (Pre\u00e7o tonelada) - Minas Gramados - Paisagismo e Hidrossemeadura.\" \/>\n<meta name=\"twitter:description\" content=\"O Fosfato natural fornece f\u00f3sforo e c\u00e1lcio em grandes quantidades \u00e0s culturas;Libera\u00e7\u00e3o gradual e progressiva do f\u00f3sforo - efeito residual;\" \/>\n<meta name=\"twitter:image\" content=\"https:\/\/minasgramados.com.br\/Loja\/wp-content\/uploads\/2015\/10\/fosfato-natural.jpg\" \/>\n<meta name=\"twitter:label1\" content=\"Est. tempo de leitura\" \/>\n\t<meta name=\"twitter:data1\" content=\"2 minutos\" \/>\n<script type=\"application\/ld+json\" class=\"yoast-schema-graph\">{\"@context\":\"https:\\\/\\\/schema.org\",\"@graph\":[{\"@type\":\"WebPage\",\"@id\":\"https:\\\/\\\/minasgramados.com.br\\\/Loja\\\/produto\\\/fosfato-natural-reativo-fosfato-bh-fosfato-betim-fosfato-reativo-fosfato-natural-fosfato-mg\\\/\",\"url\":\"https:\\\/\\\/minasgramados.com.br\\\/Loja\\\/produto\\\/fosfato-natural-reativo-fosfato-bh-fosfato-betim-fosfato-reativo-fosfato-natural-fosfato-mg\\\/\",\"name\":\"Fosfato Natural Reativo Arax\u00e1 - (Pre\u00e7o tonelada) - Minas Gramados - Paisagismo e Hidrossemeadura.\",\"isPartOf\":{\"@id\":\"https:\\\/\\\/minasgramados.com.br\\\/Loja\\\/#website\"},\"primaryImageOfPage\":{\"@id\":\"https:\\\/\\\/minasgramados.com.br\\\/Loja\\\/produto\\\/fosfato-natural-reativo-fosfato-bh-fosfato-betim-fosfato-reativo-fosfato-natural-fosfato-mg\\\/#primaryimage\"},\"image\":{\"@id\":\"https:\\\/\\\/minasgramados.com.br\\\/Loja\\\/produto\\\/fosfato-natural-reativo-fosfato-bh-fosfato-betim-fosfato-reativo-fosfato-natural-fosfato-mg\\\/#primaryimage\"},\"thumbnailUrl\":\"https:\\\/\\\/minasgramados.com.br\\\/Loja\\\/wp-content\\\/uploads\\\/2015\\\/10\\\/fosfato-natural.jpg\",\"datePublished\":\"2015-10-18T14:47:27+00:00\",\"dateModified\":\"2025-07-23T23:42:19+00:00\",\"description\":\"O Fosfato natural fornece f\u00f3sforo e c\u00e1lcio em grandes quantidades \u00e0s culturas;Libera\u00e7\u00e3o gradual e progressiva do f\u00f3sforo - efeito residual;\",\"breadcrumb\":{\"@id\":\"https:\\\/\\\/minasgramados.com.br\\\/Loja\\\/produto\\\/fosfato-natural-reativo-fosfato-bh-fosfato-betim-fosfato-reativo-fosfato-natural-fosfato-mg\\\/#breadcrumb\"},\"inLanguage\":\"pt-BR\",\"potentialAction\":[{\"@type\":\"ReadAction\",\"target\":[\"https:\\\/\\\/minasgramados.com.br\\\/Loja\\\/produto\\\/fosfato-natural-reativo-fosfato-bh-fosfato-betim-fosfato-reativo-fosfato-natural-fosfato-mg\\\/\"]}]},{\"@type\":\"ImageObject\",\"inLanguage\":\"pt-BR\",\"@id\":\"https:\\\/\\\/minasgramados.com.br\\\/Loja\\\/produto\\\/fosfato-natural-reativo-fosfato-bh-fosfato-betim-fosfato-reativo-fosfato-natural-fosfato-mg\\\/#primaryimage\",\"url\":\"https:\\\/\\\/minasgramados.com.br\\\/Loja\\\/wp-content\\\/uploads\\\/2015\\\/10\\\/fosfato-natural.jpg\",\"contentUrl\":\"https:\\\/\\\/minasgramados.com.br\\\/Loja\\\/wp-content\\\/uploads\\\/2015\\\/10\\\/fosfato-natural.jpg\",\"width\":640,\"height\":366},{\"@type\":\"BreadcrumbList\",\"@id\":\"https:\\\/\\\/minasgramados.com.br\\\/Loja\\\/produto\\\/fosfato-natural-reativo-fosfato-bh-fosfato-betim-fosfato-reativo-fosfato-natural-fosfato-mg\\\/#breadcrumb\",\"itemListElement\":[{\"@type\":\"ListItem\",\"position\":1,\"name\":\"In\u00edcio\",\"item\":\"https:\\\/\\\/minasgramados.com.br\\\/Loja\\\/\"},{\"@type\":\"ListItem\",\"position\":2,\"name\":\"Loja\",\"item\":\"https:\\\/\\\/minasgramados.com.br\\\/Loja\\\/loja-modelo-03\\\/\"},{\"@type\":\"ListItem\",\"position\":3,\"name\":\"Fosfato Natural Reativo Arax\u00e1 &#8211; (Pre\u00e7o tonelada)\"}]},{\"@type\":\"WebSite\",\"@id\":\"https:\\\/\\\/minasgramados.com.br\\\/Loja\\\/#website\",\"url\":\"https:\\\/\\\/minasgramados.com.br\\\/Loja\\\/\",\"name\":\"Minas Gramados - Paisagismo e Hidrossemeadura.\",\"description\":\"Distribuidora de Gramas adubos sementes em Betim e no Brasil.\",\"publisher\":{\"@id\":\"https:\\\/\\\/minasgramados.com.br\\\/Loja\\\/#organization\"},\"potentialAction\":[{\"@type\":\"SearchAction\",\"target\":{\"@type\":\"EntryPoint\",\"urlTemplate\":\"https:\\\/\\\/minasgramados.com.br\\\/Loja\\\/?s={search_term_string}\"},\"query-input\":{\"@type\":\"PropertyValueSpecification\",\"valueRequired\":true,\"valueName\":\"search_term_string\"}}],\"inLanguage\":\"pt-BR\"},{\"@type\":\"Organization\",\"@id\":\"https:\\\/\\\/minasgramados.com.br\\\/Loja\\\/#organization\",\"name\":\"Minas Gramados - Paisagismo e Hidrossemeadura.\",\"url\":\"https:\\\/\\\/minasgramados.com.br\\\/Loja\\\/\",\"logo\":{\"@type\":\"ImageObject\",\"inLanguage\":\"pt-BR\",\"@id\":\"https:\\\/\\\/minasgramados.com.br\\\/Loja\\\/#\\\/schema\\\/logo\\\/image\\\/\",\"url\":\"https:\\\/\\\/minasgramados.com.br\\\/Loja\\\/wp-content\\\/uploads\\\/2018\\\/06\\\/gramados-original-1.gif\",\"contentUrl\":\"https:\\\/\\\/minasgramados.com.br\\\/Loja\\\/wp-content\\\/uploads\\\/2018\\\/06\\\/gramados-original-1.gif\",\"width\":600,\"height\":300,\"caption\":\"Minas Gramados - Paisagismo e Hidrossemeadura.\"},\"image\":{\"@id\":\"https:\\\/\\\/minasgramados.com.br\\\/Loja\\\/#\\\/schema\\\/logo\\\/image\\\/\"}}]}<\/script>\n<!-- \/ Yoast SEO plugin. -->","yoast_head_json":{"title":"Fosfato Natural Reativo Arax\u00e1 - (Pre\u00e7o tonelada) - Minas Gramados - Paisagismo e Hidrossemeadura.","description":"O Fosfato natural fornece f\u00f3sforo e c\u00e1lcio em grandes quantidades \u00e0s culturas;Libera\u00e7\u00e3o gradual e progressiva do f\u00f3sforo - efeito residual;","robots":{"index":"index","follow":"follow","max-snippet":"max-snippet:-1","max-image-preview":"max-image-preview:large","max-video-preview":"max-video-preview:-1"},"canonical":"https:\/\/minasgramados.com.br\/Loja\/produto\/fosfato-natural-reativo-fosfato-bh-fosfato-betim-fosfato-reativo-fosfato-natural-fosfato-mg\/","twitter_card":"summary_large_image","twitter_title":"Fosfato Natural Reativo Arax\u00e1 - (Pre\u00e7o tonelada) - Minas Gramados - Paisagismo e Hidrossemeadura.","twitter_description":"O Fosfato natural fornece f\u00f3sforo e c\u00e1lcio em grandes quantidades \u00e0s culturas;Libera\u00e7\u00e3o gradual e progressiva do f\u00f3sforo - efeito residual;","twitter_image":"https:\/\/minasgramados.com.br\/Loja\/wp-content\/uploads\/2015\/10\/fosfato-natural.jpg","twitter_misc":{"Est. tempo de leitura":"2 minutos"},"schema":{"@context":"https:\/\/schema.org","@graph":[{"@type":"WebPage","@id":"https:\/\/minasgramados.com.br\/Loja\/produto\/fosfato-natural-reativo-fosfato-bh-fosfato-betim-fosfato-reativo-fosfato-natural-fosfato-mg\/","url":"https:\/\/minasgramados.com.br\/Loja\/produto\/fosfato-natural-reativo-fosfato-bh-fosfato-betim-fosfato-reativo-fosfato-natural-fosfato-mg\/","name":"Fosfato Natural Reativo Arax\u00e1 - (Pre\u00e7o tonelada) - Minas Gramados - Paisagismo e Hidrossemeadura.","isPartOf":{"@id":"https:\/\/minasgramados.com.br\/Loja\/#website"},"primaryImageOfPage":{"@id":"https:\/\/minasgramados.com.br\/Loja\/produto\/fosfato-natural-reativo-fosfato-bh-fosfato-betim-fosfato-reativo-fosfato-natural-fosfato-mg\/#primaryimage"},"image":{"@id":"https:\/\/minasgramados.com.br\/Loja\/produto\/fosfato-natural-reativo-fosfato-bh-fosfato-betim-fosfato-reativo-fosfato-natural-fosfato-mg\/#primaryimage"},"thumbnailUrl":"https:\/\/minasgramados.com.br\/Loja\/wp-content\/uploads\/2015\/10\/fosfato-natural.jpg","datePublished":"2015-10-18T14:47:27+00:00","dateModified":"2025-07-23T23:42:19+00:00","description":"O Fosfato natural fornece f\u00f3sforo e c\u00e1lcio em grandes quantidades \u00e0s culturas;Libera\u00e7\u00e3o gradual e progressiva do f\u00f3sforo - efeito residual;","breadcrumb":{"@id":"https:\/\/minasgramados.com.br\/Loja\/produto\/fosfato-natural-reativo-fosfato-bh-fosfato-betim-fosfato-reativo-fosfato-natural-fosfato-mg\/#breadcrumb"},"inLanguage":"pt-BR","potentialAction":[{"@type":"ReadAction","target":["https:\/\/minasgramados.com.br\/Loja\/produto\/fosfato-natural-reativo-fosfato-bh-fosfato-betim-fosfato-reativo-fosfato-natural-fosfato-mg\/"]}]},{"@type":"ImageObject","inLanguage":"pt-BR","@id":"https:\/\/minasgramados.com.br\/Loja\/produto\/fosfato-natural-reativo-fosfato-bh-fosfato-betim-fosfato-reativo-fosfato-natural-fosfato-mg\/#primaryimage","url":"https:\/\/minasgramados.com.br\/Loja\/wp-content\/uploads\/2015\/10\/fosfato-natural.jpg","contentUrl":"https:\/\/minasgramados.com.br\/Loja\/wp-content\/uploads\/2015\/10\/fosfato-natural.jpg","width":640,"height":366},{"@type":"BreadcrumbList","@id":"https:\/\/minasgramados.com.br\/Loja\/produto\/fosfato-natural-reativo-fosfato-bh-fosfato-betim-fosfato-reativo-fosfato-natural-fosfato-mg\/#breadcrumb","itemListElement":[{"@type":"ListItem","position":1,"name":"In\u00edcio","item":"https:\/\/minasgramados.com.br\/Loja\/"},{"@type":"ListItem","position":2,"name":"Loja","item":"https:\/\/minasgramados.com.br\/Loja\/loja-modelo-03\/"},{"@type":"ListItem","position":3,"name":"Fosfato Natural Reativo Arax\u00e1 &#8211; (Pre\u00e7o tonelada)"}]},{"@type":"WebSite","@id":"https:\/\/minasgramados.com.br\/Loja\/#website","url":"https:\/\/minasgramados.com.br\/Loja\/","name":"Minas Gramados - Paisagismo e Hidrossemeadura.","description":"Distribuidora de Gramas adubos sementes em Betim e no Brasil.","publisher":{"@id":"https:\/\/minasgramados.com.br\/Loja\/#organization"},"potentialAction":[{"@type":"SearchAction","target":{"@type":"EntryPoint","urlTemplate":"https:\/\/minasgramados.com.br\/Loja\/?s={search_term_string}"},"query-input":{"@type":"PropertyValueSpecification","valueRequired":true,"valueName":"search_term_string"}}],"inLanguage":"pt-BR"},{"@type":"Organization","@id":"https:\/\/minasgramados.com.br\/Loja\/#organization","name":"Minas Gramados - Paisagismo e Hidrossemeadura.","url":"https:\/\/minasgramados.com.br\/Loja\/","logo":{"@type":"ImageObject","inLanguage":"pt-BR","@id":"https:\/\/minasgramados.com.br\/Loja\/#\/schema\/logo\/image\/","url":"https:\/\/minasgramados.com.br\/Loja\/wp-content\/uploads\/2018\/06\/gramados-original-1.gif","contentUrl":"https:\/\/minasgramados.com.br\/Loja\/wp-content\/uploads\/2018\/06\/gramados-original-1.gif","width":600,"height":300,"caption":"Minas Gramados - Paisagismo e Hidrossemeadura."},"image":{"@id":"https:\/\/minasgramados.com.br\/Loja\/#\/schema\/logo\/image\/"}}]}},"_links":{"self":[{"href":"https:\/\/minasgramados.com.br\/Loja\/wp-json\/wp\/v2\/product\/1572","targetHints":{"allow":["GET"]}}],"collection":[{"href":"https:\/\/minasgramados.com.br\/Loja\/wp-json\/wp\/v2\/product"}],"about":[{"href":"https:\/\/minasgramados.com.br\/Loja\/wp-json\/wp\/v2\/types\/product"}],"wp:featuredmedia":[{"embeddable":true,"href":"https:\/\/minasgramados.com.br\/Loja\/wp-json\/wp\/v2\/media\/1573"}],"wp:attachment":[{"href":"https:\/\/minasgramados.com.br\/Loja\/wp-json\/wp\/v2\/media?parent=1572"}],"wp:term":[{"taxonomy":"product_brand","embeddable":true,"href":"https:\/\/minasgramados.com.br\/Loja\/wp-json\/wp\/v2\/product_brand?post=1572"},{"taxonomy":"product_cat","embeddable":true,"href":"https:\/\/minasgramados.com.br\/Loja\/wp-json\/wp\/v2\/product_cat?post=1572"},{"taxonomy":"product_tag","embeddable":true,"href":"https:\/\/minasgramados.com.br\/Loja\/wp-json\/wp\/v2\/product_tag?post=1572"}],"curies":[{"name":"wp","href":"https:\/\/api.w.org\/{rel}","templated":true}]}}