{"id":1577,"date":"2015-10-18T12:07:08","date_gmt":"2015-10-18T15:07:08","guid":{"rendered":"http:\/\/minasgramados.com.br\/Loja\/?post_type=product&#038;p=1577"},"modified":"2025-06-11T09:27:14","modified_gmt":"2025-06-11T12:27:14","slug":"calcario-dolomitico-50kg","status":"publish","type":"product","link":"https:\/\/minasgramados.com.br\/Loja\/produto\/calcario-dolomitico-50kg\/","title":{"rendered":"Calc\u00e1rio Dolom\u00edtico &#8211; Sacos 25 KG"},"content":{"rendered":"<p style=\"text-align: justify;\"><strong>Calc\u00e1rio Dolomitico:<\/strong> O que \u00e9 e para que serve o calc\u00e1rio dolom\u00edtico?<\/p>\n<p style=\"text-align: justify;\">O Calc\u00e1rio dolom\u00edtico para fins agr\u00edcola \u00e9 utilizado para corrigir a acidez do solo, e ao mesmo tempo em que faz essa corre\u00e7\u00e3o, o calc\u00e1rio tamb\u00e9m fornece c\u00e1lcio e magn\u00e9sio indispens\u00e1veis para a nutri\u00e7\u00e3o das plantas. A aplica\u00e7\u00e3o do calc\u00e1rio aumenta a disponibilidade de elementos nutrientes para as plantas e permite a maximiza\u00e7\u00e3o dos efeitos dos fertilizantes, e consequentemente o aumento substancial da capacidade produtiva da terra.<\/p>\n<p style=\"text-align: justify;\"><strong>Obs:<\/strong> \u00c9 aconselh\u00e1vel uma consulta a um Engenheiro Agr\u00f4nomo sempre antes de utilizar qualquer produto.<\/p>\n<p style=\"text-align: justify;\"><strong>Comercializa\u00e7\u00e3o:<\/strong> Ensacado e toneladas<\/p>\n<p style=\"text-align: justify;\"><strong>Fun\u00e7\u00e3o:<\/strong> Corretivo de Acidez<\/p>\n<p style=\"text-align: justify;\"><strong>Mat\u00e9ria Prima:<\/strong> Rocha Calc\u00e1ria<\/p>\n<p style=\"text-align: justify;\"><strong>Natureza F\u00edsica:<\/strong> P\u00f3<\/p>\n<p style=\"text-align: justify;\">Somos representante, trabalhamos direto com a fabrica (origem do frete), com carregamento a granel, e quantidade m\u00ednima de 15 toneladas, \u00f3tima qualidade, sem manipula\u00e7\u00e3o, adultera\u00e7\u00e3o ou contamina\u00e7\u00e3o, abaixo apresentamos ele em sacos.<\/p>\n<p><strong>VALORES E INFORMA\u00c7\u00d5ES SUJEITO A ALTERA\u00c7\u00d5ES<\/strong><\/p>\n<p><strong>Produto:<\/strong> Calc\u00e1rio Dolomitico 100% puro<br \/>\nQuantidade: Para 10 a 50 Sacos de 25 kg<br \/>\nValor:\u00a0<strong>R$ 65,90 o Saco\u00a0<\/strong><br \/>\n___________________________________________<br \/>\n<strong>Produto:<\/strong> Calc\u00e1rio Dolomitico 100% puro<br \/>\nQuantidade: Para 51 a 300 Sacos de 25 kg<br \/>\nValor:\u00a0<strong>R$ 59,90 o Saco<\/strong><br \/>\n___________________________________________<br \/>\n<strong>Produto:<\/strong> Calc\u00e1rio Dolomitico 100% puro<br \/>\nQuantidade: Para 301 Sacos ou mais de 50 kg<br \/>\nValor:\u00a0<strong>R$ 55,90 o Saco<\/strong><\/p>\n<p><strong>Obs:<\/strong> Para pre\u00e7os por tonelada como descrito acima, pedido m\u00ednimo de\u00a0 15 toneladas, precisa nos passar local de entrega para formaliza\u00e7\u00e3o do or\u00e7amento.<\/p>\n<p><strong>ATEN\u00c7\u00c3O:<\/strong> Venda m\u00ednima 10 sacos de 50 kg em nossa loja virtual com entrega para BH e regi\u00e3o e para envio para outras cidade somente por transportadora.<\/p>\n<p><strong>OBS<\/strong>: Cargas com 300 sacos ou mais para BH; agora outros estados consulte nosso SAC e tire suas d\u00favidas e o frete \u00e9 <strong>FOB.<\/strong><\/p>\n","protected":false},"excerpt":{"rendered":"<p>O Calc\u00e1rio dolom\u00edtico para fins agr\u00edcola \u00e9 utilizado para corrigir a acidez do solo, e ao mesmo tempo em que faz essa corre\u00e7\u00e3o, o calc\u00e1rio tamb\u00e9m fornece c\u00e1lcio e magn\u00e9sio.\u00a0<span style=\"color: #ff0000;\">(Obs.): O valor acima \u00e9 valido para compras de no m\u00ednimo 10 sacos, outro valores de atacado em nossa tabela abaixo, e o pedido dele\u00a0 \u00e9 somente por telefone \u00a0e via ordem de compra, consulte nos o estoque, e lembrando que o frete \u00e9 FOB.<\/span><\/p>\n","protected":false},"featured_media":1581,"template":"","meta":{"_joinchat":[]},"product_brand":[],"product_cat":[14,23],"product_tag":[],"class_list":{"0":"post-1577","1":"product","2":"type-product","3":"status-publish","4":"has-post-thumbnail","6":"product_cat-produtos-agropecuarios","7":"product_cat-fertilizantes-diversos","8":"entry","9":"has-media","11":"first","12":"outofstock","13":"sale","14":"shipping-taxable","15":"purchasable","16":"product-type-simple","17":"col","18":"wpex-woo-entry","19":"span_1_of_4"},"yoast_head":"<!-- This site is optimized with the Yoast SEO plugin v27.3 - https:\/\/yoast.com\/product\/yoast-seo-wordpress\/ -->\n<title>Calc\u00e1rio Dolom\u00edtico - Sacos 25 KG - Minas Gramados - Paisagismo e Hidrossemeadura.<\/title>\n<meta name=\"robots\" content=\"index, follow, max-snippet:-1, max-image-preview:large, max-video-preview:-1\" \/>\n<link rel=\"canonical\" href=\"https:\/\/minasgramados.com.br\/Loja\/produto\/calcario-dolomitico-50kg\/\" \/>\n<meta name=\"twitter:card\" content=\"summary_large_image\" \/>\n<meta name=\"twitter:title\" content=\"Calc\u00e1rio Dolom\u00edtico - Sacos 25 KG - Minas Gramados - Paisagismo e Hidrossemeadura.\" \/>\n<meta name=\"twitter:description\" content=\"O Calc\u00e1rio dolom\u00edtico para fins agr\u00edcola \u00e9 utilizado para corrigir a acidez do solo, e ao mesmo tempo em que faz essa corre\u00e7\u00e3o, o calc\u00e1rio tamb\u00e9m fornece c\u00e1lcio e magn\u00e9sio.\u00a0(Obs.): O valor acima \u00e9 valido para compras de no m\u00ednimo 10 sacos, outro valores de atacado em nossa tabela abaixo, e o pedido dele\u00a0 \u00e9 somente por telefone \u00a0e via ordem de compra, consulte nos o estoque, e lembrando que o frete \u00e9 FOB.\" \/>\n<meta name=\"twitter:image\" content=\"https:\/\/minasgramados.com.br\/Loja\/wp-content\/uploads\/2015\/10\/calcario-dolomitico-2.jpg\" \/>\n<meta name=\"twitter:label1\" content=\"Est. tempo de leitura\" \/>\n\t<meta name=\"twitter:data1\" content=\"2 minutos\" \/>\n<script type=\"application\/ld+json\" class=\"yoast-schema-graph\">{\"@context\":\"https:\\\/\\\/schema.org\",\"@graph\":[{\"@type\":\"WebPage\",\"@id\":\"https:\\\/\\\/minasgramados.com.br\\\/Loja\\\/produto\\\/calcario-dolomitico-50kg\\\/\",\"url\":\"https:\\\/\\\/minasgramados.com.br\\\/Loja\\\/produto\\\/calcario-dolomitico-50kg\\\/\",\"name\":\"Calc\u00e1rio Dolom\u00edtico - Sacos 25 KG - Minas Gramados - Paisagismo e Hidrossemeadura.\",\"isPartOf\":{\"@id\":\"https:\\\/\\\/minasgramados.com.br\\\/Loja\\\/#website\"},\"primaryImageOfPage\":{\"@id\":\"https:\\\/\\\/minasgramados.com.br\\\/Loja\\\/produto\\\/calcario-dolomitico-50kg\\\/#primaryimage\"},\"image\":{\"@id\":\"https:\\\/\\\/minasgramados.com.br\\\/Loja\\\/produto\\\/calcario-dolomitico-50kg\\\/#primaryimage\"},\"thumbnailUrl\":\"https:\\\/\\\/minasgramados.com.br\\\/Loja\\\/wp-content\\\/uploads\\\/2015\\\/10\\\/calcario-dolomitico-2.jpg\",\"datePublished\":\"2015-10-18T15:07:08+00:00\",\"dateModified\":\"2025-06-11T12:27:14+00:00\",\"breadcrumb\":{\"@id\":\"https:\\\/\\\/minasgramados.com.br\\\/Loja\\\/produto\\\/calcario-dolomitico-50kg\\\/#breadcrumb\"},\"inLanguage\":\"pt-BR\",\"potentialAction\":[{\"@type\":\"ReadAction\",\"target\":[\"https:\\\/\\\/minasgramados.com.br\\\/Loja\\\/produto\\\/calcario-dolomitico-50kg\\\/\"]}]},{\"@type\":\"ImageObject\",\"inLanguage\":\"pt-BR\",\"@id\":\"https:\\\/\\\/minasgramados.com.br\\\/Loja\\\/produto\\\/calcario-dolomitico-50kg\\\/#primaryimage\",\"url\":\"https:\\\/\\\/minasgramados.com.br\\\/Loja\\\/wp-content\\\/uploads\\\/2015\\\/10\\\/calcario-dolomitico-2.jpg\",\"contentUrl\":\"https:\\\/\\\/minasgramados.com.br\\\/Loja\\\/wp-content\\\/uploads\\\/2015\\\/10\\\/calcario-dolomitico-2.jpg\",\"width\":640,\"height\":480},{\"@type\":\"BreadcrumbList\",\"@id\":\"https:\\\/\\\/minasgramados.com.br\\\/Loja\\\/produto\\\/calcario-dolomitico-50kg\\\/#breadcrumb\",\"itemListElement\":[{\"@type\":\"ListItem\",\"position\":1,\"name\":\"In\u00edcio\",\"item\":\"https:\\\/\\\/minasgramados.com.br\\\/Loja\\\/\"},{\"@type\":\"ListItem\",\"position\":2,\"name\":\"Loja\",\"item\":\"https:\\\/\\\/minasgramados.com.br\\\/Loja\\\/loja-modelo-03\\\/\"},{\"@type\":\"ListItem\",\"position\":3,\"name\":\"Calc\u00e1rio Dolom\u00edtico &#8211; Sacos 25 KG\"}]},{\"@type\":\"WebSite\",\"@id\":\"https:\\\/\\\/minasgramados.com.br\\\/Loja\\\/#website\",\"url\":\"https:\\\/\\\/minasgramados.com.br\\\/Loja\\\/\",\"name\":\"Minas Gramados - Paisagismo e Hidrossemeadura.\",\"description\":\"Distribuidora de Gramas adubos sementes em Betim e no Brasil.\",\"publisher\":{\"@id\":\"https:\\\/\\\/minasgramados.com.br\\\/Loja\\\/#organization\"},\"potentialAction\":[{\"@type\":\"SearchAction\",\"target\":{\"@type\":\"EntryPoint\",\"urlTemplate\":\"https:\\\/\\\/minasgramados.com.br\\\/Loja\\\/?s={search_term_string}\"},\"query-input\":{\"@type\":\"PropertyValueSpecification\",\"valueRequired\":true,\"valueName\":\"search_term_string\"}}],\"inLanguage\":\"pt-BR\"},{\"@type\":\"Organization\",\"@id\":\"https:\\\/\\\/minasgramados.com.br\\\/Loja\\\/#organization\",\"name\":\"Minas Gramados - Paisagismo e Hidrossemeadura.\",\"url\":\"https:\\\/\\\/minasgramados.com.br\\\/Loja\\\/\",\"logo\":{\"@type\":\"ImageObject\",\"inLanguage\":\"pt-BR\",\"@id\":\"https:\\\/\\\/minasgramados.com.br\\\/Loja\\\/#\\\/schema\\\/logo\\\/image\\\/\",\"url\":\"https:\\\/\\\/minasgramados.com.br\\\/Loja\\\/wp-content\\\/uploads\\\/2018\\\/06\\\/gramados-original-1.gif\",\"contentUrl\":\"https:\\\/\\\/minasgramados.com.br\\\/Loja\\\/wp-content\\\/uploads\\\/2018\\\/06\\\/gramados-original-1.gif\",\"width\":600,\"height\":300,\"caption\":\"Minas Gramados - Paisagismo e Hidrossemeadura.\"},\"image\":{\"@id\":\"https:\\\/\\\/minasgramados.com.br\\\/Loja\\\/#\\\/schema\\\/logo\\\/image\\\/\"}}]}<\/script>\n<!-- \/ Yoast SEO plugin. -->","yoast_head_json":{"title":"Calc\u00e1rio Dolom\u00edtico - Sacos 25 KG - Minas Gramados - Paisagismo e Hidrossemeadura.","robots":{"index":"index","follow":"follow","max-snippet":"max-snippet:-1","max-image-preview":"max-image-preview:large","max-video-preview":"max-video-preview:-1"},"canonical":"https:\/\/minasgramados.com.br\/Loja\/produto\/calcario-dolomitico-50kg\/","twitter_card":"summary_large_image","twitter_title":"Calc\u00e1rio Dolom\u00edtico - Sacos 25 KG - Minas Gramados - Paisagismo e Hidrossemeadura.","twitter_description":"O Calc\u00e1rio dolom\u00edtico para fins agr\u00edcola \u00e9 utilizado para corrigir a acidez do solo, e ao mesmo tempo em que faz essa corre\u00e7\u00e3o, o calc\u00e1rio tamb\u00e9m fornece c\u00e1lcio e magn\u00e9sio.\u00a0(Obs.): O valor acima \u00e9 valido para compras de no m\u00ednimo 10 sacos, outro valores de atacado em nossa tabela abaixo, e o pedido dele\u00a0 \u00e9 somente por telefone \u00a0e via ordem de compra, consulte nos o estoque, e lembrando que o frete \u00e9 FOB.","twitter_image":"https:\/\/minasgramados.com.br\/Loja\/wp-content\/uploads\/2015\/10\/calcario-dolomitico-2.jpg","twitter_misc":{"Est. tempo de leitura":"2 minutos"},"schema":{"@context":"https:\/\/schema.org","@graph":[{"@type":"WebPage","@id":"https:\/\/minasgramados.com.br\/Loja\/produto\/calcario-dolomitico-50kg\/","url":"https:\/\/minasgramados.com.br\/Loja\/produto\/calcario-dolomitico-50kg\/","name":"Calc\u00e1rio Dolom\u00edtico - Sacos 25 KG - Minas Gramados - Paisagismo e Hidrossemeadura.","isPartOf":{"@id":"https:\/\/minasgramados.com.br\/Loja\/#website"},"primaryImageOfPage":{"@id":"https:\/\/minasgramados.com.br\/Loja\/produto\/calcario-dolomitico-50kg\/#primaryimage"},"image":{"@id":"https:\/\/minasgramados.com.br\/Loja\/produto\/calcario-dolomitico-50kg\/#primaryimage"},"thumbnailUrl":"https:\/\/minasgramados.com.br\/Loja\/wp-content\/uploads\/2015\/10\/calcario-dolomitico-2.jpg","datePublished":"2015-10-18T15:07:08+00:00","dateModified":"2025-06-11T12:27:14+00:00","breadcrumb":{"@id":"https:\/\/minasgramados.com.br\/Loja\/produto\/calcario-dolomitico-50kg\/#breadcrumb"},"inLanguage":"pt-BR","potentialAction":[{"@type":"ReadAction","target":["https:\/\/minasgramados.com.br\/Loja\/produto\/calcario-dolomitico-50kg\/"]}]},{"@type":"ImageObject","inLanguage":"pt-BR","@id":"https:\/\/minasgramados.com.br\/Loja\/produto\/calcario-dolomitico-50kg\/#primaryimage","url":"https:\/\/minasgramados.com.br\/Loja\/wp-content\/uploads\/2015\/10\/calcario-dolomitico-2.jpg","contentUrl":"https:\/\/minasgramados.com.br\/Loja\/wp-content\/uploads\/2015\/10\/calcario-dolomitico-2.jpg","width":640,"height":480},{"@type":"BreadcrumbList","@id":"https:\/\/minasgramados.com.br\/Loja\/produto\/calcario-dolomitico-50kg\/#breadcrumb","itemListElement":[{"@type":"ListItem","position":1,"name":"In\u00edcio","item":"https:\/\/minasgramados.com.br\/Loja\/"},{"@type":"ListItem","position":2,"name":"Loja","item":"https:\/\/minasgramados.com.br\/Loja\/loja-modelo-03\/"},{"@type":"ListItem","position":3,"name":"Calc\u00e1rio Dolom\u00edtico &#8211; Sacos 25 KG"}]},{"@type":"WebSite","@id":"https:\/\/minasgramados.com.br\/Loja\/#website","url":"https:\/\/minasgramados.com.br\/Loja\/","name":"Minas Gramados - Paisagismo e Hidrossemeadura.","description":"Distribuidora de Gramas adubos sementes em Betim e no Brasil.","publisher":{"@id":"https:\/\/minasgramados.com.br\/Loja\/#organization"},"potentialAction":[{"@type":"SearchAction","target":{"@type":"EntryPoint","urlTemplate":"https:\/\/minasgramados.com.br\/Loja\/?s={search_term_string}"},"query-input":{"@type":"PropertyValueSpecification","valueRequired":true,"valueName":"search_term_string"}}],"inLanguage":"pt-BR"},{"@type":"Organization","@id":"https:\/\/minasgramados.com.br\/Loja\/#organization","name":"Minas Gramados - Paisagismo e Hidrossemeadura.","url":"https:\/\/minasgramados.com.br\/Loja\/","logo":{"@type":"ImageObject","inLanguage":"pt-BR","@id":"https:\/\/minasgramados.com.br\/Loja\/#\/schema\/logo\/image\/","url":"https:\/\/minasgramados.com.br\/Loja\/wp-content\/uploads\/2018\/06\/gramados-original-1.gif","contentUrl":"https:\/\/minasgramados.com.br\/Loja\/wp-content\/uploads\/2018\/06\/gramados-original-1.gif","width":600,"height":300,"caption":"Minas Gramados - Paisagismo e Hidrossemeadura."},"image":{"@id":"https:\/\/minasgramados.com.br\/Loja\/#\/schema\/logo\/image\/"}}]}},"_links":{"self":[{"href":"https:\/\/minasgramados.com.br\/Loja\/wp-json\/wp\/v2\/product\/1577","targetHints":{"allow":["GET"]}}],"collection":[{"href":"https:\/\/minasgramados.com.br\/Loja\/wp-json\/wp\/v2\/product"}],"about":[{"href":"https:\/\/minasgramados.com.br\/Loja\/wp-json\/wp\/v2\/types\/product"}],"wp:featuredmedia":[{"embeddable":true,"href":"https:\/\/minasgramados.com.br\/Loja\/wp-json\/wp\/v2\/media\/1581"}],"wp:attachment":[{"href":"https:\/\/minasgramados.com.br\/Loja\/wp-json\/wp\/v2\/media?parent=1577"}],"wp:term":[{"taxonomy":"product_brand","embeddable":true,"href":"https:\/\/minasgramados.com.br\/Loja\/wp-json\/wp\/v2\/product_brand?post=1577"},{"taxonomy":"product_cat","embeddable":true,"href":"https:\/\/minasgramados.com.br\/Loja\/wp-json\/wp\/v2\/product_cat?post=1577"},{"taxonomy":"product_tag","embeddable":true,"href":"https:\/\/minasgramados.com.br\/Loja\/wp-json\/wp\/v2\/product_tag?post=1577"}],"curies":[{"name":"wp","href":"https:\/\/api.w.org\/{rel}","templated":true}]}}