{"id":1585,"date":"2015-10-18T13:56:00","date_gmt":"2015-10-18T16:56:00","guid":{"rendered":"http:\/\/minasgramados.com.br\/Loja\/?post_type=product&#038;p=1585"},"modified":"2022-06-17T15:51:07","modified_gmt":"2022-06-17T18:51:07","slug":"vermiculita-12-kg","status":"publish","type":"product","link":"https:\/\/minasgramados.com.br\/Loja\/produto\/vermiculita-12-kg\/","title":{"rendered":"Vermiculita &#8211; 10 KG"},"content":{"rendered":"<p style=\"text-align: justify\">O que \u00e9 e para que serve a Vermiculita?<\/p>\n<p style=\"text-align: justify\">A Vermiculita ou vermiculite \u00e9 um mineral formado por hidrata\u00e7\u00e3o de\u00a0certos minerais bas\u00e1lticos, com uma formula\u00e7\u00e3o qu\u00edmica derivada de \u00a0(MgFe,Al)3(Al,Si)4O10(OH)2.4H2O.\u00a0Sofre expans\u00e3o quando lhe \u00e9 aplicado calor. Possui alta capacidade de troca\u00a0cati\u00f4nica e \u00e9 utilizada comercialmente, principalmente em sua forma\u00a0expandida na constru\u00e7\u00e3o civil na agricultura,ind\u00fastria e siderurgia para as mais diversas aplica\u00e7\u00f5es.comercializada em sacos de 100 litros, com peso variando de 9 a 12 kilos por saco.<\/p>\n<p style=\"text-align: justify\">Somos representante, trabalhamos direto com a fabrica (origem do frete), com carregamento a granel, e quantidade minima de 15 toneladas, \u00f3tima qualidade, sem manipula\u00e7\u00e3o, adultera\u00e7\u00e3o ou contamina\u00e7\u00e3o.<\/p>\n<p style=\"text-align: justify\">Produto dispon\u00edvel em embalagens de 02,05 e 10 KG fa\u00e7o seu pedido conosco por fone, E-mail, WhatsApp e aguarde que o\u00a0 nosso Sac te atender\u00e1 da melhor forma poss\u00edvel.<\/p>\n","protected":false},"excerpt":{"rendered":"<p style=\"text-align: justify\">A Vermiculita ou vermiculite \u00e9 um mineral formado por hidrata\u00e7\u00e3o de\u00a0certos minerais bas\u00e1lticos.\u00a0<span style=\"color: #ff0000\">(Obs): Temos esse adubo em estoque por\u00e9m sua venda \u00e9 somente por telefone \u00a0e via ordem de compra)<\/span><\/p>\n","protected":false},"featured_media":1587,"template":"","meta":{"_joinchat":[]},"product_brand":[],"product_cat":[14,23],"product_tag":[],"class_list":{"0":"post-1585","1":"product","2":"type-product","3":"status-publish","4":"has-post-thumbnail","6":"product_cat-produtos-agropecuarios","7":"product_cat-fertilizantes-diversos","8":"product_shipping_class-transportadora","9":"entry","10":"has-media","12":"first","13":"outofstock","14":"sale","15":"shipping-taxable","16":"purchasable","17":"product-type-simple","18":"col","19":"wpex-woo-entry","20":"span_1_of_4"},"yoast_head":"<!-- This site is optimized with the Yoast SEO plugin v27.3 - https:\/\/yoast.com\/product\/yoast-seo-wordpress\/ -->\n<title>Vermiculita - 10 KG - Minas Gramados - Vermicuta BH<\/title>\n<meta name=\"description\" content=\"Vermiculita possui alta capacidade de troca cati\u00f4nica e \u00e9 utilizada em sua forma expandida na constru\u00e7\u00e3o civil na agricultura as mais diversas aplica\u00e7\u00f5es.\" \/>\n<meta name=\"robots\" content=\"index, follow, max-snippet:-1, max-image-preview:large, max-video-preview:-1\" \/>\n<link rel=\"canonical\" href=\"https:\/\/minasgramados.com.br\/Loja\/produto\/vermiculita-12-kg\/\" \/>\n<meta name=\"twitter:card\" content=\"summary_large_image\" \/>\n<meta name=\"twitter:title\" content=\"Vermiculita - 10 KG - Minas Gramados - Vermicuta BH\" \/>\n<meta name=\"twitter:description\" content=\"Vermiculita possui alta capacidade de troca cati\u00f4nica e \u00e9 utilizada em sua forma expandida na constru\u00e7\u00e3o civil na agricultura as mais diversas aplica\u00e7\u00f5es.\" \/>\n<meta name=\"twitter:image\" content=\"https:\/\/minasgramados.com.br\/Loja\/wp-content\/uploads\/2015\/10\/Vermiculita-2.jpg\" \/>\n<meta name=\"twitter:label1\" content=\"Est. tempo de leitura\" \/>\n\t<meta name=\"twitter:data1\" content=\"1 minuto\" \/>\n<script type=\"application\/ld+json\" class=\"yoast-schema-graph\">{\"@context\":\"https:\\\/\\\/schema.org\",\"@graph\":[{\"@type\":\"WebPage\",\"@id\":\"https:\\\/\\\/minasgramados.com.br\\\/Loja\\\/produto\\\/vermiculita-12-kg\\\/\",\"url\":\"https:\\\/\\\/minasgramados.com.br\\\/Loja\\\/produto\\\/vermiculita-12-kg\\\/\",\"name\":\"Vermiculita - 10 KG - Minas Gramados - Vermicuta BH\",\"isPartOf\":{\"@id\":\"https:\\\/\\\/minasgramados.com.br\\\/Loja\\\/#website\"},\"primaryImageOfPage\":{\"@id\":\"https:\\\/\\\/minasgramados.com.br\\\/Loja\\\/produto\\\/vermiculita-12-kg\\\/#primaryimage\"},\"image\":{\"@id\":\"https:\\\/\\\/minasgramados.com.br\\\/Loja\\\/produto\\\/vermiculita-12-kg\\\/#primaryimage\"},\"thumbnailUrl\":\"https:\\\/\\\/minasgramados.com.br\\\/Loja\\\/wp-content\\\/uploads\\\/2015\\\/10\\\/Vermiculita-2.jpg\",\"datePublished\":\"2015-10-18T16:56:00+00:00\",\"dateModified\":\"2022-06-17T18:51:07+00:00\",\"description\":\"Vermiculita possui alta capacidade de troca cati\u00f4nica e \u00e9 utilizada em sua forma expandida na constru\u00e7\u00e3o civil na agricultura as mais diversas aplica\u00e7\u00f5es.\",\"breadcrumb\":{\"@id\":\"https:\\\/\\\/minasgramados.com.br\\\/Loja\\\/produto\\\/vermiculita-12-kg\\\/#breadcrumb\"},\"inLanguage\":\"pt-BR\",\"potentialAction\":[{\"@type\":\"ReadAction\",\"target\":[\"https:\\\/\\\/minasgramados.com.br\\\/Loja\\\/produto\\\/vermiculita-12-kg\\\/\"]}]},{\"@type\":\"ImageObject\",\"inLanguage\":\"pt-BR\",\"@id\":\"https:\\\/\\\/minasgramados.com.br\\\/Loja\\\/produto\\\/vermiculita-12-kg\\\/#primaryimage\",\"url\":\"https:\\\/\\\/minasgramados.com.br\\\/Loja\\\/wp-content\\\/uploads\\\/2015\\\/10\\\/Vermiculita-2.jpg\",\"contentUrl\":\"https:\\\/\\\/minasgramados.com.br\\\/Loja\\\/wp-content\\\/uploads\\\/2015\\\/10\\\/Vermiculita-2.jpg\",\"width\":528,\"height\":480},{\"@type\":\"BreadcrumbList\",\"@id\":\"https:\\\/\\\/minasgramados.com.br\\\/Loja\\\/produto\\\/vermiculita-12-kg\\\/#breadcrumb\",\"itemListElement\":[{\"@type\":\"ListItem\",\"position\":1,\"name\":\"In\u00edcio\",\"item\":\"https:\\\/\\\/minasgramados.com.br\\\/Loja\\\/\"},{\"@type\":\"ListItem\",\"position\":2,\"name\":\"Loja\",\"item\":\"https:\\\/\\\/minasgramados.com.br\\\/Loja\\\/loja-modelo-03\\\/\"},{\"@type\":\"ListItem\",\"position\":3,\"name\":\"Vermiculita &#8211; 10 KG\"}]},{\"@type\":\"WebSite\",\"@id\":\"https:\\\/\\\/minasgramados.com.br\\\/Loja\\\/#website\",\"url\":\"https:\\\/\\\/minasgramados.com.br\\\/Loja\\\/\",\"name\":\"Minas Gramados - Paisagismo e Hidrossemeadura.\",\"description\":\"Distribuidora de Gramas adubos sementes em Betim e no Brasil.\",\"publisher\":{\"@id\":\"https:\\\/\\\/minasgramados.com.br\\\/Loja\\\/#organization\"},\"potentialAction\":[{\"@type\":\"SearchAction\",\"target\":{\"@type\":\"EntryPoint\",\"urlTemplate\":\"https:\\\/\\\/minasgramados.com.br\\\/Loja\\\/?s={search_term_string}\"},\"query-input\":{\"@type\":\"PropertyValueSpecification\",\"valueRequired\":true,\"valueName\":\"search_term_string\"}}],\"inLanguage\":\"pt-BR\"},{\"@type\":\"Organization\",\"@id\":\"https:\\\/\\\/minasgramados.com.br\\\/Loja\\\/#organization\",\"name\":\"Minas Gramados - Paisagismo e Hidrossemeadura.\",\"url\":\"https:\\\/\\\/minasgramados.com.br\\\/Loja\\\/\",\"logo\":{\"@type\":\"ImageObject\",\"inLanguage\":\"pt-BR\",\"@id\":\"https:\\\/\\\/minasgramados.com.br\\\/Loja\\\/#\\\/schema\\\/logo\\\/image\\\/\",\"url\":\"https:\\\/\\\/minasgramados.com.br\\\/Loja\\\/wp-content\\\/uploads\\\/2018\\\/06\\\/gramados-original-1.gif\",\"contentUrl\":\"https:\\\/\\\/minasgramados.com.br\\\/Loja\\\/wp-content\\\/uploads\\\/2018\\\/06\\\/gramados-original-1.gif\",\"width\":600,\"height\":300,\"caption\":\"Minas Gramados - Paisagismo e Hidrossemeadura.\"},\"image\":{\"@id\":\"https:\\\/\\\/minasgramados.com.br\\\/Loja\\\/#\\\/schema\\\/logo\\\/image\\\/\"}}]}<\/script>\n<!-- \/ Yoast SEO plugin. -->","yoast_head_json":{"title":"Vermiculita - 10 KG - Minas Gramados - Vermicuta BH","description":"Vermiculita possui alta capacidade de troca cati\u00f4nica e \u00e9 utilizada em sua forma expandida na constru\u00e7\u00e3o civil na agricultura as mais diversas aplica\u00e7\u00f5es.","robots":{"index":"index","follow":"follow","max-snippet":"max-snippet:-1","max-image-preview":"max-image-preview:large","max-video-preview":"max-video-preview:-1"},"canonical":"https:\/\/minasgramados.com.br\/Loja\/produto\/vermiculita-12-kg\/","twitter_card":"summary_large_image","twitter_title":"Vermiculita - 10 KG - Minas Gramados - Vermicuta BH","twitter_description":"Vermiculita possui alta capacidade de troca cati\u00f4nica e \u00e9 utilizada em sua forma expandida na constru\u00e7\u00e3o civil na agricultura as mais diversas aplica\u00e7\u00f5es.","twitter_image":"https:\/\/minasgramados.com.br\/Loja\/wp-content\/uploads\/2015\/10\/Vermiculita-2.jpg","twitter_misc":{"Est. tempo de leitura":"1 minuto"},"schema":{"@context":"https:\/\/schema.org","@graph":[{"@type":"WebPage","@id":"https:\/\/minasgramados.com.br\/Loja\/produto\/vermiculita-12-kg\/","url":"https:\/\/minasgramados.com.br\/Loja\/produto\/vermiculita-12-kg\/","name":"Vermiculita - 10 KG - Minas Gramados - Vermicuta BH","isPartOf":{"@id":"https:\/\/minasgramados.com.br\/Loja\/#website"},"primaryImageOfPage":{"@id":"https:\/\/minasgramados.com.br\/Loja\/produto\/vermiculita-12-kg\/#primaryimage"},"image":{"@id":"https:\/\/minasgramados.com.br\/Loja\/produto\/vermiculita-12-kg\/#primaryimage"},"thumbnailUrl":"https:\/\/minasgramados.com.br\/Loja\/wp-content\/uploads\/2015\/10\/Vermiculita-2.jpg","datePublished":"2015-10-18T16:56:00+00:00","dateModified":"2022-06-17T18:51:07+00:00","description":"Vermiculita possui alta capacidade de troca cati\u00f4nica e \u00e9 utilizada em sua forma expandida na constru\u00e7\u00e3o civil na agricultura as mais diversas aplica\u00e7\u00f5es.","breadcrumb":{"@id":"https:\/\/minasgramados.com.br\/Loja\/produto\/vermiculita-12-kg\/#breadcrumb"},"inLanguage":"pt-BR","potentialAction":[{"@type":"ReadAction","target":["https:\/\/minasgramados.com.br\/Loja\/produto\/vermiculita-12-kg\/"]}]},{"@type":"ImageObject","inLanguage":"pt-BR","@id":"https:\/\/minasgramados.com.br\/Loja\/produto\/vermiculita-12-kg\/#primaryimage","url":"https:\/\/minasgramados.com.br\/Loja\/wp-content\/uploads\/2015\/10\/Vermiculita-2.jpg","contentUrl":"https:\/\/minasgramados.com.br\/Loja\/wp-content\/uploads\/2015\/10\/Vermiculita-2.jpg","width":528,"height":480},{"@type":"BreadcrumbList","@id":"https:\/\/minasgramados.com.br\/Loja\/produto\/vermiculita-12-kg\/#breadcrumb","itemListElement":[{"@type":"ListItem","position":1,"name":"In\u00edcio","item":"https:\/\/minasgramados.com.br\/Loja\/"},{"@type":"ListItem","position":2,"name":"Loja","item":"https:\/\/minasgramados.com.br\/Loja\/loja-modelo-03\/"},{"@type":"ListItem","position":3,"name":"Vermiculita &#8211; 10 KG"}]},{"@type":"WebSite","@id":"https:\/\/minasgramados.com.br\/Loja\/#website","url":"https:\/\/minasgramados.com.br\/Loja\/","name":"Minas Gramados - Paisagismo e Hidrossemeadura.","description":"Distribuidora de Gramas adubos sementes em Betim e no Brasil.","publisher":{"@id":"https:\/\/minasgramados.com.br\/Loja\/#organization"},"potentialAction":[{"@type":"SearchAction","target":{"@type":"EntryPoint","urlTemplate":"https:\/\/minasgramados.com.br\/Loja\/?s={search_term_string}"},"query-input":{"@type":"PropertyValueSpecification","valueRequired":true,"valueName":"search_term_string"}}],"inLanguage":"pt-BR"},{"@type":"Organization","@id":"https:\/\/minasgramados.com.br\/Loja\/#organization","name":"Minas Gramados - Paisagismo e Hidrossemeadura.","url":"https:\/\/minasgramados.com.br\/Loja\/","logo":{"@type":"ImageObject","inLanguage":"pt-BR","@id":"https:\/\/minasgramados.com.br\/Loja\/#\/schema\/logo\/image\/","url":"https:\/\/minasgramados.com.br\/Loja\/wp-content\/uploads\/2018\/06\/gramados-original-1.gif","contentUrl":"https:\/\/minasgramados.com.br\/Loja\/wp-content\/uploads\/2018\/06\/gramados-original-1.gif","width":600,"height":300,"caption":"Minas Gramados - Paisagismo e Hidrossemeadura."},"image":{"@id":"https:\/\/minasgramados.com.br\/Loja\/#\/schema\/logo\/image\/"}}]}},"_links":{"self":[{"href":"https:\/\/minasgramados.com.br\/Loja\/wp-json\/wp\/v2\/product\/1585","targetHints":{"allow":["GET"]}}],"collection":[{"href":"https:\/\/minasgramados.com.br\/Loja\/wp-json\/wp\/v2\/product"}],"about":[{"href":"https:\/\/minasgramados.com.br\/Loja\/wp-json\/wp\/v2\/types\/product"}],"wp:featuredmedia":[{"embeddable":true,"href":"https:\/\/minasgramados.com.br\/Loja\/wp-json\/wp\/v2\/media\/1587"}],"wp:attachment":[{"href":"https:\/\/minasgramados.com.br\/Loja\/wp-json\/wp\/v2\/media?parent=1585"}],"wp:term":[{"taxonomy":"product_brand","embeddable":true,"href":"https:\/\/minasgramados.com.br\/Loja\/wp-json\/wp\/v2\/product_brand?post=1585"},{"taxonomy":"product_cat","embeddable":true,"href":"https:\/\/minasgramados.com.br\/Loja\/wp-json\/wp\/v2\/product_cat?post=1585"},{"taxonomy":"product_tag","embeddable":true,"href":"https:\/\/minasgramados.com.br\/Loja\/wp-json\/wp\/v2\/product_tag?post=1585"}],"curies":[{"name":"wp","href":"https:\/\/api.w.org\/{rel}","templated":true}]}}