{"id":1591,"date":"2015-10-18T14:52:59","date_gmt":"2015-10-18T17:52:59","guid":{"rendered":"http:\/\/minasgramados.com.br\/Loja\/?post_type=product&#038;p=1591"},"modified":"2022-11-01T11:25:11","modified_gmt":"2022-11-01T14:25:11","slug":"gesso-agricola-25-kg","status":"publish","type":"product","link":"https:\/\/minasgramados.com.br\/Loja\/produto\/gesso-agricola-25-kg\/","title":{"rendered":"Gesso  Agr\u00edcola &#8211; 50 KG"},"content":{"rendered":"<p style=\"text-align: justify;\"><strong>O que \u00e9 e para que serve o Gesso Agr\u00edcola?<\/strong> O Gesso Agr\u00edcola \u00e9 o nome pelo qual \u00e9 conhecido e comercializado o sulfato de c\u00e1lcio (CaSO4.2H2O) obtido na fabrica\u00e7\u00e3o do \u00c1cido Fosf\u00f3rico, usado para produ\u00e7\u00e3o de Superfosfato Triplo, MAP e DAP. \u00c9 muito \u00fatil para pr\u00e1tica agr\u00edcola como fonte de c\u00e1lcio e enxofre, como condicionador de subsuperf\u00edcie e para corre\u00e7\u00e3o de solos saturados com s\u00f3dio ou pot\u00e1ssio.<\/p>\n<p style=\"text-align: justify;\"><strong>Sua composi\u00e7\u00e3o qu\u00edmica:<\/strong> O Gesso Agr\u00edcola tem sua composi\u00e7\u00e3o qu\u00edmica 20% de c\u00e1lcio, 15% de enxofre. Outros nutrientes, como F\u00f3sforo, Zinco, Cobre, Boro, tamb\u00e9m est\u00e3o presentes, colaborando com o crescimento e desenvolvimento das plantas.<\/p>\n<p style=\"text-align: justify;\"><strong>De onde vem este insumo:<\/strong> O Gesso Agr\u00edcola \u00e9 um insumo obtido atrav\u00e9s da rea\u00e7\u00e3o do \u00c1cido Sulf\u00farico com rocha fosfatada mo\u00edda para produ\u00e7\u00e3o de \u00c1cido Fosf\u00f3rico utilizado na fabrica\u00e7\u00e3o de Superfosfato Triplo (STP), MAP e DAP. Para cada tonelada de P2O5 na forma de \u00c1cido Fosf\u00f3rico, produz-se de 4 a 5 toneladas de Gesso Agr\u00edcola.<\/p>\n<p style=\"text-align: justify;\"><strong>Os benef\u00edcios que o Gesso Agr\u00edcola traz para a lavoura:<\/strong> O Gesso Agr\u00edcola melhora e condiciona os solos, fornece c\u00e1lcio e enxofre e diminui os teores de alum\u00ednio t\u00f3xico, possibilitando um maior crescimento radicular. Com isso, as plantas tem condi\u00e7\u00f5es de suportar melhor secas e veranicos, aumentar a absor\u00e7\u00e3o de nutrientes em camadas de solo at\u00e9 ent\u00e3o inexploradas, incrementando a produtividade agr\u00edcola e melhorando a qualidade dos frutos, colmos e ra\u00edzes.<\/p>\n<p style=\"text-align: justify;\"><strong>Aplica\u00e7\u00e3o do Gesso no solo:<\/strong> O mais importante a saber sobre a gessagem \u00e9 que ela deve ser feita depois de uma analise do perfil do solo para que se detectem as reais necessidades e doses indicadas do insumo. Uma vez completada esta etapa, o gesso pode ser aplicado \u00e0 lan\u00e7o em \u00e1rea total, sem necessidade de incorpora\u00e7\u00e3o, no preparo de covas para culturas perenes e em linhas de plantio quando na implanta\u00e7\u00e3o da irriga\u00e7\u00e3o branca. Consulte sempre um Engenheiro Agr\u00f4nomo.<\/p>\n<p style=\"text-align: justify;\"><strong>Somos representante:<\/strong> Trabalhamos direto com a fabrica (origem do frete), \u00f3tima qualidade, sem manipula\u00e7\u00e3o, adultera\u00e7\u00e3o ou contamina\u00e7\u00e3o.<\/p>\n<p><strong>*Condi\u00e7\u00f5es comerciais por sacos de 25\u00a0 kg.<\/strong><\/p>\n<p>* 01 a 299 Uni:&#8230;&#8230;R$ 95,00<br \/>\n* 300 a 600 Uni:&#8230;R$ 90,00<br \/>\n* 601 Ou mais:&#8230;&#8230;R$ 85,00<\/p>\n<p><strong>*Condi\u00e7\u00f5es comerciais por sacos de 50kg.<\/strong><\/p>\n<p>* 01 a 299 Uni:&#8230;&#8230;R$ 165,00<br \/>\n* 300 a 600 Uni:&#8230;R$ 160,00<br \/>\n* 601 Ou mais:&#8230;&#8230;R$ 155,00<\/p>\n<p><strong>Observa\u00e7\u00e3o: <\/strong>Os pre\u00e7os acima est\u00e3o sujeitos a altera\u00e7\u00f5es sem aviso previso.<\/p>\n<p><strong>Venda Minima: <\/strong>10 sacos exceto quando temos em estoque a partir de 01 unidade.<\/p>\n","protected":false},"excerpt":{"rendered":"<p>O Gesso Agr\u00edcola \u00e9 o nome pelo qual \u00e9 conhecido e comercializado o sulfato de c\u00e1lcio (CaSO4.2H2O) obtido na fabrica\u00e7\u00e3o do \u00c1cido Fosf\u00f3rico, usado para produ\u00e7\u00e3o de Superfosfato Triplo, MAP e DAP.\u00a0<span style=\"color: #ff0000;\">(Obs): Comercializamos SACOS de 25 e 50 KG, e sua venda \u00e9 somente por telefone e via ordem de compra, consulte-nos a disponibilidade.<\/span><\/p>\n","protected":false},"featured_media":1592,"template":"","meta":{"_joinchat":[]},"product_brand":[],"product_cat":[14,23],"product_tag":[],"class_list":{"0":"post-1591","1":"product","2":"type-product","3":"status-publish","4":"has-post-thumbnail","6":"product_cat-produtos-agropecuarios","7":"product_cat-fertilizantes-diversos","8":"product_shipping_class-transportadora","9":"entry","10":"has-media","12":"first","13":"outofstock","14":"sale","15":"shipping-taxable","16":"purchasable","17":"product-type-simple","18":"col","19":"wpex-woo-entry","20":"span_1_of_4"},"yoast_head":"<!-- This site is optimized with the Yoast SEO plugin v27.3 - https:\/\/yoast.com\/product\/yoast-seo-wordpress\/ -->\n<title>Gesso Agr\u00edcola - 50 KG - Minas Gramados - Paisagismo e Hidrossemeadura.<\/title>\n<meta name=\"robots\" content=\"index, follow, max-snippet:-1, max-image-preview:large, max-video-preview:-1\" \/>\n<link rel=\"canonical\" href=\"https:\/\/minasgramados.com.br\/Loja\/produto\/gesso-agricola-25-kg\/\" \/>\n<meta name=\"twitter:card\" content=\"summary_large_image\" \/>\n<meta name=\"twitter:title\" content=\"Gesso Agr\u00edcola - 50 KG - Minas Gramados - Paisagismo e Hidrossemeadura.\" \/>\n<meta name=\"twitter:description\" content=\"O Gesso Agr\u00edcola \u00e9 o nome pelo qual \u00e9 conhecido e comercializado o sulfato de c\u00e1lcio (CaSO4.2H2O) obtido na fabrica\u00e7\u00e3o do \u00c1cido Fosf\u00f3rico, usado para produ\u00e7\u00e3o de Superfosfato Triplo, MAP e DAP.\u00a0(Obs): Comercializamos SACOS de 25 e 50 KG, e sua venda \u00e9 somente por telefone e via ordem de compra, consulte-nos a disponibilidade.\" \/>\n<meta name=\"twitter:image\" content=\"https:\/\/minasgramados.com.br\/Loja\/wp-content\/uploads\/2015\/10\/Gesso-agricola-2.jpg\" \/>\n<meta name=\"twitter:label1\" content=\"Est. tempo de leitura\" \/>\n\t<meta name=\"twitter:data1\" content=\"3 minutos\" \/>\n<script type=\"application\/ld+json\" class=\"yoast-schema-graph\">{\"@context\":\"https:\\\/\\\/schema.org\",\"@graph\":[{\"@type\":\"WebPage\",\"@id\":\"https:\\\/\\\/minasgramados.com.br\\\/Loja\\\/produto\\\/gesso-agricola-25-kg\\\/\",\"url\":\"https:\\\/\\\/minasgramados.com.br\\\/Loja\\\/produto\\\/gesso-agricola-25-kg\\\/\",\"name\":\"Gesso Agr\u00edcola - 50 KG - Minas Gramados - Paisagismo e Hidrossemeadura.\",\"isPartOf\":{\"@id\":\"https:\\\/\\\/minasgramados.com.br\\\/Loja\\\/#website\"},\"primaryImageOfPage\":{\"@id\":\"https:\\\/\\\/minasgramados.com.br\\\/Loja\\\/produto\\\/gesso-agricola-25-kg\\\/#primaryimage\"},\"image\":{\"@id\":\"https:\\\/\\\/minasgramados.com.br\\\/Loja\\\/produto\\\/gesso-agricola-25-kg\\\/#primaryimage\"},\"thumbnailUrl\":\"https:\\\/\\\/minasgramados.com.br\\\/Loja\\\/wp-content\\\/uploads\\\/2015\\\/10\\\/Gesso-agricola-2.jpg\",\"datePublished\":\"2015-10-18T17:52:59+00:00\",\"dateModified\":\"2022-11-01T14:25:11+00:00\",\"breadcrumb\":{\"@id\":\"https:\\\/\\\/minasgramados.com.br\\\/Loja\\\/produto\\\/gesso-agricola-25-kg\\\/#breadcrumb\"},\"inLanguage\":\"pt-BR\",\"potentialAction\":[{\"@type\":\"ReadAction\",\"target\":[\"https:\\\/\\\/minasgramados.com.br\\\/Loja\\\/produto\\\/gesso-agricola-25-kg\\\/\"]}]},{\"@type\":\"ImageObject\",\"inLanguage\":\"pt-BR\",\"@id\":\"https:\\\/\\\/minasgramados.com.br\\\/Loja\\\/produto\\\/gesso-agricola-25-kg\\\/#primaryimage\",\"url\":\"https:\\\/\\\/minasgramados.com.br\\\/Loja\\\/wp-content\\\/uploads\\\/2015\\\/10\\\/Gesso-agricola-2.jpg\",\"contentUrl\":\"https:\\\/\\\/minasgramados.com.br\\\/Loja\\\/wp-content\\\/uploads\\\/2015\\\/10\\\/Gesso-agricola-2.jpg\",\"width\":640,\"height\":450},{\"@type\":\"BreadcrumbList\",\"@id\":\"https:\\\/\\\/minasgramados.com.br\\\/Loja\\\/produto\\\/gesso-agricola-25-kg\\\/#breadcrumb\",\"itemListElement\":[{\"@type\":\"ListItem\",\"position\":1,\"name\":\"In\u00edcio\",\"item\":\"https:\\\/\\\/minasgramados.com.br\\\/Loja\\\/\"},{\"@type\":\"ListItem\",\"position\":2,\"name\":\"Loja\",\"item\":\"https:\\\/\\\/minasgramados.com.br\\\/Loja\\\/loja-modelo-03\\\/\"},{\"@type\":\"ListItem\",\"position\":3,\"name\":\"Gesso Agr\u00edcola &#8211; 50 KG\"}]},{\"@type\":\"WebSite\",\"@id\":\"https:\\\/\\\/minasgramados.com.br\\\/Loja\\\/#website\",\"url\":\"https:\\\/\\\/minasgramados.com.br\\\/Loja\\\/\",\"name\":\"Minas Gramados - Paisagismo e Hidrossemeadura.\",\"description\":\"Distribuidora de Gramas adubos sementes em Betim e no Brasil.\",\"publisher\":{\"@id\":\"https:\\\/\\\/minasgramados.com.br\\\/Loja\\\/#organization\"},\"potentialAction\":[{\"@type\":\"SearchAction\",\"target\":{\"@type\":\"EntryPoint\",\"urlTemplate\":\"https:\\\/\\\/minasgramados.com.br\\\/Loja\\\/?s={search_term_string}\"},\"query-input\":{\"@type\":\"PropertyValueSpecification\",\"valueRequired\":true,\"valueName\":\"search_term_string\"}}],\"inLanguage\":\"pt-BR\"},{\"@type\":\"Organization\",\"@id\":\"https:\\\/\\\/minasgramados.com.br\\\/Loja\\\/#organization\",\"name\":\"Minas Gramados - Paisagismo e Hidrossemeadura.\",\"url\":\"https:\\\/\\\/minasgramados.com.br\\\/Loja\\\/\",\"logo\":{\"@type\":\"ImageObject\",\"inLanguage\":\"pt-BR\",\"@id\":\"https:\\\/\\\/minasgramados.com.br\\\/Loja\\\/#\\\/schema\\\/logo\\\/image\\\/\",\"url\":\"https:\\\/\\\/minasgramados.com.br\\\/Loja\\\/wp-content\\\/uploads\\\/2018\\\/06\\\/gramados-original-1.gif\",\"contentUrl\":\"https:\\\/\\\/minasgramados.com.br\\\/Loja\\\/wp-content\\\/uploads\\\/2018\\\/06\\\/gramados-original-1.gif\",\"width\":600,\"height\":300,\"caption\":\"Minas Gramados - Paisagismo e Hidrossemeadura.\"},\"image\":{\"@id\":\"https:\\\/\\\/minasgramados.com.br\\\/Loja\\\/#\\\/schema\\\/logo\\\/image\\\/\"}}]}<\/script>\n<!-- \/ Yoast SEO plugin. -->","yoast_head_json":{"title":"Gesso Agr\u00edcola - 50 KG - Minas Gramados - Paisagismo e Hidrossemeadura.","robots":{"index":"index","follow":"follow","max-snippet":"max-snippet:-1","max-image-preview":"max-image-preview:large","max-video-preview":"max-video-preview:-1"},"canonical":"https:\/\/minasgramados.com.br\/Loja\/produto\/gesso-agricola-25-kg\/","twitter_card":"summary_large_image","twitter_title":"Gesso Agr\u00edcola - 50 KG - Minas Gramados - Paisagismo e Hidrossemeadura.","twitter_description":"O Gesso Agr\u00edcola \u00e9 o nome pelo qual \u00e9 conhecido e comercializado o sulfato de c\u00e1lcio (CaSO4.2H2O) obtido na fabrica\u00e7\u00e3o do \u00c1cido Fosf\u00f3rico, usado para produ\u00e7\u00e3o de Superfosfato Triplo, MAP e DAP.\u00a0(Obs): Comercializamos SACOS de 25 e 50 KG, e sua venda \u00e9 somente por telefone e via ordem de compra, consulte-nos a disponibilidade.","twitter_image":"https:\/\/minasgramados.com.br\/Loja\/wp-content\/uploads\/2015\/10\/Gesso-agricola-2.jpg","twitter_misc":{"Est. tempo de leitura":"3 minutos"},"schema":{"@context":"https:\/\/schema.org","@graph":[{"@type":"WebPage","@id":"https:\/\/minasgramados.com.br\/Loja\/produto\/gesso-agricola-25-kg\/","url":"https:\/\/minasgramados.com.br\/Loja\/produto\/gesso-agricola-25-kg\/","name":"Gesso Agr\u00edcola - 50 KG - Minas Gramados - Paisagismo e Hidrossemeadura.","isPartOf":{"@id":"https:\/\/minasgramados.com.br\/Loja\/#website"},"primaryImageOfPage":{"@id":"https:\/\/minasgramados.com.br\/Loja\/produto\/gesso-agricola-25-kg\/#primaryimage"},"image":{"@id":"https:\/\/minasgramados.com.br\/Loja\/produto\/gesso-agricola-25-kg\/#primaryimage"},"thumbnailUrl":"https:\/\/minasgramados.com.br\/Loja\/wp-content\/uploads\/2015\/10\/Gesso-agricola-2.jpg","datePublished":"2015-10-18T17:52:59+00:00","dateModified":"2022-11-01T14:25:11+00:00","breadcrumb":{"@id":"https:\/\/minasgramados.com.br\/Loja\/produto\/gesso-agricola-25-kg\/#breadcrumb"},"inLanguage":"pt-BR","potentialAction":[{"@type":"ReadAction","target":["https:\/\/minasgramados.com.br\/Loja\/produto\/gesso-agricola-25-kg\/"]}]},{"@type":"ImageObject","inLanguage":"pt-BR","@id":"https:\/\/minasgramados.com.br\/Loja\/produto\/gesso-agricola-25-kg\/#primaryimage","url":"https:\/\/minasgramados.com.br\/Loja\/wp-content\/uploads\/2015\/10\/Gesso-agricola-2.jpg","contentUrl":"https:\/\/minasgramados.com.br\/Loja\/wp-content\/uploads\/2015\/10\/Gesso-agricola-2.jpg","width":640,"height":450},{"@type":"BreadcrumbList","@id":"https:\/\/minasgramados.com.br\/Loja\/produto\/gesso-agricola-25-kg\/#breadcrumb","itemListElement":[{"@type":"ListItem","position":1,"name":"In\u00edcio","item":"https:\/\/minasgramados.com.br\/Loja\/"},{"@type":"ListItem","position":2,"name":"Loja","item":"https:\/\/minasgramados.com.br\/Loja\/loja-modelo-03\/"},{"@type":"ListItem","position":3,"name":"Gesso Agr\u00edcola &#8211; 50 KG"}]},{"@type":"WebSite","@id":"https:\/\/minasgramados.com.br\/Loja\/#website","url":"https:\/\/minasgramados.com.br\/Loja\/","name":"Minas Gramados - Paisagismo e Hidrossemeadura.","description":"Distribuidora de Gramas adubos sementes em Betim e no Brasil.","publisher":{"@id":"https:\/\/minasgramados.com.br\/Loja\/#organization"},"potentialAction":[{"@type":"SearchAction","target":{"@type":"EntryPoint","urlTemplate":"https:\/\/minasgramados.com.br\/Loja\/?s={search_term_string}"},"query-input":{"@type":"PropertyValueSpecification","valueRequired":true,"valueName":"search_term_string"}}],"inLanguage":"pt-BR"},{"@type":"Organization","@id":"https:\/\/minasgramados.com.br\/Loja\/#organization","name":"Minas Gramados - Paisagismo e Hidrossemeadura.","url":"https:\/\/minasgramados.com.br\/Loja\/","logo":{"@type":"ImageObject","inLanguage":"pt-BR","@id":"https:\/\/minasgramados.com.br\/Loja\/#\/schema\/logo\/image\/","url":"https:\/\/minasgramados.com.br\/Loja\/wp-content\/uploads\/2018\/06\/gramados-original-1.gif","contentUrl":"https:\/\/minasgramados.com.br\/Loja\/wp-content\/uploads\/2018\/06\/gramados-original-1.gif","width":600,"height":300,"caption":"Minas Gramados - Paisagismo e Hidrossemeadura."},"image":{"@id":"https:\/\/minasgramados.com.br\/Loja\/#\/schema\/logo\/image\/"}}]}},"_links":{"self":[{"href":"https:\/\/minasgramados.com.br\/Loja\/wp-json\/wp\/v2\/product\/1591","targetHints":{"allow":["GET"]}}],"collection":[{"href":"https:\/\/minasgramados.com.br\/Loja\/wp-json\/wp\/v2\/product"}],"about":[{"href":"https:\/\/minasgramados.com.br\/Loja\/wp-json\/wp\/v2\/types\/product"}],"wp:featuredmedia":[{"embeddable":true,"href":"https:\/\/minasgramados.com.br\/Loja\/wp-json\/wp\/v2\/media\/1592"}],"wp:attachment":[{"href":"https:\/\/minasgramados.com.br\/Loja\/wp-json\/wp\/v2\/media?parent=1591"}],"wp:term":[{"taxonomy":"product_brand","embeddable":true,"href":"https:\/\/minasgramados.com.br\/Loja\/wp-json\/wp\/v2\/product_brand?post=1591"},{"taxonomy":"product_cat","embeddable":true,"href":"https:\/\/minasgramados.com.br\/Loja\/wp-json\/wp\/v2\/product_cat?post=1591"},{"taxonomy":"product_tag","embeddable":true,"href":"https:\/\/minasgramados.com.br\/Loja\/wp-json\/wp\/v2\/product_tag?post=1591"}],"curies":[{"name":"wp","href":"https:\/\/api.w.org\/{rel}","templated":true}]}}