{"id":1596,"date":"2015-10-18T15:51:06","date_gmt":"2015-10-18T18:51:06","guid":{"rendered":"http:\/\/minasgramados.com.br\/Loja\/?post_type=product&#038;p=1596"},"modified":"2022-08-25T11:07:57","modified_gmt":"2022-08-25T14:07:57","slug":"ureia-granulada-25-kg","status":"publish","type":"product","link":"https:\/\/minasgramados.com.br\/Loja\/produto\/ureia-granulada-25-kg\/","title":{"rendered":"Ur\u00e9ia Agr\u00edcola 46% &#8211; 20KG"},"content":{"rendered":"<p style=\"text-align: justify\">O que \u00e9 e para que serve a Ureia Granulada?<\/p>\n<p style=\"text-align: justify\">Ur\u00e9ia fertilizante perolizados &#8211; 46<\/p>\n<p style=\"text-align: justify\">Ur\u00e9ia granulada -Sin\u00f4nimos: Carbamida<\/p>\n<p style=\"text-align: justify\">NITROG\u00caNIO MIN 46,30<\/p>\n<p style=\"text-align: justify\">BIURETO MAX 1,00<\/p>\n<p style=\"text-align: justify\">De \u00e1gua por m\u00e9todo de secagem , MAX 0,23<\/p>\n<p style=\"text-align: justify\">F\u00f3rmula qu\u00edmica: (NH2) 2CO ou CH4N2O<\/p>\n<p style=\"text-align: justify\">Nome qu\u00edmico: diamide Carbony<\/p>\n<p style=\"text-align: justify\">Propriedades F\u00edsicas e Qu\u00edmicas<\/p>\n<p style=\"text-align: justify\">Estado f\u00edsico e apar\u00eancia : S\u00f3lido. ( Cristais s\u00f3lidos . )<\/p>\n<p style=\"text-align: justify\">Odor :Quase inodoro , pode gradualmente desenvolver leve odor de am\u00f4nia , especialmente em presen\u00e7a de umidade .<\/p>\n<p style=\"text-align: justify\">Sabor: resfriamento . salina<\/p>\n<p style=\"text-align: justify\">Peso Molecular : 60,06 g \/ mol &#8211; Cor: Branco .<\/p>\n<p style=\"text-align: justify\">Ponto de fus\u00e3o: 132,7 \u00b0 C ( 270,9 \u00b0 F)<\/p>\n<p style=\"text-align: justify\">Gravidade espec\u00edfica: 1.323 (\u00c1gua = 1 )<\/p>\n<p style=\"text-align: justify\">\u00c1gua O produto \u00e9 mais sol\u00favel em \u00e1gua ; log ( \u00f3leo \/ \u00e1gua) = -2.1<\/p>\n<p style=\"text-align: justify\">Propriedades de dispers\u00e3o : Veja solubilidade em \u00e1gua.<\/p>\n<p style=\"text-align: justify\">Solubilidade: Facilmente sol\u00favel em \u00e1gua fria, \u00e1gua quente.<\/p>\n<p style=\"text-align: justify\">Especifica\u00e7\u00e3o: Nitrog\u00eanio 46% min. Biuret 1 % max. Umidade 0.5 % max .<\/p>\n<p style=\"text-align: justify\">Tamanho de part\u00edcula 90% min. entre 2mm a 4,75 mil\u00edmetros .<\/p>\n<p style=\"text-align: justify\">Aplica\u00e7\u00e3o: A Ureia \u00e9 utilizada principalmente como um fertilizante neutro , sem efeito sobre o solo, adequado para todos os tipos de solo e as plantas , \u00e9 de alta qualidade e efici\u00eancia do fertilizante azotado<\/p>\n<p>&nbsp;<\/p>\n<p style=\"text-align: justify\">Embalagens:<\/p>\n<p>Ureia agr\u00edcola 46% saco 25 kg_R$115,00 un<\/p>\n<p>Ureia agr\u00edcola 43% saco 50 kg_R$171,00 un<\/p>\n<p>Ureia pecu\u00e1ria saco 50 kg_R$135,00 un<\/p>\n<p><strong>Observa\u00e7\u00e3o:<\/strong><\/p>\n<p><strong>A venda m\u00ednima de Ureia s\u00e3o de\u00a0 10 Sacos.<\/strong><\/p>\n","protected":false},"excerpt":{"rendered":"<p>A Ureia \u00e9 utilizada principalmente como um fertilizante neutro , sem efeito sobre o solo, adequado para todos os tipos de solo e as plantas<span style=\"color: #ff0000\">.\u00a0(Obs): Temos sacos de 25kg e 50kg e sua venda \u00e9 somente por telefone \u00a0e via ordem de compra.<\/span><\/p>\n","protected":false},"featured_media":1597,"template":"","meta":{"_joinchat":[]},"product_brand":[],"product_cat":[14,23],"product_tag":[],"class_list":{"0":"post-1596","1":"product","2":"type-product","3":"status-publish","4":"has-post-thumbnail","6":"product_cat-produtos-agropecuarios","7":"product_cat-fertilizantes-diversos","8":"product_shipping_class-transportadora","9":"entry","10":"has-media","12":"first","13":"outofstock","14":"sale","15":"shipping-taxable","16":"purchasable","17":"product-type-simple","18":"col","19":"wpex-woo-entry","20":"span_1_of_4"},"yoast_head":"<!-- This site is optimized with the Yoast SEO plugin v27.3 - https:\/\/yoast.com\/product\/yoast-seo-wordpress\/ -->\n<title>Ur\u00e9ia Agr\u00edcola 46% - 20KG - Minas Gramados - Paisagismo e Hidrossemeadura.<\/title>\n<meta name=\"robots\" content=\"index, follow, max-snippet:-1, max-image-preview:large, max-video-preview:-1\" \/>\n<link rel=\"canonical\" href=\"https:\/\/minasgramados.com.br\/Loja\/produto\/ureia-granulada-25-kg\/\" \/>\n<meta name=\"twitter:card\" content=\"summary_large_image\" \/>\n<meta name=\"twitter:title\" content=\"Ur\u00e9ia Agr\u00edcola 46% - 20KG - Minas Gramados - Paisagismo e Hidrossemeadura.\" \/>\n<meta name=\"twitter:description\" content=\"A Ureia \u00e9 utilizada principalmente como um fertilizante neutro , sem efeito sobre o solo, adequado para todos os tipos de solo e as plantas.\u00a0(Obs): Temos sacos de 25kg e 50kg e sua venda \u00e9 somente por telefone \u00a0e via ordem de compra.\" \/>\n<meta name=\"twitter:image\" content=\"https:\/\/minasgramados.com.br\/Loja\/wp-content\/uploads\/2015\/10\/Ureia-2.jpg\" \/>\n<meta name=\"twitter:label1\" content=\"Est. tempo de leitura\" \/>\n\t<meta name=\"twitter:data1\" content=\"1 minuto\" \/>\n<script type=\"application\/ld+json\" class=\"yoast-schema-graph\">{\"@context\":\"https:\\\/\\\/schema.org\",\"@graph\":[{\"@type\":\"WebPage\",\"@id\":\"https:\\\/\\\/minasgramados.com.br\\\/Loja\\\/produto\\\/ureia-granulada-25-kg\\\/\",\"url\":\"https:\\\/\\\/minasgramados.com.br\\\/Loja\\\/produto\\\/ureia-granulada-25-kg\\\/\",\"name\":\"Ur\u00e9ia Agr\u00edcola 46% - 20KG - Minas Gramados - Paisagismo e Hidrossemeadura.\",\"isPartOf\":{\"@id\":\"https:\\\/\\\/minasgramados.com.br\\\/Loja\\\/#website\"},\"primaryImageOfPage\":{\"@id\":\"https:\\\/\\\/minasgramados.com.br\\\/Loja\\\/produto\\\/ureia-granulada-25-kg\\\/#primaryimage\"},\"image\":{\"@id\":\"https:\\\/\\\/minasgramados.com.br\\\/Loja\\\/produto\\\/ureia-granulada-25-kg\\\/#primaryimage\"},\"thumbnailUrl\":\"https:\\\/\\\/minasgramados.com.br\\\/Loja\\\/wp-content\\\/uploads\\\/2015\\\/10\\\/Ureia-2.jpg\",\"datePublished\":\"2015-10-18T18:51:06+00:00\",\"dateModified\":\"2022-08-25T14:07:57+00:00\",\"breadcrumb\":{\"@id\":\"https:\\\/\\\/minasgramados.com.br\\\/Loja\\\/produto\\\/ureia-granulada-25-kg\\\/#breadcrumb\"},\"inLanguage\":\"pt-BR\",\"potentialAction\":[{\"@type\":\"ReadAction\",\"target\":[\"https:\\\/\\\/minasgramados.com.br\\\/Loja\\\/produto\\\/ureia-granulada-25-kg\\\/\"]}]},{\"@type\":\"ImageObject\",\"inLanguage\":\"pt-BR\",\"@id\":\"https:\\\/\\\/minasgramados.com.br\\\/Loja\\\/produto\\\/ureia-granulada-25-kg\\\/#primaryimage\",\"url\":\"https:\\\/\\\/minasgramados.com.br\\\/Loja\\\/wp-content\\\/uploads\\\/2015\\\/10\\\/Ureia-2.jpg\",\"contentUrl\":\"https:\\\/\\\/minasgramados.com.br\\\/Loja\\\/wp-content\\\/uploads\\\/2015\\\/10\\\/Ureia-2.jpg\",\"width\":623,\"height\":372},{\"@type\":\"BreadcrumbList\",\"@id\":\"https:\\\/\\\/minasgramados.com.br\\\/Loja\\\/produto\\\/ureia-granulada-25-kg\\\/#breadcrumb\",\"itemListElement\":[{\"@type\":\"ListItem\",\"position\":1,\"name\":\"In\u00edcio\",\"item\":\"https:\\\/\\\/minasgramados.com.br\\\/Loja\\\/\"},{\"@type\":\"ListItem\",\"position\":2,\"name\":\"Loja\",\"item\":\"https:\\\/\\\/minasgramados.com.br\\\/Loja\\\/loja-modelo-03\\\/\"},{\"@type\":\"ListItem\",\"position\":3,\"name\":\"Ur\u00e9ia Agr\u00edcola 46% &#8211; 20KG\"}]},{\"@type\":\"WebSite\",\"@id\":\"https:\\\/\\\/minasgramados.com.br\\\/Loja\\\/#website\",\"url\":\"https:\\\/\\\/minasgramados.com.br\\\/Loja\\\/\",\"name\":\"Minas Gramados - Paisagismo e Hidrossemeadura.\",\"description\":\"Distribuidora de Gramas adubos sementes em Betim e no Brasil.\",\"publisher\":{\"@id\":\"https:\\\/\\\/minasgramados.com.br\\\/Loja\\\/#organization\"},\"potentialAction\":[{\"@type\":\"SearchAction\",\"target\":{\"@type\":\"EntryPoint\",\"urlTemplate\":\"https:\\\/\\\/minasgramados.com.br\\\/Loja\\\/?s={search_term_string}\"},\"query-input\":{\"@type\":\"PropertyValueSpecification\",\"valueRequired\":true,\"valueName\":\"search_term_string\"}}],\"inLanguage\":\"pt-BR\"},{\"@type\":\"Organization\",\"@id\":\"https:\\\/\\\/minasgramados.com.br\\\/Loja\\\/#organization\",\"name\":\"Minas Gramados - Paisagismo e Hidrossemeadura.\",\"url\":\"https:\\\/\\\/minasgramados.com.br\\\/Loja\\\/\",\"logo\":{\"@type\":\"ImageObject\",\"inLanguage\":\"pt-BR\",\"@id\":\"https:\\\/\\\/minasgramados.com.br\\\/Loja\\\/#\\\/schema\\\/logo\\\/image\\\/\",\"url\":\"https:\\\/\\\/minasgramados.com.br\\\/Loja\\\/wp-content\\\/uploads\\\/2018\\\/06\\\/gramados-original-1.gif\",\"contentUrl\":\"https:\\\/\\\/minasgramados.com.br\\\/Loja\\\/wp-content\\\/uploads\\\/2018\\\/06\\\/gramados-original-1.gif\",\"width\":600,\"height\":300,\"caption\":\"Minas Gramados - Paisagismo e Hidrossemeadura.\"},\"image\":{\"@id\":\"https:\\\/\\\/minasgramados.com.br\\\/Loja\\\/#\\\/schema\\\/logo\\\/image\\\/\"}}]}<\/script>\n<!-- \/ Yoast SEO plugin. -->","yoast_head_json":{"title":"Ur\u00e9ia Agr\u00edcola 46% - 20KG - Minas Gramados - Paisagismo e Hidrossemeadura.","robots":{"index":"index","follow":"follow","max-snippet":"max-snippet:-1","max-image-preview":"max-image-preview:large","max-video-preview":"max-video-preview:-1"},"canonical":"https:\/\/minasgramados.com.br\/Loja\/produto\/ureia-granulada-25-kg\/","twitter_card":"summary_large_image","twitter_title":"Ur\u00e9ia Agr\u00edcola 46% - 20KG - Minas Gramados - Paisagismo e Hidrossemeadura.","twitter_description":"A Ureia \u00e9 utilizada principalmente como um fertilizante neutro , sem efeito sobre o solo, adequado para todos os tipos de solo e as plantas.\u00a0(Obs): Temos sacos de 25kg e 50kg e sua venda \u00e9 somente por telefone \u00a0e via ordem de compra.","twitter_image":"https:\/\/minasgramados.com.br\/Loja\/wp-content\/uploads\/2015\/10\/Ureia-2.jpg","twitter_misc":{"Est. tempo de leitura":"1 minuto"},"schema":{"@context":"https:\/\/schema.org","@graph":[{"@type":"WebPage","@id":"https:\/\/minasgramados.com.br\/Loja\/produto\/ureia-granulada-25-kg\/","url":"https:\/\/minasgramados.com.br\/Loja\/produto\/ureia-granulada-25-kg\/","name":"Ur\u00e9ia Agr\u00edcola 46% - 20KG - Minas Gramados - Paisagismo e Hidrossemeadura.","isPartOf":{"@id":"https:\/\/minasgramados.com.br\/Loja\/#website"},"primaryImageOfPage":{"@id":"https:\/\/minasgramados.com.br\/Loja\/produto\/ureia-granulada-25-kg\/#primaryimage"},"image":{"@id":"https:\/\/minasgramados.com.br\/Loja\/produto\/ureia-granulada-25-kg\/#primaryimage"},"thumbnailUrl":"https:\/\/minasgramados.com.br\/Loja\/wp-content\/uploads\/2015\/10\/Ureia-2.jpg","datePublished":"2015-10-18T18:51:06+00:00","dateModified":"2022-08-25T14:07:57+00:00","breadcrumb":{"@id":"https:\/\/minasgramados.com.br\/Loja\/produto\/ureia-granulada-25-kg\/#breadcrumb"},"inLanguage":"pt-BR","potentialAction":[{"@type":"ReadAction","target":["https:\/\/minasgramados.com.br\/Loja\/produto\/ureia-granulada-25-kg\/"]}]},{"@type":"ImageObject","inLanguage":"pt-BR","@id":"https:\/\/minasgramados.com.br\/Loja\/produto\/ureia-granulada-25-kg\/#primaryimage","url":"https:\/\/minasgramados.com.br\/Loja\/wp-content\/uploads\/2015\/10\/Ureia-2.jpg","contentUrl":"https:\/\/minasgramados.com.br\/Loja\/wp-content\/uploads\/2015\/10\/Ureia-2.jpg","width":623,"height":372},{"@type":"BreadcrumbList","@id":"https:\/\/minasgramados.com.br\/Loja\/produto\/ureia-granulada-25-kg\/#breadcrumb","itemListElement":[{"@type":"ListItem","position":1,"name":"In\u00edcio","item":"https:\/\/minasgramados.com.br\/Loja\/"},{"@type":"ListItem","position":2,"name":"Loja","item":"https:\/\/minasgramados.com.br\/Loja\/loja-modelo-03\/"},{"@type":"ListItem","position":3,"name":"Ur\u00e9ia Agr\u00edcola 46% &#8211; 20KG"}]},{"@type":"WebSite","@id":"https:\/\/minasgramados.com.br\/Loja\/#website","url":"https:\/\/minasgramados.com.br\/Loja\/","name":"Minas Gramados - Paisagismo e Hidrossemeadura.","description":"Distribuidora de Gramas adubos sementes em Betim e no Brasil.","publisher":{"@id":"https:\/\/minasgramados.com.br\/Loja\/#organization"},"potentialAction":[{"@type":"SearchAction","target":{"@type":"EntryPoint","urlTemplate":"https:\/\/minasgramados.com.br\/Loja\/?s={search_term_string}"},"query-input":{"@type":"PropertyValueSpecification","valueRequired":true,"valueName":"search_term_string"}}],"inLanguage":"pt-BR"},{"@type":"Organization","@id":"https:\/\/minasgramados.com.br\/Loja\/#organization","name":"Minas Gramados - Paisagismo e Hidrossemeadura.","url":"https:\/\/minasgramados.com.br\/Loja\/","logo":{"@type":"ImageObject","inLanguage":"pt-BR","@id":"https:\/\/minasgramados.com.br\/Loja\/#\/schema\/logo\/image\/","url":"https:\/\/minasgramados.com.br\/Loja\/wp-content\/uploads\/2018\/06\/gramados-original-1.gif","contentUrl":"https:\/\/minasgramados.com.br\/Loja\/wp-content\/uploads\/2018\/06\/gramados-original-1.gif","width":600,"height":300,"caption":"Minas Gramados - Paisagismo e Hidrossemeadura."},"image":{"@id":"https:\/\/minasgramados.com.br\/Loja\/#\/schema\/logo\/image\/"}}]}},"_links":{"self":[{"href":"https:\/\/minasgramados.com.br\/Loja\/wp-json\/wp\/v2\/product\/1596","targetHints":{"allow":["GET"]}}],"collection":[{"href":"https:\/\/minasgramados.com.br\/Loja\/wp-json\/wp\/v2\/product"}],"about":[{"href":"https:\/\/minasgramados.com.br\/Loja\/wp-json\/wp\/v2\/types\/product"}],"wp:featuredmedia":[{"embeddable":true,"href":"https:\/\/minasgramados.com.br\/Loja\/wp-json\/wp\/v2\/media\/1597"}],"wp:attachment":[{"href":"https:\/\/minasgramados.com.br\/Loja\/wp-json\/wp\/v2\/media?parent=1596"}],"wp:term":[{"taxonomy":"product_brand","embeddable":true,"href":"https:\/\/minasgramados.com.br\/Loja\/wp-json\/wp\/v2\/product_brand?post=1596"},{"taxonomy":"product_cat","embeddable":true,"href":"https:\/\/minasgramados.com.br\/Loja\/wp-json\/wp\/v2\/product_cat?post=1596"},{"taxonomy":"product_tag","embeddable":true,"href":"https:\/\/minasgramados.com.br\/Loja\/wp-json\/wp\/v2\/product_tag?post=1596"}],"curies":[{"name":"wp","href":"https:\/\/api.w.org\/{rel}","templated":true}]}}