{"id":1601,"date":"2015-10-18T16:33:22","date_gmt":"2015-10-18T19:33:22","guid":{"rendered":"http:\/\/minasgramados.com.br\/Loja\/?post_type=product&#038;p=1601"},"modified":"2022-06-17T15:38:33","modified_gmt":"2022-06-17T18:38:33","slug":"cloreto-de-potassio-25bkg","status":"publish","type":"product","link":"https:\/\/minasgramados.com.br\/Loja\/produto\/cloreto-de-potassio-25bkg\/","title":{"rendered":"Cloreto de Pot\u00e1ssio em p\u00f3 50KG"},"content":{"rendered":"<p style=\"text-align: justify\">O que \u00e9 e para que serve o Cloreto de de Pot\u00e1ssio?<\/p>\n<p style=\"text-align: justify\">Esse fertilisante cont\u00eam tr\u00eas elementos b\u00e1sicos chamado NPK: nitrog\u00eanio (N) para o desenvolvimento da planta, f\u00f3sforo (P) para a resist\u00eancia e pot\u00e1ssio (K) para o rendimento, qualidade e resist\u00eancia ao estresse (doen\u00e7a e seca). Cloreto de pot\u00e1ssio reduz a transpira\u00e7\u00e3o da planta e diminui seu consumo de \u00e1gua e as plantas mais resistentes \u00e0 seca. Voc\u00ea vai notar que as propriedades da planta de cloreto de pot\u00e1ssio (frutos maiores, e resist\u00eancia \u00e0 seca) correspondem a problemas atuais e futuros da agricultura (produ\u00e7\u00e3o, a escassez de \u00e1gua, a doen\u00e7a).<\/p>\n<p style=\"text-align: justify\">O Cloreto de Pot\u00e1ssio \u00e9 utilizado principalmente no cultivo de frutas e produtos hort\u00edcolas (17%), milho (15%), trigo (15%), arroz (14%), produ\u00e7\u00e3o de a\u00e7\u00facar (4%), algod\u00e3o ( 4%) da soja (4%) e \u00f3leo de palma (2%).<\/p>\n<p style=\"text-align: justify\">EMBALAGENS:<\/p>\n<p>Cloreto de pot\u00e1ssio em p\u00f3 saco 50 kg _R$<\/p>\n<p>Cloreto de pot\u00e1ssio em gr\u00e3o saco 50 kg _R$<\/p>\n<p>Cloreto de pot\u00e1ssio BRANCO saco 50 kg _R$<\/p>\n<p>OBS:<\/p>\n<p>A venda minima do cloreto de pot\u00e1ssio s\u00e3o de 10 sacos.<\/p>\n","protected":false},"excerpt":{"rendered":"<p>O Cloreto de Pot\u00e1ssio \u00e9 utilizado principalmente no cultivo de frutas e produtos hort\u00edcolas. Temos cloreto de pot\u00e1ssio em p\u00f3\/gr\u00e3o e cloreto de pot\u00e1ssio branco, consulte os valores abaixo.<\/p>\n<p><span style=\"color: #ff0000\">(Obs): Venda \u00e9 somente por telefone ou e-mail via ordem de compra.<\/span><\/p>\n","protected":false},"featured_media":1605,"template":"","meta":{"_joinchat":[]},"product_brand":[],"product_cat":[14,23],"product_tag":[],"class_list":{"0":"post-1601","1":"product","2":"type-product","3":"status-publish","4":"has-post-thumbnail","6":"product_cat-produtos-agropecuarios","7":"product_cat-fertilizantes-diversos","8":"product_shipping_class-transportadora","9":"entry","10":"has-media","12":"first","13":"outofstock","14":"sale","15":"shipping-taxable","16":"purchasable","17":"product-type-simple","18":"col","19":"wpex-woo-entry","20":"span_1_of_4"},"yoast_head":"<!-- This site is optimized with the Yoast SEO plugin v27.3 - https:\/\/yoast.com\/product\/yoast-seo-wordpress\/ -->\n<title>Cloreto de Pot\u00e1ssio em p\u00f3 50KG - Minas Gramados - Paisagismo e Hidrossemeadura.<\/title>\n<meta name=\"robots\" content=\"index, follow, max-snippet:-1, max-image-preview:large, max-video-preview:-1\" \/>\n<link rel=\"canonical\" href=\"https:\/\/minasgramados.com.br\/Loja\/produto\/cloreto-de-potassio-25bkg\/\" \/>\n<meta name=\"twitter:card\" content=\"summary_large_image\" \/>\n<meta name=\"twitter:title\" content=\"Cloreto de Pot\u00e1ssio em p\u00f3 50KG - Minas Gramados - Paisagismo e Hidrossemeadura.\" \/>\n<meta name=\"twitter:description\" content=\"O Cloreto de Pot\u00e1ssio \u00e9 utilizado principalmente no cultivo de frutas e produtos hort\u00edcolas. Temos cloreto de pot\u00e1ssio em p\u00f3\/gr\u00e3o e cloreto de pot\u00e1ssio branco, consulte os valores abaixo.  (Obs): Venda \u00e9 somente por telefone ou e-mail via ordem de compra.\" \/>\n<meta name=\"twitter:image\" content=\"https:\/\/minasgramados.com.br\/Loja\/wp-content\/uploads\/2015\/10\/Pot\u00e1ssio-do-fertilizante.jpg\" \/>\n<meta name=\"twitter:label1\" content=\"Est. tempo de leitura\" \/>\n\t<meta name=\"twitter:data1\" content=\"1 minuto\" \/>\n<script type=\"application\/ld+json\" class=\"yoast-schema-graph\">{\"@context\":\"https:\\\/\\\/schema.org\",\"@graph\":[{\"@type\":\"WebPage\",\"@id\":\"https:\\\/\\\/minasgramados.com.br\\\/Loja\\\/produto\\\/cloreto-de-potassio-25bkg\\\/\",\"url\":\"https:\\\/\\\/minasgramados.com.br\\\/Loja\\\/produto\\\/cloreto-de-potassio-25bkg\\\/\",\"name\":\"Cloreto de Pot\u00e1ssio em p\u00f3 50KG - Minas Gramados - Paisagismo e Hidrossemeadura.\",\"isPartOf\":{\"@id\":\"https:\\\/\\\/minasgramados.com.br\\\/Loja\\\/#website\"},\"primaryImageOfPage\":{\"@id\":\"https:\\\/\\\/minasgramados.com.br\\\/Loja\\\/produto\\\/cloreto-de-potassio-25bkg\\\/#primaryimage\"},\"image\":{\"@id\":\"https:\\\/\\\/minasgramados.com.br\\\/Loja\\\/produto\\\/cloreto-de-potassio-25bkg\\\/#primaryimage\"},\"thumbnailUrl\":\"https:\\\/\\\/minasgramados.com.br\\\/Loja\\\/wp-content\\\/uploads\\\/2015\\\/10\\\/Pot\u00e1ssio-do-fertilizante.jpg\",\"datePublished\":\"2015-10-18T19:33:22+00:00\",\"dateModified\":\"2022-06-17T18:38:33+00:00\",\"breadcrumb\":{\"@id\":\"https:\\\/\\\/minasgramados.com.br\\\/Loja\\\/produto\\\/cloreto-de-potassio-25bkg\\\/#breadcrumb\"},\"inLanguage\":\"pt-BR\",\"potentialAction\":[{\"@type\":\"ReadAction\",\"target\":[\"https:\\\/\\\/minasgramados.com.br\\\/Loja\\\/produto\\\/cloreto-de-potassio-25bkg\\\/\"]}]},{\"@type\":\"ImageObject\",\"inLanguage\":\"pt-BR\",\"@id\":\"https:\\\/\\\/minasgramados.com.br\\\/Loja\\\/produto\\\/cloreto-de-potassio-25bkg\\\/#primaryimage\",\"url\":\"https:\\\/\\\/minasgramados.com.br\\\/Loja\\\/wp-content\\\/uploads\\\/2015\\\/10\\\/Pot\u00e1ssio-do-fertilizante.jpg\",\"contentUrl\":\"https:\\\/\\\/minasgramados.com.br\\\/Loja\\\/wp-content\\\/uploads\\\/2015\\\/10\\\/Pot\u00e1ssio-do-fertilizante.jpg\",\"width\":640,\"height\":425,\"caption\":\"http:\\\/\\\/www.dreamstime.com\\\/royalty-free-stock-photography-fertilizer-potassium-image16612257\"},{\"@type\":\"BreadcrumbList\",\"@id\":\"https:\\\/\\\/minasgramados.com.br\\\/Loja\\\/produto\\\/cloreto-de-potassio-25bkg\\\/#breadcrumb\",\"itemListElement\":[{\"@type\":\"ListItem\",\"position\":1,\"name\":\"In\u00edcio\",\"item\":\"https:\\\/\\\/minasgramados.com.br\\\/Loja\\\/\"},{\"@type\":\"ListItem\",\"position\":2,\"name\":\"Loja\",\"item\":\"https:\\\/\\\/minasgramados.com.br\\\/Loja\\\/loja-modelo-03\\\/\"},{\"@type\":\"ListItem\",\"position\":3,\"name\":\"Cloreto de Pot\u00e1ssio em p\u00f3 50KG\"}]},{\"@type\":\"WebSite\",\"@id\":\"https:\\\/\\\/minasgramados.com.br\\\/Loja\\\/#website\",\"url\":\"https:\\\/\\\/minasgramados.com.br\\\/Loja\\\/\",\"name\":\"Minas Gramados - Paisagismo e Hidrossemeadura.\",\"description\":\"Distribuidora de Gramas adubos sementes em Betim e no Brasil.\",\"publisher\":{\"@id\":\"https:\\\/\\\/minasgramados.com.br\\\/Loja\\\/#organization\"},\"potentialAction\":[{\"@type\":\"SearchAction\",\"target\":{\"@type\":\"EntryPoint\",\"urlTemplate\":\"https:\\\/\\\/minasgramados.com.br\\\/Loja\\\/?s={search_term_string}\"},\"query-input\":{\"@type\":\"PropertyValueSpecification\",\"valueRequired\":true,\"valueName\":\"search_term_string\"}}],\"inLanguage\":\"pt-BR\"},{\"@type\":\"Organization\",\"@id\":\"https:\\\/\\\/minasgramados.com.br\\\/Loja\\\/#organization\",\"name\":\"Minas Gramados - Paisagismo e Hidrossemeadura.\",\"url\":\"https:\\\/\\\/minasgramados.com.br\\\/Loja\\\/\",\"logo\":{\"@type\":\"ImageObject\",\"inLanguage\":\"pt-BR\",\"@id\":\"https:\\\/\\\/minasgramados.com.br\\\/Loja\\\/#\\\/schema\\\/logo\\\/image\\\/\",\"url\":\"https:\\\/\\\/minasgramados.com.br\\\/Loja\\\/wp-content\\\/uploads\\\/2018\\\/06\\\/gramados-original-1.gif\",\"contentUrl\":\"https:\\\/\\\/minasgramados.com.br\\\/Loja\\\/wp-content\\\/uploads\\\/2018\\\/06\\\/gramados-original-1.gif\",\"width\":600,\"height\":300,\"caption\":\"Minas Gramados - Paisagismo e Hidrossemeadura.\"},\"image\":{\"@id\":\"https:\\\/\\\/minasgramados.com.br\\\/Loja\\\/#\\\/schema\\\/logo\\\/image\\\/\"}}]}<\/script>\n<!-- \/ Yoast SEO plugin. -->","yoast_head_json":{"title":"Cloreto de Pot\u00e1ssio em p\u00f3 50KG - Minas Gramados - Paisagismo e Hidrossemeadura.","robots":{"index":"index","follow":"follow","max-snippet":"max-snippet:-1","max-image-preview":"max-image-preview:large","max-video-preview":"max-video-preview:-1"},"canonical":"https:\/\/minasgramados.com.br\/Loja\/produto\/cloreto-de-potassio-25bkg\/","twitter_card":"summary_large_image","twitter_title":"Cloreto de Pot\u00e1ssio em p\u00f3 50KG - Minas Gramados - Paisagismo e Hidrossemeadura.","twitter_description":"O Cloreto de Pot\u00e1ssio \u00e9 utilizado principalmente no cultivo de frutas e produtos hort\u00edcolas. Temos cloreto de pot\u00e1ssio em p\u00f3\/gr\u00e3o e cloreto de pot\u00e1ssio branco, consulte os valores abaixo.  (Obs): Venda \u00e9 somente por telefone ou e-mail via ordem de compra.","twitter_image":"https:\/\/minasgramados.com.br\/Loja\/wp-content\/uploads\/2015\/10\/Pot\u00e1ssio-do-fertilizante.jpg","twitter_misc":{"Est. tempo de leitura":"1 minuto"},"schema":{"@context":"https:\/\/schema.org","@graph":[{"@type":"WebPage","@id":"https:\/\/minasgramados.com.br\/Loja\/produto\/cloreto-de-potassio-25bkg\/","url":"https:\/\/minasgramados.com.br\/Loja\/produto\/cloreto-de-potassio-25bkg\/","name":"Cloreto de Pot\u00e1ssio em p\u00f3 50KG - Minas Gramados - Paisagismo e Hidrossemeadura.","isPartOf":{"@id":"https:\/\/minasgramados.com.br\/Loja\/#website"},"primaryImageOfPage":{"@id":"https:\/\/minasgramados.com.br\/Loja\/produto\/cloreto-de-potassio-25bkg\/#primaryimage"},"image":{"@id":"https:\/\/minasgramados.com.br\/Loja\/produto\/cloreto-de-potassio-25bkg\/#primaryimage"},"thumbnailUrl":"https:\/\/minasgramados.com.br\/Loja\/wp-content\/uploads\/2015\/10\/Pot\u00e1ssio-do-fertilizante.jpg","datePublished":"2015-10-18T19:33:22+00:00","dateModified":"2022-06-17T18:38:33+00:00","breadcrumb":{"@id":"https:\/\/minasgramados.com.br\/Loja\/produto\/cloreto-de-potassio-25bkg\/#breadcrumb"},"inLanguage":"pt-BR","potentialAction":[{"@type":"ReadAction","target":["https:\/\/minasgramados.com.br\/Loja\/produto\/cloreto-de-potassio-25bkg\/"]}]},{"@type":"ImageObject","inLanguage":"pt-BR","@id":"https:\/\/minasgramados.com.br\/Loja\/produto\/cloreto-de-potassio-25bkg\/#primaryimage","url":"https:\/\/minasgramados.com.br\/Loja\/wp-content\/uploads\/2015\/10\/Pot\u00e1ssio-do-fertilizante.jpg","contentUrl":"https:\/\/minasgramados.com.br\/Loja\/wp-content\/uploads\/2015\/10\/Pot\u00e1ssio-do-fertilizante.jpg","width":640,"height":425,"caption":"http:\/\/www.dreamstime.com\/royalty-free-stock-photography-fertilizer-potassium-image16612257"},{"@type":"BreadcrumbList","@id":"https:\/\/minasgramados.com.br\/Loja\/produto\/cloreto-de-potassio-25bkg\/#breadcrumb","itemListElement":[{"@type":"ListItem","position":1,"name":"In\u00edcio","item":"https:\/\/minasgramados.com.br\/Loja\/"},{"@type":"ListItem","position":2,"name":"Loja","item":"https:\/\/minasgramados.com.br\/Loja\/loja-modelo-03\/"},{"@type":"ListItem","position":3,"name":"Cloreto de Pot\u00e1ssio em p\u00f3 50KG"}]},{"@type":"WebSite","@id":"https:\/\/minasgramados.com.br\/Loja\/#website","url":"https:\/\/minasgramados.com.br\/Loja\/","name":"Minas Gramados - Paisagismo e Hidrossemeadura.","description":"Distribuidora de Gramas adubos sementes em Betim e no Brasil.","publisher":{"@id":"https:\/\/minasgramados.com.br\/Loja\/#organization"},"potentialAction":[{"@type":"SearchAction","target":{"@type":"EntryPoint","urlTemplate":"https:\/\/minasgramados.com.br\/Loja\/?s={search_term_string}"},"query-input":{"@type":"PropertyValueSpecification","valueRequired":true,"valueName":"search_term_string"}}],"inLanguage":"pt-BR"},{"@type":"Organization","@id":"https:\/\/minasgramados.com.br\/Loja\/#organization","name":"Minas Gramados - Paisagismo e Hidrossemeadura.","url":"https:\/\/minasgramados.com.br\/Loja\/","logo":{"@type":"ImageObject","inLanguage":"pt-BR","@id":"https:\/\/minasgramados.com.br\/Loja\/#\/schema\/logo\/image\/","url":"https:\/\/minasgramados.com.br\/Loja\/wp-content\/uploads\/2018\/06\/gramados-original-1.gif","contentUrl":"https:\/\/minasgramados.com.br\/Loja\/wp-content\/uploads\/2018\/06\/gramados-original-1.gif","width":600,"height":300,"caption":"Minas Gramados - Paisagismo e Hidrossemeadura."},"image":{"@id":"https:\/\/minasgramados.com.br\/Loja\/#\/schema\/logo\/image\/"}}]}},"_links":{"self":[{"href":"https:\/\/minasgramados.com.br\/Loja\/wp-json\/wp\/v2\/product\/1601","targetHints":{"allow":["GET"]}}],"collection":[{"href":"https:\/\/minasgramados.com.br\/Loja\/wp-json\/wp\/v2\/product"}],"about":[{"href":"https:\/\/minasgramados.com.br\/Loja\/wp-json\/wp\/v2\/types\/product"}],"wp:featuredmedia":[{"embeddable":true,"href":"https:\/\/minasgramados.com.br\/Loja\/wp-json\/wp\/v2\/media\/1605"}],"wp:attachment":[{"href":"https:\/\/minasgramados.com.br\/Loja\/wp-json\/wp\/v2\/media?parent=1601"}],"wp:term":[{"taxonomy":"product_brand","embeddable":true,"href":"https:\/\/minasgramados.com.br\/Loja\/wp-json\/wp\/v2\/product_brand?post=1601"},{"taxonomy":"product_cat","embeddable":true,"href":"https:\/\/minasgramados.com.br\/Loja\/wp-json\/wp\/v2\/product_cat?post=1601"},{"taxonomy":"product_tag","embeddable":true,"href":"https:\/\/minasgramados.com.br\/Loja\/wp-json\/wp\/v2\/product_tag?post=1601"}],"curies":[{"name":"wp","href":"https:\/\/api.w.org\/{rel}","templated":true}]}}