{"id":1657,"date":"2015-11-20T17:57:02","date_gmt":"2015-11-20T20:57:02","guid":{"rendered":"http:\/\/minasgramados.com.br\/Loja\/?post_type=product&#038;p=1657"},"modified":"2022-12-27T14:42:29","modified_gmt":"2022-12-27T17:42:29","slug":"fibramulch-especial-sacos-35-kg","status":"publish","type":"product","link":"https:\/\/minasgramados.com.br\/Loja\/produto\/fibramulch-especial-sacos-35-kg\/","title":{"rendered":"Fibramulch especial. (Sacos 50 LT)"},"content":{"rendered":"<p style=\"text-align: justify;\">FIBRAMULCH PARA REVEGETA\u00c7\u00c3O. (Sacos de 50Lt)<\/p>\n<p style=\"text-align: justify;\">O Fibramulch ou (Mulch) \u00e9 um composto rico em fibras vegetais e mat\u00e9ria org\u00e2nica, formando uma manta sobre o solo, protegendo as sementes e demais insumos da a\u00e7\u00e3o dos predadores e das intemp\u00e9ries; e o resultado deste m\u00e9todo de aplica\u00e7\u00e3o \u00e9 o fechamento r\u00e1pido da vegeta\u00e7\u00e3o e o desenvolvimento exuberante e vigoroso.<\/p>\n<p style=\"text-align: justify;\">EXPORTA\u00c7\u00c3O: \u00a0Caso alguma empresa Brasileira \u00a0ou n\u00e3o queira exportar esse produto ou outros que temos \u00e9 s\u00f3 nos consultar pois produzimos em grande escala dentro das melhores condi\u00e7\u00f5es comercias, e todo custo de exporta\u00e7\u00e3o fica por conta do cliente.<\/p>\n<p style=\"text-align: justify;\">COMPOSI\u00c7\u00c3O DO MULCH : Ele \u00e9 formado de 50% de fibra de celulose, 20% Fibra de Madeira, 20% de Esterco Bovino e 10% de Composto org\u00e2nico.<\/p>\n<p style=\"text-align: justify;\">OBS: Nosso Fibramulch precisa Acrescentar fixador AG60 ; um gel cola org\u00e2nico que fixa e mantem a humidade do solo para um melhor resultado de germina\u00e7\u00e3o das sementes.<\/p>\n<p style=\"text-align: justify;\">FIBRAMULCH PARA REVEGETA\u00c7\u00c3O. (Sacos de 20 ou 30KG)<\/p>\n<p style=\"text-align: justify;\">O Fibramulch ou (Mulch) \u00e9 um composto rico em fibras vegetais e mat\u00e9ria org\u00e2nica, formando uma manta sobre o solo, e o resultado deste m\u00e9todo de aplica\u00e7\u00e3o \u00e9 o fechamento r\u00e1pido da vegeta\u00e7\u00e3o e o desenvolvimento exuberante e vigoroso.<\/p>\n<p>* VEJA AS CONDI\u00c7\u00d5ES COMERCIAIS ABAIXO.<\/p>\n<p>* FIBRA MUCH\u00a0 VAREJO R$ 2,45 \/ ATACADO R$ 1,95KG<\/p>\n<p>*200 a 500 Sacos\u00a0 20 ou 30 KG &#8230;&#8230;&#8230;R$ 2,45 por KG C\/ NF<br \/>\n*501 a 800 Sacos 20 ou 30 KG &#8230;&#8230;&#8230;.R$ 2,25 por KG C\/ NF<br \/>\n*801 a 1000 Sacos 20 ou 30 KG &#8230;&#8230;&#8230;R$ 2,05 por KG C\/ NF<br \/>\n*1001 ou mais Sacos 20 ou 30 KG&#8230;&#8230;R$ 1,95 por KG C\/ NF<\/p>\n<p>*PEDIDO MINIMO 20 SACOS &#8211; R$ 2,45 KG<\/p>\n<p style=\"text-align: justify;\">CALCULO DO FIBRAMULCH PARA APLICA\u00c7\u00c3O.<\/p>\n<p style=\"text-align: justify;\">MULCH : S\u00e3o 3.000 KG para cada 10.000 M2<\/p>\n<p style=\"text-align: justify;\">CALCULO: 0,30 X \u00c1REA.<\/p>\n<p style=\"text-align: justify;\">FIBRAMULCH PARA REVEGETA\u00c7\u00c3O. (Sacos de 50Lt)<\/p>\n<p>*FRETE: FOB Conforme a localidade de entrega.<\/p>\n<p>VEJA AS QUANTIDADES PARA ENTREGA: Caminh\u00e3o Truck at\u00e9 160 fardos mais ou menos 12 toneladas , na Carreta uns 240 fardo mais ou menos 19 toneladas, e sem ser para exporta\u00e7\u00e3o chegamos a carregar 280 fardo em torno de 22 toneladas, entregamos em Minas Gerais , S\u00e3o Paulo e todos os estado do Brasil e aceitamos pedidos para exporta\u00e7\u00e3o consulte-nos.<\/p>\n<p style=\"text-align: justify;\">FORMAS DE PAGAMENTO: Entrada 50% do pedido e restante na entrega da mercadoria, ou restante no cart\u00e3o de cr\u00e9dito em at\u00e9 12x com juros taxas acess\u00edveis (Consulte taxas).<\/p>\n<p style=\"text-align: justify;\">OBS: Entregas m\u00ednima de 10 toneladas dentro de MG e outros estados favor consulte nosso SAC.<\/p>\n","protected":false},"excerpt":{"rendered":"<p style=\"text-align: justify;\">FIBRAMULCH PARA REVEGETA\u00c7\u00c3O. (Sacos de 50Lt)<\/p>\n<p style=\"text-align: justify;\">O Fibramulch ou (Mulch) \u00e9 um composto rico em fibras vegetais e mat\u00e9ria org\u00e2nica, formando uma manta sobre o solo, e o resultado deste m\u00e9todo de aplica\u00e7\u00e3o \u00e9 o fechamento r\u00e1pido da vegeta\u00e7\u00e3o e o desenvolvimento exuberante e vigoroso.<\/p>\n<p style=\"text-align: justify;\"><span style=\"color: #ff0000;\">Obs): Produto sobre encomenda com pedido m\u00ednimo para\u00a0 10 Toneladas, embalados em Sacos de rafia ou outro, pedidos\u00a0 por telefone \u00a0e mediante ordem de compra).<\/span><\/p>\n","protected":false},"featured_media":3126,"template":"","meta":{"_joinchat":[]},"product_brand":[],"product_cat":[37,9],"product_tag":[],"class_list":{"0":"post-1657","1":"product","2":"type-product","3":"status-publish","4":"has-post-thumbnail","6":"product_cat-fibramulch-e-fixa-gel-ag-60","7":"product_cat-hidrossemeadura","8":"entry","9":"has-media","11":"first","12":"outofstock","13":"sale","14":"shipping-taxable","15":"purchasable","16":"product-type-simple","17":"col","18":"wpex-woo-entry","19":"span_1_of_4"},"yoast_head":"<!-- This site is optimized with the Yoast SEO plugin v27.3 - https:\/\/yoast.com\/product\/yoast-seo-wordpress\/ -->\n<title>Fibramulch especial. (Sacos 35 KG) - Minas Gramados - Mulch S\u00e3o Paulo<\/title>\n<meta name=\"description\" content=\"O Fibramulch ou (Mulch) \u00e9 um composto rico em fibras vegetais e mat\u00e9ria org\u00e2nica, formando uma manta sobre o solo, protegendo as sementes e solo fica fertil\" \/>\n<meta name=\"robots\" content=\"index, follow, max-snippet:-1, max-image-preview:large, max-video-preview:-1\" \/>\n<link rel=\"canonical\" href=\"https:\/\/minasgramados.com.br\/Loja\/produto\/fibramulch-especial-sacos-35-kg\/\" \/>\n<meta name=\"twitter:card\" content=\"summary_large_image\" \/>\n<meta name=\"twitter:title\" content=\"Fibramulch especial. (Sacos 35 KG) - Minas Gramados - Mulch S\u00e3o Paulo\" \/>\n<meta name=\"twitter:description\" content=\"O Fibramulch ou (Mulch) \u00e9 um composto rico em fibras vegetais e mat\u00e9ria org\u00e2nica, formando uma manta sobre o solo, protegendo as sementes e solo fica fertil\" \/>\n<meta name=\"twitter:image\" content=\"https:\/\/minasgramados.com.br\/Loja\/wp-content\/uploads\/2015\/11\/FIBRAMULCH-PRONTO-SET-2022.jpeg\" \/>\n<meta name=\"twitter:label1\" content=\"Est. tempo de leitura\" \/>\n\t<meta name=\"twitter:data1\" content=\"3 minutos\" \/>\n<script type=\"application\/ld+json\" class=\"yoast-schema-graph\">{\"@context\":\"https:\\\/\\\/schema.org\",\"@graph\":[{\"@type\":\"WebPage\",\"@id\":\"https:\\\/\\\/minasgramados.com.br\\\/Loja\\\/produto\\\/fibramulch-especial-sacos-35-kg\\\/\",\"url\":\"https:\\\/\\\/minasgramados.com.br\\\/Loja\\\/produto\\\/fibramulch-especial-sacos-35-kg\\\/\",\"name\":\"Fibramulch especial. (Sacos 35 KG) - Minas Gramados - Mulch S\u00e3o Paulo\",\"isPartOf\":{\"@id\":\"https:\\\/\\\/minasgramados.com.br\\\/Loja\\\/#website\"},\"primaryImageOfPage\":{\"@id\":\"https:\\\/\\\/minasgramados.com.br\\\/Loja\\\/produto\\\/fibramulch-especial-sacos-35-kg\\\/#primaryimage\"},\"image\":{\"@id\":\"https:\\\/\\\/minasgramados.com.br\\\/Loja\\\/produto\\\/fibramulch-especial-sacos-35-kg\\\/#primaryimage\"},\"thumbnailUrl\":\"https:\\\/\\\/minasgramados.com.br\\\/Loja\\\/wp-content\\\/uploads\\\/2015\\\/11\\\/FIBRAMULCH-PRONTO-SET-2022.jpeg\",\"datePublished\":\"2015-11-20T20:57:02+00:00\",\"dateModified\":\"2022-12-27T17:42:29+00:00\",\"description\":\"O Fibramulch ou (Mulch) \u00e9 um composto rico em fibras vegetais e mat\u00e9ria org\u00e2nica, formando uma manta sobre o solo, protegendo as sementes e solo fica fertil\",\"breadcrumb\":{\"@id\":\"https:\\\/\\\/minasgramados.com.br\\\/Loja\\\/produto\\\/fibramulch-especial-sacos-35-kg\\\/#breadcrumb\"},\"inLanguage\":\"pt-BR\",\"potentialAction\":[{\"@type\":\"ReadAction\",\"target\":[\"https:\\\/\\\/minasgramados.com.br\\\/Loja\\\/produto\\\/fibramulch-especial-sacos-35-kg\\\/\"]}]},{\"@type\":\"ImageObject\",\"inLanguage\":\"pt-BR\",\"@id\":\"https:\\\/\\\/minasgramados.com.br\\\/Loja\\\/produto\\\/fibramulch-especial-sacos-35-kg\\\/#primaryimage\",\"url\":\"https:\\\/\\\/minasgramados.com.br\\\/Loja\\\/wp-content\\\/uploads\\\/2015\\\/11\\\/FIBRAMULCH-PRONTO-SET-2022.jpeg\",\"contentUrl\":\"https:\\\/\\\/minasgramados.com.br\\\/Loja\\\/wp-content\\\/uploads\\\/2015\\\/11\\\/FIBRAMULCH-PRONTO-SET-2022.jpeg\",\"width\":768,\"height\":824},{\"@type\":\"BreadcrumbList\",\"@id\":\"https:\\\/\\\/minasgramados.com.br\\\/Loja\\\/produto\\\/fibramulch-especial-sacos-35-kg\\\/#breadcrumb\",\"itemListElement\":[{\"@type\":\"ListItem\",\"position\":1,\"name\":\"In\u00edcio\",\"item\":\"https:\\\/\\\/minasgramados.com.br\\\/Loja\\\/\"},{\"@type\":\"ListItem\",\"position\":2,\"name\":\"Loja\",\"item\":\"https:\\\/\\\/minasgramados.com.br\\\/Loja\\\/loja-modelo-03\\\/\"},{\"@type\":\"ListItem\",\"position\":3,\"name\":\"Fibramulch especial. (Sacos 50 LT)\"}]},{\"@type\":\"WebSite\",\"@id\":\"https:\\\/\\\/minasgramados.com.br\\\/Loja\\\/#website\",\"url\":\"https:\\\/\\\/minasgramados.com.br\\\/Loja\\\/\",\"name\":\"Minas Gramados - Paisagismo e Hidrossemeadura.\",\"description\":\"Distribuidora de Gramas adubos sementes em Betim e no Brasil.\",\"publisher\":{\"@id\":\"https:\\\/\\\/minasgramados.com.br\\\/Loja\\\/#organization\"},\"potentialAction\":[{\"@type\":\"SearchAction\",\"target\":{\"@type\":\"EntryPoint\",\"urlTemplate\":\"https:\\\/\\\/minasgramados.com.br\\\/Loja\\\/?s={search_term_string}\"},\"query-input\":{\"@type\":\"PropertyValueSpecification\",\"valueRequired\":true,\"valueName\":\"search_term_string\"}}],\"inLanguage\":\"pt-BR\"},{\"@type\":\"Organization\",\"@id\":\"https:\\\/\\\/minasgramados.com.br\\\/Loja\\\/#organization\",\"name\":\"Minas Gramados - Paisagismo e Hidrossemeadura.\",\"url\":\"https:\\\/\\\/minasgramados.com.br\\\/Loja\\\/\",\"logo\":{\"@type\":\"ImageObject\",\"inLanguage\":\"pt-BR\",\"@id\":\"https:\\\/\\\/minasgramados.com.br\\\/Loja\\\/#\\\/schema\\\/logo\\\/image\\\/\",\"url\":\"https:\\\/\\\/minasgramados.com.br\\\/Loja\\\/wp-content\\\/uploads\\\/2018\\\/06\\\/gramados-original-1.gif\",\"contentUrl\":\"https:\\\/\\\/minasgramados.com.br\\\/Loja\\\/wp-content\\\/uploads\\\/2018\\\/06\\\/gramados-original-1.gif\",\"width\":600,\"height\":300,\"caption\":\"Minas Gramados - Paisagismo e Hidrossemeadura.\"},\"image\":{\"@id\":\"https:\\\/\\\/minasgramados.com.br\\\/Loja\\\/#\\\/schema\\\/logo\\\/image\\\/\"}}]}<\/script>\n<!-- \/ Yoast SEO plugin. -->","yoast_head_json":{"title":"Fibramulch especial. (Sacos 35 KG) - Minas Gramados - Mulch S\u00e3o Paulo","description":"O Fibramulch ou (Mulch) \u00e9 um composto rico em fibras vegetais e mat\u00e9ria org\u00e2nica, formando uma manta sobre o solo, protegendo as sementes e solo fica fertil","robots":{"index":"index","follow":"follow","max-snippet":"max-snippet:-1","max-image-preview":"max-image-preview:large","max-video-preview":"max-video-preview:-1"},"canonical":"https:\/\/minasgramados.com.br\/Loja\/produto\/fibramulch-especial-sacos-35-kg\/","twitter_card":"summary_large_image","twitter_title":"Fibramulch especial. (Sacos 35 KG) - Minas Gramados - Mulch S\u00e3o Paulo","twitter_description":"O Fibramulch ou (Mulch) \u00e9 um composto rico em fibras vegetais e mat\u00e9ria org\u00e2nica, formando uma manta sobre o solo, protegendo as sementes e solo fica fertil","twitter_image":"https:\/\/minasgramados.com.br\/Loja\/wp-content\/uploads\/2015\/11\/FIBRAMULCH-PRONTO-SET-2022.jpeg","twitter_misc":{"Est. tempo de leitura":"3 minutos"},"schema":{"@context":"https:\/\/schema.org","@graph":[{"@type":"WebPage","@id":"https:\/\/minasgramados.com.br\/Loja\/produto\/fibramulch-especial-sacos-35-kg\/","url":"https:\/\/minasgramados.com.br\/Loja\/produto\/fibramulch-especial-sacos-35-kg\/","name":"Fibramulch especial. (Sacos 35 KG) - Minas Gramados - Mulch S\u00e3o Paulo","isPartOf":{"@id":"https:\/\/minasgramados.com.br\/Loja\/#website"},"primaryImageOfPage":{"@id":"https:\/\/minasgramados.com.br\/Loja\/produto\/fibramulch-especial-sacos-35-kg\/#primaryimage"},"image":{"@id":"https:\/\/minasgramados.com.br\/Loja\/produto\/fibramulch-especial-sacos-35-kg\/#primaryimage"},"thumbnailUrl":"https:\/\/minasgramados.com.br\/Loja\/wp-content\/uploads\/2015\/11\/FIBRAMULCH-PRONTO-SET-2022.jpeg","datePublished":"2015-11-20T20:57:02+00:00","dateModified":"2022-12-27T17:42:29+00:00","description":"O Fibramulch ou (Mulch) \u00e9 um composto rico em fibras vegetais e mat\u00e9ria org\u00e2nica, formando uma manta sobre o solo, protegendo as sementes e solo fica fertil","breadcrumb":{"@id":"https:\/\/minasgramados.com.br\/Loja\/produto\/fibramulch-especial-sacos-35-kg\/#breadcrumb"},"inLanguage":"pt-BR","potentialAction":[{"@type":"ReadAction","target":["https:\/\/minasgramados.com.br\/Loja\/produto\/fibramulch-especial-sacos-35-kg\/"]}]},{"@type":"ImageObject","inLanguage":"pt-BR","@id":"https:\/\/minasgramados.com.br\/Loja\/produto\/fibramulch-especial-sacos-35-kg\/#primaryimage","url":"https:\/\/minasgramados.com.br\/Loja\/wp-content\/uploads\/2015\/11\/FIBRAMULCH-PRONTO-SET-2022.jpeg","contentUrl":"https:\/\/minasgramados.com.br\/Loja\/wp-content\/uploads\/2015\/11\/FIBRAMULCH-PRONTO-SET-2022.jpeg","width":768,"height":824},{"@type":"BreadcrumbList","@id":"https:\/\/minasgramados.com.br\/Loja\/produto\/fibramulch-especial-sacos-35-kg\/#breadcrumb","itemListElement":[{"@type":"ListItem","position":1,"name":"In\u00edcio","item":"https:\/\/minasgramados.com.br\/Loja\/"},{"@type":"ListItem","position":2,"name":"Loja","item":"https:\/\/minasgramados.com.br\/Loja\/loja-modelo-03\/"},{"@type":"ListItem","position":3,"name":"Fibramulch especial. (Sacos 50 LT)"}]},{"@type":"WebSite","@id":"https:\/\/minasgramados.com.br\/Loja\/#website","url":"https:\/\/minasgramados.com.br\/Loja\/","name":"Minas Gramados - Paisagismo e Hidrossemeadura.","description":"Distribuidora de Gramas adubos sementes em Betim e no Brasil.","publisher":{"@id":"https:\/\/minasgramados.com.br\/Loja\/#organization"},"potentialAction":[{"@type":"SearchAction","target":{"@type":"EntryPoint","urlTemplate":"https:\/\/minasgramados.com.br\/Loja\/?s={search_term_string}"},"query-input":{"@type":"PropertyValueSpecification","valueRequired":true,"valueName":"search_term_string"}}],"inLanguage":"pt-BR"},{"@type":"Organization","@id":"https:\/\/minasgramados.com.br\/Loja\/#organization","name":"Minas Gramados - Paisagismo e Hidrossemeadura.","url":"https:\/\/minasgramados.com.br\/Loja\/","logo":{"@type":"ImageObject","inLanguage":"pt-BR","@id":"https:\/\/minasgramados.com.br\/Loja\/#\/schema\/logo\/image\/","url":"https:\/\/minasgramados.com.br\/Loja\/wp-content\/uploads\/2018\/06\/gramados-original-1.gif","contentUrl":"https:\/\/minasgramados.com.br\/Loja\/wp-content\/uploads\/2018\/06\/gramados-original-1.gif","width":600,"height":300,"caption":"Minas Gramados - Paisagismo e Hidrossemeadura."},"image":{"@id":"https:\/\/minasgramados.com.br\/Loja\/#\/schema\/logo\/image\/"}}]}},"_links":{"self":[{"href":"https:\/\/minasgramados.com.br\/Loja\/wp-json\/wp\/v2\/product\/1657","targetHints":{"allow":["GET"]}}],"collection":[{"href":"https:\/\/minasgramados.com.br\/Loja\/wp-json\/wp\/v2\/product"}],"about":[{"href":"https:\/\/minasgramados.com.br\/Loja\/wp-json\/wp\/v2\/types\/product"}],"wp:featuredmedia":[{"embeddable":true,"href":"https:\/\/minasgramados.com.br\/Loja\/wp-json\/wp\/v2\/media\/3126"}],"wp:attachment":[{"href":"https:\/\/minasgramados.com.br\/Loja\/wp-json\/wp\/v2\/media?parent=1657"}],"wp:term":[{"taxonomy":"product_brand","embeddable":true,"href":"https:\/\/minasgramados.com.br\/Loja\/wp-json\/wp\/v2\/product_brand?post=1657"},{"taxonomy":"product_cat","embeddable":true,"href":"https:\/\/minasgramados.com.br\/Loja\/wp-json\/wp\/v2\/product_cat?post=1657"},{"taxonomy":"product_tag","embeddable":true,"href":"https:\/\/minasgramados.com.br\/Loja\/wp-json\/wp\/v2\/product_tag?post=1657"}],"curies":[{"name":"wp","href":"https:\/\/api.w.org\/{rel}","templated":true}]}}