{"id":1674,"date":"2015-11-21T17:15:59","date_gmt":"2015-11-21T20:15:59","guid":{"rendered":"http:\/\/minasgramados.com.br\/Loja\/?post_type=product&#038;p=1674"},"modified":"2025-07-23T18:08:32","modified_gmt":"2025-07-23T21:08:32","slug":"fixa-gel-ag-60-polimero-5-kg","status":"publish","type":"product","link":"https:\/\/minasgramados.com.br\/Loja\/produto\/fixa-gel-ag-60-polimero-5-kg\/","title":{"rendered":"HIDROGEL AG-60 P\u00f3 Sol\u00favel para Hidrossemeadura."},"content":{"rendered":"<p style=\"text-align: justify;\"><strong>O AG-60:<\/strong> \u00c9 um p\u00f3 sol\u00favel em \u00e1gua, que faz com que ela fique viscosa, reduzindo sua velocidade de percola\u00e7\u00e3o, al\u00e9m de aglutinar finas part\u00edculas suspensas no sol de modo a estabilizar sua estrutura, por ser utilizado em todas as irriga\u00e7\u00f5es feitas na cultura, oferecemos ele em p\u00f3 e Emuls\u00e3o, gal\u00f5es de 20 Litros dele em emuls\u00e3o.<\/p>\n<p style=\"text-align: justify;\"><strong>SUAS VANTAGENS:<\/strong><\/p>\n<p style=\"text-align: justify;\">-Combate a eros\u00e3o do solo.<br \/>\n-Aumenta da infiltra\u00e7\u00e3o de \u00e1gua no solo.<br \/>\n-Maior efici\u00eancia na irriga\u00e7\u00e3o.<br \/>\n-Melhor aproveitamento de \u00e1gua pelas plantas.<br \/>\n-Redu\u00e7\u00e3o de 20% a 50% do volume de \u00e1gua utilizado na irriga\u00e7\u00e3o.<br \/>\n-Menor perda de nutrientes e defensivos por escorrimento da \u00e1gua da superf\u00edcie e por lixivia\u00e7\u00e3o.<br \/>\n-Produto complementar \u00e0 linha de plantio, de forma que se tenha maior garantia de fornecimento adequado de \u00e1gua e melhor desenvolvimento da cultura durante o ciclo.<\/p>\n<p style=\"text-align: justify;\"><strong>APLICA\u00c7\u00c3O:<\/strong> Estaremos sempre \u00e0 sua disposi\u00e7\u00e3o para garantir o uso adequado do produto, determinando a melhor faixa de dosagem e ponto de aplica\u00e7\u00e3o, obtendo a m\u00e1xima performance do mesmo. Fazer uso de bombas centr\u00edfugas e de engrenagem para transfer\u00eancia do produto. Bombas de pist\u00e3o ou helicoidais s\u00e3o ideais para a aplica\u00e7\u00e3o do pol\u00edmero.<\/p>\n<p style=\"text-align: justify;\"><strong>PARA AGRICULTURA:<\/strong> Misturar de 50 a 70g do Fixa Gel AG-60 pol\u00edmero a cada 1000 Litros de \u00e1gua,<\/p>\n<p>E Por ele ser um aglomerante org\u00e2nico, recomendamos misturar de 100 a 105 grs do AG-60 pol\u00edmero a cada 1000 Litros de \u00e1gua para aplica\u00e7\u00f5es em taludes para controle de eros\u00e3o, controle de arraste e\u00f3lico em pilhas de finos de min\u00e9rio, carv\u00e3o, material fino em geral, assim como fixador em aplica\u00e7\u00f5es de hidro-semeadura.<\/p>\n<p><strong>CALCULO DO FIXA GEL AG-60 PARA APLICA\u00c7\u00c3O EM HIDROSSEMEADURA.<\/strong><\/p>\n<p style=\"text-align: justify;\"><strong>QUANTIDADE POR CAMINH\u00c3O PIPA:<\/strong> Mistura de \u00a001 a \u00a01,05 KG do Fixa Gel AG-60 por Caminh\u00e3o de \u00a08 a 10 Mil Litros de \u00c1gua.<\/p>\n<p style=\"text-align: justify;\"><strong>ESTOCAGEM E MANUSEIO:<\/strong> O produto dever\u00e1 ser estocado em local seco e coberto. N\u00e3o estocar o produto em \u00e1rea aberta. Ocorrendo derramamento, limpar rapidamente o local, pois o piso torna-se escorregadio, principalmente, em contato com a \u00e1gua. Antes de utilizar este produto, leia o r\u00f3tulo e a Ficha de Informa\u00e7\u00f5es de Seguran\u00e7a de Produtos Qu\u00edmicos &#8211; FISPQ.<\/p>\n<p style=\"text-align: justify;\"><strong>FISPQ<\/strong> \u2013 Ficha de Informa\u00e7\u00e3o de Seguran\u00e7a para Produto Qu\u00edmico: Este boletim \u00e9 de car\u00e1ter informativo, n\u00e3o deve ser usado como especifica\u00e7\u00e3o, podendo ser alterado a qualquer momento, sem pr\u00e9vio aviso.<\/p>\n<p style=\"text-align: justify;\"><strong>OBS:<\/strong> A Venda m\u00ednima do Fixa Gel AG-60 \u00e9 de 01 Gal\u00e3o de 05 KG ; e os pedidos de 05 Gal\u00f5es ou mais devem ser com no m\u00ednimo de 3 a 5 dias de anteced\u00eancia, consulte nosso SAC e tire suas d\u00favidas.<\/p>\n<p><strong>ATEN\u00c7\u00c3O: <\/strong>Prezados<strong> GOMA XANTANA <\/strong>\u00a0\u00e9 um aditivo alimentar natural e n\u00e3o \u00e9 usado como adesivo org\u00e2nico para aplicar em hidro-semeadura, conforme explicado abaixo.<\/p>\n<p><strong>DESCRI\u00c7\u00c3O:<\/strong> A Goma xantana \u00e9 um aditivo alimentar natural utilizado na fabrica\u00e7\u00e3o de diversos produtos. \u00c9 um <strong>polissacar\u00eddeo<\/strong> obtido pela fermenta\u00e7\u00e3o de cereais e feito quando o a\u00e7\u00facar \u00e9 fermentado por um tipo de bact\u00e9ria n\u00e3o patog\u00eanica chamada <strong>Xanthomonas Campestris<\/strong>. <strong>( E sem contar que \u00e9\u00a0 car\u00edssimo)\u00a0<\/strong><\/p>\n<p><strong>HIDROGEL PARA PLANTIO DE MUDAS EM GERAL.<\/strong><\/p>\n<p><strong>VANTAGENS DO PRODUTO<\/strong>: At\u00f3xico, biodegrad\u00e1vel, combate a eros\u00e3o do solo, melhora as propriedades f\u00edsicas do solo deixando &#8211; os mais arejados, aumenta a infiltra\u00e7\u00e3o da \u00e1gua no solo, menores perdas de nutrientes e defensivos por escorrimento da \u00e1gua de superf\u00edcie, reduz lixivia\u00e7\u00e3o, redu\u00e7\u00e3o de irriga\u00e7\u00e3o em at\u00e9 50%, redu\u00e7\u00e3o de perdas de mudas no plantio, diminui o estresse h\u00eddrico pelas plantas, etc.<\/p>\n<p><strong>*CUIDADOS:<\/strong> Utilize sempre \u00f3culos de seguran\u00e7a, m\u00e1scaras e luvas durante a manipula\u00e7\u00e3o do produto e mantenha longe do alcance de crian\u00e7as e animais.<\/p>\n<p>*<strong>CALCULO HIDROGEL PLANTIO MUDAS.<\/strong><\/p>\n<p><strong>*01 kg<\/strong> para 200 litros de \u00e1gua do gel hidratado meio litro por cova para\u00a0 legumes.<\/p>\n<p><strong>*15 kg<\/strong> por hectare hidratar o gel e aplicar para Plantio de gramas como esmeralda, S\u00e3o Carlos, Bermuda entre outras.<\/p>\n<p><strong>*01 kg<\/strong> para 200 litros de \u00e1gua do gel hidratado 1 kg por cova para \u00e1rvores nativas frut\u00edferas s\u00e3o a mesma dosagem.<\/p>\n<p><strong>*TAMANHO DA EMBALAGENS:<\/strong> Sacos de 20kg.<\/p>\n<p>*<strong> VALOR DE REVENDA POR SACO DE 20 KG<\/strong><\/p>\n<p>&#8211;<strong>VALOR POR KG:<\/strong> Varejo: R<strong>$79,90<\/strong>\u00a0\/ Atacado: <strong>R$ 75,50<\/strong> &#8211; Pedido m\u00ednimo de 25 kg<\/p>\n","protected":false},"excerpt":{"rendered":"<p style=\"text-align: justify;\"><strong>O Fixa Gel AG-60<\/strong>\u00a0\u00e9 um p\u00f3 sol\u00favel em \u00e1gua, que faz com que ela fique viscosa, reduzindo sua velocidade de percola\u00e7\u00e3o, al\u00e9m de aglutinar finas part\u00edculas suspensas no solo, de modo a estabilizar sua estrutura, por ser utilizado em todas as irriga\u00e7\u00f5es feitas na cultura, sendo usado para hidro-semeadura, Eros\u00f5es de taludes e em mineradoras, oferecemos ele em P\u00f3 e Emuls\u00e3o. <strong>(Pre\u00e7o acima v\u00e1lido para 01 Gal\u00e3o de 5 KG).<\/strong>\u00a0<strong>(Obs.):<\/strong> Consulte-nos sobre o estoque; sua venda \u00e9 somente por telefone via ordem de compra.<\/p>\n","protected":false},"featured_media":1675,"template":"","meta":{"_joinchat":[]},"product_brand":[],"product_cat":[37,9],"product_tag":[],"class_list":{"0":"post-1674","1":"product","2":"type-product","3":"status-publish","4":"has-post-thumbnail","6":"product_cat-fibramulch-e-fixa-gel-ag-60","7":"product_cat-hidrossemeadura","8":"product_shipping_class-transportadora","9":"entry","10":"has-media","12":"first","13":"outofstock","14":"sale","15":"shipping-taxable","16":"purchasable","17":"product-type-simple","18":"col","19":"wpex-woo-entry","20":"span_1_of_4"},"yoast_head":"<!-- This site is optimized with the Yoast SEO plugin v27.3 - https:\/\/yoast.com\/product\/yoast-seo-wordpress\/ -->\n<title>HIDROGEL AG-60 Pol\u00edmero (5KG) Gel fixador<\/title>\n<meta name=\"description\" content=\"O HIDROGEL AG 60 \u00c9 um pol\u00edmero sol\u00favel em \u00e1gua que faz com que ela fique viscosa, reduzindo sua velocidade de percola\u00e7\u00e3o, utilizado na agricultura.\" \/>\n<meta name=\"robots\" content=\"index, follow, max-snippet:-1, max-image-preview:large, max-video-preview:-1\" \/>\n<link rel=\"canonical\" href=\"https:\/\/minasgramados.com.br\/Loja\/produto\/fixa-gel-ag-60-polimero-5-kg\/\" \/>\n<meta name=\"twitter:card\" content=\"summary_large_image\" \/>\n<meta name=\"twitter:title\" content=\"HIDROGEL AG-60 Pol\u00edmero (5KG) Gel fixador\" \/>\n<meta name=\"twitter:description\" content=\"O HIDROGEL AG 60 \u00c9 um pol\u00edmero sol\u00favel em \u00e1gua que faz com que ela fique viscosa, reduzindo sua velocidade de percola\u00e7\u00e3o, utilizado na agricultura.\" \/>\n<meta name=\"twitter:image\" content=\"https:\/\/minasgramados.com.br\/Loja\/wp-content\/uploads\/2015\/11\/AG-60-POLIMERO-2015.jpg\" \/>\n<meta name=\"twitter:label1\" content=\"Est. tempo de leitura\" \/>\n\t<meta name=\"twitter:data1\" content=\"4 minutos\" \/>\n<script type=\"application\/ld+json\" class=\"yoast-schema-graph\">{\"@context\":\"https:\\\/\\\/schema.org\",\"@graph\":[{\"@type\":\"WebPage\",\"@id\":\"https:\\\/\\\/minasgramados.com.br\\\/Loja\\\/produto\\\/fixa-gel-ag-60-polimero-5-kg\\\/\",\"url\":\"https:\\\/\\\/minasgramados.com.br\\\/Loja\\\/produto\\\/fixa-gel-ag-60-polimero-5-kg\\\/\",\"name\":\"HIDROGEL AG-60 Pol\u00edmero (5KG) Gel fixador\",\"isPartOf\":{\"@id\":\"https:\\\/\\\/minasgramados.com.br\\\/Loja\\\/#website\"},\"primaryImageOfPage\":{\"@id\":\"https:\\\/\\\/minasgramados.com.br\\\/Loja\\\/produto\\\/fixa-gel-ag-60-polimero-5-kg\\\/#primaryimage\"},\"image\":{\"@id\":\"https:\\\/\\\/minasgramados.com.br\\\/Loja\\\/produto\\\/fixa-gel-ag-60-polimero-5-kg\\\/#primaryimage\"},\"thumbnailUrl\":\"https:\\\/\\\/minasgramados.com.br\\\/Loja\\\/wp-content\\\/uploads\\\/2015\\\/11\\\/AG-60-POLIMERO-2015.jpg\",\"datePublished\":\"2015-11-21T20:15:59+00:00\",\"dateModified\":\"2025-07-23T21:08:32+00:00\",\"description\":\"O HIDROGEL AG 60 \u00c9 um pol\u00edmero sol\u00favel em \u00e1gua que faz com que ela fique viscosa, reduzindo sua velocidade de percola\u00e7\u00e3o, utilizado na agricultura.\",\"breadcrumb\":{\"@id\":\"https:\\\/\\\/minasgramados.com.br\\\/Loja\\\/produto\\\/fixa-gel-ag-60-polimero-5-kg\\\/#breadcrumb\"},\"inLanguage\":\"pt-BR\",\"potentialAction\":[{\"@type\":\"ReadAction\",\"target\":[\"https:\\\/\\\/minasgramados.com.br\\\/Loja\\\/produto\\\/fixa-gel-ag-60-polimero-5-kg\\\/\"]}]},{\"@type\":\"ImageObject\",\"inLanguage\":\"pt-BR\",\"@id\":\"https:\\\/\\\/minasgramados.com.br\\\/Loja\\\/produto\\\/fixa-gel-ag-60-polimero-5-kg\\\/#primaryimage\",\"url\":\"https:\\\/\\\/minasgramados.com.br\\\/Loja\\\/wp-content\\\/uploads\\\/2015\\\/11\\\/AG-60-POLIMERO-2015.jpg\",\"contentUrl\":\"https:\\\/\\\/minasgramados.com.br\\\/Loja\\\/wp-content\\\/uploads\\\/2015\\\/11\\\/AG-60-POLIMERO-2015.jpg\",\"width\":573,\"height\":480},{\"@type\":\"BreadcrumbList\",\"@id\":\"https:\\\/\\\/minasgramados.com.br\\\/Loja\\\/produto\\\/fixa-gel-ag-60-polimero-5-kg\\\/#breadcrumb\",\"itemListElement\":[{\"@type\":\"ListItem\",\"position\":1,\"name\":\"In\u00edcio\",\"item\":\"https:\\\/\\\/minasgramados.com.br\\\/Loja\\\/\"},{\"@type\":\"ListItem\",\"position\":2,\"name\":\"Loja\",\"item\":\"https:\\\/\\\/minasgramados.com.br\\\/Loja\\\/loja-modelo-03\\\/\"},{\"@type\":\"ListItem\",\"position\":3,\"name\":\"HIDROGEL AG-60 P\u00f3 Sol\u00favel para Hidrossemeadura.\"}]},{\"@type\":\"WebSite\",\"@id\":\"https:\\\/\\\/minasgramados.com.br\\\/Loja\\\/#website\",\"url\":\"https:\\\/\\\/minasgramados.com.br\\\/Loja\\\/\",\"name\":\"Minas Gramados - Paisagismo e Hidrossemeadura.\",\"description\":\"Distribuidora de Gramas adubos sementes em Betim e no Brasil.\",\"publisher\":{\"@id\":\"https:\\\/\\\/minasgramados.com.br\\\/Loja\\\/#organization\"},\"potentialAction\":[{\"@type\":\"SearchAction\",\"target\":{\"@type\":\"EntryPoint\",\"urlTemplate\":\"https:\\\/\\\/minasgramados.com.br\\\/Loja\\\/?s={search_term_string}\"},\"query-input\":{\"@type\":\"PropertyValueSpecification\",\"valueRequired\":true,\"valueName\":\"search_term_string\"}}],\"inLanguage\":\"pt-BR\"},{\"@type\":\"Organization\",\"@id\":\"https:\\\/\\\/minasgramados.com.br\\\/Loja\\\/#organization\",\"name\":\"Minas Gramados - Paisagismo e Hidrossemeadura.\",\"url\":\"https:\\\/\\\/minasgramados.com.br\\\/Loja\\\/\",\"logo\":{\"@type\":\"ImageObject\",\"inLanguage\":\"pt-BR\",\"@id\":\"https:\\\/\\\/minasgramados.com.br\\\/Loja\\\/#\\\/schema\\\/logo\\\/image\\\/\",\"url\":\"https:\\\/\\\/minasgramados.com.br\\\/Loja\\\/wp-content\\\/uploads\\\/2018\\\/06\\\/gramados-original-1.gif\",\"contentUrl\":\"https:\\\/\\\/minasgramados.com.br\\\/Loja\\\/wp-content\\\/uploads\\\/2018\\\/06\\\/gramados-original-1.gif\",\"width\":600,\"height\":300,\"caption\":\"Minas Gramados - Paisagismo e Hidrossemeadura.\"},\"image\":{\"@id\":\"https:\\\/\\\/minasgramados.com.br\\\/Loja\\\/#\\\/schema\\\/logo\\\/image\\\/\"}}]}<\/script>\n<!-- \/ Yoast SEO plugin. -->","yoast_head_json":{"title":"HIDROGEL AG-60 Pol\u00edmero (5KG) Gel fixador","description":"O HIDROGEL AG 60 \u00c9 um pol\u00edmero sol\u00favel em \u00e1gua que faz com que ela fique viscosa, reduzindo sua velocidade de percola\u00e7\u00e3o, utilizado na agricultura.","robots":{"index":"index","follow":"follow","max-snippet":"max-snippet:-1","max-image-preview":"max-image-preview:large","max-video-preview":"max-video-preview:-1"},"canonical":"https:\/\/minasgramados.com.br\/Loja\/produto\/fixa-gel-ag-60-polimero-5-kg\/","twitter_card":"summary_large_image","twitter_title":"HIDROGEL AG-60 Pol\u00edmero (5KG) Gel fixador","twitter_description":"O HIDROGEL AG 60 \u00c9 um pol\u00edmero sol\u00favel em \u00e1gua que faz com que ela fique viscosa, reduzindo sua velocidade de percola\u00e7\u00e3o, utilizado na agricultura.","twitter_image":"https:\/\/minasgramados.com.br\/Loja\/wp-content\/uploads\/2015\/11\/AG-60-POLIMERO-2015.jpg","twitter_misc":{"Est. tempo de leitura":"4 minutos"},"schema":{"@context":"https:\/\/schema.org","@graph":[{"@type":"WebPage","@id":"https:\/\/minasgramados.com.br\/Loja\/produto\/fixa-gel-ag-60-polimero-5-kg\/","url":"https:\/\/minasgramados.com.br\/Loja\/produto\/fixa-gel-ag-60-polimero-5-kg\/","name":"HIDROGEL AG-60 Pol\u00edmero (5KG) Gel fixador","isPartOf":{"@id":"https:\/\/minasgramados.com.br\/Loja\/#website"},"primaryImageOfPage":{"@id":"https:\/\/minasgramados.com.br\/Loja\/produto\/fixa-gel-ag-60-polimero-5-kg\/#primaryimage"},"image":{"@id":"https:\/\/minasgramados.com.br\/Loja\/produto\/fixa-gel-ag-60-polimero-5-kg\/#primaryimage"},"thumbnailUrl":"https:\/\/minasgramados.com.br\/Loja\/wp-content\/uploads\/2015\/11\/AG-60-POLIMERO-2015.jpg","datePublished":"2015-11-21T20:15:59+00:00","dateModified":"2025-07-23T21:08:32+00:00","description":"O HIDROGEL AG 60 \u00c9 um pol\u00edmero sol\u00favel em \u00e1gua que faz com que ela fique viscosa, reduzindo sua velocidade de percola\u00e7\u00e3o, utilizado na agricultura.","breadcrumb":{"@id":"https:\/\/minasgramados.com.br\/Loja\/produto\/fixa-gel-ag-60-polimero-5-kg\/#breadcrumb"},"inLanguage":"pt-BR","potentialAction":[{"@type":"ReadAction","target":["https:\/\/minasgramados.com.br\/Loja\/produto\/fixa-gel-ag-60-polimero-5-kg\/"]}]},{"@type":"ImageObject","inLanguage":"pt-BR","@id":"https:\/\/minasgramados.com.br\/Loja\/produto\/fixa-gel-ag-60-polimero-5-kg\/#primaryimage","url":"https:\/\/minasgramados.com.br\/Loja\/wp-content\/uploads\/2015\/11\/AG-60-POLIMERO-2015.jpg","contentUrl":"https:\/\/minasgramados.com.br\/Loja\/wp-content\/uploads\/2015\/11\/AG-60-POLIMERO-2015.jpg","width":573,"height":480},{"@type":"BreadcrumbList","@id":"https:\/\/minasgramados.com.br\/Loja\/produto\/fixa-gel-ag-60-polimero-5-kg\/#breadcrumb","itemListElement":[{"@type":"ListItem","position":1,"name":"In\u00edcio","item":"https:\/\/minasgramados.com.br\/Loja\/"},{"@type":"ListItem","position":2,"name":"Loja","item":"https:\/\/minasgramados.com.br\/Loja\/loja-modelo-03\/"},{"@type":"ListItem","position":3,"name":"HIDROGEL AG-60 P\u00f3 Sol\u00favel para Hidrossemeadura."}]},{"@type":"WebSite","@id":"https:\/\/minasgramados.com.br\/Loja\/#website","url":"https:\/\/minasgramados.com.br\/Loja\/","name":"Minas Gramados - Paisagismo e Hidrossemeadura.","description":"Distribuidora de Gramas adubos sementes em Betim e no Brasil.","publisher":{"@id":"https:\/\/minasgramados.com.br\/Loja\/#organization"},"potentialAction":[{"@type":"SearchAction","target":{"@type":"EntryPoint","urlTemplate":"https:\/\/minasgramados.com.br\/Loja\/?s={search_term_string}"},"query-input":{"@type":"PropertyValueSpecification","valueRequired":true,"valueName":"search_term_string"}}],"inLanguage":"pt-BR"},{"@type":"Organization","@id":"https:\/\/minasgramados.com.br\/Loja\/#organization","name":"Minas Gramados - Paisagismo e Hidrossemeadura.","url":"https:\/\/minasgramados.com.br\/Loja\/","logo":{"@type":"ImageObject","inLanguage":"pt-BR","@id":"https:\/\/minasgramados.com.br\/Loja\/#\/schema\/logo\/image\/","url":"https:\/\/minasgramados.com.br\/Loja\/wp-content\/uploads\/2018\/06\/gramados-original-1.gif","contentUrl":"https:\/\/minasgramados.com.br\/Loja\/wp-content\/uploads\/2018\/06\/gramados-original-1.gif","width":600,"height":300,"caption":"Minas Gramados - Paisagismo e Hidrossemeadura."},"image":{"@id":"https:\/\/minasgramados.com.br\/Loja\/#\/schema\/logo\/image\/"}}]}},"_links":{"self":[{"href":"https:\/\/minasgramados.com.br\/Loja\/wp-json\/wp\/v2\/product\/1674","targetHints":{"allow":["GET"]}}],"collection":[{"href":"https:\/\/minasgramados.com.br\/Loja\/wp-json\/wp\/v2\/product"}],"about":[{"href":"https:\/\/minasgramados.com.br\/Loja\/wp-json\/wp\/v2\/types\/product"}],"wp:featuredmedia":[{"embeddable":true,"href":"https:\/\/minasgramados.com.br\/Loja\/wp-json\/wp\/v2\/media\/1675"}],"wp:attachment":[{"href":"https:\/\/minasgramados.com.br\/Loja\/wp-json\/wp\/v2\/media?parent=1674"}],"wp:term":[{"taxonomy":"product_brand","embeddable":true,"href":"https:\/\/minasgramados.com.br\/Loja\/wp-json\/wp\/v2\/product_brand?post=1674"},{"taxonomy":"product_cat","embeddable":true,"href":"https:\/\/minasgramados.com.br\/Loja\/wp-json\/wp\/v2\/product_cat?post=1674"},{"taxonomy":"product_tag","embeddable":true,"href":"https:\/\/minasgramados.com.br\/Loja\/wp-json\/wp\/v2\/product_tag?post=1674"}],"curies":[{"name":"wp","href":"https:\/\/api.w.org\/{rel}","templated":true}]}}