{"id":1723,"date":"2016-01-09T17:20:35","date_gmt":"2016-01-09T20:20:35","guid":{"rendered":"http:\/\/minasgramados.com.br\/Loja\/?post_type=product&#038;p=1723"},"modified":"2023-11-18T10:12:20","modified_gmt":"2023-11-18T13:12:20","slug":"argila-expandida-saco-50-lt","status":"publish","type":"product","link":"https:\/\/minasgramados.com.br\/Loja\/produto\/argila-expandida-saco-50-lt\/","title":{"rendered":"Argila Expandida (Sacos 50LT)"},"content":{"rendered":"<p style=\"text-align: justify;\"><strong>ARGILA EXPANDIDA:<\/strong> A argila expandida que temos \u00e9 um agregado leve que se apresenta em forma de bolinhas de cer\u00e2mica arredondadas, com uma estrutura interna formada por uma espuma cer\u00e2mica com microporos e com uma casca r\u00edgida e resistente; \u00e9 muito utilizada em paisagismo, jardinagem e hidroponia por ser o \u00fanico agregado leve capaz de manter a umidade adequada da terra, al\u00e9m de permitir que a drenagem ocorra de forma r\u00e1pida e por igual, criando assim condi\u00e7\u00f5es ideais para que as plantas tenham um completo desenvolvimento.<\/p>\n<p style=\"text-align: justify;\"><strong>* TELHADO VERDE<\/strong><\/p>\n<p style=\"text-align: justify;\">\u00c9 um sistema de cobertura vegetal que contribui com a redu\u00e7\u00e3o das temperaturas nas \u00e1reas internas das edifica\u00e7\u00f5es, bloqueando grande parte da incid\u00eancia direta dos raios solares, o que evita as ilhas de calor.<\/p>\n<p style=\"text-align: justify;\">A introdu\u00e7\u00e3o da Argila Expandida nesse tipo de constru\u00e7\u00e3o permite estabilizar a umidade da planta, ajudar no seu enraizamento, e drenar o excesso de \u00e1gua do solo.<\/p>\n<p style=\"text-align: justify;\"><strong>*VANTAGENS:<\/strong><\/p>\n<p style=\"text-align: justify;\">-Contribui para o isolamento t\u00e9rmico e ac\u00fastico da constru\u00e7\u00e3o,<br \/>\n-Combate o efeito estufa e as ilhas de calor,<br \/>\n-Torna o ambiente mais agrad\u00e1vel,<br \/>\n-Absorve \u00e1guas pluviais, retardando o escoamento para as galerias, evitando alagamentos.<\/p>\n<p style=\"text-align: justify;\"><strong>*VANTAGENS DA APLICA\u00c7\u00c3O<\/strong><\/p>\n<p style=\"text-align: justify;\">-Mant\u00e9m est\u00e1vel a umidade da planta,<br \/>\n-Decora vasos e jardins,<br \/>\n-Drena o excesso de \u00e1gua no solo,<br \/>\n-Melhora o substrato e ajuda no enraizamento das plantas,<br \/>\n-Recomendado para todos os tipos de plantas.<\/p>\n<p><strong>*HIDROPONIA<\/strong><\/p>\n<p style=\"text-align: justify;\">A utiliza\u00e7\u00e3o da Argila Expandida na hidroponia permite a sustenta\u00e7\u00e3o das plantas sem a necessidade de adicionar outros tipos de substratos, permitindo, assim, o perfeito enraizamento e crescimento das mesmas.<\/p>\n<p style=\"text-align: justify;\"><strong>*VANTAGENS<\/strong><\/p>\n<p style=\"text-align: justify;\">-Menor custo de produ\u00e7\u00e3o,<br \/>\n-Racionaliza\u00e7\u00e3o de \u00e1gua,<br \/>\n-Maior produtividade e sem agrot\u00f3xicos,<br \/>\n-Melhor drenagem,<br \/>\n-Redu\u00e7\u00e3o do espa\u00e7o f\u00edsico e possibilidade de plantio em terrenos n\u00e3o produtivos.<\/p>\n<p style=\"text-align: justify;\"><strong>*CARACTER\u00cdSTICA PRINCIPAIS:<\/strong> leveza, baixa densidade, isolamento t\u00e9rmico, isolamento ac\u00fastico, durabilidade e resist\u00eancia a altas temperaturas.<\/p>\n<p style=\"text-align: justify;\">DENSIDADES E POL\u00cdTICA DE VENDAS TIPOS DE EMBAGENS E QUANTIDADES: Confira abaixo:<\/p>\n<p style=\"text-align: justify;\">\u2022Densidade da Argila 1506: 600 kg\/m3 (+ ou \u2013 10%)<br \/>\n\u2022Densidade da Argila 2215: 500 kg\/m3 (+ ou \u2013 10%)<br \/>\n\u2022Densidade da Argila 3222: 450 kg\/m3 (+ ou \u2013 10%)<\/p>\n<p style=\"text-align: justify;\"><strong>*EMBALAGENS EM SACOS 50 LITROS-<\/strong>\u00a0<strong>(ATEN\u00c7\u00c3O)<\/strong>: Os Pre\u00e7os abaixo\u00a0pode haver altera\u00e7\u00e3o sem aviso pr\u00e9vio<\/p>\n<p><strong>*Material ensacado.<\/strong> ( 01 m3 equivale a 20 sacos )<br \/>\n*<strong>Obs:<\/strong> Entregue em BH\u00a0 e o descarregamento por conta do cliente. (Pedido minimo 400 Sacos)<\/p>\n<p>Argila 3222 saco de 50l &#8230;&#8230;&#8230;22Kg<br \/>\nArgila 2215 saco de 50l\u00a0&#8230;&#8230;&#8230;26Kg<br \/>\nArgila 1506 saco de 50l\u00a0&#8230;&#8230;&#8230;27Kg<\/p>\n<p><strong>*VALORES ABAIXO CONFORME QUANTIDADES QUE FOR COMPRAR.<\/strong><\/p>\n<p>. Compras de 100 a 1000\u00a0 Sacos \u2013 R$: 59,90 a Unid = S\/NF<\/p>\n<p>. Compras de 1000 a 50.000\u00a0 Sacos \u2013 R$: 55,90\u00a0 a Unid = S\/NF<\/p>\n<p>. Compras de 51.000 ou mais sacos \u2013 R$: 49,90 a Unid = S\/NF<\/p>\n<p>. Pre\u00e7o por m3&#8230;&#8230;&#8230;&#8230;&#8230;&#8230;&#8230;&#8230;&#8230;&#8230;.. R$00,00 Indisponivel<\/p>\n<p>Valor do frete por carreta para Belo Horizonte: FOB &#8211; (Frete somente \u00e0 vista)<\/p>\n<p>Argila 3222 carreta leva at\u00e9 25m\u00b3<br \/>\nArgila 2215\u00a0carreta leva at\u00e9 23m\u00b3<br \/>\nArgila 1506\u00a0carreta leva at\u00e9 18m\u00b3<\/p>\n<p><strong>Frete terceirizado ou por conta do cliente,consultar nosso Sac para entregas em outras cidades.<\/strong><br \/>\n\u2013 ICMS: conforme lei vigente.<br \/>\n\u2013 IPI: n\u00e3o tem<br \/>\n\u2013 Prazo de entrega: a combinar<br \/>\n\u2013 Frete FOB: Por conta do cliente,tem que deixar ajudante na obra (Descarga por conta do cliente)<\/p>\n<p style=\"text-align: justify;\">\u2013 O frete ser\u00e1 cobrado a parte com Nota Fiscal, pago diretamente ao transportador.<\/p>\n","protected":false},"excerpt":{"rendered":"<p style=\"text-align: justify;\"><strong>ARGILA EXPANDIDA:<\/strong> A Argila expandida\u00a0 \u00e9 um agregado leve que se apresenta em forma de bolinhas de cer\u00e2mica arredondadas, que \u00e9 muito utilizada na constru\u00e7\u00e3o civil, no paisagismo, na jardinagem e hidroponia. <strong>ATEN\u00c7\u00c3O:<\/strong> Nossa venda minima dessa argila fora de BH s\u00e3o de 100 Sacos de 50 Litros , <span style=\"color: #ff0000;\">(Obs): Consulte-nos o estoque , ela vem em sacos de 50 Litros e a densidade e as caracterstica das argilas segue abaixo, os pedidos atacado somente por encomenda e sua venda \u00e9 por telefone \u00a0e via ordem de compra.<\/span><\/p>\n","protected":false},"featured_media":1727,"template":"","meta":{"_joinchat":[]},"product_brand":[],"product_cat":[26,15],"product_tag":[],"class_list":{"0":"post-1723","1":"product","2":"type-product","3":"status-publish","4":"has-post-thumbnail","6":"product_cat-cobertura-para-jardins","7":"product_cat-jardinagem","8":"product_shipping_class-transportadora","9":"entry","10":"has-media","12":"first","13":"outofstock","14":"sale","15":"shipping-taxable","16":"purchasable","17":"product-type-simple","18":"col","19":"wpex-woo-entry","20":"span_1_of_4"},"yoast_head":"<!-- This site is optimized with the Yoast SEO plugin v27.3 - https:\/\/yoast.com\/product\/yoast-seo-wordpress\/ -->\n<title>Argila Expandida ( Saco 50 LT ) - Argila Expandida BH<\/title>\n<meta name=\"description\" content=\"Argila expandida \u00e9 um agregado leve que se apresenta em forma de bolinhas de cer\u00e2mica arredondadas, muito utilizada em paisagismo, jardinagem.\" \/>\n<meta name=\"robots\" content=\"index, follow, max-snippet:-1, max-image-preview:large, max-video-preview:-1\" \/>\n<link rel=\"canonical\" href=\"https:\/\/minasgramados.com.br\/Loja\/produto\/argila-expandida-saco-50-lt\/\" \/>\n<meta name=\"twitter:card\" content=\"summary_large_image\" \/>\n<meta name=\"twitter:title\" content=\"Argila Expandida ( Saco 50 LT ) - Argila Expandida BH\" \/>\n<meta name=\"twitter:description\" content=\"Argila expandida \u00e9 um agregado leve que se apresenta em forma de bolinhas de cer\u00e2mica arredondadas, muito utilizada em paisagismo, jardinagem.\" \/>\n<meta name=\"twitter:image\" content=\"https:\/\/minasgramados.com.br\/Loja\/wp-content\/uploads\/2016\/01\/tipos-de-argila-expandida.jpg\" \/>\n<meta name=\"twitter:label1\" content=\"Est. tempo de leitura\" \/>\n\t<meta name=\"twitter:data1\" content=\"3 minutos\" \/>\n<script type=\"application\/ld+json\" class=\"yoast-schema-graph\">{\"@context\":\"https:\\\/\\\/schema.org\",\"@graph\":[{\"@type\":\"WebPage\",\"@id\":\"https:\\\/\\\/minasgramados.com.br\\\/Loja\\\/produto\\\/argila-expandida-saco-50-lt\\\/\",\"url\":\"https:\\\/\\\/minasgramados.com.br\\\/Loja\\\/produto\\\/argila-expandida-saco-50-lt\\\/\",\"name\":\"Argila Expandida ( Saco 50 LT ) - Argila Expandida BH\",\"isPartOf\":{\"@id\":\"https:\\\/\\\/minasgramados.com.br\\\/Loja\\\/#website\"},\"primaryImageOfPage\":{\"@id\":\"https:\\\/\\\/minasgramados.com.br\\\/Loja\\\/produto\\\/argila-expandida-saco-50-lt\\\/#primaryimage\"},\"image\":{\"@id\":\"https:\\\/\\\/minasgramados.com.br\\\/Loja\\\/produto\\\/argila-expandida-saco-50-lt\\\/#primaryimage\"},\"thumbnailUrl\":\"https:\\\/\\\/minasgramados.com.br\\\/Loja\\\/wp-content\\\/uploads\\\/2016\\\/01\\\/tipos-de-argila-expandida.jpg\",\"datePublished\":\"2016-01-09T20:20:35+00:00\",\"dateModified\":\"2023-11-18T13:12:20+00:00\",\"description\":\"Argila expandida \u00e9 um agregado leve que se apresenta em forma de bolinhas de cer\u00e2mica arredondadas, muito utilizada em paisagismo, jardinagem.\",\"breadcrumb\":{\"@id\":\"https:\\\/\\\/minasgramados.com.br\\\/Loja\\\/produto\\\/argila-expandida-saco-50-lt\\\/#breadcrumb\"},\"inLanguage\":\"pt-BR\",\"potentialAction\":[{\"@type\":\"ReadAction\",\"target\":[\"https:\\\/\\\/minasgramados.com.br\\\/Loja\\\/produto\\\/argila-expandida-saco-50-lt\\\/\"]}]},{\"@type\":\"ImageObject\",\"inLanguage\":\"pt-BR\",\"@id\":\"https:\\\/\\\/minasgramados.com.br\\\/Loja\\\/produto\\\/argila-expandida-saco-50-lt\\\/#primaryimage\",\"url\":\"https:\\\/\\\/minasgramados.com.br\\\/Loja\\\/wp-content\\\/uploads\\\/2016\\\/01\\\/tipos-de-argila-expandida.jpg\",\"contentUrl\":\"https:\\\/\\\/minasgramados.com.br\\\/Loja\\\/wp-content\\\/uploads\\\/2016\\\/01\\\/tipos-de-argila-expandida.jpg\",\"width\":768,\"height\":780},{\"@type\":\"BreadcrumbList\",\"@id\":\"https:\\\/\\\/minasgramados.com.br\\\/Loja\\\/produto\\\/argila-expandida-saco-50-lt\\\/#breadcrumb\",\"itemListElement\":[{\"@type\":\"ListItem\",\"position\":1,\"name\":\"In\u00edcio\",\"item\":\"https:\\\/\\\/minasgramados.com.br\\\/Loja\\\/\"},{\"@type\":\"ListItem\",\"position\":2,\"name\":\"Loja\",\"item\":\"https:\\\/\\\/minasgramados.com.br\\\/Loja\\\/loja-modelo-03\\\/\"},{\"@type\":\"ListItem\",\"position\":3,\"name\":\"Argila Expandida (Sacos 50LT)\"}]},{\"@type\":\"WebSite\",\"@id\":\"https:\\\/\\\/minasgramados.com.br\\\/Loja\\\/#website\",\"url\":\"https:\\\/\\\/minasgramados.com.br\\\/Loja\\\/\",\"name\":\"Minas Gramados - Paisagismo e Hidrossemeadura.\",\"description\":\"Distribuidora de Gramas adubos sementes em Betim e no Brasil.\",\"publisher\":{\"@id\":\"https:\\\/\\\/minasgramados.com.br\\\/Loja\\\/#organization\"},\"potentialAction\":[{\"@type\":\"SearchAction\",\"target\":{\"@type\":\"EntryPoint\",\"urlTemplate\":\"https:\\\/\\\/minasgramados.com.br\\\/Loja\\\/?s={search_term_string}\"},\"query-input\":{\"@type\":\"PropertyValueSpecification\",\"valueRequired\":true,\"valueName\":\"search_term_string\"}}],\"inLanguage\":\"pt-BR\"},{\"@type\":\"Organization\",\"@id\":\"https:\\\/\\\/minasgramados.com.br\\\/Loja\\\/#organization\",\"name\":\"Minas Gramados - Paisagismo e Hidrossemeadura.\",\"url\":\"https:\\\/\\\/minasgramados.com.br\\\/Loja\\\/\",\"logo\":{\"@type\":\"ImageObject\",\"inLanguage\":\"pt-BR\",\"@id\":\"https:\\\/\\\/minasgramados.com.br\\\/Loja\\\/#\\\/schema\\\/logo\\\/image\\\/\",\"url\":\"https:\\\/\\\/minasgramados.com.br\\\/Loja\\\/wp-content\\\/uploads\\\/2018\\\/06\\\/gramados-original-1.gif\",\"contentUrl\":\"https:\\\/\\\/minasgramados.com.br\\\/Loja\\\/wp-content\\\/uploads\\\/2018\\\/06\\\/gramados-original-1.gif\",\"width\":600,\"height\":300,\"caption\":\"Minas Gramados - Paisagismo e Hidrossemeadura.\"},\"image\":{\"@id\":\"https:\\\/\\\/minasgramados.com.br\\\/Loja\\\/#\\\/schema\\\/logo\\\/image\\\/\"}}]}<\/script>\n<!-- \/ Yoast SEO plugin. -->","yoast_head_json":{"title":"Argila Expandida ( Saco 50 LT ) - Argila Expandida BH","description":"Argila expandida \u00e9 um agregado leve que se apresenta em forma de bolinhas de cer\u00e2mica arredondadas, muito utilizada em paisagismo, jardinagem.","robots":{"index":"index","follow":"follow","max-snippet":"max-snippet:-1","max-image-preview":"max-image-preview:large","max-video-preview":"max-video-preview:-1"},"canonical":"https:\/\/minasgramados.com.br\/Loja\/produto\/argila-expandida-saco-50-lt\/","twitter_card":"summary_large_image","twitter_title":"Argila Expandida ( Saco 50 LT ) - Argila Expandida BH","twitter_description":"Argila expandida \u00e9 um agregado leve que se apresenta em forma de bolinhas de cer\u00e2mica arredondadas, muito utilizada em paisagismo, jardinagem.","twitter_image":"https:\/\/minasgramados.com.br\/Loja\/wp-content\/uploads\/2016\/01\/tipos-de-argila-expandida.jpg","twitter_misc":{"Est. tempo de leitura":"3 minutos"},"schema":{"@context":"https:\/\/schema.org","@graph":[{"@type":"WebPage","@id":"https:\/\/minasgramados.com.br\/Loja\/produto\/argila-expandida-saco-50-lt\/","url":"https:\/\/minasgramados.com.br\/Loja\/produto\/argila-expandida-saco-50-lt\/","name":"Argila Expandida ( Saco 50 LT ) - Argila Expandida BH","isPartOf":{"@id":"https:\/\/minasgramados.com.br\/Loja\/#website"},"primaryImageOfPage":{"@id":"https:\/\/minasgramados.com.br\/Loja\/produto\/argila-expandida-saco-50-lt\/#primaryimage"},"image":{"@id":"https:\/\/minasgramados.com.br\/Loja\/produto\/argila-expandida-saco-50-lt\/#primaryimage"},"thumbnailUrl":"https:\/\/minasgramados.com.br\/Loja\/wp-content\/uploads\/2016\/01\/tipos-de-argila-expandida.jpg","datePublished":"2016-01-09T20:20:35+00:00","dateModified":"2023-11-18T13:12:20+00:00","description":"Argila expandida \u00e9 um agregado leve que se apresenta em forma de bolinhas de cer\u00e2mica arredondadas, muito utilizada em paisagismo, jardinagem.","breadcrumb":{"@id":"https:\/\/minasgramados.com.br\/Loja\/produto\/argila-expandida-saco-50-lt\/#breadcrumb"},"inLanguage":"pt-BR","potentialAction":[{"@type":"ReadAction","target":["https:\/\/minasgramados.com.br\/Loja\/produto\/argila-expandida-saco-50-lt\/"]}]},{"@type":"ImageObject","inLanguage":"pt-BR","@id":"https:\/\/minasgramados.com.br\/Loja\/produto\/argila-expandida-saco-50-lt\/#primaryimage","url":"https:\/\/minasgramados.com.br\/Loja\/wp-content\/uploads\/2016\/01\/tipos-de-argila-expandida.jpg","contentUrl":"https:\/\/minasgramados.com.br\/Loja\/wp-content\/uploads\/2016\/01\/tipos-de-argila-expandida.jpg","width":768,"height":780},{"@type":"BreadcrumbList","@id":"https:\/\/minasgramados.com.br\/Loja\/produto\/argila-expandida-saco-50-lt\/#breadcrumb","itemListElement":[{"@type":"ListItem","position":1,"name":"In\u00edcio","item":"https:\/\/minasgramados.com.br\/Loja\/"},{"@type":"ListItem","position":2,"name":"Loja","item":"https:\/\/minasgramados.com.br\/Loja\/loja-modelo-03\/"},{"@type":"ListItem","position":3,"name":"Argila Expandida (Sacos 50LT)"}]},{"@type":"WebSite","@id":"https:\/\/minasgramados.com.br\/Loja\/#website","url":"https:\/\/minasgramados.com.br\/Loja\/","name":"Minas Gramados - Paisagismo e Hidrossemeadura.","description":"Distribuidora de Gramas adubos sementes em Betim e no Brasil.","publisher":{"@id":"https:\/\/minasgramados.com.br\/Loja\/#organization"},"potentialAction":[{"@type":"SearchAction","target":{"@type":"EntryPoint","urlTemplate":"https:\/\/minasgramados.com.br\/Loja\/?s={search_term_string}"},"query-input":{"@type":"PropertyValueSpecification","valueRequired":true,"valueName":"search_term_string"}}],"inLanguage":"pt-BR"},{"@type":"Organization","@id":"https:\/\/minasgramados.com.br\/Loja\/#organization","name":"Minas Gramados - Paisagismo e Hidrossemeadura.","url":"https:\/\/minasgramados.com.br\/Loja\/","logo":{"@type":"ImageObject","inLanguage":"pt-BR","@id":"https:\/\/minasgramados.com.br\/Loja\/#\/schema\/logo\/image\/","url":"https:\/\/minasgramados.com.br\/Loja\/wp-content\/uploads\/2018\/06\/gramados-original-1.gif","contentUrl":"https:\/\/minasgramados.com.br\/Loja\/wp-content\/uploads\/2018\/06\/gramados-original-1.gif","width":600,"height":300,"caption":"Minas Gramados - Paisagismo e Hidrossemeadura."},"image":{"@id":"https:\/\/minasgramados.com.br\/Loja\/#\/schema\/logo\/image\/"}}]}},"_links":{"self":[{"href":"https:\/\/minasgramados.com.br\/Loja\/wp-json\/wp\/v2\/product\/1723","targetHints":{"allow":["GET"]}}],"collection":[{"href":"https:\/\/minasgramados.com.br\/Loja\/wp-json\/wp\/v2\/product"}],"about":[{"href":"https:\/\/minasgramados.com.br\/Loja\/wp-json\/wp\/v2\/types\/product"}],"wp:featuredmedia":[{"embeddable":true,"href":"https:\/\/minasgramados.com.br\/Loja\/wp-json\/wp\/v2\/media\/1727"}],"wp:attachment":[{"href":"https:\/\/minasgramados.com.br\/Loja\/wp-json\/wp\/v2\/media?parent=1723"}],"wp:term":[{"taxonomy":"product_brand","embeddable":true,"href":"https:\/\/minasgramados.com.br\/Loja\/wp-json\/wp\/v2\/product_brand?post=1723"},{"taxonomy":"product_cat","embeddable":true,"href":"https:\/\/minasgramados.com.br\/Loja\/wp-json\/wp\/v2\/product_cat?post=1723"},{"taxonomy":"product_tag","embeddable":true,"href":"https:\/\/minasgramados.com.br\/Loja\/wp-json\/wp\/v2\/product_tag?post=1723"}],"curies":[{"name":"wp","href":"https:\/\/api.w.org\/{rel}","templated":true}]}}