{"id":1734,"date":"2016-01-10T15:46:02","date_gmt":"2016-01-10T18:46:02","guid":{"rendered":"http:\/\/minasgramados.com.br\/Loja\/?post_type=product&#038;p=1734"},"modified":"2024-06-18T08:50:58","modified_gmt":"2024-06-18T11:50:58","slug":"casca-de-pinus-40lt","status":"publish","type":"product","link":"https:\/\/minasgramados.com.br\/Loja\/produto\/casca-de-pinus-40lt\/","title":{"rendered":"Casca de Pinus Polida (20LT)"},"content":{"rendered":"<p style=\"text-align: justify;\">A Casca de Pinus al\u00e9m de ser decorativa, inibe germina\u00e7\u00e3o de pragas, mant\u00e9m a umidade de bandejas, potes e vasos, n\u00e3o t\u00f3xico e combate a eros\u00e3o. A casca valoriza e enriquece a forra\u00e7\u00e3o de canteiros, vasos, jardineiras e jardins de diversos portes.<\/p>\n<p style=\"text-align: justify;\">&#8211; Oferece acabamento perfeito para jardins, vasos e floreiras<br \/>\n&#8211; Possibilita composi\u00e7\u00f5es harmoniosas com elementos naturais<br \/>\n&#8211; Inibe a germina\u00e7\u00e3o de pragas e ervas daninhas<br \/>\n&#8211; Conserva a umidade do solo<br \/>\n&#8211; Evita respingos de terra<br \/>\n&#8211; Combate a eros\u00e3o<br \/>\n&#8211; Produto Natural<br \/>\n&#8211; Valoriza a cobertura de canteiros<\/p>\n<p style=\"text-align: justify;\"><strong>*ATEN\u00c7\u00c3O<\/strong>: Venda m\u00ednima de uma carreta com sacos de 20 Litros ou toneladas, As cargas levam as quantidades conforme tipo de caminh\u00e3o que ser\u00e1 feito as cargas e com entregas sendo dentro de BH e outros estados consulte o frete com o nosso SAC e tire suas d\u00favidas.<\/p>\n<p style=\"text-align: justify;\"><strong>*OBS:<\/strong> Vendemos no varejo sacos de 20 Litros e o seu peso estar\u00e1 variado conforme a espessura da Casca; e o pre\u00e7o acima e v\u00e1lido como pre\u00e7o de varejo sendo mais caro, e s\u00f3 estamos entregando as cascas por sacos de 20 Litros; para toneladas ficara em analise junto a diretoria da fabrica.<\/p>\n","protected":false},"excerpt":{"rendered":"<p style=\"text-align: justify;\">A Casca de Pinus al\u00e9m de ser decorativa, inibe germina\u00e7\u00e3o de pragas, mant\u00e9m a umidade dos solos, bandejas, potes, vasos, n\u00e3o t\u00f3xico e combate a eros\u00e3o. <span style=\"color: #ff0000;\">*Obs.): Produto sobre encomenda, nem sempre temos elas em estoque, s\u00e3o pacotes de 20 Litros, para toneladas somente por encomenda e sua venda \u00e9 somente por telefone \u00a0e via ordem de compra).<\/span><\/p>\n","protected":false},"featured_media":1735,"template":"","meta":{"_joinchat":[]},"product_brand":[],"product_cat":[26,15],"product_tag":[],"class_list":{"0":"post-1734","1":"product","2":"type-product","3":"status-publish","4":"has-post-thumbnail","6":"product_cat-cobertura-para-jardins","7":"product_cat-jardinagem","8":"product_shipping_class-transportadora","9":"entry","10":"has-media","12":"first","13":"outofstock","14":"sale","15":"shipping-taxable","16":"purchasable","17":"product-type-simple","18":"col","19":"wpex-woo-entry","20":"span_1_of_4"},"yoast_head":"<!-- This site is optimized with the Yoast SEO plugin v27.3 - https:\/\/yoast.com\/product\/yoast-seo-wordpress\/ -->\n<title>Casca de Pinus Polidas (20LT) - Casca de Pinus BH Betim<\/title>\n<meta name=\"description\" content=\"A Casca de Pinus al\u00e9m de ser decorativa, inibe germina\u00e7\u00e3o de pragas, mant\u00e9m a umidade em bandejas, solos, potes, vasos, e n\u00e3o \u00e9 t\u00f3xico.\" \/>\n<meta name=\"robots\" content=\"index, follow, max-snippet:-1, max-image-preview:large, max-video-preview:-1\" \/>\n<link rel=\"canonical\" href=\"https:\/\/minasgramados.com.br\/Loja\/produto\/casca-de-pinus-40lt\/\" \/>\n<meta name=\"twitter:card\" content=\"summary_large_image\" \/>\n<meta name=\"twitter:title\" content=\"Casca de Pinus Polidas (20LT) - Casca de Pinus BH Betim\" \/>\n<meta name=\"twitter:description\" content=\"A Casca de Pinus al\u00e9m de ser decorativa, inibe germina\u00e7\u00e3o de pragas, mant\u00e9m a umidade em bandejas, solos, potes, vasos, e n\u00e3o \u00e9 t\u00f3xico.\" \/>\n<meta name=\"twitter:image\" content=\"https:\/\/minasgramados.com.br\/Loja\/wp-content\/uploads\/2016\/01\/casca-de-pinus-solta.jpg\" \/>\n<meta name=\"twitter:label1\" content=\"Est. tempo de leitura\" \/>\n\t<meta name=\"twitter:data1\" content=\"2 minutos\" \/>\n<script type=\"application\/ld+json\" class=\"yoast-schema-graph\">{\"@context\":\"https:\\\/\\\/schema.org\",\"@graph\":[{\"@type\":\"WebPage\",\"@id\":\"https:\\\/\\\/minasgramados.com.br\\\/Loja\\\/produto\\\/casca-de-pinus-40lt\\\/\",\"url\":\"https:\\\/\\\/minasgramados.com.br\\\/Loja\\\/produto\\\/casca-de-pinus-40lt\\\/\",\"name\":\"Casca de Pinus Polidas (20LT) - Casca de Pinus BH Betim\",\"isPartOf\":{\"@id\":\"https:\\\/\\\/minasgramados.com.br\\\/Loja\\\/#website\"},\"primaryImageOfPage\":{\"@id\":\"https:\\\/\\\/minasgramados.com.br\\\/Loja\\\/produto\\\/casca-de-pinus-40lt\\\/#primaryimage\"},\"image\":{\"@id\":\"https:\\\/\\\/minasgramados.com.br\\\/Loja\\\/produto\\\/casca-de-pinus-40lt\\\/#primaryimage\"},\"thumbnailUrl\":\"https:\\\/\\\/minasgramados.com.br\\\/Loja\\\/wp-content\\\/uploads\\\/2016\\\/01\\\/casca-de-pinus-solta.jpg\",\"datePublished\":\"2016-01-10T18:46:02+00:00\",\"dateModified\":\"2024-06-18T11:50:58+00:00\",\"description\":\"A Casca de Pinus al\u00e9m de ser decorativa, inibe germina\u00e7\u00e3o de pragas, mant\u00e9m a umidade em bandejas, solos, potes, vasos, e n\u00e3o \u00e9 t\u00f3xico.\",\"breadcrumb\":{\"@id\":\"https:\\\/\\\/minasgramados.com.br\\\/Loja\\\/produto\\\/casca-de-pinus-40lt\\\/#breadcrumb\"},\"inLanguage\":\"pt-BR\",\"potentialAction\":[{\"@type\":\"ReadAction\",\"target\":[\"https:\\\/\\\/minasgramados.com.br\\\/Loja\\\/produto\\\/casca-de-pinus-40lt\\\/\"]}]},{\"@type\":\"ImageObject\",\"inLanguage\":\"pt-BR\",\"@id\":\"https:\\\/\\\/minasgramados.com.br\\\/Loja\\\/produto\\\/casca-de-pinus-40lt\\\/#primaryimage\",\"url\":\"https:\\\/\\\/minasgramados.com.br\\\/Loja\\\/wp-content\\\/uploads\\\/2016\\\/01\\\/casca-de-pinus-solta.jpg\",\"contentUrl\":\"https:\\\/\\\/minasgramados.com.br\\\/Loja\\\/wp-content\\\/uploads\\\/2016\\\/01\\\/casca-de-pinus-solta.jpg\",\"width\":800,\"height\":554},{\"@type\":\"BreadcrumbList\",\"@id\":\"https:\\\/\\\/minasgramados.com.br\\\/Loja\\\/produto\\\/casca-de-pinus-40lt\\\/#breadcrumb\",\"itemListElement\":[{\"@type\":\"ListItem\",\"position\":1,\"name\":\"In\u00edcio\",\"item\":\"https:\\\/\\\/minasgramados.com.br\\\/Loja\\\/\"},{\"@type\":\"ListItem\",\"position\":2,\"name\":\"Loja\",\"item\":\"https:\\\/\\\/minasgramados.com.br\\\/Loja\\\/loja-modelo-03\\\/\"},{\"@type\":\"ListItem\",\"position\":3,\"name\":\"Casca de Pinus Polida (20LT)\"}]},{\"@type\":\"WebSite\",\"@id\":\"https:\\\/\\\/minasgramados.com.br\\\/Loja\\\/#website\",\"url\":\"https:\\\/\\\/minasgramados.com.br\\\/Loja\\\/\",\"name\":\"Minas Gramados - Paisagismo e Hidrossemeadura.\",\"description\":\"Distribuidora de Gramas adubos sementes em Betim e no Brasil.\",\"publisher\":{\"@id\":\"https:\\\/\\\/minasgramados.com.br\\\/Loja\\\/#organization\"},\"potentialAction\":[{\"@type\":\"SearchAction\",\"target\":{\"@type\":\"EntryPoint\",\"urlTemplate\":\"https:\\\/\\\/minasgramados.com.br\\\/Loja\\\/?s={search_term_string}\"},\"query-input\":{\"@type\":\"PropertyValueSpecification\",\"valueRequired\":true,\"valueName\":\"search_term_string\"}}],\"inLanguage\":\"pt-BR\"},{\"@type\":\"Organization\",\"@id\":\"https:\\\/\\\/minasgramados.com.br\\\/Loja\\\/#organization\",\"name\":\"Minas Gramados - Paisagismo e Hidrossemeadura.\",\"url\":\"https:\\\/\\\/minasgramados.com.br\\\/Loja\\\/\",\"logo\":{\"@type\":\"ImageObject\",\"inLanguage\":\"pt-BR\",\"@id\":\"https:\\\/\\\/minasgramados.com.br\\\/Loja\\\/#\\\/schema\\\/logo\\\/image\\\/\",\"url\":\"https:\\\/\\\/minasgramados.com.br\\\/Loja\\\/wp-content\\\/uploads\\\/2018\\\/06\\\/gramados-original-1.gif\",\"contentUrl\":\"https:\\\/\\\/minasgramados.com.br\\\/Loja\\\/wp-content\\\/uploads\\\/2018\\\/06\\\/gramados-original-1.gif\",\"width\":600,\"height\":300,\"caption\":\"Minas Gramados - Paisagismo e Hidrossemeadura.\"},\"image\":{\"@id\":\"https:\\\/\\\/minasgramados.com.br\\\/Loja\\\/#\\\/schema\\\/logo\\\/image\\\/\"}}]}<\/script>\n<!-- \/ Yoast SEO plugin. -->","yoast_head_json":{"title":"Casca de Pinus Polidas (20LT) - Casca de Pinus BH Betim","description":"A Casca de Pinus al\u00e9m de ser decorativa, inibe germina\u00e7\u00e3o de pragas, mant\u00e9m a umidade em bandejas, solos, potes, vasos, e n\u00e3o \u00e9 t\u00f3xico.","robots":{"index":"index","follow":"follow","max-snippet":"max-snippet:-1","max-image-preview":"max-image-preview:large","max-video-preview":"max-video-preview:-1"},"canonical":"https:\/\/minasgramados.com.br\/Loja\/produto\/casca-de-pinus-40lt\/","twitter_card":"summary_large_image","twitter_title":"Casca de Pinus Polidas (20LT) - Casca de Pinus BH Betim","twitter_description":"A Casca de Pinus al\u00e9m de ser decorativa, inibe germina\u00e7\u00e3o de pragas, mant\u00e9m a umidade em bandejas, solos, potes, vasos, e n\u00e3o \u00e9 t\u00f3xico.","twitter_image":"https:\/\/minasgramados.com.br\/Loja\/wp-content\/uploads\/2016\/01\/casca-de-pinus-solta.jpg","twitter_misc":{"Est. tempo de leitura":"2 minutos"},"schema":{"@context":"https:\/\/schema.org","@graph":[{"@type":"WebPage","@id":"https:\/\/minasgramados.com.br\/Loja\/produto\/casca-de-pinus-40lt\/","url":"https:\/\/minasgramados.com.br\/Loja\/produto\/casca-de-pinus-40lt\/","name":"Casca de Pinus Polidas (20LT) - Casca de Pinus BH Betim","isPartOf":{"@id":"https:\/\/minasgramados.com.br\/Loja\/#website"},"primaryImageOfPage":{"@id":"https:\/\/minasgramados.com.br\/Loja\/produto\/casca-de-pinus-40lt\/#primaryimage"},"image":{"@id":"https:\/\/minasgramados.com.br\/Loja\/produto\/casca-de-pinus-40lt\/#primaryimage"},"thumbnailUrl":"https:\/\/minasgramados.com.br\/Loja\/wp-content\/uploads\/2016\/01\/casca-de-pinus-solta.jpg","datePublished":"2016-01-10T18:46:02+00:00","dateModified":"2024-06-18T11:50:58+00:00","description":"A Casca de Pinus al\u00e9m de ser decorativa, inibe germina\u00e7\u00e3o de pragas, mant\u00e9m a umidade em bandejas, solos, potes, vasos, e n\u00e3o \u00e9 t\u00f3xico.","breadcrumb":{"@id":"https:\/\/minasgramados.com.br\/Loja\/produto\/casca-de-pinus-40lt\/#breadcrumb"},"inLanguage":"pt-BR","potentialAction":[{"@type":"ReadAction","target":["https:\/\/minasgramados.com.br\/Loja\/produto\/casca-de-pinus-40lt\/"]}]},{"@type":"ImageObject","inLanguage":"pt-BR","@id":"https:\/\/minasgramados.com.br\/Loja\/produto\/casca-de-pinus-40lt\/#primaryimage","url":"https:\/\/minasgramados.com.br\/Loja\/wp-content\/uploads\/2016\/01\/casca-de-pinus-solta.jpg","contentUrl":"https:\/\/minasgramados.com.br\/Loja\/wp-content\/uploads\/2016\/01\/casca-de-pinus-solta.jpg","width":800,"height":554},{"@type":"BreadcrumbList","@id":"https:\/\/minasgramados.com.br\/Loja\/produto\/casca-de-pinus-40lt\/#breadcrumb","itemListElement":[{"@type":"ListItem","position":1,"name":"In\u00edcio","item":"https:\/\/minasgramados.com.br\/Loja\/"},{"@type":"ListItem","position":2,"name":"Loja","item":"https:\/\/minasgramados.com.br\/Loja\/loja-modelo-03\/"},{"@type":"ListItem","position":3,"name":"Casca de Pinus Polida (20LT)"}]},{"@type":"WebSite","@id":"https:\/\/minasgramados.com.br\/Loja\/#website","url":"https:\/\/minasgramados.com.br\/Loja\/","name":"Minas Gramados - Paisagismo e Hidrossemeadura.","description":"Distribuidora de Gramas adubos sementes em Betim e no Brasil.","publisher":{"@id":"https:\/\/minasgramados.com.br\/Loja\/#organization"},"potentialAction":[{"@type":"SearchAction","target":{"@type":"EntryPoint","urlTemplate":"https:\/\/minasgramados.com.br\/Loja\/?s={search_term_string}"},"query-input":{"@type":"PropertyValueSpecification","valueRequired":true,"valueName":"search_term_string"}}],"inLanguage":"pt-BR"},{"@type":"Organization","@id":"https:\/\/minasgramados.com.br\/Loja\/#organization","name":"Minas Gramados - Paisagismo e Hidrossemeadura.","url":"https:\/\/minasgramados.com.br\/Loja\/","logo":{"@type":"ImageObject","inLanguage":"pt-BR","@id":"https:\/\/minasgramados.com.br\/Loja\/#\/schema\/logo\/image\/","url":"https:\/\/minasgramados.com.br\/Loja\/wp-content\/uploads\/2018\/06\/gramados-original-1.gif","contentUrl":"https:\/\/minasgramados.com.br\/Loja\/wp-content\/uploads\/2018\/06\/gramados-original-1.gif","width":600,"height":300,"caption":"Minas Gramados - Paisagismo e Hidrossemeadura."},"image":{"@id":"https:\/\/minasgramados.com.br\/Loja\/#\/schema\/logo\/image\/"}}]}},"_links":{"self":[{"href":"https:\/\/minasgramados.com.br\/Loja\/wp-json\/wp\/v2\/product\/1734","targetHints":{"allow":["GET"]}}],"collection":[{"href":"https:\/\/minasgramados.com.br\/Loja\/wp-json\/wp\/v2\/product"}],"about":[{"href":"https:\/\/minasgramados.com.br\/Loja\/wp-json\/wp\/v2\/types\/product"}],"wp:featuredmedia":[{"embeddable":true,"href":"https:\/\/minasgramados.com.br\/Loja\/wp-json\/wp\/v2\/media\/1735"}],"wp:attachment":[{"href":"https:\/\/minasgramados.com.br\/Loja\/wp-json\/wp\/v2\/media?parent=1734"}],"wp:term":[{"taxonomy":"product_brand","embeddable":true,"href":"https:\/\/minasgramados.com.br\/Loja\/wp-json\/wp\/v2\/product_brand?post=1734"},{"taxonomy":"product_cat","embeddable":true,"href":"https:\/\/minasgramados.com.br\/Loja\/wp-json\/wp\/v2\/product_cat?post=1734"},{"taxonomy":"product_tag","embeddable":true,"href":"https:\/\/minasgramados.com.br\/Loja\/wp-json\/wp\/v2\/product_tag?post=1734"}],"curies":[{"name":"wp","href":"https:\/\/api.w.org\/{rel}","templated":true}]}}