{"id":1740,"date":"2016-01-10T16:45:08","date_gmt":"2016-01-10T19:45:08","guid":{"rendered":"http:\/\/minasgramados.com.br\/Loja\/?post_type=product&#038;p=1740"},"modified":"2021-08-24T16:04:32","modified_gmt":"2021-08-24T19:04:32","slug":"toco-bric-10kg","status":"publish","type":"product","link":"https:\/\/minasgramados.com.br\/Loja\/produto\/toco-bric-10kg\/","title":{"rendered":"Toco Bric B1 (10KG)"},"content":{"rendered":"<p style=\"text-align: justify\">O Toco Bric \u00e9 um produto produzido a partir do aproveitamento da madeira bruta, picada em forma de cavacos e processados. Pode ser utilizado em forra\u00e7\u00e3o de jardim, orqu\u00eddeas, vasos e cachepos. O Toco Bric mant\u00e9m a umidade do solo, preserva seus nutrientes e tamb\u00e9m pode ser utilizado para decora\u00e7\u00e3o em geral.<\/p>\n<p style=\"text-align: justify\">Varia\u00e7\u00f5es e pre\u00e7os de cada um deles:<\/p>\n<p style=\"text-align: justify\"><strong>Varia\u00e7\u00f5es:<\/strong> \u00a0B1, B2 e B3, sendo o B1 a menor granulometria, o B2 o intermedi\u00e1rio e o B3 a maior granulometria.<\/p>\n<p style=\"text-align: justify\"><strong>Pre\u00e7os<\/strong>: <strong>Sacos 10 KG:<\/strong> B1 = R$: 69,00 \/ B2 = R$: 75,00 \/ B3 = R$: 82,00<\/p>\n<p style=\"text-align: justify\"><strong>Pre\u00e7os<\/strong>: <strong>Sacos 05 KG<\/strong>: B1 = R$: 36,00 \/ B2 = R$: 36,00 \/ B3 = R$:45,00<\/p>\n<p style=\"text-align: justify\">&#8211; Isento de fungos<br \/>\n&#8211; Isento de Bacterias e Cupins<br \/>\n&#8211; Possui validade inderteminada<br \/>\n&#8211; Conserva a umidade do solo<br \/>\n&#8211; Evita respingos de terra<br \/>\n&#8211; Material sustentavel<br \/>\n&#8211; Produto Natural<br \/>\n&#8211; Valoriza a cobertura de canteiros<\/p>\n<p style=\"text-align: justify\">*ATEN\u00c7\u00c3O: Venda min\u00edma de uma carreta com sacos de 10 KG,ou toneladas, As cargas levam as quantidades conforme tipo de caminh\u00e3o que ser\u00e1 feito as cargas e com entregas sendo dentro de BH e outros estados consulte o frete com o nosso SAC e tire suas d\u00favidas.<\/p>\n<p style=\"text-align: justify\">*OBS: Vendemos no varejo sacos de 05 e 10 KG e o seu peso estar\u00e1 variado conforme a espessura do Bric e o pre\u00e7o acima e v\u00e1lido como pre\u00e7o de varejo sendo mais caro, e s\u00f3 estamos entregando os bric por sacos de 10 KG; para toneladas ficara em analise junto a diretoria da fabrica.<\/p>\n","protected":false},"excerpt":{"rendered":"<p style=\"text-align: justify\">O Toco Bric \u00e9 um produto produzido a partir do aproveitamento da madeira bruta, picada em forma de cavacos e processados. Pode ser utilizado em forra\u00e7\u00e3o de jardim, orqu\u00eddeas, vasos e cachepos.\u00a0<span style=\"color: #ff0000\">(Obs): Temos o Toco Bric em estoque para sacos de 05 e 10 KG, para toneladas somente por encomenda e sua venda \u00e9 somente por telefone e via ordem de compra).<\/span><\/p>\n","protected":false},"featured_media":1741,"template":"","meta":{"_joinchat":[]},"product_brand":[],"product_cat":[26,15],"product_tag":[],"class_list":{"0":"post-1740","1":"product","2":"type-product","3":"status-publish","4":"has-post-thumbnail","6":"product_cat-cobertura-para-jardins","7":"product_cat-jardinagem","8":"product_shipping_class-transportadora","9":"entry","10":"has-media","12":"first","13":"outofstock","14":"sale","15":"shipping-taxable","16":"purchasable","17":"product-type-simple","18":"col","19":"wpex-woo-entry","20":"span_1_of_4"},"yoast_head":"<!-- This site is optimized with the Yoast SEO plugin v27.3 - https:\/\/yoast.com\/product\/yoast-seo-wordpress\/ -->\n<title>Toco Bric de (10KG) - Minas Gramados -Toco Bric BH<\/title>\n<meta name=\"description\" content=\"O Toco Bric \u00e9 um produto produzido a partir da madeira bruta, picada em forma de cavacos.Sendo utilizado em forra\u00e7\u00e3o de jardim, orqu\u00eddeas, vasos e cachepos.\" \/>\n<meta name=\"robots\" content=\"index, follow, max-snippet:-1, max-image-preview:large, max-video-preview:-1\" \/>\n<link rel=\"canonical\" href=\"https:\/\/minasgramados.com.br\/Loja\/produto\/toco-bric-10kg\/\" \/>\n<meta name=\"twitter:card\" content=\"summary_large_image\" \/>\n<meta name=\"twitter:title\" content=\"Toco Bric de (10KG) - Minas Gramados -Toco Bric BH\" \/>\n<meta name=\"twitter:description\" content=\"O Toco Bric \u00e9 um produto produzido a partir da madeira bruta, picada em forma de cavacos.Sendo utilizado em forra\u00e7\u00e3o de jardim, orqu\u00eddeas, vasos e cachepos.\" \/>\n<meta name=\"twitter:image\" content=\"https:\/\/minasgramados.com.br\/Loja\/wp-content\/uploads\/2016\/01\/bio-bric1.jpg\" \/>\n<meta name=\"twitter:label1\" content=\"Est. tempo de leitura\" \/>\n\t<meta name=\"twitter:data1\" content=\"1 minuto\" \/>\n<script type=\"application\/ld+json\" class=\"yoast-schema-graph\">{\"@context\":\"https:\\\/\\\/schema.org\",\"@graph\":[{\"@type\":\"WebPage\",\"@id\":\"https:\\\/\\\/minasgramados.com.br\\\/Loja\\\/produto\\\/toco-bric-10kg\\\/\",\"url\":\"https:\\\/\\\/minasgramados.com.br\\\/Loja\\\/produto\\\/toco-bric-10kg\\\/\",\"name\":\"Toco Bric de (10KG) - Minas Gramados -Toco Bric BH\",\"isPartOf\":{\"@id\":\"https:\\\/\\\/minasgramados.com.br\\\/Loja\\\/#website\"},\"primaryImageOfPage\":{\"@id\":\"https:\\\/\\\/minasgramados.com.br\\\/Loja\\\/produto\\\/toco-bric-10kg\\\/#primaryimage\"},\"image\":{\"@id\":\"https:\\\/\\\/minasgramados.com.br\\\/Loja\\\/produto\\\/toco-bric-10kg\\\/#primaryimage\"},\"thumbnailUrl\":\"https:\\\/\\\/minasgramados.com.br\\\/Loja\\\/wp-content\\\/uploads\\\/2016\\\/01\\\/bio-bric1.jpg\",\"datePublished\":\"2016-01-10T19:45:08+00:00\",\"dateModified\":\"2021-08-24T19:04:32+00:00\",\"description\":\"O Toco Bric \u00e9 um produto produzido a partir da madeira bruta, picada em forma de cavacos.Sendo utilizado em forra\u00e7\u00e3o de jardim, orqu\u00eddeas, vasos e cachepos.\",\"breadcrumb\":{\"@id\":\"https:\\\/\\\/minasgramados.com.br\\\/Loja\\\/produto\\\/toco-bric-10kg\\\/#breadcrumb\"},\"inLanguage\":\"pt-BR\",\"potentialAction\":[{\"@type\":\"ReadAction\",\"target\":[\"https:\\\/\\\/minasgramados.com.br\\\/Loja\\\/produto\\\/toco-bric-10kg\\\/\"]}]},{\"@type\":\"ImageObject\",\"inLanguage\":\"pt-BR\",\"@id\":\"https:\\\/\\\/minasgramados.com.br\\\/Loja\\\/produto\\\/toco-bric-10kg\\\/#primaryimage\",\"url\":\"https:\\\/\\\/minasgramados.com.br\\\/Loja\\\/wp-content\\\/uploads\\\/2016\\\/01\\\/bio-bric1.jpg\",\"contentUrl\":\"https:\\\/\\\/minasgramados.com.br\\\/Loja\\\/wp-content\\\/uploads\\\/2016\\\/01\\\/bio-bric1.jpg\",\"width\":800,\"height\":533},{\"@type\":\"BreadcrumbList\",\"@id\":\"https:\\\/\\\/minasgramados.com.br\\\/Loja\\\/produto\\\/toco-bric-10kg\\\/#breadcrumb\",\"itemListElement\":[{\"@type\":\"ListItem\",\"position\":1,\"name\":\"In\u00edcio\",\"item\":\"https:\\\/\\\/minasgramados.com.br\\\/Loja\\\/\"},{\"@type\":\"ListItem\",\"position\":2,\"name\":\"Loja\",\"item\":\"https:\\\/\\\/minasgramados.com.br\\\/Loja\\\/loja-modelo-03\\\/\"},{\"@type\":\"ListItem\",\"position\":3,\"name\":\"Toco Bric B1 (10KG)\"}]},{\"@type\":\"WebSite\",\"@id\":\"https:\\\/\\\/minasgramados.com.br\\\/Loja\\\/#website\",\"url\":\"https:\\\/\\\/minasgramados.com.br\\\/Loja\\\/\",\"name\":\"Minas Gramados - Paisagismo e Hidrossemeadura.\",\"description\":\"Distribuidora de Gramas adubos sementes em Betim e no Brasil.\",\"publisher\":{\"@id\":\"https:\\\/\\\/minasgramados.com.br\\\/Loja\\\/#organization\"},\"potentialAction\":[{\"@type\":\"SearchAction\",\"target\":{\"@type\":\"EntryPoint\",\"urlTemplate\":\"https:\\\/\\\/minasgramados.com.br\\\/Loja\\\/?s={search_term_string}\"},\"query-input\":{\"@type\":\"PropertyValueSpecification\",\"valueRequired\":true,\"valueName\":\"search_term_string\"}}],\"inLanguage\":\"pt-BR\"},{\"@type\":\"Organization\",\"@id\":\"https:\\\/\\\/minasgramados.com.br\\\/Loja\\\/#organization\",\"name\":\"Minas Gramados - Paisagismo e Hidrossemeadura.\",\"url\":\"https:\\\/\\\/minasgramados.com.br\\\/Loja\\\/\",\"logo\":{\"@type\":\"ImageObject\",\"inLanguage\":\"pt-BR\",\"@id\":\"https:\\\/\\\/minasgramados.com.br\\\/Loja\\\/#\\\/schema\\\/logo\\\/image\\\/\",\"url\":\"https:\\\/\\\/minasgramados.com.br\\\/Loja\\\/wp-content\\\/uploads\\\/2018\\\/06\\\/gramados-original-1.gif\",\"contentUrl\":\"https:\\\/\\\/minasgramados.com.br\\\/Loja\\\/wp-content\\\/uploads\\\/2018\\\/06\\\/gramados-original-1.gif\",\"width\":600,\"height\":300,\"caption\":\"Minas Gramados - Paisagismo e Hidrossemeadura.\"},\"image\":{\"@id\":\"https:\\\/\\\/minasgramados.com.br\\\/Loja\\\/#\\\/schema\\\/logo\\\/image\\\/\"}}]}<\/script>\n<!-- \/ Yoast SEO plugin. -->","yoast_head_json":{"title":"Toco Bric de (10KG) - Minas Gramados -Toco Bric BH","description":"O Toco Bric \u00e9 um produto produzido a partir da madeira bruta, picada em forma de cavacos.Sendo utilizado em forra\u00e7\u00e3o de jardim, orqu\u00eddeas, vasos e cachepos.","robots":{"index":"index","follow":"follow","max-snippet":"max-snippet:-1","max-image-preview":"max-image-preview:large","max-video-preview":"max-video-preview:-1"},"canonical":"https:\/\/minasgramados.com.br\/Loja\/produto\/toco-bric-10kg\/","twitter_card":"summary_large_image","twitter_title":"Toco Bric de (10KG) - Minas Gramados -Toco Bric BH","twitter_description":"O Toco Bric \u00e9 um produto produzido a partir da madeira bruta, picada em forma de cavacos.Sendo utilizado em forra\u00e7\u00e3o de jardim, orqu\u00eddeas, vasos e cachepos.","twitter_image":"https:\/\/minasgramados.com.br\/Loja\/wp-content\/uploads\/2016\/01\/bio-bric1.jpg","twitter_misc":{"Est. tempo de leitura":"1 minuto"},"schema":{"@context":"https:\/\/schema.org","@graph":[{"@type":"WebPage","@id":"https:\/\/minasgramados.com.br\/Loja\/produto\/toco-bric-10kg\/","url":"https:\/\/minasgramados.com.br\/Loja\/produto\/toco-bric-10kg\/","name":"Toco Bric de (10KG) - Minas Gramados -Toco Bric BH","isPartOf":{"@id":"https:\/\/minasgramados.com.br\/Loja\/#website"},"primaryImageOfPage":{"@id":"https:\/\/minasgramados.com.br\/Loja\/produto\/toco-bric-10kg\/#primaryimage"},"image":{"@id":"https:\/\/minasgramados.com.br\/Loja\/produto\/toco-bric-10kg\/#primaryimage"},"thumbnailUrl":"https:\/\/minasgramados.com.br\/Loja\/wp-content\/uploads\/2016\/01\/bio-bric1.jpg","datePublished":"2016-01-10T19:45:08+00:00","dateModified":"2021-08-24T19:04:32+00:00","description":"O Toco Bric \u00e9 um produto produzido a partir da madeira bruta, picada em forma de cavacos.Sendo utilizado em forra\u00e7\u00e3o de jardim, orqu\u00eddeas, vasos e cachepos.","breadcrumb":{"@id":"https:\/\/minasgramados.com.br\/Loja\/produto\/toco-bric-10kg\/#breadcrumb"},"inLanguage":"pt-BR","potentialAction":[{"@type":"ReadAction","target":["https:\/\/minasgramados.com.br\/Loja\/produto\/toco-bric-10kg\/"]}]},{"@type":"ImageObject","inLanguage":"pt-BR","@id":"https:\/\/minasgramados.com.br\/Loja\/produto\/toco-bric-10kg\/#primaryimage","url":"https:\/\/minasgramados.com.br\/Loja\/wp-content\/uploads\/2016\/01\/bio-bric1.jpg","contentUrl":"https:\/\/minasgramados.com.br\/Loja\/wp-content\/uploads\/2016\/01\/bio-bric1.jpg","width":800,"height":533},{"@type":"BreadcrumbList","@id":"https:\/\/minasgramados.com.br\/Loja\/produto\/toco-bric-10kg\/#breadcrumb","itemListElement":[{"@type":"ListItem","position":1,"name":"In\u00edcio","item":"https:\/\/minasgramados.com.br\/Loja\/"},{"@type":"ListItem","position":2,"name":"Loja","item":"https:\/\/minasgramados.com.br\/Loja\/loja-modelo-03\/"},{"@type":"ListItem","position":3,"name":"Toco Bric B1 (10KG)"}]},{"@type":"WebSite","@id":"https:\/\/minasgramados.com.br\/Loja\/#website","url":"https:\/\/minasgramados.com.br\/Loja\/","name":"Minas Gramados - Paisagismo e Hidrossemeadura.","description":"Distribuidora de Gramas adubos sementes em Betim e no Brasil.","publisher":{"@id":"https:\/\/minasgramados.com.br\/Loja\/#organization"},"potentialAction":[{"@type":"SearchAction","target":{"@type":"EntryPoint","urlTemplate":"https:\/\/minasgramados.com.br\/Loja\/?s={search_term_string}"},"query-input":{"@type":"PropertyValueSpecification","valueRequired":true,"valueName":"search_term_string"}}],"inLanguage":"pt-BR"},{"@type":"Organization","@id":"https:\/\/minasgramados.com.br\/Loja\/#organization","name":"Minas Gramados - Paisagismo e Hidrossemeadura.","url":"https:\/\/minasgramados.com.br\/Loja\/","logo":{"@type":"ImageObject","inLanguage":"pt-BR","@id":"https:\/\/minasgramados.com.br\/Loja\/#\/schema\/logo\/image\/","url":"https:\/\/minasgramados.com.br\/Loja\/wp-content\/uploads\/2018\/06\/gramados-original-1.gif","contentUrl":"https:\/\/minasgramados.com.br\/Loja\/wp-content\/uploads\/2018\/06\/gramados-original-1.gif","width":600,"height":300,"caption":"Minas Gramados - Paisagismo e Hidrossemeadura."},"image":{"@id":"https:\/\/minasgramados.com.br\/Loja\/#\/schema\/logo\/image\/"}}]}},"_links":{"self":[{"href":"https:\/\/minasgramados.com.br\/Loja\/wp-json\/wp\/v2\/product\/1740","targetHints":{"allow":["GET"]}}],"collection":[{"href":"https:\/\/minasgramados.com.br\/Loja\/wp-json\/wp\/v2\/product"}],"about":[{"href":"https:\/\/minasgramados.com.br\/Loja\/wp-json\/wp\/v2\/types\/product"}],"wp:featuredmedia":[{"embeddable":true,"href":"https:\/\/minasgramados.com.br\/Loja\/wp-json\/wp\/v2\/media\/1741"}],"wp:attachment":[{"href":"https:\/\/minasgramados.com.br\/Loja\/wp-json\/wp\/v2\/media?parent=1740"}],"wp:term":[{"taxonomy":"product_brand","embeddable":true,"href":"https:\/\/minasgramados.com.br\/Loja\/wp-json\/wp\/v2\/product_brand?post=1740"},{"taxonomy":"product_cat","embeddable":true,"href":"https:\/\/minasgramados.com.br\/Loja\/wp-json\/wp\/v2\/product_cat?post=1740"},{"taxonomy":"product_tag","embeddable":true,"href":"https:\/\/minasgramados.com.br\/Loja\/wp-json\/wp\/v2\/product_tag?post=1740"}],"curies":[{"name":"wp","href":"https:\/\/api.w.org\/{rel}","templated":true}]}}