{"id":1746,"date":"2016-01-10T19:50:34","date_gmt":"2016-01-10T22:50:34","guid":{"rendered":"http:\/\/minasgramados.com.br\/Loja\/?post_type=product&#038;p=1746"},"modified":"2023-07-13T20:40:17","modified_gmt":"2023-07-13T23:40:17","slug":"terra-adubada-25kg","status":"publish","type":"product","link":"https:\/\/minasgramados.com.br\/Loja\/produto\/terra-adubada-25kg\/","title":{"rendered":"Terra Vegetal Adubada (25KG)"},"content":{"rendered":"<p style=\"text-align: justify;\">Fornecemos terra vegetal adubada, que \u00e9 ideal para o plantio e manuten\u00e7\u00e3o de plantas ornamentais, frut\u00edferas, hortali\u00e7as e gramados, \u00c9 uma terra composta por terra vegetal adicionada ao esterco, esterilizada at\u00f3xica e sem cheiro; al\u00e9m disso ela aumenta a durabilidade e a resist\u00eancia das plantas \u00e0s doen\u00e7as e fatores clim\u00e1ticos. Isenta de pragas e ervas daninhas, melhora a aera\u00e7\u00e3o e drenagem do solo e pode ser misturada \u00e0 fertilizantes qu\u00edmicos (com aten\u00e7\u00e3o \u00e0s dosagens aplicadas), al\u00e9m de possuir validade indeterminada.<\/p>\n<p style=\"text-align: justify;\">&#8211; Isenta de pragas e ervas daninhas<br \/>\n&#8211; Isento de Bact\u00e9rias e Cupins<br \/>\n&#8211; Possui validade indeterminada<br \/>\n&#8211; Conserva a umidade do solo<br \/>\n&#8211; Produto direto da Natureza<br \/>\n&#8211; Complemento para jardineiras, vasos e canteiros<\/p>\n<p style=\"text-align: justify;\">OBS: Venda m\u00ednima de 1 saco de 20kg ou 25 kg , retire na loja ou consulte nosso SAC para informa\u00e7\u00f5es sobre o frete.<\/p>\n","protected":false},"excerpt":{"rendered":"<p style=\"text-align: justify;\">Fornecemos terra vegetal adubada que \u00e9 ideal para o plantio e manuten\u00e7\u00e3o de plantas ornamentais, frut\u00edferas, hortali\u00e7as e gramados; \u00c9 uma terra composta por terra vegetal adicionada ao esterco, esterilizada at\u00f3xica e sem cheiro. <span style=\"color: #ff0000;\">(Obs.): Temos os sacos da terra adubada em estoque para sacos de 20 ou 25 KG e sua venda \u00e9 somente por telefone e via ordem de compra).<\/span><\/p>\n","protected":false},"featured_media":2850,"template":"","meta":{"_joinchat":[]},"product_brand":[],"product_cat":[11,15],"product_tag":[],"class_list":{"0":"post-1746","1":"product","2":"type-product","3":"status-publish","4":"has-post-thumbnail","6":"product_cat-adubos-e-substratos","7":"product_cat-jardinagem","8":"product_shipping_class-transportadora","9":"entry","10":"has-media","12":"first","13":"outofstock","14":"sale","15":"shipping-taxable","16":"purchasable","17":"product-type-simple","18":"col","19":"wpex-woo-entry","20":"span_1_of_4"},"yoast_head":"<!-- This site is optimized with the Yoast SEO plugin v27.3 - https:\/\/yoast.com\/product\/yoast-seo-wordpress\/ -->\n<title>Terra Adubada (25KG) - Terra Adubada BH Betim<\/title>\n<meta name=\"description\" content=\"Terra Adubada \u00e9 ideal para o plantio e manuten\u00e7\u00e3o de plantas ornamentais, frut\u00edferas, hortali\u00e7as e gramados; produto de excelente qualidade.\" \/>\n<meta name=\"robots\" content=\"index, follow, max-snippet:-1, max-image-preview:large, max-video-preview:-1\" \/>\n<link rel=\"canonical\" href=\"https:\/\/minasgramados.com.br\/Loja\/produto\/terra-adubada-25kg\/\" \/>\n<meta name=\"twitter:card\" content=\"summary_large_image\" \/>\n<meta name=\"twitter:title\" content=\"Terra Adubada (25KG) - Terra Adubada BH Betim\" \/>\n<meta name=\"twitter:description\" content=\"Terra Adubada \u00e9 ideal para o plantio e manuten\u00e7\u00e3o de plantas ornamentais, frut\u00edferas, hortali\u00e7as e gramados; produto de excelente qualidade.\" \/>\n<meta name=\"twitter:image\" content=\"https:\/\/minasgramados.com.br\/Loja\/wp-content\/uploads\/2016\/01\/Terra-Vegetal-Adubada.jpg\" \/>\n<meta name=\"twitter:label1\" content=\"Est. tempo de leitura\" \/>\n\t<meta name=\"twitter:data1\" content=\"1 minuto\" \/>\n<script type=\"application\/ld+json\" class=\"yoast-schema-graph\">{\"@context\":\"https:\\\/\\\/schema.org\",\"@graph\":[{\"@type\":\"WebPage\",\"@id\":\"https:\\\/\\\/minasgramados.com.br\\\/Loja\\\/produto\\\/terra-adubada-25kg\\\/\",\"url\":\"https:\\\/\\\/minasgramados.com.br\\\/Loja\\\/produto\\\/terra-adubada-25kg\\\/\",\"name\":\"Terra Adubada (25KG) - Terra Adubada BH Betim\",\"isPartOf\":{\"@id\":\"https:\\\/\\\/minasgramados.com.br\\\/Loja\\\/#website\"},\"primaryImageOfPage\":{\"@id\":\"https:\\\/\\\/minasgramados.com.br\\\/Loja\\\/produto\\\/terra-adubada-25kg\\\/#primaryimage\"},\"image\":{\"@id\":\"https:\\\/\\\/minasgramados.com.br\\\/Loja\\\/produto\\\/terra-adubada-25kg\\\/#primaryimage\"},\"thumbnailUrl\":\"https:\\\/\\\/minasgramados.com.br\\\/Loja\\\/wp-content\\\/uploads\\\/2016\\\/01\\\/Terra-Vegetal-Adubada.jpg\",\"datePublished\":\"2016-01-10T22:50:34+00:00\",\"dateModified\":\"2023-07-13T23:40:17+00:00\",\"description\":\"Terra Adubada \u00e9 ideal para o plantio e manuten\u00e7\u00e3o de plantas ornamentais, frut\u00edferas, hortali\u00e7as e gramados; produto de excelente qualidade.\",\"breadcrumb\":{\"@id\":\"https:\\\/\\\/minasgramados.com.br\\\/Loja\\\/produto\\\/terra-adubada-25kg\\\/#breadcrumb\"},\"inLanguage\":\"pt-BR\",\"potentialAction\":[{\"@type\":\"ReadAction\",\"target\":[\"https:\\\/\\\/minasgramados.com.br\\\/Loja\\\/produto\\\/terra-adubada-25kg\\\/\"]}]},{\"@type\":\"ImageObject\",\"inLanguage\":\"pt-BR\",\"@id\":\"https:\\\/\\\/minasgramados.com.br\\\/Loja\\\/produto\\\/terra-adubada-25kg\\\/#primaryimage\",\"url\":\"https:\\\/\\\/minasgramados.com.br\\\/Loja\\\/wp-content\\\/uploads\\\/2016\\\/01\\\/Terra-Vegetal-Adubada.jpg\",\"contentUrl\":\"https:\\\/\\\/minasgramados.com.br\\\/Loja\\\/wp-content\\\/uploads\\\/2016\\\/01\\\/Terra-Vegetal-Adubada.jpg\",\"width\":768,\"height\":768},{\"@type\":\"BreadcrumbList\",\"@id\":\"https:\\\/\\\/minasgramados.com.br\\\/Loja\\\/produto\\\/terra-adubada-25kg\\\/#breadcrumb\",\"itemListElement\":[{\"@type\":\"ListItem\",\"position\":1,\"name\":\"In\u00edcio\",\"item\":\"https:\\\/\\\/minasgramados.com.br\\\/Loja\\\/\"},{\"@type\":\"ListItem\",\"position\":2,\"name\":\"Loja\",\"item\":\"https:\\\/\\\/minasgramados.com.br\\\/Loja\\\/loja-modelo-03\\\/\"},{\"@type\":\"ListItem\",\"position\":3,\"name\":\"Terra Vegetal Adubada (25KG)\"}]},{\"@type\":\"WebSite\",\"@id\":\"https:\\\/\\\/minasgramados.com.br\\\/Loja\\\/#website\",\"url\":\"https:\\\/\\\/minasgramados.com.br\\\/Loja\\\/\",\"name\":\"Minas Gramados - Paisagismo e Hidrossemeadura.\",\"description\":\"Distribuidora de Gramas adubos sementes em Betim e no Brasil.\",\"publisher\":{\"@id\":\"https:\\\/\\\/minasgramados.com.br\\\/Loja\\\/#organization\"},\"potentialAction\":[{\"@type\":\"SearchAction\",\"target\":{\"@type\":\"EntryPoint\",\"urlTemplate\":\"https:\\\/\\\/minasgramados.com.br\\\/Loja\\\/?s={search_term_string}\"},\"query-input\":{\"@type\":\"PropertyValueSpecification\",\"valueRequired\":true,\"valueName\":\"search_term_string\"}}],\"inLanguage\":\"pt-BR\"},{\"@type\":\"Organization\",\"@id\":\"https:\\\/\\\/minasgramados.com.br\\\/Loja\\\/#organization\",\"name\":\"Minas Gramados - Paisagismo e Hidrossemeadura.\",\"url\":\"https:\\\/\\\/minasgramados.com.br\\\/Loja\\\/\",\"logo\":{\"@type\":\"ImageObject\",\"inLanguage\":\"pt-BR\",\"@id\":\"https:\\\/\\\/minasgramados.com.br\\\/Loja\\\/#\\\/schema\\\/logo\\\/image\\\/\",\"url\":\"https:\\\/\\\/minasgramados.com.br\\\/Loja\\\/wp-content\\\/uploads\\\/2018\\\/06\\\/gramados-original-1.gif\",\"contentUrl\":\"https:\\\/\\\/minasgramados.com.br\\\/Loja\\\/wp-content\\\/uploads\\\/2018\\\/06\\\/gramados-original-1.gif\",\"width\":600,\"height\":300,\"caption\":\"Minas Gramados - Paisagismo e Hidrossemeadura.\"},\"image\":{\"@id\":\"https:\\\/\\\/minasgramados.com.br\\\/Loja\\\/#\\\/schema\\\/logo\\\/image\\\/\"}}]}<\/script>\n<!-- \/ Yoast SEO plugin. -->","yoast_head_json":{"title":"Terra Adubada (25KG) - Terra Adubada BH Betim","description":"Terra Adubada \u00e9 ideal para o plantio e manuten\u00e7\u00e3o de plantas ornamentais, frut\u00edferas, hortali\u00e7as e gramados; produto de excelente qualidade.","robots":{"index":"index","follow":"follow","max-snippet":"max-snippet:-1","max-image-preview":"max-image-preview:large","max-video-preview":"max-video-preview:-1"},"canonical":"https:\/\/minasgramados.com.br\/Loja\/produto\/terra-adubada-25kg\/","twitter_card":"summary_large_image","twitter_title":"Terra Adubada (25KG) - Terra Adubada BH Betim","twitter_description":"Terra Adubada \u00e9 ideal para o plantio e manuten\u00e7\u00e3o de plantas ornamentais, frut\u00edferas, hortali\u00e7as e gramados; produto de excelente qualidade.","twitter_image":"https:\/\/minasgramados.com.br\/Loja\/wp-content\/uploads\/2016\/01\/Terra-Vegetal-Adubada.jpg","twitter_misc":{"Est. tempo de leitura":"1 minuto"},"schema":{"@context":"https:\/\/schema.org","@graph":[{"@type":"WebPage","@id":"https:\/\/minasgramados.com.br\/Loja\/produto\/terra-adubada-25kg\/","url":"https:\/\/minasgramados.com.br\/Loja\/produto\/terra-adubada-25kg\/","name":"Terra Adubada (25KG) - Terra Adubada BH Betim","isPartOf":{"@id":"https:\/\/minasgramados.com.br\/Loja\/#website"},"primaryImageOfPage":{"@id":"https:\/\/minasgramados.com.br\/Loja\/produto\/terra-adubada-25kg\/#primaryimage"},"image":{"@id":"https:\/\/minasgramados.com.br\/Loja\/produto\/terra-adubada-25kg\/#primaryimage"},"thumbnailUrl":"https:\/\/minasgramados.com.br\/Loja\/wp-content\/uploads\/2016\/01\/Terra-Vegetal-Adubada.jpg","datePublished":"2016-01-10T22:50:34+00:00","dateModified":"2023-07-13T23:40:17+00:00","description":"Terra Adubada \u00e9 ideal para o plantio e manuten\u00e7\u00e3o de plantas ornamentais, frut\u00edferas, hortali\u00e7as e gramados; produto de excelente qualidade.","breadcrumb":{"@id":"https:\/\/minasgramados.com.br\/Loja\/produto\/terra-adubada-25kg\/#breadcrumb"},"inLanguage":"pt-BR","potentialAction":[{"@type":"ReadAction","target":["https:\/\/minasgramados.com.br\/Loja\/produto\/terra-adubada-25kg\/"]}]},{"@type":"ImageObject","inLanguage":"pt-BR","@id":"https:\/\/minasgramados.com.br\/Loja\/produto\/terra-adubada-25kg\/#primaryimage","url":"https:\/\/minasgramados.com.br\/Loja\/wp-content\/uploads\/2016\/01\/Terra-Vegetal-Adubada.jpg","contentUrl":"https:\/\/minasgramados.com.br\/Loja\/wp-content\/uploads\/2016\/01\/Terra-Vegetal-Adubada.jpg","width":768,"height":768},{"@type":"BreadcrumbList","@id":"https:\/\/minasgramados.com.br\/Loja\/produto\/terra-adubada-25kg\/#breadcrumb","itemListElement":[{"@type":"ListItem","position":1,"name":"In\u00edcio","item":"https:\/\/minasgramados.com.br\/Loja\/"},{"@type":"ListItem","position":2,"name":"Loja","item":"https:\/\/minasgramados.com.br\/Loja\/loja-modelo-03\/"},{"@type":"ListItem","position":3,"name":"Terra Vegetal Adubada (25KG)"}]},{"@type":"WebSite","@id":"https:\/\/minasgramados.com.br\/Loja\/#website","url":"https:\/\/minasgramados.com.br\/Loja\/","name":"Minas Gramados - Paisagismo e Hidrossemeadura.","description":"Distribuidora de Gramas adubos sementes em Betim e no Brasil.","publisher":{"@id":"https:\/\/minasgramados.com.br\/Loja\/#organization"},"potentialAction":[{"@type":"SearchAction","target":{"@type":"EntryPoint","urlTemplate":"https:\/\/minasgramados.com.br\/Loja\/?s={search_term_string}"},"query-input":{"@type":"PropertyValueSpecification","valueRequired":true,"valueName":"search_term_string"}}],"inLanguage":"pt-BR"},{"@type":"Organization","@id":"https:\/\/minasgramados.com.br\/Loja\/#organization","name":"Minas Gramados - Paisagismo e Hidrossemeadura.","url":"https:\/\/minasgramados.com.br\/Loja\/","logo":{"@type":"ImageObject","inLanguage":"pt-BR","@id":"https:\/\/minasgramados.com.br\/Loja\/#\/schema\/logo\/image\/","url":"https:\/\/minasgramados.com.br\/Loja\/wp-content\/uploads\/2018\/06\/gramados-original-1.gif","contentUrl":"https:\/\/minasgramados.com.br\/Loja\/wp-content\/uploads\/2018\/06\/gramados-original-1.gif","width":600,"height":300,"caption":"Minas Gramados - Paisagismo e Hidrossemeadura."},"image":{"@id":"https:\/\/minasgramados.com.br\/Loja\/#\/schema\/logo\/image\/"}}]}},"_links":{"self":[{"href":"https:\/\/minasgramados.com.br\/Loja\/wp-json\/wp\/v2\/product\/1746","targetHints":{"allow":["GET"]}}],"collection":[{"href":"https:\/\/minasgramados.com.br\/Loja\/wp-json\/wp\/v2\/product"}],"about":[{"href":"https:\/\/minasgramados.com.br\/Loja\/wp-json\/wp\/v2\/types\/product"}],"wp:featuredmedia":[{"embeddable":true,"href":"https:\/\/minasgramados.com.br\/Loja\/wp-json\/wp\/v2\/media\/2850"}],"wp:attachment":[{"href":"https:\/\/minasgramados.com.br\/Loja\/wp-json\/wp\/v2\/media?parent=1746"}],"wp:term":[{"taxonomy":"product_brand","embeddable":true,"href":"https:\/\/minasgramados.com.br\/Loja\/wp-json\/wp\/v2\/product_brand?post=1746"},{"taxonomy":"product_cat","embeddable":true,"href":"https:\/\/minasgramados.com.br\/Loja\/wp-json\/wp\/v2\/product_cat?post=1746"},{"taxonomy":"product_tag","embeddable":true,"href":"https:\/\/minasgramados.com.br\/Loja\/wp-json\/wp\/v2\/product_tag?post=1746"}],"curies":[{"name":"wp","href":"https:\/\/api.w.org\/{rel}","templated":true}]}}