{"id":1749,"date":"2016-01-10T21:34:08","date_gmt":"2016-01-11T00:34:08","guid":{"rendered":"http:\/\/minasgramados.com.br\/Loja\/?post_type=product&#038;p=1749"},"modified":"2022-11-01T11:01:39","modified_gmt":"2022-11-01T14:01:39","slug":"terra-vegetal-sc-25kg","status":"publish","type":"product","link":"https:\/\/minasgramados.com.br\/Loja\/produto\/terra-vegetal-sc-25kg\/","title":{"rendered":"Terra vegetal comum  (Sacos 25KG)"},"content":{"rendered":"<p style=\"text-align: justify;\">A Terra Vegetal comum \u00e9 um composto natural perfeita para receber suas plantas e flores, ficando melhor acrescentando nela mat\u00e9ria org\u00e2nica e micronutrientes necess\u00e1rios para o enraizamento e forma\u00e7\u00e3o de um gramado perfeito, utilizada como base para o plantio da grama, \u00e9 aplicada antes da coloca\u00e7\u00e3o do tapete de gramas, podendo ser misturada \u00e0 terra j\u00e1 existente no local, lembrando que nossa terra vegetal hoje \u00e9 pobre em macro e micronutrientes necess\u00e1rio a aplica\u00e7\u00e3o de uma aduba\u00e7\u00e3o rica desses nutrientes.<\/p>\n<p style=\"text-align: justify;\">\u00c9 ideal para complemento no plantio e manuten\u00e7\u00e3o de plantas ornamentais, frut\u00edferas, hortali\u00e7as e gramados.<\/p>\n<p style=\"text-align: justify;\">Nossas embalagens e condi\u00e7\u00f5es comerciais conforme abaixo:<\/p>\n<p style=\"text-align: justify;\">*Compras conforme quantidades abaixo:<\/p>\n<p style=\"text-align: justify;\">* 01 a 299 Uni:&#8230;&#8230;R$ 13,50<br \/>\n* 300 a 600 Uni:&#8230;R$ 13,00<br \/>\n* 601 Ou mais:&#8230;&#8230;R$ 12,50<\/p>\n<p><strong>Observa\u00e7\u00e3o: <\/strong>Os pre\u00e7os acima est\u00e3o sujeitos a altera\u00e7\u00f5es sem aviso previso<\/p>\n","protected":false},"excerpt":{"rendered":"<p style=\"text-align: justify;\">A Terra Vegetal comum \u00e9 um composto natural perfeita para receber suas plantas e flores, ficando melhor acrescentando nela mat\u00e9ria org\u00e2nica e macronutrientes necess\u00e1rios para o enraizamento e forma\u00e7\u00e3o de um gramado perfeito, utilizada como base para o plantio de gramas, e de outras plantas.\u00a0<span style=\"color: #ff0000;\">Obs: Temos a terra vegetal comum em sacos de 25 KG e os pedidos s\u00e3o \u00a0feito somente \u00a0por encomenda e sua venda \u00e9 feita por telefone \u00a0e via ordem de compra.<\/span><\/p>\n","protected":false},"featured_media":2848,"template":"","meta":{"_joinchat":[]},"product_brand":[],"product_cat":[11,15],"product_tag":[],"class_list":{"0":"post-1749","1":"product","2":"type-product","3":"status-publish","4":"has-post-thumbnail","6":"product_cat-adubos-e-substratos","7":"product_cat-jardinagem","8":"product_shipping_class-transportadora","9":"entry","10":"has-media","12":"first","13":"outofstock","14":"sale","15":"shipping-taxable","16":"purchasable","17":"product-type-simple","18":"col","19":"wpex-woo-entry","20":"span_1_of_4"},"yoast_head":"<!-- This site is optimized with the Yoast SEO plugin v27.3 - https:\/\/yoast.com\/product\/yoast-seo-wordpress\/ -->\n<title>Terra vegetal comum (25KG) - Terra vegetal BH Contagem<\/title>\n<meta name=\"description\" content=\"A Terra Vegetal comum \u00e9 um composto rico em mat\u00e9ria org\u00e2nica e macronutrientes necess\u00e1rios para o enraizamento e forma\u00e7\u00e3o de um gramado perfeito.\" \/>\n<meta name=\"robots\" content=\"index, follow, max-snippet:-1, max-image-preview:large, max-video-preview:-1\" \/>\n<link rel=\"canonical\" href=\"https:\/\/minasgramados.com.br\/Loja\/produto\/terra-vegetal-sc-25kg\/\" \/>\n<meta name=\"twitter:card\" content=\"summary_large_image\" \/>\n<meta name=\"twitter:title\" content=\"Terra vegetal comum (25KG) - Terra vegetal BH Contagem\" \/>\n<meta name=\"twitter:description\" content=\"A Terra Vegetal comum \u00e9 um composto rico em mat\u00e9ria org\u00e2nica e macronutrientes necess\u00e1rios para o enraizamento e forma\u00e7\u00e3o de um gramado perfeito.\" \/>\n<meta name=\"twitter:image\" content=\"https:\/\/minasgramados.com.br\/Loja\/wp-content\/uploads\/2016\/01\/Terra-Vegetal-25-KG.jpg\" \/>\n<meta name=\"twitter:label1\" content=\"Est. tempo de leitura\" \/>\n\t<meta name=\"twitter:data1\" content=\"1 minuto\" \/>\n<script type=\"application\/ld+json\" class=\"yoast-schema-graph\">{\"@context\":\"https:\\\/\\\/schema.org\",\"@graph\":[{\"@type\":\"WebPage\",\"@id\":\"https:\\\/\\\/minasgramados.com.br\\\/Loja\\\/produto\\\/terra-vegetal-sc-25kg\\\/\",\"url\":\"https:\\\/\\\/minasgramados.com.br\\\/Loja\\\/produto\\\/terra-vegetal-sc-25kg\\\/\",\"name\":\"Terra vegetal comum (25KG) - Terra vegetal BH Contagem\",\"isPartOf\":{\"@id\":\"https:\\\/\\\/minasgramados.com.br\\\/Loja\\\/#website\"},\"primaryImageOfPage\":{\"@id\":\"https:\\\/\\\/minasgramados.com.br\\\/Loja\\\/produto\\\/terra-vegetal-sc-25kg\\\/#primaryimage\"},\"image\":{\"@id\":\"https:\\\/\\\/minasgramados.com.br\\\/Loja\\\/produto\\\/terra-vegetal-sc-25kg\\\/#primaryimage\"},\"thumbnailUrl\":\"https:\\\/\\\/minasgramados.com.br\\\/Loja\\\/wp-content\\\/uploads\\\/2016\\\/01\\\/Terra-Vegetal-25-KG.jpg\",\"datePublished\":\"2016-01-11T00:34:08+00:00\",\"dateModified\":\"2022-11-01T14:01:39+00:00\",\"description\":\"A Terra Vegetal comum \u00e9 um composto rico em mat\u00e9ria org\u00e2nica e macronutrientes necess\u00e1rios para o enraizamento e forma\u00e7\u00e3o de um gramado perfeito.\",\"breadcrumb\":{\"@id\":\"https:\\\/\\\/minasgramados.com.br\\\/Loja\\\/produto\\\/terra-vegetal-sc-25kg\\\/#breadcrumb\"},\"inLanguage\":\"pt-BR\",\"potentialAction\":[{\"@type\":\"ReadAction\",\"target\":[\"https:\\\/\\\/minasgramados.com.br\\\/Loja\\\/produto\\\/terra-vegetal-sc-25kg\\\/\"]}]},{\"@type\":\"ImageObject\",\"inLanguage\":\"pt-BR\",\"@id\":\"https:\\\/\\\/minasgramados.com.br\\\/Loja\\\/produto\\\/terra-vegetal-sc-25kg\\\/#primaryimage\",\"url\":\"https:\\\/\\\/minasgramados.com.br\\\/Loja\\\/wp-content\\\/uploads\\\/2016\\\/01\\\/Terra-Vegetal-25-KG.jpg\",\"contentUrl\":\"https:\\\/\\\/minasgramados.com.br\\\/Loja\\\/wp-content\\\/uploads\\\/2016\\\/01\\\/Terra-Vegetal-25-KG.jpg\",\"width\":768,\"height\":737},{\"@type\":\"BreadcrumbList\",\"@id\":\"https:\\\/\\\/minasgramados.com.br\\\/Loja\\\/produto\\\/terra-vegetal-sc-25kg\\\/#breadcrumb\",\"itemListElement\":[{\"@type\":\"ListItem\",\"position\":1,\"name\":\"In\u00edcio\",\"item\":\"https:\\\/\\\/minasgramados.com.br\\\/Loja\\\/\"},{\"@type\":\"ListItem\",\"position\":2,\"name\":\"Loja\",\"item\":\"https:\\\/\\\/minasgramados.com.br\\\/Loja\\\/loja-modelo-03\\\/\"},{\"@type\":\"ListItem\",\"position\":3,\"name\":\"Terra vegetal comum (Sacos 25KG)\"}]},{\"@type\":\"WebSite\",\"@id\":\"https:\\\/\\\/minasgramados.com.br\\\/Loja\\\/#website\",\"url\":\"https:\\\/\\\/minasgramados.com.br\\\/Loja\\\/\",\"name\":\"Minas Gramados - Paisagismo e Hidrossemeadura.\",\"description\":\"Distribuidora de Gramas adubos sementes em Betim e no Brasil.\",\"publisher\":{\"@id\":\"https:\\\/\\\/minasgramados.com.br\\\/Loja\\\/#organization\"},\"potentialAction\":[{\"@type\":\"SearchAction\",\"target\":{\"@type\":\"EntryPoint\",\"urlTemplate\":\"https:\\\/\\\/minasgramados.com.br\\\/Loja\\\/?s={search_term_string}\"},\"query-input\":{\"@type\":\"PropertyValueSpecification\",\"valueRequired\":true,\"valueName\":\"search_term_string\"}}],\"inLanguage\":\"pt-BR\"},{\"@type\":\"Organization\",\"@id\":\"https:\\\/\\\/minasgramados.com.br\\\/Loja\\\/#organization\",\"name\":\"Minas Gramados - Paisagismo e Hidrossemeadura.\",\"url\":\"https:\\\/\\\/minasgramados.com.br\\\/Loja\\\/\",\"logo\":{\"@type\":\"ImageObject\",\"inLanguage\":\"pt-BR\",\"@id\":\"https:\\\/\\\/minasgramados.com.br\\\/Loja\\\/#\\\/schema\\\/logo\\\/image\\\/\",\"url\":\"https:\\\/\\\/minasgramados.com.br\\\/Loja\\\/wp-content\\\/uploads\\\/2018\\\/06\\\/gramados-original-1.gif\",\"contentUrl\":\"https:\\\/\\\/minasgramados.com.br\\\/Loja\\\/wp-content\\\/uploads\\\/2018\\\/06\\\/gramados-original-1.gif\",\"width\":600,\"height\":300,\"caption\":\"Minas Gramados - Paisagismo e Hidrossemeadura.\"},\"image\":{\"@id\":\"https:\\\/\\\/minasgramados.com.br\\\/Loja\\\/#\\\/schema\\\/logo\\\/image\\\/\"}}]}<\/script>\n<!-- \/ Yoast SEO plugin. -->","yoast_head_json":{"title":"Terra vegetal comum (25KG) - Terra vegetal BH Contagem","description":"A Terra Vegetal comum \u00e9 um composto rico em mat\u00e9ria org\u00e2nica e macronutrientes necess\u00e1rios para o enraizamento e forma\u00e7\u00e3o de um gramado perfeito.","robots":{"index":"index","follow":"follow","max-snippet":"max-snippet:-1","max-image-preview":"max-image-preview:large","max-video-preview":"max-video-preview:-1"},"canonical":"https:\/\/minasgramados.com.br\/Loja\/produto\/terra-vegetal-sc-25kg\/","twitter_card":"summary_large_image","twitter_title":"Terra vegetal comum (25KG) - Terra vegetal BH Contagem","twitter_description":"A Terra Vegetal comum \u00e9 um composto rico em mat\u00e9ria org\u00e2nica e macronutrientes necess\u00e1rios para o enraizamento e forma\u00e7\u00e3o de um gramado perfeito.","twitter_image":"https:\/\/minasgramados.com.br\/Loja\/wp-content\/uploads\/2016\/01\/Terra-Vegetal-25-KG.jpg","twitter_misc":{"Est. tempo de leitura":"1 minuto"},"schema":{"@context":"https:\/\/schema.org","@graph":[{"@type":"WebPage","@id":"https:\/\/minasgramados.com.br\/Loja\/produto\/terra-vegetal-sc-25kg\/","url":"https:\/\/minasgramados.com.br\/Loja\/produto\/terra-vegetal-sc-25kg\/","name":"Terra vegetal comum (25KG) - Terra vegetal BH Contagem","isPartOf":{"@id":"https:\/\/minasgramados.com.br\/Loja\/#website"},"primaryImageOfPage":{"@id":"https:\/\/minasgramados.com.br\/Loja\/produto\/terra-vegetal-sc-25kg\/#primaryimage"},"image":{"@id":"https:\/\/minasgramados.com.br\/Loja\/produto\/terra-vegetal-sc-25kg\/#primaryimage"},"thumbnailUrl":"https:\/\/minasgramados.com.br\/Loja\/wp-content\/uploads\/2016\/01\/Terra-Vegetal-25-KG.jpg","datePublished":"2016-01-11T00:34:08+00:00","dateModified":"2022-11-01T14:01:39+00:00","description":"A Terra Vegetal comum \u00e9 um composto rico em mat\u00e9ria org\u00e2nica e macronutrientes necess\u00e1rios para o enraizamento e forma\u00e7\u00e3o de um gramado perfeito.","breadcrumb":{"@id":"https:\/\/minasgramados.com.br\/Loja\/produto\/terra-vegetal-sc-25kg\/#breadcrumb"},"inLanguage":"pt-BR","potentialAction":[{"@type":"ReadAction","target":["https:\/\/minasgramados.com.br\/Loja\/produto\/terra-vegetal-sc-25kg\/"]}]},{"@type":"ImageObject","inLanguage":"pt-BR","@id":"https:\/\/minasgramados.com.br\/Loja\/produto\/terra-vegetal-sc-25kg\/#primaryimage","url":"https:\/\/minasgramados.com.br\/Loja\/wp-content\/uploads\/2016\/01\/Terra-Vegetal-25-KG.jpg","contentUrl":"https:\/\/minasgramados.com.br\/Loja\/wp-content\/uploads\/2016\/01\/Terra-Vegetal-25-KG.jpg","width":768,"height":737},{"@type":"BreadcrumbList","@id":"https:\/\/minasgramados.com.br\/Loja\/produto\/terra-vegetal-sc-25kg\/#breadcrumb","itemListElement":[{"@type":"ListItem","position":1,"name":"In\u00edcio","item":"https:\/\/minasgramados.com.br\/Loja\/"},{"@type":"ListItem","position":2,"name":"Loja","item":"https:\/\/minasgramados.com.br\/Loja\/loja-modelo-03\/"},{"@type":"ListItem","position":3,"name":"Terra vegetal comum (Sacos 25KG)"}]},{"@type":"WebSite","@id":"https:\/\/minasgramados.com.br\/Loja\/#website","url":"https:\/\/minasgramados.com.br\/Loja\/","name":"Minas Gramados - Paisagismo e Hidrossemeadura.","description":"Distribuidora de Gramas adubos sementes em Betim e no Brasil.","publisher":{"@id":"https:\/\/minasgramados.com.br\/Loja\/#organization"},"potentialAction":[{"@type":"SearchAction","target":{"@type":"EntryPoint","urlTemplate":"https:\/\/minasgramados.com.br\/Loja\/?s={search_term_string}"},"query-input":{"@type":"PropertyValueSpecification","valueRequired":true,"valueName":"search_term_string"}}],"inLanguage":"pt-BR"},{"@type":"Organization","@id":"https:\/\/minasgramados.com.br\/Loja\/#organization","name":"Minas Gramados - Paisagismo e Hidrossemeadura.","url":"https:\/\/minasgramados.com.br\/Loja\/","logo":{"@type":"ImageObject","inLanguage":"pt-BR","@id":"https:\/\/minasgramados.com.br\/Loja\/#\/schema\/logo\/image\/","url":"https:\/\/minasgramados.com.br\/Loja\/wp-content\/uploads\/2018\/06\/gramados-original-1.gif","contentUrl":"https:\/\/minasgramados.com.br\/Loja\/wp-content\/uploads\/2018\/06\/gramados-original-1.gif","width":600,"height":300,"caption":"Minas Gramados - Paisagismo e Hidrossemeadura."},"image":{"@id":"https:\/\/minasgramados.com.br\/Loja\/#\/schema\/logo\/image\/"}}]}},"_links":{"self":[{"href":"https:\/\/minasgramados.com.br\/Loja\/wp-json\/wp\/v2\/product\/1749","targetHints":{"allow":["GET"]}}],"collection":[{"href":"https:\/\/minasgramados.com.br\/Loja\/wp-json\/wp\/v2\/product"}],"about":[{"href":"https:\/\/minasgramados.com.br\/Loja\/wp-json\/wp\/v2\/types\/product"}],"wp:featuredmedia":[{"embeddable":true,"href":"https:\/\/minasgramados.com.br\/Loja\/wp-json\/wp\/v2\/media\/2848"}],"wp:attachment":[{"href":"https:\/\/minasgramados.com.br\/Loja\/wp-json\/wp\/v2\/media?parent=1749"}],"wp:term":[{"taxonomy":"product_brand","embeddable":true,"href":"https:\/\/minasgramados.com.br\/Loja\/wp-json\/wp\/v2\/product_brand?post=1749"},{"taxonomy":"product_cat","embeddable":true,"href":"https:\/\/minasgramados.com.br\/Loja\/wp-json\/wp\/v2\/product_cat?post=1749"},{"taxonomy":"product_tag","embeddable":true,"href":"https:\/\/minasgramados.com.br\/Loja\/wp-json\/wp\/v2\/product_tag?post=1749"}],"curies":[{"name":"wp","href":"https:\/\/api.w.org\/{rel}","templated":true}]}}