{"id":1823,"date":"2016-04-29T14:39:32","date_gmt":"2016-04-29T17:39:32","guid":{"rendered":"http:\/\/minasgramados.com.br\/Loja\/?post_type=product&#038;p=1823"},"modified":"2025-07-23T17:57:09","modified_gmt":"2025-07-23T20:57:09","slug":"manta-bidim-bh-bobina-460m2","status":"publish","type":"product","link":"https:\/\/minasgramados.com.br\/Loja\/produto\/manta-bidim-bh-bobina-460m2\/","title":{"rendered":"Manta Bidim GRT 07 (Bobina 460m2)"},"content":{"rendered":"<p style=\"text-align: justify;\">A Manta Bidim \u00e9 um geot\u00eaxtil n\u00e3o tecido 100% poliester fabricado pelo processo &#8220;spunweb&#8221; e consolidado por agulhagem, o que confere ao produto as propriedades Hidr\u00e1ulicas, Mec\u00e2nicas e de Durabilidade para poder desempenhar as devidas fun\u00e7\u00f5es de separa\u00e7\u00e3o, filtra\u00e7\u00e3o, prote\u00e7\u00e3o, drenagem planar e refor\u00e7o nas in\u00fameras aplica\u00e7\u00f5es de obras de engenharia civil.<\/p>\n<p style=\"text-align: justify;\">APLICA\u00c7\u00d5ES<\/p>\n<p style=\"text-align: justify;\">Drenagem em Geral, Campos Esportivos, Floreiras, Jardins e \u00c1reas Verdes, Muros de Conten\u00e7\u00e3o, Recapeamento Asf\u00e1ltico, Estabiliza\u00e7\u00e3o de Subleito, Muros e Taludes Refor\u00e7ados, Aterro sobre solo mole,Filtra\u00e7\u00e3o e Refor\u00e7o.<\/p>\n<p style=\"text-align: justify;\">VANTAGENS:<\/p>\n<p style=\"text-align: justify;\">Aplicabilidade em todos os tipos de superf\u00edcies, mesmo irregulares ou descont\u00ednuas;alto grau de confiabilidade quanto ao seu desempenho, por se tratar de um produto cont\u00ednuo e de caracter\u00edsticas constantes; redu\u00e7\u00e3o na espessura de sistemas drenantes, em rela\u00e7\u00e3o \u00e0 t\u00e9cnica convencional, com menor movimenta\u00e7\u00e3o de terra e melhor aproveitamento do espa\u00e7o dispon\u00edvel; facilidade na instala\u00e7\u00e3o, reduzindo o tempo e custo de execu\u00e7\u00e3o da obra; Redu\u00e7\u00e3o da quantidade de material granular a ser utilizado, reduzindo o custo de transporte do mesmo; Aumento de vida \u00fatil da estrutura;e ajuda a preservar o meio ambiente.<\/p>\n<p style=\"text-align: justify;\">MODELOS E CONDI\u00c7\u00d5ES COMERCIAIS VAREJO COMPRAS MINIMAS DE 10M2.<\/p>\n<ul>\n<li style=\"text-align: justify;\">Manta Bidim GRT: 07 &#8211; R$: 9,00 o M2 \/ Rolos com 2,30m ou 4,60 de largura por 200 Metros lineares<\/li>\n<li style=\"text-align: justify;\">Manta Bidin GRT: 10 \u00a0&#8211; R$: 12,20 o M2 \/ Rolos com 2,30m ou 4,60 de largura por 200 Metros lineares<\/li>\n<li>Manta Bidin GRT: 14\u00a0 &#8211; R$: 14,50 o M2 \/ Rolos com 2,30m ou 4,60 de largura por 200 Metros lineares<\/li>\n<li style=\"text-align: justify;\">Manta Bidim GRT: 21 &#8211; R$: 14,95 o M2 \/ Rolos com 2,30m ou 4,60 de largura por 150 Metros lineares<\/li>\n<\/ul>\n<p style=\"text-align: justify;\">MODELOS E CONDI\u00c7\u00d5ES COMERCIAIS PARA BOBINAS DE 460 OU 920M2.<\/p>\n<ul>\n<li style=\"text-align: justify;\">Manta Bidim GRT: 07 &#8211; R$: 7,95 o M2 \/ Rolos com 2,30m ou 4,60 de largura por 200 Metros lineares<\/li>\n<li style=\"text-align: justify;\">Manta Bidin GRT: 10 \u00a0&#8211; R$: 10,10 o M2 \/ Rolos com 2,30m ou 4,60 de largura por 200 Metros lineares<\/li>\n<li>Manta Bidin GRT: 14\u00a0 &#8211; R$: 13,50 o M2 \/ Rolos com 2,30m ou 4,60 de largura por 200 Metros lineares<\/li>\n<li style=\"text-align: justify;\">Manta Bidim GRT: 21 &#8211; R$: 13, 95 M2 \/ Rolos com 2,30m ou 4,60 de largura por 150 Metros lineares<\/li>\n<\/ul>\n<p>*ATEN\u00c7\u00c3O: Venda m\u00ednima no atado de 460M2 \u00a0que equivale a uma Bobina de 460M2, e no varejo\u00a0 a partir de 10 M2, conforme descrito acima e conforme tipo de caminh\u00e3o que ser\u00e1 feito as cargas e com entregas sendo dentro de BH e outros estados consulte o frete com o nosso SAC e tire suas d\u00favidas.<\/p>\n","protected":false},"excerpt":{"rendered":"<p style=\"text-align: justify;\">A MANTA BIDIM \u00e9 um geot\u00eaxtil n\u00e3o tecido 100% poli\u00e9ster , o que confere ao produto as propriedades Hidr\u00e1ulicas, Mec\u00e2nicas e de Durabilidade para poder desempenhar as devidas fun\u00e7\u00f5es de separa\u00e7\u00e3o, filtra\u00e7\u00e3o, prote\u00e7\u00e3o, drenagem planar e refor\u00e7o nas in\u00fameras aplica\u00e7\u00f5es de obras de engenharia civil. <span style=\"color: #ff0000;\">(Obs): A\u00a0 Manta Bidim\u00a0 para bobinas de 460 ou 920 M2 e precisa ser por encomenda, e no varejo consulte os valores abaixo, Duvidas a mais consulte nosso SAC.<\/span><\/p>\n","protected":false},"featured_media":1824,"template":"","meta":{"_joinchat":[]},"product_brand":[],"product_cat":[18,44],"product_tag":[],"class_list":{"0":"post-1823","1":"product","2":"type-product","3":"status-publish","4":"has-post-thumbnail","6":"product_cat-construcao-e-cia","7":"product_cat-geo-construcoes-sinteticos","8":"product_shipping_class-transportadora","9":"entry","10":"has-media","12":"first","13":"outofstock","14":"sale","15":"shipping-taxable","16":"purchasable","17":"product-type-simple","18":"col","19":"wpex-woo-entry","20":"span_1_of_4"},"yoast_head":"<!-- This site is optimized with the Yoast SEO plugin v27.3 - https:\/\/yoast.com\/product\/yoast-seo-wordpress\/ -->\n<title>Manta Bidim GRT 07 (Bobina 460m2) - Minas Gramados - Paisagismo e Hidrossemeadura. %<\/title>\n<meta name=\"description\" content=\"MANTA BIDIM \u00e9 um geot\u00eaxtil n\u00e3o tecido 100% poli\u00e9ster, o que confere ao produto propriedades Hidr\u00e1ulicas, Mec\u00e2nicas e de longa durabilidade\" \/>\n<meta name=\"robots\" content=\"index, follow, max-snippet:-1, max-image-preview:large, max-video-preview:-1\" \/>\n<link rel=\"canonical\" href=\"https:\/\/minasgramados.com.br\/Loja\/produto\/manta-bidim-bh-bobina-460m2\/\" \/>\n<meta name=\"twitter:card\" content=\"summary_large_image\" \/>\n<meta name=\"twitter:title\" content=\"Manta Bidim GRT 07 (Bobina 460m2) - Minas Gramados - Paisagismo e Hidrossemeadura. %\" \/>\n<meta name=\"twitter:description\" content=\"MANTA BIDIM \u00e9 um geot\u00eaxtil n\u00e3o tecido 100% poli\u00e9ster, o que confere ao produto propriedades Hidr\u00e1ulicas, Mec\u00e2nicas e de longa durabilidade\" \/>\n<meta name=\"twitter:image\" content=\"https:\/\/minasgramados.com.br\/Loja\/wp-content\/uploads\/2016\/04\/geofabric.jpg\" \/>\n<meta name=\"twitter:label1\" content=\"Est. tempo de leitura\" \/>\n\t<meta name=\"twitter:data1\" content=\"3 minutos\" \/>\n<script type=\"application\/ld+json\" class=\"yoast-schema-graph\">{\"@context\":\"https:\\\/\\\/schema.org\",\"@graph\":[{\"@type\":\"WebPage\",\"@id\":\"https:\\\/\\\/minasgramados.com.br\\\/Loja\\\/produto\\\/manta-bidim-bh-bobina-460m2\\\/\",\"url\":\"https:\\\/\\\/minasgramados.com.br\\\/Loja\\\/produto\\\/manta-bidim-bh-bobina-460m2\\\/\",\"name\":\"Manta Bidim GRT 07 (Bobina 460m2) - Minas Gramados - Paisagismo e Hidrossemeadura. %\",\"isPartOf\":{\"@id\":\"https:\\\/\\\/minasgramados.com.br\\\/Loja\\\/#website\"},\"primaryImageOfPage\":{\"@id\":\"https:\\\/\\\/minasgramados.com.br\\\/Loja\\\/produto\\\/manta-bidim-bh-bobina-460m2\\\/#primaryimage\"},\"image\":{\"@id\":\"https:\\\/\\\/minasgramados.com.br\\\/Loja\\\/produto\\\/manta-bidim-bh-bobina-460m2\\\/#primaryimage\"},\"thumbnailUrl\":\"https:\\\/\\\/minasgramados.com.br\\\/Loja\\\/wp-content\\\/uploads\\\/2016\\\/04\\\/geofabric.jpg\",\"datePublished\":\"2016-04-29T17:39:32+00:00\",\"dateModified\":\"2025-07-23T20:57:09+00:00\",\"description\":\"MANTA BIDIM \u00e9 um geot\u00eaxtil n\u00e3o tecido 100% poli\u00e9ster, o que confere ao produto propriedades Hidr\u00e1ulicas, Mec\u00e2nicas e de longa durabilidade\",\"breadcrumb\":{\"@id\":\"https:\\\/\\\/minasgramados.com.br\\\/Loja\\\/produto\\\/manta-bidim-bh-bobina-460m2\\\/#breadcrumb\"},\"inLanguage\":\"pt-BR\",\"potentialAction\":[{\"@type\":\"ReadAction\",\"target\":[\"https:\\\/\\\/minasgramados.com.br\\\/Loja\\\/produto\\\/manta-bidim-bh-bobina-460m2\\\/\"]}]},{\"@type\":\"ImageObject\",\"inLanguage\":\"pt-BR\",\"@id\":\"https:\\\/\\\/minasgramados.com.br\\\/Loja\\\/produto\\\/manta-bidim-bh-bobina-460m2\\\/#primaryimage\",\"url\":\"https:\\\/\\\/minasgramados.com.br\\\/Loja\\\/wp-content\\\/uploads\\\/2016\\\/04\\\/geofabric.jpg\",\"contentUrl\":\"https:\\\/\\\/minasgramados.com.br\\\/Loja\\\/wp-content\\\/uploads\\\/2016\\\/04\\\/geofabric.jpg\",\"width\":800,\"height\":600},{\"@type\":\"BreadcrumbList\",\"@id\":\"https:\\\/\\\/minasgramados.com.br\\\/Loja\\\/produto\\\/manta-bidim-bh-bobina-460m2\\\/#breadcrumb\",\"itemListElement\":[{\"@type\":\"ListItem\",\"position\":1,\"name\":\"In\u00edcio\",\"item\":\"https:\\\/\\\/minasgramados.com.br\\\/Loja\\\/\"},{\"@type\":\"ListItem\",\"position\":2,\"name\":\"Loja\",\"item\":\"https:\\\/\\\/minasgramados.com.br\\\/Loja\\\/loja-modelo-03\\\/\"},{\"@type\":\"ListItem\",\"position\":3,\"name\":\"Manta Bidim GRT 07 (Bobina 460m2)\"}]},{\"@type\":\"WebSite\",\"@id\":\"https:\\\/\\\/minasgramados.com.br\\\/Loja\\\/#website\",\"url\":\"https:\\\/\\\/minasgramados.com.br\\\/Loja\\\/\",\"name\":\"Minas Gramados - Paisagismo e Hidrossemeadura.\",\"description\":\"Distribuidora de Gramas adubos sementes em Betim e no Brasil.\",\"publisher\":{\"@id\":\"https:\\\/\\\/minasgramados.com.br\\\/Loja\\\/#organization\"},\"potentialAction\":[{\"@type\":\"SearchAction\",\"target\":{\"@type\":\"EntryPoint\",\"urlTemplate\":\"https:\\\/\\\/minasgramados.com.br\\\/Loja\\\/?s={search_term_string}\"},\"query-input\":{\"@type\":\"PropertyValueSpecification\",\"valueRequired\":true,\"valueName\":\"search_term_string\"}}],\"inLanguage\":\"pt-BR\"},{\"@type\":\"Organization\",\"@id\":\"https:\\\/\\\/minasgramados.com.br\\\/Loja\\\/#organization\",\"name\":\"Minas Gramados - Paisagismo e Hidrossemeadura.\",\"url\":\"https:\\\/\\\/minasgramados.com.br\\\/Loja\\\/\",\"logo\":{\"@type\":\"ImageObject\",\"inLanguage\":\"pt-BR\",\"@id\":\"https:\\\/\\\/minasgramados.com.br\\\/Loja\\\/#\\\/schema\\\/logo\\\/image\\\/\",\"url\":\"https:\\\/\\\/minasgramados.com.br\\\/Loja\\\/wp-content\\\/uploads\\\/2018\\\/06\\\/gramados-original-1.gif\",\"contentUrl\":\"https:\\\/\\\/minasgramados.com.br\\\/Loja\\\/wp-content\\\/uploads\\\/2018\\\/06\\\/gramados-original-1.gif\",\"width\":600,\"height\":300,\"caption\":\"Minas Gramados - Paisagismo e Hidrossemeadura.\"},\"image\":{\"@id\":\"https:\\\/\\\/minasgramados.com.br\\\/Loja\\\/#\\\/schema\\\/logo\\\/image\\\/\"}}]}<\/script>\n<!-- \/ Yoast SEO plugin. -->","yoast_head_json":{"title":"Manta Bidim GRT 07 (Bobina 460m2) - Minas Gramados - Paisagismo e Hidrossemeadura. %","description":"MANTA BIDIM \u00e9 um geot\u00eaxtil n\u00e3o tecido 100% poli\u00e9ster, o que confere ao produto propriedades Hidr\u00e1ulicas, Mec\u00e2nicas e de longa durabilidade","robots":{"index":"index","follow":"follow","max-snippet":"max-snippet:-1","max-image-preview":"max-image-preview:large","max-video-preview":"max-video-preview:-1"},"canonical":"https:\/\/minasgramados.com.br\/Loja\/produto\/manta-bidim-bh-bobina-460m2\/","twitter_card":"summary_large_image","twitter_title":"Manta Bidim GRT 07 (Bobina 460m2) - Minas Gramados - Paisagismo e Hidrossemeadura. %","twitter_description":"MANTA BIDIM \u00e9 um geot\u00eaxtil n\u00e3o tecido 100% poli\u00e9ster, o que confere ao produto propriedades Hidr\u00e1ulicas, Mec\u00e2nicas e de longa durabilidade","twitter_image":"https:\/\/minasgramados.com.br\/Loja\/wp-content\/uploads\/2016\/04\/geofabric.jpg","twitter_misc":{"Est. tempo de leitura":"3 minutos"},"schema":{"@context":"https:\/\/schema.org","@graph":[{"@type":"WebPage","@id":"https:\/\/minasgramados.com.br\/Loja\/produto\/manta-bidim-bh-bobina-460m2\/","url":"https:\/\/minasgramados.com.br\/Loja\/produto\/manta-bidim-bh-bobina-460m2\/","name":"Manta Bidim GRT 07 (Bobina 460m2) - Minas Gramados - Paisagismo e Hidrossemeadura. %","isPartOf":{"@id":"https:\/\/minasgramados.com.br\/Loja\/#website"},"primaryImageOfPage":{"@id":"https:\/\/minasgramados.com.br\/Loja\/produto\/manta-bidim-bh-bobina-460m2\/#primaryimage"},"image":{"@id":"https:\/\/minasgramados.com.br\/Loja\/produto\/manta-bidim-bh-bobina-460m2\/#primaryimage"},"thumbnailUrl":"https:\/\/minasgramados.com.br\/Loja\/wp-content\/uploads\/2016\/04\/geofabric.jpg","datePublished":"2016-04-29T17:39:32+00:00","dateModified":"2025-07-23T20:57:09+00:00","description":"MANTA BIDIM \u00e9 um geot\u00eaxtil n\u00e3o tecido 100% poli\u00e9ster, o que confere ao produto propriedades Hidr\u00e1ulicas, Mec\u00e2nicas e de longa durabilidade","breadcrumb":{"@id":"https:\/\/minasgramados.com.br\/Loja\/produto\/manta-bidim-bh-bobina-460m2\/#breadcrumb"},"inLanguage":"pt-BR","potentialAction":[{"@type":"ReadAction","target":["https:\/\/minasgramados.com.br\/Loja\/produto\/manta-bidim-bh-bobina-460m2\/"]}]},{"@type":"ImageObject","inLanguage":"pt-BR","@id":"https:\/\/minasgramados.com.br\/Loja\/produto\/manta-bidim-bh-bobina-460m2\/#primaryimage","url":"https:\/\/minasgramados.com.br\/Loja\/wp-content\/uploads\/2016\/04\/geofabric.jpg","contentUrl":"https:\/\/minasgramados.com.br\/Loja\/wp-content\/uploads\/2016\/04\/geofabric.jpg","width":800,"height":600},{"@type":"BreadcrumbList","@id":"https:\/\/minasgramados.com.br\/Loja\/produto\/manta-bidim-bh-bobina-460m2\/#breadcrumb","itemListElement":[{"@type":"ListItem","position":1,"name":"In\u00edcio","item":"https:\/\/minasgramados.com.br\/Loja\/"},{"@type":"ListItem","position":2,"name":"Loja","item":"https:\/\/minasgramados.com.br\/Loja\/loja-modelo-03\/"},{"@type":"ListItem","position":3,"name":"Manta Bidim GRT 07 (Bobina 460m2)"}]},{"@type":"WebSite","@id":"https:\/\/minasgramados.com.br\/Loja\/#website","url":"https:\/\/minasgramados.com.br\/Loja\/","name":"Minas Gramados - Paisagismo e Hidrossemeadura.","description":"Distribuidora de Gramas adubos sementes em Betim e no Brasil.","publisher":{"@id":"https:\/\/minasgramados.com.br\/Loja\/#organization"},"potentialAction":[{"@type":"SearchAction","target":{"@type":"EntryPoint","urlTemplate":"https:\/\/minasgramados.com.br\/Loja\/?s={search_term_string}"},"query-input":{"@type":"PropertyValueSpecification","valueRequired":true,"valueName":"search_term_string"}}],"inLanguage":"pt-BR"},{"@type":"Organization","@id":"https:\/\/minasgramados.com.br\/Loja\/#organization","name":"Minas Gramados - Paisagismo e Hidrossemeadura.","url":"https:\/\/minasgramados.com.br\/Loja\/","logo":{"@type":"ImageObject","inLanguage":"pt-BR","@id":"https:\/\/minasgramados.com.br\/Loja\/#\/schema\/logo\/image\/","url":"https:\/\/minasgramados.com.br\/Loja\/wp-content\/uploads\/2018\/06\/gramados-original-1.gif","contentUrl":"https:\/\/minasgramados.com.br\/Loja\/wp-content\/uploads\/2018\/06\/gramados-original-1.gif","width":600,"height":300,"caption":"Minas Gramados - Paisagismo e Hidrossemeadura."},"image":{"@id":"https:\/\/minasgramados.com.br\/Loja\/#\/schema\/logo\/image\/"}}]}},"_links":{"self":[{"href":"https:\/\/minasgramados.com.br\/Loja\/wp-json\/wp\/v2\/product\/1823","targetHints":{"allow":["GET"]}}],"collection":[{"href":"https:\/\/minasgramados.com.br\/Loja\/wp-json\/wp\/v2\/product"}],"about":[{"href":"https:\/\/minasgramados.com.br\/Loja\/wp-json\/wp\/v2\/types\/product"}],"wp:featuredmedia":[{"embeddable":true,"href":"https:\/\/minasgramados.com.br\/Loja\/wp-json\/wp\/v2\/media\/1824"}],"wp:attachment":[{"href":"https:\/\/minasgramados.com.br\/Loja\/wp-json\/wp\/v2\/media?parent=1823"}],"wp:term":[{"taxonomy":"product_brand","embeddable":true,"href":"https:\/\/minasgramados.com.br\/Loja\/wp-json\/wp\/v2\/product_brand?post=1823"},{"taxonomy":"product_cat","embeddable":true,"href":"https:\/\/minasgramados.com.br\/Loja\/wp-json\/wp\/v2\/product_cat?post=1823"},{"taxonomy":"product_tag","embeddable":true,"href":"https:\/\/minasgramados.com.br\/Loja\/wp-json\/wp\/v2\/product_tag?post=1823"}],"curies":[{"name":"wp","href":"https:\/\/api.w.org\/{rel}","templated":true}]}}