{"id":1877,"date":"2016-10-02T15:30:41","date_gmt":"2016-10-02T18:30:41","guid":{"rendered":"http:\/\/minasgramados.com.br\/Loja\/?post_type=product&#038;p=1877"},"modified":"2025-07-23T20:25:31","modified_gmt":"2025-07-23T23:25:31","slug":"frango-pesadao-vermelho","status":"publish","type":"product","link":"https:\/\/minasgramados.com.br\/Loja\/produto\/frango-pesadao-vermelho\/","title":{"rendered":"Frango Pesad\u00e3o Vermelho."},"content":{"rendered":"<p style=\"text-align: justify;\">Frango Pesad\u00e3o Vermelho &#8211; Excelente Rendimento quando abatido.<\/p>\n<p>Sua categoria Super Peso<\/p>\n<p style=\"text-align: justify;\">Pesco\u00e7o emplumado<br \/>\nPenas vermelho claro<br \/>\nCor branca no rabo e extremidades das penas<br \/>\nPorte grande de peito avantajado<br \/>\nPigmento amarelo na pele patas e bico<br \/>\nBoa para o com\u00e9rcio e em feiras livres<br \/>\nExcelente rendimento quando abatido<\/p>\n<p style=\"text-align: justify;\">*Tem interesse nesse produto, o pedido m\u00ednimo para restaurante \u00e9 de 10 unidades e para outras encomendas, fale com o nosso SAC e tire suas d\u00favidas!<\/p>\n","protected":false},"excerpt":{"rendered":"<p style=\"text-align: justify;\">Frango Pesad\u00e3o Vermelho: Excelente Rendimento quando abatido, super peso, pesco\u00e7o emplumado, penas vermelho claro, cor branca no rabo e extremidades das penas,<\/p>\n<p style=\"text-align: justify;\"><span style=\"color: #ff0000;\">*ATE\u00c7\u00c3O: N\u00c3O COMERCIALIZAMOS MAIS FRANGOS ESSA PAGINA PASSAR\u00c1 POR ATUALIZA\u00c7\u00d5ES.<\/span><\/p>\n","protected":false},"featured_media":1878,"template":"","meta":{"_joinchat":[]},"product_brand":[],"product_cat":[14,19],"product_tag":[],"class_list":{"0":"post-1877","1":"product","2":"type-product","3":"status-publish","4":"has-post-thumbnail","6":"product_cat-produtos-agropecuarios","7":"product_cat-aves-e-frango","8":"entry","9":"has-media","11":"first","12":"outofstock","13":"sale","14":"shipping-taxable","15":"purchasable","16":"product-type-simple","17":"col","18":"wpex-woo-entry","19":"span_1_of_4"},"yoast_head":"<!-- This site is optimized with the Yoast SEO plugin v27.3 - https:\/\/yoast.com\/product\/yoast-seo-wordpress\/ -->\n<title>Frango Pesad\u00e3o Vermelho-MinasGramados-Frango Pesad\u00e3o<\/title>\n<meta name=\"description\" content=\"Frango Pesad\u00e3o Vermelho- Excelente Rendimento quando abatido, super peso,pesco\u00e7o emplumado,penas vermelho claro,cor branca no rabo e extremidades das penas.\" \/>\n<meta name=\"robots\" content=\"index, follow, max-snippet:-1, max-image-preview:large, max-video-preview:-1\" \/>\n<link rel=\"canonical\" href=\"https:\/\/minasgramados.com.br\/Loja\/produto\/frango-pesadao-vermelho\/\" \/>\n<meta name=\"twitter:card\" content=\"summary_large_image\" \/>\n<meta name=\"twitter:title\" content=\"Frango Pesad\u00e3o Vermelho-MinasGramados-Frango Pesad\u00e3o\" \/>\n<meta name=\"twitter:description\" content=\"Frango Pesad\u00e3o Vermelho- Excelente Rendimento quando abatido, super peso,pesco\u00e7o emplumado,penas vermelho claro,cor branca no rabo e extremidades das penas.\" \/>\n<meta name=\"twitter:image\" content=\"https:\/\/minasgramados.com.br\/Loja\/wp-content\/uploads\/2016\/10\/Pesad\u00e3o-Veremelho-2016.png\" \/>\n<meta name=\"twitter:label1\" content=\"Est. tempo de leitura\" \/>\n\t<meta name=\"twitter:data1\" content=\"1 minuto\" \/>\n<script type=\"application\/ld+json\" class=\"yoast-schema-graph\">{\"@context\":\"https:\\\/\\\/schema.org\",\"@graph\":[{\"@type\":\"WebPage\",\"@id\":\"https:\\\/\\\/minasgramados.com.br\\\/Loja\\\/produto\\\/frango-pesadao-vermelho\\\/\",\"url\":\"https:\\\/\\\/minasgramados.com.br\\\/Loja\\\/produto\\\/frango-pesadao-vermelho\\\/\",\"name\":\"Frango Pesad\u00e3o Vermelho-MinasGramados-Frango Pesad\u00e3o\",\"isPartOf\":{\"@id\":\"https:\\\/\\\/minasgramados.com.br\\\/Loja\\\/#website\"},\"primaryImageOfPage\":{\"@id\":\"https:\\\/\\\/minasgramados.com.br\\\/Loja\\\/produto\\\/frango-pesadao-vermelho\\\/#primaryimage\"},\"image\":{\"@id\":\"https:\\\/\\\/minasgramados.com.br\\\/Loja\\\/produto\\\/frango-pesadao-vermelho\\\/#primaryimage\"},\"thumbnailUrl\":\"https:\\\/\\\/minasgramados.com.br\\\/Loja\\\/wp-content\\\/uploads\\\/2016\\\/10\\\/Pesad\u00e3o-Veremelho-2016.png\",\"datePublished\":\"2016-10-02T18:30:41+00:00\",\"dateModified\":\"2025-07-23T23:25:31+00:00\",\"description\":\"Frango Pesad\u00e3o Vermelho- Excelente Rendimento quando abatido, super peso,pesco\u00e7o emplumado,penas vermelho claro,cor branca no rabo e extremidades das penas.\",\"breadcrumb\":{\"@id\":\"https:\\\/\\\/minasgramados.com.br\\\/Loja\\\/produto\\\/frango-pesadao-vermelho\\\/#breadcrumb\"},\"inLanguage\":\"pt-BR\",\"potentialAction\":[{\"@type\":\"ReadAction\",\"target\":[\"https:\\\/\\\/minasgramados.com.br\\\/Loja\\\/produto\\\/frango-pesadao-vermelho\\\/\"]}]},{\"@type\":\"ImageObject\",\"inLanguage\":\"pt-BR\",\"@id\":\"https:\\\/\\\/minasgramados.com.br\\\/Loja\\\/produto\\\/frango-pesadao-vermelho\\\/#primaryimage\",\"url\":\"https:\\\/\\\/minasgramados.com.br\\\/Loja\\\/wp-content\\\/uploads\\\/2016\\\/10\\\/Pesad\u00e3o-Veremelho-2016.png\",\"contentUrl\":\"https:\\\/\\\/minasgramados.com.br\\\/Loja\\\/wp-content\\\/uploads\\\/2016\\\/10\\\/Pesad\u00e3o-Veremelho-2016.png\",\"width\":720,\"height\":508},{\"@type\":\"BreadcrumbList\",\"@id\":\"https:\\\/\\\/minasgramados.com.br\\\/Loja\\\/produto\\\/frango-pesadao-vermelho\\\/#breadcrumb\",\"itemListElement\":[{\"@type\":\"ListItem\",\"position\":1,\"name\":\"In\u00edcio\",\"item\":\"https:\\\/\\\/minasgramados.com.br\\\/Loja\\\/\"},{\"@type\":\"ListItem\",\"position\":2,\"name\":\"Loja\",\"item\":\"https:\\\/\\\/minasgramados.com.br\\\/Loja\\\/loja-modelo-03\\\/\"},{\"@type\":\"ListItem\",\"position\":3,\"name\":\"Frango Pesad\u00e3o Vermelho.\"}]},{\"@type\":\"WebSite\",\"@id\":\"https:\\\/\\\/minasgramados.com.br\\\/Loja\\\/#website\",\"url\":\"https:\\\/\\\/minasgramados.com.br\\\/Loja\\\/\",\"name\":\"Minas Gramados - Paisagismo e Hidrossemeadura.\",\"description\":\"Distribuidora de Gramas adubos sementes em Betim e no Brasil.\",\"publisher\":{\"@id\":\"https:\\\/\\\/minasgramados.com.br\\\/Loja\\\/#organization\"},\"potentialAction\":[{\"@type\":\"SearchAction\",\"target\":{\"@type\":\"EntryPoint\",\"urlTemplate\":\"https:\\\/\\\/minasgramados.com.br\\\/Loja\\\/?s={search_term_string}\"},\"query-input\":{\"@type\":\"PropertyValueSpecification\",\"valueRequired\":true,\"valueName\":\"search_term_string\"}}],\"inLanguage\":\"pt-BR\"},{\"@type\":\"Organization\",\"@id\":\"https:\\\/\\\/minasgramados.com.br\\\/Loja\\\/#organization\",\"name\":\"Minas Gramados - Paisagismo e Hidrossemeadura.\",\"url\":\"https:\\\/\\\/minasgramados.com.br\\\/Loja\\\/\",\"logo\":{\"@type\":\"ImageObject\",\"inLanguage\":\"pt-BR\",\"@id\":\"https:\\\/\\\/minasgramados.com.br\\\/Loja\\\/#\\\/schema\\\/logo\\\/image\\\/\",\"url\":\"https:\\\/\\\/minasgramados.com.br\\\/Loja\\\/wp-content\\\/uploads\\\/2018\\\/06\\\/gramados-original-1.gif\",\"contentUrl\":\"https:\\\/\\\/minasgramados.com.br\\\/Loja\\\/wp-content\\\/uploads\\\/2018\\\/06\\\/gramados-original-1.gif\",\"width\":600,\"height\":300,\"caption\":\"Minas Gramados - Paisagismo e Hidrossemeadura.\"},\"image\":{\"@id\":\"https:\\\/\\\/minasgramados.com.br\\\/Loja\\\/#\\\/schema\\\/logo\\\/image\\\/\"}}]}<\/script>\n<!-- \/ Yoast SEO plugin. -->","yoast_head_json":{"title":"Frango Pesad\u00e3o Vermelho-MinasGramados-Frango Pesad\u00e3o","description":"Frango Pesad\u00e3o Vermelho- Excelente Rendimento quando abatido, super peso,pesco\u00e7o emplumado,penas vermelho claro,cor branca no rabo e extremidades das penas.","robots":{"index":"index","follow":"follow","max-snippet":"max-snippet:-1","max-image-preview":"max-image-preview:large","max-video-preview":"max-video-preview:-1"},"canonical":"https:\/\/minasgramados.com.br\/Loja\/produto\/frango-pesadao-vermelho\/","twitter_card":"summary_large_image","twitter_title":"Frango Pesad\u00e3o Vermelho-MinasGramados-Frango Pesad\u00e3o","twitter_description":"Frango Pesad\u00e3o Vermelho- Excelente Rendimento quando abatido, super peso,pesco\u00e7o emplumado,penas vermelho claro,cor branca no rabo e extremidades das penas.","twitter_image":"https:\/\/minasgramados.com.br\/Loja\/wp-content\/uploads\/2016\/10\/Pesad\u00e3o-Veremelho-2016.png","twitter_misc":{"Est. tempo de leitura":"1 minuto"},"schema":{"@context":"https:\/\/schema.org","@graph":[{"@type":"WebPage","@id":"https:\/\/minasgramados.com.br\/Loja\/produto\/frango-pesadao-vermelho\/","url":"https:\/\/minasgramados.com.br\/Loja\/produto\/frango-pesadao-vermelho\/","name":"Frango Pesad\u00e3o Vermelho-MinasGramados-Frango Pesad\u00e3o","isPartOf":{"@id":"https:\/\/minasgramados.com.br\/Loja\/#website"},"primaryImageOfPage":{"@id":"https:\/\/minasgramados.com.br\/Loja\/produto\/frango-pesadao-vermelho\/#primaryimage"},"image":{"@id":"https:\/\/minasgramados.com.br\/Loja\/produto\/frango-pesadao-vermelho\/#primaryimage"},"thumbnailUrl":"https:\/\/minasgramados.com.br\/Loja\/wp-content\/uploads\/2016\/10\/Pesad\u00e3o-Veremelho-2016.png","datePublished":"2016-10-02T18:30:41+00:00","dateModified":"2025-07-23T23:25:31+00:00","description":"Frango Pesad\u00e3o Vermelho- Excelente Rendimento quando abatido, super peso,pesco\u00e7o emplumado,penas vermelho claro,cor branca no rabo e extremidades das penas.","breadcrumb":{"@id":"https:\/\/minasgramados.com.br\/Loja\/produto\/frango-pesadao-vermelho\/#breadcrumb"},"inLanguage":"pt-BR","potentialAction":[{"@type":"ReadAction","target":["https:\/\/minasgramados.com.br\/Loja\/produto\/frango-pesadao-vermelho\/"]}]},{"@type":"ImageObject","inLanguage":"pt-BR","@id":"https:\/\/minasgramados.com.br\/Loja\/produto\/frango-pesadao-vermelho\/#primaryimage","url":"https:\/\/minasgramados.com.br\/Loja\/wp-content\/uploads\/2016\/10\/Pesad\u00e3o-Veremelho-2016.png","contentUrl":"https:\/\/minasgramados.com.br\/Loja\/wp-content\/uploads\/2016\/10\/Pesad\u00e3o-Veremelho-2016.png","width":720,"height":508},{"@type":"BreadcrumbList","@id":"https:\/\/minasgramados.com.br\/Loja\/produto\/frango-pesadao-vermelho\/#breadcrumb","itemListElement":[{"@type":"ListItem","position":1,"name":"In\u00edcio","item":"https:\/\/minasgramados.com.br\/Loja\/"},{"@type":"ListItem","position":2,"name":"Loja","item":"https:\/\/minasgramados.com.br\/Loja\/loja-modelo-03\/"},{"@type":"ListItem","position":3,"name":"Frango Pesad\u00e3o Vermelho."}]},{"@type":"WebSite","@id":"https:\/\/minasgramados.com.br\/Loja\/#website","url":"https:\/\/minasgramados.com.br\/Loja\/","name":"Minas Gramados - Paisagismo e Hidrossemeadura.","description":"Distribuidora de Gramas adubos sementes em Betim e no Brasil.","publisher":{"@id":"https:\/\/minasgramados.com.br\/Loja\/#organization"},"potentialAction":[{"@type":"SearchAction","target":{"@type":"EntryPoint","urlTemplate":"https:\/\/minasgramados.com.br\/Loja\/?s={search_term_string}"},"query-input":{"@type":"PropertyValueSpecification","valueRequired":true,"valueName":"search_term_string"}}],"inLanguage":"pt-BR"},{"@type":"Organization","@id":"https:\/\/minasgramados.com.br\/Loja\/#organization","name":"Minas Gramados - Paisagismo e Hidrossemeadura.","url":"https:\/\/minasgramados.com.br\/Loja\/","logo":{"@type":"ImageObject","inLanguage":"pt-BR","@id":"https:\/\/minasgramados.com.br\/Loja\/#\/schema\/logo\/image\/","url":"https:\/\/minasgramados.com.br\/Loja\/wp-content\/uploads\/2018\/06\/gramados-original-1.gif","contentUrl":"https:\/\/minasgramados.com.br\/Loja\/wp-content\/uploads\/2018\/06\/gramados-original-1.gif","width":600,"height":300,"caption":"Minas Gramados - Paisagismo e Hidrossemeadura."},"image":{"@id":"https:\/\/minasgramados.com.br\/Loja\/#\/schema\/logo\/image\/"}}]}},"_links":{"self":[{"href":"https:\/\/minasgramados.com.br\/Loja\/wp-json\/wp\/v2\/product\/1877","targetHints":{"allow":["GET"]}}],"collection":[{"href":"https:\/\/minasgramados.com.br\/Loja\/wp-json\/wp\/v2\/product"}],"about":[{"href":"https:\/\/minasgramados.com.br\/Loja\/wp-json\/wp\/v2\/types\/product"}],"wp:featuredmedia":[{"embeddable":true,"href":"https:\/\/minasgramados.com.br\/Loja\/wp-json\/wp\/v2\/media\/1878"}],"wp:attachment":[{"href":"https:\/\/minasgramados.com.br\/Loja\/wp-json\/wp\/v2\/media?parent=1877"}],"wp:term":[{"taxonomy":"product_brand","embeddable":true,"href":"https:\/\/minasgramados.com.br\/Loja\/wp-json\/wp\/v2\/product_brand?post=1877"},{"taxonomy":"product_cat","embeddable":true,"href":"https:\/\/minasgramados.com.br\/Loja\/wp-json\/wp\/v2\/product_cat?post=1877"},{"taxonomy":"product_tag","embeddable":true,"href":"https:\/\/minasgramados.com.br\/Loja\/wp-json\/wp\/v2\/product_tag?post=1877"}],"curies":[{"name":"wp","href":"https:\/\/api.w.org\/{rel}","templated":true}]}}