{"id":1882,"date":"2016-10-02T18:22:23","date_gmt":"2016-10-02T21:22:23","guid":{"rendered":"http:\/\/minasgramados.com.br\/Loja\/?post_type=product&#038;p=1882"},"modified":"2025-07-23T20:33:42","modified_gmt":"2025-07-23T23:33:42","slug":"racao-de-frango-engorda-saco-20-kg","status":"publish","type":"product","link":"https:\/\/minasgramados.com.br\/Loja\/produto\/racao-de-frango-engorda-saco-20-kg\/","title":{"rendered":"Ra\u00e7\u00e3o de Frango Engorda (Saco 20 KG)"},"content":{"rendered":"<p style=\"text-align: justify;\">Ra\u00e7\u00e3o de Frango Engorda: Indica\u00e7\u00e3o: Produto indicado para alimenta\u00e7\u00e3o de aves em fase de engorda.<\/p>\n<p>Composi\u00e7\u00e3o:<\/p>\n<p>Farelo de soja, Milho, Carbonato de C\u00e1lcio, Cloreto de S\u00f3dio, (Sal comum), Fosfato Bic\u00e1lcico, \u00c1cido F\u00f3lico, \u00c1cido Nicot\u00ednico, Aditivo Enzim\u00e1tico, Bacitracina de Zinco, Biotina, Carbo-Amino-Fosfoquelatado de Cobre, Carbo-Amino-Fosfoquelatado de Ferro, Carbo-Amino-Fosfoquelatado de Mangan\u00eas, Carbo-Amino-Fosfoquelatado de Sel\u00eanio, Carbo-Amino-Fosfoquelatado de Zinco, Cloreto de Colina, DL-Metionina, Hidr\u00f3xido de Tolueno Butilado (B.H.T.),Iodato de C\u00e1lcio, Salinomicina S\u00f3dica, Pantotenato de C\u00e1lcio, Vitamina A, Vitamina B1, Vitamina B2, Vitamina B6, Vitamina D3, Vitamina E, Vitamina K3.<\/p>\n<p style=\"text-align: justify;\">Ra\u00e7\u00e3o de Frango Engorda:Indica\u00e7\u00e3o: Produto indicado para alimenta\u00e7\u00e3o de aves em fase de engorda.*Tem interesse nesse produto, o pedido m\u00ednimo para restaurantes \u00e9 de 10 unidades e para outras encomendas, fale com o nosso SAC e tire suas d\u00favidas!<\/p>\n","protected":false},"excerpt":{"rendered":"<p style=\"text-align: justify;\">Ra\u00e7\u00e3o de Frango Engorda: Indica\u00e7\u00e3o: Produto indicado para alimenta\u00e7\u00e3o de aves em fase de engorda.<\/p>\n<p style=\"text-align: justify;\"><span style=\"color: #ff0000;\">*ATE\u00c7\u00c3O: N\u00c3O COMERCIALIZAMOS MAIS RA\u00c7\u00d5ES PARA FRANGOS,ESSA PAGINA PASSAR\u00c1 POR ATUALIZA\u00c7\u00d5ES.<\/span><\/p>\n","protected":false},"featured_media":1888,"template":"","meta":{"_joinchat":[]},"product_brand":[],"product_cat":[14,21],"product_tag":[],"class_list":{"0":"post-1882","1":"product","2":"type-product","3":"status-publish","4":"has-post-thumbnail","6":"product_cat-produtos-agropecuarios","7":"product_cat-racoes-para-aves-e-caes","8":"entry","9":"has-media","11":"first","12":"outofstock","13":"sale","14":"shipping-taxable","15":"purchasable","16":"product-type-simple","17":"col","18":"wpex-woo-entry","19":"span_1_of_4"},"yoast_head":"<!-- This site is optimized with the Yoast SEO plugin v27.3 - https:\/\/yoast.com\/product\/yoast-seo-wordpress\/ -->\n<title>Ra\u00e7\u00e3o de Frango Engorda-Minas Gramados-Ra\u00e7\u00e3o Engorda<\/title>\n<meta name=\"description\" content=\"Ra\u00e7\u00e3o de Frango (Engorda) Indica\u00e7\u00e3o: Produto indicado para alimenta\u00e7\u00e3o de aves em fase de engorda.\" \/>\n<meta name=\"robots\" content=\"index, follow, max-snippet:-1, max-image-preview:large, max-video-preview:-1\" \/>\n<link rel=\"canonical\" href=\"https:\/\/minasgramados.com.br\/Loja\/produto\/racao-de-frango-engorda-saco-20-kg\/\" \/>\n<meta name=\"twitter:card\" content=\"summary_large_image\" \/>\n<meta name=\"twitter:title\" content=\"Ra\u00e7\u00e3o de Frango Engorda-Minas Gramados-Ra\u00e7\u00e3o Engorda\" \/>\n<meta name=\"twitter:description\" content=\"Ra\u00e7\u00e3o de Frango (Engorda) Indica\u00e7\u00e3o: Produto indicado para alimenta\u00e7\u00e3o de aves em fase de engorda.\" \/>\n<meta name=\"twitter:image\" content=\"https:\/\/minasgramados.com.br\/Loja\/wp-content\/uploads\/2016\/10\/Ra\u00e7\u00e3o-confinamento.jpg\" \/>\n<meta name=\"twitter:label1\" content=\"Est. tempo de leitura\" \/>\n\t<meta name=\"twitter:data1\" content=\"1 minuto\" \/>\n<script type=\"application\/ld+json\" class=\"yoast-schema-graph\">{\"@context\":\"https:\\\/\\\/schema.org\",\"@graph\":[{\"@type\":\"WebPage\",\"@id\":\"https:\\\/\\\/minasgramados.com.br\\\/Loja\\\/produto\\\/racao-de-frango-engorda-saco-20-kg\\\/\",\"url\":\"https:\\\/\\\/minasgramados.com.br\\\/Loja\\\/produto\\\/racao-de-frango-engorda-saco-20-kg\\\/\",\"name\":\"Ra\u00e7\u00e3o de Frango Engorda-Minas Gramados-Ra\u00e7\u00e3o Engorda\",\"isPartOf\":{\"@id\":\"https:\\\/\\\/minasgramados.com.br\\\/Loja\\\/#website\"},\"primaryImageOfPage\":{\"@id\":\"https:\\\/\\\/minasgramados.com.br\\\/Loja\\\/produto\\\/racao-de-frango-engorda-saco-20-kg\\\/#primaryimage\"},\"image\":{\"@id\":\"https:\\\/\\\/minasgramados.com.br\\\/Loja\\\/produto\\\/racao-de-frango-engorda-saco-20-kg\\\/#primaryimage\"},\"thumbnailUrl\":\"https:\\\/\\\/minasgramados.com.br\\\/Loja\\\/wp-content\\\/uploads\\\/2016\\\/10\\\/Ra\u00e7\u00e3o-confinamento.jpg\",\"datePublished\":\"2016-10-02T21:22:23+00:00\",\"dateModified\":\"2025-07-23T23:33:42+00:00\",\"description\":\"Ra\u00e7\u00e3o de Frango (Engorda) Indica\u00e7\u00e3o: Produto indicado para alimenta\u00e7\u00e3o de aves em fase de engorda.\",\"breadcrumb\":{\"@id\":\"https:\\\/\\\/minasgramados.com.br\\\/Loja\\\/produto\\\/racao-de-frango-engorda-saco-20-kg\\\/#breadcrumb\"},\"inLanguage\":\"pt-BR\",\"potentialAction\":[{\"@type\":\"ReadAction\",\"target\":[\"https:\\\/\\\/minasgramados.com.br\\\/Loja\\\/produto\\\/racao-de-frango-engorda-saco-20-kg\\\/\"]}]},{\"@type\":\"ImageObject\",\"inLanguage\":\"pt-BR\",\"@id\":\"https:\\\/\\\/minasgramados.com.br\\\/Loja\\\/produto\\\/racao-de-frango-engorda-saco-20-kg\\\/#primaryimage\",\"url\":\"https:\\\/\\\/minasgramados.com.br\\\/Loja\\\/wp-content\\\/uploads\\\/2016\\\/10\\\/Ra\u00e7\u00e3o-confinamento.jpg\",\"contentUrl\":\"https:\\\/\\\/minasgramados.com.br\\\/Loja\\\/wp-content\\\/uploads\\\/2016\\\/10\\\/Ra\u00e7\u00e3o-confinamento.jpg\",\"width\":640,\"height\":480},{\"@type\":\"BreadcrumbList\",\"@id\":\"https:\\\/\\\/minasgramados.com.br\\\/Loja\\\/produto\\\/racao-de-frango-engorda-saco-20-kg\\\/#breadcrumb\",\"itemListElement\":[{\"@type\":\"ListItem\",\"position\":1,\"name\":\"In\u00edcio\",\"item\":\"https:\\\/\\\/minasgramados.com.br\\\/Loja\\\/\"},{\"@type\":\"ListItem\",\"position\":2,\"name\":\"Loja\",\"item\":\"https:\\\/\\\/minasgramados.com.br\\\/Loja\\\/loja-modelo-03\\\/\"},{\"@type\":\"ListItem\",\"position\":3,\"name\":\"Ra\u00e7\u00e3o de Frango Engorda (Saco 20 KG)\"}]},{\"@type\":\"WebSite\",\"@id\":\"https:\\\/\\\/minasgramados.com.br\\\/Loja\\\/#website\",\"url\":\"https:\\\/\\\/minasgramados.com.br\\\/Loja\\\/\",\"name\":\"Minas Gramados - Paisagismo e Hidrossemeadura.\",\"description\":\"Distribuidora de Gramas adubos sementes em Betim e no Brasil.\",\"publisher\":{\"@id\":\"https:\\\/\\\/minasgramados.com.br\\\/Loja\\\/#organization\"},\"potentialAction\":[{\"@type\":\"SearchAction\",\"target\":{\"@type\":\"EntryPoint\",\"urlTemplate\":\"https:\\\/\\\/minasgramados.com.br\\\/Loja\\\/?s={search_term_string}\"},\"query-input\":{\"@type\":\"PropertyValueSpecification\",\"valueRequired\":true,\"valueName\":\"search_term_string\"}}],\"inLanguage\":\"pt-BR\"},{\"@type\":\"Organization\",\"@id\":\"https:\\\/\\\/minasgramados.com.br\\\/Loja\\\/#organization\",\"name\":\"Minas Gramados - Paisagismo e Hidrossemeadura.\",\"url\":\"https:\\\/\\\/minasgramados.com.br\\\/Loja\\\/\",\"logo\":{\"@type\":\"ImageObject\",\"inLanguage\":\"pt-BR\",\"@id\":\"https:\\\/\\\/minasgramados.com.br\\\/Loja\\\/#\\\/schema\\\/logo\\\/image\\\/\",\"url\":\"https:\\\/\\\/minasgramados.com.br\\\/Loja\\\/wp-content\\\/uploads\\\/2018\\\/06\\\/gramados-original-1.gif\",\"contentUrl\":\"https:\\\/\\\/minasgramados.com.br\\\/Loja\\\/wp-content\\\/uploads\\\/2018\\\/06\\\/gramados-original-1.gif\",\"width\":600,\"height\":300,\"caption\":\"Minas Gramados - Paisagismo e Hidrossemeadura.\"},\"image\":{\"@id\":\"https:\\\/\\\/minasgramados.com.br\\\/Loja\\\/#\\\/schema\\\/logo\\\/image\\\/\"}}]}<\/script>\n<!-- \/ Yoast SEO plugin. -->","yoast_head_json":{"title":"Ra\u00e7\u00e3o de Frango Engorda-Minas Gramados-Ra\u00e7\u00e3o Engorda","description":"Ra\u00e7\u00e3o de Frango (Engorda) Indica\u00e7\u00e3o: Produto indicado para alimenta\u00e7\u00e3o de aves em fase de engorda.","robots":{"index":"index","follow":"follow","max-snippet":"max-snippet:-1","max-image-preview":"max-image-preview:large","max-video-preview":"max-video-preview:-1"},"canonical":"https:\/\/minasgramados.com.br\/Loja\/produto\/racao-de-frango-engorda-saco-20-kg\/","twitter_card":"summary_large_image","twitter_title":"Ra\u00e7\u00e3o de Frango Engorda-Minas Gramados-Ra\u00e7\u00e3o Engorda","twitter_description":"Ra\u00e7\u00e3o de Frango (Engorda) Indica\u00e7\u00e3o: Produto indicado para alimenta\u00e7\u00e3o de aves em fase de engorda.","twitter_image":"https:\/\/minasgramados.com.br\/Loja\/wp-content\/uploads\/2016\/10\/Ra\u00e7\u00e3o-confinamento.jpg","twitter_misc":{"Est. tempo de leitura":"1 minuto"},"schema":{"@context":"https:\/\/schema.org","@graph":[{"@type":"WebPage","@id":"https:\/\/minasgramados.com.br\/Loja\/produto\/racao-de-frango-engorda-saco-20-kg\/","url":"https:\/\/minasgramados.com.br\/Loja\/produto\/racao-de-frango-engorda-saco-20-kg\/","name":"Ra\u00e7\u00e3o de Frango Engorda-Minas Gramados-Ra\u00e7\u00e3o Engorda","isPartOf":{"@id":"https:\/\/minasgramados.com.br\/Loja\/#website"},"primaryImageOfPage":{"@id":"https:\/\/minasgramados.com.br\/Loja\/produto\/racao-de-frango-engorda-saco-20-kg\/#primaryimage"},"image":{"@id":"https:\/\/minasgramados.com.br\/Loja\/produto\/racao-de-frango-engorda-saco-20-kg\/#primaryimage"},"thumbnailUrl":"https:\/\/minasgramados.com.br\/Loja\/wp-content\/uploads\/2016\/10\/Ra\u00e7\u00e3o-confinamento.jpg","datePublished":"2016-10-02T21:22:23+00:00","dateModified":"2025-07-23T23:33:42+00:00","description":"Ra\u00e7\u00e3o de Frango (Engorda) Indica\u00e7\u00e3o: Produto indicado para alimenta\u00e7\u00e3o de aves em fase de engorda.","breadcrumb":{"@id":"https:\/\/minasgramados.com.br\/Loja\/produto\/racao-de-frango-engorda-saco-20-kg\/#breadcrumb"},"inLanguage":"pt-BR","potentialAction":[{"@type":"ReadAction","target":["https:\/\/minasgramados.com.br\/Loja\/produto\/racao-de-frango-engorda-saco-20-kg\/"]}]},{"@type":"ImageObject","inLanguage":"pt-BR","@id":"https:\/\/minasgramados.com.br\/Loja\/produto\/racao-de-frango-engorda-saco-20-kg\/#primaryimage","url":"https:\/\/minasgramados.com.br\/Loja\/wp-content\/uploads\/2016\/10\/Ra\u00e7\u00e3o-confinamento.jpg","contentUrl":"https:\/\/minasgramados.com.br\/Loja\/wp-content\/uploads\/2016\/10\/Ra\u00e7\u00e3o-confinamento.jpg","width":640,"height":480},{"@type":"BreadcrumbList","@id":"https:\/\/minasgramados.com.br\/Loja\/produto\/racao-de-frango-engorda-saco-20-kg\/#breadcrumb","itemListElement":[{"@type":"ListItem","position":1,"name":"In\u00edcio","item":"https:\/\/minasgramados.com.br\/Loja\/"},{"@type":"ListItem","position":2,"name":"Loja","item":"https:\/\/minasgramados.com.br\/Loja\/loja-modelo-03\/"},{"@type":"ListItem","position":3,"name":"Ra\u00e7\u00e3o de Frango Engorda (Saco 20 KG)"}]},{"@type":"WebSite","@id":"https:\/\/minasgramados.com.br\/Loja\/#website","url":"https:\/\/minasgramados.com.br\/Loja\/","name":"Minas Gramados - Paisagismo e Hidrossemeadura.","description":"Distribuidora de Gramas adubos sementes em Betim e no Brasil.","publisher":{"@id":"https:\/\/minasgramados.com.br\/Loja\/#organization"},"potentialAction":[{"@type":"SearchAction","target":{"@type":"EntryPoint","urlTemplate":"https:\/\/minasgramados.com.br\/Loja\/?s={search_term_string}"},"query-input":{"@type":"PropertyValueSpecification","valueRequired":true,"valueName":"search_term_string"}}],"inLanguage":"pt-BR"},{"@type":"Organization","@id":"https:\/\/minasgramados.com.br\/Loja\/#organization","name":"Minas Gramados - Paisagismo e Hidrossemeadura.","url":"https:\/\/minasgramados.com.br\/Loja\/","logo":{"@type":"ImageObject","inLanguage":"pt-BR","@id":"https:\/\/minasgramados.com.br\/Loja\/#\/schema\/logo\/image\/","url":"https:\/\/minasgramados.com.br\/Loja\/wp-content\/uploads\/2018\/06\/gramados-original-1.gif","contentUrl":"https:\/\/minasgramados.com.br\/Loja\/wp-content\/uploads\/2018\/06\/gramados-original-1.gif","width":600,"height":300,"caption":"Minas Gramados - Paisagismo e Hidrossemeadura."},"image":{"@id":"https:\/\/minasgramados.com.br\/Loja\/#\/schema\/logo\/image\/"}}]}},"_links":{"self":[{"href":"https:\/\/minasgramados.com.br\/Loja\/wp-json\/wp\/v2\/product\/1882","targetHints":{"allow":["GET"]}}],"collection":[{"href":"https:\/\/minasgramados.com.br\/Loja\/wp-json\/wp\/v2\/product"}],"about":[{"href":"https:\/\/minasgramados.com.br\/Loja\/wp-json\/wp\/v2\/types\/product"}],"wp:featuredmedia":[{"embeddable":true,"href":"https:\/\/minasgramados.com.br\/Loja\/wp-json\/wp\/v2\/media\/1888"}],"wp:attachment":[{"href":"https:\/\/minasgramados.com.br\/Loja\/wp-json\/wp\/v2\/media?parent=1882"}],"wp:term":[{"taxonomy":"product_brand","embeddable":true,"href":"https:\/\/minasgramados.com.br\/Loja\/wp-json\/wp\/v2\/product_brand?post=1882"},{"taxonomy":"product_cat","embeddable":true,"href":"https:\/\/minasgramados.com.br\/Loja\/wp-json\/wp\/v2\/product_cat?post=1882"},{"taxonomy":"product_tag","embeddable":true,"href":"https:\/\/minasgramados.com.br\/Loja\/wp-json\/wp\/v2\/product_tag?post=1882"}],"curies":[{"name":"wp","href":"https:\/\/api.w.org\/{rel}","templated":true}]}}