{"id":1886,"date":"2016-10-02T21:59:08","date_gmt":"2016-10-03T00:59:08","guid":{"rendered":"http:\/\/minasgramados.com.br\/Loja\/?post_type=product&#038;p=1886"},"modified":"2025-07-23T20:31:23","modified_gmt":"2025-07-23T23:31:23","slug":"racao-gado-gordo-confinado","status":"publish","type":"product","link":"https:\/\/minasgramados.com.br\/Loja\/produto\/racao-gado-gordo-confinado\/","title":{"rendered":"Ra\u00e7\u00e3o Gado Gordo Confinado (Saco 25 KG)"},"content":{"rendered":"<p style=\"text-align: justify;\">Ra\u00e7\u00e3o Gado Gordo Confinado- Indica\u00e7\u00e3o: Ra\u00e7\u00e3o farelada, indicada para alimenta\u00e7\u00e3o de bovinos em sistema de confinamento tendo silagem como volumoso.<\/p>\n<p>Composi\u00e7\u00e3o:<\/p>\n<p>Calc\u00e1rio calc\u00edtico, farelo de soja, milho integral mo\u00eddo, cloreto de s\u00f3dio (sal comum 0,5%), bicarbonato de s\u00f3dio, mela\u00e7o, ur\u00e9ia pecu\u00e1ria, carbo-amino-fosfoquelato de cobalto, vitamina E, \u00f3xido de magn\u00e9sio, vitamina A, fosfato bic\u00e1lcico, enxofre ventilado (flor de enxofre), carbo-amino-fosfoquelato de cobre, carbo-amino-fosfoquelato de ferro, carbo-amino-fosfoquelato de mangan\u00eas, iodato de c\u00e1lcio, Mon\u00f3xido de mangan\u00eas, selenito de s\u00f3dio, sulfato de cobalto, monensina s\u00f3dica, sulfato de cobre,sulfato de zinco, vitamina D3, carbo-amino-fosfoquelato de zinco, carbo-amino-fosfoquelato de sel\u00eanio.<\/p>\n<p style=\"text-align: justify;\"><span style=\"color: #000000;\">Indica\u00e7\u00e3o: Ra\u00e7\u00e3o farelada, indicada para alimenta\u00e7\u00e3o de bovinos em sistema de confinamento tendo silagem como volumoso. *Tem interesse nesse produto, o pedido m\u00ednimo para granjas \u00e9 de 10 sacos de 20 ou 25 KG e para outras encomendas, fale com o nosso SAC e tire suas d\u00favidas!<\/span><\/p>\n","protected":false},"excerpt":{"rendered":"<p style=\"text-align: justify;\">Ra\u00e7\u00e3o Gado Gordo &#8211; Indica\u00e7\u00e3o: Ra\u00e7\u00e3o farelada, indicada para alimenta\u00e7\u00e3o de bovinos em sistema de confinamento tendo silagem como volumoso.<\/p>\n<p style=\"text-align: justify;\"><span style=\"color: #ff0000;\">*ATE\u00c7\u00c3O: N\u00c3O COMERCIALIZAMOS MAIS RA\u00c7\u00d5ES PARA GADO,ESSA PAGINA PASSAR\u00c1 POR ATUALIZA\u00c7\u00d5ES.<\/span><\/p>\n","protected":false},"featured_media":1884,"template":"","meta":{"_joinchat":[]},"product_brand":[],"product_cat":[14,20],"product_tag":[],"class_list":{"0":"post-1886","1":"product","2":"type-product","3":"status-publish","4":"has-post-thumbnail","6":"product_cat-produtos-agropecuarios","7":"product_cat-racoes-para-gados-e-passaros","8":"entry","9":"has-media","11":"first","12":"outofstock","13":"sale","14":"shipping-taxable","15":"purchasable","16":"product-type-simple","17":"col","18":"wpex-woo-entry","19":"span_1_of_4"},"yoast_head":"<!-- This site is optimized with the Yoast SEO plugin v27.3 - https:\/\/yoast.com\/product\/yoast-seo-wordpress\/ -->\n<title>Ra\u00e7\u00e3o Gado Gordo - Minas Gramados - Ra\u00e7\u00e3o Gado Gordo BH<\/title>\n<meta name=\"description\" content=\"Ra\u00e7\u00e3o Gado Gordo - Indica\u00e7\u00e3o:Ra\u00e7\u00e3o farelada, indicada para alimenta\u00e7\u00e3o de bovinos em sistema de confinamento tendo silagem como volumoso.\" \/>\n<meta name=\"robots\" content=\"index, follow, max-snippet:-1, max-image-preview:large, max-video-preview:-1\" \/>\n<link rel=\"canonical\" href=\"https:\/\/minasgramados.com.br\/Loja\/produto\/racao-gado-gordo-confinado\/\" \/>\n<meta name=\"twitter:card\" content=\"summary_large_image\" \/>\n<meta name=\"twitter:title\" content=\"Ra\u00e7\u00e3o Gado Gordo - Minas Gramados - Ra\u00e7\u00e3o Gado Gordo BH\" \/>\n<meta name=\"twitter:description\" content=\"Ra\u00e7\u00e3o Gado Gordo - Indica\u00e7\u00e3o:Ra\u00e7\u00e3o farelada, indicada para alimenta\u00e7\u00e3o de bovinos em sistema de confinamento tendo silagem como volumoso.\" \/>\n<meta name=\"twitter:image\" content=\"https:\/\/minasgramados.com.br\/Loja\/wp-content\/uploads\/2016\/10\/Ra\u00e7\u00e3o-bovinos_crescimento.jpg\" \/>\n<meta name=\"twitter:label1\" content=\"Est. tempo de leitura\" \/>\n\t<meta name=\"twitter:data1\" content=\"1 minuto\" \/>\n<script type=\"application\/ld+json\" class=\"yoast-schema-graph\">{\"@context\":\"https:\\\/\\\/schema.org\",\"@graph\":[{\"@type\":\"WebPage\",\"@id\":\"https:\\\/\\\/minasgramados.com.br\\\/Loja\\\/produto\\\/racao-gado-gordo-confinado\\\/\",\"url\":\"https:\\\/\\\/minasgramados.com.br\\\/Loja\\\/produto\\\/racao-gado-gordo-confinado\\\/\",\"name\":\"Ra\u00e7\u00e3o Gado Gordo - Minas Gramados - Ra\u00e7\u00e3o Gado Gordo BH\",\"isPartOf\":{\"@id\":\"https:\\\/\\\/minasgramados.com.br\\\/Loja\\\/#website\"},\"primaryImageOfPage\":{\"@id\":\"https:\\\/\\\/minasgramados.com.br\\\/Loja\\\/produto\\\/racao-gado-gordo-confinado\\\/#primaryimage\"},\"image\":{\"@id\":\"https:\\\/\\\/minasgramados.com.br\\\/Loja\\\/produto\\\/racao-gado-gordo-confinado\\\/#primaryimage\"},\"thumbnailUrl\":\"https:\\\/\\\/minasgramados.com.br\\\/Loja\\\/wp-content\\\/uploads\\\/2016\\\/10\\\/Ra\u00e7\u00e3o-bovinos_crescimento.jpg\",\"datePublished\":\"2016-10-03T00:59:08+00:00\",\"dateModified\":\"2025-07-23T23:31:23+00:00\",\"description\":\"Ra\u00e7\u00e3o Gado Gordo - Indica\u00e7\u00e3o:Ra\u00e7\u00e3o farelada, indicada para alimenta\u00e7\u00e3o de bovinos em sistema de confinamento tendo silagem como volumoso.\",\"breadcrumb\":{\"@id\":\"https:\\\/\\\/minasgramados.com.br\\\/Loja\\\/produto\\\/racao-gado-gordo-confinado\\\/#breadcrumb\"},\"inLanguage\":\"pt-BR\",\"potentialAction\":[{\"@type\":\"ReadAction\",\"target\":[\"https:\\\/\\\/minasgramados.com.br\\\/Loja\\\/produto\\\/racao-gado-gordo-confinado\\\/\"]}]},{\"@type\":\"ImageObject\",\"inLanguage\":\"pt-BR\",\"@id\":\"https:\\\/\\\/minasgramados.com.br\\\/Loja\\\/produto\\\/racao-gado-gordo-confinado\\\/#primaryimage\",\"url\":\"https:\\\/\\\/minasgramados.com.br\\\/Loja\\\/wp-content\\\/uploads\\\/2016\\\/10\\\/Ra\u00e7\u00e3o-bovinos_crescimento.jpg\",\"contentUrl\":\"https:\\\/\\\/minasgramados.com.br\\\/Loja\\\/wp-content\\\/uploads\\\/2016\\\/10\\\/Ra\u00e7\u00e3o-bovinos_crescimento.jpg\",\"width\":640,\"height\":480},{\"@type\":\"BreadcrumbList\",\"@id\":\"https:\\\/\\\/minasgramados.com.br\\\/Loja\\\/produto\\\/racao-gado-gordo-confinado\\\/#breadcrumb\",\"itemListElement\":[{\"@type\":\"ListItem\",\"position\":1,\"name\":\"In\u00edcio\",\"item\":\"https:\\\/\\\/minasgramados.com.br\\\/Loja\\\/\"},{\"@type\":\"ListItem\",\"position\":2,\"name\":\"Loja\",\"item\":\"https:\\\/\\\/minasgramados.com.br\\\/Loja\\\/loja-modelo-03\\\/\"},{\"@type\":\"ListItem\",\"position\":3,\"name\":\"Ra\u00e7\u00e3o Gado Gordo Confinado (Saco 25 KG)\"}]},{\"@type\":\"WebSite\",\"@id\":\"https:\\\/\\\/minasgramados.com.br\\\/Loja\\\/#website\",\"url\":\"https:\\\/\\\/minasgramados.com.br\\\/Loja\\\/\",\"name\":\"Minas Gramados - Paisagismo e Hidrossemeadura.\",\"description\":\"Distribuidora de Gramas adubos sementes em Betim e no Brasil.\",\"publisher\":{\"@id\":\"https:\\\/\\\/minasgramados.com.br\\\/Loja\\\/#organization\"},\"potentialAction\":[{\"@type\":\"SearchAction\",\"target\":{\"@type\":\"EntryPoint\",\"urlTemplate\":\"https:\\\/\\\/minasgramados.com.br\\\/Loja\\\/?s={search_term_string}\"},\"query-input\":{\"@type\":\"PropertyValueSpecification\",\"valueRequired\":true,\"valueName\":\"search_term_string\"}}],\"inLanguage\":\"pt-BR\"},{\"@type\":\"Organization\",\"@id\":\"https:\\\/\\\/minasgramados.com.br\\\/Loja\\\/#organization\",\"name\":\"Minas Gramados - Paisagismo e Hidrossemeadura.\",\"url\":\"https:\\\/\\\/minasgramados.com.br\\\/Loja\\\/\",\"logo\":{\"@type\":\"ImageObject\",\"inLanguage\":\"pt-BR\",\"@id\":\"https:\\\/\\\/minasgramados.com.br\\\/Loja\\\/#\\\/schema\\\/logo\\\/image\\\/\",\"url\":\"https:\\\/\\\/minasgramados.com.br\\\/Loja\\\/wp-content\\\/uploads\\\/2018\\\/06\\\/gramados-original-1.gif\",\"contentUrl\":\"https:\\\/\\\/minasgramados.com.br\\\/Loja\\\/wp-content\\\/uploads\\\/2018\\\/06\\\/gramados-original-1.gif\",\"width\":600,\"height\":300,\"caption\":\"Minas Gramados - Paisagismo e Hidrossemeadura.\"},\"image\":{\"@id\":\"https:\\\/\\\/minasgramados.com.br\\\/Loja\\\/#\\\/schema\\\/logo\\\/image\\\/\"}}]}<\/script>\n<!-- \/ Yoast SEO plugin. -->","yoast_head_json":{"title":"Ra\u00e7\u00e3o Gado Gordo - Minas Gramados - Ra\u00e7\u00e3o Gado Gordo BH","description":"Ra\u00e7\u00e3o Gado Gordo - Indica\u00e7\u00e3o:Ra\u00e7\u00e3o farelada, indicada para alimenta\u00e7\u00e3o de bovinos em sistema de confinamento tendo silagem como volumoso.","robots":{"index":"index","follow":"follow","max-snippet":"max-snippet:-1","max-image-preview":"max-image-preview:large","max-video-preview":"max-video-preview:-1"},"canonical":"https:\/\/minasgramados.com.br\/Loja\/produto\/racao-gado-gordo-confinado\/","twitter_card":"summary_large_image","twitter_title":"Ra\u00e7\u00e3o Gado Gordo - Minas Gramados - Ra\u00e7\u00e3o Gado Gordo BH","twitter_description":"Ra\u00e7\u00e3o Gado Gordo - Indica\u00e7\u00e3o:Ra\u00e7\u00e3o farelada, indicada para alimenta\u00e7\u00e3o de bovinos em sistema de confinamento tendo silagem como volumoso.","twitter_image":"https:\/\/minasgramados.com.br\/Loja\/wp-content\/uploads\/2016\/10\/Ra\u00e7\u00e3o-bovinos_crescimento.jpg","twitter_misc":{"Est. tempo de leitura":"1 minuto"},"schema":{"@context":"https:\/\/schema.org","@graph":[{"@type":"WebPage","@id":"https:\/\/minasgramados.com.br\/Loja\/produto\/racao-gado-gordo-confinado\/","url":"https:\/\/minasgramados.com.br\/Loja\/produto\/racao-gado-gordo-confinado\/","name":"Ra\u00e7\u00e3o Gado Gordo - Minas Gramados - Ra\u00e7\u00e3o Gado Gordo BH","isPartOf":{"@id":"https:\/\/minasgramados.com.br\/Loja\/#website"},"primaryImageOfPage":{"@id":"https:\/\/minasgramados.com.br\/Loja\/produto\/racao-gado-gordo-confinado\/#primaryimage"},"image":{"@id":"https:\/\/minasgramados.com.br\/Loja\/produto\/racao-gado-gordo-confinado\/#primaryimage"},"thumbnailUrl":"https:\/\/minasgramados.com.br\/Loja\/wp-content\/uploads\/2016\/10\/Ra\u00e7\u00e3o-bovinos_crescimento.jpg","datePublished":"2016-10-03T00:59:08+00:00","dateModified":"2025-07-23T23:31:23+00:00","description":"Ra\u00e7\u00e3o Gado Gordo - Indica\u00e7\u00e3o:Ra\u00e7\u00e3o farelada, indicada para alimenta\u00e7\u00e3o de bovinos em sistema de confinamento tendo silagem como volumoso.","breadcrumb":{"@id":"https:\/\/minasgramados.com.br\/Loja\/produto\/racao-gado-gordo-confinado\/#breadcrumb"},"inLanguage":"pt-BR","potentialAction":[{"@type":"ReadAction","target":["https:\/\/minasgramados.com.br\/Loja\/produto\/racao-gado-gordo-confinado\/"]}]},{"@type":"ImageObject","inLanguage":"pt-BR","@id":"https:\/\/minasgramados.com.br\/Loja\/produto\/racao-gado-gordo-confinado\/#primaryimage","url":"https:\/\/minasgramados.com.br\/Loja\/wp-content\/uploads\/2016\/10\/Ra\u00e7\u00e3o-bovinos_crescimento.jpg","contentUrl":"https:\/\/minasgramados.com.br\/Loja\/wp-content\/uploads\/2016\/10\/Ra\u00e7\u00e3o-bovinos_crescimento.jpg","width":640,"height":480},{"@type":"BreadcrumbList","@id":"https:\/\/minasgramados.com.br\/Loja\/produto\/racao-gado-gordo-confinado\/#breadcrumb","itemListElement":[{"@type":"ListItem","position":1,"name":"In\u00edcio","item":"https:\/\/minasgramados.com.br\/Loja\/"},{"@type":"ListItem","position":2,"name":"Loja","item":"https:\/\/minasgramados.com.br\/Loja\/loja-modelo-03\/"},{"@type":"ListItem","position":3,"name":"Ra\u00e7\u00e3o Gado Gordo Confinado (Saco 25 KG)"}]},{"@type":"WebSite","@id":"https:\/\/minasgramados.com.br\/Loja\/#website","url":"https:\/\/minasgramados.com.br\/Loja\/","name":"Minas Gramados - Paisagismo e Hidrossemeadura.","description":"Distribuidora de Gramas adubos sementes em Betim e no Brasil.","publisher":{"@id":"https:\/\/minasgramados.com.br\/Loja\/#organization"},"potentialAction":[{"@type":"SearchAction","target":{"@type":"EntryPoint","urlTemplate":"https:\/\/minasgramados.com.br\/Loja\/?s={search_term_string}"},"query-input":{"@type":"PropertyValueSpecification","valueRequired":true,"valueName":"search_term_string"}}],"inLanguage":"pt-BR"},{"@type":"Organization","@id":"https:\/\/minasgramados.com.br\/Loja\/#organization","name":"Minas Gramados - Paisagismo e Hidrossemeadura.","url":"https:\/\/minasgramados.com.br\/Loja\/","logo":{"@type":"ImageObject","inLanguage":"pt-BR","@id":"https:\/\/minasgramados.com.br\/Loja\/#\/schema\/logo\/image\/","url":"https:\/\/minasgramados.com.br\/Loja\/wp-content\/uploads\/2018\/06\/gramados-original-1.gif","contentUrl":"https:\/\/minasgramados.com.br\/Loja\/wp-content\/uploads\/2018\/06\/gramados-original-1.gif","width":600,"height":300,"caption":"Minas Gramados - Paisagismo e Hidrossemeadura."},"image":{"@id":"https:\/\/minasgramados.com.br\/Loja\/#\/schema\/logo\/image\/"}}]}},"_links":{"self":[{"href":"https:\/\/minasgramados.com.br\/Loja\/wp-json\/wp\/v2\/product\/1886","targetHints":{"allow":["GET"]}}],"collection":[{"href":"https:\/\/minasgramados.com.br\/Loja\/wp-json\/wp\/v2\/product"}],"about":[{"href":"https:\/\/minasgramados.com.br\/Loja\/wp-json\/wp\/v2\/types\/product"}],"wp:featuredmedia":[{"embeddable":true,"href":"https:\/\/minasgramados.com.br\/Loja\/wp-json\/wp\/v2\/media\/1884"}],"wp:attachment":[{"href":"https:\/\/minasgramados.com.br\/Loja\/wp-json\/wp\/v2\/media?parent=1886"}],"wp:term":[{"taxonomy":"product_brand","embeddable":true,"href":"https:\/\/minasgramados.com.br\/Loja\/wp-json\/wp\/v2\/product_brand?post=1886"},{"taxonomy":"product_cat","embeddable":true,"href":"https:\/\/minasgramados.com.br\/Loja\/wp-json\/wp\/v2\/product_cat?post=1886"},{"taxonomy":"product_tag","embeddable":true,"href":"https:\/\/minasgramados.com.br\/Loja\/wp-json\/wp\/v2\/product_tag?post=1886"}],"curies":[{"name":"wp","href":"https:\/\/api.w.org\/{rel}","templated":true}]}}