{"id":1894,"date":"2016-10-02T23:44:30","date_gmt":"2016-10-03T02:44:30","guid":{"rendered":"http:\/\/minasgramados.com.br\/Loja\/?post_type=product&#038;p=1894"},"modified":"2025-07-23T17:50:00","modified_gmt":"2025-07-23T20:50:00","slug":"graminea-vetiver-mudas-raizes-nua","status":"publish","type":"product","link":"https:\/\/minasgramados.com.br\/Loja\/produto\/graminea-vetiver-mudas-raizes-nua\/","title":{"rendered":"Gram\u00ednea Vetiver (Mudas Ra\u00edzes Nua)"},"content":{"rendered":"<p style=\"text-align: justify;\"><strong>Gram\u00ednea Vetiver<\/strong>: \u00c9 uma gram\u00ednea perene, que ocorre nos mais variados climas, sobretudo tropical e subtropical. Porte m\u00e9dio, chegando a at\u00e9 1,50 m de altura, resistente a pragas, doen\u00e7as, d\u00e9ficit h\u00eddrico, geadas e fogo. Planta de crescimento ereto, formando touceiras. Reproduz somente por mudas. Apresenta sistema de ra\u00edzes densas e de alta resist\u00eancia, atingindo 3m de profundidade. As ra\u00edzes apresentam sistema radicular agregante, formando um grampeamento natural estabilizante de encostas e taludes.<\/p>\n<p style=\"text-align: justify;\"><strong>Adapta\u00e7\u00e3o<\/strong>: Adapta-se em qualquer tipo de solo e clima, sendo tolerante a \u00edndices pluviom\u00e9tricos entre 300 a 3.000 mm ao ano e per\u00edodos de extremo d\u00e9ficit h\u00eddrico, de cinco meses. Tolerante a temperaturas extremas entre \u2013 9 a 50\u00b0C. Ao contrario da maioria dos capins de touceiras, no capim vetiver uma planta cresce em dire\u00e7\u00e3o a outra (biotactismo positivo), formando uma barreira vegetal viva. \u00c9 tolerante a valores extremos de pH, salinidade, toxicidade e baixos \u00edndices de nutrientes no solo, \u00e9 ainda resistente ao fogo, alagamentos e pastoreio.<\/p>\n<p style=\"text-align: justify;\"><strong>Ecologia e meio ambiente:<\/strong> O Vetiver n\u00e3o \u00e9 uma planta invasora, s\u00f3 reproduz por mudas, n\u00e3o reproduzindo por sementes, estol\u00f5es ou ra\u00edzes. \u00c9 considerada uma planta ambientalmente correta pela ONU e Banco Mundial sendo utilizada nas mais variadas partes do mundo. O vetiver n\u00e3o \u00e9 uma planta hospedeira ou intermedi\u00e1ria de pragase doen\u00e7as e ainda tem grande capacidade de sequestro de carbono, cerca de 5Kg \/ planta \/ ano.<\/p>\n<p style=\"text-align: justify;\"><strong>Plantio:<\/strong> O plantio poder\u00e1 ser feito preferencialmente em n\u00edvel e em linhas transversais \u00e0 declividade dos taludes ou \u00e1reas impactadas, distanciando uma linha da outra cerce de um a dois metros de desn\u00edvel, dependendo da caracter\u00edstica de erosibilidade e instabilidade do solo. Recomenda-se o plantio\u00a0 de seis a oito plantas por metro linear, porque tendo o vetiver biotactismo positivo uma planta se aproxima da outra, formando uma barreira impedindo a passagem de sedimentos (retendo-os), formando terra\u00e7os evitando eros\u00f5es e assoreamento dos cursos d&#8217;\u00e1gua, tornando \u00e1reas est\u00e1veis e reaproveit\u00e1veis.<\/p>\n<p style=\"text-align: justify;\"><strong>Consorcia\u00e7\u00e3o:<\/strong> Consorcia-se com leguminosas.<\/p>\n<p style=\"text-align: justify;\"><strong>Principais usos:<\/strong> Usado como barreiras para reter sedimentos e estabiliza\u00e7\u00e3o de aterros e \u00e1reas erodidas, as barreiras de vetiver permitem reter os sedimentos transportados pela \u00e1gua. Com a sucess\u00e3o destes eventos ser\u00e1 formado um terra\u00e7o natural atr\u00e1s das cortinas do capim, evitando assim a degrada\u00e7\u00e3o do solo, al\u00e9m disso quebra a intensidade do fluxo descendente das \u00e1guas pluviais,<\/p>\n<p><strong>Pre\u00e7os abaixo conforme as quantidades adquiridas:<\/strong><\/p>\n<p>*PRE\u00c7OS MUDAS GRAM\u00cdNEAS VETIVER RAIZ NUA OU SAQUINHOS.<\/p>\n<p>*2.500 A 10.000 MIL MUDAS DE CAPIM VETIVER (RAIZ NUA)&#8230;&#8230;&#8230;.R$ 2,50A UN<\/p>\n<p>*10.000 OU MAIS MUDAS DE CAPIM VETIVER (RAIZ NUA)&#8230;&#8230;&#8230;&#8230;&#8230;R$ 1,90 A UN<\/p>\n<p>*5.000 A 10.000 MIL MUDAS DE CAPIM VETIVER NO (SAQUINHO)&#8230;..R$ 3,95 A UN<\/p>\n<p>*10.000 OU MAIS MUDAS DE CAPIM VETIVER NO (SAQUINHO)&#8230;&#8230;&#8230;R$ 3,30 A UN<\/p>\n<p><strong>*OBS:<\/strong> MUDAS\u00a0 ABAIXO DE 2,500 UNIDADES DELE (RAIZ NUA)&#8230;&#8230;&#8230;R$ 4,20 A UN<\/p>\n<p><strong>*OBS:<\/strong> MUDAS\u00a0 ABAIXO DE 2,500\u00a0 UNIDADES DELE (SAQUINHO)&#8230;&#8230;R$ 5,50 A UN<\/p>\n<p><strong>*OBS: <\/strong>N\u00e3o atendemos pedido menos do que <strong>500 mudas<\/strong>, abaixo disso por ser por encomenda tem frete a parte, pois vira da produ\u00e7\u00e3o para Betim.<\/p>\n<p><strong>*QUANTIDADE:<\/strong> AS MUDAS VEM EM RAIZ NUA ,COM 500 MUDAS EM CADA SACO<\/p>\n<p><strong>*O FRETE:<\/strong> FOB<\/p>\n<p style=\"text-align: justify;\"><span style=\"color: #000000;\">*Tem interesse nesse produto, o pedido m\u00ednimo\u00a0 \u00e9 de\u00a0 <strong>5.000 mudas<\/strong> em raiz nua embaladas em\u00a0 sacos e enviadas via correios, j\u00e1 as mudas em saquinho plastico o pedido minimo de 50 mudas, D\u00favidas fale com o nosso SAC.<\/span><\/p>\n","protected":false},"excerpt":{"rendered":"<p style=\"text-align: justify;\"><strong>Gram\u00ednea Vetiver:<\/strong> Usado como barreiras para reter sedimentos e estabiliza\u00e7\u00e3o de aterros e \u00e1reas erodidas, as barreiras de vetiver permitem reter os sedimentos transportados pela \u00e1gua. <strong>*Teve interesse:<\/strong> O pedido m\u00ednimo\u00a0 \u00e9 de\u00a0<strong> 5.000 mudas<\/strong> em raiz nua e de <strong>500 Mudas<\/strong> em saquinhos,e as mudas em Raiz nua vai embaladas em\u00a0 sacos e enviadas via correios ou a crit\u00e9rio do cliente, <strong>D\u00favidas fale com o nosso SAC.<\/strong><\/p>\n","protected":false},"featured_media":1895,"template":"","meta":{"_joinchat":[]},"product_brand":[],"product_cat":[9,38],"product_tag":[],"class_list":{"0":"post-1894","1":"product","2":"type-product","3":"status-publish","4":"has-post-thumbnail","6":"product_cat-hidrossemeadura","7":"product_cat-sementes-e-mudas-para-hidrossemeadura","8":"entry","9":"has-media","11":"first","12":"outofstock","13":"sale","14":"shipping-taxable","15":"purchasable","16":"product-type-simple","17":"col","18":"wpex-woo-entry","19":"span_1_of_4"},"yoast_head":"<!-- This site is optimized with the Yoast SEO plugin v27.4 - https:\/\/yoast.com\/product\/yoast-seo-wordpress\/ -->\n<title>Gram\u00ednea Vetiver - Minas Gramados - Gram\u00ednea Vetiver BH<\/title>\n<meta name=\"description\" content=\"Gram\u00ednea Vetiver \u00e9 uma gram\u00ednea perene, que ocorre nos mais variados climas, sobretudo tropical e subtropical. Porte m\u00e9dio, chegando a at\u00e9 1,50 m de altura.\" \/>\n<meta name=\"robots\" content=\"index, follow, max-snippet:-1, max-image-preview:large, max-video-preview:-1\" \/>\n<link rel=\"canonical\" href=\"https:\/\/minasgramados.com.br\/Loja\/produto\/graminea-vetiver-mudas-raizes-nua\/\" \/>\n<meta name=\"twitter:card\" content=\"summary_large_image\" \/>\n<meta name=\"twitter:title\" content=\"Gram\u00ednea Vetiver - Minas Gramados - Gram\u00ednea Vetiver BH\" \/>\n<meta name=\"twitter:description\" content=\"Gram\u00ednea Vetiver \u00e9 uma gram\u00ednea perene, que ocorre nos mais variados climas, sobretudo tropical e subtropical. Porte m\u00e9dio, chegando a at\u00e9 1,50 m de altura.\" \/>\n<meta name=\"twitter:image\" content=\"https:\/\/minasgramados.com.br\/Loja\/wp-content\/uploads\/2016\/10\/Vetiver-02.jpg\" \/>\n<meta name=\"twitter:label1\" content=\"Est. tempo de leitura\" \/>\n\t<meta name=\"twitter:data1\" content=\"4 minutos\" \/>\n<script type=\"application\/ld+json\" class=\"yoast-schema-graph\">{\"@context\":\"https:\\\/\\\/schema.org\",\"@graph\":[{\"@type\":\"WebPage\",\"@id\":\"https:\\\/\\\/minasgramados.com.br\\\/Loja\\\/produto\\\/graminea-vetiver-mudas-raizes-nua\\\/\",\"url\":\"https:\\\/\\\/minasgramados.com.br\\\/Loja\\\/produto\\\/graminea-vetiver-mudas-raizes-nua\\\/\",\"name\":\"Gram\u00ednea Vetiver - Minas Gramados - Gram\u00ednea Vetiver BH\",\"isPartOf\":{\"@id\":\"https:\\\/\\\/minasgramados.com.br\\\/Loja\\\/#website\"},\"primaryImageOfPage\":{\"@id\":\"https:\\\/\\\/minasgramados.com.br\\\/Loja\\\/produto\\\/graminea-vetiver-mudas-raizes-nua\\\/#primaryimage\"},\"image\":{\"@id\":\"https:\\\/\\\/minasgramados.com.br\\\/Loja\\\/produto\\\/graminea-vetiver-mudas-raizes-nua\\\/#primaryimage\"},\"thumbnailUrl\":\"https:\\\/\\\/minasgramados.com.br\\\/Loja\\\/wp-content\\\/uploads\\\/2016\\\/10\\\/Vetiver-02.jpg\",\"datePublished\":\"2016-10-03T02:44:30+00:00\",\"dateModified\":\"2025-07-23T20:50:00+00:00\",\"description\":\"Gram\u00ednea Vetiver \u00e9 uma gram\u00ednea perene, que ocorre nos mais variados climas, sobretudo tropical e subtropical. Porte m\u00e9dio, chegando a at\u00e9 1,50 m de altura.\",\"breadcrumb\":{\"@id\":\"https:\\\/\\\/minasgramados.com.br\\\/Loja\\\/produto\\\/graminea-vetiver-mudas-raizes-nua\\\/#breadcrumb\"},\"inLanguage\":\"pt-BR\",\"potentialAction\":[{\"@type\":\"ReadAction\",\"target\":[\"https:\\\/\\\/minasgramados.com.br\\\/Loja\\\/produto\\\/graminea-vetiver-mudas-raizes-nua\\\/\"]}]},{\"@type\":\"ImageObject\",\"inLanguage\":\"pt-BR\",\"@id\":\"https:\\\/\\\/minasgramados.com.br\\\/Loja\\\/produto\\\/graminea-vetiver-mudas-raizes-nua\\\/#primaryimage\",\"url\":\"https:\\\/\\\/minasgramados.com.br\\\/Loja\\\/wp-content\\\/uploads\\\/2016\\\/10\\\/Vetiver-02.jpg\",\"contentUrl\":\"https:\\\/\\\/minasgramados.com.br\\\/Loja\\\/wp-content\\\/uploads\\\/2016\\\/10\\\/Vetiver-02.jpg\",\"width\":640,\"height\":409},{\"@type\":\"BreadcrumbList\",\"@id\":\"https:\\\/\\\/minasgramados.com.br\\\/Loja\\\/produto\\\/graminea-vetiver-mudas-raizes-nua\\\/#breadcrumb\",\"itemListElement\":[{\"@type\":\"ListItem\",\"position\":1,\"name\":\"In\u00edcio\",\"item\":\"https:\\\/\\\/minasgramados.com.br\\\/Loja\\\/\"},{\"@type\":\"ListItem\",\"position\":2,\"name\":\"Loja\",\"item\":\"https:\\\/\\\/minasgramados.com.br\\\/Loja\\\/loja-modelo-03\\\/\"},{\"@type\":\"ListItem\",\"position\":3,\"name\":\"Gram\u00ednea Vetiver (Mudas Ra\u00edzes Nua)\"}]},{\"@type\":\"WebSite\",\"@id\":\"https:\\\/\\\/minasgramados.com.br\\\/Loja\\\/#website\",\"url\":\"https:\\\/\\\/minasgramados.com.br\\\/Loja\\\/\",\"name\":\"Minas Gramados - Paisagismo e Hidrossemeadura.\",\"description\":\"Distribuidora de Gramas adubos sementes em Betim e no Brasil.\",\"publisher\":{\"@id\":\"https:\\\/\\\/minasgramados.com.br\\\/Loja\\\/#organization\"},\"potentialAction\":[{\"@type\":\"SearchAction\",\"target\":{\"@type\":\"EntryPoint\",\"urlTemplate\":\"https:\\\/\\\/minasgramados.com.br\\\/Loja\\\/?s={search_term_string}\"},\"query-input\":{\"@type\":\"PropertyValueSpecification\",\"valueRequired\":true,\"valueName\":\"search_term_string\"}}],\"inLanguage\":\"pt-BR\"},{\"@type\":\"Organization\",\"@id\":\"https:\\\/\\\/minasgramados.com.br\\\/Loja\\\/#organization\",\"name\":\"Minas Gramados - Paisagismo e Hidrossemeadura.\",\"url\":\"https:\\\/\\\/minasgramados.com.br\\\/Loja\\\/\",\"logo\":{\"@type\":\"ImageObject\",\"inLanguage\":\"pt-BR\",\"@id\":\"https:\\\/\\\/minasgramados.com.br\\\/Loja\\\/#\\\/schema\\\/logo\\\/image\\\/\",\"url\":\"https:\\\/\\\/minasgramados.com.br\\\/Loja\\\/wp-content\\\/uploads\\\/2018\\\/06\\\/gramados-original-1.gif\",\"contentUrl\":\"https:\\\/\\\/minasgramados.com.br\\\/Loja\\\/wp-content\\\/uploads\\\/2018\\\/06\\\/gramados-original-1.gif\",\"width\":600,\"height\":300,\"caption\":\"Minas Gramados - Paisagismo e Hidrossemeadura.\"},\"image\":{\"@id\":\"https:\\\/\\\/minasgramados.com.br\\\/Loja\\\/#\\\/schema\\\/logo\\\/image\\\/\"}}]}<\/script>\n<!-- \/ Yoast SEO plugin. -->","yoast_head_json":{"title":"Gram\u00ednea Vetiver - Minas Gramados - Gram\u00ednea Vetiver BH","description":"Gram\u00ednea Vetiver \u00e9 uma gram\u00ednea perene, que ocorre nos mais variados climas, sobretudo tropical e subtropical. Porte m\u00e9dio, chegando a at\u00e9 1,50 m de altura.","robots":{"index":"index","follow":"follow","max-snippet":"max-snippet:-1","max-image-preview":"max-image-preview:large","max-video-preview":"max-video-preview:-1"},"canonical":"https:\/\/minasgramados.com.br\/Loja\/produto\/graminea-vetiver-mudas-raizes-nua\/","twitter_card":"summary_large_image","twitter_title":"Gram\u00ednea Vetiver - Minas Gramados - Gram\u00ednea Vetiver BH","twitter_description":"Gram\u00ednea Vetiver \u00e9 uma gram\u00ednea perene, que ocorre nos mais variados climas, sobretudo tropical e subtropical. Porte m\u00e9dio, chegando a at\u00e9 1,50 m de altura.","twitter_image":"https:\/\/minasgramados.com.br\/Loja\/wp-content\/uploads\/2016\/10\/Vetiver-02.jpg","twitter_misc":{"Est. tempo de leitura":"4 minutos"},"schema":{"@context":"https:\/\/schema.org","@graph":[{"@type":"WebPage","@id":"https:\/\/minasgramados.com.br\/Loja\/produto\/graminea-vetiver-mudas-raizes-nua\/","url":"https:\/\/minasgramados.com.br\/Loja\/produto\/graminea-vetiver-mudas-raizes-nua\/","name":"Gram\u00ednea Vetiver - Minas Gramados - Gram\u00ednea Vetiver BH","isPartOf":{"@id":"https:\/\/minasgramados.com.br\/Loja\/#website"},"primaryImageOfPage":{"@id":"https:\/\/minasgramados.com.br\/Loja\/produto\/graminea-vetiver-mudas-raizes-nua\/#primaryimage"},"image":{"@id":"https:\/\/minasgramados.com.br\/Loja\/produto\/graminea-vetiver-mudas-raizes-nua\/#primaryimage"},"thumbnailUrl":"https:\/\/minasgramados.com.br\/Loja\/wp-content\/uploads\/2016\/10\/Vetiver-02.jpg","datePublished":"2016-10-03T02:44:30+00:00","dateModified":"2025-07-23T20:50:00+00:00","description":"Gram\u00ednea Vetiver \u00e9 uma gram\u00ednea perene, que ocorre nos mais variados climas, sobretudo tropical e subtropical. Porte m\u00e9dio, chegando a at\u00e9 1,50 m de altura.","breadcrumb":{"@id":"https:\/\/minasgramados.com.br\/Loja\/produto\/graminea-vetiver-mudas-raizes-nua\/#breadcrumb"},"inLanguage":"pt-BR","potentialAction":[{"@type":"ReadAction","target":["https:\/\/minasgramados.com.br\/Loja\/produto\/graminea-vetiver-mudas-raizes-nua\/"]}]},{"@type":"ImageObject","inLanguage":"pt-BR","@id":"https:\/\/minasgramados.com.br\/Loja\/produto\/graminea-vetiver-mudas-raizes-nua\/#primaryimage","url":"https:\/\/minasgramados.com.br\/Loja\/wp-content\/uploads\/2016\/10\/Vetiver-02.jpg","contentUrl":"https:\/\/minasgramados.com.br\/Loja\/wp-content\/uploads\/2016\/10\/Vetiver-02.jpg","width":640,"height":409},{"@type":"BreadcrumbList","@id":"https:\/\/minasgramados.com.br\/Loja\/produto\/graminea-vetiver-mudas-raizes-nua\/#breadcrumb","itemListElement":[{"@type":"ListItem","position":1,"name":"In\u00edcio","item":"https:\/\/minasgramados.com.br\/Loja\/"},{"@type":"ListItem","position":2,"name":"Loja","item":"https:\/\/minasgramados.com.br\/Loja\/loja-modelo-03\/"},{"@type":"ListItem","position":3,"name":"Gram\u00ednea Vetiver (Mudas Ra\u00edzes Nua)"}]},{"@type":"WebSite","@id":"https:\/\/minasgramados.com.br\/Loja\/#website","url":"https:\/\/minasgramados.com.br\/Loja\/","name":"Minas Gramados - Paisagismo e Hidrossemeadura.","description":"Distribuidora de Gramas adubos sementes em Betim e no Brasil.","publisher":{"@id":"https:\/\/minasgramados.com.br\/Loja\/#organization"},"potentialAction":[{"@type":"SearchAction","target":{"@type":"EntryPoint","urlTemplate":"https:\/\/minasgramados.com.br\/Loja\/?s={search_term_string}"},"query-input":{"@type":"PropertyValueSpecification","valueRequired":true,"valueName":"search_term_string"}}],"inLanguage":"pt-BR"},{"@type":"Organization","@id":"https:\/\/minasgramados.com.br\/Loja\/#organization","name":"Minas Gramados - Paisagismo e Hidrossemeadura.","url":"https:\/\/minasgramados.com.br\/Loja\/","logo":{"@type":"ImageObject","inLanguage":"pt-BR","@id":"https:\/\/minasgramados.com.br\/Loja\/#\/schema\/logo\/image\/","url":"https:\/\/minasgramados.com.br\/Loja\/wp-content\/uploads\/2018\/06\/gramados-original-1.gif","contentUrl":"https:\/\/minasgramados.com.br\/Loja\/wp-content\/uploads\/2018\/06\/gramados-original-1.gif","width":600,"height":300,"caption":"Minas Gramados - Paisagismo e Hidrossemeadura."},"image":{"@id":"https:\/\/minasgramados.com.br\/Loja\/#\/schema\/logo\/image\/"}}]}},"_links":{"self":[{"href":"https:\/\/minasgramados.com.br\/Loja\/wp-json\/wp\/v2\/product\/1894","targetHints":{"allow":["GET"]}}],"collection":[{"href":"https:\/\/minasgramados.com.br\/Loja\/wp-json\/wp\/v2\/product"}],"about":[{"href":"https:\/\/minasgramados.com.br\/Loja\/wp-json\/wp\/v2\/types\/product"}],"wp:featuredmedia":[{"embeddable":true,"href":"https:\/\/minasgramados.com.br\/Loja\/wp-json\/wp\/v2\/media\/1895"}],"wp:attachment":[{"href":"https:\/\/minasgramados.com.br\/Loja\/wp-json\/wp\/v2\/media?parent=1894"}],"wp:term":[{"taxonomy":"product_brand","embeddable":true,"href":"https:\/\/minasgramados.com.br\/Loja\/wp-json\/wp\/v2\/product_brand?post=1894"},{"taxonomy":"product_cat","embeddable":true,"href":"https:\/\/minasgramados.com.br\/Loja\/wp-json\/wp\/v2\/product_cat?post=1894"},{"taxonomy":"product_tag","embeddable":true,"href":"https:\/\/minasgramados.com.br\/Loja\/wp-json\/wp\/v2\/product_tag?post=1894"}],"curies":[{"name":"wp","href":"https:\/\/api.w.org\/{rel}","templated":true}]}}