{"id":1922,"date":"2016-10-16T15:59:42","date_gmt":"2016-10-16T18:59:42","guid":{"rendered":"http:\/\/minasgramados.com.br\/Loja\/?post_type=product&#038;p=1922"},"modified":"2022-06-17T15:37:14","modified_gmt":"2022-06-17T18:37:14","slug":"sementes-aveia-branca-pct-01-kg","status":"publish","type":"product","link":"https:\/\/minasgramados.com.br\/Loja\/produto\/sementes-aveia-branca-pct-01-kg\/","title":{"rendered":"Sementes Aveia Branca (Pct 40 KG)"},"content":{"rendered":"<p><strong>Sementes Aveia Branca:<\/strong> Gram\u00ednea(Pastagens).<\/p>\n<p><strong>Nome Cient\u00edfico:<\/strong> Avena sativa L.<br \/>\n<strong>Nome Popular:<\/strong> Aveita Branca<br \/>\n<strong>Forma de Crescimento:<\/strong> Erecta<br \/>\n<strong>Altura do Corte:<\/strong> 10 cm<br \/>\n<strong>Ciclo Vegetativo<\/strong>: Anual<br \/>\n<strong>Precipita\u00e7\u00e3o Anual:<\/strong> Acima de 800mm<br \/>\n<strong>Prote\u00edna Bruta na M.S.<\/strong> : 12%<br \/>\n<strong>\u00c9poca de Plantio:<\/strong> Mar\u00e7o a Junho (regi\u00f5es sul\/sudeste)<br \/>\n<strong>Mat\u00e9ria Seca (ha\/ano):<\/strong> 6 ton<br \/>\n<strong>Mat\u00e9ria Verde (ha\/ano):<\/strong> 30 ton<br \/>\n<strong>Resist\u00eancia \u00e0 Seca: <\/strong>Baixa<br \/>\n<strong>Resist\u00eancia ao Frio<\/strong>: Alta<br \/>\n<strong>Resist\u00eancia \u00e0 Umidade:<\/strong> Alta\/N\u00e3o encharcada<br \/>\n<strong>Resist\u00eancia \u00e0 Sobreamento:<\/strong> Alta<br \/>\n<strong>Tempo de Crescimento:<\/strong> 75 dias<br \/>\n<strong>Utiliza\u00e7\u00e3o:<\/strong> Bovinos, Pastagem de inverno, Equinos e Ovinos<br \/>\n<strong>Fertilidade do Solo:<\/strong> M\u00e9dia\/Alta<br \/>\n<strong>Profundidade de Plantio:<\/strong> At\u00e9 2,0cm<br \/>\n<strong>Plantio:<\/strong> 80 kg\/hectare<\/p>\n<p style=\"text-align: justify\"><strong>GARANTIA<\/strong>: At\u00e9 90 dias<\/p>\n<p style=\"text-align: justify\">Todas as garantias s\u00e3o dadas pelos fabricantes, e variam de produto para produto. Elas ser\u00e3o informadas nas p\u00e1ginas de cada produto. Caso tenha alguma d\u00favida, entre em contato conosco.<\/p>\n<p style=\"text-align: justify\"><strong>Termo de conformidade:<\/strong> \u00c9 Fixar diretrizes b\u00e1sicas a serem obedecidas na produ\u00e7\u00e3o, comercializa\u00e7\u00e3o e utiliza\u00e7\u00e3o de sementes, em todo o territ\u00f3rio nacional, visando \u00e0 garantia de sua identidade e qualidade. O cliente tem direito a essas informa\u00e7\u00f5es da analise feita das sementes do termo ao qual foi lhe entregue, tendo por obriga\u00e7\u00e3o fazer sua pr\u00f3pria analise, tendo o prazo de at\u00e9 10 dias para fazer a devolu\u00e7\u00e3o do produto caso n\u00e3o esteja dentro dos padr\u00f5es exigidos e informados dentro do termo,dentro do prazo conforme rege as leis de produtor e consumidor.<\/p>\n<p style=\"text-align: justify\"><strong>Devolu\u00e7\u00f5es:<\/strong> Para devolu\u00e7\u00f5es ,os produtos dever\u00e3o ser remetidos em suas embalagens originais e caso for constatado mal uso, o custo ser\u00e1 por parte do comprador.<\/p>\n<p style=\"text-align: justify\"><strong>Pedidos e Quantidades<\/strong>: O Pedido m\u00ednimo para lojista \u00e9 de 10 sacos de 10 ou 20 KG e para outras encomendas, fale com o nosso SAC e tire suas d\u00favidas!<\/p>\n","protected":false},"excerpt":{"rendered":"<p style=\"text-align: justify\">Semente de aveia branca, al\u00e9m de ter todas as utilidades da aveia preta, \u00e9 uma excelente produtora de gr\u00e3os, \u00e9 cultivada tanto para a produ\u00e7\u00e3o de gr\u00e3os para alimenta\u00e7\u00e3o humana e animal como pastejo. <span style=\"color: #ff0000\">\u00a0O pedido m\u00ednimo para lojista \u00e9 de 10 sacos de 10 ou 20 KG , pessoas f\u00edsicas pedido minimo e de 10 kg e\u00a0 para outras encomendas, fale com o nosso SAC e tire suas d\u00favidas!<\/span><\/p>\n","protected":false},"featured_media":1923,"template":"","meta":{"_joinchat":[]},"product_brand":[],"product_cat":[14,55],"product_tag":[],"class_list":{"0":"post-1922","1":"product","2":"type-product","3":"status-publish","4":"has-post-thumbnail","6":"product_cat-produtos-agropecuarios","7":"product_cat-sementes-pastagens-e-forrageiras","8":"entry","9":"has-media","11":"first","12":"outofstock","13":"sale","14":"shipping-taxable","15":"purchasable","16":"product-type-simple","17":"col","18":"wpex-woo-entry","19":"span_1_of_4"},"yoast_head":"<!-- This site is optimized with the Yoast SEO plugin v27.3 - https:\/\/yoast.com\/product\/yoast-seo-wordpress\/ -->\n<title>Sementes Aveia Branca - Minas Gramados - Sementes Aveia Branca BH<\/title>\n<meta name=\"description\" content=\"A aveia branca, al\u00e9m de ter todas as utilidades da aveia preta, \u00e9 uma excelente produtora de gr\u00e3os,cultivada para alimenta\u00e7\u00e3o humana e animal como pastejo.\" \/>\n<meta name=\"robots\" content=\"index, follow, max-snippet:-1, max-image-preview:large, max-video-preview:-1\" \/>\n<link rel=\"canonical\" href=\"https:\/\/minasgramados.com.br\/Loja\/produto\/sementes-aveia-branca-pct-01-kg\/\" \/>\n<meta name=\"twitter:card\" content=\"summary_large_image\" \/>\n<meta name=\"twitter:title\" content=\"Sementes Aveia Branca - Minas Gramados - Sementes Aveia Branca BH\" \/>\n<meta name=\"twitter:description\" content=\"A aveia branca, al\u00e9m de ter todas as utilidades da aveia preta, \u00e9 uma excelente produtora de gr\u00e3os,cultivada para alimenta\u00e7\u00e3o humana e animal como pastejo.\" \/>\n<meta name=\"twitter:image\" content=\"https:\/\/minasgramados.com.br\/Loja\/wp-content\/uploads\/2016\/10\/Aveia-Branca-OUt-2016.jpg\" \/>\n<meta name=\"twitter:label1\" content=\"Est. tempo de leitura\" \/>\n\t<meta name=\"twitter:data1\" content=\"2 minutos\" \/>\n<script type=\"application\/ld+json\" class=\"yoast-schema-graph\">{\"@context\":\"https:\\\/\\\/schema.org\",\"@graph\":[{\"@type\":\"WebPage\",\"@id\":\"https:\\\/\\\/minasgramados.com.br\\\/Loja\\\/produto\\\/sementes-aveia-branca-pct-01-kg\\\/\",\"url\":\"https:\\\/\\\/minasgramados.com.br\\\/Loja\\\/produto\\\/sementes-aveia-branca-pct-01-kg\\\/\",\"name\":\"Sementes Aveia Branca - Minas Gramados - Sementes Aveia Branca BH\",\"isPartOf\":{\"@id\":\"https:\\\/\\\/minasgramados.com.br\\\/Loja\\\/#website\"},\"primaryImageOfPage\":{\"@id\":\"https:\\\/\\\/minasgramados.com.br\\\/Loja\\\/produto\\\/sementes-aveia-branca-pct-01-kg\\\/#primaryimage\"},\"image\":{\"@id\":\"https:\\\/\\\/minasgramados.com.br\\\/Loja\\\/produto\\\/sementes-aveia-branca-pct-01-kg\\\/#primaryimage\"},\"thumbnailUrl\":\"https:\\\/\\\/minasgramados.com.br\\\/Loja\\\/wp-content\\\/uploads\\\/2016\\\/10\\\/Aveia-Branca-OUt-2016.jpg\",\"datePublished\":\"2016-10-16T18:59:42+00:00\",\"dateModified\":\"2022-06-17T18:37:14+00:00\",\"description\":\"A aveia branca, al\u00e9m de ter todas as utilidades da aveia preta, \u00e9 uma excelente produtora de gr\u00e3os,cultivada para alimenta\u00e7\u00e3o humana e animal como pastejo.\",\"breadcrumb\":{\"@id\":\"https:\\\/\\\/minasgramados.com.br\\\/Loja\\\/produto\\\/sementes-aveia-branca-pct-01-kg\\\/#breadcrumb\"},\"inLanguage\":\"pt-BR\",\"potentialAction\":[{\"@type\":\"ReadAction\",\"target\":[\"https:\\\/\\\/minasgramados.com.br\\\/Loja\\\/produto\\\/sementes-aveia-branca-pct-01-kg\\\/\"]}]},{\"@type\":\"ImageObject\",\"inLanguage\":\"pt-BR\",\"@id\":\"https:\\\/\\\/minasgramados.com.br\\\/Loja\\\/produto\\\/sementes-aveia-branca-pct-01-kg\\\/#primaryimage\",\"url\":\"https:\\\/\\\/minasgramados.com.br\\\/Loja\\\/wp-content\\\/uploads\\\/2016\\\/10\\\/Aveia-Branca-OUt-2016.jpg\",\"contentUrl\":\"https:\\\/\\\/minasgramados.com.br\\\/Loja\\\/wp-content\\\/uploads\\\/2016\\\/10\\\/Aveia-Branca-OUt-2016.jpg\",\"width\":598,\"height\":488},{\"@type\":\"BreadcrumbList\",\"@id\":\"https:\\\/\\\/minasgramados.com.br\\\/Loja\\\/produto\\\/sementes-aveia-branca-pct-01-kg\\\/#breadcrumb\",\"itemListElement\":[{\"@type\":\"ListItem\",\"position\":1,\"name\":\"In\u00edcio\",\"item\":\"https:\\\/\\\/minasgramados.com.br\\\/Loja\\\/\"},{\"@type\":\"ListItem\",\"position\":2,\"name\":\"Loja\",\"item\":\"https:\\\/\\\/minasgramados.com.br\\\/Loja\\\/loja-modelo-03\\\/\"},{\"@type\":\"ListItem\",\"position\":3,\"name\":\"Sementes Aveia Branca (Pct 40 KG)\"}]},{\"@type\":\"WebSite\",\"@id\":\"https:\\\/\\\/minasgramados.com.br\\\/Loja\\\/#website\",\"url\":\"https:\\\/\\\/minasgramados.com.br\\\/Loja\\\/\",\"name\":\"Minas Gramados - Paisagismo e Hidrossemeadura.\",\"description\":\"Distribuidora de Gramas adubos sementes em Betim e no Brasil.\",\"publisher\":{\"@id\":\"https:\\\/\\\/minasgramados.com.br\\\/Loja\\\/#organization\"},\"potentialAction\":[{\"@type\":\"SearchAction\",\"target\":{\"@type\":\"EntryPoint\",\"urlTemplate\":\"https:\\\/\\\/minasgramados.com.br\\\/Loja\\\/?s={search_term_string}\"},\"query-input\":{\"@type\":\"PropertyValueSpecification\",\"valueRequired\":true,\"valueName\":\"search_term_string\"}}],\"inLanguage\":\"pt-BR\"},{\"@type\":\"Organization\",\"@id\":\"https:\\\/\\\/minasgramados.com.br\\\/Loja\\\/#organization\",\"name\":\"Minas Gramados - Paisagismo e Hidrossemeadura.\",\"url\":\"https:\\\/\\\/minasgramados.com.br\\\/Loja\\\/\",\"logo\":{\"@type\":\"ImageObject\",\"inLanguage\":\"pt-BR\",\"@id\":\"https:\\\/\\\/minasgramados.com.br\\\/Loja\\\/#\\\/schema\\\/logo\\\/image\\\/\",\"url\":\"https:\\\/\\\/minasgramados.com.br\\\/Loja\\\/wp-content\\\/uploads\\\/2018\\\/06\\\/gramados-original-1.gif\",\"contentUrl\":\"https:\\\/\\\/minasgramados.com.br\\\/Loja\\\/wp-content\\\/uploads\\\/2018\\\/06\\\/gramados-original-1.gif\",\"width\":600,\"height\":300,\"caption\":\"Minas Gramados - Paisagismo e Hidrossemeadura.\"},\"image\":{\"@id\":\"https:\\\/\\\/minasgramados.com.br\\\/Loja\\\/#\\\/schema\\\/logo\\\/image\\\/\"}}]}<\/script>\n<!-- \/ Yoast SEO plugin. -->","yoast_head_json":{"title":"Sementes Aveia Branca - Minas Gramados - Sementes Aveia Branca BH","description":"A aveia branca, al\u00e9m de ter todas as utilidades da aveia preta, \u00e9 uma excelente produtora de gr\u00e3os,cultivada para alimenta\u00e7\u00e3o humana e animal como pastejo.","robots":{"index":"index","follow":"follow","max-snippet":"max-snippet:-1","max-image-preview":"max-image-preview:large","max-video-preview":"max-video-preview:-1"},"canonical":"https:\/\/minasgramados.com.br\/Loja\/produto\/sementes-aveia-branca-pct-01-kg\/","twitter_card":"summary_large_image","twitter_title":"Sementes Aveia Branca - Minas Gramados - Sementes Aveia Branca BH","twitter_description":"A aveia branca, al\u00e9m de ter todas as utilidades da aveia preta, \u00e9 uma excelente produtora de gr\u00e3os,cultivada para alimenta\u00e7\u00e3o humana e animal como pastejo.","twitter_image":"https:\/\/minasgramados.com.br\/Loja\/wp-content\/uploads\/2016\/10\/Aveia-Branca-OUt-2016.jpg","twitter_misc":{"Est. tempo de leitura":"2 minutos"},"schema":{"@context":"https:\/\/schema.org","@graph":[{"@type":"WebPage","@id":"https:\/\/minasgramados.com.br\/Loja\/produto\/sementes-aveia-branca-pct-01-kg\/","url":"https:\/\/minasgramados.com.br\/Loja\/produto\/sementes-aveia-branca-pct-01-kg\/","name":"Sementes Aveia Branca - Minas Gramados - Sementes Aveia Branca BH","isPartOf":{"@id":"https:\/\/minasgramados.com.br\/Loja\/#website"},"primaryImageOfPage":{"@id":"https:\/\/minasgramados.com.br\/Loja\/produto\/sementes-aveia-branca-pct-01-kg\/#primaryimage"},"image":{"@id":"https:\/\/minasgramados.com.br\/Loja\/produto\/sementes-aveia-branca-pct-01-kg\/#primaryimage"},"thumbnailUrl":"https:\/\/minasgramados.com.br\/Loja\/wp-content\/uploads\/2016\/10\/Aveia-Branca-OUt-2016.jpg","datePublished":"2016-10-16T18:59:42+00:00","dateModified":"2022-06-17T18:37:14+00:00","description":"A aveia branca, al\u00e9m de ter todas as utilidades da aveia preta, \u00e9 uma excelente produtora de gr\u00e3os,cultivada para alimenta\u00e7\u00e3o humana e animal como pastejo.","breadcrumb":{"@id":"https:\/\/minasgramados.com.br\/Loja\/produto\/sementes-aveia-branca-pct-01-kg\/#breadcrumb"},"inLanguage":"pt-BR","potentialAction":[{"@type":"ReadAction","target":["https:\/\/minasgramados.com.br\/Loja\/produto\/sementes-aveia-branca-pct-01-kg\/"]}]},{"@type":"ImageObject","inLanguage":"pt-BR","@id":"https:\/\/minasgramados.com.br\/Loja\/produto\/sementes-aveia-branca-pct-01-kg\/#primaryimage","url":"https:\/\/minasgramados.com.br\/Loja\/wp-content\/uploads\/2016\/10\/Aveia-Branca-OUt-2016.jpg","contentUrl":"https:\/\/minasgramados.com.br\/Loja\/wp-content\/uploads\/2016\/10\/Aveia-Branca-OUt-2016.jpg","width":598,"height":488},{"@type":"BreadcrumbList","@id":"https:\/\/minasgramados.com.br\/Loja\/produto\/sementes-aveia-branca-pct-01-kg\/#breadcrumb","itemListElement":[{"@type":"ListItem","position":1,"name":"In\u00edcio","item":"https:\/\/minasgramados.com.br\/Loja\/"},{"@type":"ListItem","position":2,"name":"Loja","item":"https:\/\/minasgramados.com.br\/Loja\/loja-modelo-03\/"},{"@type":"ListItem","position":3,"name":"Sementes Aveia Branca (Pct 40 KG)"}]},{"@type":"WebSite","@id":"https:\/\/minasgramados.com.br\/Loja\/#website","url":"https:\/\/minasgramados.com.br\/Loja\/","name":"Minas Gramados - Paisagismo e Hidrossemeadura.","description":"Distribuidora de Gramas adubos sementes em Betim e no Brasil.","publisher":{"@id":"https:\/\/minasgramados.com.br\/Loja\/#organization"},"potentialAction":[{"@type":"SearchAction","target":{"@type":"EntryPoint","urlTemplate":"https:\/\/minasgramados.com.br\/Loja\/?s={search_term_string}"},"query-input":{"@type":"PropertyValueSpecification","valueRequired":true,"valueName":"search_term_string"}}],"inLanguage":"pt-BR"},{"@type":"Organization","@id":"https:\/\/minasgramados.com.br\/Loja\/#organization","name":"Minas Gramados - Paisagismo e Hidrossemeadura.","url":"https:\/\/minasgramados.com.br\/Loja\/","logo":{"@type":"ImageObject","inLanguage":"pt-BR","@id":"https:\/\/minasgramados.com.br\/Loja\/#\/schema\/logo\/image\/","url":"https:\/\/minasgramados.com.br\/Loja\/wp-content\/uploads\/2018\/06\/gramados-original-1.gif","contentUrl":"https:\/\/minasgramados.com.br\/Loja\/wp-content\/uploads\/2018\/06\/gramados-original-1.gif","width":600,"height":300,"caption":"Minas Gramados - Paisagismo e Hidrossemeadura."},"image":{"@id":"https:\/\/minasgramados.com.br\/Loja\/#\/schema\/logo\/image\/"}}]}},"_links":{"self":[{"href":"https:\/\/minasgramados.com.br\/Loja\/wp-json\/wp\/v2\/product\/1922","targetHints":{"allow":["GET"]}}],"collection":[{"href":"https:\/\/minasgramados.com.br\/Loja\/wp-json\/wp\/v2\/product"}],"about":[{"href":"https:\/\/minasgramados.com.br\/Loja\/wp-json\/wp\/v2\/types\/product"}],"wp:featuredmedia":[{"embeddable":true,"href":"https:\/\/minasgramados.com.br\/Loja\/wp-json\/wp\/v2\/media\/1923"}],"wp:attachment":[{"href":"https:\/\/minasgramados.com.br\/Loja\/wp-json\/wp\/v2\/media?parent=1922"}],"wp:term":[{"taxonomy":"product_brand","embeddable":true,"href":"https:\/\/minasgramados.com.br\/Loja\/wp-json\/wp\/v2\/product_brand?post=1922"},{"taxonomy":"product_cat","embeddable":true,"href":"https:\/\/minasgramados.com.br\/Loja\/wp-json\/wp\/v2\/product_cat?post=1922"},{"taxonomy":"product_tag","embeddable":true,"href":"https:\/\/minasgramados.com.br\/Loja\/wp-json\/wp\/v2\/product_tag?post=1922"}],"curies":[{"name":"wp","href":"https:\/\/api.w.org\/{rel}","templated":true}]}}