{"id":1936,"date":"2016-10-16T22:44:49","date_gmt":"2016-10-17T01:44:49","guid":{"rendered":"http:\/\/minasgramados.com.br\/Loja\/?post_type=product&#038;p=1936"},"modified":"2021-04-23T09:26:22","modified_gmt":"2021-04-23T12:26:22","slug":"sementes-brachiaria-humidicola-pct-01-kg","status":"publish","type":"product","link":"https:\/\/minasgramados.com.br\/Loja\/produto\/sementes-brachiaria-humidicola-pct-01-kg\/","title":{"rendered":"Sementes brachiaria Humid\u00edcola (Pct 01 KG)"},"content":{"rendered":"<p><strong>Sementes Brachiaria Humid\u00edcola:<\/strong> Gram\u00ednea(Pastagens)<\/p>\n<p><strong>Nome Cient\u00edfico<\/strong>: Brachi\u00e1ria humid\u00edcola<br \/>\n<strong>Cultivar:<\/strong> Llanero<br \/>\n<strong>Cigarrinha:<\/strong> M\u00e9dia Resist\u00eancia<br \/>\n<strong>Forma de Cresciment<\/strong>o: Estolon\u00edfera<br \/>\n<strong>Altura:<\/strong> 0,8 a 1,0 metros<br \/>\n<strong>Ciclo Vegetativo:<\/strong> Perene<br \/>\n<strong>Palatabilidade:<\/strong> M\u00e9dia<br \/>\n<strong>Toler\u00e2ncia \u00e0 Seca:<\/strong> Alta<br \/>\n<strong>Toler\u00e2ncia \u00e0 Umidade:<\/strong> Alta<br \/>\n<strong>Prote\u00edna Bruta na Mat\u00e9ria Seca:<\/strong> 5 a 9%<br \/>\n<strong>Mat\u00e9ria Seca (Hectare\/Ano):<\/strong> 8 a 10 ton<br \/>\n<strong>Utiliza\u00e7\u00e3o:<\/strong> Bovinos \/ Equinos<br \/>\n<strong>Fertilidade do Solo:<\/strong> M\u00e9dia \/ Baixa<br \/>\n<strong>Profundidade de Plantio:\u00a0<\/strong>1 a 2 cm<br \/>\n<strong>Plantio:\u00a0<\/strong>6,0 kg\/hectare<\/p>\n<p><strong>GARANTIA:<\/strong> At\u00e9 90 dias<\/p>\n<p style=\"text-align: justify\">Todas as garantias s\u00e3o dadas pelos fabricantes, e variam de produto para produto. Elas ser\u00e3o informadas nas p\u00e1ginas de cada produto. Caso tenha alguma d\u00favida, entre em contato conosco.<\/p>\n<p style=\"text-align: justify\"><strong>Termo de conformidade:<\/strong> \u00c9 Fixar diretrizes b\u00e1sicas a serem obedecidas na produ\u00e7\u00e3o, comercializa\u00e7\u00e3o e utiliza\u00e7\u00e3o de sementes, em todo o territ\u00f3rio nacional, visando \u00e0 garantia de sua identidade e qualidade.O cliente tem direito a essas informa\u00e7\u00f5es da analise feita das sementes do termo ao qual foi lhe entregue, tendo por obriga\u00e7\u00e3o fazer sua pr\u00f3pria analise, tendo o prazo de at\u00e9 10 dias para fazer a devolu\u00e7\u00e3o do produto caso n\u00e3o esteja dentro dos padr\u00f5es exigidos e informados dentro do termo, e dentro do prazo conforme rege as leis de produtor e consumidor.<\/p>\n<p style=\"text-align: justify\"><strong>Devolu\u00e7\u00f5es:<\/strong> Para devolu\u00e7\u00f5es, os produtos dever\u00e3o ser remetidos em suas embalagens originais e caso for constatado mal uso, o custo ser\u00e1 por parte do comprador.<\/p>\n<p style=\"text-align: justify\"><strong>Pedidos e Quantidades:<\/strong> O Pedido m\u00ednimo para lojista \u00e9 de 10 sacos de 10 ou 20 KG e para outras encomendas, fale com o nosso SAC e tire suas d\u00favidas!<\/p>\n","protected":false},"excerpt":{"rendered":"<p style=\"text-align: justify\">Sementes Brachiaria Humidicola \u00e9 uma gram\u00ednea de ciclo perene, semi-ereta a prostrada, estolon\u00edfera e rizomatosa, de 40 a 90cm de altura, estol\u00f5es compridos de cor p\u00farpura com pilosidade de cor branca.<span style=\"color: #ff0000\">\u00a0Tem interesse nesse produto, o pedido m\u00ednimo para lojista \u00e9 de 10 sacos de 10 ou 20 KG e para outras encomendas, fale com o nosso SAC e tire suas d\u00favidas!<\/span><\/p>\n","protected":false},"featured_media":1937,"template":"","meta":{"_joinchat":[]},"product_brand":[],"product_cat":[14,55],"product_tag":[],"class_list":{"0":"post-1936","1":"product","2":"type-product","3":"status-publish","4":"has-post-thumbnail","6":"product_cat-produtos-agropecuarios","7":"product_cat-sementes-pastagens-e-forrageiras","8":"entry","9":"has-media","11":"first","12":"outofstock","13":"sale","14":"shipping-taxable","15":"purchasable","16":"product-type-simple","17":"col","18":"wpex-woo-entry","19":"span_1_of_4"},"yoast_head":"<!-- This site is optimized with the Yoast SEO plugin v27.3 - https:\/\/yoast.com\/product\/yoast-seo-wordpress\/ -->\n<title>Sementes Brachiaria Humid\u00edcola-Minas Gramados - Brachiaria humid\u00edcola.<\/title>\n<meta name=\"description\" content=\"Semente Brachiaria Humidicola \u00e9 uma gram\u00ednea de ciclo perene, semi-ereta a prostrada, estolon\u00edfera e rizomatosa, de 40 a 90cm de altura,estol\u00f5es compridos.\" \/>\n<meta name=\"robots\" content=\"index, follow, max-snippet:-1, max-image-preview:large, max-video-preview:-1\" \/>\n<link rel=\"canonical\" href=\"https:\/\/minasgramados.com.br\/Loja\/produto\/sementes-brachiaria-humidicola-pct-01-kg\/\" \/>\n<meta name=\"twitter:card\" content=\"summary_large_image\" \/>\n<meta name=\"twitter:title\" content=\"Sementes Brachiaria Humid\u00edcola-Minas Gramados - Brachiaria humid\u00edcola.\" \/>\n<meta name=\"twitter:description\" content=\"Semente Brachiaria Humidicola \u00e9 uma gram\u00ednea de ciclo perene, semi-ereta a prostrada, estolon\u00edfera e rizomatosa, de 40 a 90cm de altura,estol\u00f5es compridos.\" \/>\n<meta name=\"twitter:image\" content=\"https:\/\/minasgramados.com.br\/Loja\/wp-content\/uploads\/2016\/10\/Brachiaria-Humid\u00edcula-Out-2016.jpg\" \/>\n<meta name=\"twitter:label1\" content=\"Est. tempo de leitura\" \/>\n\t<meta name=\"twitter:data1\" content=\"1 minuto\" \/>\n<script type=\"application\/ld+json\" class=\"yoast-schema-graph\">{\"@context\":\"https:\\\/\\\/schema.org\",\"@graph\":[{\"@type\":\"WebPage\",\"@id\":\"https:\\\/\\\/minasgramados.com.br\\\/Loja\\\/produto\\\/sementes-brachiaria-humidicola-pct-01-kg\\\/\",\"url\":\"https:\\\/\\\/minasgramados.com.br\\\/Loja\\\/produto\\\/sementes-brachiaria-humidicola-pct-01-kg\\\/\",\"name\":\"Sementes Brachiaria Humid\u00edcola-Minas Gramados - Brachiaria humid\u00edcola.\",\"isPartOf\":{\"@id\":\"https:\\\/\\\/minasgramados.com.br\\\/Loja\\\/#website\"},\"primaryImageOfPage\":{\"@id\":\"https:\\\/\\\/minasgramados.com.br\\\/Loja\\\/produto\\\/sementes-brachiaria-humidicola-pct-01-kg\\\/#primaryimage\"},\"image\":{\"@id\":\"https:\\\/\\\/minasgramados.com.br\\\/Loja\\\/produto\\\/sementes-brachiaria-humidicola-pct-01-kg\\\/#primaryimage\"},\"thumbnailUrl\":\"https:\\\/\\\/minasgramados.com.br\\\/Loja\\\/wp-content\\\/uploads\\\/2016\\\/10\\\/Brachiaria-Humid\u00edcula-Out-2016.jpg\",\"datePublished\":\"2016-10-17T01:44:49+00:00\",\"dateModified\":\"2021-04-23T12:26:22+00:00\",\"description\":\"Semente Brachiaria Humidicola \u00e9 uma gram\u00ednea de ciclo perene, semi-ereta a prostrada, estolon\u00edfera e rizomatosa, de 40 a 90cm de altura,estol\u00f5es compridos.\",\"breadcrumb\":{\"@id\":\"https:\\\/\\\/minasgramados.com.br\\\/Loja\\\/produto\\\/sementes-brachiaria-humidicola-pct-01-kg\\\/#breadcrumb\"},\"inLanguage\":\"pt-BR\",\"potentialAction\":[{\"@type\":\"ReadAction\",\"target\":[\"https:\\\/\\\/minasgramados.com.br\\\/Loja\\\/produto\\\/sementes-brachiaria-humidicola-pct-01-kg\\\/\"]}]},{\"@type\":\"ImageObject\",\"inLanguage\":\"pt-BR\",\"@id\":\"https:\\\/\\\/minasgramados.com.br\\\/Loja\\\/produto\\\/sementes-brachiaria-humidicola-pct-01-kg\\\/#primaryimage\",\"url\":\"https:\\\/\\\/minasgramados.com.br\\\/Loja\\\/wp-content\\\/uploads\\\/2016\\\/10\\\/Brachiaria-Humid\u00edcula-Out-2016.jpg\",\"contentUrl\":\"https:\\\/\\\/minasgramados.com.br\\\/Loja\\\/wp-content\\\/uploads\\\/2016\\\/10\\\/Brachiaria-Humid\u00edcula-Out-2016.jpg\",\"width\":598,\"height\":488},{\"@type\":\"BreadcrumbList\",\"@id\":\"https:\\\/\\\/minasgramados.com.br\\\/Loja\\\/produto\\\/sementes-brachiaria-humidicola-pct-01-kg\\\/#breadcrumb\",\"itemListElement\":[{\"@type\":\"ListItem\",\"position\":1,\"name\":\"In\u00edcio\",\"item\":\"https:\\\/\\\/minasgramados.com.br\\\/Loja\\\/\"},{\"@type\":\"ListItem\",\"position\":2,\"name\":\"Loja\",\"item\":\"https:\\\/\\\/minasgramados.com.br\\\/Loja\\\/loja-modelo-03\\\/\"},{\"@type\":\"ListItem\",\"position\":3,\"name\":\"Sementes brachiaria Humid\u00edcola (Pct 01 KG)\"}]},{\"@type\":\"WebSite\",\"@id\":\"https:\\\/\\\/minasgramados.com.br\\\/Loja\\\/#website\",\"url\":\"https:\\\/\\\/minasgramados.com.br\\\/Loja\\\/\",\"name\":\"Minas Gramados - Paisagismo e Hidrossemeadura.\",\"description\":\"Distribuidora de Gramas adubos sementes em Betim e no Brasil.\",\"publisher\":{\"@id\":\"https:\\\/\\\/minasgramados.com.br\\\/Loja\\\/#organization\"},\"potentialAction\":[{\"@type\":\"SearchAction\",\"target\":{\"@type\":\"EntryPoint\",\"urlTemplate\":\"https:\\\/\\\/minasgramados.com.br\\\/Loja\\\/?s={search_term_string}\"},\"query-input\":{\"@type\":\"PropertyValueSpecification\",\"valueRequired\":true,\"valueName\":\"search_term_string\"}}],\"inLanguage\":\"pt-BR\"},{\"@type\":\"Organization\",\"@id\":\"https:\\\/\\\/minasgramados.com.br\\\/Loja\\\/#organization\",\"name\":\"Minas Gramados - Paisagismo e Hidrossemeadura.\",\"url\":\"https:\\\/\\\/minasgramados.com.br\\\/Loja\\\/\",\"logo\":{\"@type\":\"ImageObject\",\"inLanguage\":\"pt-BR\",\"@id\":\"https:\\\/\\\/minasgramados.com.br\\\/Loja\\\/#\\\/schema\\\/logo\\\/image\\\/\",\"url\":\"https:\\\/\\\/minasgramados.com.br\\\/Loja\\\/wp-content\\\/uploads\\\/2018\\\/06\\\/gramados-original-1.gif\",\"contentUrl\":\"https:\\\/\\\/minasgramados.com.br\\\/Loja\\\/wp-content\\\/uploads\\\/2018\\\/06\\\/gramados-original-1.gif\",\"width\":600,\"height\":300,\"caption\":\"Minas Gramados - Paisagismo e Hidrossemeadura.\"},\"image\":{\"@id\":\"https:\\\/\\\/minasgramados.com.br\\\/Loja\\\/#\\\/schema\\\/logo\\\/image\\\/\"}}]}<\/script>\n<!-- \/ Yoast SEO plugin. -->","yoast_head_json":{"title":"Sementes Brachiaria Humid\u00edcola-Minas Gramados - Brachiaria humid\u00edcola.","description":"Semente Brachiaria Humidicola \u00e9 uma gram\u00ednea de ciclo perene, semi-ereta a prostrada, estolon\u00edfera e rizomatosa, de 40 a 90cm de altura,estol\u00f5es compridos.","robots":{"index":"index","follow":"follow","max-snippet":"max-snippet:-1","max-image-preview":"max-image-preview:large","max-video-preview":"max-video-preview:-1"},"canonical":"https:\/\/minasgramados.com.br\/Loja\/produto\/sementes-brachiaria-humidicola-pct-01-kg\/","twitter_card":"summary_large_image","twitter_title":"Sementes Brachiaria Humid\u00edcola-Minas Gramados - Brachiaria humid\u00edcola.","twitter_description":"Semente Brachiaria Humidicola \u00e9 uma gram\u00ednea de ciclo perene, semi-ereta a prostrada, estolon\u00edfera e rizomatosa, de 40 a 90cm de altura,estol\u00f5es compridos.","twitter_image":"https:\/\/minasgramados.com.br\/Loja\/wp-content\/uploads\/2016\/10\/Brachiaria-Humid\u00edcula-Out-2016.jpg","twitter_misc":{"Est. tempo de leitura":"1 minuto"},"schema":{"@context":"https:\/\/schema.org","@graph":[{"@type":"WebPage","@id":"https:\/\/minasgramados.com.br\/Loja\/produto\/sementes-brachiaria-humidicola-pct-01-kg\/","url":"https:\/\/minasgramados.com.br\/Loja\/produto\/sementes-brachiaria-humidicola-pct-01-kg\/","name":"Sementes Brachiaria Humid\u00edcola-Minas Gramados - Brachiaria humid\u00edcola.","isPartOf":{"@id":"https:\/\/minasgramados.com.br\/Loja\/#website"},"primaryImageOfPage":{"@id":"https:\/\/minasgramados.com.br\/Loja\/produto\/sementes-brachiaria-humidicola-pct-01-kg\/#primaryimage"},"image":{"@id":"https:\/\/minasgramados.com.br\/Loja\/produto\/sementes-brachiaria-humidicola-pct-01-kg\/#primaryimage"},"thumbnailUrl":"https:\/\/minasgramados.com.br\/Loja\/wp-content\/uploads\/2016\/10\/Brachiaria-Humid\u00edcula-Out-2016.jpg","datePublished":"2016-10-17T01:44:49+00:00","dateModified":"2021-04-23T12:26:22+00:00","description":"Semente Brachiaria Humidicola \u00e9 uma gram\u00ednea de ciclo perene, semi-ereta a prostrada, estolon\u00edfera e rizomatosa, de 40 a 90cm de altura,estol\u00f5es compridos.","breadcrumb":{"@id":"https:\/\/minasgramados.com.br\/Loja\/produto\/sementes-brachiaria-humidicola-pct-01-kg\/#breadcrumb"},"inLanguage":"pt-BR","potentialAction":[{"@type":"ReadAction","target":["https:\/\/minasgramados.com.br\/Loja\/produto\/sementes-brachiaria-humidicola-pct-01-kg\/"]}]},{"@type":"ImageObject","inLanguage":"pt-BR","@id":"https:\/\/minasgramados.com.br\/Loja\/produto\/sementes-brachiaria-humidicola-pct-01-kg\/#primaryimage","url":"https:\/\/minasgramados.com.br\/Loja\/wp-content\/uploads\/2016\/10\/Brachiaria-Humid\u00edcula-Out-2016.jpg","contentUrl":"https:\/\/minasgramados.com.br\/Loja\/wp-content\/uploads\/2016\/10\/Brachiaria-Humid\u00edcula-Out-2016.jpg","width":598,"height":488},{"@type":"BreadcrumbList","@id":"https:\/\/minasgramados.com.br\/Loja\/produto\/sementes-brachiaria-humidicola-pct-01-kg\/#breadcrumb","itemListElement":[{"@type":"ListItem","position":1,"name":"In\u00edcio","item":"https:\/\/minasgramados.com.br\/Loja\/"},{"@type":"ListItem","position":2,"name":"Loja","item":"https:\/\/minasgramados.com.br\/Loja\/loja-modelo-03\/"},{"@type":"ListItem","position":3,"name":"Sementes brachiaria Humid\u00edcola (Pct 01 KG)"}]},{"@type":"WebSite","@id":"https:\/\/minasgramados.com.br\/Loja\/#website","url":"https:\/\/minasgramados.com.br\/Loja\/","name":"Minas Gramados - Paisagismo e Hidrossemeadura.","description":"Distribuidora de Gramas adubos sementes em Betim e no Brasil.","publisher":{"@id":"https:\/\/minasgramados.com.br\/Loja\/#organization"},"potentialAction":[{"@type":"SearchAction","target":{"@type":"EntryPoint","urlTemplate":"https:\/\/minasgramados.com.br\/Loja\/?s={search_term_string}"},"query-input":{"@type":"PropertyValueSpecification","valueRequired":true,"valueName":"search_term_string"}}],"inLanguage":"pt-BR"},{"@type":"Organization","@id":"https:\/\/minasgramados.com.br\/Loja\/#organization","name":"Minas Gramados - Paisagismo e Hidrossemeadura.","url":"https:\/\/minasgramados.com.br\/Loja\/","logo":{"@type":"ImageObject","inLanguage":"pt-BR","@id":"https:\/\/minasgramados.com.br\/Loja\/#\/schema\/logo\/image\/","url":"https:\/\/minasgramados.com.br\/Loja\/wp-content\/uploads\/2018\/06\/gramados-original-1.gif","contentUrl":"https:\/\/minasgramados.com.br\/Loja\/wp-content\/uploads\/2018\/06\/gramados-original-1.gif","width":600,"height":300,"caption":"Minas Gramados - Paisagismo e Hidrossemeadura."},"image":{"@id":"https:\/\/minasgramados.com.br\/Loja\/#\/schema\/logo\/image\/"}}]}},"_links":{"self":[{"href":"https:\/\/minasgramados.com.br\/Loja\/wp-json\/wp\/v2\/product\/1936","targetHints":{"allow":["GET"]}}],"collection":[{"href":"https:\/\/minasgramados.com.br\/Loja\/wp-json\/wp\/v2\/product"}],"about":[{"href":"https:\/\/minasgramados.com.br\/Loja\/wp-json\/wp\/v2\/types\/product"}],"wp:featuredmedia":[{"embeddable":true,"href":"https:\/\/minasgramados.com.br\/Loja\/wp-json\/wp\/v2\/media\/1937"}],"wp:attachment":[{"href":"https:\/\/minasgramados.com.br\/Loja\/wp-json\/wp\/v2\/media?parent=1936"}],"wp:term":[{"taxonomy":"product_brand","embeddable":true,"href":"https:\/\/minasgramados.com.br\/Loja\/wp-json\/wp\/v2\/product_brand?post=1936"},{"taxonomy":"product_cat","embeddable":true,"href":"https:\/\/minasgramados.com.br\/Loja\/wp-json\/wp\/v2\/product_cat?post=1936"},{"taxonomy":"product_tag","embeddable":true,"href":"https:\/\/minasgramados.com.br\/Loja\/wp-json\/wp\/v2\/product_tag?post=1936"}],"curies":[{"name":"wp","href":"https:\/\/api.w.org\/{rel}","templated":true}]}}