{"id":1993,"date":"2017-02-10T22:31:12","date_gmt":"2017-02-11T01:31:12","guid":{"rendered":"http:\/\/minasgramados.com.br\/Loja\/?post_type=product&#038;p=1993"},"modified":"2025-07-23T17:38:51","modified_gmt":"2025-07-23T20:38:51","slug":"1993","status":"publish","type":"product","link":"https:\/\/minasgramados.com.br\/Loja\/produto\/1993\/","title":{"rendered":"Limitador de Grama-Mini Borda 50 Mts."},"content":{"rendered":"<p style=\"text-align: justify;\"><strong>LIMITADOR DE GRAMA \/ SEPARADOR\u00a0 DE GRAMA BORDA FINA<\/strong><\/p>\n<p style=\"text-align: justify;\"><strong>VANTAGENS<\/strong>: Facilita a Manuten\u00e7\u00e3o da grama, baixo custo de m\u00e3o de obra, e mantem\u00a0 o desenho original do seu projeto.<\/p>\n<p style=\"text-align: justify;\"><strong>MATERIAL:<\/strong> Confeccionado em Polietileno Reciclado, material resistente e flex\u00edvel, permite v\u00e1rios formatos de canteiros.<\/p>\n<p style=\"text-align: justify;\">A Linha Borda Fina \u00e9 excelente para \u00e1reas retas e curvas. Como caracter\u00edstica no que se refere ao acabamento externo do produto, a borda \u00e9 estreita e discreta. Foi desenvolvida com um refor\u00e7o especial que facilita a coloca\u00e7\u00e3o em retas, n\u00e3o ondulando.<\/p>\n<p style=\"text-align: justify;\"><strong>CARACTER\u00cdSTICAS:<\/strong><\/p>\n<p style=\"text-align: justify;\"><strong>Altura:<\/strong> 12 cm<br \/>\n<strong>Comprimento<\/strong>: 50 Metros Lineares<br \/>\n<strong>Cor:<\/strong> Verde Escuro<br \/>\n<strong>Borda:<\/strong> Com borda Ovalada\/Redonda<br \/>\n<strong>Flexivel<\/strong>: Permite trabalhar em curvas e em linha reta com melhor perfei\u00e7\u00e3o.<\/p>\n<p style=\"text-align: justify;\"><strong>EMBALAGENS:<\/strong><br \/>\nEmbalagens com 50 metros com 1 rolo sem cortes<br \/>\nCont\u00e9m 10 pinos de fixa\u00e7\u00e3o<\/p>\n<p><strong>OBS: <\/strong>Pedido minimo de 01 Caixa com 50m2, sendo o pre\u00e7o da caixa <strong>R$ 195,00<\/strong>\u00a0 para compra minimo de <strong>5 caixas<\/strong> e <strong>R$ 230,00<\/strong> para compra de at\u00e9 <strong>4 caixas.<\/strong><\/p>\n<p><strong>ATEN\u00c7\u00c3O<\/strong>: O frete \u00e9 cobrado a parte sendo nescess\u00e1rio compra pela loja para gerar os dados dos cliente e o frete nescess\u00e1rio entrar em contato em nosso SAC.<\/p>\n","protected":false},"excerpt":{"rendered":"<p style=\"text-align: justify;\">Limitadores de grama, embalagens com 50 metros Linear\/Separador de Grama com Borda e Prote\u00e7\u00e3o U.V. &#8211; Cont\u00e9m bordas arredondadas para perfeito acabamento no Jardim.<span style=\"color: #ff0000;\">(Obs): As vendas \u00e9 somente por telefone e via ordem de compra, sendo o pedido minimo de 1 caixa, duvidas consulte nosso SAC).<\/span><\/p>\n","protected":false},"featured_media":1994,"template":"","meta":{"_joinchat":[]},"product_brand":[],"product_cat":[24,15],"product_tag":[],"class_list":{"0":"post-1993","1":"product","2":"type-product","3":"status-publish","4":"has-post-thumbnail","6":"product_cat-acessorios-para-jardinagem","7":"product_cat-jardinagem","8":"entry","9":"has-media","11":"first","12":"outofstock","13":"sale","14":"shipping-taxable","15":"purchasable","16":"product-type-simple","17":"col","18":"wpex-woo-entry","19":"span_1_of_4"},"yoast_head":"<!-- This site is optimized with the Yoast SEO plugin v27.3 - https:\/\/yoast.com\/product\/yoast-seo-wordpress\/ -->\n<title>Limitador de Grama - Minas Gramados - Separador de Grama<\/title>\n<meta name=\"description\" content=\"O Limitador de grama \u00e9 resistente tem aditivos inibidores UV(N\u00e3o resseca ),Cont\u00e9m bordas arredondadas para perfeito acabamento no Jardim.\" \/>\n<meta name=\"robots\" content=\"index, follow, max-snippet:-1, max-image-preview:large, max-video-preview:-1\" \/>\n<link rel=\"canonical\" href=\"https:\/\/minasgramados.com.br\/Loja\/produto\/1993\/\" \/>\n<meta name=\"twitter:card\" content=\"summary_large_image\" \/>\n<meta name=\"twitter:title\" content=\"Limitador de Grama - Minas Gramados - Separador de Grama\" \/>\n<meta name=\"twitter:description\" content=\"O Limitador de grama \u00e9 resistente tem aditivos inibidores UV(N\u00e3o resseca ),Cont\u00e9m bordas arredondadas para perfeito acabamento no Jardim.\" \/>\n<meta name=\"twitter:image\" content=\"https:\/\/minasgramados.com.br\/Loja\/wp-content\/uploads\/2017\/02\/limitador-de-grama-anuncio.jpg\" \/>\n<meta name=\"twitter:label1\" content=\"Est. tempo de leitura\" \/>\n\t<meta name=\"twitter:data1\" content=\"2 minutos\" \/>\n<script type=\"application\/ld+json\" class=\"yoast-schema-graph\">{\"@context\":\"https:\\\/\\\/schema.org\",\"@graph\":[{\"@type\":\"WebPage\",\"@id\":\"https:\\\/\\\/minasgramados.com.br\\\/Loja\\\/produto\\\/1993\\\/\",\"url\":\"https:\\\/\\\/minasgramados.com.br\\\/Loja\\\/produto\\\/1993\\\/\",\"name\":\"Limitador de Grama - Minas Gramados - Separador de Grama\",\"isPartOf\":{\"@id\":\"https:\\\/\\\/minasgramados.com.br\\\/Loja\\\/#website\"},\"primaryImageOfPage\":{\"@id\":\"https:\\\/\\\/minasgramados.com.br\\\/Loja\\\/produto\\\/1993\\\/#primaryimage\"},\"image\":{\"@id\":\"https:\\\/\\\/minasgramados.com.br\\\/Loja\\\/produto\\\/1993\\\/#primaryimage\"},\"thumbnailUrl\":\"https:\\\/\\\/minasgramados.com.br\\\/Loja\\\/wp-content\\\/uploads\\\/2017\\\/02\\\/limitador-de-grama-anuncio.jpg\",\"datePublished\":\"2017-02-11T01:31:12+00:00\",\"dateModified\":\"2025-07-23T20:38:51+00:00\",\"description\":\"O Limitador de grama \u00e9 resistente tem aditivos inibidores UV(N\u00e3o resseca ),Cont\u00e9m bordas arredondadas para perfeito acabamento no Jardim.\",\"breadcrumb\":{\"@id\":\"https:\\\/\\\/minasgramados.com.br\\\/Loja\\\/produto\\\/1993\\\/#breadcrumb\"},\"inLanguage\":\"pt-BR\",\"potentialAction\":[{\"@type\":\"ReadAction\",\"target\":[\"https:\\\/\\\/minasgramados.com.br\\\/Loja\\\/produto\\\/1993\\\/\"]}]},{\"@type\":\"ImageObject\",\"inLanguage\":\"pt-BR\",\"@id\":\"https:\\\/\\\/minasgramados.com.br\\\/Loja\\\/produto\\\/1993\\\/#primaryimage\",\"url\":\"https:\\\/\\\/minasgramados.com.br\\\/Loja\\\/wp-content\\\/uploads\\\/2017\\\/02\\\/limitador-de-grama-anuncio.jpg\",\"contentUrl\":\"https:\\\/\\\/minasgramados.com.br\\\/Loja\\\/wp-content\\\/uploads\\\/2017\\\/02\\\/limitador-de-grama-anuncio.jpg\",\"width\":800,\"height\":524},{\"@type\":\"BreadcrumbList\",\"@id\":\"https:\\\/\\\/minasgramados.com.br\\\/Loja\\\/produto\\\/1993\\\/#breadcrumb\",\"itemListElement\":[{\"@type\":\"ListItem\",\"position\":1,\"name\":\"In\u00edcio\",\"item\":\"https:\\\/\\\/minasgramados.com.br\\\/Loja\\\/\"},{\"@type\":\"ListItem\",\"position\":2,\"name\":\"Loja\",\"item\":\"https:\\\/\\\/minasgramados.com.br\\\/Loja\\\/loja-modelo-03\\\/\"},{\"@type\":\"ListItem\",\"position\":3,\"name\":\"Limitador de Grama-Mini Borda 50 Mts.\"}]},{\"@type\":\"WebSite\",\"@id\":\"https:\\\/\\\/minasgramados.com.br\\\/Loja\\\/#website\",\"url\":\"https:\\\/\\\/minasgramados.com.br\\\/Loja\\\/\",\"name\":\"Minas Gramados - Paisagismo e Hidrossemeadura.\",\"description\":\"Distribuidora de Gramas adubos sementes em Betim e no Brasil.\",\"publisher\":{\"@id\":\"https:\\\/\\\/minasgramados.com.br\\\/Loja\\\/#organization\"},\"potentialAction\":[{\"@type\":\"SearchAction\",\"target\":{\"@type\":\"EntryPoint\",\"urlTemplate\":\"https:\\\/\\\/minasgramados.com.br\\\/Loja\\\/?s={search_term_string}\"},\"query-input\":{\"@type\":\"PropertyValueSpecification\",\"valueRequired\":true,\"valueName\":\"search_term_string\"}}],\"inLanguage\":\"pt-BR\"},{\"@type\":\"Organization\",\"@id\":\"https:\\\/\\\/minasgramados.com.br\\\/Loja\\\/#organization\",\"name\":\"Minas Gramados - Paisagismo e Hidrossemeadura.\",\"url\":\"https:\\\/\\\/minasgramados.com.br\\\/Loja\\\/\",\"logo\":{\"@type\":\"ImageObject\",\"inLanguage\":\"pt-BR\",\"@id\":\"https:\\\/\\\/minasgramados.com.br\\\/Loja\\\/#\\\/schema\\\/logo\\\/image\\\/\",\"url\":\"https:\\\/\\\/minasgramados.com.br\\\/Loja\\\/wp-content\\\/uploads\\\/2018\\\/06\\\/gramados-original-1.gif\",\"contentUrl\":\"https:\\\/\\\/minasgramados.com.br\\\/Loja\\\/wp-content\\\/uploads\\\/2018\\\/06\\\/gramados-original-1.gif\",\"width\":600,\"height\":300,\"caption\":\"Minas Gramados - Paisagismo e Hidrossemeadura.\"},\"image\":{\"@id\":\"https:\\\/\\\/minasgramados.com.br\\\/Loja\\\/#\\\/schema\\\/logo\\\/image\\\/\"}}]}<\/script>\n<!-- \/ Yoast SEO plugin. -->","yoast_head_json":{"title":"Limitador de Grama - Minas Gramados - Separador de Grama","description":"O Limitador de grama \u00e9 resistente tem aditivos inibidores UV(N\u00e3o resseca ),Cont\u00e9m bordas arredondadas para perfeito acabamento no Jardim.","robots":{"index":"index","follow":"follow","max-snippet":"max-snippet:-1","max-image-preview":"max-image-preview:large","max-video-preview":"max-video-preview:-1"},"canonical":"https:\/\/minasgramados.com.br\/Loja\/produto\/1993\/","twitter_card":"summary_large_image","twitter_title":"Limitador de Grama - Minas Gramados - Separador de Grama","twitter_description":"O Limitador de grama \u00e9 resistente tem aditivos inibidores UV(N\u00e3o resseca ),Cont\u00e9m bordas arredondadas para perfeito acabamento no Jardim.","twitter_image":"https:\/\/minasgramados.com.br\/Loja\/wp-content\/uploads\/2017\/02\/limitador-de-grama-anuncio.jpg","twitter_misc":{"Est. tempo de leitura":"2 minutos"},"schema":{"@context":"https:\/\/schema.org","@graph":[{"@type":"WebPage","@id":"https:\/\/minasgramados.com.br\/Loja\/produto\/1993\/","url":"https:\/\/minasgramados.com.br\/Loja\/produto\/1993\/","name":"Limitador de Grama - Minas Gramados - Separador de Grama","isPartOf":{"@id":"https:\/\/minasgramados.com.br\/Loja\/#website"},"primaryImageOfPage":{"@id":"https:\/\/minasgramados.com.br\/Loja\/produto\/1993\/#primaryimage"},"image":{"@id":"https:\/\/minasgramados.com.br\/Loja\/produto\/1993\/#primaryimage"},"thumbnailUrl":"https:\/\/minasgramados.com.br\/Loja\/wp-content\/uploads\/2017\/02\/limitador-de-grama-anuncio.jpg","datePublished":"2017-02-11T01:31:12+00:00","dateModified":"2025-07-23T20:38:51+00:00","description":"O Limitador de grama \u00e9 resistente tem aditivos inibidores UV(N\u00e3o resseca ),Cont\u00e9m bordas arredondadas para perfeito acabamento no Jardim.","breadcrumb":{"@id":"https:\/\/minasgramados.com.br\/Loja\/produto\/1993\/#breadcrumb"},"inLanguage":"pt-BR","potentialAction":[{"@type":"ReadAction","target":["https:\/\/minasgramados.com.br\/Loja\/produto\/1993\/"]}]},{"@type":"ImageObject","inLanguage":"pt-BR","@id":"https:\/\/minasgramados.com.br\/Loja\/produto\/1993\/#primaryimage","url":"https:\/\/minasgramados.com.br\/Loja\/wp-content\/uploads\/2017\/02\/limitador-de-grama-anuncio.jpg","contentUrl":"https:\/\/minasgramados.com.br\/Loja\/wp-content\/uploads\/2017\/02\/limitador-de-grama-anuncio.jpg","width":800,"height":524},{"@type":"BreadcrumbList","@id":"https:\/\/minasgramados.com.br\/Loja\/produto\/1993\/#breadcrumb","itemListElement":[{"@type":"ListItem","position":1,"name":"In\u00edcio","item":"https:\/\/minasgramados.com.br\/Loja\/"},{"@type":"ListItem","position":2,"name":"Loja","item":"https:\/\/minasgramados.com.br\/Loja\/loja-modelo-03\/"},{"@type":"ListItem","position":3,"name":"Limitador de Grama-Mini Borda 50 Mts."}]},{"@type":"WebSite","@id":"https:\/\/minasgramados.com.br\/Loja\/#website","url":"https:\/\/minasgramados.com.br\/Loja\/","name":"Minas Gramados - Paisagismo e Hidrossemeadura.","description":"Distribuidora de Gramas adubos sementes em Betim e no Brasil.","publisher":{"@id":"https:\/\/minasgramados.com.br\/Loja\/#organization"},"potentialAction":[{"@type":"SearchAction","target":{"@type":"EntryPoint","urlTemplate":"https:\/\/minasgramados.com.br\/Loja\/?s={search_term_string}"},"query-input":{"@type":"PropertyValueSpecification","valueRequired":true,"valueName":"search_term_string"}}],"inLanguage":"pt-BR"},{"@type":"Organization","@id":"https:\/\/minasgramados.com.br\/Loja\/#organization","name":"Minas Gramados - Paisagismo e Hidrossemeadura.","url":"https:\/\/minasgramados.com.br\/Loja\/","logo":{"@type":"ImageObject","inLanguage":"pt-BR","@id":"https:\/\/minasgramados.com.br\/Loja\/#\/schema\/logo\/image\/","url":"https:\/\/minasgramados.com.br\/Loja\/wp-content\/uploads\/2018\/06\/gramados-original-1.gif","contentUrl":"https:\/\/minasgramados.com.br\/Loja\/wp-content\/uploads\/2018\/06\/gramados-original-1.gif","width":600,"height":300,"caption":"Minas Gramados - Paisagismo e Hidrossemeadura."},"image":{"@id":"https:\/\/minasgramados.com.br\/Loja\/#\/schema\/logo\/image\/"}}]}},"_links":{"self":[{"href":"https:\/\/minasgramados.com.br\/Loja\/wp-json\/wp\/v2\/product\/1993","targetHints":{"allow":["GET"]}}],"collection":[{"href":"https:\/\/minasgramados.com.br\/Loja\/wp-json\/wp\/v2\/product"}],"about":[{"href":"https:\/\/minasgramados.com.br\/Loja\/wp-json\/wp\/v2\/types\/product"}],"wp:featuredmedia":[{"embeddable":true,"href":"https:\/\/minasgramados.com.br\/Loja\/wp-json\/wp\/v2\/media\/1994"}],"wp:attachment":[{"href":"https:\/\/minasgramados.com.br\/Loja\/wp-json\/wp\/v2\/media?parent=1993"}],"wp:term":[{"taxonomy":"product_brand","embeddable":true,"href":"https:\/\/minasgramados.com.br\/Loja\/wp-json\/wp\/v2\/product_brand?post=1993"},{"taxonomy":"product_cat","embeddable":true,"href":"https:\/\/minasgramados.com.br\/Loja\/wp-json\/wp\/v2\/product_cat?post=1993"},{"taxonomy":"product_tag","embeddable":true,"href":"https:\/\/minasgramados.com.br\/Loja\/wp-json\/wp\/v2\/product_tag?post=1993"}],"curies":[{"name":"wp","href":"https:\/\/api.w.org\/{rel}","templated":true}]}}