{"id":2025,"date":"2017-04-14T12:38:35","date_gmt":"2017-04-14T15:38:35","guid":{"rendered":"http:\/\/minasgramados.com.br\/Loja\/?post_type=product&#038;p=2025"},"modified":"2022-01-11T13:03:11","modified_gmt":"2022-01-11T16:03:11","slug":"2025","status":"publish","type":"product","link":"https:\/\/minasgramados.com.br\/Loja\/produto\/2025\/","title":{"rendered":"Grama Sint\u00e9tica de 12mm Colorida"},"content":{"rendered":"<p style=\"text-align: justify\">Grama Sint\u00e9tica de 12mm Colorida: Recomendada para uso residencial e comercial,garantindo prote\u00e7\u00e3o, decora\u00e7\u00e3o e seguran\u00e7a nos playgrounds resistente e dur\u00e1vel prote\u00e7\u00e3o contra raios ultravioleta (a grama sint\u00e9tica n\u00e3o perde a cor);baixa abrasividade (macia ao toque, n\u00e3o ret\u00e9m sujeira e n\u00e3o queima);\u00fanica com prote\u00e7\u00e3o \u201cmicrofresh\u00ae\u201d (prote\u00e7\u00e3o antif\u00fangica e antibactericida capaz de combater a prolifera\u00e7\u00e3o de micro-organismos indesejados e poss\u00edveis odores);Prote\u00e7\u00e3o antichama (n\u00e3o espalha o fogo);<\/p>\n<p style=\"text-align: justify\">Especifica\u00e7\u00f5es t\u00e9cnicas da grama sint\u00e9tica 12mm da Minas Gramados:<\/p>\n<p style=\"text-align: justify\">Produto\u2026\u2026\u2026\u2026\u2026\u2026\u2026\u2026\u2026\u2026\u2026\u2026\u2026\u2026\u2026\u2026\u2026\u2026..Monofilamento PE<br \/>\nPol\u00edmero\u2026\u2026\u2026\u2026\u2026\u2026\u2026\u2026\u2026\u2026\u2026\u2026\u2026\u2026\u2026\u2026\u2026\u2026100% polietileno<br \/>\nT\u00edtulo (dtex)\u2026\u2026\u2026\u2026\u2026\u2026\u2026\u2026\u2026\u2026\u2026\u2026\u2026\u2026\u2026..1600<br \/>\ncor\u2026\u2026\u2026\u2026\u2026\u2026\u2026\u2026\u2026\u2026\u2026\u2026\u2026\u2026\u2026\u2026\u2026\u2026\u2026\u2026&#8230;Coloridas SLC<br \/>\nComposi\u00e7\u00e3o da base prim\u00e1ria\u2026\u2026\u2026\u2026\u2026\u2026.100%polipropileno<br \/>\nRevestimento da base\u2026\u2026\u2026\u2026\u2026\u2026\u2026\u2026\u2026\u2026\u2026..l\u00e1tex estireno\/butadieno<br \/>\nAltura da grama na superficie (mm)\u2026\u2026\u2026&#8230;12<br \/>\npontos\/dm\u2026\u2026\u2026\u2026\u2026\u2026\u2026\u2026\u2026\u2026\u2026\u2026\u2026\u2026\u2026\u2026&#8230;32<br \/>\nPontos\/m\u00b2\u2026\u2026\u2026\u2026\u2026\u2026\u2026\u2026\u2026\u2026\u2026\u2026\u2026\u2026\u2026\u2026&#8230;. 67192<br \/>\nDist\u00e2ncia entre carreiras (mm)\u2026\u2026\u2026\u2026\u2026\u2026\u2026.5<br \/>\nQuantidade de polietileno (g\/m\u00b2)\u2026\u2026\u2026&#8230;\u2026318(+\/-5%)<br \/>\nPeso Total (kg\/m\u00b2)\u2026\u2026\u2026\u2026\u2026\u2026\u2026\u2026\u2026\u2026\u2026&#8230;&#8230;1,224<br \/>\nTodos os valores publicados s\u00e3o indicativos<\/p>\n<p style=\"text-align: justify\">*PROMO\u00c7\u00d5ES ABAIXO CONFORME METRAGEM ESCOLHIDA:<\/p>\n<p style=\"text-align: justify\">Material vem em rolos com 2 metros l\u00edneares ( Rolos com 25 e 80M2 )<\/p>\n<p style=\"text-align: justify\">Pre\u00e7o sint\u00e9tica a partir de 30m2\u2026\u2026..\u2026\u2026\u2026\u2026\u2026. R$ 63,00 \u00e0 vista. Obs: Frete \u00e9 a parte<br \/>\nPre\u00e7o sint\u00e9tica a partir 50m2\u2026\u2026\u2026\u2026\u2026\u2026\u2026\u2026\u2026\u2026. R$ 60,00 \u00e0 vista. Obs: Frete \u00e9 a parte<br \/>\nPre\u00e7o sint\u00e9tica a partir 100m2\u2026\u2026\u2026\u2026\u2026\u2026\u2026\u2026.\u2026. R$ 58,00 \u00e0 vista. Obs: Frete \u00e9 a parte<br \/>\nPre\u00e7o sint\u00e9tica para 150m2 ou mais\u2026\u2026\u2026\u2026\u2026\u2026 R$ 56,00 \u00e0 vista. Obs: Frete \u00e9 a parte<\/p>\n<p style=\"text-align: justify\">A garantia dessa Grama Sint\u00e9tica de 12mm \u00e9 de 6 Meses a 2 anos por defeito de fabrica\u00e7\u00e3o<\/p>\n<p style=\"text-align: justify\">ATEN\u00c7\u00c3O: Nossa venda minima dessa grama \u00e9 para metragens a partir de 20m2 , os pedidos maiores ser\u00e3o enviados para a fabrica fabricar e as entregas pode demorar de 05 a 10 dias, d\u00favidas entrar em contato com o nosso SAC para tirar suas d\u00favidas.<\/p>\n","protected":false},"excerpt":{"rendered":"<p style=\"text-align: justify\">\u00a0Grama Sint\u00e9tica 12mm Colorida: Nossa venda minima dessa grama \u00e9 de 20m2 , os pedidos maiores s\u00e3o enviados para a fabrica fabricar e as entregas pode demorar de 05 a 10 dias, d\u00favidas entrar em contato com o nosso SAC para tirar suas d\u00favidas.<span style=\"color: #ff0000\">(Obs): O Valor acima \u00e9 para compras no varejo, abaixo segue valores promocionais para atacado, consultar- nos o estoque e o prazo de entrega e condi\u00e7\u00f5es comerciais por telefone ou por e-mail.<\/span><\/p>\n","protected":false},"featured_media":2041,"template":"","meta":{"_joinchat":[]},"product_brand":[],"product_cat":[17,39],"product_tag":[],"class_list":{"0":"post-2025","1":"product","2":"type-product","3":"status-publish","4":"has-post-thumbnail","6":"product_cat-gramas-sinteticas","7":"product_cat-sintetica-de-12mm","8":"entry","9":"has-media","11":"first","12":"outofstock","13":"sale","14":"shipping-taxable","15":"purchasable","16":"product-type-simple","17":"col","18":"wpex-woo-entry","19":"span_1_of_4"},"yoast_head":"<!-- This site is optimized with the Yoast SEO plugin v27.3 - https:\/\/yoast.com\/product\/yoast-seo-wordpress\/ -->\n<title>Grama Sint\u00e9tica de 12mm Colorida - Minas Gramados - Grama Colorida BH<\/title>\n<meta name=\"description\" content=\"Grama Sint\u00e9tica de 12mm Colorida: Recomendada para uso residencial e comercial, garantindo prote\u00e7\u00e3o, decora\u00e7\u00e3o e seguran\u00e7a nos playgrounds e \u00e9 resistente.\" \/>\n<meta name=\"robots\" content=\"index, follow, max-snippet:-1, max-image-preview:large, max-video-preview:-1\" \/>\n<link rel=\"canonical\" href=\"https:\/\/minasgramados.com.br\/Loja\/produto\/2025\/\" \/>\n<meta name=\"twitter:card\" content=\"summary_large_image\" \/>\n<meta name=\"twitter:title\" content=\"Grama Sint\u00e9tica de 12mm Colorida - Minas Gramados - Grama Colorida BH\" \/>\n<meta name=\"twitter:description\" content=\"Grama Sint\u00e9tica de 12mm Colorida: Recomendada para uso residencial e comercial, garantindo prote\u00e7\u00e3o, decora\u00e7\u00e3o e seguran\u00e7a nos playgrounds e \u00e9 resistente.\" \/>\n<meta name=\"twitter:image\" content=\"https:\/\/minasgramados.com.br\/Loja\/wp-content\/uploads\/2017\/04\/Gramado-Sint\u00e9tico-colorido.jpg\" \/>\n<meta name=\"twitter:label1\" content=\"Est. tempo de leitura\" \/>\n\t<meta name=\"twitter:data1\" content=\"1 minuto\" \/>\n<script type=\"application\/ld+json\" class=\"yoast-schema-graph\">{\"@context\":\"https:\\\/\\\/schema.org\",\"@graph\":[{\"@type\":\"WebPage\",\"@id\":\"https:\\\/\\\/minasgramados.com.br\\\/Loja\\\/produto\\\/2025\\\/\",\"url\":\"https:\\\/\\\/minasgramados.com.br\\\/Loja\\\/produto\\\/2025\\\/\",\"name\":\"Grama Sint\u00e9tica de 12mm Colorida - Minas Gramados - Grama Colorida BH\",\"isPartOf\":{\"@id\":\"https:\\\/\\\/minasgramados.com.br\\\/Loja\\\/#website\"},\"primaryImageOfPage\":{\"@id\":\"https:\\\/\\\/minasgramados.com.br\\\/Loja\\\/produto\\\/2025\\\/#primaryimage\"},\"image\":{\"@id\":\"https:\\\/\\\/minasgramados.com.br\\\/Loja\\\/produto\\\/2025\\\/#primaryimage\"},\"thumbnailUrl\":\"https:\\\/\\\/minasgramados.com.br\\\/Loja\\\/wp-content\\\/uploads\\\/2017\\\/04\\\/Gramado-Sint\u00e9tico-colorido.jpg\",\"datePublished\":\"2017-04-14T15:38:35+00:00\",\"dateModified\":\"2022-01-11T16:03:11+00:00\",\"description\":\"Grama Sint\u00e9tica de 12mm Colorida: Recomendada para uso residencial e comercial, garantindo prote\u00e7\u00e3o, decora\u00e7\u00e3o e seguran\u00e7a nos playgrounds e \u00e9 resistente.\",\"breadcrumb\":{\"@id\":\"https:\\\/\\\/minasgramados.com.br\\\/Loja\\\/produto\\\/2025\\\/#breadcrumb\"},\"inLanguage\":\"pt-BR\",\"potentialAction\":[{\"@type\":\"ReadAction\",\"target\":[\"https:\\\/\\\/minasgramados.com.br\\\/Loja\\\/produto\\\/2025\\\/\"]}]},{\"@type\":\"ImageObject\",\"inLanguage\":\"pt-BR\",\"@id\":\"https:\\\/\\\/minasgramados.com.br\\\/Loja\\\/produto\\\/2025\\\/#primaryimage\",\"url\":\"https:\\\/\\\/minasgramados.com.br\\\/Loja\\\/wp-content\\\/uploads\\\/2017\\\/04\\\/Gramado-Sint\u00e9tico-colorido.jpg\",\"contentUrl\":\"https:\\\/\\\/minasgramados.com.br\\\/Loja\\\/wp-content\\\/uploads\\\/2017\\\/04\\\/Gramado-Sint\u00e9tico-colorido.jpg\",\"width\":723,\"height\":600},{\"@type\":\"BreadcrumbList\",\"@id\":\"https:\\\/\\\/minasgramados.com.br\\\/Loja\\\/produto\\\/2025\\\/#breadcrumb\",\"itemListElement\":[{\"@type\":\"ListItem\",\"position\":1,\"name\":\"In\u00edcio\",\"item\":\"https:\\\/\\\/minasgramados.com.br\\\/Loja\\\/\"},{\"@type\":\"ListItem\",\"position\":2,\"name\":\"Loja\",\"item\":\"https:\\\/\\\/minasgramados.com.br\\\/Loja\\\/loja-modelo-03\\\/\"},{\"@type\":\"ListItem\",\"position\":3,\"name\":\"Grama Sint\u00e9tica de 12mm Colorida\"}]},{\"@type\":\"WebSite\",\"@id\":\"https:\\\/\\\/minasgramados.com.br\\\/Loja\\\/#website\",\"url\":\"https:\\\/\\\/minasgramados.com.br\\\/Loja\\\/\",\"name\":\"Minas Gramados - Paisagismo e Hidrossemeadura.\",\"description\":\"Distribuidora de Gramas adubos sementes em Betim e no Brasil.\",\"publisher\":{\"@id\":\"https:\\\/\\\/minasgramados.com.br\\\/Loja\\\/#organization\"},\"potentialAction\":[{\"@type\":\"SearchAction\",\"target\":{\"@type\":\"EntryPoint\",\"urlTemplate\":\"https:\\\/\\\/minasgramados.com.br\\\/Loja\\\/?s={search_term_string}\"},\"query-input\":{\"@type\":\"PropertyValueSpecification\",\"valueRequired\":true,\"valueName\":\"search_term_string\"}}],\"inLanguage\":\"pt-BR\"},{\"@type\":\"Organization\",\"@id\":\"https:\\\/\\\/minasgramados.com.br\\\/Loja\\\/#organization\",\"name\":\"Minas Gramados - Paisagismo e Hidrossemeadura.\",\"url\":\"https:\\\/\\\/minasgramados.com.br\\\/Loja\\\/\",\"logo\":{\"@type\":\"ImageObject\",\"inLanguage\":\"pt-BR\",\"@id\":\"https:\\\/\\\/minasgramados.com.br\\\/Loja\\\/#\\\/schema\\\/logo\\\/image\\\/\",\"url\":\"https:\\\/\\\/minasgramados.com.br\\\/Loja\\\/wp-content\\\/uploads\\\/2018\\\/06\\\/gramados-original-1.gif\",\"contentUrl\":\"https:\\\/\\\/minasgramados.com.br\\\/Loja\\\/wp-content\\\/uploads\\\/2018\\\/06\\\/gramados-original-1.gif\",\"width\":600,\"height\":300,\"caption\":\"Minas Gramados - Paisagismo e Hidrossemeadura.\"},\"image\":{\"@id\":\"https:\\\/\\\/minasgramados.com.br\\\/Loja\\\/#\\\/schema\\\/logo\\\/image\\\/\"}}]}<\/script>\n<!-- \/ Yoast SEO plugin. -->","yoast_head_json":{"title":"Grama Sint\u00e9tica de 12mm Colorida - Minas Gramados - Grama Colorida BH","description":"Grama Sint\u00e9tica de 12mm Colorida: Recomendada para uso residencial e comercial, garantindo prote\u00e7\u00e3o, decora\u00e7\u00e3o e seguran\u00e7a nos playgrounds e \u00e9 resistente.","robots":{"index":"index","follow":"follow","max-snippet":"max-snippet:-1","max-image-preview":"max-image-preview:large","max-video-preview":"max-video-preview:-1"},"canonical":"https:\/\/minasgramados.com.br\/Loja\/produto\/2025\/","twitter_card":"summary_large_image","twitter_title":"Grama Sint\u00e9tica de 12mm Colorida - Minas Gramados - Grama Colorida BH","twitter_description":"Grama Sint\u00e9tica de 12mm Colorida: Recomendada para uso residencial e comercial, garantindo prote\u00e7\u00e3o, decora\u00e7\u00e3o e seguran\u00e7a nos playgrounds e \u00e9 resistente.","twitter_image":"https:\/\/minasgramados.com.br\/Loja\/wp-content\/uploads\/2017\/04\/Gramado-Sint\u00e9tico-colorido.jpg","twitter_misc":{"Est. tempo de leitura":"1 minuto"},"schema":{"@context":"https:\/\/schema.org","@graph":[{"@type":"WebPage","@id":"https:\/\/minasgramados.com.br\/Loja\/produto\/2025\/","url":"https:\/\/minasgramados.com.br\/Loja\/produto\/2025\/","name":"Grama Sint\u00e9tica de 12mm Colorida - Minas Gramados - Grama Colorida BH","isPartOf":{"@id":"https:\/\/minasgramados.com.br\/Loja\/#website"},"primaryImageOfPage":{"@id":"https:\/\/minasgramados.com.br\/Loja\/produto\/2025\/#primaryimage"},"image":{"@id":"https:\/\/minasgramados.com.br\/Loja\/produto\/2025\/#primaryimage"},"thumbnailUrl":"https:\/\/minasgramados.com.br\/Loja\/wp-content\/uploads\/2017\/04\/Gramado-Sint\u00e9tico-colorido.jpg","datePublished":"2017-04-14T15:38:35+00:00","dateModified":"2022-01-11T16:03:11+00:00","description":"Grama Sint\u00e9tica de 12mm Colorida: Recomendada para uso residencial e comercial, garantindo prote\u00e7\u00e3o, decora\u00e7\u00e3o e seguran\u00e7a nos playgrounds e \u00e9 resistente.","breadcrumb":{"@id":"https:\/\/minasgramados.com.br\/Loja\/produto\/2025\/#breadcrumb"},"inLanguage":"pt-BR","potentialAction":[{"@type":"ReadAction","target":["https:\/\/minasgramados.com.br\/Loja\/produto\/2025\/"]}]},{"@type":"ImageObject","inLanguage":"pt-BR","@id":"https:\/\/minasgramados.com.br\/Loja\/produto\/2025\/#primaryimage","url":"https:\/\/minasgramados.com.br\/Loja\/wp-content\/uploads\/2017\/04\/Gramado-Sint\u00e9tico-colorido.jpg","contentUrl":"https:\/\/minasgramados.com.br\/Loja\/wp-content\/uploads\/2017\/04\/Gramado-Sint\u00e9tico-colorido.jpg","width":723,"height":600},{"@type":"BreadcrumbList","@id":"https:\/\/minasgramados.com.br\/Loja\/produto\/2025\/#breadcrumb","itemListElement":[{"@type":"ListItem","position":1,"name":"In\u00edcio","item":"https:\/\/minasgramados.com.br\/Loja\/"},{"@type":"ListItem","position":2,"name":"Loja","item":"https:\/\/minasgramados.com.br\/Loja\/loja-modelo-03\/"},{"@type":"ListItem","position":3,"name":"Grama Sint\u00e9tica de 12mm Colorida"}]},{"@type":"WebSite","@id":"https:\/\/minasgramados.com.br\/Loja\/#website","url":"https:\/\/minasgramados.com.br\/Loja\/","name":"Minas Gramados - Paisagismo e Hidrossemeadura.","description":"Distribuidora de Gramas adubos sementes em Betim e no Brasil.","publisher":{"@id":"https:\/\/minasgramados.com.br\/Loja\/#organization"},"potentialAction":[{"@type":"SearchAction","target":{"@type":"EntryPoint","urlTemplate":"https:\/\/minasgramados.com.br\/Loja\/?s={search_term_string}"},"query-input":{"@type":"PropertyValueSpecification","valueRequired":true,"valueName":"search_term_string"}}],"inLanguage":"pt-BR"},{"@type":"Organization","@id":"https:\/\/minasgramados.com.br\/Loja\/#organization","name":"Minas Gramados - Paisagismo e Hidrossemeadura.","url":"https:\/\/minasgramados.com.br\/Loja\/","logo":{"@type":"ImageObject","inLanguage":"pt-BR","@id":"https:\/\/minasgramados.com.br\/Loja\/#\/schema\/logo\/image\/","url":"https:\/\/minasgramados.com.br\/Loja\/wp-content\/uploads\/2018\/06\/gramados-original-1.gif","contentUrl":"https:\/\/minasgramados.com.br\/Loja\/wp-content\/uploads\/2018\/06\/gramados-original-1.gif","width":600,"height":300,"caption":"Minas Gramados - Paisagismo e Hidrossemeadura."},"image":{"@id":"https:\/\/minasgramados.com.br\/Loja\/#\/schema\/logo\/image\/"}}]}},"_links":{"self":[{"href":"https:\/\/minasgramados.com.br\/Loja\/wp-json\/wp\/v2\/product\/2025","targetHints":{"allow":["GET"]}}],"collection":[{"href":"https:\/\/minasgramados.com.br\/Loja\/wp-json\/wp\/v2\/product"}],"about":[{"href":"https:\/\/minasgramados.com.br\/Loja\/wp-json\/wp\/v2\/types\/product"}],"wp:featuredmedia":[{"embeddable":true,"href":"https:\/\/minasgramados.com.br\/Loja\/wp-json\/wp\/v2\/media\/2041"}],"wp:attachment":[{"href":"https:\/\/minasgramados.com.br\/Loja\/wp-json\/wp\/v2\/media?parent=2025"}],"wp:term":[{"taxonomy":"product_brand","embeddable":true,"href":"https:\/\/minasgramados.com.br\/Loja\/wp-json\/wp\/v2\/product_brand?post=2025"},{"taxonomy":"product_cat","embeddable":true,"href":"https:\/\/minasgramados.com.br\/Loja\/wp-json\/wp\/v2\/product_cat?post=2025"},{"taxonomy":"product_tag","embeddable":true,"href":"https:\/\/minasgramados.com.br\/Loja\/wp-json\/wp\/v2\/product_tag?post=2025"}],"curies":[{"name":"wp","href":"https:\/\/api.w.org\/{rel}","templated":true}]}}