{"id":2026,"date":"2017-04-13T19:45:16","date_gmt":"2017-04-13T22:45:16","guid":{"rendered":"http:\/\/minasgramados.com.br\/Loja\/?post_type=product&#038;p=2026"},"modified":"2022-03-28T12:07:48","modified_gmt":"2022-03-28T15:07:48","slug":"grama-sintetica-soft-garden-bicolor-20mm","status":"publish","type":"product","link":"https:\/\/minasgramados.com.br\/Loja\/produto\/grama-sintetica-soft-garden-bicolor-20mm\/","title":{"rendered":"Grama Sint\u00e9tica Soft Garden 20mm"},"content":{"rendered":"<p style=\"text-align: justify\">Grama sint\u00e9tica de alta resist\u00eancia com apar\u00eancia de grama natural; Instala\u00e7\u00e3o do produto: flutuante sobre a terra, ou colado ao ch\u00e3o com cola de contato ou fita dupla face.<br \/>\nBase para instala\u00e7\u00e3o: O contrapiso pode ser de terra, asfalto, concreto, cimento, piso de cer\u00e2mica, paredes, muros, revestimento de pedras ou tijolos.Tratamento protetor \u2013 Prote\u00e7\u00e3o contra raios ultravioleta UV que resulta em maior resist\u00eancia aos fatores clim\u00e1ticos, resistente ao sol e n\u00e3o perde a cor e Exclusiva prote\u00e7\u00e3o com solu\u00e7\u00e3o antif\u00fangica e antibactericida que ret\u00e9m a prolifera\u00e7\u00e3o de organismos indesejados e poss\u00edveis odores. Baixa abrasividade \u2013 confort\u00e1vel e agrad\u00e1vel ao toque dos p\u00e9s descal\u00e7os, n\u00e3o queima e n\u00e3o ret\u00e9m sujeira. Prote\u00e7\u00e3o antichama: n\u00e3o alastra o fogo oferecendo uma maior seguran\u00e7a. Limpeza ,ela pode ser aspirado, lavado e higienizado, por\u00e9m n\u00e3o recomendamos o uso de m\u00e1quinas wap a fim de garantir a maior durabilidade do produto.<br \/>\nIndica\u00e7\u00e3o: Jardins, playgrounds, mini campos e decora\u00e7\u00e3o. Pode ser integrada tamb\u00e9m a projetos de paisagismo permitindo mesclar vasos e plantas naturais.<\/p>\n<p style=\"text-align: justify\">*PROMO\u00c7\u00d5ES ABAIXO CONFORME METRAGEM ESCOLHIDA:<\/p>\n<p style=\"text-align: justify\">Material vem em rolos com 2 metros l\u00edneares ( Rolos com 25 e 80M2 )<\/p>\n<p style=\"text-align: justify\">Pre\u00e7o sint\u00e9tica a partir de 30m2\u2026\u2026..\u2026\u2026\u2026\u2026\u2026. R$ 78,00 \u00e0 vista. Obs: Frete \u00e9 a parte<br \/>\nPre\u00e7o sint\u00e9tica a partir 50m2\u2026\u2026\u2026\u2026\u2026\u2026\u2026\u2026\u2026\u2026. R$ 76,00 \u00e0 vista. Obs: Frete \u00e9 a parte<br \/>\nPre\u00e7o sint\u00e9tica a partir 100m2\u2026\u2026\u2026\u2026\u2026\u2026\u2026\u2026.\u2026. R$ 74,00 \u00e0 vista. Obs: Frete \u00e9 a parte<br \/>\nPre\u00e7o sint\u00e9tica para 150m2 ou mais\u2026\u2026\u2026\u2026\u2026&#8230; R$ 72,00 \u00e0 vista. Obs: Frete \u00e9 a parte<\/p>\n<p style=\"text-align: justify\">Altura da Fibra: 20MM (2CM)<br \/>\nLargura do Rolo: 2M<br \/>\nComprimento do Rolo: De 25M OU 60 Metros<br \/>\nPeso: 2,5 KG\/M\u00b2 Para Rolos de 25 Metros<br \/>\nFibras: Monofilamento Bicolor 100% Polietileno<\/p>\n<p style=\"text-align: justify\">A garantia dessa Grama Sint\u00e9tica de 20mm \u00e9 de 6 Meses a 2 anos por defeito de fabrica\u00e7\u00e3o<\/p>\n<p style=\"text-align: justify\">ATEN\u00c7\u00c3O: Nossa venda minima dessa grama \u00e9 para metragens a partir\u00a0de 20m2 , os pedidos maiores ser\u00e3o enviados para a fabrica fabricar e as entregas pode demorar de 05 a 10 dias, d\u00favidas entrar em contato com o nosso SAC para tirar suas d\u00favidas.<\/p>\n","protected":false},"excerpt":{"rendered":"<p style=\"text-align: justify\">Grama Sint\u00e9tica Soft Garden de 20mm: Nossa venda minima dessa grama \u00e9 de 20m2 , os pedidos maiores s\u00e3o enviados para a fabrica fabricar e as entregas pode demorar de 05 a 10 dias, d\u00favidas entrar em contato com o nosso SAC para tirar suas d\u00favidas.<span style=\"color: #ff0000\">(Obs): O Valor acima \u00e9 para compras no varejo, abaixo segue valores promocionais para atacado, consultar- nos o estoque e o prazo de entrega e condi\u00e7\u00f5es comerciais por telefone ou por e-mail.)\u00a0<\/span><\/p>\n","protected":false},"featured_media":2028,"template":"","meta":{"_joinchat":[]},"product_brand":[],"product_cat":[17,41],"product_tag":[],"class_list":{"0":"post-2026","1":"product","2":"type-product","3":"status-publish","4":"has-post-thumbnail","6":"product_cat-gramas-sinteticas","7":"product_cat-sintetica-de-20mm","8":"entry","9":"has-media","11":"first","12":"outofstock","13":"sale","14":"shipping-taxable","15":"purchasable","16":"product-type-simple","17":"col","18":"wpex-woo-entry","19":"span_1_of_4"},"yoast_head":"<!-- This site is optimized with the Yoast SEO plugin v27.3 - https:\/\/yoast.com\/product\/yoast-seo-wordpress\/ -->\n<title>Grama Sint\u00e9tica Soft Garden 20mm - Minas Gramados - Grama Sint\u00e9tica bicolor BH<\/title>\n<meta name=\"description\" content=\"Grama sint\u00e9tica soft Garden bicolor de alta resist\u00eancia com apar\u00eancia de grama natural;pode ser usada em projetos de paisagismo e vasos de plantas naturais.\" \/>\n<meta name=\"robots\" content=\"index, follow, max-snippet:-1, max-image-preview:large, max-video-preview:-1\" \/>\n<link rel=\"canonical\" href=\"https:\/\/minasgramados.com.br\/Loja\/produto\/grama-sintetica-soft-garden-bicolor-20mm\/\" \/>\n<meta name=\"twitter:card\" content=\"summary_large_image\" \/>\n<meta name=\"twitter:title\" content=\"Grama Sint\u00e9tica Soft Garden 20mm - Minas Gramados - Grama Sint\u00e9tica bicolor BH\" \/>\n<meta name=\"twitter:description\" content=\"Grama sint\u00e9tica soft Garden bicolor de alta resist\u00eancia com apar\u00eancia de grama natural;pode ser usada em projetos de paisagismo e vasos de plantas naturais.\" \/>\n<meta name=\"twitter:image\" content=\"https:\/\/minasgramados.com.br\/Loja\/wp-content\/uploads\/2017\/04\/Jardim-escritorio-para-a-loja.jpg\" \/>\n<meta name=\"twitter:label1\" content=\"Est. tempo de leitura\" \/>\n\t<meta name=\"twitter:data1\" content=\"2 minutos\" \/>\n<script type=\"application\/ld+json\" class=\"yoast-schema-graph\">{\"@context\":\"https:\\\/\\\/schema.org\",\"@graph\":[{\"@type\":\"WebPage\",\"@id\":\"https:\\\/\\\/minasgramados.com.br\\\/Loja\\\/produto\\\/grama-sintetica-soft-garden-bicolor-20mm\\\/\",\"url\":\"https:\\\/\\\/minasgramados.com.br\\\/Loja\\\/produto\\\/grama-sintetica-soft-garden-bicolor-20mm\\\/\",\"name\":\"Grama Sint\u00e9tica Soft Garden 20mm - Minas Gramados - Grama Sint\u00e9tica bicolor BH\",\"isPartOf\":{\"@id\":\"https:\\\/\\\/minasgramados.com.br\\\/Loja\\\/#website\"},\"primaryImageOfPage\":{\"@id\":\"https:\\\/\\\/minasgramados.com.br\\\/Loja\\\/produto\\\/grama-sintetica-soft-garden-bicolor-20mm\\\/#primaryimage\"},\"image\":{\"@id\":\"https:\\\/\\\/minasgramados.com.br\\\/Loja\\\/produto\\\/grama-sintetica-soft-garden-bicolor-20mm\\\/#primaryimage\"},\"thumbnailUrl\":\"https:\\\/\\\/minasgramados.com.br\\\/Loja\\\/wp-content\\\/uploads\\\/2017\\\/04\\\/Jardim-escritorio-para-a-loja.jpg\",\"datePublished\":\"2017-04-13T22:45:16+00:00\",\"dateModified\":\"2022-03-28T15:07:48+00:00\",\"description\":\"Grama sint\u00e9tica soft Garden bicolor de alta resist\u00eancia com apar\u00eancia de grama natural;pode ser usada em projetos de paisagismo e vasos de plantas naturais.\",\"breadcrumb\":{\"@id\":\"https:\\\/\\\/minasgramados.com.br\\\/Loja\\\/produto\\\/grama-sintetica-soft-garden-bicolor-20mm\\\/#breadcrumb\"},\"inLanguage\":\"pt-BR\",\"potentialAction\":[{\"@type\":\"ReadAction\",\"target\":[\"https:\\\/\\\/minasgramados.com.br\\\/Loja\\\/produto\\\/grama-sintetica-soft-garden-bicolor-20mm\\\/\"]}]},{\"@type\":\"ImageObject\",\"inLanguage\":\"pt-BR\",\"@id\":\"https:\\\/\\\/minasgramados.com.br\\\/Loja\\\/produto\\\/grama-sintetica-soft-garden-bicolor-20mm\\\/#primaryimage\",\"url\":\"https:\\\/\\\/minasgramados.com.br\\\/Loja\\\/wp-content\\\/uploads\\\/2017\\\/04\\\/Jardim-escritorio-para-a-loja.jpg\",\"contentUrl\":\"https:\\\/\\\/minasgramados.com.br\\\/Loja\\\/wp-content\\\/uploads\\\/2017\\\/04\\\/Jardim-escritorio-para-a-loja.jpg\",\"width\":994,\"height\":577},{\"@type\":\"BreadcrumbList\",\"@id\":\"https:\\\/\\\/minasgramados.com.br\\\/Loja\\\/produto\\\/grama-sintetica-soft-garden-bicolor-20mm\\\/#breadcrumb\",\"itemListElement\":[{\"@type\":\"ListItem\",\"position\":1,\"name\":\"In\u00edcio\",\"item\":\"https:\\\/\\\/minasgramados.com.br\\\/Loja\\\/\"},{\"@type\":\"ListItem\",\"position\":2,\"name\":\"Loja\",\"item\":\"https:\\\/\\\/minasgramados.com.br\\\/Loja\\\/loja-modelo-03\\\/\"},{\"@type\":\"ListItem\",\"position\":3,\"name\":\"Grama Sint\u00e9tica Soft Garden 20mm\"}]},{\"@type\":\"WebSite\",\"@id\":\"https:\\\/\\\/minasgramados.com.br\\\/Loja\\\/#website\",\"url\":\"https:\\\/\\\/minasgramados.com.br\\\/Loja\\\/\",\"name\":\"Minas Gramados - Paisagismo e Hidrossemeadura.\",\"description\":\"Distribuidora de Gramas adubos sementes em Betim e no Brasil.\",\"publisher\":{\"@id\":\"https:\\\/\\\/minasgramados.com.br\\\/Loja\\\/#organization\"},\"potentialAction\":[{\"@type\":\"SearchAction\",\"target\":{\"@type\":\"EntryPoint\",\"urlTemplate\":\"https:\\\/\\\/minasgramados.com.br\\\/Loja\\\/?s={search_term_string}\"},\"query-input\":{\"@type\":\"PropertyValueSpecification\",\"valueRequired\":true,\"valueName\":\"search_term_string\"}}],\"inLanguage\":\"pt-BR\"},{\"@type\":\"Organization\",\"@id\":\"https:\\\/\\\/minasgramados.com.br\\\/Loja\\\/#organization\",\"name\":\"Minas Gramados - Paisagismo e Hidrossemeadura.\",\"url\":\"https:\\\/\\\/minasgramados.com.br\\\/Loja\\\/\",\"logo\":{\"@type\":\"ImageObject\",\"inLanguage\":\"pt-BR\",\"@id\":\"https:\\\/\\\/minasgramados.com.br\\\/Loja\\\/#\\\/schema\\\/logo\\\/image\\\/\",\"url\":\"https:\\\/\\\/minasgramados.com.br\\\/Loja\\\/wp-content\\\/uploads\\\/2018\\\/06\\\/gramados-original-1.gif\",\"contentUrl\":\"https:\\\/\\\/minasgramados.com.br\\\/Loja\\\/wp-content\\\/uploads\\\/2018\\\/06\\\/gramados-original-1.gif\",\"width\":600,\"height\":300,\"caption\":\"Minas Gramados - Paisagismo e Hidrossemeadura.\"},\"image\":{\"@id\":\"https:\\\/\\\/minasgramados.com.br\\\/Loja\\\/#\\\/schema\\\/logo\\\/image\\\/\"}}]}<\/script>\n<!-- \/ Yoast SEO plugin. -->","yoast_head_json":{"title":"Grama Sint\u00e9tica Soft Garden 20mm - Minas Gramados - Grama Sint\u00e9tica bicolor BH","description":"Grama sint\u00e9tica soft Garden bicolor de alta resist\u00eancia com apar\u00eancia de grama natural;pode ser usada em projetos de paisagismo e vasos de plantas naturais.","robots":{"index":"index","follow":"follow","max-snippet":"max-snippet:-1","max-image-preview":"max-image-preview:large","max-video-preview":"max-video-preview:-1"},"canonical":"https:\/\/minasgramados.com.br\/Loja\/produto\/grama-sintetica-soft-garden-bicolor-20mm\/","twitter_card":"summary_large_image","twitter_title":"Grama Sint\u00e9tica Soft Garden 20mm - Minas Gramados - Grama Sint\u00e9tica bicolor BH","twitter_description":"Grama sint\u00e9tica soft Garden bicolor de alta resist\u00eancia com apar\u00eancia de grama natural;pode ser usada em projetos de paisagismo e vasos de plantas naturais.","twitter_image":"https:\/\/minasgramados.com.br\/Loja\/wp-content\/uploads\/2017\/04\/Jardim-escritorio-para-a-loja.jpg","twitter_misc":{"Est. tempo de leitura":"2 minutos"},"schema":{"@context":"https:\/\/schema.org","@graph":[{"@type":"WebPage","@id":"https:\/\/minasgramados.com.br\/Loja\/produto\/grama-sintetica-soft-garden-bicolor-20mm\/","url":"https:\/\/minasgramados.com.br\/Loja\/produto\/grama-sintetica-soft-garden-bicolor-20mm\/","name":"Grama Sint\u00e9tica Soft Garden 20mm - Minas Gramados - Grama Sint\u00e9tica bicolor BH","isPartOf":{"@id":"https:\/\/minasgramados.com.br\/Loja\/#website"},"primaryImageOfPage":{"@id":"https:\/\/minasgramados.com.br\/Loja\/produto\/grama-sintetica-soft-garden-bicolor-20mm\/#primaryimage"},"image":{"@id":"https:\/\/minasgramados.com.br\/Loja\/produto\/grama-sintetica-soft-garden-bicolor-20mm\/#primaryimage"},"thumbnailUrl":"https:\/\/minasgramados.com.br\/Loja\/wp-content\/uploads\/2017\/04\/Jardim-escritorio-para-a-loja.jpg","datePublished":"2017-04-13T22:45:16+00:00","dateModified":"2022-03-28T15:07:48+00:00","description":"Grama sint\u00e9tica soft Garden bicolor de alta resist\u00eancia com apar\u00eancia de grama natural;pode ser usada em projetos de paisagismo e vasos de plantas naturais.","breadcrumb":{"@id":"https:\/\/minasgramados.com.br\/Loja\/produto\/grama-sintetica-soft-garden-bicolor-20mm\/#breadcrumb"},"inLanguage":"pt-BR","potentialAction":[{"@type":"ReadAction","target":["https:\/\/minasgramados.com.br\/Loja\/produto\/grama-sintetica-soft-garden-bicolor-20mm\/"]}]},{"@type":"ImageObject","inLanguage":"pt-BR","@id":"https:\/\/minasgramados.com.br\/Loja\/produto\/grama-sintetica-soft-garden-bicolor-20mm\/#primaryimage","url":"https:\/\/minasgramados.com.br\/Loja\/wp-content\/uploads\/2017\/04\/Jardim-escritorio-para-a-loja.jpg","contentUrl":"https:\/\/minasgramados.com.br\/Loja\/wp-content\/uploads\/2017\/04\/Jardim-escritorio-para-a-loja.jpg","width":994,"height":577},{"@type":"BreadcrumbList","@id":"https:\/\/minasgramados.com.br\/Loja\/produto\/grama-sintetica-soft-garden-bicolor-20mm\/#breadcrumb","itemListElement":[{"@type":"ListItem","position":1,"name":"In\u00edcio","item":"https:\/\/minasgramados.com.br\/Loja\/"},{"@type":"ListItem","position":2,"name":"Loja","item":"https:\/\/minasgramados.com.br\/Loja\/loja-modelo-03\/"},{"@type":"ListItem","position":3,"name":"Grama Sint\u00e9tica Soft Garden 20mm"}]},{"@type":"WebSite","@id":"https:\/\/minasgramados.com.br\/Loja\/#website","url":"https:\/\/minasgramados.com.br\/Loja\/","name":"Minas Gramados - Paisagismo e Hidrossemeadura.","description":"Distribuidora de Gramas adubos sementes em Betim e no Brasil.","publisher":{"@id":"https:\/\/minasgramados.com.br\/Loja\/#organization"},"potentialAction":[{"@type":"SearchAction","target":{"@type":"EntryPoint","urlTemplate":"https:\/\/minasgramados.com.br\/Loja\/?s={search_term_string}"},"query-input":{"@type":"PropertyValueSpecification","valueRequired":true,"valueName":"search_term_string"}}],"inLanguage":"pt-BR"},{"@type":"Organization","@id":"https:\/\/minasgramados.com.br\/Loja\/#organization","name":"Minas Gramados - Paisagismo e Hidrossemeadura.","url":"https:\/\/minasgramados.com.br\/Loja\/","logo":{"@type":"ImageObject","inLanguage":"pt-BR","@id":"https:\/\/minasgramados.com.br\/Loja\/#\/schema\/logo\/image\/","url":"https:\/\/minasgramados.com.br\/Loja\/wp-content\/uploads\/2018\/06\/gramados-original-1.gif","contentUrl":"https:\/\/minasgramados.com.br\/Loja\/wp-content\/uploads\/2018\/06\/gramados-original-1.gif","width":600,"height":300,"caption":"Minas Gramados - Paisagismo e Hidrossemeadura."},"image":{"@id":"https:\/\/minasgramados.com.br\/Loja\/#\/schema\/logo\/image\/"}}]}},"_links":{"self":[{"href":"https:\/\/minasgramados.com.br\/Loja\/wp-json\/wp\/v2\/product\/2026","targetHints":{"allow":["GET"]}}],"collection":[{"href":"https:\/\/minasgramados.com.br\/Loja\/wp-json\/wp\/v2\/product"}],"about":[{"href":"https:\/\/minasgramados.com.br\/Loja\/wp-json\/wp\/v2\/types\/product"}],"wp:featuredmedia":[{"embeddable":true,"href":"https:\/\/minasgramados.com.br\/Loja\/wp-json\/wp\/v2\/media\/2028"}],"wp:attachment":[{"href":"https:\/\/minasgramados.com.br\/Loja\/wp-json\/wp\/v2\/media?parent=2026"}],"wp:term":[{"taxonomy":"product_brand","embeddable":true,"href":"https:\/\/minasgramados.com.br\/Loja\/wp-json\/wp\/v2\/product_brand?post=2026"},{"taxonomy":"product_cat","embeddable":true,"href":"https:\/\/minasgramados.com.br\/Loja\/wp-json\/wp\/v2\/product_cat?post=2026"},{"taxonomy":"product_tag","embeddable":true,"href":"https:\/\/minasgramados.com.br\/Loja\/wp-json\/wp\/v2\/product_tag?post=2026"}],"curies":[{"name":"wp","href":"https:\/\/api.w.org\/{rel}","templated":true}]}}