{"id":2068,"date":"2017-11-07T19:12:13","date_gmt":"2017-11-07T22:12:13","guid":{"rendered":"http:\/\/minasgramados.com.br\/Loja\/?post_type=product&#038;p=2068"},"modified":"2023-09-12T15:50:24","modified_gmt":"2023-09-12T18:50:24","slug":"terra-vegetalcargas-de-5-ate-7-m3","status":"publish","type":"product","link":"https:\/\/minasgramados.com.br\/Loja\/produto\/terra-vegetalcargas-de-5-ate-7-m3\/","title":{"rendered":"Terra Vegetal &#8211; De 5 a 7 M3 (BH e Regi\u00e3o)"},"content":{"rendered":"<p style=\"text-align: justify;\"><strong>A Terra vegetal:<\/strong> Essa terra que fornecemos \u00e9 ideal para trabalhos de paisagismo, reformas, urbaniza\u00e7\u00e3o, revitaliza\u00e7\u00e3o e quaisquer outros, provenientes de jazidas localizadas em Betim e Grande BH, que atendem \u00e0s melhores especifica\u00e7\u00f5es do mercado, isentas de gram\u00edneas e impurezas. Somente fornecemos cargas fechadas, com o m\u00ednimo de fornecimento estipulado em 5(Cinco) M3 por caminh\u00e3o, podendo chegar at\u00e9 20(Vinte) M3, em fun\u00e7\u00e3o da umidade da terra vegetal no dia do fornecimento. Todas as nossas cargas de terra s\u00e3o medidas nas descargas nas obras, sendo apurados os volumes entregues conferidos em conjunto pelos compradores, para emiss\u00e3o das faturas correspondentes.<\/p>\n<p style=\"text-align: justify;\"><strong>Indica\u00e7\u00e3o<\/strong>: Ela \u00e9 INDICADA para\u00a0 todos os tipos de culturas com \u00f3timos resultados e com EXCELENTE PRE\u00c7O, al\u00e9m de um ser um produto natural, quase org\u00e2nico, Fornecemos ao PEQUENO\/M\u00c9DIO E GRANDE PRODUTOR.<\/p>\n<p style=\"text-align: justify;\"><strong>Obs:<\/strong> Informamos que caso for colocar a terra vegetal sobre a grama rec\u00e9m plantada ou para manuten\u00e7\u00e3o de gramados; usar-se 50% da terra; 30% de adubo org\u00e2nico e 20% de areia lavada m\u00e9dia para aduba\u00e7\u00e3o e nivelamento final da grama).<\/p>\n<p style=\"text-align: justify;\"><strong>Qualidade:<\/strong> A Nossa terra \u00e9 bem completa por ser pura e eficaz podendo ser misturada com fertilizantes org\u00e2nicos, agindo na recupera\u00e7\u00e3o e enriquecimento r\u00e1pido do solo, podendo ser aplicado de imediato e diretamente em contato com as ra\u00edzes das plantas e sua manuten\u00e7\u00e3o, usada para vasos, jardins, hortas, canteiros e outros.<\/p>\n<p style=\"text-align: justify;\"><strong>Obs:<\/strong> Por ser uma terra pura limpa, garantimos sua efic\u00e1cia por ser a verdadeira terra vegetal, e n\u00e3o \u00e9 terra de barranco como concorrentes vendem como a tal, podendo ser empregada em suas planta\u00e7\u00f5es, pelo contr\u00e1rio, quanto mais dela for colocada com mistura de outros adubos, mais produtiva e f\u00e9rtil a terra se tornar\u00e1.<\/p>\n","protected":false},"excerpt":{"rendered":"<p style=\"text-align: justify;\">A Terra vegetal que fornecemos\u00a0 \u00e9 bem completa por ser pura e eficaz podendo ser misturada com fertilizantes org\u00e2nicos, agindo na recupera\u00e7\u00e3o e enriquecimento r\u00e1pido do solo, podendo ser usado para vasos, jardins, hortas, canteiros e outros. <span style=\"color: #ff0000;\">(Obs.): O Pre\u00e7o acima \u00e9 m\u00e9dio, para valor final depende da localidade de BH\u00a0 e Regi\u00e3o, Sempre temos terra para venda, por\u00e9m sua venda \u00e9 somente pelos nossos canais de atendimento e via ordem de compra).<\/span><\/p>\n","protected":false},"featured_media":2168,"template":"","meta":{"_joinchat":[]},"product_brand":[],"product_cat":[11,15],"product_tag":[],"class_list":{"0":"post-2068","1":"product","2":"type-product","3":"status-publish","4":"has-post-thumbnail","6":"product_cat-adubos-e-substratos","7":"product_cat-jardinagem","8":"entry","9":"has-media","11":"first","12":"outofstock","13":"sale","14":"shipping-taxable","15":"purchasable","16":"product-type-simple","17":"col","18":"wpex-woo-entry","19":"span_1_of_4"},"yoast_head":"<!-- This site is optimized with the Yoast SEO plugin v27.3 - https:\/\/yoast.com\/product\/yoast-seo-wordpress\/ -->\n<title>Terra Vegetal - De 5 a 7 M3 (BH e Regi\u00e3o) - Minas Gramados - Paisagismo e Hidrossemeadura.<\/title>\n<meta name=\"robots\" content=\"index, follow, max-snippet:-1, max-image-preview:large, max-video-preview:-1\" \/>\n<link rel=\"canonical\" href=\"https:\/\/minasgramados.com.br\/Loja\/produto\/terra-vegetalcargas-de-5-ate-7-m3\/\" \/>\n<meta name=\"twitter:card\" content=\"summary_large_image\" \/>\n<meta name=\"twitter:title\" content=\"Terra Vegetal - De 5 a 7 M3 (BH e Regi\u00e3o) - Minas Gramados - Paisagismo e Hidrossemeadura.\" \/>\n<meta name=\"twitter:description\" content=\"A Terra vegetal que fornecemos\u00a0 \u00e9 bem completa por ser pura e eficaz podendo ser misturada com fertilizantes org\u00e2nicos, agindo na recupera\u00e7\u00e3o e enriquecimento r\u00e1pido do solo, podendo ser usado para vasos, jardins, hortas, canteiros e outros. (Obs.): O Pre\u00e7o acima \u00e9 m\u00e9dio, para valor final depende da localidade de BH\u00a0 e Regi\u00e3o, Sempre temos terra para venda, por\u00e9m sua venda \u00e9 somente pelos nossos canais de atendimento e via ordem de compra).\" \/>\n<meta name=\"twitter:image\" content=\"https:\/\/minasgramados.com.br\/Loja\/wp-content\/uploads\/2015\/05\/Terra-vegetal.jpg\" \/>\n<meta name=\"twitter:label1\" content=\"Est. tempo de leitura\" \/>\n\t<meta name=\"twitter:data1\" content=\"2 minutos\" \/>\n<script type=\"application\/ld+json\" class=\"yoast-schema-graph\">{\"@context\":\"https:\\\/\\\/schema.org\",\"@graph\":[{\"@type\":\"WebPage\",\"@id\":\"https:\\\/\\\/minasgramados.com.br\\\/Loja\\\/produto\\\/terra-vegetalcargas-de-5-ate-7-m3\\\/\",\"url\":\"https:\\\/\\\/minasgramados.com.br\\\/Loja\\\/produto\\\/terra-vegetalcargas-de-5-ate-7-m3\\\/\",\"name\":\"Terra Vegetal - De 5 a 7 M3 (BH e Regi\u00e3o) - Minas Gramados - Paisagismo e Hidrossemeadura.\",\"isPartOf\":{\"@id\":\"https:\\\/\\\/minasgramados.com.br\\\/Loja\\\/#website\"},\"primaryImageOfPage\":{\"@id\":\"https:\\\/\\\/minasgramados.com.br\\\/Loja\\\/produto\\\/terra-vegetalcargas-de-5-ate-7-m3\\\/#primaryimage\"},\"image\":{\"@id\":\"https:\\\/\\\/minasgramados.com.br\\\/Loja\\\/produto\\\/terra-vegetalcargas-de-5-ate-7-m3\\\/#primaryimage\"},\"thumbnailUrl\":\"https:\\\/\\\/minasgramados.com.br\\\/Loja\\\/wp-content\\\/uploads\\\/2015\\\/05\\\/Terra-vegetal.jpg\",\"datePublished\":\"2017-11-07T22:12:13+00:00\",\"dateModified\":\"2023-09-12T18:50:24+00:00\",\"breadcrumb\":{\"@id\":\"https:\\\/\\\/minasgramados.com.br\\\/Loja\\\/produto\\\/terra-vegetalcargas-de-5-ate-7-m3\\\/#breadcrumb\"},\"inLanguage\":\"pt-BR\",\"potentialAction\":[{\"@type\":\"ReadAction\",\"target\":[\"https:\\\/\\\/minasgramados.com.br\\\/Loja\\\/produto\\\/terra-vegetalcargas-de-5-ate-7-m3\\\/\"]}]},{\"@type\":\"ImageObject\",\"inLanguage\":\"pt-BR\",\"@id\":\"https:\\\/\\\/minasgramados.com.br\\\/Loja\\\/produto\\\/terra-vegetalcargas-de-5-ate-7-m3\\\/#primaryimage\",\"url\":\"https:\\\/\\\/minasgramados.com.br\\\/Loja\\\/wp-content\\\/uploads\\\/2015\\\/05\\\/Terra-vegetal.jpg\",\"contentUrl\":\"https:\\\/\\\/minasgramados.com.br\\\/Loja\\\/wp-content\\\/uploads\\\/2015\\\/05\\\/Terra-vegetal.jpg\",\"width\":800,\"height\":581},{\"@type\":\"BreadcrumbList\",\"@id\":\"https:\\\/\\\/minasgramados.com.br\\\/Loja\\\/produto\\\/terra-vegetalcargas-de-5-ate-7-m3\\\/#breadcrumb\",\"itemListElement\":[{\"@type\":\"ListItem\",\"position\":1,\"name\":\"In\u00edcio\",\"item\":\"https:\\\/\\\/minasgramados.com.br\\\/Loja\\\/\"},{\"@type\":\"ListItem\",\"position\":2,\"name\":\"Loja\",\"item\":\"https:\\\/\\\/minasgramados.com.br\\\/Loja\\\/loja-modelo-03\\\/\"},{\"@type\":\"ListItem\",\"position\":3,\"name\":\"Terra Vegetal &#8211; De 5 a 7 M3 (BH e Regi\u00e3o)\"}]},{\"@type\":\"WebSite\",\"@id\":\"https:\\\/\\\/minasgramados.com.br\\\/Loja\\\/#website\",\"url\":\"https:\\\/\\\/minasgramados.com.br\\\/Loja\\\/\",\"name\":\"Minas Gramados - Paisagismo e Hidrossemeadura.\",\"description\":\"Distribuidora de Gramas adubos sementes em Betim e no Brasil.\",\"publisher\":{\"@id\":\"https:\\\/\\\/minasgramados.com.br\\\/Loja\\\/#organization\"},\"potentialAction\":[{\"@type\":\"SearchAction\",\"target\":{\"@type\":\"EntryPoint\",\"urlTemplate\":\"https:\\\/\\\/minasgramados.com.br\\\/Loja\\\/?s={search_term_string}\"},\"query-input\":{\"@type\":\"PropertyValueSpecification\",\"valueRequired\":true,\"valueName\":\"search_term_string\"}}],\"inLanguage\":\"pt-BR\"},{\"@type\":\"Organization\",\"@id\":\"https:\\\/\\\/minasgramados.com.br\\\/Loja\\\/#organization\",\"name\":\"Minas Gramados - Paisagismo e Hidrossemeadura.\",\"url\":\"https:\\\/\\\/minasgramados.com.br\\\/Loja\\\/\",\"logo\":{\"@type\":\"ImageObject\",\"inLanguage\":\"pt-BR\",\"@id\":\"https:\\\/\\\/minasgramados.com.br\\\/Loja\\\/#\\\/schema\\\/logo\\\/image\\\/\",\"url\":\"https:\\\/\\\/minasgramados.com.br\\\/Loja\\\/wp-content\\\/uploads\\\/2018\\\/06\\\/gramados-original-1.gif\",\"contentUrl\":\"https:\\\/\\\/minasgramados.com.br\\\/Loja\\\/wp-content\\\/uploads\\\/2018\\\/06\\\/gramados-original-1.gif\",\"width\":600,\"height\":300,\"caption\":\"Minas Gramados - Paisagismo e Hidrossemeadura.\"},\"image\":{\"@id\":\"https:\\\/\\\/minasgramados.com.br\\\/Loja\\\/#\\\/schema\\\/logo\\\/image\\\/\"}}]}<\/script>\n<!-- \/ Yoast SEO plugin. -->","yoast_head_json":{"title":"Terra Vegetal - De 5 a 7 M3 (BH e Regi\u00e3o) - Minas Gramados - Paisagismo e Hidrossemeadura.","robots":{"index":"index","follow":"follow","max-snippet":"max-snippet:-1","max-image-preview":"max-image-preview:large","max-video-preview":"max-video-preview:-1"},"canonical":"https:\/\/minasgramados.com.br\/Loja\/produto\/terra-vegetalcargas-de-5-ate-7-m3\/","twitter_card":"summary_large_image","twitter_title":"Terra Vegetal - De 5 a 7 M3 (BH e Regi\u00e3o) - Minas Gramados - Paisagismo e Hidrossemeadura.","twitter_description":"A Terra vegetal que fornecemos\u00a0 \u00e9 bem completa por ser pura e eficaz podendo ser misturada com fertilizantes org\u00e2nicos, agindo na recupera\u00e7\u00e3o e enriquecimento r\u00e1pido do solo, podendo ser usado para vasos, jardins, hortas, canteiros e outros. (Obs.): O Pre\u00e7o acima \u00e9 m\u00e9dio, para valor final depende da localidade de BH\u00a0 e Regi\u00e3o, Sempre temos terra para venda, por\u00e9m sua venda \u00e9 somente pelos nossos canais de atendimento e via ordem de compra).","twitter_image":"https:\/\/minasgramados.com.br\/Loja\/wp-content\/uploads\/2015\/05\/Terra-vegetal.jpg","twitter_misc":{"Est. tempo de leitura":"2 minutos"},"schema":{"@context":"https:\/\/schema.org","@graph":[{"@type":"WebPage","@id":"https:\/\/minasgramados.com.br\/Loja\/produto\/terra-vegetalcargas-de-5-ate-7-m3\/","url":"https:\/\/minasgramados.com.br\/Loja\/produto\/terra-vegetalcargas-de-5-ate-7-m3\/","name":"Terra Vegetal - De 5 a 7 M3 (BH e Regi\u00e3o) - Minas Gramados - Paisagismo e Hidrossemeadura.","isPartOf":{"@id":"https:\/\/minasgramados.com.br\/Loja\/#website"},"primaryImageOfPage":{"@id":"https:\/\/minasgramados.com.br\/Loja\/produto\/terra-vegetalcargas-de-5-ate-7-m3\/#primaryimage"},"image":{"@id":"https:\/\/minasgramados.com.br\/Loja\/produto\/terra-vegetalcargas-de-5-ate-7-m3\/#primaryimage"},"thumbnailUrl":"https:\/\/minasgramados.com.br\/Loja\/wp-content\/uploads\/2015\/05\/Terra-vegetal.jpg","datePublished":"2017-11-07T22:12:13+00:00","dateModified":"2023-09-12T18:50:24+00:00","breadcrumb":{"@id":"https:\/\/minasgramados.com.br\/Loja\/produto\/terra-vegetalcargas-de-5-ate-7-m3\/#breadcrumb"},"inLanguage":"pt-BR","potentialAction":[{"@type":"ReadAction","target":["https:\/\/minasgramados.com.br\/Loja\/produto\/terra-vegetalcargas-de-5-ate-7-m3\/"]}]},{"@type":"ImageObject","inLanguage":"pt-BR","@id":"https:\/\/minasgramados.com.br\/Loja\/produto\/terra-vegetalcargas-de-5-ate-7-m3\/#primaryimage","url":"https:\/\/minasgramados.com.br\/Loja\/wp-content\/uploads\/2015\/05\/Terra-vegetal.jpg","contentUrl":"https:\/\/minasgramados.com.br\/Loja\/wp-content\/uploads\/2015\/05\/Terra-vegetal.jpg","width":800,"height":581},{"@type":"BreadcrumbList","@id":"https:\/\/minasgramados.com.br\/Loja\/produto\/terra-vegetalcargas-de-5-ate-7-m3\/#breadcrumb","itemListElement":[{"@type":"ListItem","position":1,"name":"In\u00edcio","item":"https:\/\/minasgramados.com.br\/Loja\/"},{"@type":"ListItem","position":2,"name":"Loja","item":"https:\/\/minasgramados.com.br\/Loja\/loja-modelo-03\/"},{"@type":"ListItem","position":3,"name":"Terra Vegetal &#8211; De 5 a 7 M3 (BH e Regi\u00e3o)"}]},{"@type":"WebSite","@id":"https:\/\/minasgramados.com.br\/Loja\/#website","url":"https:\/\/minasgramados.com.br\/Loja\/","name":"Minas Gramados - Paisagismo e Hidrossemeadura.","description":"Distribuidora de Gramas adubos sementes em Betim e no Brasil.","publisher":{"@id":"https:\/\/minasgramados.com.br\/Loja\/#organization"},"potentialAction":[{"@type":"SearchAction","target":{"@type":"EntryPoint","urlTemplate":"https:\/\/minasgramados.com.br\/Loja\/?s={search_term_string}"},"query-input":{"@type":"PropertyValueSpecification","valueRequired":true,"valueName":"search_term_string"}}],"inLanguage":"pt-BR"},{"@type":"Organization","@id":"https:\/\/minasgramados.com.br\/Loja\/#organization","name":"Minas Gramados - Paisagismo e Hidrossemeadura.","url":"https:\/\/minasgramados.com.br\/Loja\/","logo":{"@type":"ImageObject","inLanguage":"pt-BR","@id":"https:\/\/minasgramados.com.br\/Loja\/#\/schema\/logo\/image\/","url":"https:\/\/minasgramados.com.br\/Loja\/wp-content\/uploads\/2018\/06\/gramados-original-1.gif","contentUrl":"https:\/\/minasgramados.com.br\/Loja\/wp-content\/uploads\/2018\/06\/gramados-original-1.gif","width":600,"height":300,"caption":"Minas Gramados - Paisagismo e Hidrossemeadura."},"image":{"@id":"https:\/\/minasgramados.com.br\/Loja\/#\/schema\/logo\/image\/"}}]}},"_links":{"self":[{"href":"https:\/\/minasgramados.com.br\/Loja\/wp-json\/wp\/v2\/product\/2068","targetHints":{"allow":["GET"]}}],"collection":[{"href":"https:\/\/minasgramados.com.br\/Loja\/wp-json\/wp\/v2\/product"}],"about":[{"href":"https:\/\/minasgramados.com.br\/Loja\/wp-json\/wp\/v2\/types\/product"}],"wp:featuredmedia":[{"embeddable":true,"href":"https:\/\/minasgramados.com.br\/Loja\/wp-json\/wp\/v2\/media\/2168"}],"wp:attachment":[{"href":"https:\/\/minasgramados.com.br\/Loja\/wp-json\/wp\/v2\/media?parent=2068"}],"wp:term":[{"taxonomy":"product_brand","embeddable":true,"href":"https:\/\/minasgramados.com.br\/Loja\/wp-json\/wp\/v2\/product_brand?post=2068"},{"taxonomy":"product_cat","embeddable":true,"href":"https:\/\/minasgramados.com.br\/Loja\/wp-json\/wp\/v2\/product_cat?post=2068"},{"taxonomy":"product_tag","embeddable":true,"href":"https:\/\/minasgramados.com.br\/Loja\/wp-json\/wp\/v2\/product_tag?post=2068"}],"curies":[{"name":"wp","href":"https:\/\/api.w.org\/{rel}","templated":true}]}}