{"id":2070,"date":"2017-04-14T22:45:35","date_gmt":"2017-04-15T01:45:35","guid":{"rendered":"http:\/\/minasgramados.com.br\/Loja\/?post_type=product&#038;p=2070"},"modified":"2023-09-12T16:28:06","modified_gmt":"2023-09-12T19:28:06","slug":"2070","status":"publish","type":"product","link":"https:\/\/minasgramados.com.br\/Loja\/produto\/2070\/","title":{"rendered":"Terra Vegetal Adubada 10 M3 (BH e Regi\u00e3o )"},"content":{"rendered":"<p style=\"text-align: justify;\"><strong>A Terra vegetal<\/strong>: Essa terra que fornecemos \u00e9 ideal para trabalhos de paisagismo, reformas, urbaniza\u00e7\u00e3o, revitaliza\u00e7\u00e3o e quaisquer outros, provenientes de jazidas localizadas em Betim e Grande BH, que atendem \u00e0s melhores especifica\u00e7\u00f5es do mercado, isentas de gram\u00edneas e impurezas. Somente fornecemos cargas fechadas, com o m\u00ednimo de fornecimento estipulado em 5(Cinco) M3 por caminh\u00e3o, podendo chegar at\u00e9 20(Vinte) M3, em fun\u00e7\u00e3o da umidade da terra vegetal no dia do fornecimento. Todas as nossas cargas de terra s\u00e3o medidas nas descargas nas obras, sendo apurados os volumes entregues conferidos em conjunto pelos compradores, para emiss\u00e3o das faturas correspondentes.<\/p>\n<p><strong>Indica\u00e7\u00e3o:<\/strong> Ela \u00e9 INDICADA para todos os tipos de culturas com \u00f3timos resultados e com EXCELENTE PRE\u00c7O, al\u00e9m de um ser um produto natural, quase org\u00e2nico, Fornecemos ao PEQUENO\/M\u00c9DIO E GRANDE PRODUTOR.<\/p>\n<p><strong>Obs<\/strong>: Informamos que caso for colocar a terra vegetal sobre a grama rec\u00e9m plantada ou para manuten\u00e7\u00e3o de gramados; usar-se 80% da terra Adubada e 20% de areia lavada m\u00e9dia para aduba\u00e7\u00e3o e nivelamento final do gramado.<\/p>\n<p><strong>Qualidade:<\/strong> A Nossa terra \u00e9 bem completa por ser pura e eficaz podendo ser misturada com fertilizantes org\u00e2nicos, agindo na recupera\u00e7\u00e3o e enriquecimento r\u00e1pido do solo, podendo ser aplicado de imediato e diretamente em contato com as ra\u00edzes das plantas e sua manuten\u00e7\u00e3o, usada para vasos, jardins, hortas, canteiros e outros.<\/p>\n<p><strong>Obs:<\/strong> Por ser uma terra pura limpa, garantimos sua efic\u00e1cia por ser a verdadeira terra vegetal, e n\u00e3o \u00e9 terra de barranco como concorrentes vendem como a tal, podendo ser empregada em suas planta\u00e7\u00f5es, pelo contr\u00e1rio, quanto mais dela for colocada com mistura de outros adubos, mais produtiva e f\u00e9rtil a terra se tornar\u00e1.<\/p>\n<p style=\"text-align: justify;\"><strong>*ATEN\u00c7\u00c3O<\/strong>: Venda min\u00edma de 01 caminh\u00e3o com 10 M\u00b3 de Terra Vegetal Adubada\u00a0 j\u00e1 com o frete para BH e para envio para outras cidades consulte nosso SAC e tire suas duvidas .<\/p>\n","protected":false},"excerpt":{"rendered":"<p style=\"text-align: left;\">A Terra vegetal Adubada que fornecemos\u00a0 \u00e9 bem completa por ser pura e eficaz podendo ser misturada com fertilizantes minerais, agindo na recupera\u00e7\u00e3o e enriquecimento r\u00e1pido do solo, podendo ser usado para vasos, jardins, hortas, canteiros e outros. Valor acima \u00e9 de um caminh\u00e3o com 10m\u00b3. <span style=\"color: #ff0000;\">(Obs.): O Pre\u00e7o acima \u00e9 m\u00e9dio, para valor final depende da localidade de BH e Regi\u00e3o, Sempre temos terra para venda, por\u00e9m sua venda \u00e9 somente pelos nossos canais de atendimento e via ordem de compra).<\/span><\/p>\n","protected":false},"featured_media":2172,"template":"","meta":{"_joinchat":[]},"product_brand":[],"product_cat":[11,15],"product_tag":[],"class_list":{"0":"post-2070","1":"product","2":"type-product","3":"status-publish","4":"has-post-thumbnail","6":"product_cat-adubos-e-substratos","7":"product_cat-jardinagem","8":"entry","9":"has-media","11":"first","12":"outofstock","13":"sale","14":"shipping-taxable","15":"purchasable","16":"product-type-simple","17":"col","18":"wpex-woo-entry","19":"span_1_of_4"},"yoast_head":"<!-- This site is optimized with the Yoast SEO plugin v27.3 - https:\/\/yoast.com\/product\/yoast-seo-wordpress\/ -->\n<title>Terra Vegetal Adubada - 10M3 - Minas Gramados - Terra Vegetal BH<\/title>\n<meta name=\"description\" content=\"Terra vegetal que fornecemos \u00e9 para trabalhos de paisagismo, reformas, revitaliza\u00e7\u00e3o e quaisquer outros, provenientes de jazidas.\" \/>\n<meta name=\"robots\" content=\"index, follow, max-snippet:-1, max-image-preview:large, max-video-preview:-1\" \/>\n<link rel=\"canonical\" href=\"https:\/\/minasgramados.com.br\/Loja\/produto\/2070\/\" \/>\n<meta name=\"twitter:card\" content=\"summary_large_image\" \/>\n<meta name=\"twitter:title\" content=\"Terra Vegetal Adubada - 10M3 - Minas Gramados - Terra Vegetal BH\" \/>\n<meta name=\"twitter:description\" content=\"Terra vegetal que fornecemos \u00e9 para trabalhos de paisagismo, reformas, revitaliza\u00e7\u00e3o e quaisquer outros, provenientes de jazidas.\" \/>\n<meta name=\"twitter:image\" content=\"https:\/\/minasgramados.com.br\/Loja\/wp-content\/uploads\/2017\/04\/terra-preta-adubada-2.jpg\" \/>\n<meta name=\"twitter:label1\" content=\"Est. tempo de leitura\" \/>\n\t<meta name=\"twitter:data1\" content=\"2 minutos\" \/>\n<script type=\"application\/ld+json\" class=\"yoast-schema-graph\">{\"@context\":\"https:\\\/\\\/schema.org\",\"@graph\":[{\"@type\":\"WebPage\",\"@id\":\"https:\\\/\\\/minasgramados.com.br\\\/Loja\\\/produto\\\/2070\\\/\",\"url\":\"https:\\\/\\\/minasgramados.com.br\\\/Loja\\\/produto\\\/2070\\\/\",\"name\":\"Terra Vegetal Adubada - 10M3 - Minas Gramados - Terra Vegetal BH\",\"isPartOf\":{\"@id\":\"https:\\\/\\\/minasgramados.com.br\\\/Loja\\\/#website\"},\"primaryImageOfPage\":{\"@id\":\"https:\\\/\\\/minasgramados.com.br\\\/Loja\\\/produto\\\/2070\\\/#primaryimage\"},\"image\":{\"@id\":\"https:\\\/\\\/minasgramados.com.br\\\/Loja\\\/produto\\\/2070\\\/#primaryimage\"},\"thumbnailUrl\":\"https:\\\/\\\/minasgramados.com.br\\\/Loja\\\/wp-content\\\/uploads\\\/2017\\\/04\\\/terra-preta-adubada-2.jpg\",\"datePublished\":\"2017-04-15T01:45:35+00:00\",\"dateModified\":\"2023-09-12T19:28:06+00:00\",\"description\":\"Terra vegetal que fornecemos \u00e9 para trabalhos de paisagismo, reformas, revitaliza\u00e7\u00e3o e quaisquer outros, provenientes de jazidas.\",\"breadcrumb\":{\"@id\":\"https:\\\/\\\/minasgramados.com.br\\\/Loja\\\/produto\\\/2070\\\/#breadcrumb\"},\"inLanguage\":\"pt-BR\",\"potentialAction\":[{\"@type\":\"ReadAction\",\"target\":[\"https:\\\/\\\/minasgramados.com.br\\\/Loja\\\/produto\\\/2070\\\/\"]}]},{\"@type\":\"ImageObject\",\"inLanguage\":\"pt-BR\",\"@id\":\"https:\\\/\\\/minasgramados.com.br\\\/Loja\\\/produto\\\/2070\\\/#primaryimage\",\"url\":\"https:\\\/\\\/minasgramados.com.br\\\/Loja\\\/wp-content\\\/uploads\\\/2017\\\/04\\\/terra-preta-adubada-2.jpg\",\"contentUrl\":\"https:\\\/\\\/minasgramados.com.br\\\/Loja\\\/wp-content\\\/uploads\\\/2017\\\/04\\\/terra-preta-adubada-2.jpg\",\"width\":1024,\"height\":643},{\"@type\":\"BreadcrumbList\",\"@id\":\"https:\\\/\\\/minasgramados.com.br\\\/Loja\\\/produto\\\/2070\\\/#breadcrumb\",\"itemListElement\":[{\"@type\":\"ListItem\",\"position\":1,\"name\":\"In\u00edcio\",\"item\":\"https:\\\/\\\/minasgramados.com.br\\\/Loja\\\/\"},{\"@type\":\"ListItem\",\"position\":2,\"name\":\"Loja\",\"item\":\"https:\\\/\\\/minasgramados.com.br\\\/Loja\\\/loja-modelo-03\\\/\"},{\"@type\":\"ListItem\",\"position\":3,\"name\":\"Terra Vegetal Adubada 10 M3 (BH e Regi\u00e3o )\"}]},{\"@type\":\"WebSite\",\"@id\":\"https:\\\/\\\/minasgramados.com.br\\\/Loja\\\/#website\",\"url\":\"https:\\\/\\\/minasgramados.com.br\\\/Loja\\\/\",\"name\":\"Minas Gramados - Paisagismo e Hidrossemeadura.\",\"description\":\"Distribuidora de Gramas adubos sementes em Betim e no Brasil.\",\"publisher\":{\"@id\":\"https:\\\/\\\/minasgramados.com.br\\\/Loja\\\/#organization\"},\"potentialAction\":[{\"@type\":\"SearchAction\",\"target\":{\"@type\":\"EntryPoint\",\"urlTemplate\":\"https:\\\/\\\/minasgramados.com.br\\\/Loja\\\/?s={search_term_string}\"},\"query-input\":{\"@type\":\"PropertyValueSpecification\",\"valueRequired\":true,\"valueName\":\"search_term_string\"}}],\"inLanguage\":\"pt-BR\"},{\"@type\":\"Organization\",\"@id\":\"https:\\\/\\\/minasgramados.com.br\\\/Loja\\\/#organization\",\"name\":\"Minas Gramados - Paisagismo e Hidrossemeadura.\",\"url\":\"https:\\\/\\\/minasgramados.com.br\\\/Loja\\\/\",\"logo\":{\"@type\":\"ImageObject\",\"inLanguage\":\"pt-BR\",\"@id\":\"https:\\\/\\\/minasgramados.com.br\\\/Loja\\\/#\\\/schema\\\/logo\\\/image\\\/\",\"url\":\"https:\\\/\\\/minasgramados.com.br\\\/Loja\\\/wp-content\\\/uploads\\\/2018\\\/06\\\/gramados-original-1.gif\",\"contentUrl\":\"https:\\\/\\\/minasgramados.com.br\\\/Loja\\\/wp-content\\\/uploads\\\/2018\\\/06\\\/gramados-original-1.gif\",\"width\":600,\"height\":300,\"caption\":\"Minas Gramados - Paisagismo e Hidrossemeadura.\"},\"image\":{\"@id\":\"https:\\\/\\\/minasgramados.com.br\\\/Loja\\\/#\\\/schema\\\/logo\\\/image\\\/\"}}]}<\/script>\n<!-- \/ Yoast SEO plugin. -->","yoast_head_json":{"title":"Terra Vegetal Adubada - 10M3 - Minas Gramados - Terra Vegetal BH","description":"Terra vegetal que fornecemos \u00e9 para trabalhos de paisagismo, reformas, revitaliza\u00e7\u00e3o e quaisquer outros, provenientes de jazidas.","robots":{"index":"index","follow":"follow","max-snippet":"max-snippet:-1","max-image-preview":"max-image-preview:large","max-video-preview":"max-video-preview:-1"},"canonical":"https:\/\/minasgramados.com.br\/Loja\/produto\/2070\/","twitter_card":"summary_large_image","twitter_title":"Terra Vegetal Adubada - 10M3 - Minas Gramados - Terra Vegetal BH","twitter_description":"Terra vegetal que fornecemos \u00e9 para trabalhos de paisagismo, reformas, revitaliza\u00e7\u00e3o e quaisquer outros, provenientes de jazidas.","twitter_image":"https:\/\/minasgramados.com.br\/Loja\/wp-content\/uploads\/2017\/04\/terra-preta-adubada-2.jpg","twitter_misc":{"Est. tempo de leitura":"2 minutos"},"schema":{"@context":"https:\/\/schema.org","@graph":[{"@type":"WebPage","@id":"https:\/\/minasgramados.com.br\/Loja\/produto\/2070\/","url":"https:\/\/minasgramados.com.br\/Loja\/produto\/2070\/","name":"Terra Vegetal Adubada - 10M3 - Minas Gramados - Terra Vegetal BH","isPartOf":{"@id":"https:\/\/minasgramados.com.br\/Loja\/#website"},"primaryImageOfPage":{"@id":"https:\/\/minasgramados.com.br\/Loja\/produto\/2070\/#primaryimage"},"image":{"@id":"https:\/\/minasgramados.com.br\/Loja\/produto\/2070\/#primaryimage"},"thumbnailUrl":"https:\/\/minasgramados.com.br\/Loja\/wp-content\/uploads\/2017\/04\/terra-preta-adubada-2.jpg","datePublished":"2017-04-15T01:45:35+00:00","dateModified":"2023-09-12T19:28:06+00:00","description":"Terra vegetal que fornecemos \u00e9 para trabalhos de paisagismo, reformas, revitaliza\u00e7\u00e3o e quaisquer outros, provenientes de jazidas.","breadcrumb":{"@id":"https:\/\/minasgramados.com.br\/Loja\/produto\/2070\/#breadcrumb"},"inLanguage":"pt-BR","potentialAction":[{"@type":"ReadAction","target":["https:\/\/minasgramados.com.br\/Loja\/produto\/2070\/"]}]},{"@type":"ImageObject","inLanguage":"pt-BR","@id":"https:\/\/minasgramados.com.br\/Loja\/produto\/2070\/#primaryimage","url":"https:\/\/minasgramados.com.br\/Loja\/wp-content\/uploads\/2017\/04\/terra-preta-adubada-2.jpg","contentUrl":"https:\/\/minasgramados.com.br\/Loja\/wp-content\/uploads\/2017\/04\/terra-preta-adubada-2.jpg","width":1024,"height":643},{"@type":"BreadcrumbList","@id":"https:\/\/minasgramados.com.br\/Loja\/produto\/2070\/#breadcrumb","itemListElement":[{"@type":"ListItem","position":1,"name":"In\u00edcio","item":"https:\/\/minasgramados.com.br\/Loja\/"},{"@type":"ListItem","position":2,"name":"Loja","item":"https:\/\/minasgramados.com.br\/Loja\/loja-modelo-03\/"},{"@type":"ListItem","position":3,"name":"Terra Vegetal Adubada 10 M3 (BH e Regi\u00e3o )"}]},{"@type":"WebSite","@id":"https:\/\/minasgramados.com.br\/Loja\/#website","url":"https:\/\/minasgramados.com.br\/Loja\/","name":"Minas Gramados - Paisagismo e Hidrossemeadura.","description":"Distribuidora de Gramas adubos sementes em Betim e no Brasil.","publisher":{"@id":"https:\/\/minasgramados.com.br\/Loja\/#organization"},"potentialAction":[{"@type":"SearchAction","target":{"@type":"EntryPoint","urlTemplate":"https:\/\/minasgramados.com.br\/Loja\/?s={search_term_string}"},"query-input":{"@type":"PropertyValueSpecification","valueRequired":true,"valueName":"search_term_string"}}],"inLanguage":"pt-BR"},{"@type":"Organization","@id":"https:\/\/minasgramados.com.br\/Loja\/#organization","name":"Minas Gramados - Paisagismo e Hidrossemeadura.","url":"https:\/\/minasgramados.com.br\/Loja\/","logo":{"@type":"ImageObject","inLanguage":"pt-BR","@id":"https:\/\/minasgramados.com.br\/Loja\/#\/schema\/logo\/image\/","url":"https:\/\/minasgramados.com.br\/Loja\/wp-content\/uploads\/2018\/06\/gramados-original-1.gif","contentUrl":"https:\/\/minasgramados.com.br\/Loja\/wp-content\/uploads\/2018\/06\/gramados-original-1.gif","width":600,"height":300,"caption":"Minas Gramados - Paisagismo e Hidrossemeadura."},"image":{"@id":"https:\/\/minasgramados.com.br\/Loja\/#\/schema\/logo\/image\/"}}]}},"_links":{"self":[{"href":"https:\/\/minasgramados.com.br\/Loja\/wp-json\/wp\/v2\/product\/2070","targetHints":{"allow":["GET"]}}],"collection":[{"href":"https:\/\/minasgramados.com.br\/Loja\/wp-json\/wp\/v2\/product"}],"about":[{"href":"https:\/\/minasgramados.com.br\/Loja\/wp-json\/wp\/v2\/types\/product"}],"wp:featuredmedia":[{"embeddable":true,"href":"https:\/\/minasgramados.com.br\/Loja\/wp-json\/wp\/v2\/media\/2172"}],"wp:attachment":[{"href":"https:\/\/minasgramados.com.br\/Loja\/wp-json\/wp\/v2\/media?parent=2070"}],"wp:term":[{"taxonomy":"product_brand","embeddable":true,"href":"https:\/\/minasgramados.com.br\/Loja\/wp-json\/wp\/v2\/product_brand?post=2070"},{"taxonomy":"product_cat","embeddable":true,"href":"https:\/\/minasgramados.com.br\/Loja\/wp-json\/wp\/v2\/product_cat?post=2070"},{"taxonomy":"product_tag","embeddable":true,"href":"https:\/\/minasgramados.com.br\/Loja\/wp-json\/wp\/v2\/product_tag?post=2070"}],"curies":[{"name":"wp","href":"https:\/\/api.w.org\/{rel}","templated":true}]}}