{"id":2073,"date":"2017-04-16T19:57:41","date_gmt":"2017-04-16T22:57:41","guid":{"rendered":"http:\/\/minasgramados.com.br\/Loja\/?post_type=product&#038;p=2073"},"modified":"2018-05-17T13:35:48","modified_gmt":"2018-05-17T16:35:48","slug":"vaso-auto-irrigaveltamanho-4","status":"publish","type":"product","link":"https:\/\/minasgramados.com.br\/Loja\/produto\/vaso-auto-irrigaveltamanho-4\/","title":{"rendered":"Vaso Auto Irrig\u00e1vel N\u00b04"},"content":{"rendered":"<p style=\"text-align: justify;\">Umidifica sua planta por muito mais tempo,dispensa o uso de pratinhos al\u00e9m de proteger o seu lar contra a prolifera\u00e7\u00e3o do mosquito da dengue, o reservat\u00f3rio do vaso n\u00e3o gera sujeiras indesej\u00e1veis,podendo ser utilizado dentro ou fora de casa, e tamb\u00e9m suspenso.O vaso possui um sistema de auto irriga\u00e7\u00e3o, por meio de indu\u00e7\u00e3o uma raiz artificial leva a umidade necess\u00e1ria para a planta, assim mantendo por at\u00e9 15 dias toda a \u00e1gua necess\u00e1ria para a planta sobreviver. O vaso tamb\u00e9m possui um sistema de drenagem de \u00e1gua, em caso de irriga\u00e7\u00e3o direta no substrato, \u00e1gua automaticamente cai no reservat\u00f3rio de \u00e1gua.O reservat\u00f3rio de \u00e1gua substitui o tradicional pratinho, ele \u00e9 completamente vedado n\u00e3o expondo a \u00e1gua ao ambiente. O mesmo pode ser carregado de \u00e1gua por meio de um cano disposto no vaso, com isso voc\u00ea pode ficar tranquilo que o vaso levar\u00e1 toda \u00e1gua necess\u00e1ria para a planta durante v\u00e1rios dias.<\/p>\n<p style=\"text-align: justify;\">VASO AUTO IRRIG\u00c1VEL &#8211; RAIZ<\/p>\n<p style=\"text-align: justify;\">MATERIAL PARA USAR PARA NO PLANTIO DA PLANTAS:USAR SUBSTRATO NA QUANTIDADE PROPORCIONAL DO VASO!<\/p>\n<p style=\"text-align: justify;\">VASO COM PROTE\u00c7\u00c3O UV.<\/p>\n<p style=\"text-align: justify;\">Altura 19cm | Largura 21,7cm<\/p>\n<p style=\"text-align: justify;\">*ATEN\u00c7\u00c3O: Venda min\u00edma de 05 Vasos desse,j\u00e1 com o frete conforme compra realizada na loja,com entrega para BH e regi\u00e3o e para envio para outras cidade somente por correios ou retirada direto em nossa loja. OBS: Antes de comprar aqui em nossa loja consulte nosso SAC a disponibilidade de estoque e tire suas d\u00favidas.<\/p>\n","protected":false},"excerpt":{"rendered":"<p style=\"text-align: justify;\">Vaso Auto Irrigav\u00e9l (Tamanho 4): Umidifica sua planta por muito mais tempo,dispensa o uso de pratinhos al\u00e9m de proteger o seu lar contra a prolifera\u00e7\u00e3o do mosquito da dengue, o reservat\u00f3rio do vaso n\u00e3o gera sujeiras indesej\u00e1veis, podendo ser utilizado dentro ou fora de casa.\u00a0*ATEN\u00c7\u00c3O: Venda min\u00edma de 05 Vasos desse,j\u00e1 com o frete conforme compra realizada na loja,com entrega para BH e regi\u00e3o e para envio para outras cidade somente por correios ou retirada direto em nossa loja. <span style=\"color: #ff0000;\">OBS: Antes de comprar aqui em nossa loja consulte nosso SAC a disponibilidade do estoque e tire suas d\u00favidas.<\/span><\/p>\n","protected":false},"featured_media":2075,"template":"","meta":{"_joinchat":[]},"product_brand":[],"product_cat":[16,35],"product_tag":[],"class_list":{"0":"post-2073","1":"product","2":"type-product","3":"status-publish","4":"has-post-thumbnail","6":"product_cat-floricultura","7":"product_cat-vasos-e-cachepots","8":"entry","9":"has-media","11":"first","12":"outofstock","13":"sale","14":"shipping-taxable","15":"purchasable","16":"product-type-simple","17":"col","18":"wpex-woo-entry","19":"span_1_of_4"},"yoast_head":"<!-- This site is optimized with the Yoast SEO plugin v27.3 - https:\/\/yoast.com\/product\/yoast-seo-wordpress\/ -->\n<title>Vaso Auto Irrig\u00e1vel N\u00b04 - Minas Gramados - Vaso Auto irrig\u00e1vel BH<\/title>\n<meta name=\"description\" content=\"Vaso Auto Irrig\u00e1vel n\u00ba 4: Umidifica sua planta por muito tempo,dispensa o uso de pratinhos e proteger o seu lar contra a prolifera\u00e7\u00e3o do mosquito da dengue\" \/>\n<meta name=\"robots\" content=\"index, follow, max-snippet:-1, max-image-preview:large, max-video-preview:-1\" \/>\n<link rel=\"canonical\" href=\"https:\/\/minasgramados.com.br\/Loja\/produto\/vaso-auto-irrigaveltamanho-4\/\" \/>\n<meta name=\"twitter:card\" content=\"summary_large_image\" \/>\n<meta name=\"twitter:title\" content=\"Vaso Auto Irrig\u00e1vel N\u00b04 - Minas Gramados - Vaso Auto irrig\u00e1vel BH\" \/>\n<meta name=\"twitter:description\" content=\"Vaso Auto Irrig\u00e1vel n\u00ba 4: Umidifica sua planta por muito tempo,dispensa o uso de pratinhos e proteger o seu lar contra a prolifera\u00e7\u00e3o do mosquito da dengue\" \/>\n<meta name=\"twitter:image\" content=\"https:\/\/minasgramados.com.br\/Loja\/wp-content\/uploads\/2017\/04\/Vaso-Autoirrigavel-descri\u00e7\u00e3o-4.jpeg\" \/>\n<meta name=\"twitter:label1\" content=\"Est. tempo de leitura\" \/>\n\t<meta name=\"twitter:data1\" content=\"1 minuto\" \/>\n<script type=\"application\/ld+json\" class=\"yoast-schema-graph\">{\"@context\":\"https:\\\/\\\/schema.org\",\"@graph\":[{\"@type\":\"WebPage\",\"@id\":\"https:\\\/\\\/minasgramados.com.br\\\/Loja\\\/produto\\\/vaso-auto-irrigaveltamanho-4\\\/\",\"url\":\"https:\\\/\\\/minasgramados.com.br\\\/Loja\\\/produto\\\/vaso-auto-irrigaveltamanho-4\\\/\",\"name\":\"Vaso Auto Irrig\u00e1vel N\u00b04 - Minas Gramados - Vaso Auto irrig\u00e1vel BH\",\"isPartOf\":{\"@id\":\"https:\\\/\\\/minasgramados.com.br\\\/Loja\\\/#website\"},\"primaryImageOfPage\":{\"@id\":\"https:\\\/\\\/minasgramados.com.br\\\/Loja\\\/produto\\\/vaso-auto-irrigaveltamanho-4\\\/#primaryimage\"},\"image\":{\"@id\":\"https:\\\/\\\/minasgramados.com.br\\\/Loja\\\/produto\\\/vaso-auto-irrigaveltamanho-4\\\/#primaryimage\"},\"thumbnailUrl\":\"https:\\\/\\\/minasgramados.com.br\\\/Loja\\\/wp-content\\\/uploads\\\/2017\\\/04\\\/Vaso-Autoirrigavel-descri\u00e7\u00e3o-4.jpeg\",\"datePublished\":\"2017-04-16T22:57:41+00:00\",\"dateModified\":\"2018-05-17T16:35:48+00:00\",\"description\":\"Vaso Auto Irrig\u00e1vel n\u00ba 4: Umidifica sua planta por muito tempo,dispensa o uso de pratinhos e proteger o seu lar contra a prolifera\u00e7\u00e3o do mosquito da dengue\",\"breadcrumb\":{\"@id\":\"https:\\\/\\\/minasgramados.com.br\\\/Loja\\\/produto\\\/vaso-auto-irrigaveltamanho-4\\\/#breadcrumb\"},\"inLanguage\":\"pt-BR\",\"potentialAction\":[{\"@type\":\"ReadAction\",\"target\":[\"https:\\\/\\\/minasgramados.com.br\\\/Loja\\\/produto\\\/vaso-auto-irrigaveltamanho-4\\\/\"]}]},{\"@type\":\"ImageObject\",\"inLanguage\":\"pt-BR\",\"@id\":\"https:\\\/\\\/minasgramados.com.br\\\/Loja\\\/produto\\\/vaso-auto-irrigaveltamanho-4\\\/#primaryimage\",\"url\":\"https:\\\/\\\/minasgramados.com.br\\\/Loja\\\/wp-content\\\/uploads\\\/2017\\\/04\\\/Vaso-Autoirrigavel-descri\u00e7\u00e3o-4.jpeg\",\"contentUrl\":\"https:\\\/\\\/minasgramados.com.br\\\/Loja\\\/wp-content\\\/uploads\\\/2017\\\/04\\\/Vaso-Autoirrigavel-descri\u00e7\u00e3o-4.jpeg\",\"width\":746,\"height\":547},{\"@type\":\"BreadcrumbList\",\"@id\":\"https:\\\/\\\/minasgramados.com.br\\\/Loja\\\/produto\\\/vaso-auto-irrigaveltamanho-4\\\/#breadcrumb\",\"itemListElement\":[{\"@type\":\"ListItem\",\"position\":1,\"name\":\"In\u00edcio\",\"item\":\"https:\\\/\\\/minasgramados.com.br\\\/Loja\\\/\"},{\"@type\":\"ListItem\",\"position\":2,\"name\":\"Loja\",\"item\":\"https:\\\/\\\/minasgramados.com.br\\\/Loja\\\/loja-modelo-03\\\/\"},{\"@type\":\"ListItem\",\"position\":3,\"name\":\"Vaso Auto Irrig\u00e1vel N\u00b04\"}]},{\"@type\":\"WebSite\",\"@id\":\"https:\\\/\\\/minasgramados.com.br\\\/Loja\\\/#website\",\"url\":\"https:\\\/\\\/minasgramados.com.br\\\/Loja\\\/\",\"name\":\"Minas Gramados - Paisagismo e Hidrossemeadura.\",\"description\":\"Distribuidora de Gramas adubos sementes em Betim e no Brasil.\",\"publisher\":{\"@id\":\"https:\\\/\\\/minasgramados.com.br\\\/Loja\\\/#organization\"},\"potentialAction\":[{\"@type\":\"SearchAction\",\"target\":{\"@type\":\"EntryPoint\",\"urlTemplate\":\"https:\\\/\\\/minasgramados.com.br\\\/Loja\\\/?s={search_term_string}\"},\"query-input\":{\"@type\":\"PropertyValueSpecification\",\"valueRequired\":true,\"valueName\":\"search_term_string\"}}],\"inLanguage\":\"pt-BR\"},{\"@type\":\"Organization\",\"@id\":\"https:\\\/\\\/minasgramados.com.br\\\/Loja\\\/#organization\",\"name\":\"Minas Gramados - Paisagismo e Hidrossemeadura.\",\"url\":\"https:\\\/\\\/minasgramados.com.br\\\/Loja\\\/\",\"logo\":{\"@type\":\"ImageObject\",\"inLanguage\":\"pt-BR\",\"@id\":\"https:\\\/\\\/minasgramados.com.br\\\/Loja\\\/#\\\/schema\\\/logo\\\/image\\\/\",\"url\":\"https:\\\/\\\/minasgramados.com.br\\\/Loja\\\/wp-content\\\/uploads\\\/2018\\\/06\\\/gramados-original-1.gif\",\"contentUrl\":\"https:\\\/\\\/minasgramados.com.br\\\/Loja\\\/wp-content\\\/uploads\\\/2018\\\/06\\\/gramados-original-1.gif\",\"width\":600,\"height\":300,\"caption\":\"Minas Gramados - Paisagismo e Hidrossemeadura.\"},\"image\":{\"@id\":\"https:\\\/\\\/minasgramados.com.br\\\/Loja\\\/#\\\/schema\\\/logo\\\/image\\\/\"}}]}<\/script>\n<!-- \/ Yoast SEO plugin. -->","yoast_head_json":{"title":"Vaso Auto Irrig\u00e1vel N\u00b04 - Minas Gramados - Vaso Auto irrig\u00e1vel BH","description":"Vaso Auto Irrig\u00e1vel n\u00ba 4: Umidifica sua planta por muito tempo,dispensa o uso de pratinhos e proteger o seu lar contra a prolifera\u00e7\u00e3o do mosquito da dengue","robots":{"index":"index","follow":"follow","max-snippet":"max-snippet:-1","max-image-preview":"max-image-preview:large","max-video-preview":"max-video-preview:-1"},"canonical":"https:\/\/minasgramados.com.br\/Loja\/produto\/vaso-auto-irrigaveltamanho-4\/","twitter_card":"summary_large_image","twitter_title":"Vaso Auto Irrig\u00e1vel N\u00b04 - Minas Gramados - Vaso Auto irrig\u00e1vel BH","twitter_description":"Vaso Auto Irrig\u00e1vel n\u00ba 4: Umidifica sua planta por muito tempo,dispensa o uso de pratinhos e proteger o seu lar contra a prolifera\u00e7\u00e3o do mosquito da dengue","twitter_image":"https:\/\/minasgramados.com.br\/Loja\/wp-content\/uploads\/2017\/04\/Vaso-Autoirrigavel-descri\u00e7\u00e3o-4.jpeg","twitter_misc":{"Est. tempo de leitura":"1 minuto"},"schema":{"@context":"https:\/\/schema.org","@graph":[{"@type":"WebPage","@id":"https:\/\/minasgramados.com.br\/Loja\/produto\/vaso-auto-irrigaveltamanho-4\/","url":"https:\/\/minasgramados.com.br\/Loja\/produto\/vaso-auto-irrigaveltamanho-4\/","name":"Vaso Auto Irrig\u00e1vel N\u00b04 - Minas Gramados - Vaso Auto irrig\u00e1vel BH","isPartOf":{"@id":"https:\/\/minasgramados.com.br\/Loja\/#website"},"primaryImageOfPage":{"@id":"https:\/\/minasgramados.com.br\/Loja\/produto\/vaso-auto-irrigaveltamanho-4\/#primaryimage"},"image":{"@id":"https:\/\/minasgramados.com.br\/Loja\/produto\/vaso-auto-irrigaveltamanho-4\/#primaryimage"},"thumbnailUrl":"https:\/\/minasgramados.com.br\/Loja\/wp-content\/uploads\/2017\/04\/Vaso-Autoirrigavel-descri\u00e7\u00e3o-4.jpeg","datePublished":"2017-04-16T22:57:41+00:00","dateModified":"2018-05-17T16:35:48+00:00","description":"Vaso Auto Irrig\u00e1vel n\u00ba 4: Umidifica sua planta por muito tempo,dispensa o uso de pratinhos e proteger o seu lar contra a prolifera\u00e7\u00e3o do mosquito da dengue","breadcrumb":{"@id":"https:\/\/minasgramados.com.br\/Loja\/produto\/vaso-auto-irrigaveltamanho-4\/#breadcrumb"},"inLanguage":"pt-BR","potentialAction":[{"@type":"ReadAction","target":["https:\/\/minasgramados.com.br\/Loja\/produto\/vaso-auto-irrigaveltamanho-4\/"]}]},{"@type":"ImageObject","inLanguage":"pt-BR","@id":"https:\/\/minasgramados.com.br\/Loja\/produto\/vaso-auto-irrigaveltamanho-4\/#primaryimage","url":"https:\/\/minasgramados.com.br\/Loja\/wp-content\/uploads\/2017\/04\/Vaso-Autoirrigavel-descri\u00e7\u00e3o-4.jpeg","contentUrl":"https:\/\/minasgramados.com.br\/Loja\/wp-content\/uploads\/2017\/04\/Vaso-Autoirrigavel-descri\u00e7\u00e3o-4.jpeg","width":746,"height":547},{"@type":"BreadcrumbList","@id":"https:\/\/minasgramados.com.br\/Loja\/produto\/vaso-auto-irrigaveltamanho-4\/#breadcrumb","itemListElement":[{"@type":"ListItem","position":1,"name":"In\u00edcio","item":"https:\/\/minasgramados.com.br\/Loja\/"},{"@type":"ListItem","position":2,"name":"Loja","item":"https:\/\/minasgramados.com.br\/Loja\/loja-modelo-03\/"},{"@type":"ListItem","position":3,"name":"Vaso Auto Irrig\u00e1vel N\u00b04"}]},{"@type":"WebSite","@id":"https:\/\/minasgramados.com.br\/Loja\/#website","url":"https:\/\/minasgramados.com.br\/Loja\/","name":"Minas Gramados - Paisagismo e Hidrossemeadura.","description":"Distribuidora de Gramas adubos sementes em Betim e no Brasil.","publisher":{"@id":"https:\/\/minasgramados.com.br\/Loja\/#organization"},"potentialAction":[{"@type":"SearchAction","target":{"@type":"EntryPoint","urlTemplate":"https:\/\/minasgramados.com.br\/Loja\/?s={search_term_string}"},"query-input":{"@type":"PropertyValueSpecification","valueRequired":true,"valueName":"search_term_string"}}],"inLanguage":"pt-BR"},{"@type":"Organization","@id":"https:\/\/minasgramados.com.br\/Loja\/#organization","name":"Minas Gramados - Paisagismo e Hidrossemeadura.","url":"https:\/\/minasgramados.com.br\/Loja\/","logo":{"@type":"ImageObject","inLanguage":"pt-BR","@id":"https:\/\/minasgramados.com.br\/Loja\/#\/schema\/logo\/image\/","url":"https:\/\/minasgramados.com.br\/Loja\/wp-content\/uploads\/2018\/06\/gramados-original-1.gif","contentUrl":"https:\/\/minasgramados.com.br\/Loja\/wp-content\/uploads\/2018\/06\/gramados-original-1.gif","width":600,"height":300,"caption":"Minas Gramados - Paisagismo e Hidrossemeadura."},"image":{"@id":"https:\/\/minasgramados.com.br\/Loja\/#\/schema\/logo\/image\/"}}]}},"_links":{"self":[{"href":"https:\/\/minasgramados.com.br\/Loja\/wp-json\/wp\/v2\/product\/2073","targetHints":{"allow":["GET"]}}],"collection":[{"href":"https:\/\/minasgramados.com.br\/Loja\/wp-json\/wp\/v2\/product"}],"about":[{"href":"https:\/\/minasgramados.com.br\/Loja\/wp-json\/wp\/v2\/types\/product"}],"wp:featuredmedia":[{"embeddable":true,"href":"https:\/\/minasgramados.com.br\/Loja\/wp-json\/wp\/v2\/media\/2075"}],"wp:attachment":[{"href":"https:\/\/minasgramados.com.br\/Loja\/wp-json\/wp\/v2\/media?parent=2073"}],"wp:term":[{"taxonomy":"product_brand","embeddable":true,"href":"https:\/\/minasgramados.com.br\/Loja\/wp-json\/wp\/v2\/product_brand?post=2073"},{"taxonomy":"product_cat","embeddable":true,"href":"https:\/\/minasgramados.com.br\/Loja\/wp-json\/wp\/v2\/product_cat?post=2073"},{"taxonomy":"product_tag","embeddable":true,"href":"https:\/\/minasgramados.com.br\/Loja\/wp-json\/wp\/v2\/product_tag?post=2073"}],"curies":[{"name":"wp","href":"https:\/\/api.w.org\/{rel}","templated":true}]}}