{"id":2092,"date":"2017-04-29T11:36:05","date_gmt":"2017-04-29T14:36:05","guid":{"rendered":"http:\/\/minasgramados.com.br\/Loja\/?post_type=product&#038;p=2092"},"modified":"2025-08-01T10:19:39","modified_gmt":"2025-08-01T13:19:39","slug":"grama-zeon-grama-zeon-betim-grama-zeon-bh-grama-zeon-sp","status":"publish","type":"product","link":"https:\/\/minasgramados.com.br\/Loja\/produto\/grama-zeon-grama-zeon-betim-grama-zeon-bh-grama-zeon-sp\/","title":{"rendered":"Grama Zeon(Cargas 500M2)"},"content":{"rendered":"<p style=\"text-align: justify;\">A <strong>Grama (Zeon Zoysia)<\/strong> fornece a qualquer paisagem um grande apelo visual; A Zeon \u00e9 motivo de inveja a outros gramados. A Zeon n\u00e3o apenas produz uma das mais finas e resistentes superf\u00edcies gramadas, como tamb\u00e9m \u00e9 considerada pela maioria a mais bela de todas as gramas cultivadas de clima quente. A Zeon foi desenvolvida com o prop\u00f3sito de oferecer, tanto aos profissionais da ind\u00fastria da grama quanto aos paisagistas, uma grama superior e de f\u00e1cil manuten\u00e7\u00e3o. A Zeon produz vigoroso sistema radicular, criando um gramado extremamente denso e tolerante ao sombreamento, que ir\u00e1, naturalmente inibir a prolifera\u00e7\u00e3o de invasoras. \u00a0A Zeon tem se estabelecido como a prefer\u00eancia n\u00famero 1 para gramados residenciais de qualidade premium. Isto ocorre devido a sua baixa demanda por manuten\u00e7\u00e3o e fertiliza\u00e7\u00e3o. A Zeon realmente traz fasc\u00ednio ao gramado.<br \/>\n-Excepcional toler\u00e2ncia ao sombreamento e \u00e0 seca<br \/>\n-Folhas com l\u00e2minas finas e postura vertical<br \/>\n-Vigorosa produ\u00e7\u00e3o de ra\u00edzes, estol\u00f5es e rizomas<br \/>\n-Dispon\u00edvel apenas atrav\u00e9s de produtores licenciados<\/p>\n<p style=\"text-align: justify;\"><strong>CARACTER\u00cdSTICAS DA ZEON<\/strong><\/p>\n<p style=\"text-align: justify;\">-Excepcional toler\u00e2ncia ao sombreamento e \u00e0 seca<br \/>\n-Folhas com l\u00e2minas finas e postura vertical<br \/>\n-Colora\u00e7\u00e3o verde intensa, com excepcional \u201capelo visual\u201d<br \/>\n-Excelente reten\u00e7\u00e3o da cor no inverno<br \/>\n-Estol\u00f5es e comprimento de entren\u00f3s curtos<\/p>\n<p style=\"text-align: justify;\"><strong>VIGOR DA PLANTA DESENVOLVIDO<\/strong><\/p>\n<p style=\"text-align: justify;\">-O extenso sistema radicular da Zeon, aliado a alta incid\u00eancia de estol\u00f5es e ao vigoroso crescimento dos rizomas, produz uma grama densa e compacta que se recupera rapidamente de injurias<br \/>\n-A qualidade da grama Zeon \u00e9 muito superior, quando comparada as outras cultivares de zoysias nos testes realizados no \u201cNational Zoysiagrass Tests\u201d<br \/>\n-Em testes controlados, feitos pelo \u201cNational Turfgrass Evaluation Program\u201d (NTEP), a Zeon produziu menos thatch (colch\u00e3o) do que as outras cultivares de Zoysia<br \/>\n-A Zeon ir\u00e1 se estabelecer consistentemente em uma larga variedade de tipos de solo<br \/>\n-A Zeon apresentou caracter\u00edsticas gen\u00e9ticas superiores em repetidos ensaios de estresse em grama nos Estados Unidos.<\/p>\n<p style=\"text-align: justify;\"><strong>PR\u00c1TICAS CULTURAIS<\/strong><\/p>\n<p style=\"text-align: justify;\">-Quando mantida em altura de corte entre 2 e 5 cm, a Zeon causa a mesma sensa\u00e7\u00e3o de uma grama bermuda. Esta \u00e9 definitivamente uma grama \u201cpara p\u00e9s descal\u00e7os\u201d<br \/>\n-No uso em fairways de campos de golfe, A Zeon pode ser mantida t\u00e3o baixa quanto 3\/8\u201d de altura de corte (0,95cm)<br \/>\n-A Zeon pode ser facilmente mantida usando uma simples m\u00e1quina de corte rotativa para jardins<br \/>\n-Todos os herbicidas usados em outras cultivares de zoysia podem ser seguramente aplicados na Zeon Zoysia<\/p>\n<p style=\"text-align: justify;\"><strong>CERTIFICA\u00c7\u00c3O DE PUREZA E UNIFORMIDADE<\/strong><\/p>\n<p style=\"text-align: justify;\">-A Zeon \u00e9 licenciada no Brasil atrav\u00e9s do \u201cThe Turf Grass Group, Inc.\u201d e Bladerunner Inc.<br \/>\n-A Zeon \u00e9 dispon\u00edvel apenas atrav\u00e9s de um seleto grupo de produtores licenciados<br \/>\n-A Zeon \u00e9 produzida e vendida sob rigorosas regras e diretrizes elaboradas para promover qualidade, pureza e uniformidade cont\u00ednuas<\/p>\n<p style=\"text-align: justify;\"><strong>CERTIFICA\u00c7\u00c3O<\/strong><\/p>\n<p style=\"text-align: justify;\">&#8211; A certifica\u00e7\u00e3o \u00e9 o \u00fanico m\u00e9todo que assegura a pureza e a qualidade da variedade escolhida<br \/>\n&#8211; A Zeon pode apenas ser produzida e vendida como variedade de grama Certificada e Licenciada, ao contr\u00e1rio de outras variedades<br \/>\n&#8211; Renomados t\u00e9cnicos da ITGAP (International Turfgrass Genetic Assurance Program) inspecionam os campos de produ\u00e7\u00e3o de Zeon regularmente, garantindo sua pureza e qualidade<\/p>\n<p style=\"text-align: justify;\"><strong>*ATEN\u00c7\u00c3O:<\/strong> Venda m\u00ednima dessa grama \u00e9 de <strong>100m2<\/strong>, com entrega para BH e regi\u00f5es consultar frete, n\u00e3o estocamos essa grama na loja, somente pedidos por telefone.<\/p>\n<p style=\"text-align: justify;\"><strong>*OBS<\/strong>: Grama dispon\u00edvel em nossa loja virtual porem pedidos por encomenda, consulte nosso SAC a disponibilidade dela e tire suas d\u00favidas.<\/p>\n","protected":false},"excerpt":{"rendered":"<p style=\"text-align: justify;\"><strong>Grama Zeon: <\/strong>Essa Grama produz uma das mais finas e resistentes superf\u00edcies gramadas, e \u00e9 considerada pela maioria a mais bela de todas as gramas. (Venda varejo m\u00ednimo de 100 M2) <span style=\"color: #ff0000;\">OBS: Ela \u00e9 vendida somente por encomenda, e o PRE\u00c7O acima s\u00e3o para pedidos minimo\u00a0 de 500m2, Em caso de\u00a0 d\u00favidas consulte nosso SAC. Os pre\u00e7os com reajuste sem aviso pr\u00e9vio.<\/span><\/p>\n<p><strong>*GRAMA ZEON:<\/strong> De 100 a 499m2= <strong>R$15,90<\/strong> acima\u00a0 de 500M2 = <strong>R$14,90 &#8211; Frete FOB.<\/strong><\/p>\n","protected":false},"featured_media":2093,"template":"","meta":{"_joinchat":[]},"product_brand":[],"product_cat":[28,15],"product_tag":[],"class_list":{"0":"post-2092","1":"product","2":"type-product","3":"status-publish","4":"has-post-thumbnail","6":"product_cat-gramas-e-sementes","7":"product_cat-jardinagem","8":"entry","9":"has-media","11":"first","12":"outofstock","13":"sale","14":"shipping-taxable","15":"purchasable","16":"product-type-simple","17":"col","18":"wpex-woo-entry","19":"span_1_of_4"},"yoast_head":"<!-- This site is optimized with the Yoast SEO plugin v27.4 - https:\/\/yoast.com\/product\/yoast-seo-wordpress\/ -->\n<title>Grama Zeon Zoisa BH - Minas Gramados - Grama Zeon BH<\/title>\n<meta name=\"description\" content=\"A Grama Zeon produz uma das mais finas e resistentes superf\u00edcies gramadas, como e \u00e9 considerada pela maioria a mais bela de todas as gramas.\" \/>\n<meta name=\"robots\" content=\"index, follow, max-snippet:-1, max-image-preview:large, max-video-preview:-1\" \/>\n<link rel=\"canonical\" href=\"https:\/\/minasgramados.com.br\/Loja\/produto\/grama-zeon-grama-zeon-betim-grama-zeon-bh-grama-zeon-sp\/\" \/>\n<meta name=\"twitter:card\" content=\"summary_large_image\" \/>\n<meta name=\"twitter:title\" content=\"Grama Zeon Zoisa BH - Minas Gramados - Grama Zeon BH\" \/>\n<meta name=\"twitter:description\" content=\"A Grama Zeon produz uma das mais finas e resistentes superf\u00edcies gramadas, como e \u00e9 considerada pela maioria a mais bela de todas as gramas.\" \/>\n<meta name=\"twitter:image\" content=\"https:\/\/minasgramados.com.br\/Loja\/wp-content\/uploads\/2017\/04\/Grama-Zeon-para-a-loja-2017.jpg\" \/>\n<meta name=\"twitter:label1\" content=\"Est. tempo de leitura\" \/>\n\t<meta name=\"twitter:data1\" content=\"4 minutos\" \/>\n<script type=\"application\/ld+json\" class=\"yoast-schema-graph\">{\"@context\":\"https:\\\/\\\/schema.org\",\"@graph\":[{\"@type\":\"WebPage\",\"@id\":\"https:\\\/\\\/minasgramados.com.br\\\/Loja\\\/produto\\\/grama-zeon-grama-zeon-betim-grama-zeon-bh-grama-zeon-sp\\\/\",\"url\":\"https:\\\/\\\/minasgramados.com.br\\\/Loja\\\/produto\\\/grama-zeon-grama-zeon-betim-grama-zeon-bh-grama-zeon-sp\\\/\",\"name\":\"Grama Zeon Zoisa BH - Minas Gramados - Grama Zeon BH\",\"isPartOf\":{\"@id\":\"https:\\\/\\\/minasgramados.com.br\\\/Loja\\\/#website\"},\"primaryImageOfPage\":{\"@id\":\"https:\\\/\\\/minasgramados.com.br\\\/Loja\\\/produto\\\/grama-zeon-grama-zeon-betim-grama-zeon-bh-grama-zeon-sp\\\/#primaryimage\"},\"image\":{\"@id\":\"https:\\\/\\\/minasgramados.com.br\\\/Loja\\\/produto\\\/grama-zeon-grama-zeon-betim-grama-zeon-bh-grama-zeon-sp\\\/#primaryimage\"},\"thumbnailUrl\":\"https:\\\/\\\/minasgramados.com.br\\\/Loja\\\/wp-content\\\/uploads\\\/2017\\\/04\\\/Grama-Zeon-para-a-loja-2017.jpg\",\"datePublished\":\"2017-04-29T14:36:05+00:00\",\"dateModified\":\"2025-08-01T13:19:39+00:00\",\"description\":\"A Grama Zeon produz uma das mais finas e resistentes superf\u00edcies gramadas, como e \u00e9 considerada pela maioria a mais bela de todas as gramas.\",\"breadcrumb\":{\"@id\":\"https:\\\/\\\/minasgramados.com.br\\\/Loja\\\/produto\\\/grama-zeon-grama-zeon-betim-grama-zeon-bh-grama-zeon-sp\\\/#breadcrumb\"},\"inLanguage\":\"pt-BR\",\"potentialAction\":[{\"@type\":\"ReadAction\",\"target\":[\"https:\\\/\\\/minasgramados.com.br\\\/Loja\\\/produto\\\/grama-zeon-grama-zeon-betim-grama-zeon-bh-grama-zeon-sp\\\/\"]}]},{\"@type\":\"ImageObject\",\"inLanguage\":\"pt-BR\",\"@id\":\"https:\\\/\\\/minasgramados.com.br\\\/Loja\\\/produto\\\/grama-zeon-grama-zeon-betim-grama-zeon-bh-grama-zeon-sp\\\/#primaryimage\",\"url\":\"https:\\\/\\\/minasgramados.com.br\\\/Loja\\\/wp-content\\\/uploads\\\/2017\\\/04\\\/Grama-Zeon-para-a-loja-2017.jpg\",\"contentUrl\":\"https:\\\/\\\/minasgramados.com.br\\\/Loja\\\/wp-content\\\/uploads\\\/2017\\\/04\\\/Grama-Zeon-para-a-loja-2017.jpg\",\"width\":566,\"height\":649},{\"@type\":\"BreadcrumbList\",\"@id\":\"https:\\\/\\\/minasgramados.com.br\\\/Loja\\\/produto\\\/grama-zeon-grama-zeon-betim-grama-zeon-bh-grama-zeon-sp\\\/#breadcrumb\",\"itemListElement\":[{\"@type\":\"ListItem\",\"position\":1,\"name\":\"In\u00edcio\",\"item\":\"https:\\\/\\\/minasgramados.com.br\\\/Loja\\\/\"},{\"@type\":\"ListItem\",\"position\":2,\"name\":\"Loja\",\"item\":\"https:\\\/\\\/minasgramados.com.br\\\/Loja\\\/loja-modelo-03\\\/\"},{\"@type\":\"ListItem\",\"position\":3,\"name\":\"Grama Zeon(Cargas 500M2)\"}]},{\"@type\":\"WebSite\",\"@id\":\"https:\\\/\\\/minasgramados.com.br\\\/Loja\\\/#website\",\"url\":\"https:\\\/\\\/minasgramados.com.br\\\/Loja\\\/\",\"name\":\"Minas Gramados - Paisagismo e Hidrossemeadura.\",\"description\":\"Distribuidora de Gramas adubos sementes em Betim e no Brasil.\",\"publisher\":{\"@id\":\"https:\\\/\\\/minasgramados.com.br\\\/Loja\\\/#organization\"},\"potentialAction\":[{\"@type\":\"SearchAction\",\"target\":{\"@type\":\"EntryPoint\",\"urlTemplate\":\"https:\\\/\\\/minasgramados.com.br\\\/Loja\\\/?s={search_term_string}\"},\"query-input\":{\"@type\":\"PropertyValueSpecification\",\"valueRequired\":true,\"valueName\":\"search_term_string\"}}],\"inLanguage\":\"pt-BR\"},{\"@type\":\"Organization\",\"@id\":\"https:\\\/\\\/minasgramados.com.br\\\/Loja\\\/#organization\",\"name\":\"Minas Gramados - Paisagismo e Hidrossemeadura.\",\"url\":\"https:\\\/\\\/minasgramados.com.br\\\/Loja\\\/\",\"logo\":{\"@type\":\"ImageObject\",\"inLanguage\":\"pt-BR\",\"@id\":\"https:\\\/\\\/minasgramados.com.br\\\/Loja\\\/#\\\/schema\\\/logo\\\/image\\\/\",\"url\":\"https:\\\/\\\/minasgramados.com.br\\\/Loja\\\/wp-content\\\/uploads\\\/2018\\\/06\\\/gramados-original-1.gif\",\"contentUrl\":\"https:\\\/\\\/minasgramados.com.br\\\/Loja\\\/wp-content\\\/uploads\\\/2018\\\/06\\\/gramados-original-1.gif\",\"width\":600,\"height\":300,\"caption\":\"Minas Gramados - Paisagismo e Hidrossemeadura.\"},\"image\":{\"@id\":\"https:\\\/\\\/minasgramados.com.br\\\/Loja\\\/#\\\/schema\\\/logo\\\/image\\\/\"}}]}<\/script>\n<!-- \/ Yoast SEO plugin. -->","yoast_head_json":{"title":"Grama Zeon Zoisa BH - Minas Gramados - Grama Zeon BH","description":"A Grama Zeon produz uma das mais finas e resistentes superf\u00edcies gramadas, como e \u00e9 considerada pela maioria a mais bela de todas as gramas.","robots":{"index":"index","follow":"follow","max-snippet":"max-snippet:-1","max-image-preview":"max-image-preview:large","max-video-preview":"max-video-preview:-1"},"canonical":"https:\/\/minasgramados.com.br\/Loja\/produto\/grama-zeon-grama-zeon-betim-grama-zeon-bh-grama-zeon-sp\/","twitter_card":"summary_large_image","twitter_title":"Grama Zeon Zoisa BH - Minas Gramados - Grama Zeon BH","twitter_description":"A Grama Zeon produz uma das mais finas e resistentes superf\u00edcies gramadas, como e \u00e9 considerada pela maioria a mais bela de todas as gramas.","twitter_image":"https:\/\/minasgramados.com.br\/Loja\/wp-content\/uploads\/2017\/04\/Grama-Zeon-para-a-loja-2017.jpg","twitter_misc":{"Est. tempo de leitura":"4 minutos"},"schema":{"@context":"https:\/\/schema.org","@graph":[{"@type":"WebPage","@id":"https:\/\/minasgramados.com.br\/Loja\/produto\/grama-zeon-grama-zeon-betim-grama-zeon-bh-grama-zeon-sp\/","url":"https:\/\/minasgramados.com.br\/Loja\/produto\/grama-zeon-grama-zeon-betim-grama-zeon-bh-grama-zeon-sp\/","name":"Grama Zeon Zoisa BH - Minas Gramados - Grama Zeon BH","isPartOf":{"@id":"https:\/\/minasgramados.com.br\/Loja\/#website"},"primaryImageOfPage":{"@id":"https:\/\/minasgramados.com.br\/Loja\/produto\/grama-zeon-grama-zeon-betim-grama-zeon-bh-grama-zeon-sp\/#primaryimage"},"image":{"@id":"https:\/\/minasgramados.com.br\/Loja\/produto\/grama-zeon-grama-zeon-betim-grama-zeon-bh-grama-zeon-sp\/#primaryimage"},"thumbnailUrl":"https:\/\/minasgramados.com.br\/Loja\/wp-content\/uploads\/2017\/04\/Grama-Zeon-para-a-loja-2017.jpg","datePublished":"2017-04-29T14:36:05+00:00","dateModified":"2025-08-01T13:19:39+00:00","description":"A Grama Zeon produz uma das mais finas e resistentes superf\u00edcies gramadas, como e \u00e9 considerada pela maioria a mais bela de todas as gramas.","breadcrumb":{"@id":"https:\/\/minasgramados.com.br\/Loja\/produto\/grama-zeon-grama-zeon-betim-grama-zeon-bh-grama-zeon-sp\/#breadcrumb"},"inLanguage":"pt-BR","potentialAction":[{"@type":"ReadAction","target":["https:\/\/minasgramados.com.br\/Loja\/produto\/grama-zeon-grama-zeon-betim-grama-zeon-bh-grama-zeon-sp\/"]}]},{"@type":"ImageObject","inLanguage":"pt-BR","@id":"https:\/\/minasgramados.com.br\/Loja\/produto\/grama-zeon-grama-zeon-betim-grama-zeon-bh-grama-zeon-sp\/#primaryimage","url":"https:\/\/minasgramados.com.br\/Loja\/wp-content\/uploads\/2017\/04\/Grama-Zeon-para-a-loja-2017.jpg","contentUrl":"https:\/\/minasgramados.com.br\/Loja\/wp-content\/uploads\/2017\/04\/Grama-Zeon-para-a-loja-2017.jpg","width":566,"height":649},{"@type":"BreadcrumbList","@id":"https:\/\/minasgramados.com.br\/Loja\/produto\/grama-zeon-grama-zeon-betim-grama-zeon-bh-grama-zeon-sp\/#breadcrumb","itemListElement":[{"@type":"ListItem","position":1,"name":"In\u00edcio","item":"https:\/\/minasgramados.com.br\/Loja\/"},{"@type":"ListItem","position":2,"name":"Loja","item":"https:\/\/minasgramados.com.br\/Loja\/loja-modelo-03\/"},{"@type":"ListItem","position":3,"name":"Grama Zeon(Cargas 500M2)"}]},{"@type":"WebSite","@id":"https:\/\/minasgramados.com.br\/Loja\/#website","url":"https:\/\/minasgramados.com.br\/Loja\/","name":"Minas Gramados - Paisagismo e Hidrossemeadura.","description":"Distribuidora de Gramas adubos sementes em Betim e no Brasil.","publisher":{"@id":"https:\/\/minasgramados.com.br\/Loja\/#organization"},"potentialAction":[{"@type":"SearchAction","target":{"@type":"EntryPoint","urlTemplate":"https:\/\/minasgramados.com.br\/Loja\/?s={search_term_string}"},"query-input":{"@type":"PropertyValueSpecification","valueRequired":true,"valueName":"search_term_string"}}],"inLanguage":"pt-BR"},{"@type":"Organization","@id":"https:\/\/minasgramados.com.br\/Loja\/#organization","name":"Minas Gramados - Paisagismo e Hidrossemeadura.","url":"https:\/\/minasgramados.com.br\/Loja\/","logo":{"@type":"ImageObject","inLanguage":"pt-BR","@id":"https:\/\/minasgramados.com.br\/Loja\/#\/schema\/logo\/image\/","url":"https:\/\/minasgramados.com.br\/Loja\/wp-content\/uploads\/2018\/06\/gramados-original-1.gif","contentUrl":"https:\/\/minasgramados.com.br\/Loja\/wp-content\/uploads\/2018\/06\/gramados-original-1.gif","width":600,"height":300,"caption":"Minas Gramados - Paisagismo e Hidrossemeadura."},"image":{"@id":"https:\/\/minasgramados.com.br\/Loja\/#\/schema\/logo\/image\/"}}]}},"_links":{"self":[{"href":"https:\/\/minasgramados.com.br\/Loja\/wp-json\/wp\/v2\/product\/2092","targetHints":{"allow":["GET"]}}],"collection":[{"href":"https:\/\/minasgramados.com.br\/Loja\/wp-json\/wp\/v2\/product"}],"about":[{"href":"https:\/\/minasgramados.com.br\/Loja\/wp-json\/wp\/v2\/types\/product"}],"wp:featuredmedia":[{"embeddable":true,"href":"https:\/\/minasgramados.com.br\/Loja\/wp-json\/wp\/v2\/media\/2093"}],"wp:attachment":[{"href":"https:\/\/minasgramados.com.br\/Loja\/wp-json\/wp\/v2\/media?parent=2092"}],"wp:term":[{"taxonomy":"product_brand","embeddable":true,"href":"https:\/\/minasgramados.com.br\/Loja\/wp-json\/wp\/v2\/product_brand?post=2092"},{"taxonomy":"product_cat","embeddable":true,"href":"https:\/\/minasgramados.com.br\/Loja\/wp-json\/wp\/v2\/product_cat?post=2092"},{"taxonomy":"product_tag","embeddable":true,"href":"https:\/\/minasgramados.com.br\/Loja\/wp-json\/wp\/v2\/product_tag?post=2092"}],"curies":[{"name":"wp","href":"https:\/\/api.w.org\/{rel}","templated":true}]}}