{"id":2103,"date":"2017-06-11T20:03:09","date_gmt":"2017-06-11T23:03:09","guid":{"rendered":"http:\/\/minasgramados.com.br\/Loja\/?post_type=product&#038;p=2103"},"modified":"2018-04-02T14:57:17","modified_gmt":"2018-04-02T17:57:17","slug":"grama-sintetica-decorativa-25mm-soft-cores","status":"publish","type":"product","link":"https:\/\/minasgramados.com.br\/Loja\/produto\/grama-sintetica-decorativa-25mm-soft-cores\/","title":{"rendered":"Grama Sint\u00e9tica Decorativa 25mm Soft Grass"},"content":{"rendered":"<p style=\"text-align: justify;\">Grama Sint\u00e9tica Decorativa 25mm Soft Grass, \u00e9 uma Grama top de linha, com lan\u00e7amento em 2015, s\u00e3o cores exclusivas, ideal para decora\u00e7\u00f5es modernas e contempor\u00e2neas. Al\u00e9m das cores diferenciadas possui 25mm de espessura, tornando o produto ainda mais atrativo.<\/p>\n<p style=\"text-align: justify;\">Especifica\u00e7\u00f5es<\/p>\n<p style=\"text-align: justify;\">\u2013 Ambientes internos e externos<br \/>\n\u2013 Playgrounds<br \/>\n\u2013 Decora\u00e7\u00f5es<br \/>\n\u2013 Jardins<br \/>\n\u2013 Eventos entre outros<br \/>\n\u2013 At\u00e9 4 anos de garantia.<br \/>\n&#8211; Diversidade de cores: ROXO &#8211; AZUL C\u00c9U &#8211; PINK &#8211; BEGE<\/p>\n<p style=\"text-align: justify;\">Dados T\u00e9cnicos<\/p>\n<p style=\"text-align: justify;\">Material&#8230;&#8230;&#8230;&#8230;&#8230;&#8230;&#8230;&#8230;&#8230;.100% Polietileno<br \/>\nPontos por M\u00b2&#8230;&#8230;&#8230;&#8230;&#8230;&#8230;&#8230;..18.900<br \/>\nDetex&#8230;&#8230;&#8230;&#8230;&#8230;&#8230;&#8230;&#8230;&#8230;&#8230;..9.300<br \/>\nEspessura &#8230;&#8230;&#8230;&#8230;&#8230;&#8230;..25mm<br \/>\nBase&#8230;&#8230;&#8230;&#8230;&#8230;&#8230;&#8230;&#8230;&#8230;&#8230;..Dupla<br \/>\nGarantia&#8230;&#8230;&#8230;&#8230;&#8230;&#8230;&#8230;&#8230;&#8230;.At\u00e9\u00a03 anos caso seja defeito de fabrica,caso contrario perde se a garantia da mesma<\/p>\n<p style=\"text-align: justify;\">*PROMO\u00c7\u00d5ES ABAIXO CONFORME METRAGEM ESCOLHIDA:<\/p>\n<p style=\"text-align: justify;\">Material vem em rolos com 2 metros l\u00edneares ( Rolos com\u00a050m\u00b2 )<\/p>\n<p style=\"text-align: justify;\">Pre\u00e7o sint\u00e9tica a partir de 50m2\u2026\u2026..\u2026\u2026\u2026\u2026\u2026. R$ 73,50 com nota \/ R$66,90 sem nota. Obs: Frete \u00e9 a parte<br \/>\nPre\u00e7o sint\u00e9tica de 100m2 a 200m2\u2026\u2026\u2026\u2026\u2026\u2026\u2026\u2026\u2026\u2026. R$ 69,90 com nota \/ R$64,90 sem nota. Obs: Frete \u00e9 a parte<br \/>\nPre\u00e7o sint\u00e9tica de 201m2 a 300m2\u2026\u2026\u2026\u2026\u2026\u2026\u2026\u2026.\u2026. R$ 66,50 com nota \/ R$61,90 sem nota. Obs: Frete \u00e9 a parte<br \/>\nPre\u00e7o sint\u00e9tica para\u00a0301m2 ou mais\u2026\u2026\u2026\u2026\u2026\u2026 R$ 65,60 com nota \/ R$59,90 sem nota. Obs: Frete \u00e9 a parte<\/p>\n<p style=\"text-align: justify;\">*ATEN\u00c7\u00c3O: Venda min\u00edma dessa grama \u00e9 de 50m2, com entrega para BH e regi\u00f5es consultar frete, n\u00e3o estocamos essa grama em nossa loja, somente pedidos por telefone. OBS: Grama dispon\u00edvel em nossa loja virtual porem pedidos consulte nosso SAC a disponibilidade dela e tire suas d\u00favidas.<\/p>\n","protected":false},"excerpt":{"rendered":"<p style=\"text-align: justify;\">ATEN\u00c7\u00c3O: Grama Sint\u00e9tica decorativa de 25 mm: Recomendada para uso comercial e residencial; prote\u00e7\u00e3o, decora\u00e7\u00e3o e seguran\u00e7a em playgrounds e mini quadras, e a nossa venda minima dessa grama \u00e9 de 50m2 , os pedidos maiores s\u00e3o enviados para a fabrica e as entregas pode demorar de 05 a 10 dias, <span style=\"color: #ff0000;\">(Obs): O valor acima \u00e9 para compras no varejo, abaixo segue valores promocionais para atacado, consulte nosso SAC o estoque e o prazo de entrega e condi\u00e7\u00f5es comerciais por telefone ou por e-mail.<\/span><\/p>\n","protected":false},"featured_media":2114,"template":"","meta":{"_joinchat":[]},"product_brand":[],"product_cat":[17,41],"product_tag":[],"class_list":{"0":"post-2103","1":"product","2":"type-product","3":"status-publish","4":"has-post-thumbnail","6":"product_cat-gramas-sinteticas","7":"product_cat-sintetica-de-20mm","8":"entry","9":"has-media","11":"first","12":"outofstock","13":"sale","14":"shipping-taxable","15":"purchasable","16":"product-type-simple","17":"col","18":"wpex-woo-entry","19":"span_1_of_4"},"yoast_head":"<!-- This site is optimized with the Yoast SEO plugin v27.3 - https:\/\/yoast.com\/product\/yoast-seo-wordpress\/ -->\n<title>Grama Sint\u00e9tica Decorativa 25mm Soft Cores - Grama Sint\u00e9tica color em Betim<\/title>\n<meta name=\"description\" content=\"Grama Sint\u00e9tica Decorativa 25mm Soft Cores, \u00e9 uma Grama top de linha, com lan\u00e7amento em 2015, s\u00e3o cores exclusivas, ideal para decora\u00e7\u00f5es modernas.\" \/>\n<meta name=\"robots\" content=\"index, follow, max-snippet:-1, max-image-preview:large, max-video-preview:-1\" \/>\n<link rel=\"canonical\" href=\"https:\/\/minasgramados.com.br\/Loja\/produto\/grama-sintetica-decorativa-25mm-soft-cores\/\" \/>\n<meta name=\"twitter:card\" content=\"summary_large_image\" \/>\n<meta name=\"twitter:title\" content=\"Grama Sint\u00e9tica Decorativa 25mm Soft Cores - Grama Sint\u00e9tica color em Betim\" \/>\n<meta name=\"twitter:description\" content=\"Grama Sint\u00e9tica Decorativa 25mm Soft Cores, \u00e9 uma Grama top de linha, com lan\u00e7amento em 2015, s\u00e3o cores exclusivas, ideal para decora\u00e7\u00f5es modernas.\" \/>\n<meta name=\"twitter:image\" content=\"https:\/\/minasgramados.com.br\/Loja\/wp-content\/uploads\/2017\/06\/Fotos-gramas-sint\u00e9ticas-quadro-2017.jpg\" \/>\n<meta name=\"twitter:label1\" content=\"Est. tempo de leitura\" \/>\n\t<meta name=\"twitter:data1\" content=\"1 minuto\" \/>\n<script type=\"application\/ld+json\" class=\"yoast-schema-graph\">{\"@context\":\"https:\\\/\\\/schema.org\",\"@graph\":[{\"@type\":\"WebPage\",\"@id\":\"https:\\\/\\\/minasgramados.com.br\\\/Loja\\\/produto\\\/grama-sintetica-decorativa-25mm-soft-cores\\\/\",\"url\":\"https:\\\/\\\/minasgramados.com.br\\\/Loja\\\/produto\\\/grama-sintetica-decorativa-25mm-soft-cores\\\/\",\"name\":\"Grama Sint\u00e9tica Decorativa 25mm Soft Cores - Grama Sint\u00e9tica color em Betim\",\"isPartOf\":{\"@id\":\"https:\\\/\\\/minasgramados.com.br\\\/Loja\\\/#website\"},\"primaryImageOfPage\":{\"@id\":\"https:\\\/\\\/minasgramados.com.br\\\/Loja\\\/produto\\\/grama-sintetica-decorativa-25mm-soft-cores\\\/#primaryimage\"},\"image\":{\"@id\":\"https:\\\/\\\/minasgramados.com.br\\\/Loja\\\/produto\\\/grama-sintetica-decorativa-25mm-soft-cores\\\/#primaryimage\"},\"thumbnailUrl\":\"https:\\\/\\\/minasgramados.com.br\\\/Loja\\\/wp-content\\\/uploads\\\/2017\\\/06\\\/Fotos-gramas-sint\u00e9ticas-quadro-2017.jpg\",\"datePublished\":\"2017-06-11T23:03:09+00:00\",\"dateModified\":\"2018-04-02T17:57:17+00:00\",\"description\":\"Grama Sint\u00e9tica Decorativa 25mm Soft Cores, \u00e9 uma Grama top de linha, com lan\u00e7amento em 2015, s\u00e3o cores exclusivas, ideal para decora\u00e7\u00f5es modernas.\",\"breadcrumb\":{\"@id\":\"https:\\\/\\\/minasgramados.com.br\\\/Loja\\\/produto\\\/grama-sintetica-decorativa-25mm-soft-cores\\\/#breadcrumb\"},\"inLanguage\":\"pt-BR\",\"potentialAction\":[{\"@type\":\"ReadAction\",\"target\":[\"https:\\\/\\\/minasgramados.com.br\\\/Loja\\\/produto\\\/grama-sintetica-decorativa-25mm-soft-cores\\\/\"]}]},{\"@type\":\"ImageObject\",\"inLanguage\":\"pt-BR\",\"@id\":\"https:\\\/\\\/minasgramados.com.br\\\/Loja\\\/produto\\\/grama-sintetica-decorativa-25mm-soft-cores\\\/#primaryimage\",\"url\":\"https:\\\/\\\/minasgramados.com.br\\\/Loja\\\/wp-content\\\/uploads\\\/2017\\\/06\\\/Fotos-gramas-sint\u00e9ticas-quadro-2017.jpg\",\"contentUrl\":\"https:\\\/\\\/minasgramados.com.br\\\/Loja\\\/wp-content\\\/uploads\\\/2017\\\/06\\\/Fotos-gramas-sint\u00e9ticas-quadro-2017.jpg\",\"width\":984,\"height\":768},{\"@type\":\"BreadcrumbList\",\"@id\":\"https:\\\/\\\/minasgramados.com.br\\\/Loja\\\/produto\\\/grama-sintetica-decorativa-25mm-soft-cores\\\/#breadcrumb\",\"itemListElement\":[{\"@type\":\"ListItem\",\"position\":1,\"name\":\"In\u00edcio\",\"item\":\"https:\\\/\\\/minasgramados.com.br\\\/Loja\\\/\"},{\"@type\":\"ListItem\",\"position\":2,\"name\":\"Loja\",\"item\":\"https:\\\/\\\/minasgramados.com.br\\\/Loja\\\/loja-modelo-03\\\/\"},{\"@type\":\"ListItem\",\"position\":3,\"name\":\"Grama Sint\u00e9tica Decorativa 25mm Soft Grass\"}]},{\"@type\":\"WebSite\",\"@id\":\"https:\\\/\\\/minasgramados.com.br\\\/Loja\\\/#website\",\"url\":\"https:\\\/\\\/minasgramados.com.br\\\/Loja\\\/\",\"name\":\"Minas Gramados - Paisagismo e Hidrossemeadura.\",\"description\":\"Distribuidora de Gramas adubos sementes em Betim e no Brasil.\",\"publisher\":{\"@id\":\"https:\\\/\\\/minasgramados.com.br\\\/Loja\\\/#organization\"},\"potentialAction\":[{\"@type\":\"SearchAction\",\"target\":{\"@type\":\"EntryPoint\",\"urlTemplate\":\"https:\\\/\\\/minasgramados.com.br\\\/Loja\\\/?s={search_term_string}\"},\"query-input\":{\"@type\":\"PropertyValueSpecification\",\"valueRequired\":true,\"valueName\":\"search_term_string\"}}],\"inLanguage\":\"pt-BR\"},{\"@type\":\"Organization\",\"@id\":\"https:\\\/\\\/minasgramados.com.br\\\/Loja\\\/#organization\",\"name\":\"Minas Gramados - Paisagismo e Hidrossemeadura.\",\"url\":\"https:\\\/\\\/minasgramados.com.br\\\/Loja\\\/\",\"logo\":{\"@type\":\"ImageObject\",\"inLanguage\":\"pt-BR\",\"@id\":\"https:\\\/\\\/minasgramados.com.br\\\/Loja\\\/#\\\/schema\\\/logo\\\/image\\\/\",\"url\":\"https:\\\/\\\/minasgramados.com.br\\\/Loja\\\/wp-content\\\/uploads\\\/2018\\\/06\\\/gramados-original-1.gif\",\"contentUrl\":\"https:\\\/\\\/minasgramados.com.br\\\/Loja\\\/wp-content\\\/uploads\\\/2018\\\/06\\\/gramados-original-1.gif\",\"width\":600,\"height\":300,\"caption\":\"Minas Gramados - Paisagismo e Hidrossemeadura.\"},\"image\":{\"@id\":\"https:\\\/\\\/minasgramados.com.br\\\/Loja\\\/#\\\/schema\\\/logo\\\/image\\\/\"}}]}<\/script>\n<!-- \/ Yoast SEO plugin. -->","yoast_head_json":{"title":"Grama Sint\u00e9tica Decorativa 25mm Soft Cores - Grama Sint\u00e9tica color em Betim","description":"Grama Sint\u00e9tica Decorativa 25mm Soft Cores, \u00e9 uma Grama top de linha, com lan\u00e7amento em 2015, s\u00e3o cores exclusivas, ideal para decora\u00e7\u00f5es modernas.","robots":{"index":"index","follow":"follow","max-snippet":"max-snippet:-1","max-image-preview":"max-image-preview:large","max-video-preview":"max-video-preview:-1"},"canonical":"https:\/\/minasgramados.com.br\/Loja\/produto\/grama-sintetica-decorativa-25mm-soft-cores\/","twitter_card":"summary_large_image","twitter_title":"Grama Sint\u00e9tica Decorativa 25mm Soft Cores - Grama Sint\u00e9tica color em Betim","twitter_description":"Grama Sint\u00e9tica Decorativa 25mm Soft Cores, \u00e9 uma Grama top de linha, com lan\u00e7amento em 2015, s\u00e3o cores exclusivas, ideal para decora\u00e7\u00f5es modernas.","twitter_image":"https:\/\/minasgramados.com.br\/Loja\/wp-content\/uploads\/2017\/06\/Fotos-gramas-sint\u00e9ticas-quadro-2017.jpg","twitter_misc":{"Est. tempo de leitura":"1 minuto"},"schema":{"@context":"https:\/\/schema.org","@graph":[{"@type":"WebPage","@id":"https:\/\/minasgramados.com.br\/Loja\/produto\/grama-sintetica-decorativa-25mm-soft-cores\/","url":"https:\/\/minasgramados.com.br\/Loja\/produto\/grama-sintetica-decorativa-25mm-soft-cores\/","name":"Grama Sint\u00e9tica Decorativa 25mm Soft Cores - Grama Sint\u00e9tica color em Betim","isPartOf":{"@id":"https:\/\/minasgramados.com.br\/Loja\/#website"},"primaryImageOfPage":{"@id":"https:\/\/minasgramados.com.br\/Loja\/produto\/grama-sintetica-decorativa-25mm-soft-cores\/#primaryimage"},"image":{"@id":"https:\/\/minasgramados.com.br\/Loja\/produto\/grama-sintetica-decorativa-25mm-soft-cores\/#primaryimage"},"thumbnailUrl":"https:\/\/minasgramados.com.br\/Loja\/wp-content\/uploads\/2017\/06\/Fotos-gramas-sint\u00e9ticas-quadro-2017.jpg","datePublished":"2017-06-11T23:03:09+00:00","dateModified":"2018-04-02T17:57:17+00:00","description":"Grama Sint\u00e9tica Decorativa 25mm Soft Cores, \u00e9 uma Grama top de linha, com lan\u00e7amento em 2015, s\u00e3o cores exclusivas, ideal para decora\u00e7\u00f5es modernas.","breadcrumb":{"@id":"https:\/\/minasgramados.com.br\/Loja\/produto\/grama-sintetica-decorativa-25mm-soft-cores\/#breadcrumb"},"inLanguage":"pt-BR","potentialAction":[{"@type":"ReadAction","target":["https:\/\/minasgramados.com.br\/Loja\/produto\/grama-sintetica-decorativa-25mm-soft-cores\/"]}]},{"@type":"ImageObject","inLanguage":"pt-BR","@id":"https:\/\/minasgramados.com.br\/Loja\/produto\/grama-sintetica-decorativa-25mm-soft-cores\/#primaryimage","url":"https:\/\/minasgramados.com.br\/Loja\/wp-content\/uploads\/2017\/06\/Fotos-gramas-sint\u00e9ticas-quadro-2017.jpg","contentUrl":"https:\/\/minasgramados.com.br\/Loja\/wp-content\/uploads\/2017\/06\/Fotos-gramas-sint\u00e9ticas-quadro-2017.jpg","width":984,"height":768},{"@type":"BreadcrumbList","@id":"https:\/\/minasgramados.com.br\/Loja\/produto\/grama-sintetica-decorativa-25mm-soft-cores\/#breadcrumb","itemListElement":[{"@type":"ListItem","position":1,"name":"In\u00edcio","item":"https:\/\/minasgramados.com.br\/Loja\/"},{"@type":"ListItem","position":2,"name":"Loja","item":"https:\/\/minasgramados.com.br\/Loja\/loja-modelo-03\/"},{"@type":"ListItem","position":3,"name":"Grama Sint\u00e9tica Decorativa 25mm Soft Grass"}]},{"@type":"WebSite","@id":"https:\/\/minasgramados.com.br\/Loja\/#website","url":"https:\/\/minasgramados.com.br\/Loja\/","name":"Minas Gramados - Paisagismo e Hidrossemeadura.","description":"Distribuidora de Gramas adubos sementes em Betim e no Brasil.","publisher":{"@id":"https:\/\/minasgramados.com.br\/Loja\/#organization"},"potentialAction":[{"@type":"SearchAction","target":{"@type":"EntryPoint","urlTemplate":"https:\/\/minasgramados.com.br\/Loja\/?s={search_term_string}"},"query-input":{"@type":"PropertyValueSpecification","valueRequired":true,"valueName":"search_term_string"}}],"inLanguage":"pt-BR"},{"@type":"Organization","@id":"https:\/\/minasgramados.com.br\/Loja\/#organization","name":"Minas Gramados - Paisagismo e Hidrossemeadura.","url":"https:\/\/minasgramados.com.br\/Loja\/","logo":{"@type":"ImageObject","inLanguage":"pt-BR","@id":"https:\/\/minasgramados.com.br\/Loja\/#\/schema\/logo\/image\/","url":"https:\/\/minasgramados.com.br\/Loja\/wp-content\/uploads\/2018\/06\/gramados-original-1.gif","contentUrl":"https:\/\/minasgramados.com.br\/Loja\/wp-content\/uploads\/2018\/06\/gramados-original-1.gif","width":600,"height":300,"caption":"Minas Gramados - Paisagismo e Hidrossemeadura."},"image":{"@id":"https:\/\/minasgramados.com.br\/Loja\/#\/schema\/logo\/image\/"}}]}},"_links":{"self":[{"href":"https:\/\/minasgramados.com.br\/Loja\/wp-json\/wp\/v2\/product\/2103","targetHints":{"allow":["GET"]}}],"collection":[{"href":"https:\/\/minasgramados.com.br\/Loja\/wp-json\/wp\/v2\/product"}],"about":[{"href":"https:\/\/minasgramados.com.br\/Loja\/wp-json\/wp\/v2\/types\/product"}],"wp:featuredmedia":[{"embeddable":true,"href":"https:\/\/minasgramados.com.br\/Loja\/wp-json\/wp\/v2\/media\/2114"}],"wp:attachment":[{"href":"https:\/\/minasgramados.com.br\/Loja\/wp-json\/wp\/v2\/media?parent=2103"}],"wp:term":[{"taxonomy":"product_brand","embeddable":true,"href":"https:\/\/minasgramados.com.br\/Loja\/wp-json\/wp\/v2\/product_brand?post=2103"},{"taxonomy":"product_cat","embeddable":true,"href":"https:\/\/minasgramados.com.br\/Loja\/wp-json\/wp\/v2\/product_cat?post=2103"},{"taxonomy":"product_tag","embeddable":true,"href":"https:\/\/minasgramados.com.br\/Loja\/wp-json\/wp\/v2\/product_tag?post=2103"}],"curies":[{"name":"wp","href":"https:\/\/api.w.org\/{rel}","templated":true}]}}