{"id":2129,"date":"2017-08-27T15:26:01","date_gmt":"2017-08-27T18:26:01","guid":{"rendered":"http:\/\/minasgramados.com.br\/Loja\/?post_type=product&#038;p=2129"},"modified":"2025-10-07T14:23:52","modified_gmt":"2025-10-07T17:23:52","slug":"pedras-paralelepipedo-em-bh-em-betim-em-contagem","status":"publish","type":"product","link":"https:\/\/minasgramados.com.br\/Loja\/produto\/pedras-paralelepipedo-em-bh-em-betim-em-contagem\/","title":{"rendered":"Paralelep\u00edpedo Padr\u00e3o (Minimo 80m2)"},"content":{"rendered":"<p style=\"text-align: justify;\"><strong>PARALELEP\u00cdPEDO:<\/strong> Esta pavimenta\u00e7\u00e3o \u00e9 ideal para acabamento de estacionamentos e cal\u00e7adas que necessitam suportar caminh\u00f5es pesados, os paralelep\u00edpedos s\u00e3o extra\u00eddos e recortados de rochas de granitos. A aplica\u00e7\u00e3o \u00e9 realizada diretamente sobre o solo compactado, utilizando-se areia ou p\u00f3 de pedras resultando em um piso resistente e drenante.<\/p>\n<p><strong>*Aplica\u00e7\u00f5es<\/strong>: Os paralelep\u00edpedos s\u00e3o utilizados em grande escala tanto no \u00e2mbito rural quanto urbano para o melhor cal\u00e7amento das vias e locais; em pavimenta\u00e7\u00e3o de ruas e caminhos e sua coloca\u00e7\u00e3o pode ser enriquecida com desenhos formando arcos ou c\u00edrculos.<\/p>\n<p><strong>*Varia\u00e7\u00f5es de cores:<\/strong> As cores mais comuns dele s\u00e3o: Cinza claro ou Cinza escuro famoso Guin\u00e3es.<\/p>\n<p><strong>*Cores que n\u00e3o trabalhamos: <\/strong>Rosado e Dourado raridade conseguir essas cores.<\/p>\n<p><strong>*Vantagens do paralelep\u00edpedo<\/strong><\/p>\n<p>&#8211; Maior qualidade em termos de beleza ao local;<br \/>\n&#8211; Bom custo x benef\u00edcio;<br \/>\n&#8211; Pre\u00e7o acess\u00edvel;<br \/>\n&#8211; Entre outras.<\/p>\n<p><strong>*MEDIDAS M\u00c9DIAS POR SEREM IRREGULARES: ALTURA<\/strong>: 10 a 12 cm \/ ESPESSURA: 10 a 12 cm \/ COMPRIMENTO: 20 a 22 cm.<\/p>\n<p><strong>Obs:<\/strong> Caminh\u00f5es podem leva cargas com at\u00e9 100m\u00b2<\/p>\n<p><strong>*ATEN\u00c7\u00c3O:<\/strong> Venda m\u00ednima de <strong>80 a 100 M2<\/strong> e o <strong>frete \u00e9 calculado conforme localidade de entrega<\/strong>, entregamos na grande\u00a0 BH e regi\u00e3o e para envio para outras cidades\u00a0 e estados consulte nosso SAC a disponibilidade de estoque e tire suas d\u00favidas.<\/p>\n","protected":false},"excerpt":{"rendered":"<p style=\"text-align: justify;\"><strong>PARALELEP\u00cdPEDO:<\/strong> Esta pavimenta\u00e7\u00e3o \u00e9 ideal para acabamento de estacionamentos e cal\u00e7adas que necessitam suportar caminh\u00f5es pesados dentre outros, os paralelep\u00edpedos s\u00e3o extra\u00eddos e recortados de rochas de granitos. *Veja abaixo <strong>PRE\u00c7OS por m2<\/strong> conforme quantidade a ser comprada.<\/p>\n<p>. 100 a 3 mil M2 \u2013 R$: 135,90\u00a0 S\/NF e R$ 139,90 C\/NF<br \/>\n. 3 001 a 6mil M2 \u2013 R$: 134,90\u00a0 S\/NF e R$ 138,90 C\/NF<br \/>\n. E 6 mil acima M2 \u2013 R$: 132,90\u00a0 S\/NF e R$ 134,90 C\/NF<\/p>\n<p><strong>*Obs:<\/strong> De 70 a 99 M2 \u2013 R$: 145,90 S\/NF e R$ 149,90 C\/NF<\/p>\n<p><strong>*Obs:<\/strong> Frete pode ser FOB ou CIF, vai depender da quantidade da compra por M2 e o local de entrega, e os pre\u00e7os aqui com reajuste sem aviso pr\u00e9vio.<\/p>\n<p style=\"text-align: justify;\"><strong>*ATEN\u00c7\u00c3O:<\/strong> Venda m\u00ednima de <strong>80M2<\/strong>, e os valores acima \u00e9<strong> com e sem nota fiscal.<\/strong> <span style=\"color: #ff0000;\"><b style=\"color: #ff0000;\">(<\/b><span style=\"color: #ff0000;\"><b>Obs<\/b><\/span><b style=\"color: #ff0000;\">):<\/b><span style=\"color: #ff0000;\"> Para compras consulte-nos, as\u00a0 vendas s\u00f3 por encomenda mediante ordem de compra.<\/span><\/span><\/p>\n","protected":false},"featured_media":2130,"template":"","meta":{"_joinchat":[]},"product_brand":[],"product_cat":[18,45],"product_tag":[],"class_list":{"0":"post-2129","1":"product","2":"type-product","3":"status-publish","4":"has-post-thumbnail","6":"product_cat-construcao-e-cia","7":"product_cat-pavimentacoes-pisos","8":"entry","9":"has-media","11":"first","12":"outofstock","13":"sale","14":"shipping-taxable","15":"purchasable","16":"product-type-simple","17":"col","18":"wpex-woo-entry","19":"span_1_of_4"},"yoast_head":"<!-- This site is optimized with the Yoast SEO plugin v27.4 - https:\/\/yoast.com\/product\/yoast-seo-wordpress\/ -->\n<title>Paralelep\u00edpedo - Minas Gramados - Paralelepipedo em BH e Betim<\/title>\n<meta name=\"description\" content=\"Paralelep\u00edpedo: Pavimenta\u00e7\u00e3o ideal para estacionamentos e cal\u00e7adas que suporta caminh\u00f5es pesados, e s\u00e3o extra\u00eddos das rochas de granitos\" \/>\n<meta name=\"robots\" content=\"index, follow, max-snippet:-1, max-image-preview:large, max-video-preview:-1\" \/>\n<link rel=\"canonical\" href=\"https:\/\/minasgramados.com.br\/Loja\/produto\/pedras-paralelepipedo-em-bh-em-betim-em-contagem\/\" \/>\n<meta name=\"twitter:card\" content=\"summary_large_image\" \/>\n<meta name=\"twitter:title\" content=\"Paralelep\u00edpedo - Minas Gramados - Paralelepipedo em BH e Betim\" \/>\n<meta name=\"twitter:description\" content=\"Paralelep\u00edpedo: Pavimenta\u00e7\u00e3o ideal para estacionamentos e cal\u00e7adas que suporta caminh\u00f5es pesados, e s\u00e3o extra\u00eddos das rochas de granitos\" \/>\n<meta name=\"twitter:image\" content=\"https:\/\/minasgramados.com.br\/Loja\/wp-content\/uploads\/2017\/08\/Piso-paralelepido-grosso-Ago-2017.jpeg\" \/>\n<meta name=\"twitter:label1\" content=\"Est. tempo de leitura\" \/>\n\t<meta name=\"twitter:data1\" content=\"2 minutos\" \/>\n<script type=\"application\/ld+json\" class=\"yoast-schema-graph\">{\"@context\":\"https:\\\/\\\/schema.org\",\"@graph\":[{\"@type\":\"WebPage\",\"@id\":\"https:\\\/\\\/minasgramados.com.br\\\/Loja\\\/produto\\\/pedras-paralelepipedo-em-bh-em-betim-em-contagem\\\/\",\"url\":\"https:\\\/\\\/minasgramados.com.br\\\/Loja\\\/produto\\\/pedras-paralelepipedo-em-bh-em-betim-em-contagem\\\/\",\"name\":\"Paralelep\u00edpedo - Minas Gramados - Paralelepipedo em BH e Betim\",\"isPartOf\":{\"@id\":\"https:\\\/\\\/minasgramados.com.br\\\/Loja\\\/#website\"},\"primaryImageOfPage\":{\"@id\":\"https:\\\/\\\/minasgramados.com.br\\\/Loja\\\/produto\\\/pedras-paralelepipedo-em-bh-em-betim-em-contagem\\\/#primaryimage\"},\"image\":{\"@id\":\"https:\\\/\\\/minasgramados.com.br\\\/Loja\\\/produto\\\/pedras-paralelepipedo-em-bh-em-betim-em-contagem\\\/#primaryimage\"},\"thumbnailUrl\":\"https:\\\/\\\/minasgramados.com.br\\\/Loja\\\/wp-content\\\/uploads\\\/2017\\\/08\\\/Piso-paralelepido-grosso-Ago-2017.jpeg\",\"datePublished\":\"2017-08-27T18:26:01+00:00\",\"dateModified\":\"2025-10-07T17:23:52+00:00\",\"description\":\"Paralelep\u00edpedo: Pavimenta\u00e7\u00e3o ideal para estacionamentos e cal\u00e7adas que suporta caminh\u00f5es pesados, e s\u00e3o extra\u00eddos das rochas de granitos\",\"breadcrumb\":{\"@id\":\"https:\\\/\\\/minasgramados.com.br\\\/Loja\\\/produto\\\/pedras-paralelepipedo-em-bh-em-betim-em-contagem\\\/#breadcrumb\"},\"inLanguage\":\"pt-BR\",\"potentialAction\":[{\"@type\":\"ReadAction\",\"target\":[\"https:\\\/\\\/minasgramados.com.br\\\/Loja\\\/produto\\\/pedras-paralelepipedo-em-bh-em-betim-em-contagem\\\/\"]}]},{\"@type\":\"ImageObject\",\"inLanguage\":\"pt-BR\",\"@id\":\"https:\\\/\\\/minasgramados.com.br\\\/Loja\\\/produto\\\/pedras-paralelepipedo-em-bh-em-betim-em-contagem\\\/#primaryimage\",\"url\":\"https:\\\/\\\/minasgramados.com.br\\\/Loja\\\/wp-content\\\/uploads\\\/2017\\\/08\\\/Piso-paralelepido-grosso-Ago-2017.jpeg\",\"contentUrl\":\"https:\\\/\\\/minasgramados.com.br\\\/Loja\\\/wp-content\\\/uploads\\\/2017\\\/08\\\/Piso-paralelepido-grosso-Ago-2017.jpeg\",\"width\":800,\"height\":600},{\"@type\":\"BreadcrumbList\",\"@id\":\"https:\\\/\\\/minasgramados.com.br\\\/Loja\\\/produto\\\/pedras-paralelepipedo-em-bh-em-betim-em-contagem\\\/#breadcrumb\",\"itemListElement\":[{\"@type\":\"ListItem\",\"position\":1,\"name\":\"In\u00edcio\",\"item\":\"https:\\\/\\\/minasgramados.com.br\\\/Loja\\\/\"},{\"@type\":\"ListItem\",\"position\":2,\"name\":\"Loja\",\"item\":\"https:\\\/\\\/minasgramados.com.br\\\/Loja\\\/loja-modelo-03\\\/\"},{\"@type\":\"ListItem\",\"position\":3,\"name\":\"Paralelep\u00edpedo Padr\u00e3o (Minimo 80m2)\"}]},{\"@type\":\"WebSite\",\"@id\":\"https:\\\/\\\/minasgramados.com.br\\\/Loja\\\/#website\",\"url\":\"https:\\\/\\\/minasgramados.com.br\\\/Loja\\\/\",\"name\":\"Minas Gramados - Paisagismo e Hidrossemeadura.\",\"description\":\"Distribuidora de Gramas adubos sementes em Betim e no Brasil.\",\"publisher\":{\"@id\":\"https:\\\/\\\/minasgramados.com.br\\\/Loja\\\/#organization\"},\"potentialAction\":[{\"@type\":\"SearchAction\",\"target\":{\"@type\":\"EntryPoint\",\"urlTemplate\":\"https:\\\/\\\/minasgramados.com.br\\\/Loja\\\/?s={search_term_string}\"},\"query-input\":{\"@type\":\"PropertyValueSpecification\",\"valueRequired\":true,\"valueName\":\"search_term_string\"}}],\"inLanguage\":\"pt-BR\"},{\"@type\":\"Organization\",\"@id\":\"https:\\\/\\\/minasgramados.com.br\\\/Loja\\\/#organization\",\"name\":\"Minas Gramados - Paisagismo e Hidrossemeadura.\",\"url\":\"https:\\\/\\\/minasgramados.com.br\\\/Loja\\\/\",\"logo\":{\"@type\":\"ImageObject\",\"inLanguage\":\"pt-BR\",\"@id\":\"https:\\\/\\\/minasgramados.com.br\\\/Loja\\\/#\\\/schema\\\/logo\\\/image\\\/\",\"url\":\"https:\\\/\\\/minasgramados.com.br\\\/Loja\\\/wp-content\\\/uploads\\\/2018\\\/06\\\/gramados-original-1.gif\",\"contentUrl\":\"https:\\\/\\\/minasgramados.com.br\\\/Loja\\\/wp-content\\\/uploads\\\/2018\\\/06\\\/gramados-original-1.gif\",\"width\":600,\"height\":300,\"caption\":\"Minas Gramados - Paisagismo e Hidrossemeadura.\"},\"image\":{\"@id\":\"https:\\\/\\\/minasgramados.com.br\\\/Loja\\\/#\\\/schema\\\/logo\\\/image\\\/\"}}]}<\/script>\n<!-- \/ Yoast SEO plugin. -->","yoast_head_json":{"title":"Paralelep\u00edpedo - Minas Gramados - Paralelepipedo em BH e Betim","description":"Paralelep\u00edpedo: Pavimenta\u00e7\u00e3o ideal para estacionamentos e cal\u00e7adas que suporta caminh\u00f5es pesados, e s\u00e3o extra\u00eddos das rochas de granitos","robots":{"index":"index","follow":"follow","max-snippet":"max-snippet:-1","max-image-preview":"max-image-preview:large","max-video-preview":"max-video-preview:-1"},"canonical":"https:\/\/minasgramados.com.br\/Loja\/produto\/pedras-paralelepipedo-em-bh-em-betim-em-contagem\/","twitter_card":"summary_large_image","twitter_title":"Paralelep\u00edpedo - Minas Gramados - Paralelepipedo em BH e Betim","twitter_description":"Paralelep\u00edpedo: Pavimenta\u00e7\u00e3o ideal para estacionamentos e cal\u00e7adas que suporta caminh\u00f5es pesados, e s\u00e3o extra\u00eddos das rochas de granitos","twitter_image":"https:\/\/minasgramados.com.br\/Loja\/wp-content\/uploads\/2017\/08\/Piso-paralelepido-grosso-Ago-2017.jpeg","twitter_misc":{"Est. tempo de leitura":"2 minutos"},"schema":{"@context":"https:\/\/schema.org","@graph":[{"@type":"WebPage","@id":"https:\/\/minasgramados.com.br\/Loja\/produto\/pedras-paralelepipedo-em-bh-em-betim-em-contagem\/","url":"https:\/\/minasgramados.com.br\/Loja\/produto\/pedras-paralelepipedo-em-bh-em-betim-em-contagem\/","name":"Paralelep\u00edpedo - Minas Gramados - Paralelepipedo em BH e Betim","isPartOf":{"@id":"https:\/\/minasgramados.com.br\/Loja\/#website"},"primaryImageOfPage":{"@id":"https:\/\/minasgramados.com.br\/Loja\/produto\/pedras-paralelepipedo-em-bh-em-betim-em-contagem\/#primaryimage"},"image":{"@id":"https:\/\/minasgramados.com.br\/Loja\/produto\/pedras-paralelepipedo-em-bh-em-betim-em-contagem\/#primaryimage"},"thumbnailUrl":"https:\/\/minasgramados.com.br\/Loja\/wp-content\/uploads\/2017\/08\/Piso-paralelepido-grosso-Ago-2017.jpeg","datePublished":"2017-08-27T18:26:01+00:00","dateModified":"2025-10-07T17:23:52+00:00","description":"Paralelep\u00edpedo: Pavimenta\u00e7\u00e3o ideal para estacionamentos e cal\u00e7adas que suporta caminh\u00f5es pesados, e s\u00e3o extra\u00eddos das rochas de granitos","breadcrumb":{"@id":"https:\/\/minasgramados.com.br\/Loja\/produto\/pedras-paralelepipedo-em-bh-em-betim-em-contagem\/#breadcrumb"},"inLanguage":"pt-BR","potentialAction":[{"@type":"ReadAction","target":["https:\/\/minasgramados.com.br\/Loja\/produto\/pedras-paralelepipedo-em-bh-em-betim-em-contagem\/"]}]},{"@type":"ImageObject","inLanguage":"pt-BR","@id":"https:\/\/minasgramados.com.br\/Loja\/produto\/pedras-paralelepipedo-em-bh-em-betim-em-contagem\/#primaryimage","url":"https:\/\/minasgramados.com.br\/Loja\/wp-content\/uploads\/2017\/08\/Piso-paralelepido-grosso-Ago-2017.jpeg","contentUrl":"https:\/\/minasgramados.com.br\/Loja\/wp-content\/uploads\/2017\/08\/Piso-paralelepido-grosso-Ago-2017.jpeg","width":800,"height":600},{"@type":"BreadcrumbList","@id":"https:\/\/minasgramados.com.br\/Loja\/produto\/pedras-paralelepipedo-em-bh-em-betim-em-contagem\/#breadcrumb","itemListElement":[{"@type":"ListItem","position":1,"name":"In\u00edcio","item":"https:\/\/minasgramados.com.br\/Loja\/"},{"@type":"ListItem","position":2,"name":"Loja","item":"https:\/\/minasgramados.com.br\/Loja\/loja-modelo-03\/"},{"@type":"ListItem","position":3,"name":"Paralelep\u00edpedo Padr\u00e3o (Minimo 80m2)"}]},{"@type":"WebSite","@id":"https:\/\/minasgramados.com.br\/Loja\/#website","url":"https:\/\/minasgramados.com.br\/Loja\/","name":"Minas Gramados - Paisagismo e Hidrossemeadura.","description":"Distribuidora de Gramas adubos sementes em Betim e no Brasil.","publisher":{"@id":"https:\/\/minasgramados.com.br\/Loja\/#organization"},"potentialAction":[{"@type":"SearchAction","target":{"@type":"EntryPoint","urlTemplate":"https:\/\/minasgramados.com.br\/Loja\/?s={search_term_string}"},"query-input":{"@type":"PropertyValueSpecification","valueRequired":true,"valueName":"search_term_string"}}],"inLanguage":"pt-BR"},{"@type":"Organization","@id":"https:\/\/minasgramados.com.br\/Loja\/#organization","name":"Minas Gramados - Paisagismo e Hidrossemeadura.","url":"https:\/\/minasgramados.com.br\/Loja\/","logo":{"@type":"ImageObject","inLanguage":"pt-BR","@id":"https:\/\/minasgramados.com.br\/Loja\/#\/schema\/logo\/image\/","url":"https:\/\/minasgramados.com.br\/Loja\/wp-content\/uploads\/2018\/06\/gramados-original-1.gif","contentUrl":"https:\/\/minasgramados.com.br\/Loja\/wp-content\/uploads\/2018\/06\/gramados-original-1.gif","width":600,"height":300,"caption":"Minas Gramados - Paisagismo e Hidrossemeadura."},"image":{"@id":"https:\/\/minasgramados.com.br\/Loja\/#\/schema\/logo\/image\/"}}]}},"_links":{"self":[{"href":"https:\/\/minasgramados.com.br\/Loja\/wp-json\/wp\/v2\/product\/2129","targetHints":{"allow":["GET"]}}],"collection":[{"href":"https:\/\/minasgramados.com.br\/Loja\/wp-json\/wp\/v2\/product"}],"about":[{"href":"https:\/\/minasgramados.com.br\/Loja\/wp-json\/wp\/v2\/types\/product"}],"wp:featuredmedia":[{"embeddable":true,"href":"https:\/\/minasgramados.com.br\/Loja\/wp-json\/wp\/v2\/media\/2130"}],"wp:attachment":[{"href":"https:\/\/minasgramados.com.br\/Loja\/wp-json\/wp\/v2\/media?parent=2129"}],"wp:term":[{"taxonomy":"product_brand","embeddable":true,"href":"https:\/\/minasgramados.com.br\/Loja\/wp-json\/wp\/v2\/product_brand?post=2129"},{"taxonomy":"product_cat","embeddable":true,"href":"https:\/\/minasgramados.com.br\/Loja\/wp-json\/wp\/v2\/product_cat?post=2129"},{"taxonomy":"product_tag","embeddable":true,"href":"https:\/\/minasgramados.com.br\/Loja\/wp-json\/wp\/v2\/product_tag?post=2129"}],"curies":[{"name":"wp","href":"https:\/\/api.w.org\/{rel}","templated":true}]}}