{"id":2199,"date":"2018-03-27T19:52:01","date_gmt":"2018-03-27T22:52:01","guid":{"rendered":"http:\/\/minasgramados.com.br\/Loja\/?post_type=product&#038;p=2199"},"modified":"2022-05-16T11:28:49","modified_gmt":"2022-05-16T14:28:49","slug":"grama-sintetica-decorativa-20mm","status":"publish","type":"product","link":"https:\/\/minasgramados.com.br\/Loja\/produto\/grama-sintetica-decorativa-20mm\/","title":{"rendered":"Grama sint\u00e9tica decorativa Carpetcolor 20mm"},"content":{"rendered":"<p style=\"text-align: justify\">Grama Sint\u00e9tica Decorativa 20mm CarpetColor, \u00e9 uma Grama top de linha,\u00a0 s\u00e3o cores exclusivas, ideal para decora\u00e7\u00f5es modernas e contempor\u00e2neas. Al\u00e9m das cores diferenciadas possui 20mm de espessura, tornando o produto ainda mais atrativo.<\/p>\n<p style=\"text-align: justify\">Especifica\u00e7\u00f5es<\/p>\n<p style=\"text-align: justify\">\u2013 Quartos e Salas<br \/>\n\u2013 Escrit\u00f3rios<br \/>\n\u2013 Varandas e Sacadas<br \/>\n\u2013 Playgrounds<br \/>\n\u2013 Escolas<br \/>\n\u2013 Brinquedotecas<br \/>\n\u2013 Lounges<br \/>\n\u2013 Restaurantes e Caf\u00e9s<br \/>\n\u2013 Lojas e Shoppings<br \/>\n\u2013 Garantia de estabilidade UV.<br \/>\n\u2013 Diversidade de cores: PRETO-CINZA-MARROM-ROXO-AZUL CLARO-VERDE CLARO-BRANCO.<\/p>\n<p style=\"text-align: justify\">Dados T\u00e9cnicos<\/p>\n<p style=\"text-align: justify\">Material\u2026\u2026\u2026\u2026\u2026\u2026\u2026\u2026\u2026.100% Polietileno<br \/>\nEspessura \u2026\u2026\u2026\u2026\u2026\u2026..20mm<br \/>\nBase\u2026\u2026\u2026\u2026\u2026\u2026\u2026\u2026\u2026\u2026..Dupla<\/p>\n<p style=\"text-align: justify\">*PROMO\u00c7\u00d5ES ABAIXO CONFORME METRAGEM ESCOLHIDA:<\/p>\n<p style=\"text-align: justify\">Material vem em rolos com 3 metros l\u00edneares ( Rolos com 30M\u00b2 )<\/p>\n<p style=\"text-align: justify\">\n<p style=\"text-align: justify\">*ATEN\u00c7\u00c3O: Venda min\u00edma dessa grama \u00e9 de 30m2, com entrega para BH e regi\u00f5es consultar frete, n\u00e3o estocamos essa grama em nossa loja, somente pedidos por telefone. OBS: Grama dispon\u00edvel em nossa loja virtual porem pedidos consulte nosso SAC a disponibilidade dela e tire suas d\u00favidas.<\/p>\n","protected":false},"excerpt":{"rendered":"<p style=\"text-align: justify\">ATEN\u00c7\u00c3O: Grama Sint\u00e9tica decorativa Carpetcolor de 20 mm: Ela \u00e9 recomendada para uso comercial e residencial; prote\u00e7\u00e3o, decora\u00e7\u00e3o e seguran\u00e7a em playgrounds, lojas, shopping e etc, e a nossa venda minima dessa grama \u00e9 de 30m2, os pedidos maiores s\u00e3o enviados para a fabrica e as entregas pode demorar de 05 a 10 dias, <span style=\"color: #ff0000\">(Obs): O valor acima \u00e9 para compras no varejo, abaixo segue valores promocionais para atacado, consulte nosso SAC o estoque e o prazo de entrega e condi\u00e7\u00f5es comerciais por telefone ou por e-mail.<\/span><\/p>\n","protected":false},"featured_media":2200,"template":"","meta":{"_joinchat":[]},"product_brand":[],"product_cat":[17],"product_tag":[],"class_list":{"0":"post-2199","1":"product","2":"type-product","3":"status-publish","4":"has-post-thumbnail","6":"product_cat-gramas-sinteticas","7":"entry","8":"has-media","10":"first","11":"outofstock","12":"sale","13":"shipping-taxable","14":"purchasable","15":"product-type-simple","16":"col","17":"wpex-woo-entry","18":"span_1_of_4"},"yoast_head":"<!-- This site is optimized with the Yoast SEO plugin v27.3 - https:\/\/yoast.com\/product\/yoast-seo-wordpress\/ -->\n<title>Grama Grama sint\u00e9tica decorativa carpetcolor 20mm- Grama carpete color BH<\/title>\n<meta name=\"description\" content=\"Grama carpete color para uso residencial; prote\u00e7\u00e3o, decora\u00e7\u00e3o e seguran\u00e7a em playgrounds,lojas,shopping e etc, e a nossa venda minima dessa grama \u00e9 de 30m2.\" \/>\n<meta name=\"robots\" content=\"index, follow, max-snippet:-1, max-image-preview:large, max-video-preview:-1\" \/>\n<link rel=\"canonical\" href=\"https:\/\/minasgramados.com.br\/Loja\/produto\/grama-sintetica-decorativa-20mm\/\" \/>\n<meta name=\"twitter:card\" content=\"summary_large_image\" \/>\n<meta name=\"twitter:title\" content=\"Grama Grama sint\u00e9tica decorativa carpetcolor 20mm- Grama carpete color BH\" \/>\n<meta name=\"twitter:description\" content=\"Grama carpete color para uso residencial; prote\u00e7\u00e3o, decora\u00e7\u00e3o e seguran\u00e7a em playgrounds,lojas,shopping e etc, e a nossa venda minima dessa grama \u00e9 de 30m2.\" \/>\n<meta name=\"twitter:image\" content=\"https:\/\/minasgramados.com.br\/Loja\/wp-content\/uploads\/2018\/03\/20mm-colorida..jpeg\" \/>\n<meta name=\"twitter:label1\" content=\"Est. tempo de leitura\" \/>\n\t<meta name=\"twitter:data1\" content=\"1 minuto\" \/>\n<script type=\"application\/ld+json\" class=\"yoast-schema-graph\">{\"@context\":\"https:\\\/\\\/schema.org\",\"@graph\":[{\"@type\":\"WebPage\",\"@id\":\"https:\\\/\\\/minasgramados.com.br\\\/Loja\\\/produto\\\/grama-sintetica-decorativa-20mm\\\/\",\"url\":\"https:\\\/\\\/minasgramados.com.br\\\/Loja\\\/produto\\\/grama-sintetica-decorativa-20mm\\\/\",\"name\":\"Grama Grama sint\u00e9tica decorativa carpetcolor 20mm- Grama carpete color BH\",\"isPartOf\":{\"@id\":\"https:\\\/\\\/minasgramados.com.br\\\/Loja\\\/#website\"},\"primaryImageOfPage\":{\"@id\":\"https:\\\/\\\/minasgramados.com.br\\\/Loja\\\/produto\\\/grama-sintetica-decorativa-20mm\\\/#primaryimage\"},\"image\":{\"@id\":\"https:\\\/\\\/minasgramados.com.br\\\/Loja\\\/produto\\\/grama-sintetica-decorativa-20mm\\\/#primaryimage\"},\"thumbnailUrl\":\"https:\\\/\\\/minasgramados.com.br\\\/Loja\\\/wp-content\\\/uploads\\\/2018\\\/03\\\/20mm-colorida..jpeg\",\"datePublished\":\"2018-03-27T22:52:01+00:00\",\"dateModified\":\"2022-05-16T14:28:49+00:00\",\"description\":\"Grama carpete color para uso residencial; prote\u00e7\u00e3o, decora\u00e7\u00e3o e seguran\u00e7a em playgrounds,lojas,shopping e etc, e a nossa venda minima dessa grama \u00e9 de 30m2.\",\"breadcrumb\":{\"@id\":\"https:\\\/\\\/minasgramados.com.br\\\/Loja\\\/produto\\\/grama-sintetica-decorativa-20mm\\\/#breadcrumb\"},\"inLanguage\":\"pt-BR\",\"potentialAction\":[{\"@type\":\"ReadAction\",\"target\":[\"https:\\\/\\\/minasgramados.com.br\\\/Loja\\\/produto\\\/grama-sintetica-decorativa-20mm\\\/\"]}]},{\"@type\":\"ImageObject\",\"inLanguage\":\"pt-BR\",\"@id\":\"https:\\\/\\\/minasgramados.com.br\\\/Loja\\\/produto\\\/grama-sintetica-decorativa-20mm\\\/#primaryimage\",\"url\":\"https:\\\/\\\/minasgramados.com.br\\\/Loja\\\/wp-content\\\/uploads\\\/2018\\\/03\\\/20mm-colorida..jpeg\",\"contentUrl\":\"https:\\\/\\\/minasgramados.com.br\\\/Loja\\\/wp-content\\\/uploads\\\/2018\\\/03\\\/20mm-colorida..jpeg\",\"width\":812,\"height\":768},{\"@type\":\"BreadcrumbList\",\"@id\":\"https:\\\/\\\/minasgramados.com.br\\\/Loja\\\/produto\\\/grama-sintetica-decorativa-20mm\\\/#breadcrumb\",\"itemListElement\":[{\"@type\":\"ListItem\",\"position\":1,\"name\":\"In\u00edcio\",\"item\":\"https:\\\/\\\/minasgramados.com.br\\\/Loja\\\/\"},{\"@type\":\"ListItem\",\"position\":2,\"name\":\"Loja\",\"item\":\"https:\\\/\\\/minasgramados.com.br\\\/Loja\\\/loja-modelo-03\\\/\"},{\"@type\":\"ListItem\",\"position\":3,\"name\":\"Grama sint\u00e9tica decorativa Carpetcolor 20mm\"}]},{\"@type\":\"WebSite\",\"@id\":\"https:\\\/\\\/minasgramados.com.br\\\/Loja\\\/#website\",\"url\":\"https:\\\/\\\/minasgramados.com.br\\\/Loja\\\/\",\"name\":\"Minas Gramados - Paisagismo e Hidrossemeadura.\",\"description\":\"Distribuidora de Gramas adubos sementes em Betim e no Brasil.\",\"publisher\":{\"@id\":\"https:\\\/\\\/minasgramados.com.br\\\/Loja\\\/#organization\"},\"potentialAction\":[{\"@type\":\"SearchAction\",\"target\":{\"@type\":\"EntryPoint\",\"urlTemplate\":\"https:\\\/\\\/minasgramados.com.br\\\/Loja\\\/?s={search_term_string}\"},\"query-input\":{\"@type\":\"PropertyValueSpecification\",\"valueRequired\":true,\"valueName\":\"search_term_string\"}}],\"inLanguage\":\"pt-BR\"},{\"@type\":\"Organization\",\"@id\":\"https:\\\/\\\/minasgramados.com.br\\\/Loja\\\/#organization\",\"name\":\"Minas Gramados - Paisagismo e Hidrossemeadura.\",\"url\":\"https:\\\/\\\/minasgramados.com.br\\\/Loja\\\/\",\"logo\":{\"@type\":\"ImageObject\",\"inLanguage\":\"pt-BR\",\"@id\":\"https:\\\/\\\/minasgramados.com.br\\\/Loja\\\/#\\\/schema\\\/logo\\\/image\\\/\",\"url\":\"https:\\\/\\\/minasgramados.com.br\\\/Loja\\\/wp-content\\\/uploads\\\/2018\\\/06\\\/gramados-original-1.gif\",\"contentUrl\":\"https:\\\/\\\/minasgramados.com.br\\\/Loja\\\/wp-content\\\/uploads\\\/2018\\\/06\\\/gramados-original-1.gif\",\"width\":600,\"height\":300,\"caption\":\"Minas Gramados - Paisagismo e Hidrossemeadura.\"},\"image\":{\"@id\":\"https:\\\/\\\/minasgramados.com.br\\\/Loja\\\/#\\\/schema\\\/logo\\\/image\\\/\"}}]}<\/script>\n<!-- \/ Yoast SEO plugin. -->","yoast_head_json":{"title":"Grama Grama sint\u00e9tica decorativa carpetcolor 20mm- Grama carpete color BH","description":"Grama carpete color para uso residencial; prote\u00e7\u00e3o, decora\u00e7\u00e3o e seguran\u00e7a em playgrounds,lojas,shopping e etc, e a nossa venda minima dessa grama \u00e9 de 30m2.","robots":{"index":"index","follow":"follow","max-snippet":"max-snippet:-1","max-image-preview":"max-image-preview:large","max-video-preview":"max-video-preview:-1"},"canonical":"https:\/\/minasgramados.com.br\/Loja\/produto\/grama-sintetica-decorativa-20mm\/","twitter_card":"summary_large_image","twitter_title":"Grama Grama sint\u00e9tica decorativa carpetcolor 20mm- Grama carpete color BH","twitter_description":"Grama carpete color para uso residencial; prote\u00e7\u00e3o, decora\u00e7\u00e3o e seguran\u00e7a em playgrounds,lojas,shopping e etc, e a nossa venda minima dessa grama \u00e9 de 30m2.","twitter_image":"https:\/\/minasgramados.com.br\/Loja\/wp-content\/uploads\/2018\/03\/20mm-colorida..jpeg","twitter_misc":{"Est. tempo de leitura":"1 minuto"},"schema":{"@context":"https:\/\/schema.org","@graph":[{"@type":"WebPage","@id":"https:\/\/minasgramados.com.br\/Loja\/produto\/grama-sintetica-decorativa-20mm\/","url":"https:\/\/minasgramados.com.br\/Loja\/produto\/grama-sintetica-decorativa-20mm\/","name":"Grama Grama sint\u00e9tica decorativa carpetcolor 20mm- Grama carpete color BH","isPartOf":{"@id":"https:\/\/minasgramados.com.br\/Loja\/#website"},"primaryImageOfPage":{"@id":"https:\/\/minasgramados.com.br\/Loja\/produto\/grama-sintetica-decorativa-20mm\/#primaryimage"},"image":{"@id":"https:\/\/minasgramados.com.br\/Loja\/produto\/grama-sintetica-decorativa-20mm\/#primaryimage"},"thumbnailUrl":"https:\/\/minasgramados.com.br\/Loja\/wp-content\/uploads\/2018\/03\/20mm-colorida..jpeg","datePublished":"2018-03-27T22:52:01+00:00","dateModified":"2022-05-16T14:28:49+00:00","description":"Grama carpete color para uso residencial; prote\u00e7\u00e3o, decora\u00e7\u00e3o e seguran\u00e7a em playgrounds,lojas,shopping e etc, e a nossa venda minima dessa grama \u00e9 de 30m2.","breadcrumb":{"@id":"https:\/\/minasgramados.com.br\/Loja\/produto\/grama-sintetica-decorativa-20mm\/#breadcrumb"},"inLanguage":"pt-BR","potentialAction":[{"@type":"ReadAction","target":["https:\/\/minasgramados.com.br\/Loja\/produto\/grama-sintetica-decorativa-20mm\/"]}]},{"@type":"ImageObject","inLanguage":"pt-BR","@id":"https:\/\/minasgramados.com.br\/Loja\/produto\/grama-sintetica-decorativa-20mm\/#primaryimage","url":"https:\/\/minasgramados.com.br\/Loja\/wp-content\/uploads\/2018\/03\/20mm-colorida..jpeg","contentUrl":"https:\/\/minasgramados.com.br\/Loja\/wp-content\/uploads\/2018\/03\/20mm-colorida..jpeg","width":812,"height":768},{"@type":"BreadcrumbList","@id":"https:\/\/minasgramados.com.br\/Loja\/produto\/grama-sintetica-decorativa-20mm\/#breadcrumb","itemListElement":[{"@type":"ListItem","position":1,"name":"In\u00edcio","item":"https:\/\/minasgramados.com.br\/Loja\/"},{"@type":"ListItem","position":2,"name":"Loja","item":"https:\/\/minasgramados.com.br\/Loja\/loja-modelo-03\/"},{"@type":"ListItem","position":3,"name":"Grama sint\u00e9tica decorativa Carpetcolor 20mm"}]},{"@type":"WebSite","@id":"https:\/\/minasgramados.com.br\/Loja\/#website","url":"https:\/\/minasgramados.com.br\/Loja\/","name":"Minas Gramados - Paisagismo e Hidrossemeadura.","description":"Distribuidora de Gramas adubos sementes em Betim e no Brasil.","publisher":{"@id":"https:\/\/minasgramados.com.br\/Loja\/#organization"},"potentialAction":[{"@type":"SearchAction","target":{"@type":"EntryPoint","urlTemplate":"https:\/\/minasgramados.com.br\/Loja\/?s={search_term_string}"},"query-input":{"@type":"PropertyValueSpecification","valueRequired":true,"valueName":"search_term_string"}}],"inLanguage":"pt-BR"},{"@type":"Organization","@id":"https:\/\/minasgramados.com.br\/Loja\/#organization","name":"Minas Gramados - Paisagismo e Hidrossemeadura.","url":"https:\/\/minasgramados.com.br\/Loja\/","logo":{"@type":"ImageObject","inLanguage":"pt-BR","@id":"https:\/\/minasgramados.com.br\/Loja\/#\/schema\/logo\/image\/","url":"https:\/\/minasgramados.com.br\/Loja\/wp-content\/uploads\/2018\/06\/gramados-original-1.gif","contentUrl":"https:\/\/minasgramados.com.br\/Loja\/wp-content\/uploads\/2018\/06\/gramados-original-1.gif","width":600,"height":300,"caption":"Minas Gramados - Paisagismo e Hidrossemeadura."},"image":{"@id":"https:\/\/minasgramados.com.br\/Loja\/#\/schema\/logo\/image\/"}}]}},"_links":{"self":[{"href":"https:\/\/minasgramados.com.br\/Loja\/wp-json\/wp\/v2\/product\/2199","targetHints":{"allow":["GET"]}}],"collection":[{"href":"https:\/\/minasgramados.com.br\/Loja\/wp-json\/wp\/v2\/product"}],"about":[{"href":"https:\/\/minasgramados.com.br\/Loja\/wp-json\/wp\/v2\/types\/product"}],"wp:featuredmedia":[{"embeddable":true,"href":"https:\/\/minasgramados.com.br\/Loja\/wp-json\/wp\/v2\/media\/2200"}],"wp:attachment":[{"href":"https:\/\/minasgramados.com.br\/Loja\/wp-json\/wp\/v2\/media?parent=2199"}],"wp:term":[{"taxonomy":"product_brand","embeddable":true,"href":"https:\/\/minasgramados.com.br\/Loja\/wp-json\/wp\/v2\/product_brand?post=2199"},{"taxonomy":"product_cat","embeddable":true,"href":"https:\/\/minasgramados.com.br\/Loja\/wp-json\/wp\/v2\/product_cat?post=2199"},{"taxonomy":"product_tag","embeddable":true,"href":"https:\/\/minasgramados.com.br\/Loja\/wp-json\/wp\/v2\/product_tag?post=2199"}],"curies":[{"name":"wp","href":"https:\/\/api.w.org\/{rel}","templated":true}]}}