{"id":2209,"date":"2018-04-02T17:00:15","date_gmt":"2018-04-02T20:00:15","guid":{"rendered":"http:\/\/minasgramados.com.br\/Loja\/?post_type=product&#038;p=2209"},"modified":"2022-05-16T11:37:36","modified_gmt":"2022-05-16T14:37:36","slug":"grama-sintetica-paisagismo-12mm","status":"publish","type":"product","link":"https:\/\/minasgramados.com.br\/Loja\/produto\/grama-sintetica-paisagismo-12mm\/","title":{"rendered":"Grama Sint\u00e9tica Paisagismo 12mm"},"content":{"rendered":"<p>Grama sint\u00e9tica de alta resist\u00eancia com apar\u00eancia de grama natural; Instala\u00e7\u00e3o do produto: flutuante sobre a terra, ou colado ao ch\u00e3o com cola de contato ou fita dupla face.<br \/>\nBase para instala\u00e7\u00e3o: O contrapiso pode ser de terra, asfalto, concreto, cimento, piso de cer\u00e2mica, paredes, muros, revestimento de pedras ou tijolos.Tratamento protetor \u2013 Prote\u00e7\u00e3o contra raios ultravioleta UV que resulta em maior resist\u00eancia aos fatores clim\u00e1ticos, resistente ao sol e n\u00e3o perde a cor e Exclusiva prote\u00e7\u00e3o com solu\u00e7\u00e3o antif\u00fangica e antibactericida que ret\u00e9m a prolifera\u00e7\u00e3o de organismos indesejados e poss\u00edveis odores. Baixa abrasividade \u2013 confort\u00e1vel e agrad\u00e1vel ao toque dos p\u00e9s descal\u00e7os, n\u00e3o queima e n\u00e3o ret\u00e9m sujeira. Prote\u00e7\u00e3o antichama: n\u00e3o alastra o fogo oferecendo uma maior seguran\u00e7a. Limpeza ,ela pode ser aspirado, lavado e higienizado, por\u00e9m n\u00e3o recomendamos o uso de m\u00e1quinas wap a fim de garantir a maior durabilidade do produto.<br \/>\nIndica\u00e7\u00e3o: Jardins, playgrounds, mini campos e decora\u00e7\u00e3o. Pode ser integrada tamb\u00e9m a projetos de paisagismo permitindo mesclar vasos e plantas naturais.<\/p>\n<p>&nbsp;<\/p>\n<p>Altura da Fibra: 12mm<br \/>\nLargura do Rolo: 3m<br \/>\nPeso: 2,5 KG\/M\u00b2<\/p>\n<p>Fibras: Monofilamento Bicolor 100% Polietileno<\/p>\n<p>A garantia dessa Grama Sint\u00e9tica de 12mm \u00e9 de 6 Meses a\u00a01 ano por defeito de fabrica\u00e7\u00e3o<\/p>\n<p>ATEN\u00c7\u00c3O: Nossa venda minima dessa grama \u00e9 para metragens a partir\u00a0de 30m2 , os pedidos maiores ser\u00e3o enviados para a fabrica fabricar e as entregas pode demorar de 05 a 10 dias, d\u00favidas entrar em contato com o nosso SAC para tirar suas d\u00favidas.<\/p>\n","protected":false},"excerpt":{"rendered":"<p>Grama Sint\u00e9tica Paisagismo de 12mm: Nossa venda minima dessa grama \u00e9 de 30m2 , os pedidos maiores s\u00e3o enviados para a fabrica e as entregas pode demorar de 05 a 10 dias, d\u00favidas entrar em contato com o nosso SAC para tirar suas d\u00favidas.<span style=\"color: #ff0000\">(Obs): O Valor acima \u00e9 para compras no varejo, o\u00a0<strong>pre\u00e7o acima pode haver altera\u00e7\u00e3o sem aviso pr\u00e9vio,<\/strong> abaixo segue valores promocionais para atacado consultar- nos o estoque e o prazo de entrega e condi\u00e7\u00f5es comerciais por telefone ou por e-mail.)\u00a0<\/span><\/p>\n","protected":false},"featured_media":2213,"template":"","meta":{"_joinchat":[]},"product_brand":[],"product_cat":[17],"product_tag":[],"class_list":{"0":"post-2209","1":"product","2":"type-product","3":"status-publish","4":"has-post-thumbnail","6":"product_cat-gramas-sinteticas","7":"entry","8":"has-media","10":"first","11":"outofstock","12":"sale","13":"featured","14":"shipping-taxable","15":"purchasable","16":"product-type-simple","17":"col","18":"wpex-woo-entry","19":"span_1_of_4"},"yoast_head":"<!-- This site is optimized with the Yoast SEO plugin v27.3 - https:\/\/yoast.com\/product\/yoast-seo-wordpress\/ -->\n<title>Grama Sint\u00e9tica Paisagismo 12mm - Minas Gramados - Paisagismo e Hidrossemeadura.<\/title>\n<meta name=\"robots\" content=\"index, follow, max-snippet:-1, max-image-preview:large, max-video-preview:-1\" \/>\n<link rel=\"canonical\" href=\"https:\/\/minasgramados.com.br\/Loja\/produto\/grama-sintetica-paisagismo-12mm\/\" \/>\n<meta name=\"twitter:card\" content=\"summary_large_image\" \/>\n<meta name=\"twitter:title\" content=\"Grama Sint\u00e9tica Paisagismo 12mm - Minas Gramados - Paisagismo e Hidrossemeadura.\" \/>\n<meta name=\"twitter:description\" content=\"Grama Sint\u00e9tica Paisagismo de 12mm: Nossa venda minima dessa grama \u00e9 de 30m2 , os pedidos maiores s\u00e3o enviados para a fabrica e as entregas pode demorar de 05 a 10 dias, d\u00favidas entrar em contato com o nosso SAC para tirar suas d\u00favidas.(Obs): O Valor acima \u00e9 para compras no varejo, o\u00a0pre\u00e7o acima pode haver altera\u00e7\u00e3o sem aviso pr\u00e9vio, abaixo segue valores promocionais para atacado consultar- nos o estoque e o prazo de entrega e condi\u00e7\u00f5es comerciais por telefone ou por e-mail.)\u00a0\" \/>\n<meta name=\"twitter:image\" content=\"https:\/\/minasgramados.com.br\/Loja\/wp-content\/uploads\/2018\/04\/12mm-paisagismo.jpeg\" \/>\n<meta name=\"twitter:label1\" content=\"Est. tempo de leitura\" \/>\n\t<meta name=\"twitter:data1\" content=\"1 minuto\" \/>\n<script type=\"application\/ld+json\" class=\"yoast-schema-graph\">{\"@context\":\"https:\\\/\\\/schema.org\",\"@graph\":[{\"@type\":\"WebPage\",\"@id\":\"https:\\\/\\\/minasgramados.com.br\\\/Loja\\\/produto\\\/grama-sintetica-paisagismo-12mm\\\/\",\"url\":\"https:\\\/\\\/minasgramados.com.br\\\/Loja\\\/produto\\\/grama-sintetica-paisagismo-12mm\\\/\",\"name\":\"Grama Sint\u00e9tica Paisagismo 12mm - Minas Gramados - Paisagismo e Hidrossemeadura.\",\"isPartOf\":{\"@id\":\"https:\\\/\\\/minasgramados.com.br\\\/Loja\\\/#website\"},\"primaryImageOfPage\":{\"@id\":\"https:\\\/\\\/minasgramados.com.br\\\/Loja\\\/produto\\\/grama-sintetica-paisagismo-12mm\\\/#primaryimage\"},\"image\":{\"@id\":\"https:\\\/\\\/minasgramados.com.br\\\/Loja\\\/produto\\\/grama-sintetica-paisagismo-12mm\\\/#primaryimage\"},\"thumbnailUrl\":\"https:\\\/\\\/minasgramados.com.br\\\/Loja\\\/wp-content\\\/uploads\\\/2018\\\/04\\\/12mm-paisagismo.jpeg\",\"datePublished\":\"2018-04-02T20:00:15+00:00\",\"dateModified\":\"2022-05-16T14:37:36+00:00\",\"breadcrumb\":{\"@id\":\"https:\\\/\\\/minasgramados.com.br\\\/Loja\\\/produto\\\/grama-sintetica-paisagismo-12mm\\\/#breadcrumb\"},\"inLanguage\":\"pt-BR\",\"potentialAction\":[{\"@type\":\"ReadAction\",\"target\":[\"https:\\\/\\\/minasgramados.com.br\\\/Loja\\\/produto\\\/grama-sintetica-paisagismo-12mm\\\/\"]}]},{\"@type\":\"ImageObject\",\"inLanguage\":\"pt-BR\",\"@id\":\"https:\\\/\\\/minasgramados.com.br\\\/Loja\\\/produto\\\/grama-sintetica-paisagismo-12mm\\\/#primaryimage\",\"url\":\"https:\\\/\\\/minasgramados.com.br\\\/Loja\\\/wp-content\\\/uploads\\\/2018\\\/04\\\/12mm-paisagismo.jpeg\",\"contentUrl\":\"https:\\\/\\\/minasgramados.com.br\\\/Loja\\\/wp-content\\\/uploads\\\/2018\\\/04\\\/12mm-paisagismo.jpeg\",\"width\":597,\"height\":666},{\"@type\":\"BreadcrumbList\",\"@id\":\"https:\\\/\\\/minasgramados.com.br\\\/Loja\\\/produto\\\/grama-sintetica-paisagismo-12mm\\\/#breadcrumb\",\"itemListElement\":[{\"@type\":\"ListItem\",\"position\":1,\"name\":\"In\u00edcio\",\"item\":\"https:\\\/\\\/minasgramados.com.br\\\/Loja\\\/\"},{\"@type\":\"ListItem\",\"position\":2,\"name\":\"Loja\",\"item\":\"https:\\\/\\\/minasgramados.com.br\\\/Loja\\\/loja-modelo-03\\\/\"},{\"@type\":\"ListItem\",\"position\":3,\"name\":\"Grama Sint\u00e9tica Paisagismo 12mm\"}]},{\"@type\":\"WebSite\",\"@id\":\"https:\\\/\\\/minasgramados.com.br\\\/Loja\\\/#website\",\"url\":\"https:\\\/\\\/minasgramados.com.br\\\/Loja\\\/\",\"name\":\"Minas Gramados - Paisagismo e Hidrossemeadura.\",\"description\":\"Distribuidora de Gramas adubos sementes em Betim e no Brasil.\",\"publisher\":{\"@id\":\"https:\\\/\\\/minasgramados.com.br\\\/Loja\\\/#organization\"},\"potentialAction\":[{\"@type\":\"SearchAction\",\"target\":{\"@type\":\"EntryPoint\",\"urlTemplate\":\"https:\\\/\\\/minasgramados.com.br\\\/Loja\\\/?s={search_term_string}\"},\"query-input\":{\"@type\":\"PropertyValueSpecification\",\"valueRequired\":true,\"valueName\":\"search_term_string\"}}],\"inLanguage\":\"pt-BR\"},{\"@type\":\"Organization\",\"@id\":\"https:\\\/\\\/minasgramados.com.br\\\/Loja\\\/#organization\",\"name\":\"Minas Gramados - Paisagismo e Hidrossemeadura.\",\"url\":\"https:\\\/\\\/minasgramados.com.br\\\/Loja\\\/\",\"logo\":{\"@type\":\"ImageObject\",\"inLanguage\":\"pt-BR\",\"@id\":\"https:\\\/\\\/minasgramados.com.br\\\/Loja\\\/#\\\/schema\\\/logo\\\/image\\\/\",\"url\":\"https:\\\/\\\/minasgramados.com.br\\\/Loja\\\/wp-content\\\/uploads\\\/2018\\\/06\\\/gramados-original-1.gif\",\"contentUrl\":\"https:\\\/\\\/minasgramados.com.br\\\/Loja\\\/wp-content\\\/uploads\\\/2018\\\/06\\\/gramados-original-1.gif\",\"width\":600,\"height\":300,\"caption\":\"Minas Gramados - Paisagismo e Hidrossemeadura.\"},\"image\":{\"@id\":\"https:\\\/\\\/minasgramados.com.br\\\/Loja\\\/#\\\/schema\\\/logo\\\/image\\\/\"}}]}<\/script>\n<!-- \/ Yoast SEO plugin. -->","yoast_head_json":{"title":"Grama Sint\u00e9tica Paisagismo 12mm - Minas Gramados - Paisagismo e Hidrossemeadura.","robots":{"index":"index","follow":"follow","max-snippet":"max-snippet:-1","max-image-preview":"max-image-preview:large","max-video-preview":"max-video-preview:-1"},"canonical":"https:\/\/minasgramados.com.br\/Loja\/produto\/grama-sintetica-paisagismo-12mm\/","twitter_card":"summary_large_image","twitter_title":"Grama Sint\u00e9tica Paisagismo 12mm - Minas Gramados - Paisagismo e Hidrossemeadura.","twitter_description":"Grama Sint\u00e9tica Paisagismo de 12mm: Nossa venda minima dessa grama \u00e9 de 30m2 , os pedidos maiores s\u00e3o enviados para a fabrica e as entregas pode demorar de 05 a 10 dias, d\u00favidas entrar em contato com o nosso SAC para tirar suas d\u00favidas.(Obs): O Valor acima \u00e9 para compras no varejo, o\u00a0pre\u00e7o acima pode haver altera\u00e7\u00e3o sem aviso pr\u00e9vio, abaixo segue valores promocionais para atacado consultar- nos o estoque e o prazo de entrega e condi\u00e7\u00f5es comerciais por telefone ou por e-mail.)\u00a0","twitter_image":"https:\/\/minasgramados.com.br\/Loja\/wp-content\/uploads\/2018\/04\/12mm-paisagismo.jpeg","twitter_misc":{"Est. tempo de leitura":"1 minuto"},"schema":{"@context":"https:\/\/schema.org","@graph":[{"@type":"WebPage","@id":"https:\/\/minasgramados.com.br\/Loja\/produto\/grama-sintetica-paisagismo-12mm\/","url":"https:\/\/minasgramados.com.br\/Loja\/produto\/grama-sintetica-paisagismo-12mm\/","name":"Grama Sint\u00e9tica Paisagismo 12mm - Minas Gramados - Paisagismo e Hidrossemeadura.","isPartOf":{"@id":"https:\/\/minasgramados.com.br\/Loja\/#website"},"primaryImageOfPage":{"@id":"https:\/\/minasgramados.com.br\/Loja\/produto\/grama-sintetica-paisagismo-12mm\/#primaryimage"},"image":{"@id":"https:\/\/minasgramados.com.br\/Loja\/produto\/grama-sintetica-paisagismo-12mm\/#primaryimage"},"thumbnailUrl":"https:\/\/minasgramados.com.br\/Loja\/wp-content\/uploads\/2018\/04\/12mm-paisagismo.jpeg","datePublished":"2018-04-02T20:00:15+00:00","dateModified":"2022-05-16T14:37:36+00:00","breadcrumb":{"@id":"https:\/\/minasgramados.com.br\/Loja\/produto\/grama-sintetica-paisagismo-12mm\/#breadcrumb"},"inLanguage":"pt-BR","potentialAction":[{"@type":"ReadAction","target":["https:\/\/minasgramados.com.br\/Loja\/produto\/grama-sintetica-paisagismo-12mm\/"]}]},{"@type":"ImageObject","inLanguage":"pt-BR","@id":"https:\/\/minasgramados.com.br\/Loja\/produto\/grama-sintetica-paisagismo-12mm\/#primaryimage","url":"https:\/\/minasgramados.com.br\/Loja\/wp-content\/uploads\/2018\/04\/12mm-paisagismo.jpeg","contentUrl":"https:\/\/minasgramados.com.br\/Loja\/wp-content\/uploads\/2018\/04\/12mm-paisagismo.jpeg","width":597,"height":666},{"@type":"BreadcrumbList","@id":"https:\/\/minasgramados.com.br\/Loja\/produto\/grama-sintetica-paisagismo-12mm\/#breadcrumb","itemListElement":[{"@type":"ListItem","position":1,"name":"In\u00edcio","item":"https:\/\/minasgramados.com.br\/Loja\/"},{"@type":"ListItem","position":2,"name":"Loja","item":"https:\/\/minasgramados.com.br\/Loja\/loja-modelo-03\/"},{"@type":"ListItem","position":3,"name":"Grama Sint\u00e9tica Paisagismo 12mm"}]},{"@type":"WebSite","@id":"https:\/\/minasgramados.com.br\/Loja\/#website","url":"https:\/\/minasgramados.com.br\/Loja\/","name":"Minas Gramados - Paisagismo e Hidrossemeadura.","description":"Distribuidora de Gramas adubos sementes em Betim e no Brasil.","publisher":{"@id":"https:\/\/minasgramados.com.br\/Loja\/#organization"},"potentialAction":[{"@type":"SearchAction","target":{"@type":"EntryPoint","urlTemplate":"https:\/\/minasgramados.com.br\/Loja\/?s={search_term_string}"},"query-input":{"@type":"PropertyValueSpecification","valueRequired":true,"valueName":"search_term_string"}}],"inLanguage":"pt-BR"},{"@type":"Organization","@id":"https:\/\/minasgramados.com.br\/Loja\/#organization","name":"Minas Gramados - Paisagismo e Hidrossemeadura.","url":"https:\/\/minasgramados.com.br\/Loja\/","logo":{"@type":"ImageObject","inLanguage":"pt-BR","@id":"https:\/\/minasgramados.com.br\/Loja\/#\/schema\/logo\/image\/","url":"https:\/\/minasgramados.com.br\/Loja\/wp-content\/uploads\/2018\/06\/gramados-original-1.gif","contentUrl":"https:\/\/minasgramados.com.br\/Loja\/wp-content\/uploads\/2018\/06\/gramados-original-1.gif","width":600,"height":300,"caption":"Minas Gramados - Paisagismo e Hidrossemeadura."},"image":{"@id":"https:\/\/minasgramados.com.br\/Loja\/#\/schema\/logo\/image\/"}}]}},"_links":{"self":[{"href":"https:\/\/minasgramados.com.br\/Loja\/wp-json\/wp\/v2\/product\/2209","targetHints":{"allow":["GET"]}}],"collection":[{"href":"https:\/\/minasgramados.com.br\/Loja\/wp-json\/wp\/v2\/product"}],"about":[{"href":"https:\/\/minasgramados.com.br\/Loja\/wp-json\/wp\/v2\/types\/product"}],"wp:featuredmedia":[{"embeddable":true,"href":"https:\/\/minasgramados.com.br\/Loja\/wp-json\/wp\/v2\/media\/2213"}],"wp:attachment":[{"href":"https:\/\/minasgramados.com.br\/Loja\/wp-json\/wp\/v2\/media?parent=2209"}],"wp:term":[{"taxonomy":"product_brand","embeddable":true,"href":"https:\/\/minasgramados.com.br\/Loja\/wp-json\/wp\/v2\/product_brand?post=2209"},{"taxonomy":"product_cat","embeddable":true,"href":"https:\/\/minasgramados.com.br\/Loja\/wp-json\/wp\/v2\/product_cat?post=2209"},{"taxonomy":"product_tag","embeddable":true,"href":"https:\/\/minasgramados.com.br\/Loja\/wp-json\/wp\/v2\/product_tag?post=2209"}],"curies":[{"name":"wp","href":"https:\/\/api.w.org\/{rel}","templated":true}]}}