{"id":2616,"date":"2018-10-18T16:27:21","date_gmt":"2018-10-18T19:27:21","guid":{"rendered":"http:\/\/minasgramados.com.br\/Loja\/?post_type=product&#038;p=2616"},"modified":"2021-04-23T09:24:50","modified_gmt":"2021-04-23T12:24:50","slug":"herbicida-karpir-1-frasco-de-15ml","status":"publish","type":"product","link":"https:\/\/minasgramados.com.br\/Loja\/produto\/herbicida-karpir-1-frasco-de-15ml\/","title":{"rendered":"Herbicida KARPIR ( 1 frasco de 1,5ml )"},"content":{"rendered":"<p>Herbicida seletivo, sist\u00eamico, de a\u00e7\u00e3o p\u00f3s emergente.<br \/>\nN\u00e3o prejudica o gramado e demais plantas ornamentais.<\/p>\n<p>Indica\u00e7\u00e3o:<br \/>\nHerbicida KARPIR \u00e9 um produto eficaz no controle de plantas daninhas como a tiririca<br \/>\n(Cyperus rotundus), pic\u00e3o preto (Bidens pilosa) e pic\u00e3o branco (Galinsoga parviflora)<br \/>\nem gramados, sem prejudicar as demais plantas ornamentais do jardim.<br \/>\nIngrediente Ativo: Imazapir 5%<br \/>\nGrupo Qu\u00edmico: Imidazolinona<br \/>\nFormula\u00e7\u00e3o: Suspens\u00e3o Concentrada<\/p>\n<p>Modo de Usar:<br \/>\nAgite antes de usar. Diluir 1,5 mL para 1 litro de \u00e1gua. Pulverizar diretamente sobre as<br \/>\nplantas daninhas, utilizando um pulverizador manual ou regador para efetuar a aplica\u00e7\u00e3o.<br \/>\nCada litro da calda \u00e9 suficiente para aplica\u00e7\u00e3o em uma \u00e1rea de at\u00e9 30 m\u00b2.<br \/>\nContem 10 frascos de 1,5ml cada.<\/p>\n","protected":false},"excerpt":{"rendered":"<p>Herbicida seletivo, sist\u00eamico, de a\u00e7\u00e3o p\u00f3s emergente.N\u00e3o prejudica o gramado e demais plantas ornamentais.<\/p>\n<p><strong>Indica\u00e7\u00e3o<\/strong>:Herbicida KARPIR \u00e9 um produto eficaz no controle de plantas daninhas como a tiririca<br \/>\n(Cyperus rotundus), pic\u00e3o preto (Bidens pilosa) e pic\u00e3o branco (Galinsoga parviflora)<br \/>\nem gramados, sem prejudicar as demais plantas ornamentais do jardim.<\/p>\n","protected":false},"featured_media":2618,"template":"","meta":{"_joinchat":[]},"product_brand":[],"product_cat":[14,22],"product_tag":[],"class_list":{"0":"post-2616","1":"product","2":"type-product","3":"status-publish","4":"has-post-thumbnail","6":"product_cat-produtos-agropecuarios","7":"product_cat-defencivos-agriculos","8":"entry","9":"has-media","11":"first","12":"outofstock","13":"shipping-taxable","14":"purchasable","15":"product-type-simple","16":"col","17":"wpex-woo-entry","18":"span_1_of_4"},"yoast_head":"<!-- This site is optimized with the Yoast SEO plugin v27.3 - https:\/\/yoast.com\/product\/yoast-seo-wordpress\/ -->\n<title>Herbicida KARPIR - Minas Gramados - Herbicida tiriricas<\/title>\n<meta name=\"description\" content=\"Herbicida Karpir Controle de erva daninhas como a tiririca (Cyperus rotundus), pic\u00e3o preto (Bidens pilosa) e pic\u00e3o branco (Galinsoga parviflora) em gramados\" \/>\n<meta name=\"robots\" content=\"index, follow, max-snippet:-1, max-image-preview:large, max-video-preview:-1\" \/>\n<link rel=\"canonical\" href=\"https:\/\/minasgramados.com.br\/Loja\/produto\/herbicida-karpir-1-frasco-de-15ml\/\" \/>\n<meta name=\"twitter:card\" content=\"summary_large_image\" \/>\n<meta name=\"twitter:title\" content=\"Herbicida KARPIR - Minas Gramados - Herbicida tiriricas\" \/>\n<meta name=\"twitter:description\" content=\"Herbicida Karpir Controle de erva daninhas como a tiririca (Cyperus rotundus), pic\u00e3o preto (Bidens pilosa) e pic\u00e3o branco (Galinsoga parviflora) em gramados\" \/>\n<meta name=\"twitter:image\" content=\"https:\/\/minasgramados.com.br\/Loja\/wp-content\/uploads\/2018\/10\/Herbicida-KARPIR-1-frasco-de-15ml-.jpeg\" \/>\n<meta name=\"twitter:label1\" content=\"Est. tempo de leitura\" \/>\n\t<meta name=\"twitter:data1\" content=\"1 minuto\" \/>\n<script type=\"application\/ld+json\" class=\"yoast-schema-graph\">{\"@context\":\"https:\\\/\\\/schema.org\",\"@graph\":[{\"@type\":\"WebPage\",\"@id\":\"https:\\\/\\\/minasgramados.com.br\\\/Loja\\\/produto\\\/herbicida-karpir-1-frasco-de-15ml\\\/\",\"url\":\"https:\\\/\\\/minasgramados.com.br\\\/Loja\\\/produto\\\/herbicida-karpir-1-frasco-de-15ml\\\/\",\"name\":\"Herbicida KARPIR - Minas Gramados - Herbicida tiriricas\",\"isPartOf\":{\"@id\":\"https:\\\/\\\/minasgramados.com.br\\\/Loja\\\/#website\"},\"primaryImageOfPage\":{\"@id\":\"https:\\\/\\\/minasgramados.com.br\\\/Loja\\\/produto\\\/herbicida-karpir-1-frasco-de-15ml\\\/#primaryimage\"},\"image\":{\"@id\":\"https:\\\/\\\/minasgramados.com.br\\\/Loja\\\/produto\\\/herbicida-karpir-1-frasco-de-15ml\\\/#primaryimage\"},\"thumbnailUrl\":\"https:\\\/\\\/minasgramados.com.br\\\/Loja\\\/wp-content\\\/uploads\\\/2018\\\/10\\\/Herbicida-KARPIR-1-frasco-de-15ml-.jpeg\",\"datePublished\":\"2018-10-18T19:27:21+00:00\",\"dateModified\":\"2021-04-23T12:24:50+00:00\",\"description\":\"Herbicida Karpir Controle de erva daninhas como a tiririca (Cyperus rotundus), pic\u00e3o preto (Bidens pilosa) e pic\u00e3o branco (Galinsoga parviflora) em gramados\",\"breadcrumb\":{\"@id\":\"https:\\\/\\\/minasgramados.com.br\\\/Loja\\\/produto\\\/herbicida-karpir-1-frasco-de-15ml\\\/#breadcrumb\"},\"inLanguage\":\"pt-BR\",\"potentialAction\":[{\"@type\":\"ReadAction\",\"target\":[\"https:\\\/\\\/minasgramados.com.br\\\/Loja\\\/produto\\\/herbicida-karpir-1-frasco-de-15ml\\\/\"]}]},{\"@type\":\"ImageObject\",\"inLanguage\":\"pt-BR\",\"@id\":\"https:\\\/\\\/minasgramados.com.br\\\/Loja\\\/produto\\\/herbicida-karpir-1-frasco-de-15ml\\\/#primaryimage\",\"url\":\"https:\\\/\\\/minasgramados.com.br\\\/Loja\\\/wp-content\\\/uploads\\\/2018\\\/10\\\/Herbicida-KARPIR-1-frasco-de-15ml-.jpeg\",\"contentUrl\":\"https:\\\/\\\/minasgramados.com.br\\\/Loja\\\/wp-content\\\/uploads\\\/2018\\\/10\\\/Herbicida-KARPIR-1-frasco-de-15ml-.jpeg\",\"width\":788,\"height\":445},{\"@type\":\"BreadcrumbList\",\"@id\":\"https:\\\/\\\/minasgramados.com.br\\\/Loja\\\/produto\\\/herbicida-karpir-1-frasco-de-15ml\\\/#breadcrumb\",\"itemListElement\":[{\"@type\":\"ListItem\",\"position\":1,\"name\":\"In\u00edcio\",\"item\":\"https:\\\/\\\/minasgramados.com.br\\\/Loja\\\/\"},{\"@type\":\"ListItem\",\"position\":2,\"name\":\"Loja\",\"item\":\"https:\\\/\\\/minasgramados.com.br\\\/Loja\\\/loja-modelo-03\\\/\"},{\"@type\":\"ListItem\",\"position\":3,\"name\":\"Herbicida KARPIR ( 1 frasco de 1,5ml )\"}]},{\"@type\":\"WebSite\",\"@id\":\"https:\\\/\\\/minasgramados.com.br\\\/Loja\\\/#website\",\"url\":\"https:\\\/\\\/minasgramados.com.br\\\/Loja\\\/\",\"name\":\"Minas Gramados - Paisagismo e Hidrossemeadura.\",\"description\":\"Distribuidora de Gramas adubos sementes em Betim e no Brasil.\",\"publisher\":{\"@id\":\"https:\\\/\\\/minasgramados.com.br\\\/Loja\\\/#organization\"},\"potentialAction\":[{\"@type\":\"SearchAction\",\"target\":{\"@type\":\"EntryPoint\",\"urlTemplate\":\"https:\\\/\\\/minasgramados.com.br\\\/Loja\\\/?s={search_term_string}\"},\"query-input\":{\"@type\":\"PropertyValueSpecification\",\"valueRequired\":true,\"valueName\":\"search_term_string\"}}],\"inLanguage\":\"pt-BR\"},{\"@type\":\"Organization\",\"@id\":\"https:\\\/\\\/minasgramados.com.br\\\/Loja\\\/#organization\",\"name\":\"Minas Gramados - Paisagismo e Hidrossemeadura.\",\"url\":\"https:\\\/\\\/minasgramados.com.br\\\/Loja\\\/\",\"logo\":{\"@type\":\"ImageObject\",\"inLanguage\":\"pt-BR\",\"@id\":\"https:\\\/\\\/minasgramados.com.br\\\/Loja\\\/#\\\/schema\\\/logo\\\/image\\\/\",\"url\":\"https:\\\/\\\/minasgramados.com.br\\\/Loja\\\/wp-content\\\/uploads\\\/2018\\\/06\\\/gramados-original-1.gif\",\"contentUrl\":\"https:\\\/\\\/minasgramados.com.br\\\/Loja\\\/wp-content\\\/uploads\\\/2018\\\/06\\\/gramados-original-1.gif\",\"width\":600,\"height\":300,\"caption\":\"Minas Gramados - Paisagismo e Hidrossemeadura.\"},\"image\":{\"@id\":\"https:\\\/\\\/minasgramados.com.br\\\/Loja\\\/#\\\/schema\\\/logo\\\/image\\\/\"}}]}<\/script>\n<!-- \/ Yoast SEO plugin. -->","yoast_head_json":{"title":"Herbicida KARPIR - Minas Gramados - Herbicida tiriricas","description":"Herbicida Karpir Controle de erva daninhas como a tiririca (Cyperus rotundus), pic\u00e3o preto (Bidens pilosa) e pic\u00e3o branco (Galinsoga parviflora) em gramados","robots":{"index":"index","follow":"follow","max-snippet":"max-snippet:-1","max-image-preview":"max-image-preview:large","max-video-preview":"max-video-preview:-1"},"canonical":"https:\/\/minasgramados.com.br\/Loja\/produto\/herbicida-karpir-1-frasco-de-15ml\/","twitter_card":"summary_large_image","twitter_title":"Herbicida KARPIR - Minas Gramados - Herbicida tiriricas","twitter_description":"Herbicida Karpir Controle de erva daninhas como a tiririca (Cyperus rotundus), pic\u00e3o preto (Bidens pilosa) e pic\u00e3o branco (Galinsoga parviflora) em gramados","twitter_image":"https:\/\/minasgramados.com.br\/Loja\/wp-content\/uploads\/2018\/10\/Herbicida-KARPIR-1-frasco-de-15ml-.jpeg","twitter_misc":{"Est. tempo de leitura":"1 minuto"},"schema":{"@context":"https:\/\/schema.org","@graph":[{"@type":"WebPage","@id":"https:\/\/minasgramados.com.br\/Loja\/produto\/herbicida-karpir-1-frasco-de-15ml\/","url":"https:\/\/minasgramados.com.br\/Loja\/produto\/herbicida-karpir-1-frasco-de-15ml\/","name":"Herbicida KARPIR - Minas Gramados - Herbicida tiriricas","isPartOf":{"@id":"https:\/\/minasgramados.com.br\/Loja\/#website"},"primaryImageOfPage":{"@id":"https:\/\/minasgramados.com.br\/Loja\/produto\/herbicida-karpir-1-frasco-de-15ml\/#primaryimage"},"image":{"@id":"https:\/\/minasgramados.com.br\/Loja\/produto\/herbicida-karpir-1-frasco-de-15ml\/#primaryimage"},"thumbnailUrl":"https:\/\/minasgramados.com.br\/Loja\/wp-content\/uploads\/2018\/10\/Herbicida-KARPIR-1-frasco-de-15ml-.jpeg","datePublished":"2018-10-18T19:27:21+00:00","dateModified":"2021-04-23T12:24:50+00:00","description":"Herbicida Karpir Controle de erva daninhas como a tiririca (Cyperus rotundus), pic\u00e3o preto (Bidens pilosa) e pic\u00e3o branco (Galinsoga parviflora) em gramados","breadcrumb":{"@id":"https:\/\/minasgramados.com.br\/Loja\/produto\/herbicida-karpir-1-frasco-de-15ml\/#breadcrumb"},"inLanguage":"pt-BR","potentialAction":[{"@type":"ReadAction","target":["https:\/\/minasgramados.com.br\/Loja\/produto\/herbicida-karpir-1-frasco-de-15ml\/"]}]},{"@type":"ImageObject","inLanguage":"pt-BR","@id":"https:\/\/minasgramados.com.br\/Loja\/produto\/herbicida-karpir-1-frasco-de-15ml\/#primaryimage","url":"https:\/\/minasgramados.com.br\/Loja\/wp-content\/uploads\/2018\/10\/Herbicida-KARPIR-1-frasco-de-15ml-.jpeg","contentUrl":"https:\/\/minasgramados.com.br\/Loja\/wp-content\/uploads\/2018\/10\/Herbicida-KARPIR-1-frasco-de-15ml-.jpeg","width":788,"height":445},{"@type":"BreadcrumbList","@id":"https:\/\/minasgramados.com.br\/Loja\/produto\/herbicida-karpir-1-frasco-de-15ml\/#breadcrumb","itemListElement":[{"@type":"ListItem","position":1,"name":"In\u00edcio","item":"https:\/\/minasgramados.com.br\/Loja\/"},{"@type":"ListItem","position":2,"name":"Loja","item":"https:\/\/minasgramados.com.br\/Loja\/loja-modelo-03\/"},{"@type":"ListItem","position":3,"name":"Herbicida KARPIR ( 1 frasco de 1,5ml )"}]},{"@type":"WebSite","@id":"https:\/\/minasgramados.com.br\/Loja\/#website","url":"https:\/\/minasgramados.com.br\/Loja\/","name":"Minas Gramados - Paisagismo e Hidrossemeadura.","description":"Distribuidora de Gramas adubos sementes em Betim e no Brasil.","publisher":{"@id":"https:\/\/minasgramados.com.br\/Loja\/#organization"},"potentialAction":[{"@type":"SearchAction","target":{"@type":"EntryPoint","urlTemplate":"https:\/\/minasgramados.com.br\/Loja\/?s={search_term_string}"},"query-input":{"@type":"PropertyValueSpecification","valueRequired":true,"valueName":"search_term_string"}}],"inLanguage":"pt-BR"},{"@type":"Organization","@id":"https:\/\/minasgramados.com.br\/Loja\/#organization","name":"Minas Gramados - Paisagismo e Hidrossemeadura.","url":"https:\/\/minasgramados.com.br\/Loja\/","logo":{"@type":"ImageObject","inLanguage":"pt-BR","@id":"https:\/\/minasgramados.com.br\/Loja\/#\/schema\/logo\/image\/","url":"https:\/\/minasgramados.com.br\/Loja\/wp-content\/uploads\/2018\/06\/gramados-original-1.gif","contentUrl":"https:\/\/minasgramados.com.br\/Loja\/wp-content\/uploads\/2018\/06\/gramados-original-1.gif","width":600,"height":300,"caption":"Minas Gramados - Paisagismo e Hidrossemeadura."},"image":{"@id":"https:\/\/minasgramados.com.br\/Loja\/#\/schema\/logo\/image\/"}}]}},"_links":{"self":[{"href":"https:\/\/minasgramados.com.br\/Loja\/wp-json\/wp\/v2\/product\/2616","targetHints":{"allow":["GET"]}}],"collection":[{"href":"https:\/\/minasgramados.com.br\/Loja\/wp-json\/wp\/v2\/product"}],"about":[{"href":"https:\/\/minasgramados.com.br\/Loja\/wp-json\/wp\/v2\/types\/product"}],"wp:featuredmedia":[{"embeddable":true,"href":"https:\/\/minasgramados.com.br\/Loja\/wp-json\/wp\/v2\/media\/2618"}],"wp:attachment":[{"href":"https:\/\/minasgramados.com.br\/Loja\/wp-json\/wp\/v2\/media?parent=2616"}],"wp:term":[{"taxonomy":"product_brand","embeddable":true,"href":"https:\/\/minasgramados.com.br\/Loja\/wp-json\/wp\/v2\/product_brand?post=2616"},{"taxonomy":"product_cat","embeddable":true,"href":"https:\/\/minasgramados.com.br\/Loja\/wp-json\/wp\/v2\/product_cat?post=2616"},{"taxonomy":"product_tag","embeddable":true,"href":"https:\/\/minasgramados.com.br\/Loja\/wp-json\/wp\/v2\/product_tag?post=2616"}],"curies":[{"name":"wp","href":"https:\/\/api.w.org\/{rel}","templated":true}]}}